{"id":1469161,"date":"2025-11-12T09:53:34","date_gmt":"2025-11-12T09:53:34","guid":{"rendered":"https:\/\/talkpal.ai\/latihan-tatabahasa-ireland\/"},"modified":"2025-12-30T14:59:13","modified_gmt":"2025-12-30T14:59:13","slug":"latihan-tatabahasa-ireland","status":"publish","type":"page","link":"https:\/\/talkpal.ai\/ms\/latihan-tatabahasa-ireland\/","title":{"rendered":"Latihan Tatabahasa Ireland"},"content":{"rendered":"\r\n\r\n\r\n<section class=\"languageChallengeSection\">\r\n    <div class=\"languageInfoWrapper\">\r\n        \r\n        <h1>Latihan Tatabahasa Ireland<\/h1>\r\n        <p>Bersedia untuk menyelami <a href=\"https:\/\/talkpal.ai\/grammar\/\">tatabahasa<\/a> <a href=\"https:\/\/talkpal.ai\/locations\/language-courses-in-ireland\/\">Ireland<\/a>? Mempraktikkan beberapa asas akan membantu anda selesa dengan bahasa yang unik dan indah ini. Cuba latihan ini untuk membina keyakinan anda dan berseronok sepanjang perjalanan!<\/p>\r\n\r\n                            <a class=\"getStartedHidden\" href=\"https:\/\/app.talkpal.ai\/ms\/signup?lng=\">Mula<\/a>\r\n        \r\n    <\/div>\r\n\r\n    <figure>\r\n    <img decoding=\"async\" width=\"768\" height=\"768\" src=\"https:\/\/talkpal.ai\/wp-content\/uploads\/2023\/06\/welsh-768x768.png\" class=\"languageImage no-lazy\" alt=\"Language learning for better cognitive abilities\" fetchpriority=\"high\" sizes=\"(max-width: 768px) 150px, 768px\" srcset=\"https:\/\/talkpal.ai\/wp-content\/uploads\/2023\/06\/welsh-768x768.png 768w, https:\/\/talkpal.ai\/wp-content\/uploads\/2023\/06\/welsh-300x300.png 300w\" \/>\r\n    \r\n\r\n    <\/figure>\r\n\r\n            <a class=\"getStartedVisible\" href=\"https:\/\/app.talkpal.ai\/ms\/signup?lng=\">Mula<\/a>\r\n    \r\n<\/section><section class=\"promotionalBanner\">\r\n    <p class=\"promotionalText\">Cara paling berkesan untuk mempelajari bahasa<\/p>\r\n    <a class=\"promotionalLink\" href=\"https:\/\/app.talkpal.ai\/ms\/signup?lng=\">Cuba Talkpal secara percuma<\/a>\r\n<\/section>\n<div class=\"wp-block-group pageContainerStyle\"><div class=\"wp-block-group__inner-container is-layout-constrained wp-block-group-is-layout-constrained\">\n<h2 class=\"wp-block-heading\" id=\"h-irish-grammar-topics\">Topik Tatabahasa Ireland<\/h2>\n\n\n\n<p><a href=\"https:\/\/talkpal.ai\/ms\/kesilapan-terbesar-yang-perlu-dielakkan-semasa-mempelajari-bahasa-baharu\/\">Mempelajari bahasa baharu<\/a> boleh menjadi usaha yang mencabar tetapi bermanfaat. <a href=\"https:\/\/talkpal.ai\/ms\/belajar-bahasa-ireland\/\">Bahasa Ireland<\/a>, bahasa Celtic yang dituturkan terutamanya di Ireland, tidak terkecuali. Dengan ciri dan strukturnya yang unik, <a href=\"https:\/\/talkpal.ai\/ms\/talkpal-untuk-pendidikan\/\">mempelajari<\/a> <a href=\"https:\/\/talkpal.ai\/ms\/belajar-bahasa-ireland\/\">bahasa Ireland<\/a> memerlukan pendekatan sistematik untuk memahami tatabahasanya yang kompleks. Panduan ini menggariskan bidang utama <a href=\"https:\/\/talkpal.ai\/ms\/tatabahasa-ireland\/\">tatabahasa Ireland<\/a> dalam urutan logik untuk <a href=\"https:\/\/talkpal.ai\/ms\/ai-chatbot-untuk-pembelajaran-bahasa\/\">pembelajaran bahasa<\/a>, bermula daripada asas seperti kata nama dan artikel, dan maju ke bidang yang lebih kompleks seperti kala dan pembinaan ayat.<\/p>\n\n\n\n<h3 class=\"wp-block-heading\" id=\"h-1-nouns\">1. Kata nama:<\/h3>\n\n\n\n<p><a href=\"https:\/\/talkpal.ai\/ko\/ai-%ec%96%b8%ec%96%b4-%ea%b5%90%ec%82%ac\/\">Mulakan<\/a> perjalanan bahasa Ireland anda dengan mempelajari kata nama. Ini termasuk memahami jantina kata nama, kata nama biasa dan khas, bentuk jamaknya, dan bagaimana kes mempengaruhi bentuk dan mutasi.<\/p>\n\n\n\n<h3 class=\"wp-block-heading\" id=\"h-2-articles\">2. Artikel:<\/h3>\n\n\n\n<p>Rencana dalam bahasa Ireland digunakan secara berbeza daripada dalam <a href=\"https:\/\/talkpal.ai\/ai-english-speaking-practice\/\">bahasa Inggeris<\/a>. Bahasa Ireland mempunyai rencana yang pasti dan na tetapi tiada rencana tak tentu, <a href=\"https:\/\/talkpal.ai\/will-ai-kill-traditional-language-learning\/\">jadi<\/a> menguasai bentuk dan kesannya terhadap mutasi adalah penting.<\/p>\n\n\n\n<h3 class=\"wp-block-heading\" id=\"h-3-adjectives\">3. Kata sifat:<\/h3>\n\n\n\n<p>Kata adjektif dalam bahasa Ireland biasanya mengikut kata nama mereka, yang berbeza daripada <a href=\"https:\/\/talkpal.ai\/ms\/berbahasa-inggeris\/\">bahasa Inggeris<\/a>. Anda juga perlu belajar tentang mutasi awal seperti lenition dan eklipsis dan cara membentuk perbandingan dan superlatif dengan n\u00edos dan is.<\/p>\n\n\n\n<h3 class=\"wp-block-heading\" id=\"h-4-pronouns-determiners\">4. Kata ganti \/penentu:<\/h3>\n\n\n\n<p>Kata ganti nama dan penentu adalah penting dalam bahasa Ireland; Mereka menggantikan kata nama dan memberikan maklumat tentang kuantiti, pemilikan dan banyak lagi. Pelajari kata ganti nama peribadi, penentu posesif seperti mo do a \u00e1r bhur a yang mencetuskan mutasi, dan demonstratif seperti seo dan sin.<\/p>\n\n\n\n<h3 class=\"wp-block-heading\" id=\"h-5-verbs\">5. Kata kerja:<\/h3>\n\n\n\n<p>Kata kerja Ireland mempunyai bentuk yang berbeza bergantung pada ketegangan, mood dan orang. Mulakan dengan masa kini dan kata kerja b\u00ed kemudian secara beransur-ansur meneroka kala lampau dan masa depan bersama-sama dengan kata kerja tidak teratur utama dan kopula adalah.<\/p>\n\n\n\n<h3 class=\"wp-block-heading\" id=\"h-6-tenses\">6. Tegang:<\/h3>\n\n\n\n<p>Selepas menguasai bentuk kata kerja, selidiki lebih mendalam ke dalam kala Ireland. Ini termasuk memahami perbezaan antara kebiasaan sekarang, masa lalu, masa depan dan bersyarat, dan bagaimana ia digunakan dalam konteks yang berbeza dengan b\u00ed berbanding kopula.<\/p>\n\n\n\n<h3 class=\"wp-block-heading\" id=\"h-7-tense-comparison\">7. Perbandingan Tegang:<\/h3>\n\n\n\n<p>Membandingkan kala dalam bahasa Ireland membantu dalam memahami urutan peristiwa. Membandingkan kata kerja yang <a href=\"https:\/\/talkpal.ai\/locations\/language-courses-in-sama\/\">sama<\/a> dalam pelbagai kala akan memberikan pemahaman yang lebih baik tentang penggunaan dan aspek Ireland.<\/p>\n\n\n\n<h3 class=\"wp-block-heading\" id=\"h-8-progressive\">8. Progresif:<\/h3>\n\n\n\n<p>Progresif dalam bahasa Ireland digunakan untuk menyatakan tindakan yang berterusan. Ia dibentuk dengan kata kerja b\u00ed diikuti dengan ag dan kata nama lisan contohnya T\u00e1 m\u00e9 ag l\u00e9amh.<\/p>\n\n\n\n<h3 class=\"wp-block-heading\" id=\"h-9-perfect-progressive\">9. Progresif Sempurna:<\/h3>\n\n\n\n<p>Ini digunakan untuk menyatakan tindakan yang telah berterusan sehingga titik tertentu. Dalam bahasa Ireland, ia biasanya dinyatakan dengan b\u00ed plus tar \u00e9is bheith ag dan kata nama lisan atau dengan ungkapan masa untuk tempoh.<\/p>\n\n\n\n<h3 class=\"wp-block-heading\" id=\"h-10-conditionals\">10. Bersyarat:<\/h3>\n\n\n\n<p>Bersyarat menyatakan situasi hipotetikal dan hasil yang mungkin. Mereka adalah bahagian penting dalam tatabahasa Ireland dan menggunakan corak dengan m\u00e1 untuk keadaan sebenar dan d\u00e1 dengan bersyarat untuk yang hipotesis.<\/p>\n\n\n\n<h3 class=\"wp-block-heading\" id=\"h-11-adverbs\">11. Adverbs:<\/h3>\n\n\n\n<p>Kata keterangan dalam bahasa Ireland mengubah suai kata kerja, kata sifat atau kata keterangan lain. Ia termasuk bentuk yang dibuat dengan kata adjektif pergi sebelum serta banyak kata keterangan set cara, tempat, masa dan ijazah.<\/p>\n\n\n\n<h3 class=\"wp-block-heading\" id=\"h-12-prepositions\">12. Preposisi:<\/h3>\n\n\n\n<p>Preposisi menghubungkan perkataan dan frasa bersama-sama. Bahasa Ireland menggunakan kata ganti nama preposisi seperti agam agat aige untuk menyatakan hubungan pemilikan, masa, tempat dan banyak lagi.<\/p>\n\n\n\n<h3 class=\"wp-block-heading\" id=\"h-13-sentences\">13. Ayat:<\/h3>\n\n\n\n<p>Akhirnya, amalkan membina ayat. Ini akan melibatkan penggunaan susunan perkataan Ireland VSO, pencetus mutasi, dan kedua-dua b\u00ed dan kopula dalam konteks, sekali gus memastikan pemahaman yang komprehensif tentang bahasa Ireland.<\/p>\n<\/div><\/div>\n\r\n<section class=\"learnNavigationSection\">\r\n            \r\n        <a href=\"https:\/\/talkpal.ai\/ms\/belajar-bahasa-ireland\/\">\r\n            <div class=\"learnNavigationWrapper\">\r\n                <div class=\"learnNavigationContent\">\r\n                    <img decoding=\"async\" src=\"https:\/\/talkpal.ai\/wp-content\/uploads\/2025\/11\/Irish.png\" alt=\"Irish Flag\">\r\n                    <div>\r\n                        <h4>Mengenai Pembelajaran Ireland<\/h4>\r\n                        <p>Ketahui semua tentang Tatabahasa Ireland.<\/p>\r\n                    <\/div>\r\n                <\/div>\r\n            <\/div>\r\n        <\/a>\r\n\r\n        \r\n        <a href=\"https:\/\/talkpal.ai\/ms\/tatabahasa-ireland\/\">\r\n            <div class=\"learnNavigationWrapper\">\r\n                <div class=\"learnNavigationContent\">\r\n                    <img decoding=\"async\" src=\"https:\/\/talkpal.ai\/wp-content\/uploads\/2025\/11\/Irish.png\" alt=\"Irish Flag\">\r\n                    <div>\r\n                        <h4>Pelajaran Tatabahasa Ireland<\/h4>\r\n                        <p>Amalkan tatabahasa Ireland.<\/p>\r\n                    <\/div>\r\n                <\/div>\r\n            <\/div>\r\n        <\/a>\r\n\r\n            <\/section>","protected":false},"excerpt":{"rendered":"<p>Topik Tatabahasa Ireland Mempelajari bahasa baharu boleh menjadi usaha yang mencabar tetapi bermanfaat. Bahasa Ireland, bahasa Celtic yang dituturkan terutamanya di Ireland, tidak terkecuali. Dengan ciri dan strukturnya yang unik, mempelajari bahasa Ireland memerlukan pendekatan sistematik untuk memahami tatabahasanya yang kompleks. Panduan ini menggariskan bidang utama tatabahasa Ireland dalam urutan logik untuk pembelajaran bahasa, bermula [&hellip;]<\/p>\n","protected":false},"author":20,"featured_media":0,"parent":0,"menu_order":0,"comment_status":"closed","ping_status":"closed","template":"LearningContentPage.php","meta":{"_acf_changed":false,"footnotes":""},"class_list":["post-1469161","page","type-page","status-publish","hentry"],"acf":[],"yoast_head":"<!-- This site is optimized with the Yoast SEO Premium plugin v27.2 (Yoast SEO v27.2) - https:\/\/yoast.com\/product\/yoast-seo-premium-wordpress\/ -->\n<title>Latihan Tatabahasa Ireland - Talkpal<\/title>\n<meta name=\"description\" content=\"Kuasai tatabahasa Ireland dengan latihan interaktif yang direka untuk membantu anda membina keyakinan dan mempelajari bahasa dengan lebih pantas.\" \/>\n<meta name=\"robots\" content=\"index, follow, max-snippet:-1, max-image-preview:large, max-video-preview:-1\" \/>\n<link rel=\"canonical\" href=\"https:\/\/talkpal.ai\/ms\/latihan-tatabahasa-ireland\/\" \/>\n<meta property=\"og:locale\" content=\"ms_MY\" \/>\n<meta property=\"og:type\" content=\"article\" \/>\n<meta property=\"og:title\" content=\"Latihan Tatabahasa Ireland\" \/>\n<meta property=\"og:description\" content=\"Topik Tatabahasa Ireland Mempelajari bahasa baharu boleh menjadi usaha yang mencabar tetapi bermanfaat. Bahasa Ireland, bahasa Celtic yang dituturkan\" \/>\n<meta property=\"og:url\" content=\"https:\/\/talkpal.ai\/ms\/latihan-tatabahasa-ireland\/\" \/>\n<meta property=\"og:site_name\" content=\"Talkpal\" \/>\n<meta property=\"article:publisher\" content=\"https:\/\/www.facebook.com\/profile.php?id=100090733639311\" \/>\n<meta property=\"article:modified_time\" content=\"2025-12-30T14:59:13+00:00\" \/>\n<meta property=\"og:image\" content=\"https:\/\/talkpal.ai\/wp-content\/uploads\/2025\/02\/Progress-tab-16_9.png\" \/>\n\t<meta property=\"og:image:width\" content=\"2880\" \/>\n\t<meta property=\"og:image:height\" content=\"1620\" \/>\n\t<meta property=\"og:image:type\" content=\"image\/png\" \/>\n<meta name=\"twitter:card\" content=\"summary_large_image\" \/>\n<meta name=\"twitter:site\" content=\"@talkpalai\" \/>\n<meta name=\"twitter:label1\" content=\"Est. reading time\" \/>\n\t<meta name=\"twitter:data1\" content=\"3 minit\" \/>\n<script type=\"application\/ld+json\" class=\"yoast-schema-graph\">{\"@context\":\"https:\/\/schema.org\",\"@graph\":[{\"@type\":\"WebPage\",\"@id\":\"https:\/\/talkpal.ai\/ms\/latihan-tatabahasa-ireland\/\",\"url\":\"https:\/\/talkpal.ai\/ms\/latihan-tatabahasa-ireland\/\",\"name\":\"Latihan Tatabahasa Ireland - Talkpal\",\"isPartOf\":{\"@id\":\"https:\/\/talkpal.ai\/ms\/#website\"},\"datePublished\":\"2025-11-12T09:53:34+00:00\",\"dateModified\":\"2025-12-30T14:59:13+00:00\",\"description\":\"Kuasai tatabahasa Ireland dengan latihan interaktif yang direka untuk membantu anda membina keyakinan dan mempelajari bahasa dengan lebih pantas.\",\"breadcrumb\":{\"@id\":\"https:\/\/talkpal.ai\/ms\/latihan-tatabahasa-ireland\/#breadcrumb\"},\"inLanguage\":\"ms-MY\",\"potentialAction\":[{\"@type\":\"ReadAction\",\"target\":[\"https:\/\/talkpal.ai\/ms\/latihan-tatabahasa-ireland\/\"]}]},{\"@type\":\"BreadcrumbList\",\"@id\":\"https:\/\/talkpal.ai\/ms\/latihan-tatabahasa-ireland\/#breadcrumb\",\"itemListElement\":[{\"@type\":\"ListItem\",\"position\":1,\"name\":\"Homepage\",\"item\":\"https:\/\/talkpal.ai\/ms\/\"},{\"@type\":\"ListItem\",\"position\":2,\"name\":\"Latihan Tatabahasa Ireland\"}]},{\"@type\":\"WebSite\",\"@id\":\"https:\/\/talkpal.ai\/ms\/#website\",\"url\":\"https:\/\/talkpal.ai\/ms\/\",\"name\":\"Talkpal\",\"description\":\"AI Language Learning\",\"publisher\":{\"@id\":\"https:\/\/talkpal.ai\/ms\/#organization\"},\"alternateName\":\"Talkpal AI\",\"potentialAction\":[{\"@type\":\"SearchAction\",\"target\":{\"@type\":\"EntryPoint\",\"urlTemplate\":\"https:\/\/talkpal.ai\/ms\/?s={search_term_string}\"},\"query-input\":{\"@type\":\"PropertyValueSpecification\",\"valueRequired\":true,\"valueName\":\"search_term_string\"}}],\"inLanguage\":\"ms-MY\"},{\"@type\":\"Organization\",\"@id\":\"https:\/\/talkpal.ai\/ms\/#organization\",\"name\":\"Talkpal, Inc.\",\"alternateName\":\"Talkpal AI\",\"url\":\"https:\/\/talkpal.ai\/ms\/\",\"logo\":{\"@type\":\"ImageObject\",\"inLanguage\":\"ms-MY\",\"@id\":\"https:\/\/talkpal.ai\/ms\/#\/schema\/logo\/image\/\",\"url\":\"https:\/\/talkpal.ai\/wp-content\/uploads\/2024\/03\/Talkpal-Logo-Icon.png\",\"contentUrl\":\"https:\/\/talkpal.ai\/wp-content\/uploads\/2024\/03\/Talkpal-Logo-Icon.png\",\"width\":2880,\"height\":2880,\"caption\":\"Talkpal, Inc.\"},\"image\":{\"@id\":\"https:\/\/talkpal.ai\/ms\/#\/schema\/logo\/image\/\"},\"sameAs\":[\"https:\/\/www.facebook.com\/profile.php?id=100090733639311\",\"https:\/\/x.com\/talkpalai\",\"https:\/\/www.linkedin.com\/company\/talkpal\/\",\"https:\/\/www.youtube.com\/@TalkPal\/\",\"https:\/\/www.tiktok.com\/@talkpal\",\"https:\/\/www.instagram.com\/talkpal_ai\/\",\"https:\/\/www.crunchbase.com\/organization\/talkpal-9cde\",\"https:\/\/www.g2.com\/products\/talkpal-for-business\/\",\"https:\/\/www.trustpilot.com\/review\/talkpal.ai\",\"https:\/\/www.capterra.com\/p\/10006800\/TalkPal\/\"],\"description\":\"Talkpal is a language learning web and mobile education app, powered by the latest AI technologies, that provides engaging experiences to its customers in many different languages to help them improve their language skills. Users can chat about unlimited amount of topics with the app and use other modes to practice their language learning.\",\"email\":\"support@talkpal.ai\",\"legalName\":\"Talkpal, Inc.\",\"foundingDate\":\"2023-04-03\",\"duns\":\"118989042\",\"numberOfEmployees\":{\"@type\":\"QuantitativeValue\",\"minValue\":\"11\",\"maxValue\":\"50\"},\"publishingPrinciples\":\"https:\/\/talkpal.ai\/publishing-principles\/\",\"actionableFeedbackPolicy\":\"https:\/\/talkpal.ai\/actionable-feedback-policy\/\",\"correctionsPolicy\":\"https:\/\/talkpal.ai\/corrections-policy\/\",\"ethicsPolicy\":\"https:\/\/talkpal.ai\/ethics-policy\/\",\"diversityPolicy\":\"https:\/\/talkpal.ai\/diversity-policy\/\",\"diversityStaffingReport\":\"https:\/\/talkpal.ai\/diversity-policy\/\"}]}<\/script>\n<!-- \/ Yoast SEO Premium plugin. -->","yoast_head_json":{"title":"Latihan Tatabahasa Ireland - Talkpal","description":"Kuasai tatabahasa Ireland dengan latihan interaktif yang direka untuk membantu anda membina keyakinan dan mempelajari bahasa dengan lebih pantas.","robots":{"index":"index","follow":"follow","max-snippet":"max-snippet:-1","max-image-preview":"max-image-preview:large","max-video-preview":"max-video-preview:-1"},"canonical":"https:\/\/talkpal.ai\/ms\/latihan-tatabahasa-ireland\/","og_locale":"ms_MY","og_type":"article","og_title":"Latihan Tatabahasa Ireland","og_description":"Topik Tatabahasa Ireland Mempelajari bahasa baharu boleh menjadi usaha yang mencabar tetapi bermanfaat. Bahasa Ireland, bahasa Celtic yang dituturkan","og_url":"https:\/\/talkpal.ai\/ms\/latihan-tatabahasa-ireland\/","og_site_name":"Talkpal","article_publisher":"https:\/\/www.facebook.com\/profile.php?id=100090733639311","article_modified_time":"2025-12-30T14:59:13+00:00","og_image":[{"width":2880,"height":1620,"url":"https:\/\/talkpal.ai\/wp-content\/uploads\/2025\/02\/Progress-tab-16_9.png","type":"image\/png"}],"twitter_card":"summary_large_image","twitter_site":"@talkpalai","twitter_misc":{"Est. reading time":"3 minit"},"schema":{"@context":"https:\/\/schema.org","@graph":[{"@type":"WebPage","@id":"https:\/\/talkpal.ai\/ms\/latihan-tatabahasa-ireland\/","url":"https:\/\/talkpal.ai\/ms\/latihan-tatabahasa-ireland\/","name":"Latihan Tatabahasa Ireland - Talkpal","isPartOf":{"@id":"https:\/\/talkpal.ai\/ms\/#website"},"datePublished":"2025-11-12T09:53:34+00:00","dateModified":"2025-12-30T14:59:13+00:00","description":"Kuasai tatabahasa Ireland dengan latihan interaktif yang direka untuk membantu anda membina keyakinan dan mempelajari bahasa dengan lebih pantas.","breadcrumb":{"@id":"https:\/\/talkpal.ai\/ms\/latihan-tatabahasa-ireland\/#breadcrumb"},"inLanguage":"ms-MY","potentialAction":[{"@type":"ReadAction","target":["https:\/\/talkpal.ai\/ms\/latihan-tatabahasa-ireland\/"]}]},{"@type":"BreadcrumbList","@id":"https:\/\/talkpal.ai\/ms\/latihan-tatabahasa-ireland\/#breadcrumb","itemListElement":[{"@type":"ListItem","position":1,"name":"Homepage","item":"https:\/\/talkpal.ai\/ms\/"},{"@type":"ListItem","position":2,"name":"Latihan Tatabahasa Ireland"}]},{"@type":"WebSite","@id":"https:\/\/talkpal.ai\/ms\/#website","url":"https:\/\/talkpal.ai\/ms\/","name":"Talkpal","description":"AI Language Learning","publisher":{"@id":"https:\/\/talkpal.ai\/ms\/#organization"},"alternateName":"Talkpal AI","potentialAction":[{"@type":"SearchAction","target":{"@type":"EntryPoint","urlTemplate":"https:\/\/talkpal.ai\/ms\/?s={search_term_string}"},"query-input":{"@type":"PropertyValueSpecification","valueRequired":true,"valueName":"search_term_string"}}],"inLanguage":"ms-MY"},{"@type":"Organization","@id":"https:\/\/talkpal.ai\/ms\/#organization","name":"Talkpal, Inc.","alternateName":"Talkpal AI","url":"https:\/\/talkpal.ai\/ms\/","logo":{"@type":"ImageObject","inLanguage":"ms-MY","@id":"https:\/\/talkpal.ai\/ms\/#\/schema\/logo\/image\/","url":"https:\/\/talkpal.ai\/wp-content\/uploads\/2024\/03\/Talkpal-Logo-Icon.png","contentUrl":"https:\/\/talkpal.ai\/wp-content\/uploads\/2024\/03\/Talkpal-Logo-Icon.png","width":2880,"height":2880,"caption":"Talkpal, Inc."},"image":{"@id":"https:\/\/talkpal.ai\/ms\/#\/schema\/logo\/image\/"},"sameAs":["https:\/\/www.facebook.com\/profile.php?id=100090733639311","https:\/\/x.com\/talkpalai","https:\/\/www.linkedin.com\/company\/talkpal\/","https:\/\/www.youtube.com\/@TalkPal\/","https:\/\/www.tiktok.com\/@talkpal","https:\/\/www.instagram.com\/talkpal_ai\/","https:\/\/www.crunchbase.com\/organization\/talkpal-9cde","https:\/\/www.g2.com\/products\/talkpal-for-business\/","https:\/\/www.trustpilot.com\/review\/talkpal.ai","https:\/\/www.capterra.com\/p\/10006800\/TalkPal\/"],"description":"Talkpal is a language learning web and mobile education app, powered by the latest AI technologies, that provides engaging experiences to its customers in many different languages to help them improve their language skills. Users can chat about unlimited amount of topics with the app and use other modes to practice their language learning.","email":"support@talkpal.ai","legalName":"Talkpal, Inc.","foundingDate":"2023-04-03","duns":"118989042","numberOfEmployees":{"@type":"QuantitativeValue","minValue":"11","maxValue":"50"},"publishingPrinciples":"https:\/\/talkpal.ai\/publishing-principles\/","actionableFeedbackPolicy":"https:\/\/talkpal.ai\/actionable-feedback-policy\/","correctionsPolicy":"https:\/\/talkpal.ai\/corrections-policy\/","ethicsPolicy":"https:\/\/talkpal.ai\/ethics-policy\/","diversityPolicy":"https:\/\/talkpal.ai\/diversity-policy\/","diversityStaffingReport":"https:\/\/talkpal.ai\/diversity-policy\/"}]}},"_links":{"self":[{"href":"https:\/\/talkpal.ai\/ms\/wp-json\/wp\/v2\/pages\/1469161","targetHints":{"allow":["GET"]}}],"collection":[{"href":"https:\/\/talkpal.ai\/ms\/wp-json\/wp\/v2\/pages"}],"about":[{"href":"https:\/\/talkpal.ai\/ms\/wp-json\/wp\/v2\/types\/page"}],"author":[{"embeddable":true,"href":"https:\/\/talkpal.ai\/ms\/wp-json\/wp\/v2\/users\/20"}],"replies":[{"embeddable":true,"href":"https:\/\/talkpal.ai\/ms\/wp-json\/wp\/v2\/comments?post=1469161"}],"version-history":[{"count":0,"href":"https:\/\/talkpal.ai\/ms\/wp-json\/wp\/v2\/pages\/1469161\/revisions"}],"wp:attachment":[{"href":"https:\/\/talkpal.ai\/ms\/wp-json\/wp\/v2\/media?parent=1469161"}],"curies":[{"name":"wp","href":"https:\/\/api.w.org\/{rel}","templated":true}]}}