{"id":1468678,"date":"2025-11-11T12:32:58","date_gmt":"2025-11-11T12:32:58","guid":{"rendered":"https:\/\/talkpal.ai\/latihan-tatabahasa-albania\/"},"modified":"2025-12-30T15:39:17","modified_gmt":"2025-12-30T15:39:17","slug":"latihan-tatabahasa-albania","status":"publish","type":"page","link":"https:\/\/talkpal.ai\/ms\/latihan-tatabahasa-albania\/","title":{"rendered":"Latihan Tatabahasa Albania"},"content":{"rendered":"\r\n\r\n\r\n<section class=\"languageChallengeSection\">\r\n    <div class=\"languageInfoWrapper\">\r\n        \r\n        <h1>Latihan Tatabahasa Albania<\/h1>\r\n        <p>Bersedia untuk menyelami <a href=\"https:\/\/talkpal.ai\/albanian-grammar\/\">tatabahasa Albania<\/a>? Mempraktikkan beberapa asas akan membantu anda selesa dengan bahasa yang unik dan indah ini. Cuba latihan ini untuk membina keyakinan anda dan berseronok sepanjang perjalanan!<\/p>\r\n\r\n                            <a class=\"getStartedHidden\" href=\"https:\/\/app.talkpal.ai\/ms\/signup?lng=\">Mula<\/a>\r\n        \r\n    <\/div>\r\n\r\n    <figure>\r\n    <img decoding=\"async\" width=\"768\" height=\"768\" src=\"https:\/\/talkpal.ai\/wp-content\/uploads\/2023\/06\/welsh-768x768.png\" class=\"languageImage no-lazy\" alt=\"Language learning for better cognitive abilities\" fetchpriority=\"high\" sizes=\"(max-width: 768px) 150px, 768px\" srcset=\"https:\/\/talkpal.ai\/wp-content\/uploads\/2023\/06\/welsh-768x768.png 768w, https:\/\/talkpal.ai\/wp-content\/uploads\/2023\/06\/welsh-300x300.png 300w\" \/>\r\n    \r\n\r\n    <\/figure>\r\n\r\n            <a class=\"getStartedVisible\" href=\"https:\/\/app.talkpal.ai\/ms\/signup?lng=\">Mula<\/a>\r\n    \r\n<\/section><section class=\"promotionalBanner\">\r\n    <p class=\"promotionalText\">Cara paling berkesan untuk mempelajari bahasa<\/p>\r\n    <a class=\"promotionalLink\" href=\"https:\/\/app.talkpal.ai\/ms\/signup?lng=\">Cuba Talkpal secara percuma<\/a>\r\n<\/section>\n<div class=\"wp-block-group pageContainerStyle\"><div class=\"wp-block-group__inner-container is-layout-constrained wp-block-group-is-layout-constrained\">\n<h2 class=\"wp-block-heading\" id=\"h-albanian-grammar-topics\">Topik Tatabahasa Albania<\/h2>\n\n\n\n<p><a href=\"https:\/\/talkpal.ai\/ms\/kesilapan-terbesar-yang-perlu-dielakkan-semasa-mempelajari-bahasa-baharu\/\">Mempelajari bahasa baharu<\/a> boleh menjadi usaha yang mencabar tetapi bermanfaat. <a href=\"https:\/\/talkpal.ai\/learn-albanian\/\">Bahasa Albania<\/a>, bahasa Indo-Eropah yang dituturkan terutamanya di <a href=\"https:\/\/talkpal.ai\/locations\/language-courses-in-albania\/\">Albania<\/a>, tidak terkecuali. Dengan ciri dan strukturnya yang unik, <a href=\"https:\/\/talkpal.ai\/ms\/talkpal-untuk-pendidikan\/\">mempelajari<\/a> <a href=\"https:\/\/talkpal.ai\/learn-albanian\/\">bahasa Albania<\/a> memerlukan pendekatan sistematik untuk memahami tatabahasanya yang kaya. Panduan ini menggariskan bidang utama <a href=\"https:\/\/talkpal.ai\/ms\/tatabahasa-albania\/\">tatabahasa Albania<\/a> dalam urutan logik untuk <a href=\"https:\/\/talkpal.ai\/ms\/ai-chatbot-untuk-pembelajaran-bahasa\/\">pembelajaran bahasa<\/a>, bermula daripada asas seperti kata nama dan artikel, dan maju ke bidang yang lebih kompleks seperti kala dan pembinaan ayat.<\/p>\n\n\n\n<h3 class=\"wp-block-heading\" id=\"h-1-nouns\">1. Kata nama:<\/h3>\n\n\n\n<p><a href=\"https:\/\/talkpal.ai\/ko\/ai-%ec%96%b8%ec%96%b4-%ea%b5%90%ec%82%ac\/\">Mulakan<\/a> perjalanan bahasa Albania anda dengan mempelajari kata nama. Ini termasuk memahami jantina dan nombor, kata nama biasa dan khas, dan bentuk jamaknya. Kata nama Albania juga membelokkan kes dan mempunyai kedua-dua bentuk tak tentu dan pasti, dengan kepastian sering ditandakan dengan akhiran yang dilampirkan pada kata nama.<\/p>\n\n\n\n<h3 class=\"wp-block-heading\" id=\"h-2-articles\">2. Artikel:<\/h3>\n\n\n\n<p>Rencana dalam bahasa Albania berfungsi berbeza daripada <a href=\"https:\/\/talkpal.ai\/ai-english-speaking-practice\/\">bahasa Inggeris<\/a>. Rencana pasti biasanya merupakan akhiran yang ditambah pada kata nama, manakala <a href=\"https:\/\/talkpal.ai\/grammar\/artigo-indefinido-na-gramatica-indonesia\/\">artikel tak tentu<\/a> ialah perkataan berasingan nj\u00eb dalam bentuk tunggal. Bahasa Albania juga menggunakan rencana pautan sebelum kata sifat dan dalam pembinaan genitif tertentu, yang bersetuju dalam jantina dan nombor.<\/p>\n\n\n\n<h3 class=\"wp-block-heading\" id=\"h-3-adjectives\">3. Kata sifat:<\/h3>\n\n\n\n<p>Kata adjektif dalam bahasa Albania biasanya mengikut kata nama mereka. Persetujuan ditunjukkan melalui artikel pautan yang diletakkan sebelum kata sifat, mencerminkan jantina, nombor, dan kes kata nama. Ketahui cara membentuk perbandingan dan superlatif, biasanya dengan m\u00eb untuk perbandingan dan bentuk pasti untuk superlatif.<\/p>\n\n\n\n<h3 class=\"wp-block-heading\" id=\"h-4-pronouns-determiners\">4. Kata ganti \/penentu:<\/h3>\n\n\n\n<p>Kata ganti nama dan penentu adalah penting dalam bahasa Albania; Mereka menggantikan kata nama dan memberikan maklumat tentang orang, pemilikan, kuantiti dan banyak lagi. Beri perhatian khusus kepada kata ganti nama objek klitik, yang sering muncul sebelum kata kerja, dan kepada penentu posesif yang bersetuju dengan kata nama yang mereka ubah suai.<\/p>\n\n\n\n<h3 class=\"wp-block-heading\" id=\"h-5-verbs\">5. Kata kerja:<\/h3>\n\n\n\n<p>Kata kerja Albania menukar bentuk untuk orang dan nombor dan digunakan merentasi beberapa mood seperti indikatif, subjunktif, imperatif, bersyarat dan mengagumkan. Mulakan dengan bentuk masa kini dan masa lalu biasa, kemudian kembangkan kepada mood dan suara lain, termasuk formasi pasif.<\/p>\n\n\n\n<h3 class=\"wp-block-heading\" id=\"h-6-tenses\">6. Tegang:<\/h3>\n\n\n\n<p>Selepas menguasai bentuk kata kerja, selidiki lebih mendalam ke dalam kala Albania. Kala utama termasuk bentuk sekarang, tidak sempurna, aoris, sekarang sempurna, pluperfect, dan masa depan. Ketahui cara setiap kala digunakan dalam konteks untuk menyatakan tindakan yang telah selesai, tindakan masa lalu yang berterusan dan peristiwa masa hadapan.<\/p>\n\n\n\n<h3 class=\"wp-block-heading\" id=\"h-7-tense-comparison\">7. Perbandingan Tegang:<\/h3>\n\n\n\n<p>Membandingkan kala dalam bahasa Albania membantu dalam memahami urutan dan aspek peristiwa. Bezakan aorist dengan sempurna sekarang, dan tidak sempurna dengan aoris, untuk melihat bagaimana bahasa Albania membezakan tindakan tunggal yang telah selesai, tindakan masa lalu yang berterusan, dan perkaitan sekarang.<\/p>\n\n\n\n<h3 class=\"wp-block-heading\" id=\"h-8-progressive\">8. Progresif:<\/h3>\n\n\n\n<p>Aspek progresif dalam bahasa Albania biasanya dinyatakan dengan zarah po sebelum kata kerja terhingga atau dengan struktur jam duke diikuti dengan kata nama atau participle verbal. Gunakan ini untuk menyatakan tindakan berterusan pada masa kini atau masa lalu.<\/p>\n\n\n\n<h3 class=\"wp-block-heading\" id=\"h-9-perfect-progressive\">9. Progresif Sempurna:<\/h3>\n\n\n\n<p>Aspek ini digunakan untuk menyatakan tindakan yang telah berterusan sehingga titik tertentu. Dalam bahasa Albania, ia dibentuk dengan kam qen\u00eb duke diikuti oleh participle untuk progresif sempurna sekarang, dan kisha qen\u00eb duke untuk progresif sempurna masa lalu.<\/p>\n\n\n\n<h3 class=\"wp-block-heading\" id=\"h-10-conditionals\">10. Bersyarat:<\/h3>\n\n\n\n<p>Bersyarat menyatakan situasi hipotetikal dan hasil yang mungkin. Bahasa Albania menggunakan bentuk dengan do t\u00eb ditambah bentuk kata kerja yang sesuai untuk situasi yang berpotensi atau tidak nyata, dan klausa if yang diperkenalkan oleh n\u00ebse atau po t\u00eb. Menguasai ini akan menambah nuansa kepada kemahiran bahasa anda.<\/p>\n\n\n\n<h3 class=\"wp-block-heading\" id=\"h-11-adverbs\">11. Adverbs:<\/h3>\n\n\n\n<p>Kata keterangan dalam bahasa Albania mengubah suai kata kerja, kata sifat atau kata keterangan lain. Mereka memberikan maklumat tentang cara, tempat, masa, darjah dan banyak lagi, selalunya menggunakan bentuk yang <a href=\"https:\/\/talkpal.ai\/locations\/language-courses-in-sama\/\">sama<\/a> dengan kata sifat atau perkataan kata keterangan tetap seperti tani, dje, k\u00ebtu dan atje.<\/p>\n\n\n\n<h3 class=\"wp-block-heading\" id=\"h-12-prepositions\">12. Preposisi:<\/h3>\n\n\n\n<p>Preposisi menghubungkan perkataan dan frasa bersama-sama. Mereka menyatakan hubungan masa, tempat, arah dan banyak lagi, menggunakan item biasa seperti n\u00eb, te, tek, me, pa, p\u00ebr, nga, mbi, n\u00ebn, para dan pas. Ketahui cara ia digabungkan dengan kes dan artikel pautan dalam frasa nama.<\/p>\n\n\n\n<h3 class=\"wp-block-heading\" id=\"h-13-sentences\">13. Ayat:<\/h3>\n\n\n\n<p>Akhirnya, amalkan membina ayat. Bahasa Albania biasanya mempunyai susunan perkataan yang fleksibel dengan corak SVO yang biasa, menggunakan kata ganti nama klitik sebelum kata kerja, menafikan dengan nuk, dan membentuk soalan mengikut intonasi atau dengan a. Menggunakan semua perkara tatabahasa yang dipelajari sebelum ini dalam konteks akan memastikan pemahaman yang komprehensif tentang bahasa Albania.<\/p>\n<\/div><\/div>\n\r\n<section class=\"learnNavigationSection\">\r\n            \r\n        <a href=\"https:\/\/talkpal.ai\/ms\/belajar-bahasa-albania\/\">\r\n            <div class=\"learnNavigationWrapper\">\r\n                <div class=\"learnNavigationContent\">\r\n                    <img decoding=\"async\" src=\"https:\/\/talkpal.ai\/wp-content\/uploads\/2025\/11\/Albanian.png\" alt=\"Albanian Flag\">\r\n                    <div>\r\n                        <h4>Mengenai Pembelajaran Albania<\/h4>\r\n                        <p>Ketahui semua tentang Tatabahasa Albania.<\/p>\r\n                    <\/div>\r\n                <\/div>\r\n            <\/div>\r\n        <\/a>\r\n\r\n        \r\n        <a href=\"https:\/\/talkpal.ai\/ms\/tatabahasa-albania\/\">\r\n            <div class=\"learnNavigationWrapper\">\r\n                <div class=\"learnNavigationContent\">\r\n                    <img decoding=\"async\" src=\"https:\/\/talkpal.ai\/wp-content\/uploads\/2025\/11\/Albanian.png\" alt=\"Albanian Flag\">\r\n                    <div>\r\n                        <h4>Pelajaran Tatabahasa Albania<\/h4>\r\n                        <p>Amalkan tatabahasa Albania.<\/p>\r\n                    <\/div>\r\n                <\/div>\r\n            <\/div>\r\n        <\/a>\r\n\r\n            <\/section>","protected":false},"excerpt":{"rendered":"<p>Topik Tatabahasa Albania Mempelajari bahasa baharu boleh menjadi usaha yang mencabar tetapi bermanfaat. Bahasa Albania, bahasa Indo-Eropah yang dituturkan terutamanya di Albania, tidak terkecuali. Dengan ciri dan strukturnya yang unik, mempelajari bahasa Albania memerlukan pendekatan sistematik untuk memahami tatabahasanya yang kaya. Panduan ini menggariskan bidang utama tatabahasa Albania dalam urutan logik untuk pembelajaran bahasa, bermula [&hellip;]<\/p>\n","protected":false},"author":20,"featured_media":0,"parent":0,"menu_order":0,"comment_status":"closed","ping_status":"closed","template":"LearningContentPage.php","meta":{"_acf_changed":false,"footnotes":""},"class_list":["post-1468678","page","type-page","status-publish","hentry"],"acf":[],"yoast_head":"<!-- This site is optimized with the Yoast SEO Premium plugin v27.2 (Yoast SEO v27.2) - https:\/\/yoast.com\/product\/yoast-seo-premium-wordpress\/ -->\n<title>Latihan Tatabahasa Albania - Talkpal<\/title>\n<meta name=\"description\" content=\"Tingkatkan bahasa Albania anda dengan latihan tatabahasa interaktif Talkpal yang merangkumi kata nama, kata kerja, kata kerja tense dan struktur ayat.\" \/>\n<meta name=\"robots\" content=\"index, follow, max-snippet:-1, max-image-preview:large, max-video-preview:-1\" \/>\n<link rel=\"canonical\" href=\"https:\/\/talkpal.ai\/ms\/latihan-tatabahasa-albania\/\" \/>\n<meta property=\"og:locale\" content=\"ms_MY\" \/>\n<meta property=\"og:type\" content=\"article\" \/>\n<meta property=\"og:title\" content=\"Latihan Tatabahasa Albania\" \/>\n<meta property=\"og:description\" content=\"Topik Tatabahasa Albania Mempelajari bahasa baharu boleh menjadi usaha yang mencabar tetapi bermanfaat. Bahasa Albania, bahasa Indo-Eropah yang dituturkan\" \/>\n<meta property=\"og:url\" content=\"https:\/\/talkpal.ai\/ms\/latihan-tatabahasa-albania\/\" \/>\n<meta property=\"og:site_name\" content=\"Talkpal\" \/>\n<meta property=\"article:publisher\" content=\"https:\/\/www.facebook.com\/profile.php?id=100090733639311\" \/>\n<meta property=\"article:modified_time\" content=\"2025-12-30T15:39:17+00:00\" \/>\n<meta property=\"og:image\" content=\"https:\/\/talkpal.ai\/wp-content\/uploads\/2025\/02\/Progress-tab-16_9.png\" \/>\n\t<meta property=\"og:image:width\" content=\"2880\" \/>\n\t<meta property=\"og:image:height\" content=\"1620\" \/>\n\t<meta property=\"og:image:type\" content=\"image\/png\" \/>\n<meta name=\"twitter:card\" content=\"summary_large_image\" \/>\n<meta name=\"twitter:site\" content=\"@talkpalai\" \/>\n<meta name=\"twitter:label1\" content=\"Est. reading time\" \/>\n\t<meta name=\"twitter:data1\" content=\"3 minit\" \/>\n<script type=\"application\/ld+json\" class=\"yoast-schema-graph\">{\"@context\":\"https:\/\/schema.org\",\"@graph\":[{\"@type\":\"WebPage\",\"@id\":\"https:\/\/talkpal.ai\/ms\/latihan-tatabahasa-albania\/\",\"url\":\"https:\/\/talkpal.ai\/ms\/latihan-tatabahasa-albania\/\",\"name\":\"Latihan Tatabahasa Albania - Talkpal\",\"isPartOf\":{\"@id\":\"https:\/\/talkpal.ai\/ms\/#website\"},\"datePublished\":\"2025-11-11T12:32:58+00:00\",\"dateModified\":\"2025-12-30T15:39:17+00:00\",\"description\":\"Tingkatkan bahasa Albania anda dengan latihan tatabahasa interaktif Talkpal yang merangkumi kata nama, kata kerja, kata kerja tense dan struktur ayat.\",\"breadcrumb\":{\"@id\":\"https:\/\/talkpal.ai\/ms\/latihan-tatabahasa-albania\/#breadcrumb\"},\"inLanguage\":\"ms-MY\",\"potentialAction\":[{\"@type\":\"ReadAction\",\"target\":[\"https:\/\/talkpal.ai\/ms\/latihan-tatabahasa-albania\/\"]}]},{\"@type\":\"BreadcrumbList\",\"@id\":\"https:\/\/talkpal.ai\/ms\/latihan-tatabahasa-albania\/#breadcrumb\",\"itemListElement\":[{\"@type\":\"ListItem\",\"position\":1,\"name\":\"Homepage\",\"item\":\"https:\/\/talkpal.ai\/ms\/\"},{\"@type\":\"ListItem\",\"position\":2,\"name\":\"Latihan Tatabahasa Albania\"}]},{\"@type\":\"WebSite\",\"@id\":\"https:\/\/talkpal.ai\/ms\/#website\",\"url\":\"https:\/\/talkpal.ai\/ms\/\",\"name\":\"Talkpal\",\"description\":\"AI Language Learning\",\"publisher\":{\"@id\":\"https:\/\/talkpal.ai\/ms\/#organization\"},\"alternateName\":\"Talkpal AI\",\"potentialAction\":[{\"@type\":\"SearchAction\",\"target\":{\"@type\":\"EntryPoint\",\"urlTemplate\":\"https:\/\/talkpal.ai\/ms\/?s={search_term_string}\"},\"query-input\":{\"@type\":\"PropertyValueSpecification\",\"valueRequired\":true,\"valueName\":\"search_term_string\"}}],\"inLanguage\":\"ms-MY\"},{\"@type\":\"Organization\",\"@id\":\"https:\/\/talkpal.ai\/ms\/#organization\",\"name\":\"Talkpal, Inc.\",\"alternateName\":\"Talkpal AI\",\"url\":\"https:\/\/talkpal.ai\/ms\/\",\"logo\":{\"@type\":\"ImageObject\",\"inLanguage\":\"ms-MY\",\"@id\":\"https:\/\/talkpal.ai\/ms\/#\/schema\/logo\/image\/\",\"url\":\"https:\/\/talkpal.ai\/wp-content\/uploads\/2024\/03\/Talkpal-Logo-Icon.png\",\"contentUrl\":\"https:\/\/talkpal.ai\/wp-content\/uploads\/2024\/03\/Talkpal-Logo-Icon.png\",\"width\":2880,\"height\":2880,\"caption\":\"Talkpal, Inc.\"},\"image\":{\"@id\":\"https:\/\/talkpal.ai\/ms\/#\/schema\/logo\/image\/\"},\"sameAs\":[\"https:\/\/www.facebook.com\/profile.php?id=100090733639311\",\"https:\/\/x.com\/talkpalai\",\"https:\/\/www.linkedin.com\/company\/talkpal\/\",\"https:\/\/www.youtube.com\/@TalkPal\/\",\"https:\/\/www.tiktok.com\/@talkpal\",\"https:\/\/www.instagram.com\/talkpal_ai\/\",\"https:\/\/www.crunchbase.com\/organization\/talkpal-9cde\",\"https:\/\/www.g2.com\/products\/talkpal-for-business\/\",\"https:\/\/www.trustpilot.com\/review\/talkpal.ai\",\"https:\/\/www.capterra.com\/p\/10006800\/TalkPal\/\"],\"description\":\"Talkpal is a language learning web and mobile education app, powered by the latest AI technologies, that provides engaging experiences to its customers in many different languages to help them improve their language skills. Users can chat about unlimited amount of topics with the app and use other modes to practice their language learning.\",\"email\":\"support@talkpal.ai\",\"legalName\":\"Talkpal, Inc.\",\"foundingDate\":\"2023-04-03\",\"duns\":\"118989042\",\"numberOfEmployees\":{\"@type\":\"QuantitativeValue\",\"minValue\":\"11\",\"maxValue\":\"50\"},\"publishingPrinciples\":\"https:\/\/talkpal.ai\/publishing-principles\/\",\"actionableFeedbackPolicy\":\"https:\/\/talkpal.ai\/actionable-feedback-policy\/\",\"correctionsPolicy\":\"https:\/\/talkpal.ai\/corrections-policy\/\",\"ethicsPolicy\":\"https:\/\/talkpal.ai\/ethics-policy\/\",\"diversityPolicy\":\"https:\/\/talkpal.ai\/diversity-policy\/\",\"diversityStaffingReport\":\"https:\/\/talkpal.ai\/diversity-policy\/\"}]}<\/script>\n<!-- \/ Yoast SEO Premium plugin. -->","yoast_head_json":{"title":"Latihan Tatabahasa Albania - Talkpal","description":"Tingkatkan bahasa Albania anda dengan latihan tatabahasa interaktif Talkpal yang merangkumi kata nama, kata kerja, kata kerja tense dan struktur ayat.","robots":{"index":"index","follow":"follow","max-snippet":"max-snippet:-1","max-image-preview":"max-image-preview:large","max-video-preview":"max-video-preview:-1"},"canonical":"https:\/\/talkpal.ai\/ms\/latihan-tatabahasa-albania\/","og_locale":"ms_MY","og_type":"article","og_title":"Latihan Tatabahasa Albania","og_description":"Topik Tatabahasa Albania Mempelajari bahasa baharu boleh menjadi usaha yang mencabar tetapi bermanfaat. Bahasa Albania, bahasa Indo-Eropah yang dituturkan","og_url":"https:\/\/talkpal.ai\/ms\/latihan-tatabahasa-albania\/","og_site_name":"Talkpal","article_publisher":"https:\/\/www.facebook.com\/profile.php?id=100090733639311","article_modified_time":"2025-12-30T15:39:17+00:00","og_image":[{"width":2880,"height":1620,"url":"https:\/\/talkpal.ai\/wp-content\/uploads\/2025\/02\/Progress-tab-16_9.png","type":"image\/png"}],"twitter_card":"summary_large_image","twitter_site":"@talkpalai","twitter_misc":{"Est. reading time":"3 minit"},"schema":{"@context":"https:\/\/schema.org","@graph":[{"@type":"WebPage","@id":"https:\/\/talkpal.ai\/ms\/latihan-tatabahasa-albania\/","url":"https:\/\/talkpal.ai\/ms\/latihan-tatabahasa-albania\/","name":"Latihan Tatabahasa Albania - Talkpal","isPartOf":{"@id":"https:\/\/talkpal.ai\/ms\/#website"},"datePublished":"2025-11-11T12:32:58+00:00","dateModified":"2025-12-30T15:39:17+00:00","description":"Tingkatkan bahasa Albania anda dengan latihan tatabahasa interaktif Talkpal yang merangkumi kata nama, kata kerja, kata kerja tense dan struktur ayat.","breadcrumb":{"@id":"https:\/\/talkpal.ai\/ms\/latihan-tatabahasa-albania\/#breadcrumb"},"inLanguage":"ms-MY","potentialAction":[{"@type":"ReadAction","target":["https:\/\/talkpal.ai\/ms\/latihan-tatabahasa-albania\/"]}]},{"@type":"BreadcrumbList","@id":"https:\/\/talkpal.ai\/ms\/latihan-tatabahasa-albania\/#breadcrumb","itemListElement":[{"@type":"ListItem","position":1,"name":"Homepage","item":"https:\/\/talkpal.ai\/ms\/"},{"@type":"ListItem","position":2,"name":"Latihan Tatabahasa Albania"}]},{"@type":"WebSite","@id":"https:\/\/talkpal.ai\/ms\/#website","url":"https:\/\/talkpal.ai\/ms\/","name":"Talkpal","description":"AI Language Learning","publisher":{"@id":"https:\/\/talkpal.ai\/ms\/#organization"},"alternateName":"Talkpal AI","potentialAction":[{"@type":"SearchAction","target":{"@type":"EntryPoint","urlTemplate":"https:\/\/talkpal.ai\/ms\/?s={search_term_string}"},"query-input":{"@type":"PropertyValueSpecification","valueRequired":true,"valueName":"search_term_string"}}],"inLanguage":"ms-MY"},{"@type":"Organization","@id":"https:\/\/talkpal.ai\/ms\/#organization","name":"Talkpal, Inc.","alternateName":"Talkpal AI","url":"https:\/\/talkpal.ai\/ms\/","logo":{"@type":"ImageObject","inLanguage":"ms-MY","@id":"https:\/\/talkpal.ai\/ms\/#\/schema\/logo\/image\/","url":"https:\/\/talkpal.ai\/wp-content\/uploads\/2024\/03\/Talkpal-Logo-Icon.png","contentUrl":"https:\/\/talkpal.ai\/wp-content\/uploads\/2024\/03\/Talkpal-Logo-Icon.png","width":2880,"height":2880,"caption":"Talkpal, Inc."},"image":{"@id":"https:\/\/talkpal.ai\/ms\/#\/schema\/logo\/image\/"},"sameAs":["https:\/\/www.facebook.com\/profile.php?id=100090733639311","https:\/\/x.com\/talkpalai","https:\/\/www.linkedin.com\/company\/talkpal\/","https:\/\/www.youtube.com\/@TalkPal\/","https:\/\/www.tiktok.com\/@talkpal","https:\/\/www.instagram.com\/talkpal_ai\/","https:\/\/www.crunchbase.com\/organization\/talkpal-9cde","https:\/\/www.g2.com\/products\/talkpal-for-business\/","https:\/\/www.trustpilot.com\/review\/talkpal.ai","https:\/\/www.capterra.com\/p\/10006800\/TalkPal\/"],"description":"Talkpal is a language learning web and mobile education app, powered by the latest AI technologies, that provides engaging experiences to its customers in many different languages to help them improve their language skills. Users can chat about unlimited amount of topics with the app and use other modes to practice their language learning.","email":"support@talkpal.ai","legalName":"Talkpal, Inc.","foundingDate":"2023-04-03","duns":"118989042","numberOfEmployees":{"@type":"QuantitativeValue","minValue":"11","maxValue":"50"},"publishingPrinciples":"https:\/\/talkpal.ai\/publishing-principles\/","actionableFeedbackPolicy":"https:\/\/talkpal.ai\/actionable-feedback-policy\/","correctionsPolicy":"https:\/\/talkpal.ai\/corrections-policy\/","ethicsPolicy":"https:\/\/talkpal.ai\/ethics-policy\/","diversityPolicy":"https:\/\/talkpal.ai\/diversity-policy\/","diversityStaffingReport":"https:\/\/talkpal.ai\/diversity-policy\/"}]}},"_links":{"self":[{"href":"https:\/\/talkpal.ai\/ms\/wp-json\/wp\/v2\/pages\/1468678","targetHints":{"allow":["GET"]}}],"collection":[{"href":"https:\/\/talkpal.ai\/ms\/wp-json\/wp\/v2\/pages"}],"about":[{"href":"https:\/\/talkpal.ai\/ms\/wp-json\/wp\/v2\/types\/page"}],"author":[{"embeddable":true,"href":"https:\/\/talkpal.ai\/ms\/wp-json\/wp\/v2\/users\/20"}],"replies":[{"embeddable":true,"href":"https:\/\/talkpal.ai\/ms\/wp-json\/wp\/v2\/comments?post=1468678"}],"version-history":[{"count":0,"href":"https:\/\/talkpal.ai\/ms\/wp-json\/wp\/v2\/pages\/1468678\/revisions"}],"wp:attachment":[{"href":"https:\/\/talkpal.ai\/ms\/wp-json\/wp\/v2\/media?parent=1468678"}],"curies":[{"name":"wp","href":"https:\/\/api.w.org\/{rel}","templated":true}]}}