{"id":1468657,"date":"2025-11-11T12:01:19","date_gmt":"2025-11-11T12:01:19","guid":{"rendered":"https:\/\/talkpal.ai\/tatabahasa-albania\/"},"modified":"2025-12-30T15:34:29","modified_gmt":"2025-12-30T15:34:29","slug":"tatabahasa-albania","status":"publish","type":"page","link":"https:\/\/talkpal.ai\/ms\/tatabahasa-albania\/","title":{"rendered":"Tatabahasa Albania"},"content":{"rendered":"\r\n\r\n\r\n<section class=\"languageChallengeSection\">\r\n    <div class=\"languageInfoWrapper\">\r\n        \r\n        <h1>Tatabahasa Albania<\/h1>\r\n        <p><a href=\"https:\/\/talkpal.ai\/albanian-grammar\/\">Tatabahasa Albania<\/a> mungkin kelihatan mencabar pada mulanya, tetapi ciri uniknya menjadikan pembelajaran bahasa itu pengalaman yang bermanfaat. Dengan meneroka abjad, mutasi dan peraturan tatabahasanya, anda akan mendapat cerapan tentang tradisi linguistik yang kaya. Mulakan perjalanan anda dan temui keindahan <a href=\"https:\/\/talkpal.ai\/learn-albanian\/\">bahasa Albania<\/a>!<\/p>\r\n\r\n                            <a class=\"getStartedHidden\" href=\"https:\/\/app.talkpal.ai\/ms\/signup?lng=\">Mula<\/a>\r\n        \r\n    <\/div>\r\n\r\n    <figure>\r\n    <img decoding=\"async\" width=\"768\" height=\"768\" src=\"https:\/\/talkpal.ai\/wp-content\/uploads\/2023\/06\/welsh-768x768.png\" class=\"languageImage no-lazy\" alt=\"Language learning for better cognitive abilities\" fetchpriority=\"high\" sizes=\"(max-width: 768px) 150px, 768px\" srcset=\"https:\/\/talkpal.ai\/wp-content\/uploads\/2023\/06\/welsh-768x768.png 768w, https:\/\/talkpal.ai\/wp-content\/uploads\/2023\/06\/welsh-300x300.png 300w\" \/>\r\n    \r\n\r\n    <\/figure>\r\n\r\n            <a class=\"getStartedVisible\" href=\"https:\/\/app.talkpal.ai\/ms\/signup?lng=\">Mula<\/a>\r\n    \r\n<\/section><section class=\"promotionalBanner\">\r\n    <p class=\"promotionalText\">Cara paling berkesan untuk mempelajari bahasa<\/p>\r\n    <a class=\"promotionalLink\" href=\"https:\/\/app.talkpal.ai\/ms\/signup?lng=\">Cuba Talkpal secara percuma<\/a>\r\n<\/section>\n<div class=\"wp-block-group pageContainerStyle\"><div class=\"wp-block-group__inner-container is-layout-constrained wp-block-group-is-layout-constrained\">\n<h2 class=\"wp-block-heading\" id=\"h-navigating-the-intricacies-of-albanian-grammar\">Menavigasi Selok-belok Tatabahasa Albania<\/h2>\n\n\n\n<p><a href=\"https:\/\/talkpal.ai\/ms\/belajar-bahasa-albania\/\">Bahasa Albania<\/a>, bahasa Indo Eropah dengan cabang yang berbeza dan akar budaya yang mendalam, menawarkan perjalanan yang bermanfaat untuk <a href=\"https:\/\/talkpal.ai\/talkpal-discount-for-students\/\">pelajar<\/a> yang tertarik dengan <a href=\"https:\/\/talkpal.ai\/grammar\/\">tatabahasa<\/a> dan sistem bunyinya yang unik. Semasa anda meneroka bahasa <a href=\"https:\/\/talkpal.ai\/locations\/language-courses-in-albania\/\">Albania<\/a>, anda akan mengembangkan kit alat linguistik anda sambil berhubung dengan budaya Albania dan dunia berbahasa Albania yang lebih luas. Tatabahasa Albania boleh kelihatan rumit pada mulanya, tetapi memecahkannya kepada bahagian teras menjadikan kemajuan mudah. Di bawah ialah panduan tertumpu kepada perkara penting, dengan petua untuk membantu anda menguasainya.<\/p>\n\n\n\n<h3 class=\"wp-block-heading\" id=\"h-1-albanian-alphabet-and-phonetics\">1. Abjad dan fonetik Albania<\/h3>\n\n\n\n<p>Abjad Albania mempunyai 36 huruf, termasuk beberapa yang ditulis sebagai digraf tetapi dikira sebagai huruf tunggal, seperti dh, gj, ll, nj, rr, sh, th, xh, zh. Ia juga menggunakan \u00e7 dan \u00eb, dan vokal y mewakili bunyi bulat hadapan yang rapat. Perbezaan antara r dan rr adalah bermakna, dan q dan gj ialah hentian palatal yang berbeza daripada k dan g. Menjadi selesa dengan bunyi dan huruf ini melalui latihan membaca dengan kuat dan mendengar adalah langkah pertama yang penting.<\/p>\n\n\n\n<h3 class=\"wp-block-heading\" id=\"h-2-definite-articles-and-linkers-a-distinctive-albanian-feature\">2. Rencana dan Penghubung Pasti: Ciri Albania Tersendiri<\/h3>\n\n\n\n<p>Ciri khas bahasa Albania ialah akhiran rencana pasti, yang melekat pada kata nama dan berbeza mengikut jantina dan nombor. Satu lagi ciri yang ketara ialah zarah penghubung dalam frasa kata nama, biasanya i atau e dalam tidak tentu dan t\u00eb atau s\u00eb dalam konteks pasti dan kes, digunakan sebelum kata sifat dan beberapa pengubah suai. Memahami bila dan bagaimana kepastian dan penghubung muncul adalah penting untuk komunikasi yang tepat dalam bahasa Albania.<\/p>\n\n\n\n<h3 class=\"wp-block-heading\" id=\"h-3-nouns-and-pronouns-gender-and-cases\">3. Kata nama dan kata ganti: jantina dan kes<\/h3>\n\n\n\n<p>Kata nama Albania mempunyai jantina tatabahasa (maskulin atau feminin) dan mengikut corak pembentukan jamak yang berbeza. Bahasa menandakan hubungan kes dalam frasa nama, secara tradisinya <a href=\"https:\/\/talkpal.ai\/locations\/language-courses-in-lima\/\">lima<\/a> kes dalam bahasa standard. Kata ganti nama termasuk bentuk peribadi, posesif, refleksif, demonstratif dan interogatif, serta klitik objek yang melekat pada kata kerja. Membiasakan diri dengan kata ganti nama ini dan penempatannya akan meningkatkan pemahaman anda tentang tatabahasa Albania dengan ketara.<\/p>\n\n\n\n<h3 class=\"wp-block-heading\" id=\"h-4-verbs-structure-and-conjugation\">4. Kata kerja: struktur dan konjugasi<\/h3>\n\n\n\n<p>Kata kerja Albania mengikut struktur dan corak konjugasi yang berbeza bergantung pada ketegangan, mood dan orang. Kala penting termasuk masa kini, masa lalu yang mudah, tidak sempurna, dan majmuk sempurna, bersama-sama dengan masa depan yang terbentuk dengan do t\u00eb ditambah subjunktif. Albania juga menggunakan subjunktif secara meluas, dan termasuk mood bersyarat dan imperatif. Mempelajari peraturan konjugasi untuk kata kerja biasa akan meningkatkan keupayaan anda untuk berkomunikasi dengan berkesan dalam bahasa Albania.<\/p>\n\n\n\n<h3 class=\"wp-block-heading\" id=\"h-5-adjectives-agreement-and-placement\">5. Kata Adjektif: Perjanjian dan Penempatan<\/h3>\n\n\n\n<p>Dalam tatabahasa Albania, kata adjektif biasanya mengikut kata nama yang mereka ubah suai dan bersetuju melalui zarah penghubung yang menunjukkan jantina dan nombor. Sesetengah kata adjektif mempunyai corak perbandingan dan superlatif yang tidak teratur, dan perbandingan sering menggunakan m\u00eb ditambah kata sifat, manakala superlatif menambah artikel yang bersetuju. Menguasai perjanjian dan penempatan membantu anda terdengar semula jadi.<\/p>\n\n\n\n<p><strong>Contoh:<\/strong><\/p>\n\n\n\n<p><strong>\u2013 Dashuri e Madhe (Cinta Besar)<\/strong><\/p>\n\n\n\n<p><strong>\u2013 f\u00ebmij\u00eb t\u00eb vegj\u00ebl (kanak-kanak kecil)<\/strong><\/p>\n\n\n\n<h3 class=\"wp-block-heading\" id=\"h-6-engaging-with-the-language\">6. Terlibat dengan Bahasa<\/h3>\n\n\n\n<p>Cara paling berkesan untuk memahami sepenuhnya dan menghayati tatabahasa Albania ialah melibatkan diri secara konsisten dengan bahasa tersebut. Dengan membaca kesusasteraan Albania, menonton filem atau siri televisyen Albania, mengikuti berita dan podcast, dan berkomunikasi secara aktif dengan penutur asli, anda akan mengukuhkan pemahaman anda tentang tatabahasa sambil mengembangkan perbendaharaan kata anda.<\/p>\n\n\n\n<h3 class=\"wp-block-heading\" id=\"h-conclusion\">Kesimpulan<\/h3>\n\n\n\n<p>Walaupun tatabahasa Albania mungkin kelihatan rumit, anda boleh menjadi mahir dalam bahasa yang indah ini dengan dedikasi, latihan dan semangat. Dengan memberi tumpuan kepada peraturan asas dan melibatkan diri dengan bahasa merentasi konteks yang berbeza, anda akan meningkatkan <a href=\"https:\/\/talkpal.ai\/ms\/tatabahasa\/\">kemahiran tatabahasa<\/a> Albania anda dengan cepat. Berjaya dengan perjalanan bahasa Albania anda, dan nikmati merungkai dunia tatabahasa Albania yang ekspresif dan menawan.<\/p>\n<\/div><\/div>\n\r\n<section class=\"learnNavigationSection\">\r\n            \r\n        <a href=\"https:\/\/talkpal.ai\/ms\/belajar-bahasa-albania\/\">\r\n            <div class=\"learnNavigationWrapper\">\r\n                <div class=\"learnNavigationContent\">\r\n                    <img decoding=\"async\" src=\"https:\/\/talkpal.ai\/wp-content\/uploads\/2025\/11\/Albanian.png\" alt=\"Albanian Flag\">\r\n                    <div>\r\n                        <h4>Mengenai Pembelajaran Albania<\/h4>\r\n                        <p>Ketahui semua tentang Tatabahasa Albania.<\/p>\r\n                    <\/div>\r\n                <\/div>\r\n            <\/div>\r\n        <\/a>\r\n\r\n        \r\n        <a href=\"https:\/\/talkpal.ai\/ms\/latihan-tatabahasa-albania\/\">\r\n            <div class=\"learnNavigationWrapper\">\r\n                <div class=\"learnNavigationContent\">\r\n                    <img decoding=\"async\" src=\"https:\/\/talkpal.ai\/wp-content\/uploads\/2025\/11\/Albanian.png\" alt=\"Albanian Flag\">\r\n                    <div>\r\n                        <h4>Latihan Tatabahasa Albania<\/h4>\r\n                        <p>Amalkan tatabahasa Albania.<\/p>\r\n                    <\/div>\r\n                <\/div>\r\n            <\/div>\r\n        <\/a>\r\n\r\n            <\/section>","protected":false},"excerpt":{"rendered":"<p>Menavigasi Selok-belok Tatabahasa Albania Bahasa Albania, bahasa Indo Eropah dengan cabang yang berbeza dan akar budaya yang mendalam, menawarkan perjalanan yang bermanfaat untuk pelajar yang tertarik dengan tatabahasa dan sistem bunyinya yang unik. Semasa anda meneroka bahasa Albania, anda akan mengembangkan kit alat linguistik anda sambil berhubung dengan budaya Albania dan dunia berbahasa Albania yang [&hellip;]<\/p>\n","protected":false},"author":20,"featured_media":0,"parent":0,"menu_order":0,"comment_status":"closed","ping_status":"closed","template":"LearningContentPage.php","meta":{"_acf_changed":false,"footnotes":""},"class_list":["post-1468657","page","type-page","status-publish","hentry"],"acf":[],"yoast_head":"<!-- This site is optimized with the Yoast SEO Premium plugin v27.2 (Yoast SEO v27.2) - https:\/\/yoast.com\/product\/yoast-seo-premium-wordpress\/ -->\n<title>Tatabahasa Albania - Talkpal<\/title>\n<meta name=\"description\" content=\"Kuasai asas tatabahasa Albania, termasuk huruf besar dan kata kerja, dengan panduan pembelajaran bahasa AI interaktif Talkpal.\" \/>\n<meta name=\"robots\" content=\"index, follow, max-snippet:-1, max-image-preview:large, max-video-preview:-1\" \/>\n<link rel=\"canonical\" href=\"https:\/\/talkpal.ai\/ms\/tatabahasa-albania\/\" \/>\n<meta property=\"og:locale\" content=\"ms_MY\" \/>\n<meta property=\"og:type\" content=\"article\" \/>\n<meta property=\"og:title\" content=\"Tatabahasa Albania\" \/>\n<meta property=\"og:description\" content=\"Menavigasi Selok-belok Tatabahasa Albania Bahasa Albania, bahasa Indo Eropah dengan cabang yang berbeza dan akar budaya yang mendalam, menawarkan\" \/>\n<meta property=\"og:url\" content=\"https:\/\/talkpal.ai\/ms\/tatabahasa-albania\/\" \/>\n<meta property=\"og:site_name\" content=\"Talkpal\" \/>\n<meta property=\"article:publisher\" content=\"https:\/\/www.facebook.com\/profile.php?id=100090733639311\" \/>\n<meta property=\"article:modified_time\" content=\"2025-12-30T15:34:29+00:00\" \/>\n<meta property=\"og:image\" content=\"https:\/\/talkpal.ai\/wp-content\/uploads\/2025\/02\/Progress-tab-16_9.png\" \/>\n\t<meta property=\"og:image:width\" content=\"2880\" \/>\n\t<meta property=\"og:image:height\" content=\"1620\" \/>\n\t<meta property=\"og:image:type\" content=\"image\/png\" \/>\n<meta name=\"twitter:card\" content=\"summary_large_image\" \/>\n<meta name=\"twitter:site\" content=\"@talkpalai\" \/>\n<meta name=\"twitter:label1\" content=\"Est. reading time\" \/>\n\t<meta name=\"twitter:data1\" content=\"3 minit\" \/>\n<script type=\"application\/ld+json\" class=\"yoast-schema-graph\">{\"@context\":\"https:\/\/schema.org\",\"@graph\":[{\"@type\":\"WebPage\",\"@id\":\"https:\/\/talkpal.ai\/ms\/tatabahasa-albania\/\",\"url\":\"https:\/\/talkpal.ai\/ms\/tatabahasa-albania\/\",\"name\":\"Tatabahasa Albania - Talkpal\",\"isPartOf\":{\"@id\":\"https:\/\/talkpal.ai\/ms\/#website\"},\"datePublished\":\"2025-11-11T12:01:19+00:00\",\"dateModified\":\"2025-12-30T15:34:29+00:00\",\"description\":\"Kuasai asas tatabahasa Albania, termasuk huruf besar dan kata kerja, dengan panduan pembelajaran bahasa AI interaktif Talkpal.\",\"breadcrumb\":{\"@id\":\"https:\/\/talkpal.ai\/ms\/tatabahasa-albania\/#breadcrumb\"},\"inLanguage\":\"ms-MY\",\"potentialAction\":[{\"@type\":\"ReadAction\",\"target\":[\"https:\/\/talkpal.ai\/ms\/tatabahasa-albania\/\"]}]},{\"@type\":\"BreadcrumbList\",\"@id\":\"https:\/\/talkpal.ai\/ms\/tatabahasa-albania\/#breadcrumb\",\"itemListElement\":[{\"@type\":\"ListItem\",\"position\":1,\"name\":\"Homepage\",\"item\":\"https:\/\/talkpal.ai\/ms\/\"},{\"@type\":\"ListItem\",\"position\":2,\"name\":\"Tatabahasa Albania\"}]},{\"@type\":\"WebSite\",\"@id\":\"https:\/\/talkpal.ai\/ms\/#website\",\"url\":\"https:\/\/talkpal.ai\/ms\/\",\"name\":\"Talkpal\",\"description\":\"AI Language Learning\",\"publisher\":{\"@id\":\"https:\/\/talkpal.ai\/ms\/#organization\"},\"alternateName\":\"Talkpal AI\",\"potentialAction\":[{\"@type\":\"SearchAction\",\"target\":{\"@type\":\"EntryPoint\",\"urlTemplate\":\"https:\/\/talkpal.ai\/ms\/?s={search_term_string}\"},\"query-input\":{\"@type\":\"PropertyValueSpecification\",\"valueRequired\":true,\"valueName\":\"search_term_string\"}}],\"inLanguage\":\"ms-MY\"},{\"@type\":\"Organization\",\"@id\":\"https:\/\/talkpal.ai\/ms\/#organization\",\"name\":\"Talkpal, Inc.\",\"alternateName\":\"Talkpal AI\",\"url\":\"https:\/\/talkpal.ai\/ms\/\",\"logo\":{\"@type\":\"ImageObject\",\"inLanguage\":\"ms-MY\",\"@id\":\"https:\/\/talkpal.ai\/ms\/#\/schema\/logo\/image\/\",\"url\":\"https:\/\/talkpal.ai\/wp-content\/uploads\/2024\/03\/Talkpal-Logo-Icon.png\",\"contentUrl\":\"https:\/\/talkpal.ai\/wp-content\/uploads\/2024\/03\/Talkpal-Logo-Icon.png\",\"width\":2880,\"height\":2880,\"caption\":\"Talkpal, Inc.\"},\"image\":{\"@id\":\"https:\/\/talkpal.ai\/ms\/#\/schema\/logo\/image\/\"},\"sameAs\":[\"https:\/\/www.facebook.com\/profile.php?id=100090733639311\",\"https:\/\/x.com\/talkpalai\",\"https:\/\/www.linkedin.com\/company\/talkpal\/\",\"https:\/\/www.youtube.com\/@TalkPal\/\",\"https:\/\/www.tiktok.com\/@talkpal\",\"https:\/\/www.instagram.com\/talkpal_ai\/\",\"https:\/\/www.crunchbase.com\/organization\/talkpal-9cde\",\"https:\/\/www.g2.com\/products\/talkpal-for-business\/\",\"https:\/\/www.trustpilot.com\/review\/talkpal.ai\",\"https:\/\/www.capterra.com\/p\/10006800\/TalkPal\/\"],\"description\":\"Talkpal is a language learning web and mobile education app, powered by the latest AI technologies, that provides engaging experiences to its customers in many different languages to help them improve their language skills. Users can chat about unlimited amount of topics with the app and use other modes to practice their language learning.\",\"email\":\"support@talkpal.ai\",\"legalName\":\"Talkpal, Inc.\",\"foundingDate\":\"2023-04-03\",\"duns\":\"118989042\",\"numberOfEmployees\":{\"@type\":\"QuantitativeValue\",\"minValue\":\"11\",\"maxValue\":\"50\"},\"publishingPrinciples\":\"https:\/\/talkpal.ai\/publishing-principles\/\",\"actionableFeedbackPolicy\":\"https:\/\/talkpal.ai\/actionable-feedback-policy\/\",\"correctionsPolicy\":\"https:\/\/talkpal.ai\/corrections-policy\/\",\"ethicsPolicy\":\"https:\/\/talkpal.ai\/ethics-policy\/\",\"diversityPolicy\":\"https:\/\/talkpal.ai\/diversity-policy\/\",\"diversityStaffingReport\":\"https:\/\/talkpal.ai\/diversity-policy\/\"}]}<\/script>\n<!-- \/ Yoast SEO Premium plugin. -->","yoast_head_json":{"title":"Tatabahasa Albania - Talkpal","description":"Kuasai asas tatabahasa Albania, termasuk huruf besar dan kata kerja, dengan panduan pembelajaran bahasa AI interaktif Talkpal.","robots":{"index":"index","follow":"follow","max-snippet":"max-snippet:-1","max-image-preview":"max-image-preview:large","max-video-preview":"max-video-preview:-1"},"canonical":"https:\/\/talkpal.ai\/ms\/tatabahasa-albania\/","og_locale":"ms_MY","og_type":"article","og_title":"Tatabahasa Albania","og_description":"Menavigasi Selok-belok Tatabahasa Albania Bahasa Albania, bahasa Indo Eropah dengan cabang yang berbeza dan akar budaya yang mendalam, menawarkan","og_url":"https:\/\/talkpal.ai\/ms\/tatabahasa-albania\/","og_site_name":"Talkpal","article_publisher":"https:\/\/www.facebook.com\/profile.php?id=100090733639311","article_modified_time":"2025-12-30T15:34:29+00:00","og_image":[{"width":2880,"height":1620,"url":"https:\/\/talkpal.ai\/wp-content\/uploads\/2025\/02\/Progress-tab-16_9.png","type":"image\/png"}],"twitter_card":"summary_large_image","twitter_site":"@talkpalai","twitter_misc":{"Est. reading time":"3 minit"},"schema":{"@context":"https:\/\/schema.org","@graph":[{"@type":"WebPage","@id":"https:\/\/talkpal.ai\/ms\/tatabahasa-albania\/","url":"https:\/\/talkpal.ai\/ms\/tatabahasa-albania\/","name":"Tatabahasa Albania - Talkpal","isPartOf":{"@id":"https:\/\/talkpal.ai\/ms\/#website"},"datePublished":"2025-11-11T12:01:19+00:00","dateModified":"2025-12-30T15:34:29+00:00","description":"Kuasai asas tatabahasa Albania, termasuk huruf besar dan kata kerja, dengan panduan pembelajaran bahasa AI interaktif Talkpal.","breadcrumb":{"@id":"https:\/\/talkpal.ai\/ms\/tatabahasa-albania\/#breadcrumb"},"inLanguage":"ms-MY","potentialAction":[{"@type":"ReadAction","target":["https:\/\/talkpal.ai\/ms\/tatabahasa-albania\/"]}]},{"@type":"BreadcrumbList","@id":"https:\/\/talkpal.ai\/ms\/tatabahasa-albania\/#breadcrumb","itemListElement":[{"@type":"ListItem","position":1,"name":"Homepage","item":"https:\/\/talkpal.ai\/ms\/"},{"@type":"ListItem","position":2,"name":"Tatabahasa Albania"}]},{"@type":"WebSite","@id":"https:\/\/talkpal.ai\/ms\/#website","url":"https:\/\/talkpal.ai\/ms\/","name":"Talkpal","description":"AI Language Learning","publisher":{"@id":"https:\/\/talkpal.ai\/ms\/#organization"},"alternateName":"Talkpal AI","potentialAction":[{"@type":"SearchAction","target":{"@type":"EntryPoint","urlTemplate":"https:\/\/talkpal.ai\/ms\/?s={search_term_string}"},"query-input":{"@type":"PropertyValueSpecification","valueRequired":true,"valueName":"search_term_string"}}],"inLanguage":"ms-MY"},{"@type":"Organization","@id":"https:\/\/talkpal.ai\/ms\/#organization","name":"Talkpal, Inc.","alternateName":"Talkpal AI","url":"https:\/\/talkpal.ai\/ms\/","logo":{"@type":"ImageObject","inLanguage":"ms-MY","@id":"https:\/\/talkpal.ai\/ms\/#\/schema\/logo\/image\/","url":"https:\/\/talkpal.ai\/wp-content\/uploads\/2024\/03\/Talkpal-Logo-Icon.png","contentUrl":"https:\/\/talkpal.ai\/wp-content\/uploads\/2024\/03\/Talkpal-Logo-Icon.png","width":2880,"height":2880,"caption":"Talkpal, Inc."},"image":{"@id":"https:\/\/talkpal.ai\/ms\/#\/schema\/logo\/image\/"},"sameAs":["https:\/\/www.facebook.com\/profile.php?id=100090733639311","https:\/\/x.com\/talkpalai","https:\/\/www.linkedin.com\/company\/talkpal\/","https:\/\/www.youtube.com\/@TalkPal\/","https:\/\/www.tiktok.com\/@talkpal","https:\/\/www.instagram.com\/talkpal_ai\/","https:\/\/www.crunchbase.com\/organization\/talkpal-9cde","https:\/\/www.g2.com\/products\/talkpal-for-business\/","https:\/\/www.trustpilot.com\/review\/talkpal.ai","https:\/\/www.capterra.com\/p\/10006800\/TalkPal\/"],"description":"Talkpal is a language learning web and mobile education app, powered by the latest AI technologies, that provides engaging experiences to its customers in many different languages to help them improve their language skills. Users can chat about unlimited amount of topics with the app and use other modes to practice their language learning.","email":"support@talkpal.ai","legalName":"Talkpal, Inc.","foundingDate":"2023-04-03","duns":"118989042","numberOfEmployees":{"@type":"QuantitativeValue","minValue":"11","maxValue":"50"},"publishingPrinciples":"https:\/\/talkpal.ai\/publishing-principles\/","actionableFeedbackPolicy":"https:\/\/talkpal.ai\/actionable-feedback-policy\/","correctionsPolicy":"https:\/\/talkpal.ai\/corrections-policy\/","ethicsPolicy":"https:\/\/talkpal.ai\/ethics-policy\/","diversityPolicy":"https:\/\/talkpal.ai\/diversity-policy\/","diversityStaffingReport":"https:\/\/talkpal.ai\/diversity-policy\/"}]}},"_links":{"self":[{"href":"https:\/\/talkpal.ai\/ms\/wp-json\/wp\/v2\/pages\/1468657","targetHints":{"allow":["GET"]}}],"collection":[{"href":"https:\/\/talkpal.ai\/ms\/wp-json\/wp\/v2\/pages"}],"about":[{"href":"https:\/\/talkpal.ai\/ms\/wp-json\/wp\/v2\/types\/page"}],"author":[{"embeddable":true,"href":"https:\/\/talkpal.ai\/ms\/wp-json\/wp\/v2\/users\/20"}],"replies":[{"embeddable":true,"href":"https:\/\/talkpal.ai\/ms\/wp-json\/wp\/v2\/comments?post=1468657"}],"version-history":[{"count":0,"href":"https:\/\/talkpal.ai\/ms\/wp-json\/wp\/v2\/pages\/1468657\/revisions"}],"wp:attachment":[{"href":"https:\/\/talkpal.ai\/ms\/wp-json\/wp\/v2\/media?parent=1468657"}],"curies":[{"name":"wp","href":"https:\/\/api.w.org\/{rel}","templated":true}]}}