{"id":1468518,"date":"2025-11-12T16:44:57","date_gmt":"2025-11-12T16:44:57","guid":{"rendered":"https:\/\/talkpal.ai\/tatabahasa-sinhala\/"},"modified":"2025-12-30T11:17:32","modified_gmt":"2025-12-30T11:17:32","slug":"tatabahasa-sinhala","status":"publish","type":"page","link":"https:\/\/talkpal.ai\/ms\/tatabahasa-sinhala\/","title":{"rendered":"Tatabahasa Sinhala"},"content":{"rendered":"\r\n\r\n\r\n<section class=\"languageChallengeSection\">\r\n    <div class=\"languageInfoWrapper\">\r\n        \r\n        <h1>Tatabahasa Sinhala<\/h1>\r\n        <p><a href=\"https:\/\/talkpal.ai\/ms\/latihan-tatabahasa-sinhala\/\">Tatabahasa Sinhala<\/a> mungkin kelihatan mencabar pada mulanya, tetapi ciri uniknya menjadikan <a href=\"https:\/\/talkpal.ai\/id\/belajar\/\">pembelajaran bahasa<\/a> <a href=\"https:\/\/talkpal.ai\/locations\/language-courses-in-itu\/\">itu<\/a> pengalaman yang bermanfaat. Dengan meneroka abjad, mutasi dan peraturan tatabahasanya, anda akan mendapat cerapan tentang tradisi linguistik yang kaya. Mulakan perjalanan anda dan temui keindahan <a href=\"https:\/\/talkpal.ai\/learn-sinhala\/\">Sinhala<\/a>!<\/p>\r\n\r\n                            <a class=\"getStartedHidden\" href=\"https:\/\/app.talkpal.ai\/ms\/signup?lng=\">Mula<\/a>\r\n        \r\n    <\/div>\r\n\r\n    <figure>\r\n    <img decoding=\"async\" width=\"768\" height=\"768\" src=\"https:\/\/talkpal.ai\/wp-content\/uploads\/2023\/06\/welsh-768x768.png\" class=\"languageImage no-lazy\" alt=\"Language learning for better cognitive abilities\" fetchpriority=\"high\" sizes=\"(max-width: 768px) 150px, 768px\" srcset=\"https:\/\/talkpal.ai\/wp-content\/uploads\/2023\/06\/welsh-768x768.png 768w, https:\/\/talkpal.ai\/wp-content\/uploads\/2023\/06\/welsh-300x300.png 300w\" \/>\r\n    \r\n\r\n    <\/figure>\r\n\r\n            <a class=\"getStartedVisible\" href=\"https:\/\/app.talkpal.ai\/ms\/signup?lng=\">Mula<\/a>\r\n    \r\n<\/section><section class=\"promotionalBanner\">\r\n    <p class=\"promotionalText\">Cara paling berkesan untuk mempelajari bahasa<\/p>\r\n    <a class=\"promotionalLink\" href=\"https:\/\/app.talkpal.ai\/ms\/signup?lng=\">Cuba Talkpal secara percuma<\/a>\r\n<\/section>\n<div class=\"wp-block-group pageContainerStyle\"><div class=\"wp-block-group__inner-container is-layout-constrained wp-block-group-is-layout-constrained\">\n<h2 class=\"wp-block-heading\" id=\"h-navigating-the-intricacies-of-sinhala-grammar\">Menavigasi Selok-belok Tatabahasa Sinhala<\/h2>\n\n\n\n<p><a href=\"https:\/\/talkpal.ai\/ms\/belajar-sinhala\/\">Sinhala<\/a>, bahasa Indo-Aryan Sri Lanka yang kaya dengan sejarah dan kepentingan budaya, menawarkan pengalaman linguistik yang menarik bagi mereka yang tidak sabar-sabar untuk meneroka sistem tatabahasanya yang unik. Semasa anda menceburi alam Sinhala, anda bukan sahaja akan memperkayakan repertoir linguistik anda tetapi juga menerima perjalanan budaya yang menarik. Walaupun <a href=\"https:\/\/talkpal.ai\/ms\/latihan-tatabahasa-sinhala\/\">tatabahasa Sinhala<\/a> mungkin kelihatan rumit pada mulanya, memecahkannya kepada komponen teras menjadikan pembelajaran bahasa itu lebih mudah didekati. Dalam artikel ini, <a href=\"https:\/\/talkpal.ai\/locations\/language-courses-in-kami\/\">kami<\/a> akan meneroka dunia <a href=\"https:\/\/talkpal.ai\/grammar\/\">tatabahasa<\/a> Sinhala yang menawan dan memberikan petua tentang cara menguasai kerumitannya.<\/p>\n\n\n\n<h3 class=\"wp-block-heading\" id=\"h-1-sinhala-alphabet-and-phonetics\">1. Abjad Sinhala dan Fonetik<\/h3>\n\n\n\n<p>Sistem penulisan Sinhala ialah abugida dengan set konsonan dan vokalnya sendiri, ditulis dari kiri ke kanan. Konsonan membawa vokal wujud yang diubah suai oleh diakritik, dan skrip menampilkan unsur-unsur tersendiri seperti rakaransaya dan yansaya, serta konsonan prenasalisasi dan retrofleks yang unik untuk bahasa itu. Untuk mempelajari tatabahasa Sinhala, adalah penting untuk membiasakan diri dengan sistem penulisan tersendiri ini dengan berlatih membaca dan menulis dalam bahasa Sinhala.<\/p>\n\n\n\n<h3 class=\"wp-block-heading\" id=\"h-2-mutations-a-peculiar-sinhala-feature\">2. Mutasi: Ciri Sinhala yang Pelik<\/h3>\n\n\n\n<p>Sinhala tidak menggunakan mutasi konsonan awal. Sebaliknya, ciri yang ketara ialah sandhi fonologi dan asimilasi, termasuk penggabungan vokal dan geminasi konsonan merentasi sempadan morfem dan perkataan. Anda juga akan menemui huruf sambung dan penggantian sistematik dalam bahasa Sinhala yang dituturkan yang mempengaruhi sebutan dan irama. Memahami bila dan bagaimana perubahan bunyi ini berlaku adalah penting untuk komunikasi yang tepat dalam bahasa Sinhala.<\/p>\n\n\n\n<h3 class=\"wp-block-heading\" id=\"h-3-nouns-and-pronouns-gender-and-cases\">3. Kata nama dan kata ganti: jantina dan kes<\/h3>\n\n\n\n<p>Kata nama Sinhala tidak menandakan jantina tatabahasa seperti yang dilakukan oleh banyak bahasa Eropah, tetapi mereka membezakan animasi dan menggunakan strategi majmuk yang berbeza, seperti -l\u0101 untuk animasi dan -val untuk banyak yang tidak bersemangat. Hubungan kes dinyatakan dengan akhiran dan postposisi, contohnya -\u1e6da untuk datif, -ge untuk genitif, dan -in untuk fungsi instrumental atau ablatif. Kata ganti nama dalam bahasa Sinhala termasuk bentuk peribadi dengan tahap formaliti dan rasa hormat (cth., mama I, oy\u0101 atau ob\u0101 you), posesif (mage my, ob\u0113 your), refleksif (tamange one&#8217;s own), demonstratif (me this, e that), dan interrogatives (kavuda who, mokakda what). Membiasakan diri dengan kata ganti nama ini dan bentuknya akan meningkatkan pemahaman anda tentang tatabahasa Sinhala dengan ketara.<\/p>\n\n\n\n<h3 class=\"wp-block-heading\" id=\"h-4-verbs-structure-and-conjugation\">4. Kata kerja: struktur dan konjugasi<\/h3>\n\n\n\n<p>Sinhala terutamanya SOV, dan kata kerja berkonjugat untuk kala dan polariti dan bukannya orang atau nombor dalam bahasa sehari-hari. Kala teras termasuk masa kini-kebiasaan, masa lalu dan masa depan, di samping mood bersyarat dan imperatif. Masa kini biasanya dibentuk dengan -nava, banyak bentuk masa lalu berasaskan batang, dan negatif dibina secara analitikal. Mempelajari corak konjugasi kata kerja dan peranan participles dan auxiliaries akan meningkatkan keupayaan anda untuk berkomunikasi dengan berkesan dalam bahasa Sinhala.<\/p>\n\n\n\n<h3 class=\"wp-block-heading\" id=\"h-5-adjectives-agreement-and-placement\">5. Kata Adjektif: Perjanjian dan Penempatan<\/h3>\n\n\n\n<p>Dalam tatabahasa Sinhala, kata adjektif biasanya mendahului kata nama yang mereka ubah suai dan tidak bersetuju dalam nombor atau jantina dengan kata nama. Perbandingan sering dibentuk dengan vada lebih, dan superlatif dengan klitik -ma, yang penting untuk belajar berkomunikasi secara semula jadi.<\/p>\n\n\n\n<p><strong>Contoh:<\/strong><\/p>\n\n\n\n<p><strong>\u2013 Loku Ad\u0101re (Cinta Besar)<\/strong><\/p>\n\n\n\n<p><strong>\u2013 Podi Lamayi (Kanak-kanak Kecil)<\/strong><\/p>\n\n\n\n<h3 class=\"wp-block-heading\" id=\"h-6-engaging-with-the-language\">6. Terlibat dengan Bahasa<\/h3>\n\n\n\n<p>Cara paling berkesan untuk memahami sepenuhnya dan menghayati tatabahasa Sinhala ialah melibatkan diri secara konsisten dengan bahasa tersebut. Dengan membaca kesusasteraan Sinhala, menonton filem atau siri televisyen Sinhala, dan berkomunikasi secara aktif dengan penutur asli, anda akan mengukuhkan pemahaman anda tentang tatabahasa sambil mengembangkan perbendaharaan kata anda.<\/p>\n\n\n\n<h3 class=\"wp-block-heading\" id=\"h-conclusion\">Kesimpulan<\/h3>\n\n\n\n<p>Walaupun tatabahasa Sinhala mungkin kelihatan rumit, anda boleh menjadi mahir dalam bahasa yang indah ini dengan dedikasi, amalan dan semangat. Dengan memberi tumpuan kepada peraturan asas dan melibatkan diri dengan bahasa merentas konteks yang berbeza, anda akan meningkatkan <a href=\"https:\/\/talkpal.ai\/ms\/tatabahasa\/\">kemahiran tatabahasa<\/a> Sinhala anda dengan cepat. Subha pathum (semoga berjaya) dengan perjalanan bahasa Sinhala anda, dan nikmati merungkai dunia tatabahasa Sinhala yang penuh teka-teki namun menawan!<\/p>\n<\/div><\/div>\n\r\n<section class=\"learnNavigationSection\">\r\n            \r\n        <a href=\"https:\/\/talkpal.ai\/ms\/belajar-sinhala\/\">\r\n            <div class=\"learnNavigationWrapper\">\r\n                <div class=\"learnNavigationContent\">\r\n                    <img decoding=\"async\" src=\"https:\/\/talkpal.ai\/wp-content\/uploads\/2025\/11\/Sinhala.png\" alt=\"Sri Lankan Flag\">\r\n                    <div>\r\n                        <h4>Mengenai Pembelajaran Sinhala<\/h4>\r\n                        <p>Ketahui semua tentang Tatabahasa Sinhala.<\/p>\r\n                    <\/div>\r\n                <\/div>\r\n            <\/div>\r\n        <\/a>\r\n\r\n        \r\n        <a href=\"https:\/\/talkpal.ai\/ms\/latihan-tatabahasa-sinhala\/\">\r\n            <div class=\"learnNavigationWrapper\">\r\n                <div class=\"learnNavigationContent\">\r\n                    <img decoding=\"async\" src=\"https:\/\/talkpal.ai\/wp-content\/uploads\/2025\/11\/Sinhala.png\" alt=\"Sri Lankan Flag\">\r\n                    <div>\r\n                        <h4>Latihan Tatabahasa Sinhala<\/h4>\r\n                        <p>Amalkan tatabahasa Sinhala.<\/p>\r\n                    <\/div>\r\n                <\/div>\r\n            <\/div>\r\n        <\/a>\r\n\r\n            <\/section>","protected":false},"excerpt":{"rendered":"<p>Menavigasi Selok-belok Tatabahasa Sinhala Sinhala, bahasa Indo-Aryan Sri Lanka yang kaya dengan sejarah dan kepentingan budaya, menawarkan pengalaman linguistik yang menarik bagi mereka yang tidak sabar-sabar untuk meneroka sistem tatabahasanya yang unik. Semasa anda menceburi alam Sinhala, anda bukan sahaja akan memperkayakan repertoir linguistik anda tetapi juga menerima perjalanan budaya yang menarik. Walaupun tatabahasa Sinhala [&hellip;]<\/p>\n","protected":false},"author":20,"featured_media":0,"parent":0,"menu_order":0,"comment_status":"closed","ping_status":"closed","template":"LearningContentPage.php","meta":{"_acf_changed":false,"footnotes":""},"class_list":["post-1468518","page","type-page","status-publish","hentry"],"acf":[],"yoast_head":"<!-- This site is optimized with the Yoast SEO Premium plugin v27.2 (Yoast SEO v27.2) - https:\/\/yoast.com\/product\/yoast-seo-premium-wordpress\/ -->\n<title>Tatabahasa Sinhala - Talkpal<\/title>\n<meta name=\"description\" content=\"Kuasai peraturan tatabahasa Sinhala dan tingkatkan kefasihan anda dengan panduan bahasa yang komprehensif dan interaktif daripada Talkpal AI.\" \/>\n<meta name=\"robots\" content=\"index, follow, max-snippet:-1, max-image-preview:large, max-video-preview:-1\" \/>\n<link rel=\"canonical\" href=\"https:\/\/talkpal.ai\/ms\/tatabahasa-sinhala\/\" \/>\n<meta property=\"og:locale\" content=\"ms_MY\" \/>\n<meta property=\"og:type\" content=\"article\" \/>\n<meta property=\"og:title\" content=\"Tatabahasa Sinhala\" \/>\n<meta property=\"og:description\" content=\"Menavigasi Selok-belok Tatabahasa Sinhala Sinhala, bahasa Indo-Aryan Sri Lanka yang kaya dengan sejarah dan kepentingan budaya, menawarkan pengalaman\" \/>\n<meta property=\"og:url\" content=\"https:\/\/talkpal.ai\/ms\/tatabahasa-sinhala\/\" \/>\n<meta property=\"og:site_name\" content=\"Talkpal\" \/>\n<meta property=\"article:publisher\" content=\"https:\/\/www.facebook.com\/profile.php?id=100090733639311\" \/>\n<meta property=\"article:modified_time\" content=\"2025-12-30T11:17:32+00:00\" \/>\n<meta property=\"og:image\" content=\"https:\/\/talkpal.ai\/wp-content\/uploads\/2025\/02\/Progress-tab-16_9.png\" \/>\n\t<meta property=\"og:image:width\" content=\"2880\" \/>\n\t<meta property=\"og:image:height\" content=\"1620\" \/>\n\t<meta property=\"og:image:type\" content=\"image\/png\" \/>\n<meta name=\"twitter:card\" content=\"summary_large_image\" \/>\n<meta name=\"twitter:site\" content=\"@talkpalai\" \/>\n<meta name=\"twitter:label1\" content=\"Est. reading time\" \/>\n\t<meta name=\"twitter:data1\" content=\"3 minit\" \/>\n<script type=\"application\/ld+json\" class=\"yoast-schema-graph\">{\"@context\":\"https:\/\/schema.org\",\"@graph\":[{\"@type\":\"WebPage\",\"@id\":\"https:\/\/talkpal.ai\/ms\/tatabahasa-sinhala\/\",\"url\":\"https:\/\/talkpal.ai\/ms\/tatabahasa-sinhala\/\",\"name\":\"Tatabahasa Sinhala - Talkpal\",\"isPartOf\":{\"@id\":\"https:\/\/talkpal.ai\/ms\/#website\"},\"datePublished\":\"2025-11-12T16:44:57+00:00\",\"dateModified\":\"2025-12-30T11:17:32+00:00\",\"description\":\"Kuasai peraturan tatabahasa Sinhala dan tingkatkan kefasihan anda dengan panduan bahasa yang komprehensif dan interaktif daripada Talkpal AI.\",\"breadcrumb\":{\"@id\":\"https:\/\/talkpal.ai\/ms\/tatabahasa-sinhala\/#breadcrumb\"},\"inLanguage\":\"ms-MY\",\"potentialAction\":[{\"@type\":\"ReadAction\",\"target\":[\"https:\/\/talkpal.ai\/ms\/tatabahasa-sinhala\/\"]}]},{\"@type\":\"BreadcrumbList\",\"@id\":\"https:\/\/talkpal.ai\/ms\/tatabahasa-sinhala\/#breadcrumb\",\"itemListElement\":[{\"@type\":\"ListItem\",\"position\":1,\"name\":\"Homepage\",\"item\":\"https:\/\/talkpal.ai\/ms\/\"},{\"@type\":\"ListItem\",\"position\":2,\"name\":\"Tatabahasa Sinhala\"}]},{\"@type\":\"WebSite\",\"@id\":\"https:\/\/talkpal.ai\/ms\/#website\",\"url\":\"https:\/\/talkpal.ai\/ms\/\",\"name\":\"Talkpal\",\"description\":\"AI Language Learning\",\"publisher\":{\"@id\":\"https:\/\/talkpal.ai\/ms\/#organization\"},\"alternateName\":\"Talkpal AI\",\"potentialAction\":[{\"@type\":\"SearchAction\",\"target\":{\"@type\":\"EntryPoint\",\"urlTemplate\":\"https:\/\/talkpal.ai\/ms\/?s={search_term_string}\"},\"query-input\":{\"@type\":\"PropertyValueSpecification\",\"valueRequired\":true,\"valueName\":\"search_term_string\"}}],\"inLanguage\":\"ms-MY\"},{\"@type\":\"Organization\",\"@id\":\"https:\/\/talkpal.ai\/ms\/#organization\",\"name\":\"Talkpal, Inc.\",\"alternateName\":\"Talkpal AI\",\"url\":\"https:\/\/talkpal.ai\/ms\/\",\"logo\":{\"@type\":\"ImageObject\",\"inLanguage\":\"ms-MY\",\"@id\":\"https:\/\/talkpal.ai\/ms\/#\/schema\/logo\/image\/\",\"url\":\"https:\/\/talkpal.ai\/wp-content\/uploads\/2024\/03\/Talkpal-Logo-Icon.png\",\"contentUrl\":\"https:\/\/talkpal.ai\/wp-content\/uploads\/2024\/03\/Talkpal-Logo-Icon.png\",\"width\":2880,\"height\":2880,\"caption\":\"Talkpal, Inc.\"},\"image\":{\"@id\":\"https:\/\/talkpal.ai\/ms\/#\/schema\/logo\/image\/\"},\"sameAs\":[\"https:\/\/www.facebook.com\/profile.php?id=100090733639311\",\"https:\/\/x.com\/talkpalai\",\"https:\/\/www.linkedin.com\/company\/talkpal\/\",\"https:\/\/www.youtube.com\/@TalkPal\/\",\"https:\/\/www.tiktok.com\/@talkpal\",\"https:\/\/www.instagram.com\/talkpal_ai\/\",\"https:\/\/www.crunchbase.com\/organization\/talkpal-9cde\",\"https:\/\/www.g2.com\/products\/talkpal-for-business\/\",\"https:\/\/www.trustpilot.com\/review\/talkpal.ai\",\"https:\/\/www.capterra.com\/p\/10006800\/TalkPal\/\"],\"description\":\"Talkpal is a language learning web and mobile education app, powered by the latest AI technologies, that provides engaging experiences to its customers in many different languages to help them improve their language skills. Users can chat about unlimited amount of topics with the app and use other modes to practice their language learning.\",\"email\":\"support@talkpal.ai\",\"legalName\":\"Talkpal, Inc.\",\"foundingDate\":\"2023-04-03\",\"duns\":\"118989042\",\"numberOfEmployees\":{\"@type\":\"QuantitativeValue\",\"minValue\":\"11\",\"maxValue\":\"50\"},\"publishingPrinciples\":\"https:\/\/talkpal.ai\/publishing-principles\/\",\"actionableFeedbackPolicy\":\"https:\/\/talkpal.ai\/actionable-feedback-policy\/\",\"correctionsPolicy\":\"https:\/\/talkpal.ai\/corrections-policy\/\",\"ethicsPolicy\":\"https:\/\/talkpal.ai\/ethics-policy\/\",\"diversityPolicy\":\"https:\/\/talkpal.ai\/diversity-policy\/\",\"diversityStaffingReport\":\"https:\/\/talkpal.ai\/diversity-policy\/\"}]}<\/script>\n<!-- \/ Yoast SEO Premium plugin. -->","yoast_head_json":{"title":"Tatabahasa Sinhala - Talkpal","description":"Kuasai peraturan tatabahasa Sinhala dan tingkatkan kefasihan anda dengan panduan bahasa yang komprehensif dan interaktif daripada Talkpal AI.","robots":{"index":"index","follow":"follow","max-snippet":"max-snippet:-1","max-image-preview":"max-image-preview:large","max-video-preview":"max-video-preview:-1"},"canonical":"https:\/\/talkpal.ai\/ms\/tatabahasa-sinhala\/","og_locale":"ms_MY","og_type":"article","og_title":"Tatabahasa Sinhala","og_description":"Menavigasi Selok-belok Tatabahasa Sinhala Sinhala, bahasa Indo-Aryan Sri Lanka yang kaya dengan sejarah dan kepentingan budaya, menawarkan pengalaman","og_url":"https:\/\/talkpal.ai\/ms\/tatabahasa-sinhala\/","og_site_name":"Talkpal","article_publisher":"https:\/\/www.facebook.com\/profile.php?id=100090733639311","article_modified_time":"2025-12-30T11:17:32+00:00","og_image":[{"width":2880,"height":1620,"url":"https:\/\/talkpal.ai\/wp-content\/uploads\/2025\/02\/Progress-tab-16_9.png","type":"image\/png"}],"twitter_card":"summary_large_image","twitter_site":"@talkpalai","twitter_misc":{"Est. reading time":"3 minit"},"schema":{"@context":"https:\/\/schema.org","@graph":[{"@type":"WebPage","@id":"https:\/\/talkpal.ai\/ms\/tatabahasa-sinhala\/","url":"https:\/\/talkpal.ai\/ms\/tatabahasa-sinhala\/","name":"Tatabahasa Sinhala - Talkpal","isPartOf":{"@id":"https:\/\/talkpal.ai\/ms\/#website"},"datePublished":"2025-11-12T16:44:57+00:00","dateModified":"2025-12-30T11:17:32+00:00","description":"Kuasai peraturan tatabahasa Sinhala dan tingkatkan kefasihan anda dengan panduan bahasa yang komprehensif dan interaktif daripada Talkpal AI.","breadcrumb":{"@id":"https:\/\/talkpal.ai\/ms\/tatabahasa-sinhala\/#breadcrumb"},"inLanguage":"ms-MY","potentialAction":[{"@type":"ReadAction","target":["https:\/\/talkpal.ai\/ms\/tatabahasa-sinhala\/"]}]},{"@type":"BreadcrumbList","@id":"https:\/\/talkpal.ai\/ms\/tatabahasa-sinhala\/#breadcrumb","itemListElement":[{"@type":"ListItem","position":1,"name":"Homepage","item":"https:\/\/talkpal.ai\/ms\/"},{"@type":"ListItem","position":2,"name":"Tatabahasa Sinhala"}]},{"@type":"WebSite","@id":"https:\/\/talkpal.ai\/ms\/#website","url":"https:\/\/talkpal.ai\/ms\/","name":"Talkpal","description":"AI Language Learning","publisher":{"@id":"https:\/\/talkpal.ai\/ms\/#organization"},"alternateName":"Talkpal AI","potentialAction":[{"@type":"SearchAction","target":{"@type":"EntryPoint","urlTemplate":"https:\/\/talkpal.ai\/ms\/?s={search_term_string}"},"query-input":{"@type":"PropertyValueSpecification","valueRequired":true,"valueName":"search_term_string"}}],"inLanguage":"ms-MY"},{"@type":"Organization","@id":"https:\/\/talkpal.ai\/ms\/#organization","name":"Talkpal, Inc.","alternateName":"Talkpal AI","url":"https:\/\/talkpal.ai\/ms\/","logo":{"@type":"ImageObject","inLanguage":"ms-MY","@id":"https:\/\/talkpal.ai\/ms\/#\/schema\/logo\/image\/","url":"https:\/\/talkpal.ai\/wp-content\/uploads\/2024\/03\/Talkpal-Logo-Icon.png","contentUrl":"https:\/\/talkpal.ai\/wp-content\/uploads\/2024\/03\/Talkpal-Logo-Icon.png","width":2880,"height":2880,"caption":"Talkpal, Inc."},"image":{"@id":"https:\/\/talkpal.ai\/ms\/#\/schema\/logo\/image\/"},"sameAs":["https:\/\/www.facebook.com\/profile.php?id=100090733639311","https:\/\/x.com\/talkpalai","https:\/\/www.linkedin.com\/company\/talkpal\/","https:\/\/www.youtube.com\/@TalkPal\/","https:\/\/www.tiktok.com\/@talkpal","https:\/\/www.instagram.com\/talkpal_ai\/","https:\/\/www.crunchbase.com\/organization\/talkpal-9cde","https:\/\/www.g2.com\/products\/talkpal-for-business\/","https:\/\/www.trustpilot.com\/review\/talkpal.ai","https:\/\/www.capterra.com\/p\/10006800\/TalkPal\/"],"description":"Talkpal is a language learning web and mobile education app, powered by the latest AI technologies, that provides engaging experiences to its customers in many different languages to help them improve their language skills. Users can chat about unlimited amount of topics with the app and use other modes to practice their language learning.","email":"support@talkpal.ai","legalName":"Talkpal, Inc.","foundingDate":"2023-04-03","duns":"118989042","numberOfEmployees":{"@type":"QuantitativeValue","minValue":"11","maxValue":"50"},"publishingPrinciples":"https:\/\/talkpal.ai\/publishing-principles\/","actionableFeedbackPolicy":"https:\/\/talkpal.ai\/actionable-feedback-policy\/","correctionsPolicy":"https:\/\/talkpal.ai\/corrections-policy\/","ethicsPolicy":"https:\/\/talkpal.ai\/ethics-policy\/","diversityPolicy":"https:\/\/talkpal.ai\/diversity-policy\/","diversityStaffingReport":"https:\/\/talkpal.ai\/diversity-policy\/"}]}},"_links":{"self":[{"href":"https:\/\/talkpal.ai\/ms\/wp-json\/wp\/v2\/pages\/1468518","targetHints":{"allow":["GET"]}}],"collection":[{"href":"https:\/\/talkpal.ai\/ms\/wp-json\/wp\/v2\/pages"}],"about":[{"href":"https:\/\/talkpal.ai\/ms\/wp-json\/wp\/v2\/types\/page"}],"author":[{"embeddable":true,"href":"https:\/\/talkpal.ai\/ms\/wp-json\/wp\/v2\/users\/20"}],"replies":[{"embeddable":true,"href":"https:\/\/talkpal.ai\/ms\/wp-json\/wp\/v2\/comments?post=1468518"}],"version-history":[{"count":0,"href":"https:\/\/talkpal.ai\/ms\/wp-json\/wp\/v2\/pages\/1468518\/revisions"}],"wp:attachment":[{"href":"https:\/\/talkpal.ai\/ms\/wp-json\/wp\/v2\/media?parent=1468518"}],"curies":[{"name":"wp","href":"https:\/\/api.w.org\/{rel}","templated":true}]}}