{"id":1468142,"date":"2025-11-12T15:39:07","date_gmt":"2025-11-12T15:39:07","guid":{"rendered":"https:\/\/talkpal.ai\/tatabahasa-malta\/"},"modified":"2025-12-30T13:54:32","modified_gmt":"2025-12-30T13:54:32","slug":"tatabahasa-malta","status":"publish","type":"page","link":"https:\/\/talkpal.ai\/ms\/tatabahasa-malta\/","title":{"rendered":"Tatabahasa Malta"},"content":{"rendered":"\r\n\r\n\r\n<section class=\"languageChallengeSection\">\r\n    <div class=\"languageInfoWrapper\">\r\n        \r\n        <h1>Tatabahasa Malta<\/h1>\r\n        <p><a href=\"https:\/\/talkpal.ai\/maltese-grammar\/\">Tatabahasa Malta<\/a> mungkin kelihatan mencabar pada mulanya, tetapi ciri uniknya menjadikan <a href=\"https:\/\/talkpal.ai\/id\/belajar\/\">pembelajaran bahasa<\/a> itu pengalaman yang bermanfaat. Dengan meneroka abjad, mutasi dan peraturan tatabahasanya, anda akan mendapat cerapan tentang tradisi linguistik yang kaya. Mulakan perjalanan anda dan temui keindahan Maltese!<\/p>\r\n\r\n                            <a class=\"getStartedHidden\" href=\"https:\/\/app.talkpal.ai\/ms\/signup?lng=\">Mula<\/a>\r\n        \r\n    <\/div>\r\n\r\n    <figure>\r\n    <img decoding=\"async\" width=\"768\" height=\"768\" src=\"https:\/\/talkpal.ai\/wp-content\/uploads\/2023\/06\/welsh-768x768.png\" class=\"languageImage no-lazy\" alt=\"Language learning for better cognitive abilities\" fetchpriority=\"high\" sizes=\"(max-width: 768px) 150px, 768px\" srcset=\"https:\/\/talkpal.ai\/wp-content\/uploads\/2023\/06\/welsh-768x768.png 768w, https:\/\/talkpal.ai\/wp-content\/uploads\/2023\/06\/welsh-300x300.png 300w\" \/>\r\n    \r\n\r\n    <\/figure>\r\n\r\n            <a class=\"getStartedVisible\" href=\"https:\/\/app.talkpal.ai\/ms\/signup?lng=\">Mula<\/a>\r\n    \r\n<\/section><section class=\"promotionalBanner\">\r\n    <p class=\"promotionalText\">Cara paling berkesan untuk mempelajari bahasa<\/p>\r\n    <a class=\"promotionalLink\" href=\"https:\/\/app.talkpal.ai\/ms\/signup?lng=\">Cuba Talkpal secara percuma<\/a>\r\n<\/section>\n<div class=\"wp-block-group pageContainerStyle\"><div class=\"wp-block-group__inner-container is-layout-constrained wp-block-group-is-layout-constrained\">\n<h2 class=\"wp-block-heading\" id=\"h-navigating-the-intricacies-of-maltese-grammar\">Menavigasi Selok-belok Tatabahasa Malta<\/h2>\n\n\n\n<p><a href=\"https:\/\/talkpal.ai\/ms\/belajar-bahasa-malta\/\">Bahasa Malta<\/a>, bahasa Semitik dengan akar Mediterranean yang mendalam dan kepentingan budaya yang bertenaga, menawarkan pengalaman linguistik yang menarik bagi mereka yang tidak sabar-sabar untuk meneroka sistem tatabahasanya yang unik. Semasa anda menceburi alam <a href=\"https:\/\/talkpal.ai\/learn-maltese\/\">Malta<\/a>, anda bukan sahaja akan memperkayakan repertoir linguistik anda tetapi juga menerima perjalanan budaya yang menarik. Walaupun <a href=\"https:\/\/talkpal.ai\/maltese-grammar\/\">tatabahasa Malta<\/a> mungkin kelihatan rumit pada mulanya, memecahkannya kepada komponen teras menjadikan pembelajaran bahasa lebih mudah didekati. Dalam artikel ini, <a href=\"https:\/\/talkpal.ai\/locations\/language-courses-in-kami\/\">kami<\/a> akan meneroka dunia <a href=\"https:\/\/talkpal.ai\/grammar\/\">tatabahasa<\/a> Malta yang menawan dan memberikan petua tentang cara menguasai kerumitannya.<\/p>\n\n\n\n<h3 class=\"wp-block-heading\" id=\"h-1-maltese-alphabet-and-phonetics\">1. Abjad dan Fonetik Malta<\/h3>\n\n\n\n<p>Abjad Malta terdiri daripada 30 huruf, beberapa daripadanya unik untuk bahasa, seperti &#8220;g\u0127,&#8221; &#8220;\u0127,&#8221; &#8220;q,&#8221; &#8220;\u010b,&#8221; &#8220;\u0121,&#8221; &#8220;\u017c,&#8221; dan &#8220;x.&#8221; Untuk mempelajari tatabahasa Malta, adalah penting untuk membiasakan diri dengan sistem penulisan tersendiri ini dengan berlatih membaca dan menulis dalam <a href=\"https:\/\/talkpal.ai\/ms\/belajar-bahasa-malta\/\">bahasa Malta<\/a>.<\/p>\n\n\n\n<h3 class=\"wp-block-heading\" id=\"h-2-assimilation-a-peculiar-maltese-feature\">2. Asimilasi: Ciri Malta yang Pelik<\/h3>\n\n\n\n<p>Satu aspek tersendiri tatabahasa Malta ialah asimilasi artikel pasti dan perubahan bunyi yang berkaitan. Rencana &#8220;il-&#8221; atau &#8220;l-&#8221; sering berasimilasi dengan konsonan awal kata nama tertentu, menghasilkan bunyi berganda, seperti dalam il + ra\u0121el = ir-ra\u0121el dan il + sieg\u0127a = is-sieg\u0127a. Kata depan dan artikel juga membentuk kontraksi, seperti ta&#8217; + il = tal. Memahami bila dan bagaimana asimilasi dan pengecutan ini berlaku adalah penting untuk komunikasi yang tepat dalam bahasa Malta.<\/p>\n\n\n\n<h3 class=\"wp-block-heading\" id=\"h-3-nouns-and-pronouns-gender-and-cases\">3. Kata nama dan kata ganti: jantina dan kes<\/h3>\n\n\n\n<p>Kata nama Malta mempunyai jantina tatabahasa (maskulin atau feminin) dan menggunakan pelbagai strategi pembentukan majmuk, termasuk akhiran seperti -i dan -ijiet serta jamak pecah yang dibentuk oleh perubahan vokal dalaman. Kata ganti nama dalam bahasa Malta termasuk peribadi (jien, inti, hu, hi, a\u0127na, intom, huma), bentuk posesif yang sering dibina dengan ta&#8217; atau akhiran pronominal, bentuk refleksif dan tegas, demonstratif (dan, din, dawn, dak, dik, dawk), dan interogatif (min, x&#8217;, fejn, meta). Membiasakan diri dengan kata ganti nama ini dan bentuknya akan meningkatkan pemahaman anda tentang tatabahasa Malta dengan ketara.<\/p>\n\n\n\n<h3 class=\"wp-block-heading\" id=\"h-4-verbs-structure-and-conjugation\">4. Kata kerja: struktur dan konjugasi<\/h3>\n\n\n\n<p>Kata kerja Malta dibina berdasarkan akar dan corak dan konjugat untuk orang, nombor, dan kadangkala jantina. Batang teras menandakan masa lalu dan bukan masa lalu, dengan masa depan sering ditunjukkan oleh zarah se. Unsur-unsur tambahan termasuk bersyarat dengan kieku dan bentuk imperatif. Kata ganti nama objek boleh melekat pada kata kerja, seperti dalam rajtek (Saya melihat anda). Mempelajari corak konjugasi kata kerja, zarah, dan penafian dengan ma&#8230; x akan meningkatkan keupayaan anda untuk berkomunikasi dengan berkesan dalam bahasa Malta.<\/p>\n\n\n\n<h3 class=\"wp-block-heading\" id=\"h-5-adjectives-agreement-and-placement\">5. Kata Adjektif: Perjanjian dan Penempatan<\/h3>\n\n\n\n<p>Dalam tatabahasa Malta, kata adjektif biasanya mengikut kata nama yang mereka ubah suai dan bersetuju dalam jantina dan nombor dengan kata nama. Banyak kata adjektif membentuk varian feminin dan jamak, dan perbandingan dan superlatif biasanya dinyatakan dengan aktar atau i\u017cjed, di samping beberapa bentuk tidak teratur seperti a\u0127jar dan ag\u0127ar, yang penting untuk belajar berkomunikasi dengan lebih semula jadi.<\/p>\n\n\n\n<p><strong>Contoh:<\/strong><\/p>\n\n\n\n<p><strong>\u2013 im\u0127abba kbira (cinta besar)<\/strong><\/p>\n\n\n\n<p><strong>\u2013 tfal \u017cg\u0127ar (kanak-kanak kecil)<\/strong><\/p>\n\n\n\n<h3 class=\"wp-block-heading\" id=\"h-6-engaging-with-the-language\">6. Terlibat dengan Bahasa<\/h3>\n\n\n\n<p>Cara paling berkesan untuk memahami sepenuhnya dan menghayati tatabahasa Malta ialah melibatkan diri secara konsisten dengan bahasa tersebut. Dengan membaca kesusasteraan Malta, menonton filem atau siri televisyen Malta, dan berkomunikasi secara aktif dengan penutur asli, anda akan mengukuhkan pemahaman anda tentang tatabahasa sambil mengembangkan perbendaharaan kata anda.<\/p>\n\n\n\n<h3 class=\"wp-block-heading\" id=\"h-conclusion\">Kesimpulan<\/h3>\n\n\n\n<p>Walaupun tatabahasa Malta mungkin kelihatan rumit, anda boleh menjadi mahir dalam bahasa yang indah ini dengan dedikasi, amalan dan semangat. Dengan memberi tumpuan kepada peraturan asas dan melibatkan diri dengan bahasa merentasi konteks yang berbeza, anda akan meningkatkan <a href=\"https:\/\/talkpal.ai\/ms\/tatabahasa\/\">kemahiran tatabahasa<\/a> Malta anda dengan cepat. Xorti tajba (semoga berjaya) dengan perjalanan bahasa Malta anda, dan nikmati merungkai dunia tatabahasa Malta yang penuh teka-teki namun menawan!<\/p>\n<\/div><\/div>\n\r\n<section class=\"learnNavigationSection\">\r\n            \r\n        <a href=\"https:\/\/talkpal.ai\/ms\/belajar-bahasa-malta\/\">\r\n            <div class=\"learnNavigationWrapper\">\r\n                <div class=\"learnNavigationContent\">\r\n                    <img decoding=\"async\" src=\"https:\/\/talkpal.ai\/wp-content\/uploads\/2025\/11\/Maltese.png\" alt=\"Maltese Flag\">\r\n                    <div>\r\n                        <h4>Mengenai Pembelajaran Malta<\/h4>\r\n                        <p>Ketahui semua tentang Tatabahasa Malta.<\/p>\r\n                    <\/div>\r\n                <\/div>\r\n            <\/div>\r\n        <\/a>\r\n\r\n        \r\n        <a href=\"https:\/\/talkpal.ai\/ms\/latihan-tatabahasa-malta\/\">\r\n            <div class=\"learnNavigationWrapper\">\r\n                <div class=\"learnNavigationContent\">\r\n                    <img decoding=\"async\" src=\"https:\/\/talkpal.ai\/wp-content\/uploads\/2025\/11\/Maltese.png\" alt=\"Maltese Flag\">\r\n                    <div>\r\n                        <h4>Latihan Tatabahasa Malta<\/h4>\r\n                        <p>Amalkan tatabahasa Malta.<\/p>\r\n                    <\/div>\r\n                <\/div>\r\n            <\/div>\r\n        <\/a>\r\n\r\n            <\/section>","protected":false},"excerpt":{"rendered":"<p>Menavigasi Selok-belok Tatabahasa Malta Bahasa Malta, bahasa Semitik dengan akar Mediterranean yang mendalam dan kepentingan budaya yang bertenaga, menawarkan pengalaman linguistik yang menarik bagi mereka yang tidak sabar-sabar untuk meneroka sistem tatabahasanya yang unik. Semasa anda menceburi alam Malta, anda bukan sahaja akan memperkayakan repertoir linguistik anda tetapi juga menerima perjalanan budaya yang menarik. Walaupun [&hellip;]<\/p>\n","protected":false},"author":20,"featured_media":0,"parent":0,"menu_order":0,"comment_status":"closed","ping_status":"closed","template":"LearningContentPage.php","meta":{"_acf_changed":false,"footnotes":""},"class_list":["post-1468142","page","type-page","status-publish","hentry"],"acf":[],"yoast_head":"<!-- This site is optimized with the Yoast SEO Premium plugin v27.2 (Yoast SEO v27.2) - https:\/\/yoast.com\/product\/yoast-seo-premium-wordpress\/ -->\n<title>Tatabahasa Malta - Talkpal<\/title>\n<meta name=\"description\" content=\"Singkap rahsia tatabahasa Malta dengan menguasai abjad, fonetik, corak kata kerja dan peraturan penting untuk kefasihan.\" \/>\n<meta name=\"robots\" content=\"index, follow, max-snippet:-1, max-image-preview:large, max-video-preview:-1\" \/>\n<link rel=\"canonical\" href=\"https:\/\/talkpal.ai\/ms\/tatabahasa-malta\/\" \/>\n<meta property=\"og:locale\" content=\"ms_MY\" \/>\n<meta property=\"og:type\" content=\"article\" \/>\n<meta property=\"og:title\" content=\"Tatabahasa Malta\" \/>\n<meta property=\"og:description\" content=\"Menavigasi Selok-belok Tatabahasa Malta Bahasa Malta, bahasa Semitik dengan akar Mediterranean yang mendalam dan kepentingan budaya yang bertenaga,\" \/>\n<meta property=\"og:url\" content=\"https:\/\/talkpal.ai\/ms\/tatabahasa-malta\/\" \/>\n<meta property=\"og:site_name\" content=\"Talkpal\" \/>\n<meta property=\"article:publisher\" content=\"https:\/\/www.facebook.com\/profile.php?id=100090733639311\" \/>\n<meta property=\"article:modified_time\" content=\"2025-12-30T13:54:32+00:00\" \/>\n<meta property=\"og:image\" content=\"https:\/\/talkpal.ai\/wp-content\/uploads\/2025\/02\/Progress-tab-16_9.png\" \/>\n\t<meta property=\"og:image:width\" content=\"2880\" \/>\n\t<meta property=\"og:image:height\" content=\"1620\" \/>\n\t<meta property=\"og:image:type\" content=\"image\/png\" \/>\n<meta name=\"twitter:card\" content=\"summary_large_image\" \/>\n<meta name=\"twitter:site\" content=\"@talkpalai\" \/>\n<meta name=\"twitter:label1\" content=\"Est. reading time\" \/>\n\t<meta name=\"twitter:data1\" content=\"3 minit\" \/>\n<script type=\"application\/ld+json\" class=\"yoast-schema-graph\">{\"@context\":\"https:\/\/schema.org\",\"@graph\":[{\"@type\":\"WebPage\",\"@id\":\"https:\/\/talkpal.ai\/ms\/tatabahasa-malta\/\",\"url\":\"https:\/\/talkpal.ai\/ms\/tatabahasa-malta\/\",\"name\":\"Tatabahasa Malta - Talkpal\",\"isPartOf\":{\"@id\":\"https:\/\/talkpal.ai\/ms\/#website\"},\"datePublished\":\"2025-11-12T15:39:07+00:00\",\"dateModified\":\"2025-12-30T13:54:32+00:00\",\"description\":\"Singkap rahsia tatabahasa Malta dengan menguasai abjad, fonetik, corak kata kerja dan peraturan penting untuk kefasihan.\",\"breadcrumb\":{\"@id\":\"https:\/\/talkpal.ai\/ms\/tatabahasa-malta\/#breadcrumb\"},\"inLanguage\":\"ms-MY\",\"potentialAction\":[{\"@type\":\"ReadAction\",\"target\":[\"https:\/\/talkpal.ai\/ms\/tatabahasa-malta\/\"]}]},{\"@type\":\"BreadcrumbList\",\"@id\":\"https:\/\/talkpal.ai\/ms\/tatabahasa-malta\/#breadcrumb\",\"itemListElement\":[{\"@type\":\"ListItem\",\"position\":1,\"name\":\"Homepage\",\"item\":\"https:\/\/talkpal.ai\/ms\/\"},{\"@type\":\"ListItem\",\"position\":2,\"name\":\"Tatabahasa Malta\"}]},{\"@type\":\"WebSite\",\"@id\":\"https:\/\/talkpal.ai\/ms\/#website\",\"url\":\"https:\/\/talkpal.ai\/ms\/\",\"name\":\"Talkpal\",\"description\":\"AI Language Learning\",\"publisher\":{\"@id\":\"https:\/\/talkpal.ai\/ms\/#organization\"},\"alternateName\":\"Talkpal AI\",\"potentialAction\":[{\"@type\":\"SearchAction\",\"target\":{\"@type\":\"EntryPoint\",\"urlTemplate\":\"https:\/\/talkpal.ai\/ms\/?s={search_term_string}\"},\"query-input\":{\"@type\":\"PropertyValueSpecification\",\"valueRequired\":true,\"valueName\":\"search_term_string\"}}],\"inLanguage\":\"ms-MY\"},{\"@type\":\"Organization\",\"@id\":\"https:\/\/talkpal.ai\/ms\/#organization\",\"name\":\"Talkpal, Inc.\",\"alternateName\":\"Talkpal AI\",\"url\":\"https:\/\/talkpal.ai\/ms\/\",\"logo\":{\"@type\":\"ImageObject\",\"inLanguage\":\"ms-MY\",\"@id\":\"https:\/\/talkpal.ai\/ms\/#\/schema\/logo\/image\/\",\"url\":\"https:\/\/talkpal.ai\/wp-content\/uploads\/2024\/03\/Talkpal-Logo-Icon.png\",\"contentUrl\":\"https:\/\/talkpal.ai\/wp-content\/uploads\/2024\/03\/Talkpal-Logo-Icon.png\",\"width\":2880,\"height\":2880,\"caption\":\"Talkpal, Inc.\"},\"image\":{\"@id\":\"https:\/\/talkpal.ai\/ms\/#\/schema\/logo\/image\/\"},\"sameAs\":[\"https:\/\/www.facebook.com\/profile.php?id=100090733639311\",\"https:\/\/x.com\/talkpalai\",\"https:\/\/www.linkedin.com\/company\/talkpal\/\",\"https:\/\/www.youtube.com\/@TalkPal\/\",\"https:\/\/www.tiktok.com\/@talkpal\",\"https:\/\/www.instagram.com\/talkpal_ai\/\",\"https:\/\/www.crunchbase.com\/organization\/talkpal-9cde\",\"https:\/\/www.g2.com\/products\/talkpal-for-business\/\",\"https:\/\/www.trustpilot.com\/review\/talkpal.ai\",\"https:\/\/www.capterra.com\/p\/10006800\/TalkPal\/\"],\"description\":\"Talkpal is a language learning web and mobile education app, powered by the latest AI technologies, that provides engaging experiences to its customers in many different languages to help them improve their language skills. Users can chat about unlimited amount of topics with the app and use other modes to practice their language learning.\",\"email\":\"support@talkpal.ai\",\"legalName\":\"Talkpal, Inc.\",\"foundingDate\":\"2023-04-03\",\"duns\":\"118989042\",\"numberOfEmployees\":{\"@type\":\"QuantitativeValue\",\"minValue\":\"11\",\"maxValue\":\"50\"},\"publishingPrinciples\":\"https:\/\/talkpal.ai\/publishing-principles\/\",\"actionableFeedbackPolicy\":\"https:\/\/talkpal.ai\/actionable-feedback-policy\/\",\"correctionsPolicy\":\"https:\/\/talkpal.ai\/corrections-policy\/\",\"ethicsPolicy\":\"https:\/\/talkpal.ai\/ethics-policy\/\",\"diversityPolicy\":\"https:\/\/talkpal.ai\/diversity-policy\/\",\"diversityStaffingReport\":\"https:\/\/talkpal.ai\/diversity-policy\/\"}]}<\/script>\n<!-- \/ Yoast SEO Premium plugin. -->","yoast_head_json":{"title":"Tatabahasa Malta - Talkpal","description":"Singkap rahsia tatabahasa Malta dengan menguasai abjad, fonetik, corak kata kerja dan peraturan penting untuk kefasihan.","robots":{"index":"index","follow":"follow","max-snippet":"max-snippet:-1","max-image-preview":"max-image-preview:large","max-video-preview":"max-video-preview:-1"},"canonical":"https:\/\/talkpal.ai\/ms\/tatabahasa-malta\/","og_locale":"ms_MY","og_type":"article","og_title":"Tatabahasa Malta","og_description":"Menavigasi Selok-belok Tatabahasa Malta Bahasa Malta, bahasa Semitik dengan akar Mediterranean yang mendalam dan kepentingan budaya yang bertenaga,","og_url":"https:\/\/talkpal.ai\/ms\/tatabahasa-malta\/","og_site_name":"Talkpal","article_publisher":"https:\/\/www.facebook.com\/profile.php?id=100090733639311","article_modified_time":"2025-12-30T13:54:32+00:00","og_image":[{"width":2880,"height":1620,"url":"https:\/\/talkpal.ai\/wp-content\/uploads\/2025\/02\/Progress-tab-16_9.png","type":"image\/png"}],"twitter_card":"summary_large_image","twitter_site":"@talkpalai","twitter_misc":{"Est. reading time":"3 minit"},"schema":{"@context":"https:\/\/schema.org","@graph":[{"@type":"WebPage","@id":"https:\/\/talkpal.ai\/ms\/tatabahasa-malta\/","url":"https:\/\/talkpal.ai\/ms\/tatabahasa-malta\/","name":"Tatabahasa Malta - Talkpal","isPartOf":{"@id":"https:\/\/talkpal.ai\/ms\/#website"},"datePublished":"2025-11-12T15:39:07+00:00","dateModified":"2025-12-30T13:54:32+00:00","description":"Singkap rahsia tatabahasa Malta dengan menguasai abjad, fonetik, corak kata kerja dan peraturan penting untuk kefasihan.","breadcrumb":{"@id":"https:\/\/talkpal.ai\/ms\/tatabahasa-malta\/#breadcrumb"},"inLanguage":"ms-MY","potentialAction":[{"@type":"ReadAction","target":["https:\/\/talkpal.ai\/ms\/tatabahasa-malta\/"]}]},{"@type":"BreadcrumbList","@id":"https:\/\/talkpal.ai\/ms\/tatabahasa-malta\/#breadcrumb","itemListElement":[{"@type":"ListItem","position":1,"name":"Homepage","item":"https:\/\/talkpal.ai\/ms\/"},{"@type":"ListItem","position":2,"name":"Tatabahasa Malta"}]},{"@type":"WebSite","@id":"https:\/\/talkpal.ai\/ms\/#website","url":"https:\/\/talkpal.ai\/ms\/","name":"Talkpal","description":"AI Language Learning","publisher":{"@id":"https:\/\/talkpal.ai\/ms\/#organization"},"alternateName":"Talkpal AI","potentialAction":[{"@type":"SearchAction","target":{"@type":"EntryPoint","urlTemplate":"https:\/\/talkpal.ai\/ms\/?s={search_term_string}"},"query-input":{"@type":"PropertyValueSpecification","valueRequired":true,"valueName":"search_term_string"}}],"inLanguage":"ms-MY"},{"@type":"Organization","@id":"https:\/\/talkpal.ai\/ms\/#organization","name":"Talkpal, Inc.","alternateName":"Talkpal AI","url":"https:\/\/talkpal.ai\/ms\/","logo":{"@type":"ImageObject","inLanguage":"ms-MY","@id":"https:\/\/talkpal.ai\/ms\/#\/schema\/logo\/image\/","url":"https:\/\/talkpal.ai\/wp-content\/uploads\/2024\/03\/Talkpal-Logo-Icon.png","contentUrl":"https:\/\/talkpal.ai\/wp-content\/uploads\/2024\/03\/Talkpal-Logo-Icon.png","width":2880,"height":2880,"caption":"Talkpal, Inc."},"image":{"@id":"https:\/\/talkpal.ai\/ms\/#\/schema\/logo\/image\/"},"sameAs":["https:\/\/www.facebook.com\/profile.php?id=100090733639311","https:\/\/x.com\/talkpalai","https:\/\/www.linkedin.com\/company\/talkpal\/","https:\/\/www.youtube.com\/@TalkPal\/","https:\/\/www.tiktok.com\/@talkpal","https:\/\/www.instagram.com\/talkpal_ai\/","https:\/\/www.crunchbase.com\/organization\/talkpal-9cde","https:\/\/www.g2.com\/products\/talkpal-for-business\/","https:\/\/www.trustpilot.com\/review\/talkpal.ai","https:\/\/www.capterra.com\/p\/10006800\/TalkPal\/"],"description":"Talkpal is a language learning web and mobile education app, powered by the latest AI technologies, that provides engaging experiences to its customers in many different languages to help them improve their language skills. Users can chat about unlimited amount of topics with the app and use other modes to practice their language learning.","email":"support@talkpal.ai","legalName":"Talkpal, Inc.","foundingDate":"2023-04-03","duns":"118989042","numberOfEmployees":{"@type":"QuantitativeValue","minValue":"11","maxValue":"50"},"publishingPrinciples":"https:\/\/talkpal.ai\/publishing-principles\/","actionableFeedbackPolicy":"https:\/\/talkpal.ai\/actionable-feedback-policy\/","correctionsPolicy":"https:\/\/talkpal.ai\/corrections-policy\/","ethicsPolicy":"https:\/\/talkpal.ai\/ethics-policy\/","diversityPolicy":"https:\/\/talkpal.ai\/diversity-policy\/","diversityStaffingReport":"https:\/\/talkpal.ai\/diversity-policy\/"}]}},"_links":{"self":[{"href":"https:\/\/talkpal.ai\/ms\/wp-json\/wp\/v2\/pages\/1468142","targetHints":{"allow":["GET"]}}],"collection":[{"href":"https:\/\/talkpal.ai\/ms\/wp-json\/wp\/v2\/pages"}],"about":[{"href":"https:\/\/talkpal.ai\/ms\/wp-json\/wp\/v2\/types\/page"}],"author":[{"embeddable":true,"href":"https:\/\/talkpal.ai\/ms\/wp-json\/wp\/v2\/users\/20"}],"replies":[{"embeddable":true,"href":"https:\/\/talkpal.ai\/ms\/wp-json\/wp\/v2\/comments?post=1468142"}],"version-history":[{"count":0,"href":"https:\/\/talkpal.ai\/ms\/wp-json\/wp\/v2\/pages\/1468142\/revisions"}],"wp:attachment":[{"href":"https:\/\/talkpal.ai\/ms\/wp-json\/wp\/v2\/media?parent=1468142"}],"curies":[{"name":"wp","href":"https:\/\/api.w.org\/{rel}","templated":true}]}}