{"id":146094,"date":"2023-05-14T14:10:42","date_gmt":"2023-05-14T14:10:42","guid":{"rendered":"http:\/\/talkpal.ai\/tatabahasa-lithuania\/"},"modified":"2025-12-12T10:43:20","modified_gmt":"2025-12-12T10:43:20","slug":"tatabahasa-lithuania","status":"publish","type":"page","link":"https:\/\/talkpal.ai\/ms\/tatabahasa-lithuania\/","title":{"rendered":"Tatabahasa Lithuania"},"content":{"rendered":"\r\n\r\n\r\n<section class=\"languageChallengeSection\">\r\n    <div class=\"languageInfoWrapper\">\r\n        \r\n        <h1>Tatabahasa Lithuania<\/h1>\r\n        <p>Mulakan perjalanan anda ke dalam <a href=\"https:\/\/talkpal.ai\/lithuanian-grammar\/\">tatabahasa Lithuania<\/a> dan temui salah satu bahasa tertua dan paling menarik di Eropah. Ketahui peraturan dan corak penting untuk membina asas bahasa yang kukuh. Selami sekarang dan mula menguasai bahasa <a href=\"https:\/\/talkpal.ai\/locations\/language-courses-in-lithuania\/\">Lithuania<\/a> hari ini!<\/p>\r\n\r\n                            <a class=\"getStartedHidden\" href=\"https:\/\/app.talkpal.ai\/ms\/signup?lng=\">Mula<\/a>\r\n        \r\n    <\/div>\r\n\r\n    <figure>\r\n    <img decoding=\"async\" width=\"768\" height=\"768\" src=\"https:\/\/talkpal.ai\/wp-content\/uploads\/2023\/06\/lithuenian-768x768.png\" class=\"languageImage no-lazy\" alt=\"Language learning for boosting creativity\" fetchpriority=\"high\" sizes=\"(max-width: 768px) 150px, 768px\" srcset=\"https:\/\/talkpal.ai\/wp-content\/uploads\/2023\/06\/lithuenian-768x768.png 768w, https:\/\/talkpal.ai\/wp-content\/uploads\/2023\/06\/lithuenian-300x300.png 300w\" \/>\r\n    \r\n\r\n    <\/figure>\r\n\r\n            <a class=\"getStartedVisible\" href=\"https:\/\/app.talkpal.ai\/ms\/signup?lng=\">Mula<\/a>\r\n    \r\n<\/section>\r\n<section class=\"promotionalBanner\">\r\n    <p class=\"promotionalText\">Cara paling berkesan untuk mempelajari bahasa<\/p>\r\n    <a class=\"promotionalLink\" href=\"https:\/\/app.talkpal.ai\/ms\/signup?lng=\">Cuba Talkpal secara percuma<\/a>\r\n<\/section>\n<div class=\"wp-block-group pageContainerStyle\"><div class=\"wp-block-group__inner-container is-layout-constrained wp-block-group-is-layout-constrained\">\n<h2 class=\"wp-block-heading\" id=\"h-lithuanian-grammar-a-fascinating-journey-through-language\">Tatabahasa Lithuania: Perjalanan Menarik Melalui Bahasa<\/h2>\n\n\n\n<p>Pernahkah anda mempertimbangkan untuk <a href=\"https:\/\/talkpal.ai\/learn-lithuanian\/\">belajar bahasa Lithuania<\/a> atau hanya mendapati diri anda tertarik dengan <a href=\"https:\/\/talkpal.ai\/grammar\/\">tatabahasa<\/a> yang unik? Baiklah, anda sedang mencuba! Tatabahasa Lithuania mungkin kelihatan pelik pada mulanya, tetapi tidak membuat kesilapan &#8211; ia mempamerkan logik linguistik yang indah. Dalam artikel ini, <a href=\"https:\/\/talkpal.ai\/locations\/language-courses-in-kami\/\">kami<\/a> akan membentangkan pelbagai aspek tatabahasa <a href=\"https:\/\/talkpal.ai\/locations\/learn-english-in-lithuania\/\">Lithuania,<\/a> memberi kuasa kepada anda untuk menghargai daya tarikannya.<\/p>\n\n\n\n<p>Pertama, latar belakang ringkas: <a href=\"https:\/\/talkpal.ai\/ms\/belajar-bahasa-lithuania\/\">Bahasa Lithuania<\/a> adalah bahasa Baltik yang terutama digunakan di Lithuania tetapi juga ditemui di negara-negara jiran. Sebagai salah satu bahasa Indo-Eropah tertua yang masih hidup, ia mengekalkan ciri-ciri kuno, memberikan gambaran tentang perkembangan bahasa lain dalam keluarga bahasa. Kepentingan sejarah ini menjadikan Lithuania sangat menawan bagi pencinta bahasa.<\/p>\n\n\n\n<p>Sekarang mari kita mendalami beberapa aspek utama tatabahasa Lithuania.<\/p>\n\n\n\n<h3 class=\"wp-block-heading\" id=\"h-1-nouns-cases-and-declensions\">1. Kata nama, kes, dan kesopanan<\/h3>\n\n\n\n<p>Salah satu ciri tatabahasa Lithuania yang paling menonjol ialah sistem kesnya yang rumit. Kata nama menggunakan bentuk yang berbeza bergantung pada fungsinya dalam ayat dan sama ada ia mencerminkan subjek, objek, atau penerima tindakan. Lithuania mempunyai tujuh kes: nominatif, genitif, dative, accusative, instrumental, locative, dan vocative.<\/p>\n\n\n\n<p>Ambil kata nama \u201cvaikas\u201d (kanak-kanak) sebagai contoh. Ia boleh berubah menjadi &#8220;vaiko,&#8221; &#8220;vaikui,&#8221; &#8220;vaik\u0105,&#8221; dan sebagainya berdasarkan peranan yang dimainkan dalam ayat. Selain itu, pengakhiran dipengaruhi oleh jantina kata nama (maskulin atau feminin) dan seterusnya dibahagikan kepada deklinasi, menjadikan bahasa itu lebih serba boleh.<\/p>\n\n\n\n<h3 class=\"wp-block-heading\" id=\"h-2-verb-conjugation-and-tenses\">2. Konjugasi kata kerja dan tegang<\/h3>\n\n\n\n<p>Kata kerja Lithuania mengubah pengakhiran mereka bergantung kepada orang dan nombor (tunggal atau jamak) subjek. Sebagai contoh, kata kerja &#8220;eiti&#8221; (pergi) boleh menjadi &#8220;einu&#8221; (saya pergi), &#8220;einate&#8221; (anda -plural- pergi), &#8220;eina&#8221; (mereka pergi), antara bentuk lain.<\/p>\n\n\n\n<p>Lithuania mempunyai empat tegang utama: masa kini, masa lalu, lelaran masa lalu, dan masa depan. Menariknya, bahasa ini juga mempunyai penanda aspek: sempurna dan tidak sempurna. Penanda ini memberikan maklumat tambahan sama ada tindakan selesai atau berterusan. Contohnya, \u201cne\u0161ti\u201d (membawa \u2013 tidak sempurna) berbanding \u201cnat\u201d (membawa \u2013 sempurna).<\/p>\n\n\n\n<h3 class=\"wp-block-heading\" id=\"h-3-sentence-structure-and-word-order\">3. Struktur ayat dan susunan perkataan<\/h3>\n\n\n\n<p>Walaupun Lithuania secara amnya mengikuti susunan perkataan SVO (subjek-kata kerja-objek), sistem kesnya membolehkan fleksibiliti yang besar. Tidak seperti bahasa Inggeris, di mana susunan perkataan biasanya mentakrifkan makna ayat, perkataan bergerak dalam bahasa Lithuania tidak mengubah makna. Contohnya, \u201ckat\u0117 valgo \u017euv\u012f\u201d (kucing makan ikan) juga boleh menjadi \u201c\u017euv\u012f valgo kat\u0117\u201d tanpa kehilangan atau mengubah maksudnya.<\/p>\n\n\n\n<p>Fleksibiliti ini membolehkan anda bermain dengan struktur kalimat, menekankan unsur-unsur tertentu, atau menjana nuansa apabila anda menjadi lebih mahir dalam bahasa.<\/p>\n\n\n\n<h3 class=\"wp-block-heading\" id=\"h-4-adjectives-adverbs-and-agreement-rules\">4. Kata sifat, kata keterangan, dan peraturan perjanjian<\/h3>\n\n\n\n<p>Seperti banyak bahasa, kata sifat dan kata keterangan dalam bahasa Lithuania menggambarkan kata nama dan kata kerja, tetapi mereka juga mengikuti peraturan perjanjian tertentu. Khususnya, kata sifat mesti bersetuju dengan kata nama yang mereka ubah suai dalam kes, jantina, dan nombor. Sebaik sahaja anda memahami kes kata nama dan konjugasi kata kerja, peraturan ini akan datang secara semula jadi.<\/p>\n\n\n\n<p>Jadi, adakah anda bersedia untuk menyelami tatabahasa Lithuania? Dengan kegigihan, dedikasi, dan sumber yang betul, belajar bahasa Lithuania &#8211; kaya dengan sejarah dan warisan budaya &#8211; adalah pengalaman yang sangat bermanfaat. Tangani langkah demi langkah bahasa, amalkan secara konsisten, dan tetap terbuka untuk belajar dari kesilapan anda. S\u0117km\u0117s! (Semoga berjaya!)<\/p>\n<\/div><\/div>\n\r\n<section class=\"learnNavigationSection\">\r\n            \r\n        <a href=\"https:\/\/talkpal.ai\/ms\/belajar-bahasa-lithuania\/\">\r\n            <div class=\"learnNavigationWrapper\">\r\n                <div class=\"learnNavigationContent\">\r\n                    <img decoding=\"async\" src=\"https:\/\/talkpal.ai\/wp-content\/uploads\/2024\/08\/Lithuanian.jpg\" alt=\"Lithuanian Flag\">\r\n                    <div>\r\n                        <h4>Mengenai Pembelajaran Bahasa Lithuania<\/h4>\r\n                        <p>Ketahui semua tentang tatabahasa Lithuania .<\/p>\r\n                    <\/div>\r\n                <\/div>\r\n            <\/div>\r\n        <\/a>\r\n\r\n        \r\n        <a href=\"https:\/\/talkpal.ai\/ms\/latihan-tatabahasa-lithuania\/\">\r\n            <div class=\"learnNavigationWrapper\">\r\n                <div class=\"learnNavigationContent\">\r\n                    <img decoding=\"async\" src=\"https:\/\/talkpal.ai\/wp-content\/uploads\/2024\/08\/Lithuanian.jpg\" alt=\"Lithuanian Flag\">\r\n                    <div>\r\n                        <h4>Latihan Tatabahasa Lithuania<\/h4>\r\n                        <p>Amalkan tatabahasa Lithuania .<\/p>\r\n                    <\/div>\r\n                <\/div>\r\n            <\/div>\r\n        <\/a>\r\n\r\n        \r\n        <a href=\"https:\/\/talkpal.ai\/vocabulary_language\/lithuanian\/\">\r\n            <div class=\"learnNavigationWrapper\">\r\n                <div class=\"learnNavigationContent\">\r\n                    <img decoding=\"async\" src=\"https:\/\/talkpal.ai\/wp-content\/uploads\/2024\/08\/Lithuanian.jpg\" alt=\"Lithuanian Flag\">\r\n                    <div>\r\n                        <h4>Kosa Kata Bahasa Lithuania<\/h4>\r\n                        <p>Kembangkan perbendaharaan kata bahasa Lithuania anda.<\/p>\r\n                    <\/div>\r\n                <\/div>\r\n            <\/div>\r\n        <\/a>\r\n\r\n            <\/section>","protected":false},"excerpt":{"rendered":"<p>Tatabahasa Lithuania: Perjalanan Menarik Melalui Bahasa Pernahkah anda mempertimbangkan untuk belajar bahasa Lithuania atau hanya mendapati diri anda tertarik dengan tatabahasa yang unik? Baiklah, anda sedang mencuba! Tatabahasa Lithuania mungkin kelihatan pelik pada mulanya, tetapi tidak membuat kesilapan &#8211; ia mempamerkan logik linguistik yang indah. Dalam artikel ini, kami akan membentangkan pelbagai aspek tatabahasa Lithuania, [&hellip;]<\/p>\n","protected":false},"author":1,"featured_media":114944,"parent":0,"menu_order":0,"comment_status":"closed","ping_status":"closed","template":"LearningContentPage.php","meta":{"_acf_changed":false,"footnotes":""},"class_list":["post-146094","page","type-page","status-publish","has-post-thumbnail","hentry"],"acf":[],"yoast_head":"<!-- This site is optimized with the Yoast SEO Premium plugin v27.2 (Yoast SEO v27.2) - https:\/\/yoast.com\/product\/yoast-seo-premium-wordpress\/ -->\n<title>Tatabahasa Lithuania - Talkpal<\/title>\n<meta name=\"description\" content=\"Temui cara tatabahasa Lithuania mencerminkan kekayaan sejarah dan logik, menjadikannya kajian yang sempurna untuk pencinta bahasa.\" \/>\n<meta name=\"robots\" content=\"index, follow, max-snippet:-1, max-image-preview:large, max-video-preview:-1\" \/>\n<link rel=\"canonical\" href=\"https:\/\/talkpal.ai\/ms\/tatabahasa-lithuania\/\" \/>\n<meta property=\"og:locale\" content=\"ms_MY\" \/>\n<meta property=\"og:type\" content=\"article\" \/>\n<meta property=\"og:title\" content=\"Tatabahasa Lithuania\" \/>\n<meta property=\"og:description\" content=\"Tatabahasa Lithuania: Perjalanan Menarik Melalui Bahasa Pernahkah anda mempertimbangkan untuk belajar bahasa Lithuania atau hanya mendapati diri anda\" \/>\n<meta property=\"og:url\" content=\"https:\/\/talkpal.ai\/ms\/tatabahasa-lithuania\/\" \/>\n<meta property=\"og:site_name\" content=\"Talkpal\" \/>\n<meta property=\"article:publisher\" content=\"https:\/\/www.facebook.com\/profile.php?id=100090733639311\" \/>\n<meta property=\"article:modified_time\" content=\"2025-12-12T10:43:20+00:00\" \/>\n<meta property=\"og:image\" content=\"https:\/\/talkpal.ai\/wp-content\/uploads\/2023\/05\/Lithuanian.png\" \/>\n\t<meta property=\"og:image:width\" content=\"512\" \/>\n\t<meta property=\"og:image:height\" content=\"512\" \/>\n\t<meta property=\"og:image:type\" content=\"image\/png\" \/>\n<meta name=\"twitter:card\" content=\"summary_large_image\" \/>\n<meta name=\"twitter:site\" content=\"@talkpalai\" \/>\n<meta name=\"twitter:label1\" content=\"Est. reading time\" \/>\n\t<meta name=\"twitter:data1\" content=\"3 minit\" \/>\n<script type=\"application\/ld+json\" class=\"yoast-schema-graph\">{\"@context\":\"https:\/\/schema.org\",\"@graph\":[{\"@type\":\"WebPage\",\"@id\":\"https:\/\/talkpal.ai\/ms\/tatabahasa-lithuania\/\",\"url\":\"https:\/\/talkpal.ai\/ms\/tatabahasa-lithuania\/\",\"name\":\"Tatabahasa Lithuania - Talkpal\",\"isPartOf\":{\"@id\":\"https:\/\/talkpal.ai\/ms\/#website\"},\"primaryImageOfPage\":{\"@id\":\"https:\/\/talkpal.ai\/ms\/tatabahasa-lithuania\/#primaryimage\"},\"image\":{\"@id\":\"https:\/\/talkpal.ai\/ms\/tatabahasa-lithuania\/#primaryimage\"},\"thumbnailUrl\":\"https:\/\/talkpal.ai\/wp-content\/uploads\/2023\/05\/Lithuanian.png\",\"datePublished\":\"2023-05-14T14:10:42+00:00\",\"dateModified\":\"2025-12-12T10:43:20+00:00\",\"description\":\"Temui cara tatabahasa Lithuania mencerminkan kekayaan sejarah dan logik, menjadikannya kajian yang sempurna untuk pencinta bahasa.\",\"breadcrumb\":{\"@id\":\"https:\/\/talkpal.ai\/ms\/tatabahasa-lithuania\/#breadcrumb\"},\"inLanguage\":\"ms-MY\",\"potentialAction\":[{\"@type\":\"ReadAction\",\"target\":[\"https:\/\/talkpal.ai\/ms\/tatabahasa-lithuania\/\"]}]},{\"@type\":\"ImageObject\",\"inLanguage\":\"ms-MY\",\"@id\":\"https:\/\/talkpal.ai\/ms\/tatabahasa-lithuania\/#primaryimage\",\"url\":\"https:\/\/talkpal.ai\/wp-content\/uploads\/2023\/05\/Lithuanian.png\",\"contentUrl\":\"https:\/\/talkpal.ai\/wp-content\/uploads\/2023\/05\/Lithuanian.png\",\"width\":512,\"height\":512},{\"@type\":\"BreadcrumbList\",\"@id\":\"https:\/\/talkpal.ai\/ms\/tatabahasa-lithuania\/#breadcrumb\",\"itemListElement\":[{\"@type\":\"ListItem\",\"position\":1,\"name\":\"Homepage\",\"item\":\"https:\/\/talkpal.ai\/ms\/\"},{\"@type\":\"ListItem\",\"position\":2,\"name\":\"Tatabahasa Lithuania\"}]},{\"@type\":\"WebSite\",\"@id\":\"https:\/\/talkpal.ai\/ms\/#website\",\"url\":\"https:\/\/talkpal.ai\/ms\/\",\"name\":\"Talkpal\",\"description\":\"AI Language Learning\",\"publisher\":{\"@id\":\"https:\/\/talkpal.ai\/ms\/#organization\"},\"alternateName\":\"Talkpal AI\",\"potentialAction\":[{\"@type\":\"SearchAction\",\"target\":{\"@type\":\"EntryPoint\",\"urlTemplate\":\"https:\/\/talkpal.ai\/ms\/?s={search_term_string}\"},\"query-input\":{\"@type\":\"PropertyValueSpecification\",\"valueRequired\":true,\"valueName\":\"search_term_string\"}}],\"inLanguage\":\"ms-MY\"},{\"@type\":\"Organization\",\"@id\":\"https:\/\/talkpal.ai\/ms\/#organization\",\"name\":\"Talkpal, Inc.\",\"alternateName\":\"Talkpal AI\",\"url\":\"https:\/\/talkpal.ai\/ms\/\",\"logo\":{\"@type\":\"ImageObject\",\"inLanguage\":\"ms-MY\",\"@id\":\"https:\/\/talkpal.ai\/ms\/#\/schema\/logo\/image\/\",\"url\":\"https:\/\/talkpal.ai\/wp-content\/uploads\/2024\/03\/Talkpal-Logo-Icon.png\",\"contentUrl\":\"https:\/\/talkpal.ai\/wp-content\/uploads\/2024\/03\/Talkpal-Logo-Icon.png\",\"width\":2880,\"height\":2880,\"caption\":\"Talkpal, Inc.\"},\"image\":{\"@id\":\"https:\/\/talkpal.ai\/ms\/#\/schema\/logo\/image\/\"},\"sameAs\":[\"https:\/\/www.facebook.com\/profile.php?id=100090733639311\",\"https:\/\/x.com\/talkpalai\",\"https:\/\/www.linkedin.com\/company\/talkpal\/\",\"https:\/\/www.youtube.com\/@TalkPal\/\",\"https:\/\/www.tiktok.com\/@talkpal\",\"https:\/\/www.instagram.com\/talkpal_ai\/\",\"https:\/\/www.crunchbase.com\/organization\/talkpal-9cde\",\"https:\/\/www.g2.com\/products\/talkpal-for-business\/\",\"https:\/\/www.trustpilot.com\/review\/talkpal.ai\",\"https:\/\/www.capterra.com\/p\/10006800\/TalkPal\/\"],\"description\":\"Talkpal is a language learning web and mobile education app, powered by the latest AI technologies, that provides engaging experiences to its customers in many different languages to help them improve their language skills. Users can chat about unlimited amount of topics with the app and use other modes to practice their language learning.\",\"email\":\"support@talkpal.ai\",\"legalName\":\"Talkpal, Inc.\",\"foundingDate\":\"2023-04-03\",\"duns\":\"118989042\",\"numberOfEmployees\":{\"@type\":\"QuantitativeValue\",\"minValue\":\"11\",\"maxValue\":\"50\"},\"publishingPrinciples\":\"https:\/\/talkpal.ai\/publishing-principles\/\",\"actionableFeedbackPolicy\":\"https:\/\/talkpal.ai\/actionable-feedback-policy\/\",\"correctionsPolicy\":\"https:\/\/talkpal.ai\/corrections-policy\/\",\"ethicsPolicy\":\"https:\/\/talkpal.ai\/ethics-policy\/\",\"diversityPolicy\":\"https:\/\/talkpal.ai\/diversity-policy\/\",\"diversityStaffingReport\":\"https:\/\/talkpal.ai\/diversity-policy\/\"}]}<\/script>\n<!-- \/ Yoast SEO Premium plugin. -->","yoast_head_json":{"title":"Tatabahasa Lithuania - Talkpal","description":"Temui cara tatabahasa Lithuania mencerminkan kekayaan sejarah dan logik, menjadikannya kajian yang sempurna untuk pencinta bahasa.","robots":{"index":"index","follow":"follow","max-snippet":"max-snippet:-1","max-image-preview":"max-image-preview:large","max-video-preview":"max-video-preview:-1"},"canonical":"https:\/\/talkpal.ai\/ms\/tatabahasa-lithuania\/","og_locale":"ms_MY","og_type":"article","og_title":"Tatabahasa Lithuania","og_description":"Tatabahasa Lithuania: Perjalanan Menarik Melalui Bahasa Pernahkah anda mempertimbangkan untuk belajar bahasa Lithuania atau hanya mendapati diri anda","og_url":"https:\/\/talkpal.ai\/ms\/tatabahasa-lithuania\/","og_site_name":"Talkpal","article_publisher":"https:\/\/www.facebook.com\/profile.php?id=100090733639311","article_modified_time":"2025-12-12T10:43:20+00:00","og_image":[{"width":512,"height":512,"url":"https:\/\/talkpal.ai\/wp-content\/uploads\/2023\/05\/Lithuanian.png","type":"image\/png"}],"twitter_card":"summary_large_image","twitter_site":"@talkpalai","twitter_misc":{"Est. reading time":"3 minit"},"schema":{"@context":"https:\/\/schema.org","@graph":[{"@type":"WebPage","@id":"https:\/\/talkpal.ai\/ms\/tatabahasa-lithuania\/","url":"https:\/\/talkpal.ai\/ms\/tatabahasa-lithuania\/","name":"Tatabahasa Lithuania - Talkpal","isPartOf":{"@id":"https:\/\/talkpal.ai\/ms\/#website"},"primaryImageOfPage":{"@id":"https:\/\/talkpal.ai\/ms\/tatabahasa-lithuania\/#primaryimage"},"image":{"@id":"https:\/\/talkpal.ai\/ms\/tatabahasa-lithuania\/#primaryimage"},"thumbnailUrl":"https:\/\/talkpal.ai\/wp-content\/uploads\/2023\/05\/Lithuanian.png","datePublished":"2023-05-14T14:10:42+00:00","dateModified":"2025-12-12T10:43:20+00:00","description":"Temui cara tatabahasa Lithuania mencerminkan kekayaan sejarah dan logik, menjadikannya kajian yang sempurna untuk pencinta bahasa.","breadcrumb":{"@id":"https:\/\/talkpal.ai\/ms\/tatabahasa-lithuania\/#breadcrumb"},"inLanguage":"ms-MY","potentialAction":[{"@type":"ReadAction","target":["https:\/\/talkpal.ai\/ms\/tatabahasa-lithuania\/"]}]},{"@type":"ImageObject","inLanguage":"ms-MY","@id":"https:\/\/talkpal.ai\/ms\/tatabahasa-lithuania\/#primaryimage","url":"https:\/\/talkpal.ai\/wp-content\/uploads\/2023\/05\/Lithuanian.png","contentUrl":"https:\/\/talkpal.ai\/wp-content\/uploads\/2023\/05\/Lithuanian.png","width":512,"height":512},{"@type":"BreadcrumbList","@id":"https:\/\/talkpal.ai\/ms\/tatabahasa-lithuania\/#breadcrumb","itemListElement":[{"@type":"ListItem","position":1,"name":"Homepage","item":"https:\/\/talkpal.ai\/ms\/"},{"@type":"ListItem","position":2,"name":"Tatabahasa Lithuania"}]},{"@type":"WebSite","@id":"https:\/\/talkpal.ai\/ms\/#website","url":"https:\/\/talkpal.ai\/ms\/","name":"Talkpal","description":"AI Language Learning","publisher":{"@id":"https:\/\/talkpal.ai\/ms\/#organization"},"alternateName":"Talkpal AI","potentialAction":[{"@type":"SearchAction","target":{"@type":"EntryPoint","urlTemplate":"https:\/\/talkpal.ai\/ms\/?s={search_term_string}"},"query-input":{"@type":"PropertyValueSpecification","valueRequired":true,"valueName":"search_term_string"}}],"inLanguage":"ms-MY"},{"@type":"Organization","@id":"https:\/\/talkpal.ai\/ms\/#organization","name":"Talkpal, Inc.","alternateName":"Talkpal AI","url":"https:\/\/talkpal.ai\/ms\/","logo":{"@type":"ImageObject","inLanguage":"ms-MY","@id":"https:\/\/talkpal.ai\/ms\/#\/schema\/logo\/image\/","url":"https:\/\/talkpal.ai\/wp-content\/uploads\/2024\/03\/Talkpal-Logo-Icon.png","contentUrl":"https:\/\/talkpal.ai\/wp-content\/uploads\/2024\/03\/Talkpal-Logo-Icon.png","width":2880,"height":2880,"caption":"Talkpal, Inc."},"image":{"@id":"https:\/\/talkpal.ai\/ms\/#\/schema\/logo\/image\/"},"sameAs":["https:\/\/www.facebook.com\/profile.php?id=100090733639311","https:\/\/x.com\/talkpalai","https:\/\/www.linkedin.com\/company\/talkpal\/","https:\/\/www.youtube.com\/@TalkPal\/","https:\/\/www.tiktok.com\/@talkpal","https:\/\/www.instagram.com\/talkpal_ai\/","https:\/\/www.crunchbase.com\/organization\/talkpal-9cde","https:\/\/www.g2.com\/products\/talkpal-for-business\/","https:\/\/www.trustpilot.com\/review\/talkpal.ai","https:\/\/www.capterra.com\/p\/10006800\/TalkPal\/"],"description":"Talkpal is a language learning web and mobile education app, powered by the latest AI technologies, that provides engaging experiences to its customers in many different languages to help them improve their language skills. Users can chat about unlimited amount of topics with the app and use other modes to practice their language learning.","email":"support@talkpal.ai","legalName":"Talkpal, Inc.","foundingDate":"2023-04-03","duns":"118989042","numberOfEmployees":{"@type":"QuantitativeValue","minValue":"11","maxValue":"50"},"publishingPrinciples":"https:\/\/talkpal.ai\/publishing-principles\/","actionableFeedbackPolicy":"https:\/\/talkpal.ai\/actionable-feedback-policy\/","correctionsPolicy":"https:\/\/talkpal.ai\/corrections-policy\/","ethicsPolicy":"https:\/\/talkpal.ai\/ethics-policy\/","diversityPolicy":"https:\/\/talkpal.ai\/diversity-policy\/","diversityStaffingReport":"https:\/\/talkpal.ai\/diversity-policy\/"}]}},"_links":{"self":[{"href":"https:\/\/talkpal.ai\/ms\/wp-json\/wp\/v2\/pages\/146094","targetHints":{"allow":["GET"]}}],"collection":[{"href":"https:\/\/talkpal.ai\/ms\/wp-json\/wp\/v2\/pages"}],"about":[{"href":"https:\/\/talkpal.ai\/ms\/wp-json\/wp\/v2\/types\/page"}],"author":[{"embeddable":true,"href":"https:\/\/talkpal.ai\/ms\/wp-json\/wp\/v2\/users\/1"}],"replies":[{"embeddable":true,"href":"https:\/\/talkpal.ai\/ms\/wp-json\/wp\/v2\/comments?post=146094"}],"version-history":[{"count":0,"href":"https:\/\/talkpal.ai\/ms\/wp-json\/wp\/v2\/pages\/146094\/revisions"}],"wp:featuredmedia":[{"embeddable":true,"href":"https:\/\/talkpal.ai\/ms\/wp-json\/wp\/v2\/media\/114944"}],"wp:attachment":[{"href":"https:\/\/talkpal.ai\/ms\/wp-json\/wp\/v2\/media?parent=146094"}],"curies":[{"name":"wp","href":"https:\/\/api.w.org\/{rel}","templated":true}]}}