{"id":145802,"date":"2023-05-14T14:10:24","date_gmt":"2023-05-14T14:10:24","guid":{"rendered":"http:\/\/talkpal.ai\/tatabahasa-latvia\/"},"modified":"2025-12-17T17:11:38","modified_gmt":"2025-12-17T17:11:38","slug":"tatabahasa-latvia","status":"publish","type":"page","link":"https:\/\/talkpal.ai\/ms\/tatabahasa-latvia\/","title":{"rendered":"Tatabahasa Latvia"},"content":{"rendered":"\r\n\r\n\r\n<section class=\"languageChallengeSection\">\r\n    <div class=\"languageInfoWrapper\">\r\n        \r\n        <h1>Tatabahasa Latvia<\/h1>\r\n        <p>Terokai dunia <a href=\"https:\/\/talkpal.ai\/latvian-grammar\/\">tatabahasa Latvia<\/a> yang unik dan buka keindahan salah satu bahasa paling rancak di wilayah Baltik. Dengan memahami struktur dan peraturannya, anda akan meningkatkan keyakinan dan kemahiran komunikasi anda. Mula belajar <a href=\"https:\/\/talkpal.ai\/grammar\/\">tatabahasa<\/a> <a href=\"https:\/\/talkpal.ai\/learn-latvian\/\">Latvia<\/a> hari ini dan ambil langkah pertama anda ke arah kefasihan!\n\n<\/p>\r\n\r\n                            <a class=\"getStartedHidden\" href=\"https:\/\/app.talkpal.ai\/ms\/signup?lng=\">Mula<\/a>\r\n        \r\n    <\/div>\r\n\r\n    <figure>\r\n    <img decoding=\"async\" width=\"768\" height=\"768\" src=\"https:\/\/talkpal.ai\/wp-content\/uploads\/2023\/06\/latvian-768x768.png\" class=\"languageImage no-lazy\" alt=\"Language learning to access more cultures\" fetchpriority=\"high\" sizes=\"(max-width: 768px) 150px, 768px\" srcset=\"https:\/\/talkpal.ai\/wp-content\/uploads\/2023\/06\/latvian-768x768.png 768w, https:\/\/talkpal.ai\/wp-content\/uploads\/2023\/06\/latvian-300x300.png 300w\" \/>\r\n    \r\n\r\n    <\/figure>\r\n\r\n            <a class=\"getStartedVisible\" href=\"https:\/\/app.talkpal.ai\/ms\/signup?lng=\">Mula<\/a>\r\n    \r\n<\/section>\r\n<section class=\"promotionalBanner\">\r\n    <p class=\"promotionalText\">Cara paling berkesan untuk mempelajari bahasa<\/p>\r\n    <a class=\"promotionalLink\" href=\"https:\/\/app.talkpal.ai\/ms\/signup?lng=\">Cuba Talkpal secara percuma<\/a>\r\n<\/section>\n<div class=\"wp-block-group pageContainerStyle\"><div class=\"wp-block-group__inner-container is-layout-constrained wp-block-group-is-layout-constrained\">\n<h2 class=\"wp-block-heading\" id=\"h-the-ultimate-guide-to-latvian-grammar-navigating-the-intricacies-of-a-unique-language\">Panduan Terbaik untuk Tatabahasa Latvia: Menavigasi Selok-belok Bahasa Yang Unik<\/h2>\n\n\n\n<p>Tatabahasa Latvia, seperti bahasa <a href=\"https:\/\/talkpal.ai\/locations\/language-courses-in-itu\/\">itu<\/a> sendiri, membentangkan permaidani yang kaya dan menarik unsur linguistik. Sebagai bahasa Baltik, <a href=\"https:\/\/talkpal.ai\/talkpal-discount-for-students\/\">pelajar<\/a> enthralls Latvia dengan ciri-ciri dan cabaran yang pelbagai bahkan penceramah yang paling mahir. Dalam panduan ini, <a href=\"https:\/\/talkpal.ai\/locations\/language-courses-in-kami\/\">kami<\/a> akan meneroka prinsip utama tatabahasa Latvia, merungkai kerumitannya dan menyokong anda dalam perjalanan anda untuk menjadi fasih dalam bahasa yang menawan ini. Mari kita <a href=\"https:\/\/talkpal.ai\/ko\/ai-%ec%96%b8%ec%96%b4-%ea%b5%90%ec%82%ac\/\">mulakan<\/a>!<\/p>\n\n\n\n<h3 class=\"wp-block-heading\" id=\"h-the-nuts-and-bolts-latvian-sentence-structure\">Kacang dan Bolt: Struktur Ayat Latvia<\/h3>\n\n\n\n<p>Pada terasnya, tatabahasa Latvia agak mudah. Bahasa ini secara amnya mengikut struktur ayat Subjek-Kata Kerja-Objek (SVO), sama seperti bahasa Inggeris dan banyak bahasa lain. Sebagai contoh, ayat &#8220;Saya makan epal&#8221; diterjemahkan kepada &#8220;Es \u0113du \u0101bolu&#8221; (Es \u0113du \u0101bolu). Mudah, kan? Walau bagaimanapun, apabila kita mengkaji lebih mendalam, anda akan menemui beberapa ciri yang menarik dan tersendiri dalam tatabahasa Latvia.<\/p>\n\n\n\n<h3 class=\"wp-block-heading\" id=\"h-meet-the-family-latvian-nouns-and-their-cases\">Temui Keluarga: Kata nama Latvia dan kes mereka<\/h3>\n\n\n\n<p>Salah satu ciri tatabahasa Latvia yang paling membingungkan untuk penutur bahasa Inggeris ialah tanggapan kes tatabahasa. Di Latvia, terdapat tujuh kes: nominatif, genitif, dative, akusatif, locatif, instrumental, dan vocative. Setiap kes mempunyai fungsi sendiri dan memberi kesan kepada bentuk kata nama, kata sifat, kata ganti, dan kadang-kadang kata kerja.<\/p>\n\n\n\n<p>Sebagai contoh, mari kita ambil perkataan \u201c\u0101bols\u201d (\u0101bols) yang bermaksud \u201cepal\u201d:<\/p>\n\n\n\n<p><strong>\u2013 Kes nominatif (digunakan untuk subjek): \u0101bols<\/strong><\/p>\n\n\n\n<p><strong>\u2013 Sarung genitif (digunakan untuk pemilikan): \u0101bola<\/strong><\/p>\n\n\n\n<p><strong>\u2013 Kes datif (digunakan untuk objek tidak langsung): \u0101bolam<\/strong><\/p>\n\n\n\n<p><strong>\u2013 Kes akusatif (digunakan untuk objek langsung): \u0101bolu<\/strong><\/p>\n\n\n\n<p><strong>\u2013 Sarung locative (digunakan untuk lokasi): \u0101bol\u0101<\/strong><\/p>\n\n\n\n<p><strong>\u2013 Kes instrumental (digunakan untuk cara sesuatu tindakan dilakukan): \u0101bolu\/-iem<\/strong><\/p>\n\n\n\n<p><strong>\u2013 Kes Vokatif (digunakan untuk menangani seseorang atau sesuatu): \u0101bol<\/strong><\/p>\n\n\n\n<p>Adalah penting untuk membiasakan diri anda dengan kes ini, kerana ia boleh mengubah makna ayat anda secara mendadak.<\/p>\n\n\n\n<h3 class=\"wp-block-heading\" id=\"h-playing-with-numbers-latvian-plurals-and-genders\">Bermain dengan Nombor: Jamak Latvia dan Jantina<\/h3>\n\n\n\n<p>Apabila membentuk kata jamak dalam bahasa Latvia, adalah penting untuk mengingati jantina kata nama tersebut. Di Latvia, kata nama mempunyai dua jantina &#8211; maskulin dan feminin. Jantina mempengaruhi pengakhiran kata nama, kata sifat, angka, dan bentuk kata kerja tertentu.<\/p>\n\n\n\n<p>Secara umum, kata nama maskulin dalam kes nominatif jamak berakhir dengan -i, manakala kata nama feminin berakhir dengan -sebagai. Sebagai contoh, &#8220;zirgs&#8221; (zirgs, kata nama maskulin yang bermaksud &#8220;kuda&#8221;) menjadi &#8220;zirgi&#8221; (zirgi, kuda), dan &#8220;sieviete&#8221; (sieviete, kata nama feminin yang bermaksud &#8220;wanita&#8221;) menjadi &#8220;sievietes&#8221; (sievietes, wanita ).<\/p>\n\n\n\n<p>Sudah tentu, beberapa pengecualian wujud, itulah sebabnya penting untuk mempelajari kata nama bersama-sama jantina mereka dan mengetahui sebarang bentuk jamak yang tidak sekata.<\/p>\n\n\n\n<h3 class=\"wp-block-heading\" id=\"h-the-art-of-conjugation-latvian-verbs\">Seni Konjugasi: Kata Kerja Latvia<\/h3>\n\n\n\n<p>Kata kerja Latvia pada mulanya boleh kelihatan menakutkan kerana banyak tegang, mood, dan konjugasi mereka. Walau bagaimanapun, kunci untuk memahami mereka adalah mengenali corak dan amalan biasa secara teratur.<\/p>\n\n\n\n<p>Dalam bahasa Latvia, kata kerja dibahagikan kepada tiga kumpulan berdasarkan ujung infinitif mereka, -t, -ikatan, dan -ties\/-t. Setiap kumpulan mempunyai peraturan konjugasi tertentu. Mari kita ambil kata kerja \u201clas\u012bt\u201d (las\u012bt, \u201cmembaca\u201d) sebagai contoh:<\/p>\n\n\n\n<p><strong>Masa kini: Es lasu (Es lasu, \u201cSaya membaca\u201d)<\/strong><\/p>\n\n\n\n<p><strong>Masa lampau: Es las\u012bju (Es las\u012bju, \u201cSaya membaca\u201d)<\/strong><\/p>\n\n\n\n<p><strong>Masa hadapan: Es las\u012b\u0161u (Es las\u012b\u0161u, \u201cSaya akan membaca\u201d)<\/strong><\/p>\n\n\n\n<p>Seperti yang anda lihat, pengakhiran berubah mengikut tegang. Dan ini tidak mencalarkan permukaan konjugasi kata kerja Latvia! Namun, jangan biarkan ia mematahkan semangat anda. Dengan latihan dan kesabaran, anda akan mula mengenali corak dan menakluki cabaran ini.<\/p>\n\n\n\n<h3 class=\"wp-block-heading\" id=\"h-the-finishing-touches-latvian-adjectives-adverbs-and-more\">Sentuhan penamat: kata sifat Latvia, kata keterangan, dan banyak lagi<\/h3>\n\n\n\n<p>Apabila bercakap tentang kata sifat dan kata keterangan Latvia, mereka memainkan peranan penting dalam menambah kedalaman dan kerumitan kepada ucapan anda. Kata sifat mesti bersetuju dengan kata nama yang mereka ubah suai dari segi jantina dan kes, dengan pengakhiran yang berbeza-beza dengan sewajarnya.<\/p>\n\n\n\n<p>Contohnya, \u201cgar\u0161\u012bgs\u201d (gar\u0161\u012bgs) bermaksud \u201clazat\u201d, dan anda mungkin melihatnya sebagai \u201cgar\u0161\u012bgs \u0101bols\u201d (gar\u0161\u012bgs \u0101bols, \u201cepal lazat\u201d) atau \u201cgar\u0161\u012bga zupa\u201d (gar\u0161\u012bga zupa, \u201csup lazat\u201d), dengan berbeza pengakhiran untuk kata nama maskulin dan feminin.<\/p>\n\n\n\n<p>Adverbs biasanya mengikut corak yang sama, sering berasal dari kata sifat. Di Latvia, majoriti kata keterangan berakhir dengan -i, yang merupakan bentuk yang sama dengan tuduh tunggal maskulin untuk kata sifat.<\/p>\n\n\n\n<p>Kesimpulannya, kerumitan dan keistimewaan tatabahasa Latvia, walaupun mencabar, memberikan bahasa itu keindahan dan perwatakan yang menawan. Dengan gabungan kegigihan, rasa ingin tahu dan aplikasi praktikal, anda akan menavigasi tatabahasa Latvia dengan mudah dan yakin. Selamat belajar!<\/p>\n<\/div><\/div>\n\r\n<section class=\"learnNavigationSection\">\r\n            \r\n        <a href=\"https:\/\/talkpal.ai\/ms\/belajar-bahasa-latvia\/\">\r\n            <div class=\"learnNavigationWrapper\">\r\n                <div class=\"learnNavigationContent\">\r\n                    <img decoding=\"async\" src=\"https:\/\/talkpal.ai\/wp-content\/uploads\/2024\/08\/Latvian.jpg\" alt=\"Latvian Flag\">\r\n                    <div>\r\n                        <h4>Mengenai Pembelajaran Latvia<\/h4>\r\n                        <p>Ketahui semua tentang tatabahasa Latvia .<\/p>\r\n                    <\/div>\r\n                <\/div>\r\n            <\/div>\r\n        <\/a>\r\n\r\n        \r\n        <a href=\"https:\/\/talkpal.ai\/ms\/latihan-tatabahasa-latvia\/\">\r\n            <div class=\"learnNavigationWrapper\">\r\n                <div class=\"learnNavigationContent\">\r\n                    <img decoding=\"async\" src=\"https:\/\/talkpal.ai\/wp-content\/uploads\/2024\/08\/Latvian.jpg\" alt=\"Latvian Flag\">\r\n                    <div>\r\n                        <h4>Latihan Tatabahasa Latvia<\/h4>\r\n                        <p>Amalkan tatabahasa Latvia .<\/p>\r\n                    <\/div>\r\n                <\/div>\r\n            <\/div>\r\n        <\/a>\r\n\r\n        \r\n        <a href=\"https:\/\/talkpal.ai\/vocabulary_language\/latvian\/\">\r\n            <div class=\"learnNavigationWrapper\">\r\n                <div class=\"learnNavigationContent\">\r\n                    <img decoding=\"async\" src=\"https:\/\/talkpal.ai\/wp-content\/uploads\/2024\/08\/Latvian.jpg\" alt=\"Latvian Flag\">\r\n                    <div>\r\n                        <h4>Perbendaharaan Kata Latvia<\/h4>\r\n                        <p>Kembangkan perbendaharaan kata Latvia anda.<\/p>\r\n                    <\/div>\r\n                <\/div>\r\n            <\/div>\r\n        <\/a>\r\n\r\n            <\/section>","protected":false},"excerpt":{"rendered":"<p>Panduan Terbaik untuk Tatabahasa Latvia: Menavigasi Selok-belok Bahasa Yang Unik Tatabahasa Latvia, seperti bahasa itu sendiri, membentangkan permaidani yang kaya dan menarik unsur linguistik. Sebagai bahasa Baltik, pelajar enthralls Latvia dengan ciri-ciri dan cabaran yang pelbagai bahkan penceramah yang paling mahir. Dalam panduan ini, kami akan meneroka prinsip utama tatabahasa Latvia, merungkai kerumitannya dan menyokong [&hellip;]<\/p>\n","protected":false},"author":1,"featured_media":114639,"parent":0,"menu_order":0,"comment_status":"closed","ping_status":"closed","template":"LearningContentPage.php","meta":{"_acf_changed":false,"footnotes":""},"class_list":["post-145802","page","type-page","status-publish","has-post-thumbnail","hentry"],"acf":[],"yoast_head":"<!-- This site is optimized with the Yoast SEO Premium plugin v27.2 (Yoast SEO v27.2) - https:\/\/yoast.com\/product\/yoast-seo-premium-wordpress\/ -->\n<title>Tatabahasa Latvia - Talkpal<\/title>\n<meta name=\"description\" content=\"Kuasai tatabahasa Latvia dengan yakin - pelajari peraturan, amalkan penggunaan dan tingkatkan ketepatan bahasa dengan mudah dengan bimbingan AI diperibadikan Talkpal .\" \/>\n<meta name=\"robots\" content=\"index, follow, max-snippet:-1, max-image-preview:large, max-video-preview:-1\" \/>\n<link rel=\"canonical\" href=\"https:\/\/talkpal.ai\/ms\/tatabahasa-latvia\/\" \/>\n<meta property=\"og:locale\" content=\"ms_MY\" \/>\n<meta property=\"og:type\" content=\"article\" \/>\n<meta property=\"og:title\" content=\"Tatabahasa Latvia\" \/>\n<meta property=\"og:description\" content=\"Panduan Terbaik untuk Tatabahasa Latvia: Menavigasi Selok-belok Bahasa Yang Unik Tatabahasa Latvia, seperti bahasa itu sendiri, membentangkan permaidani\" \/>\n<meta property=\"og:url\" content=\"https:\/\/talkpal.ai\/ms\/tatabahasa-latvia\/\" \/>\n<meta property=\"og:site_name\" content=\"Talkpal\" \/>\n<meta property=\"article:publisher\" content=\"https:\/\/www.facebook.com\/profile.php?id=100090733639311\" \/>\n<meta property=\"article:modified_time\" content=\"2025-12-17T17:11:38+00:00\" \/>\n<meta property=\"og:image\" content=\"https:\/\/talkpal.ai\/wp-content\/uploads\/2023\/05\/latvia.png\" \/>\n\t<meta property=\"og:image:width\" content=\"512\" \/>\n\t<meta property=\"og:image:height\" content=\"512\" \/>\n\t<meta property=\"og:image:type\" content=\"image\/png\" \/>\n<meta name=\"twitter:card\" content=\"summary_large_image\" \/>\n<meta name=\"twitter:site\" content=\"@talkpalai\" \/>\n<meta name=\"twitter:label1\" content=\"Est. reading time\" \/>\n\t<meta name=\"twitter:data1\" content=\"3 minit\" \/>\n<script type=\"application\/ld+json\" class=\"yoast-schema-graph\">{\"@context\":\"https:\/\/schema.org\",\"@graph\":[{\"@type\":\"WebPage\",\"@id\":\"https:\/\/talkpal.ai\/ms\/tatabahasa-latvia\/\",\"url\":\"https:\/\/talkpal.ai\/ms\/tatabahasa-latvia\/\",\"name\":\"Tatabahasa Latvia - Talkpal\",\"isPartOf\":{\"@id\":\"https:\/\/talkpal.ai\/ms\/#website\"},\"primaryImageOfPage\":{\"@id\":\"https:\/\/talkpal.ai\/ms\/tatabahasa-latvia\/#primaryimage\"},\"image\":{\"@id\":\"https:\/\/talkpal.ai\/ms\/tatabahasa-latvia\/#primaryimage\"},\"thumbnailUrl\":\"https:\/\/talkpal.ai\/wp-content\/uploads\/2023\/05\/latvia.png\",\"datePublished\":\"2023-05-14T14:10:24+00:00\",\"dateModified\":\"2025-12-17T17:11:38+00:00\",\"description\":\"Kuasai tatabahasa Latvia dengan yakin - pelajari peraturan, amalkan penggunaan dan tingkatkan ketepatan bahasa dengan mudah dengan bimbingan AI diperibadikan Talkpal .\",\"breadcrumb\":{\"@id\":\"https:\/\/talkpal.ai\/ms\/tatabahasa-latvia\/#breadcrumb\"},\"inLanguage\":\"ms-MY\",\"potentialAction\":[{\"@type\":\"ReadAction\",\"target\":[\"https:\/\/talkpal.ai\/ms\/tatabahasa-latvia\/\"]}]},{\"@type\":\"ImageObject\",\"inLanguage\":\"ms-MY\",\"@id\":\"https:\/\/talkpal.ai\/ms\/tatabahasa-latvia\/#primaryimage\",\"url\":\"https:\/\/talkpal.ai\/wp-content\/uploads\/2023\/05\/latvia.png\",\"contentUrl\":\"https:\/\/talkpal.ai\/wp-content\/uploads\/2023\/05\/latvia.png\",\"width\":512,\"height\":512},{\"@type\":\"BreadcrumbList\",\"@id\":\"https:\/\/talkpal.ai\/ms\/tatabahasa-latvia\/#breadcrumb\",\"itemListElement\":[{\"@type\":\"ListItem\",\"position\":1,\"name\":\"Homepage\",\"item\":\"https:\/\/talkpal.ai\/ms\/\"},{\"@type\":\"ListItem\",\"position\":2,\"name\":\"Tatabahasa Latvia\"}]},{\"@type\":\"WebSite\",\"@id\":\"https:\/\/talkpal.ai\/ms\/#website\",\"url\":\"https:\/\/talkpal.ai\/ms\/\",\"name\":\"Talkpal\",\"description\":\"AI Language Learning\",\"publisher\":{\"@id\":\"https:\/\/talkpal.ai\/ms\/#organization\"},\"alternateName\":\"Talkpal AI\",\"potentialAction\":[{\"@type\":\"SearchAction\",\"target\":{\"@type\":\"EntryPoint\",\"urlTemplate\":\"https:\/\/talkpal.ai\/ms\/?s={search_term_string}\"},\"query-input\":{\"@type\":\"PropertyValueSpecification\",\"valueRequired\":true,\"valueName\":\"search_term_string\"}}],\"inLanguage\":\"ms-MY\"},{\"@type\":\"Organization\",\"@id\":\"https:\/\/talkpal.ai\/ms\/#organization\",\"name\":\"Talkpal, Inc.\",\"alternateName\":\"Talkpal AI\",\"url\":\"https:\/\/talkpal.ai\/ms\/\",\"logo\":{\"@type\":\"ImageObject\",\"inLanguage\":\"ms-MY\",\"@id\":\"https:\/\/talkpal.ai\/ms\/#\/schema\/logo\/image\/\",\"url\":\"https:\/\/talkpal.ai\/wp-content\/uploads\/2024\/03\/Talkpal-Logo-Icon.png\",\"contentUrl\":\"https:\/\/talkpal.ai\/wp-content\/uploads\/2024\/03\/Talkpal-Logo-Icon.png\",\"width\":2880,\"height\":2880,\"caption\":\"Talkpal, Inc.\"},\"image\":{\"@id\":\"https:\/\/talkpal.ai\/ms\/#\/schema\/logo\/image\/\"},\"sameAs\":[\"https:\/\/www.facebook.com\/profile.php?id=100090733639311\",\"https:\/\/x.com\/talkpalai\",\"https:\/\/www.linkedin.com\/company\/talkpal\/\",\"https:\/\/www.youtube.com\/@TalkPal\/\",\"https:\/\/www.tiktok.com\/@talkpal\",\"https:\/\/www.instagram.com\/talkpal_ai\/\",\"https:\/\/www.crunchbase.com\/organization\/talkpal-9cde\",\"https:\/\/www.g2.com\/products\/talkpal-for-business\/\",\"https:\/\/www.trustpilot.com\/review\/talkpal.ai\",\"https:\/\/www.capterra.com\/p\/10006800\/TalkPal\/\"],\"description\":\"Talkpal is a language learning web and mobile education app, powered by the latest AI technologies, that provides engaging experiences to its customers in many different languages to help them improve their language skills. Users can chat about unlimited amount of topics with the app and use other modes to practice their language learning.\",\"email\":\"support@talkpal.ai\",\"legalName\":\"Talkpal, Inc.\",\"foundingDate\":\"2023-04-03\",\"duns\":\"118989042\",\"numberOfEmployees\":{\"@type\":\"QuantitativeValue\",\"minValue\":\"11\",\"maxValue\":\"50\"},\"publishingPrinciples\":\"https:\/\/talkpal.ai\/publishing-principles\/\",\"actionableFeedbackPolicy\":\"https:\/\/talkpal.ai\/actionable-feedback-policy\/\",\"correctionsPolicy\":\"https:\/\/talkpal.ai\/corrections-policy\/\",\"ethicsPolicy\":\"https:\/\/talkpal.ai\/ethics-policy\/\",\"diversityPolicy\":\"https:\/\/talkpal.ai\/diversity-policy\/\",\"diversityStaffingReport\":\"https:\/\/talkpal.ai\/diversity-policy\/\"}]}<\/script>\n<!-- \/ Yoast SEO Premium plugin. -->","yoast_head_json":{"title":"Tatabahasa Latvia - Talkpal","description":"Kuasai tatabahasa Latvia dengan yakin - pelajari peraturan, amalkan penggunaan dan tingkatkan ketepatan bahasa dengan mudah dengan bimbingan AI diperibadikan Talkpal .","robots":{"index":"index","follow":"follow","max-snippet":"max-snippet:-1","max-image-preview":"max-image-preview:large","max-video-preview":"max-video-preview:-1"},"canonical":"https:\/\/talkpal.ai\/ms\/tatabahasa-latvia\/","og_locale":"ms_MY","og_type":"article","og_title":"Tatabahasa Latvia","og_description":"Panduan Terbaik untuk Tatabahasa Latvia: Menavigasi Selok-belok Bahasa Yang Unik Tatabahasa Latvia, seperti bahasa itu sendiri, membentangkan permaidani","og_url":"https:\/\/talkpal.ai\/ms\/tatabahasa-latvia\/","og_site_name":"Talkpal","article_publisher":"https:\/\/www.facebook.com\/profile.php?id=100090733639311","article_modified_time":"2025-12-17T17:11:38+00:00","og_image":[{"width":512,"height":512,"url":"https:\/\/talkpal.ai\/wp-content\/uploads\/2023\/05\/latvia.png","type":"image\/png"}],"twitter_card":"summary_large_image","twitter_site":"@talkpalai","twitter_misc":{"Est. reading time":"3 minit"},"schema":{"@context":"https:\/\/schema.org","@graph":[{"@type":"WebPage","@id":"https:\/\/talkpal.ai\/ms\/tatabahasa-latvia\/","url":"https:\/\/talkpal.ai\/ms\/tatabahasa-latvia\/","name":"Tatabahasa Latvia - Talkpal","isPartOf":{"@id":"https:\/\/talkpal.ai\/ms\/#website"},"primaryImageOfPage":{"@id":"https:\/\/talkpal.ai\/ms\/tatabahasa-latvia\/#primaryimage"},"image":{"@id":"https:\/\/talkpal.ai\/ms\/tatabahasa-latvia\/#primaryimage"},"thumbnailUrl":"https:\/\/talkpal.ai\/wp-content\/uploads\/2023\/05\/latvia.png","datePublished":"2023-05-14T14:10:24+00:00","dateModified":"2025-12-17T17:11:38+00:00","description":"Kuasai tatabahasa Latvia dengan yakin - pelajari peraturan, amalkan penggunaan dan tingkatkan ketepatan bahasa dengan mudah dengan bimbingan AI diperibadikan Talkpal .","breadcrumb":{"@id":"https:\/\/talkpal.ai\/ms\/tatabahasa-latvia\/#breadcrumb"},"inLanguage":"ms-MY","potentialAction":[{"@type":"ReadAction","target":["https:\/\/talkpal.ai\/ms\/tatabahasa-latvia\/"]}]},{"@type":"ImageObject","inLanguage":"ms-MY","@id":"https:\/\/talkpal.ai\/ms\/tatabahasa-latvia\/#primaryimage","url":"https:\/\/talkpal.ai\/wp-content\/uploads\/2023\/05\/latvia.png","contentUrl":"https:\/\/talkpal.ai\/wp-content\/uploads\/2023\/05\/latvia.png","width":512,"height":512},{"@type":"BreadcrumbList","@id":"https:\/\/talkpal.ai\/ms\/tatabahasa-latvia\/#breadcrumb","itemListElement":[{"@type":"ListItem","position":1,"name":"Homepage","item":"https:\/\/talkpal.ai\/ms\/"},{"@type":"ListItem","position":2,"name":"Tatabahasa Latvia"}]},{"@type":"WebSite","@id":"https:\/\/talkpal.ai\/ms\/#website","url":"https:\/\/talkpal.ai\/ms\/","name":"Talkpal","description":"AI Language Learning","publisher":{"@id":"https:\/\/talkpal.ai\/ms\/#organization"},"alternateName":"Talkpal AI","potentialAction":[{"@type":"SearchAction","target":{"@type":"EntryPoint","urlTemplate":"https:\/\/talkpal.ai\/ms\/?s={search_term_string}"},"query-input":{"@type":"PropertyValueSpecification","valueRequired":true,"valueName":"search_term_string"}}],"inLanguage":"ms-MY"},{"@type":"Organization","@id":"https:\/\/talkpal.ai\/ms\/#organization","name":"Talkpal, Inc.","alternateName":"Talkpal AI","url":"https:\/\/talkpal.ai\/ms\/","logo":{"@type":"ImageObject","inLanguage":"ms-MY","@id":"https:\/\/talkpal.ai\/ms\/#\/schema\/logo\/image\/","url":"https:\/\/talkpal.ai\/wp-content\/uploads\/2024\/03\/Talkpal-Logo-Icon.png","contentUrl":"https:\/\/talkpal.ai\/wp-content\/uploads\/2024\/03\/Talkpal-Logo-Icon.png","width":2880,"height":2880,"caption":"Talkpal, Inc."},"image":{"@id":"https:\/\/talkpal.ai\/ms\/#\/schema\/logo\/image\/"},"sameAs":["https:\/\/www.facebook.com\/profile.php?id=100090733639311","https:\/\/x.com\/talkpalai","https:\/\/www.linkedin.com\/company\/talkpal\/","https:\/\/www.youtube.com\/@TalkPal\/","https:\/\/www.tiktok.com\/@talkpal","https:\/\/www.instagram.com\/talkpal_ai\/","https:\/\/www.crunchbase.com\/organization\/talkpal-9cde","https:\/\/www.g2.com\/products\/talkpal-for-business\/","https:\/\/www.trustpilot.com\/review\/talkpal.ai","https:\/\/www.capterra.com\/p\/10006800\/TalkPal\/"],"description":"Talkpal is a language learning web and mobile education app, powered by the latest AI technologies, that provides engaging experiences to its customers in many different languages to help them improve their language skills. Users can chat about unlimited amount of topics with the app and use other modes to practice their language learning.","email":"support@talkpal.ai","legalName":"Talkpal, Inc.","foundingDate":"2023-04-03","duns":"118989042","numberOfEmployees":{"@type":"QuantitativeValue","minValue":"11","maxValue":"50"},"publishingPrinciples":"https:\/\/talkpal.ai\/publishing-principles\/","actionableFeedbackPolicy":"https:\/\/talkpal.ai\/actionable-feedback-policy\/","correctionsPolicy":"https:\/\/talkpal.ai\/corrections-policy\/","ethicsPolicy":"https:\/\/talkpal.ai\/ethics-policy\/","diversityPolicy":"https:\/\/talkpal.ai\/diversity-policy\/","diversityStaffingReport":"https:\/\/talkpal.ai\/diversity-policy\/"}]}},"_links":{"self":[{"href":"https:\/\/talkpal.ai\/ms\/wp-json\/wp\/v2\/pages\/145802","targetHints":{"allow":["GET"]}}],"collection":[{"href":"https:\/\/talkpal.ai\/ms\/wp-json\/wp\/v2\/pages"}],"about":[{"href":"https:\/\/talkpal.ai\/ms\/wp-json\/wp\/v2\/types\/page"}],"author":[{"embeddable":true,"href":"https:\/\/talkpal.ai\/ms\/wp-json\/wp\/v2\/users\/1"}],"replies":[{"embeddable":true,"href":"https:\/\/talkpal.ai\/ms\/wp-json\/wp\/v2\/comments?post=145802"}],"version-history":[{"count":0,"href":"https:\/\/talkpal.ai\/ms\/wp-json\/wp\/v2\/pages\/145802\/revisions"}],"wp:featuredmedia":[{"embeddable":true,"href":"https:\/\/talkpal.ai\/ms\/wp-json\/wp\/v2\/media\/114639"}],"wp:attachment":[{"href":"https:\/\/talkpal.ai\/ms\/wp-json\/wp\/v2\/media?parent=145802"}],"curies":[{"name":"wp","href":"https:\/\/api.w.org\/{rel}","templated":true}]}}