{"id":143222,"date":"2023-05-14T14:03:07","date_gmt":"2023-05-14T14:03:07","guid":{"rendered":"http:\/\/talkpal.ai\/tatabahasa-czech\/"},"modified":"2025-12-13T15:22:53","modified_gmt":"2025-12-13T15:22:53","slug":"tatabahasa-czech","status":"publish","type":"page","link":"https:\/\/talkpal.ai\/ms\/tatabahasa-czech\/","title":{"rendered":"Tatabahasa Czech"},"content":{"rendered":"\r\n\r\n\r\n<section class=\"languageChallengeSection\">\r\n    <div class=\"languageInfoWrapper\">\r\n        \r\n        <h1>Tatabahasa Czech<\/h1>\r\n        <p>Terokai selok-belok <a href=\"https:\/\/talkpal.ai\/czech-grammar\/\">tatabahasa Czech<\/a> dan buka pintu untuk memahami bahasa Eropah Tengah ini. Dengan menguasai peraturan dan corak penting, anda akan berkomunikasi dengan lebih berkesan dan memperoleh gambaran yang lebih mendalam tentang budaya <a href=\"https:\/\/talkpal.ai\/learn-czech\/\">Czech<\/a>. Mula belajar <a href=\"https:\/\/talkpal.ai\/czech-grammar\/\">tatabahasa Czech<\/a> hari ini dan ambil langkah pertama anda ke arah kefasihan!<\/p>\r\n\r\n                            <a class=\"getStartedHidden\" href=\"https:\/\/app.talkpal.ai\/ms\/signup?lng=\">Mula<\/a>\r\n        \r\n    <\/div>\r\n\r\n    <figure>\r\n    <img decoding=\"async\" width=\"768\" height=\"768\" src=\"https:\/\/talkpal.ai\/wp-content\/uploads\/2023\/06\/Czech-768x768.png\" class=\"languageImage no-lazy\" alt=\"Language learning for intellectual development\" fetchpriority=\"high\" sizes=\"(max-width: 768px) 150px, 768px\" srcset=\"https:\/\/talkpal.ai\/wp-content\/uploads\/2023\/06\/Czech-768x768.png 768w, https:\/\/talkpal.ai\/wp-content\/uploads\/2023\/06\/Czech-300x300.png 300w\" \/>\r\n    \r\n\r\n    <\/figure>\r\n\r\n            <a class=\"getStartedVisible\" href=\"https:\/\/app.talkpal.ai\/ms\/signup?lng=\">Mula<\/a>\r\n    \r\n<\/section>\r\n<section class=\"promotionalBanner\">\r\n    <p class=\"promotionalText\">Cara paling berkesan untuk mempelajari bahasa<\/p>\r\n    <a class=\"promotionalLink\" href=\"https:\/\/app.talkpal.ai\/ms\/signup?lng=\">Cuba Talkpal secara percuma<\/a>\r\n<\/section>\n<div class=\"wp-block-group pageContainerStyle\"><div class=\"wp-block-group__inner-container is-layout-constrained wp-block-group-is-layout-constrained\">\n<h2 class=\"wp-block-heading\" id=\"h-czech-grammar-making-sense-of-the-czech-language-s-unique-structure\">Tatabahasa Czech: Memahami Struktur Unik Bahasa Czech<\/h2>\n\n\n\n<p>Jika anda pernah mencuba untuk mempelajari bahasa Czech \u2013 atau bahkan hanya membaca artikel atau buku Czech \u2013 anda mungkin perasan bahawa tatabahasanya agak mencabar. Dianggap secara meluas sebagai salah satu sistem bahasa yang paling kompleks, <a href=\"https:\/\/talkpal.ai\/grammar\/\">tatabahasa<\/a> Czech telah membingungkan ramai <a href=\"https:\/\/talkpal.ai\/talkpal-discount-for-students\/\">pelajar<\/a> asing. Tetapi jangan biarkan <a href=\"https:\/\/talkpal.ai\/locations\/language-courses-in-itu\/\">itu<\/a> menakutkan anda! Keistimewaan tatabahasa Czech adalah apa yang menjadikannya menarik dan unik. Dalam artikel ini, <a href=\"https:\/\/talkpal.ai\/locations\/language-courses-in-kami\/\">kami<\/a> akan menghurai beberapa elemen utama tatabahasa Czech dalam cara perbualan, membantu anda memahami bahasa yang indah ini dengan lebih mendalam.<\/p>\n\n\n\n<h3 class=\"wp-block-heading\" id=\"h-1-nouns-declensions-and-cases-galore\">1. Kata nama &#8211; Declensions dan Kes Galore!<\/h3>\n\n\n\n<p>Salah satu perkara pertama yang anda akan perhatikan tentang tatabahasa Czech ialah declensions kata namanya. Declension adalah sekumpulan kata nama dengan ciri tatabahasa yang serupa, dan Czech mempunyai sehingga 14 delensi yang berbeza. Bagaimana itu untuk pelbagai? Setiap declension mempunyai corak tertentu untuk mewakili bentuk kata nama tunggal dan jamak.<\/p>\n\n\n\n<p>Kata nama Czech juga mempunyai tujuh kes yang berbeza: nominatif, genitif, dative, accusative, vocative, locative, dan instrumental. Walaupun bilangan sedemikian mungkin kelihatan menakutkan, adalah penting untuk mengetahui tentang kes ini kerana ia adalah penting dalam menyampaikan makna. Sebagai contoh, dalam bahasa Czech, susunan perkataan tidak begitu kritikal seperti dalam bahasa Inggeris \u2013 ia adalah kes yang menunjukkan hubungan antara perkataan.<\/p>\n\n\n\n<h3 class=\"wp-block-heading\" id=\"h-2-adjectives-agreeing-with-nouns\">2. Kata sifat &#8211; Bersetuju dengan Kata Nama<\/h3>\n\n\n\n<p>Kata sifat Czech mempunyai tugas khas: mereka mesti bersetuju dengan kata nama yang mereka ubah suai dalam jantina, nombor, dan kes. Fikirkan ia sebagai duo dinamik, tatabahasa tango, di mana separuh anggun menyesuaikan diri untuk melengkapkan yang lain. Perjanjian ini membantu mewujudkan keharmonian dalam ayat dan meningkatkan kejelasan.<\/p>\n\n\n\n<p>Sebagai contoh, perkataan untuk &#8220;cantik&#8221; dalam bahasa Czech ialah &#8220;kr\u00e1sn\u00fd.&#8221; Jika anda menerangkan sebuah rumah yang cantik (d\u016fm), iaitu maskulin, anda akan menggunakan \u201ckr\u00e1sn\u00fd d\u016fm\u201d. Untuk gadis cantik (d\u00edvka), yang feminin, ia menjadi &#8220;kr\u00e1sn\u00e1 d\u00edvka.&#8221; Dan untuk hari yang indah (den), yang netral, anda akan menyebut &#8220;kr\u00e1sn\u00fd den.&#8221; Lihat bagaimana kata sifat menari bersama dengan kata nama?<\/p>\n\n\n\n<h3 class=\"wp-block-heading\" id=\"h-3-verbs-the-art-of-conjugation\">3. Kata Kerja &#8211; Seni Konjugasi<\/h3>\n\n\n\n<p>Di Czech, seni konjugasi &#8211; iaitu mengubah bentuk kata kerja berdasarkan tegang, mood, dan orang &#8211; mengambil nyawa sendiri. Kata kerja Czech terbahagi kepada dua kategori: sempurna dan tidak sempurna. Kata kerja yang sempurna menunjukkan bahawa tindakan telah selesai, sementara kata kerja yang tidak sempurna mencadangkan tindakan yang berterusan atau biasa.  <\/p>\n\n\n\n<p>Tatabahasa Czech mempunyai beberapa kebiasaan yang menarik apabila ia berkaitan dengan kata kerja. Sebagai contoh, tegang masa depan hanya terbentuk secara teratur untuk kata kerja yang tidak sempurna. Untuk kata kerja yang sempurna, ia bergabung dengan tegang sekarang! Selain itu, daripada mempunyai suara pasif tertentu, Czech menggabungkan pembinaan pasif menggunakan kata kerja tambahan. Jangan lupa tentang kata kerja refleksif Czech, di mana tindakan melantun kembali kepada subjek, menambah satu lagi lapisan nuansa pada bahasa yang menarik ini.<\/p>\n\n\n\n<h3 class=\"wp-block-heading\" id=\"h-4-pronouns-the-mirror-of-linguistic-diversity\">4. Kata ganti: Cermin Kepelbagaian Linguistik<\/h3>\n\n\n\n<p>Kata ganti nama dalam tatabahasa Czech \u2013 kita bercakap kata ganti nama diri, posesif, demonstratif, interogatif dan relatif \u2013 semuanya memaparkan kepelbagaian yang sama seperti bahagian pertuturan yang lain. Mereka juga mesti bersetuju dalam jantina, nombor, dan kes dengan kata nama yang mereka ganti atau rujuk.<\/p>\n\n\n\n<p>Sebagai contoh, jika anda bercakap tentang buku yang anda suka, anda akan menyebut &#8220;M\u00e1m r\u00e1d tu knihu&#8221; (Saya suka buku itu). Di sini, &#8220;tu&#8221; ialah bentuk feminin kata ganti nama demonstratif &#8220;itu,&#8221; bersetuju dengan &#8220;kniha&#8221; (buku), yang juga feminin.<\/p>\n\n\n\n<h3 class=\"wp-block-heading\" id=\"h-5-embracing-the-challenge\">5. Mendepani Cabaran<\/h3>\n\n\n\n<p>Tatabahasa Czech mungkin membingungkan dan menakutkan, tetapi ia juga yang menjadikan bahasa yang menarik ini menonjol. Jangan lari dari cabaran! Ingat, ini bukan tentang menguasai segala-galanya sekaligus tetapi membuat kemajuan langkah demi langkah. Luangkan masa untuk memahami sistem tatabahasa Czech yang unik, dan anda akan berjaya menguasai bahasa yang indah dan kompleks ini. Dan, semasa anda menerima nuansa menarik yang ditawarkan oleh tatabahasa Czech, anda pasti akan menemui penghargaan baru untuk kerumitannya. Selamat belajar!<\/p>\n<\/div><\/div>\n\r\n<section class=\"learnNavigationSection\">\r\n            \r\n        <a href=\"https:\/\/talkpal.ai\/ms\/belajar-bahasa-czech\/\">\r\n            <div class=\"learnNavigationWrapper\">\r\n                <div class=\"learnNavigationContent\">\r\n                    <img decoding=\"async\" src=\"https:\/\/talkpal.ai\/wp-content\/uploads\/2024\/08\/Czech.jpg\" alt=\"Czech Flag\">\r\n                    <div>\r\n                        <h4>Mengenai Pembelajaran Bahasa Czech<\/h4>\r\n                        <p>Ketahui semua tentang tatabahasa Czech .<\/p>\r\n                    <\/div>\r\n                <\/div>\r\n            <\/div>\r\n        <\/a>\r\n\r\n        \r\n        <a href=\"https:\/\/talkpal.ai\/ms\/latihan-tatabahasa-czech\/\">\r\n            <div class=\"learnNavigationWrapper\">\r\n                <div class=\"learnNavigationContent\">\r\n                    <img decoding=\"async\" src=\"https:\/\/talkpal.ai\/wp-content\/uploads\/2024\/08\/Czech.jpg\" alt=\"Czech Flag\">\r\n                    <div>\r\n                        <h4>Latihan Tatabahasa Czech<\/h4>\r\n                        <p>Amalkan tatabahasa Czech .<\/p>\r\n                    <\/div>\r\n                <\/div>\r\n            <\/div>\r\n        <\/a>\r\n\r\n        \r\n        <a href=\"https:\/\/talkpal.ai\/vocabulary_language\/czech\/\">\r\n            <div class=\"learnNavigationWrapper\">\r\n                <div class=\"learnNavigationContent\">\r\n                    <img decoding=\"async\" src=\"https:\/\/talkpal.ai\/wp-content\/uploads\/2024\/08\/Czech.jpg\" alt=\"Czech Flag\">\r\n                    <div>\r\n                        <h4>Perbendaharaan Kata Czech<\/h4>\r\n                        <p>Kembangkan perbendaharaan kata Czech anda.<\/p>\r\n                    <\/div>\r\n                <\/div>\r\n            <\/div>\r\n        <\/a>\r\n\r\n            <\/section>","protected":false},"excerpt":{"rendered":"<p>Tatabahasa Czech: Memahami Struktur Unik Bahasa Czech Jika anda pernah mencuba untuk mempelajari bahasa Czech \u2013 atau bahkan hanya membaca artikel atau buku Czech \u2013 anda mungkin perasan bahawa tatabahasanya agak mencabar. Dianggap secara meluas sebagai salah satu sistem bahasa yang paling kompleks, tatabahasa Czech telah membingungkan ramai pelajar asing. Tetapi jangan biarkan itu menakutkan [&hellip;]<\/p>\n","protected":false},"author":1,"featured_media":111746,"parent":0,"menu_order":0,"comment_status":"closed","ping_status":"closed","template":"LearningContentPage.php","meta":{"_acf_changed":false,"footnotes":""},"class_list":["post-143222","page","type-page","status-publish","has-post-thumbnail","hentry"],"acf":[],"yoast_head":"<!-- This site is optimized with the Yoast SEO Premium plugin v27.2 (Yoast SEO v27.2) - https:\/\/yoast.com\/product\/yoast-seo-premium-wordpress\/ -->\n<title>Tatabahasa Czech - Talkpal<\/title>\n<meta name=\"description\" content=\"Buka kunci rahsia tatabahasa Czech. Ketahui tentang kerumitan uniknya dan cara menguasai deklinasi kata nama dengan berkesan.\" \/>\n<meta name=\"robots\" content=\"index, follow, max-snippet:-1, max-image-preview:large, max-video-preview:-1\" \/>\n<link rel=\"canonical\" href=\"https:\/\/talkpal.ai\/ms\/tatabahasa-czech\/\" \/>\n<meta property=\"og:locale\" content=\"ms_MY\" \/>\n<meta property=\"og:type\" content=\"article\" \/>\n<meta property=\"og:title\" content=\"Tatabahasa Czech\" \/>\n<meta property=\"og:description\" content=\"Tatabahasa Czech: Memahami Struktur Unik Bahasa Czech Jika anda pernah mencuba untuk mempelajari bahasa Czech \u2013 atau bahkan hanya membaca artikel atau\" \/>\n<meta property=\"og:url\" content=\"https:\/\/talkpal.ai\/ms\/tatabahasa-czech\/\" \/>\n<meta property=\"og:site_name\" content=\"Talkpal\" \/>\n<meta property=\"article:publisher\" content=\"https:\/\/www.facebook.com\/profile.php?id=100090733639311\" \/>\n<meta property=\"article:modified_time\" content=\"2025-12-13T15:22:53+00:00\" \/>\n<meta property=\"og:image\" content=\"https:\/\/talkpal.ai\/wp-content\/uploads\/2023\/05\/czech-republic.png\" \/>\n\t<meta property=\"og:image:width\" content=\"512\" \/>\n\t<meta property=\"og:image:height\" content=\"512\" \/>\n\t<meta property=\"og:image:type\" content=\"image\/png\" \/>\n<meta name=\"twitter:card\" content=\"summary_large_image\" \/>\n<meta name=\"twitter:site\" content=\"@talkpalai\" \/>\n<meta name=\"twitter:label1\" content=\"Est. reading time\" \/>\n\t<meta name=\"twitter:data1\" content=\"3 minit\" \/>\n<script type=\"application\/ld+json\" class=\"yoast-schema-graph\">{\"@context\":\"https:\/\/schema.org\",\"@graph\":[{\"@type\":\"WebPage\",\"@id\":\"https:\/\/talkpal.ai\/ms\/tatabahasa-czech\/\",\"url\":\"https:\/\/talkpal.ai\/ms\/tatabahasa-czech\/\",\"name\":\"Tatabahasa Czech - Talkpal\",\"isPartOf\":{\"@id\":\"https:\/\/talkpal.ai\/ms\/#website\"},\"primaryImageOfPage\":{\"@id\":\"https:\/\/talkpal.ai\/ms\/tatabahasa-czech\/#primaryimage\"},\"image\":{\"@id\":\"https:\/\/talkpal.ai\/ms\/tatabahasa-czech\/#primaryimage\"},\"thumbnailUrl\":\"https:\/\/talkpal.ai\/wp-content\/uploads\/2023\/05\/czech-republic.png\",\"datePublished\":\"2023-05-14T14:03:07+00:00\",\"dateModified\":\"2025-12-13T15:22:53+00:00\",\"description\":\"Buka kunci rahsia tatabahasa Czech. Ketahui tentang kerumitan uniknya dan cara menguasai deklinasi kata nama dengan berkesan.\",\"breadcrumb\":{\"@id\":\"https:\/\/talkpal.ai\/ms\/tatabahasa-czech\/#breadcrumb\"},\"inLanguage\":\"ms-MY\",\"potentialAction\":[{\"@type\":\"ReadAction\",\"target\":[\"https:\/\/talkpal.ai\/ms\/tatabahasa-czech\/\"]}]},{\"@type\":\"ImageObject\",\"inLanguage\":\"ms-MY\",\"@id\":\"https:\/\/talkpal.ai\/ms\/tatabahasa-czech\/#primaryimage\",\"url\":\"https:\/\/talkpal.ai\/wp-content\/uploads\/2023\/05\/czech-republic.png\",\"contentUrl\":\"https:\/\/talkpal.ai\/wp-content\/uploads\/2023\/05\/czech-republic.png\",\"width\":512,\"height\":512},{\"@type\":\"BreadcrumbList\",\"@id\":\"https:\/\/talkpal.ai\/ms\/tatabahasa-czech\/#breadcrumb\",\"itemListElement\":[{\"@type\":\"ListItem\",\"position\":1,\"name\":\"Homepage\",\"item\":\"https:\/\/talkpal.ai\/ms\/\"},{\"@type\":\"ListItem\",\"position\":2,\"name\":\"Tatabahasa Czech\"}]},{\"@type\":\"WebSite\",\"@id\":\"https:\/\/talkpal.ai\/ms\/#website\",\"url\":\"https:\/\/talkpal.ai\/ms\/\",\"name\":\"Talkpal\",\"description\":\"AI Language Learning\",\"publisher\":{\"@id\":\"https:\/\/talkpal.ai\/ms\/#organization\"},\"alternateName\":\"Talkpal AI\",\"potentialAction\":[{\"@type\":\"SearchAction\",\"target\":{\"@type\":\"EntryPoint\",\"urlTemplate\":\"https:\/\/talkpal.ai\/ms\/?s={search_term_string}\"},\"query-input\":{\"@type\":\"PropertyValueSpecification\",\"valueRequired\":true,\"valueName\":\"search_term_string\"}}],\"inLanguage\":\"ms-MY\"},{\"@type\":\"Organization\",\"@id\":\"https:\/\/talkpal.ai\/ms\/#organization\",\"name\":\"Talkpal, Inc.\",\"alternateName\":\"Talkpal AI\",\"url\":\"https:\/\/talkpal.ai\/ms\/\",\"logo\":{\"@type\":\"ImageObject\",\"inLanguage\":\"ms-MY\",\"@id\":\"https:\/\/talkpal.ai\/ms\/#\/schema\/logo\/image\/\",\"url\":\"https:\/\/talkpal.ai\/wp-content\/uploads\/2024\/03\/Talkpal-Logo-Icon.png\",\"contentUrl\":\"https:\/\/talkpal.ai\/wp-content\/uploads\/2024\/03\/Talkpal-Logo-Icon.png\",\"width\":2880,\"height\":2880,\"caption\":\"Talkpal, Inc.\"},\"image\":{\"@id\":\"https:\/\/talkpal.ai\/ms\/#\/schema\/logo\/image\/\"},\"sameAs\":[\"https:\/\/www.facebook.com\/profile.php?id=100090733639311\",\"https:\/\/x.com\/talkpalai\",\"https:\/\/www.linkedin.com\/company\/talkpal\/\",\"https:\/\/www.youtube.com\/@TalkPal\/\",\"https:\/\/www.tiktok.com\/@talkpal\",\"https:\/\/www.instagram.com\/talkpal_ai\/\",\"https:\/\/www.crunchbase.com\/organization\/talkpal-9cde\",\"https:\/\/www.g2.com\/products\/talkpal-for-business\/\",\"https:\/\/www.trustpilot.com\/review\/talkpal.ai\",\"https:\/\/www.capterra.com\/p\/10006800\/TalkPal\/\"],\"description\":\"Talkpal is a language learning web and mobile education app, powered by the latest AI technologies, that provides engaging experiences to its customers in many different languages to help them improve their language skills. Users can chat about unlimited amount of topics with the app and use other modes to practice their language learning.\",\"email\":\"support@talkpal.ai\",\"legalName\":\"Talkpal, Inc.\",\"foundingDate\":\"2023-04-03\",\"duns\":\"118989042\",\"numberOfEmployees\":{\"@type\":\"QuantitativeValue\",\"minValue\":\"11\",\"maxValue\":\"50\"},\"publishingPrinciples\":\"https:\/\/talkpal.ai\/publishing-principles\/\",\"actionableFeedbackPolicy\":\"https:\/\/talkpal.ai\/actionable-feedback-policy\/\",\"correctionsPolicy\":\"https:\/\/talkpal.ai\/corrections-policy\/\",\"ethicsPolicy\":\"https:\/\/talkpal.ai\/ethics-policy\/\",\"diversityPolicy\":\"https:\/\/talkpal.ai\/diversity-policy\/\",\"diversityStaffingReport\":\"https:\/\/talkpal.ai\/diversity-policy\/\"}]}<\/script>\n<!-- \/ Yoast SEO Premium plugin. -->","yoast_head_json":{"title":"Tatabahasa Czech - Talkpal","description":"Buka kunci rahsia tatabahasa Czech. Ketahui tentang kerumitan uniknya dan cara menguasai deklinasi kata nama dengan berkesan.","robots":{"index":"index","follow":"follow","max-snippet":"max-snippet:-1","max-image-preview":"max-image-preview:large","max-video-preview":"max-video-preview:-1"},"canonical":"https:\/\/talkpal.ai\/ms\/tatabahasa-czech\/","og_locale":"ms_MY","og_type":"article","og_title":"Tatabahasa Czech","og_description":"Tatabahasa Czech: Memahami Struktur Unik Bahasa Czech Jika anda pernah mencuba untuk mempelajari bahasa Czech \u2013 atau bahkan hanya membaca artikel atau","og_url":"https:\/\/talkpal.ai\/ms\/tatabahasa-czech\/","og_site_name":"Talkpal","article_publisher":"https:\/\/www.facebook.com\/profile.php?id=100090733639311","article_modified_time":"2025-12-13T15:22:53+00:00","og_image":[{"width":512,"height":512,"url":"https:\/\/talkpal.ai\/wp-content\/uploads\/2023\/05\/czech-republic.png","type":"image\/png"}],"twitter_card":"summary_large_image","twitter_site":"@talkpalai","twitter_misc":{"Est. reading time":"3 minit"},"schema":{"@context":"https:\/\/schema.org","@graph":[{"@type":"WebPage","@id":"https:\/\/talkpal.ai\/ms\/tatabahasa-czech\/","url":"https:\/\/talkpal.ai\/ms\/tatabahasa-czech\/","name":"Tatabahasa Czech - Talkpal","isPartOf":{"@id":"https:\/\/talkpal.ai\/ms\/#website"},"primaryImageOfPage":{"@id":"https:\/\/talkpal.ai\/ms\/tatabahasa-czech\/#primaryimage"},"image":{"@id":"https:\/\/talkpal.ai\/ms\/tatabahasa-czech\/#primaryimage"},"thumbnailUrl":"https:\/\/talkpal.ai\/wp-content\/uploads\/2023\/05\/czech-republic.png","datePublished":"2023-05-14T14:03:07+00:00","dateModified":"2025-12-13T15:22:53+00:00","description":"Buka kunci rahsia tatabahasa Czech. Ketahui tentang kerumitan uniknya dan cara menguasai deklinasi kata nama dengan berkesan.","breadcrumb":{"@id":"https:\/\/talkpal.ai\/ms\/tatabahasa-czech\/#breadcrumb"},"inLanguage":"ms-MY","potentialAction":[{"@type":"ReadAction","target":["https:\/\/talkpal.ai\/ms\/tatabahasa-czech\/"]}]},{"@type":"ImageObject","inLanguage":"ms-MY","@id":"https:\/\/talkpal.ai\/ms\/tatabahasa-czech\/#primaryimage","url":"https:\/\/talkpal.ai\/wp-content\/uploads\/2023\/05\/czech-republic.png","contentUrl":"https:\/\/talkpal.ai\/wp-content\/uploads\/2023\/05\/czech-republic.png","width":512,"height":512},{"@type":"BreadcrumbList","@id":"https:\/\/talkpal.ai\/ms\/tatabahasa-czech\/#breadcrumb","itemListElement":[{"@type":"ListItem","position":1,"name":"Homepage","item":"https:\/\/talkpal.ai\/ms\/"},{"@type":"ListItem","position":2,"name":"Tatabahasa Czech"}]},{"@type":"WebSite","@id":"https:\/\/talkpal.ai\/ms\/#website","url":"https:\/\/talkpal.ai\/ms\/","name":"Talkpal","description":"AI Language Learning","publisher":{"@id":"https:\/\/talkpal.ai\/ms\/#organization"},"alternateName":"Talkpal AI","potentialAction":[{"@type":"SearchAction","target":{"@type":"EntryPoint","urlTemplate":"https:\/\/talkpal.ai\/ms\/?s={search_term_string}"},"query-input":{"@type":"PropertyValueSpecification","valueRequired":true,"valueName":"search_term_string"}}],"inLanguage":"ms-MY"},{"@type":"Organization","@id":"https:\/\/talkpal.ai\/ms\/#organization","name":"Talkpal, Inc.","alternateName":"Talkpal AI","url":"https:\/\/talkpal.ai\/ms\/","logo":{"@type":"ImageObject","inLanguage":"ms-MY","@id":"https:\/\/talkpal.ai\/ms\/#\/schema\/logo\/image\/","url":"https:\/\/talkpal.ai\/wp-content\/uploads\/2024\/03\/Talkpal-Logo-Icon.png","contentUrl":"https:\/\/talkpal.ai\/wp-content\/uploads\/2024\/03\/Talkpal-Logo-Icon.png","width":2880,"height":2880,"caption":"Talkpal, Inc."},"image":{"@id":"https:\/\/talkpal.ai\/ms\/#\/schema\/logo\/image\/"},"sameAs":["https:\/\/www.facebook.com\/profile.php?id=100090733639311","https:\/\/x.com\/talkpalai","https:\/\/www.linkedin.com\/company\/talkpal\/","https:\/\/www.youtube.com\/@TalkPal\/","https:\/\/www.tiktok.com\/@talkpal","https:\/\/www.instagram.com\/talkpal_ai\/","https:\/\/www.crunchbase.com\/organization\/talkpal-9cde","https:\/\/www.g2.com\/products\/talkpal-for-business\/","https:\/\/www.trustpilot.com\/review\/talkpal.ai","https:\/\/www.capterra.com\/p\/10006800\/TalkPal\/"],"description":"Talkpal is a language learning web and mobile education app, powered by the latest AI technologies, that provides engaging experiences to its customers in many different languages to help them improve their language skills. Users can chat about unlimited amount of topics with the app and use other modes to practice their language learning.","email":"support@talkpal.ai","legalName":"Talkpal, Inc.","foundingDate":"2023-04-03","duns":"118989042","numberOfEmployees":{"@type":"QuantitativeValue","minValue":"11","maxValue":"50"},"publishingPrinciples":"https:\/\/talkpal.ai\/publishing-principles\/","actionableFeedbackPolicy":"https:\/\/talkpal.ai\/actionable-feedback-policy\/","correctionsPolicy":"https:\/\/talkpal.ai\/corrections-policy\/","ethicsPolicy":"https:\/\/talkpal.ai\/ethics-policy\/","diversityPolicy":"https:\/\/talkpal.ai\/diversity-policy\/","diversityStaffingReport":"https:\/\/talkpal.ai\/diversity-policy\/"}]}},"_links":{"self":[{"href":"https:\/\/talkpal.ai\/ms\/wp-json\/wp\/v2\/pages\/143222","targetHints":{"allow":["GET"]}}],"collection":[{"href":"https:\/\/talkpal.ai\/ms\/wp-json\/wp\/v2\/pages"}],"about":[{"href":"https:\/\/talkpal.ai\/ms\/wp-json\/wp\/v2\/types\/page"}],"author":[{"embeddable":true,"href":"https:\/\/talkpal.ai\/ms\/wp-json\/wp\/v2\/users\/1"}],"replies":[{"embeddable":true,"href":"https:\/\/talkpal.ai\/ms\/wp-json\/wp\/v2\/comments?post=143222"}],"version-history":[{"count":0,"href":"https:\/\/talkpal.ai\/ms\/wp-json\/wp\/v2\/pages\/143222\/revisions"}],"wp:featuredmedia":[{"embeddable":true,"href":"https:\/\/talkpal.ai\/ms\/wp-json\/wp\/v2\/media\/111746"}],"wp:attachment":[{"href":"https:\/\/talkpal.ai\/ms\/wp-json\/wp\/v2\/media?parent=143222"}],"curies":[{"name":"wp","href":"https:\/\/api.w.org\/{rel}","templated":true}]}}