{"id":130011,"date":"2023-05-14T13:51:46","date_gmt":"2023-05-14T13:51:46","guid":{"rendered":"http:\/\/talkpal.ai\/tatabahasa-portugis\/"},"modified":"2025-12-11T16:46:48","modified_gmt":"2025-12-11T16:46:48","slug":"tatabahasa-portugis","status":"publish","type":"page","link":"https:\/\/talkpal.ai\/ms\/tatabahasa-portugis\/","title":{"rendered":"Tatabahasa Portugis"},"content":{"rendered":"\r\n\r\n\r\n<section class=\"languageChallengeSection\">\r\n    <div class=\"languageInfoWrapper\">\r\n        \r\n        <h1>Tatabahasa Portugis<\/h1>\r\n        <p>Terokai asas <a href=\"https:\/\/talkpal.ai\/portuguese-grammar\/\">tatabahasa Portugis<\/a> dan buka peluang dunia untuk berhubung dengan berjuta-juta penceramah di seluruh dunia. Dengan menguasai peraturan dan struktur utamanya, anda akan bersedia untuk berkomunikasi dengan yakin dan menikmati budaya <a href=\"https:\/\/talkpal.ai\/learn-portuguese\/\">Portugis<\/a> sepenuhnya. Mula belajar <a href=\"https:\/\/talkpal.ai\/portuguese-grammar\/\">tatabahasa Portugis<\/a> hari ini dan ambil langkah pertama anda ke arah kefasihan!<\/p>\r\n\r\n                            <a class=\"getStartedHidden\" href=\"https:\/\/app.talkpal.ai\/ms\/signup?lng=\">Mula<\/a>\r\n        \r\n    <\/div>\r\n\r\n    <figure>\r\n    <img decoding=\"async\" width=\"768\" height=\"768\" src=\"https:\/\/talkpal.ai\/wp-content\/uploads\/2023\/06\/portuguese-768x768.png\" class=\"languageImage no-lazy\" alt=\"Language learning for broader world view\" fetchpriority=\"high\" sizes=\"(max-width: 768px) 150px, 768px\" srcset=\"https:\/\/talkpal.ai\/wp-content\/uploads\/2023\/06\/portuguese-768x768.png 768w, https:\/\/talkpal.ai\/wp-content\/uploads\/2023\/06\/portuguese-300x300.png 300w\" \/>\r\n    \r\n\r\n    <\/figure>\r\n\r\n            <a class=\"getStartedVisible\" href=\"https:\/\/app.talkpal.ai\/ms\/signup?lng=\">Mula<\/a>\r\n    \r\n<\/section>\r\n<section class=\"promotionalBanner\">\r\n    <p class=\"promotionalText\">Cara paling berkesan untuk mempelajari bahasa<\/p>\r\n    <a class=\"promotionalLink\" href=\"https:\/\/app.talkpal.ai\/ms\/signup?lng=\">Cuba Talkpal secara percuma<\/a>\r\n<\/section>\n<div class=\"wp-block-group pageContainerStyle\"><div class=\"wp-block-group__inner-container is-layout-constrained wp-block-group-is-layout-constrained\">\n<h2 class=\"wp-block-heading\" id=\"h-a-beginner-s-guide-to-understanding-portuguese-grammar\">Panduan Pemula untuk Memahami Tatabahasa Portugis<\/h2>\n\n\n\n<p><a href=\"https:\/\/talkpal.ai\/locations\/language-courses-in-sama\/\">Sama<\/a> ada anda merancang perjalanan ke <a href=\"https:\/\/talkpal.ai\/locations\/language-courses-in-portugal\/\">Portugal<\/a> atau hanya berminat untuk menguasai bahasa baharu, <a href=\"https:\/\/talkpal.ai\/id\/belajar\/\">pembelajaran bahasa<\/a> Portugis boleh menjadi pengalaman yang menarik dan bermanfaat. Satu aspek penting dalam pembelajaran bahasa Portugis, seperti yang lain, adalah memahami tatabahasanya. Artikel ini akan membimbing anda melalui asas-asas tatabahasa Portugis, memberikan anda petua dan pandangan penting untuk membantu anda menavigasi dan berkomunikasi dengan mudah. <a href=\"https:\/\/talkpal.ai\/will-ai-kill-traditional-language-learning\/\">Jadi<\/a>, jika anda telah menunggu untuk menyelami dunia Portugis, mari kita <a href=\"https:\/\/talkpal.ai\/ko\/ai-%ec%96%b8%ec%96%b4-%ea%b5%90%ec%82%ac\/\">mulakan<\/a>!<\/p>\n\n\n\n<h3 class=\"wp-block-heading\" id=\"h-1-the-basics-nouns-pronouns-and-articles\">1. Asas: Kata nama, kata ganti, dan artikel<\/h3>\n\n\n\n<p>Seperti dalam bahasa Inggeris, tatabahasa Portugis dibina di sekitar kata nama, kata ganti, dan artikel. Kata nama dalam bahasa Portugis boleh menjadi maskulin atau feminin, dan adalah penting untuk menentukan jantina untuk pembentukan ayat yang betul. Sebagai contoh, &#8220;o menino&#8221; diterjemahkan kepada &#8220;lelaki,&#8221; manakala &#8220;menina&#8221; diterjemahkan kepada &#8220;perempuan.&#8221;<\/p>\n\n\n\n<p>Kata ganti dalam bahasa Portugis, seperti bahasa Inggeris, bertindak sebagai pengganti kata nama. Mereka juga mempunyai jantina. Kata ganti peribadi termasuk eu (I), voc\u00ea\/tu (anda), ele\/ela (he\/she), n\u00f3s (kami), dan eles\/elas (mereka).<\/p>\n\n\n\n<p>Artikel pasti (yang) dan artikel yang tidak terbatas (a \/ an) juga khusus jantina dan penting untuk pembinaan ayat yang betul. Dalam bahasa Portugis, rencana pasti ialah \u201co\u201d (maskulin) dan \u201ca\u201d (perempuan), dan artikel tak tentu ialah \u201cum\u201d (maskulin) dan \u201cuma\u201d (perempuan).<\/p>\n\n\n\n<h3 class=\"wp-block-heading\" id=\"h-2-adjectives-and-adverbs-add-spice-to-your-sentences\">2. Kata sifat dan kata keterangan: Tambah rempah pada ayat anda<\/h3>\n\n\n\n<p>Kata sifat ialah perkataan yang menerangkan atau mengubah suai kata nama, dan seperti kata nama, mereka mempunyai jantina. Biasanya, kata sifat yang berakhir dengan &#8220;o&#8221; adalah maskulin, manakala yang berakhir dengan &#8220;a&#8221; adalah feminin. Adalah penting untuk memadankan jantina kata sifat dengan kata nama yang diterangkannya. Sebagai contoh, &#8220;homem alto&#8221; diterjemahkan kepada &#8220;lelaki tinggi&#8221;, manakala &#8220;mulher alta&#8221; bermaksud &#8220;wanita tinggi&#8221;.<\/p>\n\n\n\n<p>Kata keterangan, sebaliknya, ubah suai kata kerja, kata sifat, atau kata keterangan lain. Dalam bahasa Portugis, kata keterangan biasanya tidak mempunyai bentuk khusus jantina. Beberapa kata keterangan biasa termasuk &#8220;rapidamente&#8221; (cepat), &#8220;lentamente&#8221; (perlahan-lahan), dan &#8220;sempre&#8221; (sentiasa).<\/p>\n\n\n\n<h3 class=\"wp-block-heading\" id=\"h-3-verbs-the-action-words\">3. Kata kerja: kata-kata tindakan<\/h3>\n\n\n\n<p>Kata kerja Portugis dikelaskan kepada tiga kumpulan konjugasi (-ar, -er, -ir), dan bentuknya berubah bergantung kepada tegang dan subjek. Ini adalah beberapa tenses penting yang perlu anda ketahui:<\/p>\n\n\n\n<p>\u2013 Present tense (Presente): Menggambarkan tindakan yang berlaku sekarang atau tindakan lazim.<br\/>\u2013 Past tense (Pret\u00e9rito): Menggambarkan tindakan yang berlaku pada masa lalu. Terdapat dua jenis: Pret\u00e9rito Perfeito (masa lalu mudah) dan Pret\u00e9rito Imperfeito (masa lalu berterusan).<br\/>\u2013 Masa hadapan (Futuro): Menggambarkan tindakan yang akan berlaku pada masa hadapan.<\/p>\n\n\n\n<p>Menguasai konjugasi kata kerja boleh menjadi cabaran dalam bahasa Portugis, tetapi amalan dan konsistensi akan membantu anda memahaminya dengan lebih cekap.<\/p>\n\n\n\n<h3 class=\"wp-block-heading\" id=\"h-4-word-order-building-understandable-sentences\">4. Susunan perkataan: Membina ayat yang boleh difahami<\/h3>\n\n\n\n<p>Struktur ayat Portugis yang tipikal mengikut susunan Subjek-Kata Kerja-Objek (SVO). Contohnya, ayat \u201cEu amo pizza\u201d (\u201cSaya suka pizza\u201d) mengikut corak ini. Walau bagaimanapun, tatabahasa Portugis boleh menjadi agak fleksibel, dan anda mungkin menghadapi variasi dalam susunan perkataan, terutamanya dalam kesusasteraan atau perbualan tidak formal. Konteks dan akal budi adalah penting dalam memahami variasi ini.<\/p>\n\n\n\n<h3 class=\"wp-block-heading\" id=\"h-5-negation-and-interrogation-say-no-and-ask-questions\">5. Penolakan dan Soal Siasat: Katakan Tidak dan Tanya Soalan<\/h3>\n\n\n\n<p>Untuk menafikan ayat dalam bahasa Portugis, anda hanya meletakkan perkataan &#8220;n\u00e3o&#8221; sebelum kata kerja. Contohnya, \u201cEu n\u00e3o falo portugu\u00eas\u201d bermaksud \u201cSaya tidak berbahasa Portugis.\u201d<\/p>\n\n\n\n<p>Untuk menukar pernyataan kepada soalan dalam bahasa Portugis, anda boleh sama ada menukar susunan perkataan atau menggunakan perkataan interogatif (seperti &#8220;quem&#8221; untuk &#8220;siapa,&#8221; &#8220;o que&#8221; untuk &#8220;apa&#8221; atau &#8220;onde&#8221; untuk &#8220;di mana&#8221;) . Contohnya, \u201cVoc\u00ea fala ingl\u00eas?\u201d diterjemahkan kepada \u201cAdakah anda berbahasa Inggeris?\u201d<\/p>\n\n\n\n<h3 class=\"wp-block-heading\" id=\"h-conclusion\">Kesimpulan<\/h3>\n\n\n\n<p>Mempelajari tatabahasa Portugis mungkin kelihatan menakutkan, tetapi jangan berkecil hati! Setiap bahasa mempunyai kerumitannya, tetapi dengan konsisten, latihan dan sedikit kesabaran, anda akan mendapati diri anda berkomunikasi dengan yakin dan berkesan. Perlu diingat bahawa pembelajaran tatabahasa hanyalah satu bahagian pemerolehan bahasa, dan anda juga harus berlatih mendengar, bercakap, dan membaca dalam bahasa Portugis. Boa sorte! (Semoga berjaya!)<\/p>\n<\/div><\/div>\n\r\n<section class=\"learnNavigationSection\">\r\n            \r\n        <a href=\"https:\/\/talkpal.ai\/ms\/belajar-bahasa-portugis\/\">\r\n            <div class=\"learnNavigationWrapper\">\r\n                <div class=\"learnNavigationContent\">\r\n                    <img decoding=\"async\" src=\"https:\/\/talkpal.ai\/wp-content\/uploads\/2024\/08\/Portuguese.jpg\" alt=\"Portuguese Flag\">\r\n                    <div>\r\n                        <h4>Mengenai Pembelajaran Portugal<\/h4>\r\n                        <p>Ketahui semua tentang tatabahasa Portugal.<\/p>\r\n                    <\/div>\r\n                <\/div>\r\n            <\/div>\r\n        <\/a>\r\n\r\n        \r\n        <a href=\"https:\/\/talkpal.ai\/ms\/latihan-tatabahasa-portugis\/\">\r\n            <div class=\"learnNavigationWrapper\">\r\n                <div class=\"learnNavigationContent\">\r\n                    <img decoding=\"async\" src=\"https:\/\/talkpal.ai\/wp-content\/uploads\/2024\/08\/Portuguese.jpg\" alt=\"Portuguese Flag\">\r\n                    <div>\r\n                        <h4>Latihan Tatabahasa Portugis<\/h4>\r\n                        <p>Amalkan tatabahasa Portugis .<\/p>\r\n                    <\/div>\r\n                <\/div>\r\n            <\/div>\r\n        <\/a>\r\n\r\n        \r\n        <a href=\"https:\/\/talkpal.ai\/vocabulary_language\/portuguese\/\">\r\n            <div class=\"learnNavigationWrapper\">\r\n                <div class=\"learnNavigationContent\">\r\n                    <img decoding=\"async\" src=\"https:\/\/talkpal.ai\/wp-content\/uploads\/2024\/08\/Portuguese.jpg\" alt=\"Portuguese Flag\">\r\n                    <div>\r\n                        <h4>Perbendaharaan Kata Bahasa Portugis<\/h4>\r\n                        <p>Kembangkan perbendaharaan kata bahasa Portugis anda.<\/p>\r\n                    <\/div>\r\n                <\/div>\r\n            <\/div>\r\n        <\/a>\r\n\r\n            <\/section>","protected":false},"excerpt":{"rendered":"<p>Panduan Pemula untuk Memahami Tatabahasa Portugis Sama ada anda merancang perjalanan ke Portugal atau hanya berminat untuk menguasai bahasa baharu, pembelajaran bahasa Portugis boleh menjadi pengalaman yang menarik dan bermanfaat. Satu aspek penting dalam pembelajaran bahasa Portugis, seperti yang lain, adalah memahami tatabahasanya. Artikel ini akan membimbing anda melalui asas-asas tatabahasa Portugis, memberikan anda petua [&hellip;]<\/p>\n","protected":false},"author":1,"featured_media":107820,"parent":0,"menu_order":0,"comment_status":"closed","ping_status":"closed","template":"LearningContentPage.php","meta":{"_acf_changed":false,"footnotes":""},"class_list":["post-130011","page","type-page","status-publish","has-post-thumbnail","hentry"],"acf":[],"yoast_head":"<!-- This site is optimized with the Yoast SEO Premium plugin v27.2 (Yoast SEO v27.2) - https:\/\/yoast.com\/product\/yoast-seo-premium-wordpress\/ -->\n<title>Tatabahasa Portugis - Talkpal<\/title>\n<meta name=\"description\" content=\"Kuasai tatabahasa Portugis dengan latihan interaktif yang direka untuk semua peringkat kemahiran. Tingkatkan penguasaan bahasa anda!\" \/>\n<meta name=\"robots\" content=\"index, follow, max-snippet:-1, max-image-preview:large, max-video-preview:-1\" \/>\n<link rel=\"canonical\" href=\"https:\/\/talkpal.ai\/ms\/tatabahasa-portugis\/\" \/>\n<meta property=\"og:locale\" content=\"ms_MY\" \/>\n<meta property=\"og:type\" content=\"article\" \/>\n<meta property=\"og:title\" content=\"Tatabahasa Portugis\" \/>\n<meta property=\"og:description\" content=\"Panduan Pemula untuk Memahami Tatabahasa Portugis Sama ada anda merancang perjalanan ke Portugal atau hanya berminat untuk menguasai bahasa baharu,\" \/>\n<meta property=\"og:url\" content=\"https:\/\/talkpal.ai\/ms\/tatabahasa-portugis\/\" \/>\n<meta property=\"og:site_name\" content=\"Talkpal\" \/>\n<meta property=\"article:publisher\" content=\"https:\/\/www.facebook.com\/profile.php?id=100090733639311\" \/>\n<meta property=\"article:modified_time\" content=\"2025-12-11T16:46:48+00:00\" \/>\n<meta property=\"og:image\" content=\"https:\/\/talkpal.ai\/wp-content\/uploads\/2023\/04\/portugal.png\" \/>\n\t<meta property=\"og:image:width\" content=\"512\" \/>\n\t<meta property=\"og:image:height\" content=\"512\" \/>\n\t<meta property=\"og:image:type\" content=\"image\/png\" \/>\n<meta name=\"twitter:card\" content=\"summary_large_image\" \/>\n<meta name=\"twitter:site\" content=\"@talkpalai\" \/>\n<meta name=\"twitter:label1\" content=\"Est. reading time\" \/>\n\t<meta name=\"twitter:data1\" content=\"3 minit\" \/>\n<script type=\"application\/ld+json\" class=\"yoast-schema-graph\">{\"@context\":\"https:\/\/schema.org\",\"@graph\":[{\"@type\":\"WebPage\",\"@id\":\"https:\/\/talkpal.ai\/ms\/tatabahasa-portugis\/\",\"url\":\"https:\/\/talkpal.ai\/ms\/tatabahasa-portugis\/\",\"name\":\"Tatabahasa Portugis - Talkpal\",\"isPartOf\":{\"@id\":\"https:\/\/talkpal.ai\/ms\/#website\"},\"primaryImageOfPage\":{\"@id\":\"https:\/\/talkpal.ai\/ms\/tatabahasa-portugis\/#primaryimage\"},\"image\":{\"@id\":\"https:\/\/talkpal.ai\/ms\/tatabahasa-portugis\/#primaryimage\"},\"thumbnailUrl\":\"https:\/\/talkpal.ai\/wp-content\/uploads\/2023\/04\/portugal.png\",\"datePublished\":\"2023-05-14T13:51:46+00:00\",\"dateModified\":\"2025-12-11T16:46:48+00:00\",\"description\":\"Kuasai tatabahasa Portugis dengan latihan interaktif yang direka untuk semua peringkat kemahiran. Tingkatkan penguasaan bahasa anda!\",\"breadcrumb\":{\"@id\":\"https:\/\/talkpal.ai\/ms\/tatabahasa-portugis\/#breadcrumb\"},\"inLanguage\":\"ms-MY\",\"potentialAction\":[{\"@type\":\"ReadAction\",\"target\":[\"https:\/\/talkpal.ai\/ms\/tatabahasa-portugis\/\"]}]},{\"@type\":\"ImageObject\",\"inLanguage\":\"ms-MY\",\"@id\":\"https:\/\/talkpal.ai\/ms\/tatabahasa-portugis\/#primaryimage\",\"url\":\"https:\/\/talkpal.ai\/wp-content\/uploads\/2023\/04\/portugal.png\",\"contentUrl\":\"https:\/\/talkpal.ai\/wp-content\/uploads\/2023\/04\/portugal.png\",\"width\":512,\"height\":512},{\"@type\":\"BreadcrumbList\",\"@id\":\"https:\/\/talkpal.ai\/ms\/tatabahasa-portugis\/#breadcrumb\",\"itemListElement\":[{\"@type\":\"ListItem\",\"position\":1,\"name\":\"Homepage\",\"item\":\"https:\/\/talkpal.ai\/ms\/\"},{\"@type\":\"ListItem\",\"position\":2,\"name\":\"Tatabahasa Portugis\"}]},{\"@type\":\"WebSite\",\"@id\":\"https:\/\/talkpal.ai\/ms\/#website\",\"url\":\"https:\/\/talkpal.ai\/ms\/\",\"name\":\"Talkpal\",\"description\":\"AI Language Learning\",\"publisher\":{\"@id\":\"https:\/\/talkpal.ai\/ms\/#organization\"},\"alternateName\":\"Talkpal AI\",\"potentialAction\":[{\"@type\":\"SearchAction\",\"target\":{\"@type\":\"EntryPoint\",\"urlTemplate\":\"https:\/\/talkpal.ai\/ms\/?s={search_term_string}\"},\"query-input\":{\"@type\":\"PropertyValueSpecification\",\"valueRequired\":true,\"valueName\":\"search_term_string\"}}],\"inLanguage\":\"ms-MY\"},{\"@type\":\"Organization\",\"@id\":\"https:\/\/talkpal.ai\/ms\/#organization\",\"name\":\"Talkpal, Inc.\",\"alternateName\":\"Talkpal AI\",\"url\":\"https:\/\/talkpal.ai\/ms\/\",\"logo\":{\"@type\":\"ImageObject\",\"inLanguage\":\"ms-MY\",\"@id\":\"https:\/\/talkpal.ai\/ms\/#\/schema\/logo\/image\/\",\"url\":\"https:\/\/talkpal.ai\/wp-content\/uploads\/2024\/03\/Talkpal-Logo-Icon.png\",\"contentUrl\":\"https:\/\/talkpal.ai\/wp-content\/uploads\/2024\/03\/Talkpal-Logo-Icon.png\",\"width\":2880,\"height\":2880,\"caption\":\"Talkpal, Inc.\"},\"image\":{\"@id\":\"https:\/\/talkpal.ai\/ms\/#\/schema\/logo\/image\/\"},\"sameAs\":[\"https:\/\/www.facebook.com\/profile.php?id=100090733639311\",\"https:\/\/x.com\/talkpalai\",\"https:\/\/www.linkedin.com\/company\/talkpal\/\",\"https:\/\/www.youtube.com\/@TalkPal\/\",\"https:\/\/www.tiktok.com\/@talkpal\",\"https:\/\/www.instagram.com\/talkpal_ai\/\",\"https:\/\/www.crunchbase.com\/organization\/talkpal-9cde\",\"https:\/\/www.g2.com\/products\/talkpal-for-business\/\",\"https:\/\/www.trustpilot.com\/review\/talkpal.ai\",\"https:\/\/www.capterra.com\/p\/10006800\/TalkPal\/\"],\"description\":\"Talkpal is a language learning web and mobile education app, powered by the latest AI technologies, that provides engaging experiences to its customers in many different languages to help them improve their language skills. Users can chat about unlimited amount of topics with the app and use other modes to practice their language learning.\",\"email\":\"support@talkpal.ai\",\"legalName\":\"Talkpal, Inc.\",\"foundingDate\":\"2023-04-03\",\"duns\":\"118989042\",\"numberOfEmployees\":{\"@type\":\"QuantitativeValue\",\"minValue\":\"11\",\"maxValue\":\"50\"},\"publishingPrinciples\":\"https:\/\/talkpal.ai\/publishing-principles\/\",\"actionableFeedbackPolicy\":\"https:\/\/talkpal.ai\/actionable-feedback-policy\/\",\"correctionsPolicy\":\"https:\/\/talkpal.ai\/corrections-policy\/\",\"ethicsPolicy\":\"https:\/\/talkpal.ai\/ethics-policy\/\",\"diversityPolicy\":\"https:\/\/talkpal.ai\/diversity-policy\/\",\"diversityStaffingReport\":\"https:\/\/talkpal.ai\/diversity-policy\/\"}]}<\/script>\n<!-- \/ Yoast SEO Premium plugin. -->","yoast_head_json":{"title":"Tatabahasa Portugis - Talkpal","description":"Kuasai tatabahasa Portugis dengan latihan interaktif yang direka untuk semua peringkat kemahiran. Tingkatkan penguasaan bahasa anda!","robots":{"index":"index","follow":"follow","max-snippet":"max-snippet:-1","max-image-preview":"max-image-preview:large","max-video-preview":"max-video-preview:-1"},"canonical":"https:\/\/talkpal.ai\/ms\/tatabahasa-portugis\/","og_locale":"ms_MY","og_type":"article","og_title":"Tatabahasa Portugis","og_description":"Panduan Pemula untuk Memahami Tatabahasa Portugis Sama ada anda merancang perjalanan ke Portugal atau hanya berminat untuk menguasai bahasa baharu,","og_url":"https:\/\/talkpal.ai\/ms\/tatabahasa-portugis\/","og_site_name":"Talkpal","article_publisher":"https:\/\/www.facebook.com\/profile.php?id=100090733639311","article_modified_time":"2025-12-11T16:46:48+00:00","og_image":[{"width":512,"height":512,"url":"https:\/\/talkpal.ai\/wp-content\/uploads\/2023\/04\/portugal.png","type":"image\/png"}],"twitter_card":"summary_large_image","twitter_site":"@talkpalai","twitter_misc":{"Est. reading time":"3 minit"},"schema":{"@context":"https:\/\/schema.org","@graph":[{"@type":"WebPage","@id":"https:\/\/talkpal.ai\/ms\/tatabahasa-portugis\/","url":"https:\/\/talkpal.ai\/ms\/tatabahasa-portugis\/","name":"Tatabahasa Portugis - Talkpal","isPartOf":{"@id":"https:\/\/talkpal.ai\/ms\/#website"},"primaryImageOfPage":{"@id":"https:\/\/talkpal.ai\/ms\/tatabahasa-portugis\/#primaryimage"},"image":{"@id":"https:\/\/talkpal.ai\/ms\/tatabahasa-portugis\/#primaryimage"},"thumbnailUrl":"https:\/\/talkpal.ai\/wp-content\/uploads\/2023\/04\/portugal.png","datePublished":"2023-05-14T13:51:46+00:00","dateModified":"2025-12-11T16:46:48+00:00","description":"Kuasai tatabahasa Portugis dengan latihan interaktif yang direka untuk semua peringkat kemahiran. Tingkatkan penguasaan bahasa anda!","breadcrumb":{"@id":"https:\/\/talkpal.ai\/ms\/tatabahasa-portugis\/#breadcrumb"},"inLanguage":"ms-MY","potentialAction":[{"@type":"ReadAction","target":["https:\/\/talkpal.ai\/ms\/tatabahasa-portugis\/"]}]},{"@type":"ImageObject","inLanguage":"ms-MY","@id":"https:\/\/talkpal.ai\/ms\/tatabahasa-portugis\/#primaryimage","url":"https:\/\/talkpal.ai\/wp-content\/uploads\/2023\/04\/portugal.png","contentUrl":"https:\/\/talkpal.ai\/wp-content\/uploads\/2023\/04\/portugal.png","width":512,"height":512},{"@type":"BreadcrumbList","@id":"https:\/\/talkpal.ai\/ms\/tatabahasa-portugis\/#breadcrumb","itemListElement":[{"@type":"ListItem","position":1,"name":"Homepage","item":"https:\/\/talkpal.ai\/ms\/"},{"@type":"ListItem","position":2,"name":"Tatabahasa Portugis"}]},{"@type":"WebSite","@id":"https:\/\/talkpal.ai\/ms\/#website","url":"https:\/\/talkpal.ai\/ms\/","name":"Talkpal","description":"AI Language Learning","publisher":{"@id":"https:\/\/talkpal.ai\/ms\/#organization"},"alternateName":"Talkpal AI","potentialAction":[{"@type":"SearchAction","target":{"@type":"EntryPoint","urlTemplate":"https:\/\/talkpal.ai\/ms\/?s={search_term_string}"},"query-input":{"@type":"PropertyValueSpecification","valueRequired":true,"valueName":"search_term_string"}}],"inLanguage":"ms-MY"},{"@type":"Organization","@id":"https:\/\/talkpal.ai\/ms\/#organization","name":"Talkpal, Inc.","alternateName":"Talkpal AI","url":"https:\/\/talkpal.ai\/ms\/","logo":{"@type":"ImageObject","inLanguage":"ms-MY","@id":"https:\/\/talkpal.ai\/ms\/#\/schema\/logo\/image\/","url":"https:\/\/talkpal.ai\/wp-content\/uploads\/2024\/03\/Talkpal-Logo-Icon.png","contentUrl":"https:\/\/talkpal.ai\/wp-content\/uploads\/2024\/03\/Talkpal-Logo-Icon.png","width":2880,"height":2880,"caption":"Talkpal, Inc."},"image":{"@id":"https:\/\/talkpal.ai\/ms\/#\/schema\/logo\/image\/"},"sameAs":["https:\/\/www.facebook.com\/profile.php?id=100090733639311","https:\/\/x.com\/talkpalai","https:\/\/www.linkedin.com\/company\/talkpal\/","https:\/\/www.youtube.com\/@TalkPal\/","https:\/\/www.tiktok.com\/@talkpal","https:\/\/www.instagram.com\/talkpal_ai\/","https:\/\/www.crunchbase.com\/organization\/talkpal-9cde","https:\/\/www.g2.com\/products\/talkpal-for-business\/","https:\/\/www.trustpilot.com\/review\/talkpal.ai","https:\/\/www.capterra.com\/p\/10006800\/TalkPal\/"],"description":"Talkpal is a language learning web and mobile education app, powered by the latest AI technologies, that provides engaging experiences to its customers in many different languages to help them improve their language skills. Users can chat about unlimited amount of topics with the app and use other modes to practice their language learning.","email":"support@talkpal.ai","legalName":"Talkpal, Inc.","foundingDate":"2023-04-03","duns":"118989042","numberOfEmployees":{"@type":"QuantitativeValue","minValue":"11","maxValue":"50"},"publishingPrinciples":"https:\/\/talkpal.ai\/publishing-principles\/","actionableFeedbackPolicy":"https:\/\/talkpal.ai\/actionable-feedback-policy\/","correctionsPolicy":"https:\/\/talkpal.ai\/corrections-policy\/","ethicsPolicy":"https:\/\/talkpal.ai\/ethics-policy\/","diversityPolicy":"https:\/\/talkpal.ai\/diversity-policy\/","diversityStaffingReport":"https:\/\/talkpal.ai\/diversity-policy\/"}]}},"_links":{"self":[{"href":"https:\/\/talkpal.ai\/ms\/wp-json\/wp\/v2\/pages\/130011","targetHints":{"allow":["GET"]}}],"collection":[{"href":"https:\/\/talkpal.ai\/ms\/wp-json\/wp\/v2\/pages"}],"about":[{"href":"https:\/\/talkpal.ai\/ms\/wp-json\/wp\/v2\/types\/page"}],"author":[{"embeddable":true,"href":"https:\/\/talkpal.ai\/ms\/wp-json\/wp\/v2\/users\/1"}],"replies":[{"embeddable":true,"href":"https:\/\/talkpal.ai\/ms\/wp-json\/wp\/v2\/comments?post=130011"}],"version-history":[{"count":0,"href":"https:\/\/talkpal.ai\/ms\/wp-json\/wp\/v2\/pages\/130011\/revisions"}],"wp:featuredmedia":[{"embeddable":true,"href":"https:\/\/talkpal.ai\/ms\/wp-json\/wp\/v2\/media\/107820"}],"wp:attachment":[{"href":"https:\/\/talkpal.ai\/ms\/wp-json\/wp\/v2\/media?parent=130011"}],"curies":[{"name":"wp","href":"https:\/\/api.w.org\/{rel}","templated":true}]}}