{"id":128236,"date":"2023-05-14T13:48:36","date_gmt":"2023-05-14T13:48:36","guid":{"rendered":"http:\/\/talkpal.ai\/tatabahasa-cina\/"},"modified":"2025-06-17T16:39:41","modified_gmt":"2025-06-17T16:39:41","slug":"tatabahasa-cina","status":"publish","type":"page","link":"https:\/\/talkpal.ai\/ms\/tatabahasa-cina\/","title":{"rendered":"Tatabahasa Cina"},"content":{"rendered":"\r\n\r\n\r\n<section class=\"languageChallengeSection\">\r\n    <div class=\"languageInfoWrapper\">\r\n        \r\n        <h1>Tatabahasa Cina<\/h1>\r\n        <p>Kukuhkan kemahiran <a href=\"https:\/\/talkpal.ai\/ms\/belajar-bahasa-cina\/\">bahasa Cina<\/a> anda dengan mempelajari struktur <a href=\"https:\/\/talkpal.ai\/grammar\/\">tatabahasa<\/a> utama dan corak penggunaan. Mula meningkatkan <a href=\"https:\/\/talkpal.ai\/chinese-grammar\/\">tatabahasa Cina<\/a> anda hari ini dan berkomunikasi dengan yakin!<\/p>\r\n\r\n                            <a class=\"getStartedHidden\" href=\"https:\/\/app.talkpal.ai\/ms\/signup?lng=\">Mula<\/a>\r\n        \r\n    <\/div>\r\n\r\n    <figure>\r\n    <img decoding=\"async\" width=\"768\" height=\"768\" src=\"https:\/\/talkpal.ai\/wp-content\/uploads\/2023\/06\/chinese-768x768.png\" class=\"languageImage no-lazy\" alt=\"Language learning for flexible communication\" fetchpriority=\"high\" sizes=\"(max-width: 768px) 150px, 768px\" srcset=\"https:\/\/talkpal.ai\/wp-content\/uploads\/2023\/06\/chinese-768x768.png 768w, https:\/\/talkpal.ai\/wp-content\/uploads\/2023\/06\/chinese-300x300.png 300w\" \/>\r\n    \r\n\r\n    <\/figure>\r\n\r\n            <a class=\"getStartedVisible\" href=\"https:\/\/app.talkpal.ai\/ms\/signup?lng=\">Mula<\/a>\r\n    \r\n<\/section>\r\n<section class=\"promotionalBanner\">\r\n    <p class=\"promotionalText\">Cara paling berkesan untuk mempelajari bahasa<\/p>\r\n    <a class=\"promotionalLink\" href=\"https:\/\/app.talkpal.ai\/ms\/signup?lng=\">Cuba Talkpal secara percuma<\/a>\r\n<\/section>\n<div class=\"wp-block-group pageContainerStyle\"><div class=\"wp-block-group__inner-container is-layout-constrained wp-block-group-is-layout-constrained\">\n<h2 class=\"wp-block-heading\" id=\"h-chinese-grammar-the-key-to-mastering-mandarin\">Tatabahasa Cina: Kunci Menguasai Bahasa Mandarin<\/h2>\n\n\n\n<p>Adakah anda seorang <a href=\"https:\/\/talkpal.ai\/talkpal-discount-for-students\/\">pelajar<\/a> bahasa yang bercita-cita tinggi yang telah menetapkan pandangan mereka untuk <a href=\"https:\/\/talkpal.ai\/id\/rahasia-sukses-menguasai-bahasa-mandarin-dengan-aplikasi-belajar-terbaik-2025\/\">menguasai bahasa Mandarin<\/a>? Jika ya, tahniah! Menangani bahasa <a href=\"https:\/\/talkpal.ai\/learn-hindi\/\">Cina<\/a> adalah cara yang hebat untuk meluaskan pemikiran global anda, berhubung dengan pelbagai penceramah, dan mencabar diri anda secara intelektual. Walau bagaimanapun, dengan 1.2 bilion penutur asli dan sistem bahasa yang jauh berbeza dari bahasa Barat, <a href=\"https:\/\/talkpal.ai\/chinese-grammar\/\">tatabahasa Cina<\/a> nampaknya agak menakutkan. Jangan takut! Teruskan membaca untuk <a href=\"https:\/\/talkpal.ai\/courses\/\">kursus<\/a> cepat mesra pemula tentang tatabahasa Cina yang menarik dan bermaklumat.<\/p>\n\n\n\n<p><strong>Perkara pertama yang pertama: lupakan apa yang anda tahu tentang bahasa Eropah!<\/strong><\/p>\n\n\n\n<p>Satu sebab utama pelajar bahasa takut dengan tatabahasa Cina ialah ia berbeza secara radikal daripada struktur &#8220;subjek-kata kerja-objek&#8221; yang biasa kita gunakan dalam bahasa seperti Inggeris, Sepanyol atau Perancis. Jadi tarik nafas dalam-dalam, dan mari kita menyelami alam semesta baharu peraturan dan konsep linguistik!<\/p>\n\n\n\n<h3 class=\"wp-block-heading\" id=\"h-1-word-order-is-king\">1. Perintah perkataan adalah raja<\/h3>\n\n\n\n<p>Walaupun tidak ada tegang, konjugasi kata kerja, atau jamak dalam tatabahasa Cina, struktur ayat yang betul adalah yang paling utama. Jadi bagaimana susunan perkataan yang betul dicapai? Dalam kebanyakan kes, hanya ikuti corak &#8220;subjek-kata kerja-objek&#8221; (serupa dengan bahasa Inggeris). Sebagai contoh:<\/p>\n\n\n\n<p>Bahasa Inggeris: Saya sayang awak.<br\/>Bahasa Cina: \u6211\u7231\u4f60\u3002 W\u01d2 \u00e0i n\u01d0.<\/p>\n\n\n\n<p>Terdapat struktur yang lebih kompleks tetapi membangunkan asas yang kukuh akan menjadikannya lebih mudah difahami apabila anda maju.<\/p>\n\n\n\n<h3 class=\"wp-block-heading\" id=\"h-2-particles-particles-everywhere\">2. Zarah, zarah di mana-mana!<\/h3>\n\n\n\n<p>Dalam tatabahasa Cina, zarah memainkan peranan penting dalam menyampaikan makna. Salah satu zarah yang paling biasa ialah &#8220;\u4e86 (le),&#8221; yang menandakan tindakan selesai. Sebagai contoh:<\/p>\n\n\n\n<p>\u6211\u5403\u4e86\u3002W\u01d2 ch\u012b le. &#8211; &#8220;Saya sudah makan.&#8221;<\/p>\n\n\n\n<p>Satu lagi zarah biasa ialah &#8220;\u5427 (ba),&#8221; yang menukar pernyataan menjadi cadangan atau soalan:<\/p>\n\n\n\n<p>\u8d70\u5427\uff01Z\u01d2u ba! &#8211; &#8220;Mari pergi!&#8221;<\/p>\n\n\n\n<p>Memahami fungsi pelbagai zarah adalah kunci untuk menguasai nuansa tatabahasa Cina.<\/p>\n\n\n\n<h3 class=\"wp-block-heading\" id=\"h-3-measure-words-quality-not-quantity\">3. Ukur kata-kata: kualiti, bukan kuantiti<\/h3>\n\n\n\n<p>Dalam bahasa Cina, kata nama tidak mempunyai bentuk jamak. Sebaliknya, mereka menggunakan kata-kata ukuran (juga dikenali sebagai pengelas) untuk menyatakan kuantiti. Perkataan ukuran ditambah antara nombor dan kata nama. Sebagai contoh:<\/p>\n\n\n\n<p>\u4e00\u672c\u4e66 \u2013 Y\u012b b\u011bn sh\u016b \u2013 \u201csatu buku\u201d<\/p>\n\n\n\n<p>Perhatikan penggunaan \u672c (b\u011bn) sebagai perkataan ukuran untuk buku. Kata nama yang berbeza memerlukan kata ukuran yang berbeza, dan walaupun ini mungkin kelihatan membingungkan pada mulanya, ia akan menjadi sifat kedua dengan latihan.<\/p>\n\n\n\n<h3 class=\"wp-block-heading\" id=\"h-4-the-magic-of-compound-words\">4. Keajaiban kata majmuk<\/h3>\n\n\n\n<p>Bahasa Cina penuh dengan kata majmuk, yang dibentuk dengan menggabungkan dua atau lebih aksara. Ini bukan sahaja memudahkan pembelajaran perbendaharaan kata, tetapi ia juga membolehkan imejan dan konteks yang jelas. Sebagai contoh:<\/p>\n\n\n\n<p>\u706b\u8f66 \u2013 Hu\u01d2ch\u0113 \u2013 \u201ckereta api\u201d (harfiah: \u201ckenderaan api\u201d)<br\/>\u7535\u8bdd \u2013 Di\u00e0nhu\u00e0 \u2013 \u201ctelefon\u201d (harfiah: \u201cpertuturan elektrik\u201d)<\/p>\n\n\n\n<p>Dengan memahami maksud watak individu, anda boleh dengan mudah menyimpulkan maksud kata majmuk yang tidak pernah anda temui sebelum ini.<\/p>\n\n\n\n<h3 class=\"wp-block-heading\" id=\"h-5-no-tenses-no-problem\">5. Tiada tegang? Tiada masalah!<\/h3>\n\n\n\n<p>Salah satu aspek bahasa Cina yang paling menyegarkan ialah kekurangan konjugasi kata kerja untuk tegang yang berbeza. Tetapi bagaimana anda menyatakan masa? Mudah! Hanya sertakan perkataan yang menunjukkan tempoh masa, seperti:<\/p>\n\n\n\n<p>\u6628\u5929 \u2013 Zu\u00f3ti\u0101n \u2013 \u201csemalam\u201d<br\/>\u660e\u5929 \u2013 M\u00edngti\u0101n \u2013 \u201cesok\u201d<\/p>\n\n\n\n<p><strong>Sebagai contoh:<\/strong><\/p>\n\n\n\n<p>\u6211\u6628\u5929\u5403\u4e86\u996d\u3002W\u01d2 zu\u00f3ti\u0101n ch\u012b le f\u00e0n. &#8211; &#8220;Saya makan makanan semalam.&#8221;<br\/>\u6211\u660e\u5929\u5403\u996d\u3002W\u01d2 m\u00edngti\u0101n ch\u012b f\u00e0n. &#8211; &#8220;Saya akan makan makanan esok.&#8221;<\/p>\n\n\n\n<p>Tahniah! Anda telah mengambil langkah pertama untuk menguasai tatabahasa Cina. Ingat: amalan membuat sempurna. Jadi, jangan segan untuk meneroka struktur tatabahasa baharu, berbual dengan penutur asli dan mengukuhkan asas anda. Dunia Mandarin menanti anda \u2013 selamat belajar!<\/p>\n<\/div><\/div>\n\r\n<section class=\"learnNavigationSection\">\r\n            \r\n        <a href=\"https:\/\/talkpal.ai\/ms\/belajar-bahasa-cina\/\">\r\n            <div class=\"learnNavigationWrapper\">\r\n                <div class=\"learnNavigationContent\">\r\n                    <img decoding=\"async\" src=\"https:\/\/talkpal.ai\/wp-content\/uploads\/2024\/08\/Chinese.jpg\" alt=\"Chinese Flag\u00a0\">\r\n                    <div>\r\n                        <h4>Mengenai Pembelajaran Bahasa Cina<\/h4>\r\n                        <p>Ketahui semua tentang tatabahasa Cina .<\/p>\r\n                    <\/div>\r\n                <\/div>\r\n            <\/div>\r\n        <\/a>\r\n\r\n        \r\n        <a href=\"https:\/\/talkpal.ai\/ms\/latihan-tatabahasa-cina\/\">\r\n            <div class=\"learnNavigationWrapper\">\r\n                <div class=\"learnNavigationContent\">\r\n                    <img decoding=\"async\" src=\"https:\/\/talkpal.ai\/wp-content\/uploads\/2024\/08\/Chinese.jpg\" alt=\"Chinese Flag\u00a0\">\r\n                    <div>\r\n                        <h4>Latihan Tatabahasa Cina<\/h4>\r\n                        <p>Amalkan tatabahasa Cina .<\/p>\r\n                    <\/div>\r\n                <\/div>\r\n            <\/div>\r\n        <\/a>\r\n\r\n        \r\n        <a href=\"https:\/\/talkpal.ai\/vocabulary_language\/chinese\/\">\r\n            <div class=\"learnNavigationWrapper\">\r\n                <div class=\"learnNavigationContent\">\r\n                    <img decoding=\"async\" src=\"https:\/\/talkpal.ai\/wp-content\/uploads\/2024\/08\/Chinese.jpg\" alt=\"Chinese Flag\u00a0\">\r\n                    <div>\r\n                        <h4>Kosa Kata Bahasa Cina<\/h4>\r\n                        <p>Kembangkan perbendaharaan kata bahasa Cina anda.<\/p>\r\n                    <\/div>\r\n                <\/div>\r\n            <\/div>\r\n        <\/a>\r\n\r\n            <\/section>","protected":false},"excerpt":{"rendered":"<p>Tatabahasa Cina: Kunci Menguasai Bahasa Mandarin Adakah anda seorang pelajar bahasa yang bercita-cita tinggi yang telah menetapkan pandangan mereka untuk menguasai bahasa Mandarin? Jika ya, tahniah! Menangani bahasa Cina adalah cara yang hebat untuk meluaskan pemikiran global anda, berhubung dengan pelbagai penceramah, dan mencabar diri anda secara intelektual. Walau bagaimanapun, dengan 1.2 bilion penutur asli [&hellip;]<\/p>\n","protected":false},"author":1,"featured_media":106090,"parent":0,"menu_order":0,"comment_status":"closed","ping_status":"closed","template":"LearningContentPage.php","meta":{"_acf_changed":false,"footnotes":""},"class_list":["post-128236","page","type-page","status-publish","has-post-thumbnail","hentry"],"acf":[],"yoast_head":"<!-- This site is optimized with the Yoast SEO Premium plugin v27.2 (Yoast SEO v27.2) - https:\/\/yoast.com\/product\/yoast-seo-premium-wordpress\/ -->\n<title>Tatabahasa Cina - Talkpal<\/title>\n<meta name=\"description\" content=\"Buka rahsia Tatabahasa Cina untuk pemahaman yang lebih baik tentang bahasa dan budaya Cina.\" \/>\n<meta name=\"robots\" content=\"index, follow, max-snippet:-1, max-image-preview:large, max-video-preview:-1\" \/>\n<link rel=\"canonical\" href=\"https:\/\/talkpal.ai\/ms\/tatabahasa-cina\/\" \/>\n<meta property=\"og:locale\" content=\"ms_MY\" \/>\n<meta property=\"og:type\" content=\"article\" \/>\n<meta property=\"og:title\" content=\"Tatabahasa Cina\" \/>\n<meta property=\"og:description\" content=\"Tatabahasa Cina: Kunci Menguasai Bahasa Mandarin Adakah anda seorang pelajar bahasa yang bercita-cita tinggi yang telah menetapkan pandangan mereka untuk\" \/>\n<meta property=\"og:url\" content=\"https:\/\/talkpal.ai\/ms\/tatabahasa-cina\/\" \/>\n<meta property=\"og:site_name\" content=\"Talkpal\" \/>\n<meta property=\"article:publisher\" content=\"https:\/\/www.facebook.com\/profile.php?id=100090733639311\" \/>\n<meta property=\"article:modified_time\" content=\"2025-06-17T16:39:41+00:00\" \/>\n<meta property=\"og:image\" content=\"https:\/\/talkpal.ai\/wp-content\/uploads\/2023\/04\/china.png\" \/>\n\t<meta property=\"og:image:width\" content=\"512\" \/>\n\t<meta property=\"og:image:height\" content=\"512\" \/>\n\t<meta property=\"og:image:type\" content=\"image\/png\" \/>\n<meta name=\"twitter:card\" content=\"summary_large_image\" \/>\n<meta name=\"twitter:site\" content=\"@talkpalai\" \/>\n<meta name=\"twitter:label1\" content=\"Est. reading time\" \/>\n\t<meta name=\"twitter:data1\" content=\"3 minit\" \/>\n<script type=\"application\/ld+json\" class=\"yoast-schema-graph\">{\"@context\":\"https:\/\/schema.org\",\"@graph\":[{\"@type\":\"WebPage\",\"@id\":\"https:\/\/talkpal.ai\/ms\/tatabahasa-cina\/\",\"url\":\"https:\/\/talkpal.ai\/ms\/tatabahasa-cina\/\",\"name\":\"Tatabahasa Cina - Talkpal\",\"isPartOf\":{\"@id\":\"https:\/\/talkpal.ai\/ms\/#website\"},\"primaryImageOfPage\":{\"@id\":\"https:\/\/talkpal.ai\/ms\/tatabahasa-cina\/#primaryimage\"},\"image\":{\"@id\":\"https:\/\/talkpal.ai\/ms\/tatabahasa-cina\/#primaryimage\"},\"thumbnailUrl\":\"https:\/\/talkpal.ai\/wp-content\/uploads\/2023\/04\/china.png\",\"datePublished\":\"2023-05-14T13:48:36+00:00\",\"dateModified\":\"2025-06-17T16:39:41+00:00\",\"description\":\"Buka rahsia Tatabahasa Cina untuk pemahaman yang lebih baik tentang bahasa dan budaya Cina.\",\"breadcrumb\":{\"@id\":\"https:\/\/talkpal.ai\/ms\/tatabahasa-cina\/#breadcrumb\"},\"inLanguage\":\"ms-MY\",\"potentialAction\":[{\"@type\":\"ReadAction\",\"target\":[\"https:\/\/talkpal.ai\/ms\/tatabahasa-cina\/\"]}]},{\"@type\":\"ImageObject\",\"inLanguage\":\"ms-MY\",\"@id\":\"https:\/\/talkpal.ai\/ms\/tatabahasa-cina\/#primaryimage\",\"url\":\"https:\/\/talkpal.ai\/wp-content\/uploads\/2023\/04\/china.png\",\"contentUrl\":\"https:\/\/talkpal.ai\/wp-content\/uploads\/2023\/04\/china.png\",\"width\":512,\"height\":512},{\"@type\":\"BreadcrumbList\",\"@id\":\"https:\/\/talkpal.ai\/ms\/tatabahasa-cina\/#breadcrumb\",\"itemListElement\":[{\"@type\":\"ListItem\",\"position\":1,\"name\":\"Homepage\",\"item\":\"https:\/\/talkpal.ai\/ms\/\"},{\"@type\":\"ListItem\",\"position\":2,\"name\":\"Tatabahasa Cina\"}]},{\"@type\":\"WebSite\",\"@id\":\"https:\/\/talkpal.ai\/ms\/#website\",\"url\":\"https:\/\/talkpal.ai\/ms\/\",\"name\":\"Talkpal\",\"description\":\"AI Language Learning\",\"publisher\":{\"@id\":\"https:\/\/talkpal.ai\/ms\/#organization\"},\"alternateName\":\"Talkpal AI\",\"potentialAction\":[{\"@type\":\"SearchAction\",\"target\":{\"@type\":\"EntryPoint\",\"urlTemplate\":\"https:\/\/talkpal.ai\/ms\/?s={search_term_string}\"},\"query-input\":{\"@type\":\"PropertyValueSpecification\",\"valueRequired\":true,\"valueName\":\"search_term_string\"}}],\"inLanguage\":\"ms-MY\"},{\"@type\":\"Organization\",\"@id\":\"https:\/\/talkpal.ai\/ms\/#organization\",\"name\":\"Talkpal, Inc.\",\"alternateName\":\"Talkpal AI\",\"url\":\"https:\/\/talkpal.ai\/ms\/\",\"logo\":{\"@type\":\"ImageObject\",\"inLanguage\":\"ms-MY\",\"@id\":\"https:\/\/talkpal.ai\/ms\/#\/schema\/logo\/image\/\",\"url\":\"https:\/\/talkpal.ai\/wp-content\/uploads\/2024\/03\/Talkpal-Logo-Icon.png\",\"contentUrl\":\"https:\/\/talkpal.ai\/wp-content\/uploads\/2024\/03\/Talkpal-Logo-Icon.png\",\"width\":2880,\"height\":2880,\"caption\":\"Talkpal, Inc.\"},\"image\":{\"@id\":\"https:\/\/talkpal.ai\/ms\/#\/schema\/logo\/image\/\"},\"sameAs\":[\"https:\/\/www.facebook.com\/profile.php?id=100090733639311\",\"https:\/\/x.com\/talkpalai\",\"https:\/\/www.linkedin.com\/company\/talkpal\/\",\"https:\/\/www.youtube.com\/@TalkPal\/\",\"https:\/\/www.tiktok.com\/@talkpal\",\"https:\/\/www.instagram.com\/talkpal_ai\/\",\"https:\/\/www.crunchbase.com\/organization\/talkpal-9cde\",\"https:\/\/www.g2.com\/products\/talkpal-for-business\/\",\"https:\/\/www.trustpilot.com\/review\/talkpal.ai\",\"https:\/\/www.capterra.com\/p\/10006800\/TalkPal\/\"],\"description\":\"Talkpal is a language learning web and mobile education app, powered by the latest AI technologies, that provides engaging experiences to its customers in many different languages to help them improve their language skills. Users can chat about unlimited amount of topics with the app and use other modes to practice their language learning.\",\"email\":\"support@talkpal.ai\",\"legalName\":\"Talkpal, Inc.\",\"foundingDate\":\"2023-04-03\",\"duns\":\"118989042\",\"numberOfEmployees\":{\"@type\":\"QuantitativeValue\",\"minValue\":\"11\",\"maxValue\":\"50\"},\"publishingPrinciples\":\"https:\/\/talkpal.ai\/publishing-principles\/\",\"actionableFeedbackPolicy\":\"https:\/\/talkpal.ai\/actionable-feedback-policy\/\",\"correctionsPolicy\":\"https:\/\/talkpal.ai\/corrections-policy\/\",\"ethicsPolicy\":\"https:\/\/talkpal.ai\/ethics-policy\/\",\"diversityPolicy\":\"https:\/\/talkpal.ai\/diversity-policy\/\",\"diversityStaffingReport\":\"https:\/\/talkpal.ai\/diversity-policy\/\"}]}<\/script>\n<!-- \/ Yoast SEO Premium plugin. -->","yoast_head_json":{"title":"Tatabahasa Cina - Talkpal","description":"Buka rahsia Tatabahasa Cina untuk pemahaman yang lebih baik tentang bahasa dan budaya Cina.","robots":{"index":"index","follow":"follow","max-snippet":"max-snippet:-1","max-image-preview":"max-image-preview:large","max-video-preview":"max-video-preview:-1"},"canonical":"https:\/\/talkpal.ai\/ms\/tatabahasa-cina\/","og_locale":"ms_MY","og_type":"article","og_title":"Tatabahasa Cina","og_description":"Tatabahasa Cina: Kunci Menguasai Bahasa Mandarin Adakah anda seorang pelajar bahasa yang bercita-cita tinggi yang telah menetapkan pandangan mereka untuk","og_url":"https:\/\/talkpal.ai\/ms\/tatabahasa-cina\/","og_site_name":"Talkpal","article_publisher":"https:\/\/www.facebook.com\/profile.php?id=100090733639311","article_modified_time":"2025-06-17T16:39:41+00:00","og_image":[{"width":512,"height":512,"url":"https:\/\/talkpal.ai\/wp-content\/uploads\/2023\/04\/china.png","type":"image\/png"}],"twitter_card":"summary_large_image","twitter_site":"@talkpalai","twitter_misc":{"Est. reading time":"3 minit"},"schema":{"@context":"https:\/\/schema.org","@graph":[{"@type":"WebPage","@id":"https:\/\/talkpal.ai\/ms\/tatabahasa-cina\/","url":"https:\/\/talkpal.ai\/ms\/tatabahasa-cina\/","name":"Tatabahasa Cina - Talkpal","isPartOf":{"@id":"https:\/\/talkpal.ai\/ms\/#website"},"primaryImageOfPage":{"@id":"https:\/\/talkpal.ai\/ms\/tatabahasa-cina\/#primaryimage"},"image":{"@id":"https:\/\/talkpal.ai\/ms\/tatabahasa-cina\/#primaryimage"},"thumbnailUrl":"https:\/\/talkpal.ai\/wp-content\/uploads\/2023\/04\/china.png","datePublished":"2023-05-14T13:48:36+00:00","dateModified":"2025-06-17T16:39:41+00:00","description":"Buka rahsia Tatabahasa Cina untuk pemahaman yang lebih baik tentang bahasa dan budaya Cina.","breadcrumb":{"@id":"https:\/\/talkpal.ai\/ms\/tatabahasa-cina\/#breadcrumb"},"inLanguage":"ms-MY","potentialAction":[{"@type":"ReadAction","target":["https:\/\/talkpal.ai\/ms\/tatabahasa-cina\/"]}]},{"@type":"ImageObject","inLanguage":"ms-MY","@id":"https:\/\/talkpal.ai\/ms\/tatabahasa-cina\/#primaryimage","url":"https:\/\/talkpal.ai\/wp-content\/uploads\/2023\/04\/china.png","contentUrl":"https:\/\/talkpal.ai\/wp-content\/uploads\/2023\/04\/china.png","width":512,"height":512},{"@type":"BreadcrumbList","@id":"https:\/\/talkpal.ai\/ms\/tatabahasa-cina\/#breadcrumb","itemListElement":[{"@type":"ListItem","position":1,"name":"Homepage","item":"https:\/\/talkpal.ai\/ms\/"},{"@type":"ListItem","position":2,"name":"Tatabahasa Cina"}]},{"@type":"WebSite","@id":"https:\/\/talkpal.ai\/ms\/#website","url":"https:\/\/talkpal.ai\/ms\/","name":"Talkpal","description":"AI Language Learning","publisher":{"@id":"https:\/\/talkpal.ai\/ms\/#organization"},"alternateName":"Talkpal AI","potentialAction":[{"@type":"SearchAction","target":{"@type":"EntryPoint","urlTemplate":"https:\/\/talkpal.ai\/ms\/?s={search_term_string}"},"query-input":{"@type":"PropertyValueSpecification","valueRequired":true,"valueName":"search_term_string"}}],"inLanguage":"ms-MY"},{"@type":"Organization","@id":"https:\/\/talkpal.ai\/ms\/#organization","name":"Talkpal, Inc.","alternateName":"Talkpal AI","url":"https:\/\/talkpal.ai\/ms\/","logo":{"@type":"ImageObject","inLanguage":"ms-MY","@id":"https:\/\/talkpal.ai\/ms\/#\/schema\/logo\/image\/","url":"https:\/\/talkpal.ai\/wp-content\/uploads\/2024\/03\/Talkpal-Logo-Icon.png","contentUrl":"https:\/\/talkpal.ai\/wp-content\/uploads\/2024\/03\/Talkpal-Logo-Icon.png","width":2880,"height":2880,"caption":"Talkpal, Inc."},"image":{"@id":"https:\/\/talkpal.ai\/ms\/#\/schema\/logo\/image\/"},"sameAs":["https:\/\/www.facebook.com\/profile.php?id=100090733639311","https:\/\/x.com\/talkpalai","https:\/\/www.linkedin.com\/company\/talkpal\/","https:\/\/www.youtube.com\/@TalkPal\/","https:\/\/www.tiktok.com\/@talkpal","https:\/\/www.instagram.com\/talkpal_ai\/","https:\/\/www.crunchbase.com\/organization\/talkpal-9cde","https:\/\/www.g2.com\/products\/talkpal-for-business\/","https:\/\/www.trustpilot.com\/review\/talkpal.ai","https:\/\/www.capterra.com\/p\/10006800\/TalkPal\/"],"description":"Talkpal is a language learning web and mobile education app, powered by the latest AI technologies, that provides engaging experiences to its customers in many different languages to help them improve their language skills. Users can chat about unlimited amount of topics with the app and use other modes to practice their language learning.","email":"support@talkpal.ai","legalName":"Talkpal, Inc.","foundingDate":"2023-04-03","duns":"118989042","numberOfEmployees":{"@type":"QuantitativeValue","minValue":"11","maxValue":"50"},"publishingPrinciples":"https:\/\/talkpal.ai\/publishing-principles\/","actionableFeedbackPolicy":"https:\/\/talkpal.ai\/actionable-feedback-policy\/","correctionsPolicy":"https:\/\/talkpal.ai\/corrections-policy\/","ethicsPolicy":"https:\/\/talkpal.ai\/ethics-policy\/","diversityPolicy":"https:\/\/talkpal.ai\/diversity-policy\/","diversityStaffingReport":"https:\/\/talkpal.ai\/diversity-policy\/"}]}},"_links":{"self":[{"href":"https:\/\/talkpal.ai\/ms\/wp-json\/wp\/v2\/pages\/128236","targetHints":{"allow":["GET"]}}],"collection":[{"href":"https:\/\/talkpal.ai\/ms\/wp-json\/wp\/v2\/pages"}],"about":[{"href":"https:\/\/talkpal.ai\/ms\/wp-json\/wp\/v2\/types\/page"}],"author":[{"embeddable":true,"href":"https:\/\/talkpal.ai\/ms\/wp-json\/wp\/v2\/users\/1"}],"replies":[{"embeddable":true,"href":"https:\/\/talkpal.ai\/ms\/wp-json\/wp\/v2\/comments?post=128236"}],"version-history":[{"count":0,"href":"https:\/\/talkpal.ai\/ms\/wp-json\/wp\/v2\/pages\/128236\/revisions"}],"wp:featuredmedia":[{"embeddable":true,"href":"https:\/\/talkpal.ai\/ms\/wp-json\/wp\/v2\/media\/106090"}],"wp:attachment":[{"href":"https:\/\/talkpal.ai\/ms\/wp-json\/wp\/v2\/media?parent=128236"}],"curies":[{"name":"wp","href":"https:\/\/api.w.org\/{rel}","templated":true}]}}