{"id":998026,"date":"2023-10-09T10:03:45","date_gmt":"2023-10-09T10:03:45","guid":{"rendered":"https:\/\/talkpal.ai\/abonesanas-parvaldibas-instrukcijas\/"},"modified":"2025-07-12T09:47:22","modified_gmt":"2025-07-12T09:47:22","slug":"abonesanas-parvaldibas-instrukcijas","status":"publish","type":"page","link":"https:\/\/talkpal.ai\/lv\/abonesanas-parvaldibas-instrukcijas\/","title":{"rendered":"Abon\u0113\u0161anas p\u0101rvald\u012bbas instrukcijas"},"content":{"rendered":"\n<p>Abonementus varat p\u0101rvald\u012bt m\u016bsu <a href=\"https:\/\/talkpal.ai\/es\/descargar-la-aplicacion-talkpal-para-android-e-ios\/\">App Store<\/a> (Apple <a href=\"https:\/\/talkpal.ai\/es\/descargar-la-aplicacion-talkpal-para-android-e-ios\/\">iOS<\/a>), Google Play (Android) vai vietnes lietotn\u0113s.<\/p>\n\n<h2 class=\"wp-block-heading\" id=\"h-app-store-apple-ios\">App Store (Apple iOS)<\/h2>\n\n<p>L\u016bdzu, \u0146emiet v\u0113r\u0101: jums ir j\u0101atce\u013c Apple abonements vai izm\u0113\u0123in\u0101juma versija vismaz 24 stundas pirms t\u0101 beig\u0101m. Ja to atcelsiet p\u0113d\u0113j\u0101 dien\u0101, tas autom\u0101tiski atjaunosies.<\/p>\n\n<p>Lai atceltu <a href=\"https:\/\/talkpal.ai\/ko\/ai-%ec%96%b8%ec%96%b4-%ea%b5%90%ec%82%ac\/\">Talkpal<\/a> abonementu, izmantojot App Store, iOS ier\u012bc\u0113 izpildiet \u0161os so\u013cus:<\/p>\n\n<p><strong>1. solis<\/strong> &#8211; Atveriet programmu Iestat\u012bjumi.<\/p>\n\n<p><strong>2. solis<\/strong> &#8211; izv\u0113lieties savu Apple ID, kas atrodas lapas aug\u0161da\u013c\u0101.<\/p>\n\n<p><strong>3. solis<\/strong> &#8211; Izv\u0113lieties &#8220;Apskat\u012bt Apple ID&#8221;<\/p>\n\n<p><strong>4. solis<\/strong> &#8211; Dodieties uz sada\u013cu &#8220;Abonementi&#8221; un atlasiet abonementu, kuru v\u0113laties atcelt.<\/p>\n\n<p><strong>5. solis<\/strong> &#8211; Pieskarieties pie &#8220;Atcelt abonementu&#8221;.<\/p>\n\n<h2 class=\"wp-block-heading\" id=\"h-google-play-android\">Google Play (Android)<\/h2>\n\n<p><b>1. solis<\/b> &#8211; Android ier\u012bc\u0113 dodieties uz abonementiem pakalpojum\u0101 Google Play.<\/p>\n\n<p><b>2. solis<\/b> &#8211; izv\u0113lieties abonementu, kuru v\u0113laties atcelt.<\/p>\n\n<p><b>3. solis<\/b> &#8211; Nospiediet Atcelt abon\u0113\u0161anu.<\/p>\n\n<h2 class=\"wp-block-heading\" id=\"h-website\">T\u012bmek\u013ca vietne<\/h2>\n\n<p><b>1. solis<\/b> &#8211; Dodieties uz sava konta lapu.<\/p>\n\n<p><b>2. solis<\/b> &#8211; Ritiniet uz leju l\u012bdz sada\u013cai &#8220;Abon\u0113\u0161ana&#8221;.<\/p>\n\n<p><b>3. solis<\/b> &#8211; Noklik\u0161\u0137iniet uz &#8220;Atcelt abonementu&#8221;.<\/p>\n","protected":false},"excerpt":{"rendered":"<p>Abonementus varat p\u0101rvald\u012bt m\u016bsu App Store (Apple iOS), Google Play (Android) vai vietnes lietotn\u0113s. App Store (Apple iOS) L\u016bdzu, \u0146emiet v\u0113r\u0101: jums ir j\u0101atce\u013c Apple abonements vai izm\u0113\u0123in\u0101juma versija vismaz 24 stundas pirms t\u0101 beig\u0101m. Ja to atcelsiet p\u0113d\u0113j\u0101 dien\u0101, tas autom\u0101tiski atjaunosies. Lai atceltu Talkpal abonementu, izmantojot App Store, iOS ier\u012bc\u0113 izpildiet \u0161os so\u013cus: [&hellip;]<\/p>\n","protected":false},"author":10,"featured_media":197966,"parent":0,"menu_order":0,"comment_status":"closed","ping_status":"closed","template":"","meta":{"_acf_changed":false,"footnotes":""},"class_list":["post-998026","page","type-page","status-publish","has-post-thumbnail","hentry"],"acf":[],"yoast_head":"<!-- This site is optimized with the Yoast SEO Premium plugin v27.2 (Yoast SEO v27.2) - https:\/\/yoast.com\/product\/yoast-seo-premium-wordpress\/ -->\n<title>Abon\u0113\u0161anas p\u0101rvald\u012bbas instrukcijas - Talkpal<\/title>\n<meta name=\"description\" content=\"Izpildiet \u0161os abonementu p\u0101rvald\u012bbas nor\u0101d\u012bjumus, lai viegli atceltu abonementus Apple vai Google Play lietotn\u0113s.\" \/>\n<meta name=\"robots\" content=\"index, follow, max-snippet:-1, max-image-preview:large, max-video-preview:-1\" \/>\n<link rel=\"canonical\" href=\"https:\/\/talkpal.ai\/lv\/abonesanas-parvaldibas-instrukcijas\/\" \/>\n<meta property=\"og:locale\" content=\"lv_LV\" \/>\n<meta property=\"og:type\" content=\"article\" \/>\n<meta property=\"og:title\" content=\"Abon\u0113\u0161anas p\u0101rvald\u012bbas instrukcijas\" \/>\n<meta property=\"og:description\" content=\"Abonementus varat p\u0101rvald\u012bt m\u016bsu App Store (Apple iOS), Google Play (Android) vai vietnes lietotn\u0113s. App Store (Apple iOS) L\u016bdzu, \u0146emiet v\u0113r\u0101: jums ir\" \/>\n<meta property=\"og:url\" content=\"https:\/\/talkpal.ai\/lv\/abonesanas-parvaldibas-instrukcijas\/\" \/>\n<meta property=\"og:site_name\" content=\"Talkpal\" \/>\n<meta property=\"article:publisher\" content=\"https:\/\/www.facebook.com\/profile.php?id=100090733639311\" \/>\n<meta property=\"article:modified_time\" content=\"2025-07-12T09:47:22+00:00\" \/>\n<meta property=\"og:image\" content=\"https:\/\/talkpal.ai\/wp-content\/uploads\/2024\/03\/Talkpal-Logo-Icon.png\" \/>\n\t<meta property=\"og:image:width\" content=\"5000\" \/>\n\t<meta property=\"og:image:height\" content=\"5000\" \/>\n\t<meta property=\"og:image:type\" content=\"image\/png\" \/>\n<meta name=\"twitter:card\" content=\"summary_large_image\" \/>\n<meta name=\"twitter:site\" content=\"@talkpalai\" \/>\n<meta name=\"twitter:label1\" content=\"Est. reading time\" \/>\n\t<meta name=\"twitter:data1\" content=\"1 minute\" \/>\n<script type=\"application\/ld+json\" class=\"yoast-schema-graph\">{\"@context\":\"https:\/\/schema.org\",\"@graph\":[{\"@type\":\"WebPage\",\"@id\":\"https:\/\/talkpal.ai\/lv\/abonesanas-parvaldibas-instrukcijas\/\",\"url\":\"https:\/\/talkpal.ai\/lv\/abonesanas-parvaldibas-instrukcijas\/\",\"name\":\"Abon\u0113\u0161anas p\u0101rvald\u012bbas instrukcijas - Talkpal\",\"isPartOf\":{\"@id\":\"https:\/\/talkpal.ai\/lv\/#website\"},\"primaryImageOfPage\":{\"@id\":\"https:\/\/talkpal.ai\/lv\/abonesanas-parvaldibas-instrukcijas\/#primaryimage\"},\"image\":{\"@id\":\"https:\/\/talkpal.ai\/lv\/abonesanas-parvaldibas-instrukcijas\/#primaryimage\"},\"thumbnailUrl\":\"https:\/\/talkpal.ai\/wp-content\/uploads\/2024\/03\/Talkpal-Logo-Icon.png\",\"datePublished\":\"2023-10-09T10:03:45+00:00\",\"dateModified\":\"2025-07-12T09:47:22+00:00\",\"description\":\"Izpildiet \u0161os abonementu p\u0101rvald\u012bbas nor\u0101d\u012bjumus, lai viegli atceltu abonementus Apple vai Google Play lietotn\u0113s.\",\"breadcrumb\":{\"@id\":\"https:\/\/talkpal.ai\/lv\/abonesanas-parvaldibas-instrukcijas\/#breadcrumb\"},\"inLanguage\":\"lv-LV\",\"potentialAction\":[{\"@type\":\"ReadAction\",\"target\":[\"https:\/\/talkpal.ai\/lv\/abonesanas-parvaldibas-instrukcijas\/\"]}]},{\"@type\":\"ImageObject\",\"inLanguage\":\"lv-LV\",\"@id\":\"https:\/\/talkpal.ai\/lv\/abonesanas-parvaldibas-instrukcijas\/#primaryimage\",\"url\":\"https:\/\/talkpal.ai\/wp-content\/uploads\/2024\/03\/Talkpal-Logo-Icon.png\",\"contentUrl\":\"https:\/\/talkpal.ai\/wp-content\/uploads\/2024\/03\/Talkpal-Logo-Icon.png\",\"width\":5000,\"height\":5000,\"caption\":\"talkpal logo\"},{\"@type\":\"BreadcrumbList\",\"@id\":\"https:\/\/talkpal.ai\/lv\/abonesanas-parvaldibas-instrukcijas\/#breadcrumb\",\"itemListElement\":[{\"@type\":\"ListItem\",\"position\":1,\"name\":\"Homepage\",\"item\":\"https:\/\/talkpal.ai\/lv\/\"},{\"@type\":\"ListItem\",\"position\":2,\"name\":\"Abon\u0113\u0161anas p\u0101rvald\u012bbas instrukcijas\"}]},{\"@type\":\"WebSite\",\"@id\":\"https:\/\/talkpal.ai\/lv\/#website\",\"url\":\"https:\/\/talkpal.ai\/lv\/\",\"name\":\"Talkpal\",\"description\":\"AI Language Learning\",\"publisher\":{\"@id\":\"https:\/\/talkpal.ai\/lv\/#organization\"},\"alternateName\":\"Talkpal AI\",\"potentialAction\":[{\"@type\":\"SearchAction\",\"target\":{\"@type\":\"EntryPoint\",\"urlTemplate\":\"https:\/\/talkpal.ai\/lv\/?s={search_term_string}\"},\"query-input\":{\"@type\":\"PropertyValueSpecification\",\"valueRequired\":true,\"valueName\":\"search_term_string\"}}],\"inLanguage\":\"lv-LV\"},{\"@type\":\"Organization\",\"@id\":\"https:\/\/talkpal.ai\/lv\/#organization\",\"name\":\"Talkpal, Inc.\",\"alternateName\":\"Talkpal AI\",\"url\":\"https:\/\/talkpal.ai\/lv\/\",\"logo\":{\"@type\":\"ImageObject\",\"inLanguage\":\"lv-LV\",\"@id\":\"https:\/\/talkpal.ai\/lv\/#\/schema\/logo\/image\/\",\"url\":\"https:\/\/talkpal.ai\/wp-content\/uploads\/2024\/03\/Talkpal-Logo-Icon.png\",\"contentUrl\":\"https:\/\/talkpal.ai\/wp-content\/uploads\/2024\/03\/Talkpal-Logo-Icon.png\",\"width\":2880,\"height\":2880,\"caption\":\"Talkpal, Inc.\"},\"image\":{\"@id\":\"https:\/\/talkpal.ai\/lv\/#\/schema\/logo\/image\/\"},\"sameAs\":[\"https:\/\/www.facebook.com\/profile.php?id=100090733639311\",\"https:\/\/x.com\/talkpalai\",\"https:\/\/www.linkedin.com\/company\/talkpal\/\",\"https:\/\/www.youtube.com\/@TalkPal\/\",\"https:\/\/www.tiktok.com\/@talkpal\",\"https:\/\/www.instagram.com\/talkpal_ai\/\",\"https:\/\/www.crunchbase.com\/organization\/talkpal-9cde\",\"https:\/\/www.g2.com\/products\/talkpal-for-business\/\",\"https:\/\/www.trustpilot.com\/review\/talkpal.ai\",\"https:\/\/www.capterra.com\/p\/10006800\/TalkPal\/\"],\"description\":\"Talkpal is a language learning web and mobile education app, powered by the latest AI technologies, that provides engaging experiences to its customers in many different languages to help them improve their language skills. Users can chat about unlimited amount of topics with the app and use other modes to practice their language learning.\",\"email\":\"support@talkpal.ai\",\"legalName\":\"Talkpal, Inc.\",\"foundingDate\":\"2023-04-03\",\"duns\":\"118989042\",\"numberOfEmployees\":{\"@type\":\"QuantitativeValue\",\"minValue\":\"11\",\"maxValue\":\"50\"},\"publishingPrinciples\":\"https:\/\/talkpal.ai\/publishing-principles\/\",\"actionableFeedbackPolicy\":\"https:\/\/talkpal.ai\/actionable-feedback-policy\/\",\"correctionsPolicy\":\"https:\/\/talkpal.ai\/corrections-policy\/\",\"ethicsPolicy\":\"https:\/\/talkpal.ai\/ethics-policy\/\",\"diversityPolicy\":\"https:\/\/talkpal.ai\/diversity-policy\/\",\"diversityStaffingReport\":\"https:\/\/talkpal.ai\/diversity-policy\/\"}]}<\/script>\n<!-- \/ Yoast SEO Premium plugin. -->","yoast_head_json":{"title":"Abon\u0113\u0161anas p\u0101rvald\u012bbas instrukcijas - Talkpal","description":"Izpildiet \u0161os abonementu p\u0101rvald\u012bbas nor\u0101d\u012bjumus, lai viegli atceltu abonementus Apple vai Google Play lietotn\u0113s.","robots":{"index":"index","follow":"follow","max-snippet":"max-snippet:-1","max-image-preview":"max-image-preview:large","max-video-preview":"max-video-preview:-1"},"canonical":"https:\/\/talkpal.ai\/lv\/abonesanas-parvaldibas-instrukcijas\/","og_locale":"lv_LV","og_type":"article","og_title":"Abon\u0113\u0161anas p\u0101rvald\u012bbas instrukcijas","og_description":"Abonementus varat p\u0101rvald\u012bt m\u016bsu App Store (Apple iOS), Google Play (Android) vai vietnes lietotn\u0113s. App Store (Apple iOS) L\u016bdzu, \u0146emiet v\u0113r\u0101: jums ir","og_url":"https:\/\/talkpal.ai\/lv\/abonesanas-parvaldibas-instrukcijas\/","og_site_name":"Talkpal","article_publisher":"https:\/\/www.facebook.com\/profile.php?id=100090733639311","article_modified_time":"2025-07-12T09:47:22+00:00","og_image":[{"width":5000,"height":5000,"url":"https:\/\/talkpal.ai\/wp-content\/uploads\/2024\/03\/Talkpal-Logo-Icon.png","type":"image\/png"}],"twitter_card":"summary_large_image","twitter_site":"@talkpalai","twitter_misc":{"Est. reading time":"1 minute"},"schema":{"@context":"https:\/\/schema.org","@graph":[{"@type":"WebPage","@id":"https:\/\/talkpal.ai\/lv\/abonesanas-parvaldibas-instrukcijas\/","url":"https:\/\/talkpal.ai\/lv\/abonesanas-parvaldibas-instrukcijas\/","name":"Abon\u0113\u0161anas p\u0101rvald\u012bbas instrukcijas - Talkpal","isPartOf":{"@id":"https:\/\/talkpal.ai\/lv\/#website"},"primaryImageOfPage":{"@id":"https:\/\/talkpal.ai\/lv\/abonesanas-parvaldibas-instrukcijas\/#primaryimage"},"image":{"@id":"https:\/\/talkpal.ai\/lv\/abonesanas-parvaldibas-instrukcijas\/#primaryimage"},"thumbnailUrl":"https:\/\/talkpal.ai\/wp-content\/uploads\/2024\/03\/Talkpal-Logo-Icon.png","datePublished":"2023-10-09T10:03:45+00:00","dateModified":"2025-07-12T09:47:22+00:00","description":"Izpildiet \u0161os abonementu p\u0101rvald\u012bbas nor\u0101d\u012bjumus, lai viegli atceltu abonementus Apple vai Google Play lietotn\u0113s.","breadcrumb":{"@id":"https:\/\/talkpal.ai\/lv\/abonesanas-parvaldibas-instrukcijas\/#breadcrumb"},"inLanguage":"lv-LV","potentialAction":[{"@type":"ReadAction","target":["https:\/\/talkpal.ai\/lv\/abonesanas-parvaldibas-instrukcijas\/"]}]},{"@type":"ImageObject","inLanguage":"lv-LV","@id":"https:\/\/talkpal.ai\/lv\/abonesanas-parvaldibas-instrukcijas\/#primaryimage","url":"https:\/\/talkpal.ai\/wp-content\/uploads\/2024\/03\/Talkpal-Logo-Icon.png","contentUrl":"https:\/\/talkpal.ai\/wp-content\/uploads\/2024\/03\/Talkpal-Logo-Icon.png","width":5000,"height":5000,"caption":"talkpal logo"},{"@type":"BreadcrumbList","@id":"https:\/\/talkpal.ai\/lv\/abonesanas-parvaldibas-instrukcijas\/#breadcrumb","itemListElement":[{"@type":"ListItem","position":1,"name":"Homepage","item":"https:\/\/talkpal.ai\/lv\/"},{"@type":"ListItem","position":2,"name":"Abon\u0113\u0161anas p\u0101rvald\u012bbas instrukcijas"}]},{"@type":"WebSite","@id":"https:\/\/talkpal.ai\/lv\/#website","url":"https:\/\/talkpal.ai\/lv\/","name":"Talkpal","description":"AI Language Learning","publisher":{"@id":"https:\/\/talkpal.ai\/lv\/#organization"},"alternateName":"Talkpal AI","potentialAction":[{"@type":"SearchAction","target":{"@type":"EntryPoint","urlTemplate":"https:\/\/talkpal.ai\/lv\/?s={search_term_string}"},"query-input":{"@type":"PropertyValueSpecification","valueRequired":true,"valueName":"search_term_string"}}],"inLanguage":"lv-LV"},{"@type":"Organization","@id":"https:\/\/talkpal.ai\/lv\/#organization","name":"Talkpal, Inc.","alternateName":"Talkpal AI","url":"https:\/\/talkpal.ai\/lv\/","logo":{"@type":"ImageObject","inLanguage":"lv-LV","@id":"https:\/\/talkpal.ai\/lv\/#\/schema\/logo\/image\/","url":"https:\/\/talkpal.ai\/wp-content\/uploads\/2024\/03\/Talkpal-Logo-Icon.png","contentUrl":"https:\/\/talkpal.ai\/wp-content\/uploads\/2024\/03\/Talkpal-Logo-Icon.png","width":2880,"height":2880,"caption":"Talkpal, Inc."},"image":{"@id":"https:\/\/talkpal.ai\/lv\/#\/schema\/logo\/image\/"},"sameAs":["https:\/\/www.facebook.com\/profile.php?id=100090733639311","https:\/\/x.com\/talkpalai","https:\/\/www.linkedin.com\/company\/talkpal\/","https:\/\/www.youtube.com\/@TalkPal\/","https:\/\/www.tiktok.com\/@talkpal","https:\/\/www.instagram.com\/talkpal_ai\/","https:\/\/www.crunchbase.com\/organization\/talkpal-9cde","https:\/\/www.g2.com\/products\/talkpal-for-business\/","https:\/\/www.trustpilot.com\/review\/talkpal.ai","https:\/\/www.capterra.com\/p\/10006800\/TalkPal\/"],"description":"Talkpal is a language learning web and mobile education app, powered by the latest AI technologies, that provides engaging experiences to its customers in many different languages to help them improve their language skills. Users can chat about unlimited amount of topics with the app and use other modes to practice their language learning.","email":"support@talkpal.ai","legalName":"Talkpal, Inc.","foundingDate":"2023-04-03","duns":"118989042","numberOfEmployees":{"@type":"QuantitativeValue","minValue":"11","maxValue":"50"},"publishingPrinciples":"https:\/\/talkpal.ai\/publishing-principles\/","actionableFeedbackPolicy":"https:\/\/talkpal.ai\/actionable-feedback-policy\/","correctionsPolicy":"https:\/\/talkpal.ai\/corrections-policy\/","ethicsPolicy":"https:\/\/talkpal.ai\/ethics-policy\/","diversityPolicy":"https:\/\/talkpal.ai\/diversity-policy\/","diversityStaffingReport":"https:\/\/talkpal.ai\/diversity-policy\/"}]}},"_links":{"self":[{"href":"https:\/\/talkpal.ai\/lv\/wp-json\/wp\/v2\/pages\/998026","targetHints":{"allow":["GET"]}}],"collection":[{"href":"https:\/\/talkpal.ai\/lv\/wp-json\/wp\/v2\/pages"}],"about":[{"href":"https:\/\/talkpal.ai\/lv\/wp-json\/wp\/v2\/types\/page"}],"author":[{"embeddable":true,"href":"https:\/\/talkpal.ai\/lv\/wp-json\/wp\/v2\/users\/10"}],"replies":[{"embeddable":true,"href":"https:\/\/talkpal.ai\/lv\/wp-json\/wp\/v2\/comments?post=998026"}],"version-history":[{"count":0,"href":"https:\/\/talkpal.ai\/lv\/wp-json\/wp\/v2\/pages\/998026\/revisions"}],"wp:featuredmedia":[{"embeddable":true,"href":"https:\/\/talkpal.ai\/lv\/wp-json\/wp\/v2\/media\/197966"}],"wp:attachment":[{"href":"https:\/\/talkpal.ai\/lv\/wp-json\/wp\/v2\/media?parent=998026"}],"curies":[{"name":"wp","href":"https:\/\/api.w.org\/{rel}","templated":true}]}}