{"id":994725,"date":"2023-12-20T15:42:12","date_gmt":"2023-12-20T15:42:12","guid":{"rendered":"https:\/\/talkpal.ai\/noradijumi-par-kupona-koda-pievienosanu-stripe-checkout\/"},"modified":"2025-06-19T18:08:08","modified_gmt":"2025-06-19T18:08:08","slug":"noradijumi-par-kupona-koda-pievienosanu-stripe-checkout","status":"publish","type":"page","link":"https:\/\/talkpal.ai\/lv\/noradijumi-par-kupona-koda-pievienosanu-stripe-checkout\/","title":{"rendered":"Nor\u0101d\u012bjumi par kupona koda pievieno\u0161anu Stripe Checkout"},"content":{"rendered":"\n<p>Pievienojiet kupona kodu un sa\u0146emiet atlaidi.<\/p>\n\n<h2 class=\"wp-block-heading\" id=\"h-follow-the-steps\">Izpildiet so\u013cus<\/h2>\n\n<h3 class=\"wp-block-heading\" id=\"h-step-1\">1. solis:<\/h3>\n\n<p>Izv\u0113lieties v\u0113lamo pl\u0101nu.<\/p>\n\n<figure class=\"wp-block-image\"><img decoding=\"async\" src=\"https:\/\/talkpal.ai\/wp-content\/uploads\/2024\/12\/Choos-plan-screen-768x389.png\" alt=\"\"\/><\/figure>\n\n<h3 class=\"wp-block-heading\" id=\"h-step-2\">2. solis:<\/h3>\n\n<p>Izv\u0113lieties iesp\u0113ju maks\u0101t ar karti un nospiediet s\u0101kuma pogu.<\/p>\n\n<figure class=\"wp-block-image\"><img decoding=\"async\" src=\"https:\/\/talkpal.ai\/wp-content\/uploads\/2024\/12\/Payment-method-screen-768x389.png\" alt=\"\"\/><\/figure>\n\n<h3 class=\"wp-block-heading\" id=\"h-step-3\">3. solis:<\/h3>\n\n<p>J\u016bs tiksiet novirz\u012bts uz Stripe kases lapu.<\/p>\n\n<h3 class=\"wp-block-heading\" id=\"h-step-4\">4. solis:<\/h3>\n\n<p>Nospiediet \u201cPievienot akcijas kodu\u201d un ievadiet kodu, piem\u0113ram: <strong>Nospiediet<\/strong> \u201cPieteikties\u201d.<\/p>\n\n<figure class=\"wp-block-image\"><img decoding=\"async\" src=\"https:\/\/talkpal.ai\/wp-content\/uploads\/2024\/05\/Talkpal-Stripe-instructions-1024x593.png\" alt=\"\"\/><\/figure>\n\n<h3 class=\"wp-block-heading\" id=\"h-step-5\">5:<\/h3>\n\n<p>Aizpildiet savas kartes inform\u0101ciju un s\u0101ciet p\u0113t\u012bt savu Premium kontu.<\/p>\n\n<p><\/p>\n","protected":false},"excerpt":{"rendered":"<p>Pievienojiet kupona kodu un sa\u0146emiet atlaidi. Izpildiet so\u013cus 1. solis: Izv\u0113lieties v\u0113lamo pl\u0101nu. 2. solis: Izv\u0113lieties iesp\u0113ju maks\u0101t ar karti un nospiediet s\u0101kuma pogu. 3. solis: J\u016bs tiksiet novirz\u012bts uz Stripe kases lapu. 4. solis: Nospiediet \u201cPievienot akcijas kodu\u201d un ievadiet kodu, piem\u0113ram: Nospiediet \u201cPieteikties\u201d. 5: Aizpildiet savas kartes inform\u0101ciju un s\u0101ciet p\u0113t\u012bt savu Premium [&hellip;]<\/p>\n","protected":false},"author":6,"featured_media":197966,"parent":0,"menu_order":0,"comment_status":"closed","ping_status":"closed","template":"","meta":{"_acf_changed":false,"footnotes":""},"class_list":["post-994725","page","type-page","status-publish","has-post-thumbnail","hentry"],"acf":[],"yoast_head":"<!-- This site is optimized with the Yoast SEO Premium plugin v27.2 (Yoast SEO v27.2) - https:\/\/yoast.com\/product\/yoast-seo-premium-wordpress\/ -->\n<title>Nor\u0101d\u012bjumi par kupona koda pievieno\u0161anu Stripe Checkout - Talkpal<\/title>\n<meta name=\"description\" content=\"Uzziniet, k\u0101 viegli pievienot kuponu kodus Stripe Checkout. Veiciet vienk\u0101r\u0161us so\u013cus, lai uzlabotu klientu izrakst\u012b\u0161an\u0101s pieredzi.\" \/>\n<meta name=\"robots\" content=\"index, follow, max-snippet:-1, max-image-preview:large, max-video-preview:-1\" \/>\n<link rel=\"canonical\" href=\"https:\/\/talkpal.ai\/lv\/noradijumi-par-kupona-koda-pievienosanu-stripe-checkout\/\" \/>\n<meta property=\"og:locale\" content=\"lv_LV\" \/>\n<meta property=\"og:type\" content=\"article\" \/>\n<meta property=\"og:title\" content=\"Nor\u0101d\u012bjumi par kupona koda pievieno\u0161anu Stripe Checkout\" \/>\n<meta property=\"og:description\" content=\"Pievienojiet kupona kodu un sa\u0146emiet atlaidi. Izpildiet so\u013cus 1. solis: Izv\u0113lieties v\u0113lamo pl\u0101nu. 2. solis: Izv\u0113lieties iesp\u0113ju maks\u0101t ar karti un\" \/>\n<meta property=\"og:url\" content=\"https:\/\/talkpal.ai\/lv\/noradijumi-par-kupona-koda-pievienosanu-stripe-checkout\/\" \/>\n<meta property=\"og:site_name\" content=\"Talkpal\" \/>\n<meta property=\"article:publisher\" content=\"https:\/\/www.facebook.com\/profile.php?id=100090733639311\" \/>\n<meta property=\"article:modified_time\" content=\"2025-06-19T18:08:08+00:00\" \/>\n<meta property=\"og:image\" content=\"https:\/\/talkpal.ai\/wp-content\/uploads\/2024\/03\/Talkpal-Logo-Icon.png\" \/>\n\t<meta property=\"og:image:width\" content=\"5000\" \/>\n\t<meta property=\"og:image:height\" content=\"5000\" \/>\n\t<meta property=\"og:image:type\" content=\"image\/png\" \/>\n<meta name=\"twitter:card\" content=\"summary_large_image\" \/>\n<meta name=\"twitter:site\" content=\"@talkpalai\" \/>\n<script type=\"application\/ld+json\" class=\"yoast-schema-graph\">{\"@context\":\"https:\/\/schema.org\",\"@graph\":[{\"@type\":\"WebPage\",\"@id\":\"https:\/\/talkpal.ai\/lv\/noradijumi-par-kupona-koda-pievienosanu-stripe-checkout\/\",\"url\":\"https:\/\/talkpal.ai\/lv\/noradijumi-par-kupona-koda-pievienosanu-stripe-checkout\/\",\"name\":\"Nor\u0101d\u012bjumi par kupona koda pievieno\u0161anu Stripe Checkout - Talkpal\",\"isPartOf\":{\"@id\":\"https:\/\/talkpal.ai\/lv\/#website\"},\"primaryImageOfPage\":{\"@id\":\"https:\/\/talkpal.ai\/lv\/noradijumi-par-kupona-koda-pievienosanu-stripe-checkout\/#primaryimage\"},\"image\":{\"@id\":\"https:\/\/talkpal.ai\/lv\/noradijumi-par-kupona-koda-pievienosanu-stripe-checkout\/#primaryimage\"},\"thumbnailUrl\":\"https:\/\/talkpal.ai\/wp-content\/uploads\/2024\/03\/Talkpal-Logo-Icon.png\",\"datePublished\":\"2023-12-20T15:42:12+00:00\",\"dateModified\":\"2025-06-19T18:08:08+00:00\",\"description\":\"Uzziniet, k\u0101 viegli pievienot kuponu kodus Stripe Checkout. Veiciet vienk\u0101r\u0161us so\u013cus, lai uzlabotu klientu izrakst\u012b\u0161an\u0101s pieredzi.\",\"breadcrumb\":{\"@id\":\"https:\/\/talkpal.ai\/lv\/noradijumi-par-kupona-koda-pievienosanu-stripe-checkout\/#breadcrumb\"},\"inLanguage\":\"lv-LV\",\"potentialAction\":[{\"@type\":\"ReadAction\",\"target\":[\"https:\/\/talkpal.ai\/lv\/noradijumi-par-kupona-koda-pievienosanu-stripe-checkout\/\"]}]},{\"@type\":\"ImageObject\",\"inLanguage\":\"lv-LV\",\"@id\":\"https:\/\/talkpal.ai\/lv\/noradijumi-par-kupona-koda-pievienosanu-stripe-checkout\/#primaryimage\",\"url\":\"https:\/\/talkpal.ai\/wp-content\/uploads\/2024\/03\/Talkpal-Logo-Icon.png\",\"contentUrl\":\"https:\/\/talkpal.ai\/wp-content\/uploads\/2024\/03\/Talkpal-Logo-Icon.png\",\"width\":5000,\"height\":5000,\"caption\":\"Talkpal logotips bez v\u0101rda z\u012bmes\"},{\"@type\":\"BreadcrumbList\",\"@id\":\"https:\/\/talkpal.ai\/lv\/noradijumi-par-kupona-koda-pievienosanu-stripe-checkout\/#breadcrumb\",\"itemListElement\":[{\"@type\":\"ListItem\",\"position\":1,\"name\":\"Homepage\",\"item\":\"https:\/\/talkpal.ai\/lv\/\"},{\"@type\":\"ListItem\",\"position\":2,\"name\":\"Nor\u0101d\u012bjumi par kupona koda pievieno\u0161anu Stripe Checkout\"}]},{\"@type\":\"WebSite\",\"@id\":\"https:\/\/talkpal.ai\/lv\/#website\",\"url\":\"https:\/\/talkpal.ai\/lv\/\",\"name\":\"Talkpal\",\"description\":\"AI Language Learning\",\"publisher\":{\"@id\":\"https:\/\/talkpal.ai\/lv\/#organization\"},\"alternateName\":\"Talkpal AI\",\"potentialAction\":[{\"@type\":\"SearchAction\",\"target\":{\"@type\":\"EntryPoint\",\"urlTemplate\":\"https:\/\/talkpal.ai\/lv\/?s={search_term_string}\"},\"query-input\":{\"@type\":\"PropertyValueSpecification\",\"valueRequired\":true,\"valueName\":\"search_term_string\"}}],\"inLanguage\":\"lv-LV\"},{\"@type\":\"Organization\",\"@id\":\"https:\/\/talkpal.ai\/lv\/#organization\",\"name\":\"Talkpal, Inc.\",\"alternateName\":\"Talkpal AI\",\"url\":\"https:\/\/talkpal.ai\/lv\/\",\"logo\":{\"@type\":\"ImageObject\",\"inLanguage\":\"lv-LV\",\"@id\":\"https:\/\/talkpal.ai\/lv\/#\/schema\/logo\/image\/\",\"url\":\"https:\/\/talkpal.ai\/wp-content\/uploads\/2024\/03\/Talkpal-Logo-Icon.png\",\"contentUrl\":\"https:\/\/talkpal.ai\/wp-content\/uploads\/2024\/03\/Talkpal-Logo-Icon.png\",\"width\":2880,\"height\":2880,\"caption\":\"Talkpal, Inc.\"},\"image\":{\"@id\":\"https:\/\/talkpal.ai\/lv\/#\/schema\/logo\/image\/\"},\"sameAs\":[\"https:\/\/www.facebook.com\/profile.php?id=100090733639311\",\"https:\/\/x.com\/talkpalai\",\"https:\/\/www.linkedin.com\/company\/talkpal\/\",\"https:\/\/www.youtube.com\/@TalkPal\/\",\"https:\/\/www.tiktok.com\/@talkpal\",\"https:\/\/www.instagram.com\/talkpal_ai\/\",\"https:\/\/www.crunchbase.com\/organization\/talkpal-9cde\",\"https:\/\/www.g2.com\/products\/talkpal-for-business\/\",\"https:\/\/www.trustpilot.com\/review\/talkpal.ai\",\"https:\/\/www.capterra.com\/p\/10006800\/TalkPal\/\"],\"description\":\"Talkpal is a language learning web and mobile education app, powered by the latest AI technologies, that provides engaging experiences to its customers in many different languages to help them improve their language skills. Users can chat about unlimited amount of topics with the app and use other modes to practice their language learning.\",\"email\":\"support@talkpal.ai\",\"legalName\":\"Talkpal, Inc.\",\"foundingDate\":\"2023-04-03\",\"duns\":\"118989042\",\"numberOfEmployees\":{\"@type\":\"QuantitativeValue\",\"minValue\":\"11\",\"maxValue\":\"50\"},\"publishingPrinciples\":\"https:\/\/talkpal.ai\/publishing-principles\/\",\"actionableFeedbackPolicy\":\"https:\/\/talkpal.ai\/actionable-feedback-policy\/\",\"correctionsPolicy\":\"https:\/\/talkpal.ai\/corrections-policy\/\",\"ethicsPolicy\":\"https:\/\/talkpal.ai\/ethics-policy\/\",\"diversityPolicy\":\"https:\/\/talkpal.ai\/diversity-policy\/\",\"diversityStaffingReport\":\"https:\/\/talkpal.ai\/diversity-policy\/\"}]}<\/script>\n<!-- \/ Yoast SEO Premium plugin. -->","yoast_head_json":{"title":"Nor\u0101d\u012bjumi par kupona koda pievieno\u0161anu Stripe Checkout - Talkpal","description":"Uzziniet, k\u0101 viegli pievienot kuponu kodus Stripe Checkout. Veiciet vienk\u0101r\u0161us so\u013cus, lai uzlabotu klientu izrakst\u012b\u0161an\u0101s pieredzi.","robots":{"index":"index","follow":"follow","max-snippet":"max-snippet:-1","max-image-preview":"max-image-preview:large","max-video-preview":"max-video-preview:-1"},"canonical":"https:\/\/talkpal.ai\/lv\/noradijumi-par-kupona-koda-pievienosanu-stripe-checkout\/","og_locale":"lv_LV","og_type":"article","og_title":"Nor\u0101d\u012bjumi par kupona koda pievieno\u0161anu Stripe Checkout","og_description":"Pievienojiet kupona kodu un sa\u0146emiet atlaidi. Izpildiet so\u013cus 1. solis: Izv\u0113lieties v\u0113lamo pl\u0101nu. 2. solis: Izv\u0113lieties iesp\u0113ju maks\u0101t ar karti un","og_url":"https:\/\/talkpal.ai\/lv\/noradijumi-par-kupona-koda-pievienosanu-stripe-checkout\/","og_site_name":"Talkpal","article_publisher":"https:\/\/www.facebook.com\/profile.php?id=100090733639311","article_modified_time":"2025-06-19T18:08:08+00:00","og_image":[{"width":5000,"height":5000,"url":"https:\/\/talkpal.ai\/wp-content\/uploads\/2024\/03\/Talkpal-Logo-Icon.png","type":"image\/png"}],"twitter_card":"summary_large_image","twitter_site":"@talkpalai","schema":{"@context":"https:\/\/schema.org","@graph":[{"@type":"WebPage","@id":"https:\/\/talkpal.ai\/lv\/noradijumi-par-kupona-koda-pievienosanu-stripe-checkout\/","url":"https:\/\/talkpal.ai\/lv\/noradijumi-par-kupona-koda-pievienosanu-stripe-checkout\/","name":"Nor\u0101d\u012bjumi par kupona koda pievieno\u0161anu Stripe Checkout - Talkpal","isPartOf":{"@id":"https:\/\/talkpal.ai\/lv\/#website"},"primaryImageOfPage":{"@id":"https:\/\/talkpal.ai\/lv\/noradijumi-par-kupona-koda-pievienosanu-stripe-checkout\/#primaryimage"},"image":{"@id":"https:\/\/talkpal.ai\/lv\/noradijumi-par-kupona-koda-pievienosanu-stripe-checkout\/#primaryimage"},"thumbnailUrl":"https:\/\/talkpal.ai\/wp-content\/uploads\/2024\/03\/Talkpal-Logo-Icon.png","datePublished":"2023-12-20T15:42:12+00:00","dateModified":"2025-06-19T18:08:08+00:00","description":"Uzziniet, k\u0101 viegli pievienot kuponu kodus Stripe Checkout. Veiciet vienk\u0101r\u0161us so\u013cus, lai uzlabotu klientu izrakst\u012b\u0161an\u0101s pieredzi.","breadcrumb":{"@id":"https:\/\/talkpal.ai\/lv\/noradijumi-par-kupona-koda-pievienosanu-stripe-checkout\/#breadcrumb"},"inLanguage":"lv-LV","potentialAction":[{"@type":"ReadAction","target":["https:\/\/talkpal.ai\/lv\/noradijumi-par-kupona-koda-pievienosanu-stripe-checkout\/"]}]},{"@type":"ImageObject","inLanguage":"lv-LV","@id":"https:\/\/talkpal.ai\/lv\/noradijumi-par-kupona-koda-pievienosanu-stripe-checkout\/#primaryimage","url":"https:\/\/talkpal.ai\/wp-content\/uploads\/2024\/03\/Talkpal-Logo-Icon.png","contentUrl":"https:\/\/talkpal.ai\/wp-content\/uploads\/2024\/03\/Talkpal-Logo-Icon.png","width":5000,"height":5000,"caption":"Talkpal logotips bez v\u0101rda z\u012bmes"},{"@type":"BreadcrumbList","@id":"https:\/\/talkpal.ai\/lv\/noradijumi-par-kupona-koda-pievienosanu-stripe-checkout\/#breadcrumb","itemListElement":[{"@type":"ListItem","position":1,"name":"Homepage","item":"https:\/\/talkpal.ai\/lv\/"},{"@type":"ListItem","position":2,"name":"Nor\u0101d\u012bjumi par kupona koda pievieno\u0161anu Stripe Checkout"}]},{"@type":"WebSite","@id":"https:\/\/talkpal.ai\/lv\/#website","url":"https:\/\/talkpal.ai\/lv\/","name":"Talkpal","description":"AI Language Learning","publisher":{"@id":"https:\/\/talkpal.ai\/lv\/#organization"},"alternateName":"Talkpal AI","potentialAction":[{"@type":"SearchAction","target":{"@type":"EntryPoint","urlTemplate":"https:\/\/talkpal.ai\/lv\/?s={search_term_string}"},"query-input":{"@type":"PropertyValueSpecification","valueRequired":true,"valueName":"search_term_string"}}],"inLanguage":"lv-LV"},{"@type":"Organization","@id":"https:\/\/talkpal.ai\/lv\/#organization","name":"Talkpal, Inc.","alternateName":"Talkpal AI","url":"https:\/\/talkpal.ai\/lv\/","logo":{"@type":"ImageObject","inLanguage":"lv-LV","@id":"https:\/\/talkpal.ai\/lv\/#\/schema\/logo\/image\/","url":"https:\/\/talkpal.ai\/wp-content\/uploads\/2024\/03\/Talkpal-Logo-Icon.png","contentUrl":"https:\/\/talkpal.ai\/wp-content\/uploads\/2024\/03\/Talkpal-Logo-Icon.png","width":2880,"height":2880,"caption":"Talkpal, Inc."},"image":{"@id":"https:\/\/talkpal.ai\/lv\/#\/schema\/logo\/image\/"},"sameAs":["https:\/\/www.facebook.com\/profile.php?id=100090733639311","https:\/\/x.com\/talkpalai","https:\/\/www.linkedin.com\/company\/talkpal\/","https:\/\/www.youtube.com\/@TalkPal\/","https:\/\/www.tiktok.com\/@talkpal","https:\/\/www.instagram.com\/talkpal_ai\/","https:\/\/www.crunchbase.com\/organization\/talkpal-9cde","https:\/\/www.g2.com\/products\/talkpal-for-business\/","https:\/\/www.trustpilot.com\/review\/talkpal.ai","https:\/\/www.capterra.com\/p\/10006800\/TalkPal\/"],"description":"Talkpal is a language learning web and mobile education app, powered by the latest AI technologies, that provides engaging experiences to its customers in many different languages to help them improve their language skills. Users can chat about unlimited amount of topics with the app and use other modes to practice their language learning.","email":"support@talkpal.ai","legalName":"Talkpal, Inc.","foundingDate":"2023-04-03","duns":"118989042","numberOfEmployees":{"@type":"QuantitativeValue","minValue":"11","maxValue":"50"},"publishingPrinciples":"https:\/\/talkpal.ai\/publishing-principles\/","actionableFeedbackPolicy":"https:\/\/talkpal.ai\/actionable-feedback-policy\/","correctionsPolicy":"https:\/\/talkpal.ai\/corrections-policy\/","ethicsPolicy":"https:\/\/talkpal.ai\/ethics-policy\/","diversityPolicy":"https:\/\/talkpal.ai\/diversity-policy\/","diversityStaffingReport":"https:\/\/talkpal.ai\/diversity-policy\/"}]}},"_links":{"self":[{"href":"https:\/\/talkpal.ai\/lv\/wp-json\/wp\/v2\/pages\/994725","targetHints":{"allow":["GET"]}}],"collection":[{"href":"https:\/\/talkpal.ai\/lv\/wp-json\/wp\/v2\/pages"}],"about":[{"href":"https:\/\/talkpal.ai\/lv\/wp-json\/wp\/v2\/types\/page"}],"author":[{"embeddable":true,"href":"https:\/\/talkpal.ai\/lv\/wp-json\/wp\/v2\/users\/6"}],"replies":[{"embeddable":true,"href":"https:\/\/talkpal.ai\/lv\/wp-json\/wp\/v2\/comments?post=994725"}],"version-history":[{"count":0,"href":"https:\/\/talkpal.ai\/lv\/wp-json\/wp\/v2\/pages\/994725\/revisions"}],"wp:featuredmedia":[{"embeddable":true,"href":"https:\/\/talkpal.ai\/lv\/wp-json\/wp\/v2\/media\/197966"}],"wp:attachment":[{"href":"https:\/\/talkpal.ai\/lv\/wp-json\/wp\/v2\/media?parent=994725"}],"curies":[{"name":"wp","href":"https:\/\/api.w.org\/{rel}","templated":true}]}}