{"id":93021,"date":"2023-12-05T11:40:43","date_gmt":"2023-12-05T11:40:43","guid":{"rendered":"http:\/\/talkpal.ai\/vacu-valodas-sertifikati\/"},"modified":"2026-01-07T15:03:35","modified_gmt":"2026-01-07T15:03:35","slug":"vacu-valodas-sertifikati","status":"publish","type":"page","link":"https:\/\/talkpal.ai\/lv\/vacu-valodas-sertifikati\/","title":{"rendered":"V\u0101cu valodas sertifik\u0101ti"},"content":{"rendered":"\r\n\r\n\r\n<section class=\"languageChallengeSection\">\r\n    <div class=\"languageInfoWrapper\">\r\n        \r\n        <h1>V\u0101cu valodas sertifik\u0101ti<\/h1>\r\n        <p>Talkpal ir m\u0101ksl\u012bg\u0101 intelekta \u0123ener\u0113ta valodu apguves lietotne, kas var pal\u012bdz\u0113t lietot\u0101jiem sagatavoties \u0161iem ang\u013cu valodas eks\u0101meniem. Galveno uzman\u012bbu piev\u0113r\u0161ot run\u0101\u0161anas un klaus\u012b\u0161an\u0101s prasmju uzlabo\u0161anai, Talkpal nodro\u0161ina re\u0101listiskas interakt\u012bvas sarunas un izrunas praksi. T\u0101 AI daba \u013cauj sniegt personaliz\u0113tas atsauksmes, pal\u012bdzot lietot\u0101jiem izprast vi\u0146u progresu un jomas, kas j\u0101uzlabo. V\u0101cu valodas prasmi bie\u017ei nov\u0113rt\u0113 vair\u0101kos eks\u0101menos, piem\u0113ram, TestDaF, Goethe-Zertifikat, DSH, \u00d6SD un telc. \u0160ie eks\u0101meni sniedz nov\u0113rt\u0113jumu par v\u0101cu valodas run\u0101t\u0101ja, kam t\u0101 nav dzimt\u0101 valoda, sp\u0113j\u0101m un tiek pla\u0161i atz\u012bti par ofici\u0101liem prasmes sertifik\u0101tiem. Katram testam ir \u012bpa\u0161as \u012bpa\u0161\u012bbas, kas to at\u0161\u0137ir no citiem valodas prasmes l\u012bme\u0146a, lietojuma lietojuma un v\u0113rt\u0113\u0161anas sist\u0113mas zi\u0146\u0101.<\/p>\r\n\r\n                \r\n    <\/div>\r\n\r\n    <figure>\r\n    <img decoding=\"async\" width=\"768\" height=\"768\" src=\"https:\/\/talkpal.ai\/wp-content\/uploads\/2026\/01\/group-with-phone-in-circle-768x768.webp\" class=\"languageImage no-lazy\" alt=\"Default alt text\" fetchpriority=\"high\" sizes=\"(max-width: 768px) 150px, 768px\" srcset=\"https:\/\/talkpal.ai\/wp-content\/uploads\/2026\/01\/group-with-phone-in-circle-768x768.webp 768w, https:\/\/talkpal.ai\/wp-content\/uploads\/2026\/01\/group-with-phone-in-circle-300x300.webp 300w\" \/>\r\n    \r\n\r\n    <\/figure>\r\n\r\n    \r\n<\/section>\n<div class=\"wp-block-group pageContainerStyle\"><div class=\"wp-block-group__inner-container is-layout-constrained wp-block-group-is-layout-constrained\">\n<h2 class=\"wp-block-heading\" id=\"h-german-language-certificates\">V\u0101cu valodas sertifik\u0101ti<\/h2>\n\n\n\r\n                    <div class=\"methodWraper\">\r\n            <div class=\"methodContent\">\r\n                <img decoding=\"async\" src=\"https:\/\/talkpal.ai\/wp-content\/uploads\/2025\/05\/check_icon.png\" alt=\"Checkmark Icon\">\r\n                <h3>TestDaF:<\/h3>\r\n            <\/div>\r\n            <p>TestDaF (Test Deutsch als Fremdsprache): \u0160is ir standartiz\u0113ts tests, kas paredz\u0113ts v\u0101cu valodas \u0101rvalstu apguv\u0113jiem, kuri pl\u0101no stud\u0113t vai veikt p\u0113t\u012bjumus V\u0101cij\u0101. Eks\u0101mens p\u0101rbauda kandid\u0101ta prasmi visos \u010detros valodu apguves aspektos &#8211; las\u012b\u0161an\u0101, rakst\u012b\u0161an\u0101, klaus\u012b\u0161an\u0101 un run\u0101\u0161an\u0101.<\/p>\r\n        <\/div>\r\n                    <div class=\"methodWraper\">\r\n            <div class=\"methodContent\">\r\n                <img decoding=\"async\" src=\"https:\/\/talkpal.ai\/wp-content\/uploads\/2025\/05\/check_icon.png\" alt=\"Checkmark Icon\">\r\n                <h3>G\u0113te-Zertifikat:<\/h3>\r\n            <\/div>\r\n            <p>Goethe-Zertifikat ir atz\u012bts vis\u0101 pasaul\u0113, Goethe-Zertifikat testam ir vair\u0101ki da\u017e\u0101di l\u012bme\u0146i, kas atbilst da\u017e\u0101du izgl\u012btojamo prasmju l\u012bmenim. Tas ir s\u012bk\u0101k sadal\u012bts se\u0161os modu\u013cos: A1 (ies\u0101c\u0113js), A2, B1, B2, C1 un C2 (p\u0101r\u0101ks).<\/p>\r\n        <\/div>\r\n                    <div class=\"methodWraper\">\r\n            <div class=\"methodContent\">\r\n                <img decoding=\"async\" src=\"https:\/\/talkpal.ai\/wp-content\/uploads\/2025\/05\/check_icon.png\" alt=\"Checkmark Icon\">\r\n                <h3>DSH:<\/h3>\r\n            <\/div>\r\n            <p>DSH (Deutsche Sprachpr\u00fcfung f\u00fcr den Hochschulzugang): \u0160is eks\u0101mens ir paredz\u0113ts tiem, kuri v\u0113las stud\u0113t V\u0101cijas universit\u0101t\u0113 un kuriem ir j\u0101pier\u0101da sava valodas prasme. DSH parasti tiek pied\u0101v\u0101ts universit\u0101t\u0113s, un caurlaides z\u012bme parasti ir diezgan augsta.<\/p>\r\n        <\/div>\r\n                    <div class=\"methodWraper\">\r\n            <div class=\"methodContent\">\r\n                <img decoding=\"async\" src=\"https:\/\/talkpal.ai\/wp-content\/uploads\/2025\/05\/check_icon.png\" alt=\"Checkmark Icon\">\r\n                <h3>\u00d6SD:<\/h3>\r\n            <\/div>\r\n            <p>\u00d6SD (\u00d6sterreichisches Sprachdiplom Deutsch): \u00d6SD sertifik\u0101ts sniedz starptautiski atz\u012btu v\u0101cu valodas prasmju pier\u0101d\u012bjumu. Ar da\u017e\u0101diem eks\u0101meniem, lai apmierin\u0101tu da\u017e\u0101dus prasmes l\u012bme\u0146us, t\u0101 ir popul\u0101ra izv\u0113le izgl\u012btojamo vid\u016b, kuru m\u0113r\u0137is ir pla\u0161a v\u0101cu valodas izpratne.<\/p>\r\n        <\/div>\r\n                    <div class=\"methodWraper\">\r\n            <div class=\"methodContent\">\r\n                <img decoding=\"async\" src=\"https:\/\/talkpal.ai\/wp-content\/uploads\/2025\/05\/check_icon.png\" alt=\"Checkmark Icon\">\r\n                <h3>telc:<\/h3>\r\n            <\/div>\r\n            <p>telc (Eiropas valodu sertifik\u0101ti): \u0160\u012b ir v\u0113l viena starptautiska standartiz\u0113ta valodas prasmes p\u0101rbaudes sist\u0113ma. telc pied\u0101v\u0101 sertifik\u0101tus visiem l\u012bme\u0146iem, s\u0101kot no A1 l\u012bdz C2. Galven\u0101 uzman\u012bba tiek piev\u0113rsta ikdienas dz\u012bves un darba vietas scen\u0101rijiem, padarot sertifik\u0101tu \u012bpa\u0161i noder\u012bgu tiem, kas mekl\u0113 darbu v\u0101ciski run\u0101jo\u0161\u0101s valst\u012bs.<\/p>\r\n        <\/div>\r\n    <\/div><\/div>\n","protected":false},"excerpt":{"rendered":"<p>V\u0101cu valodas sertifik\u0101ti<\/p>\n","protected":false},"author":8,"featured_media":75518,"parent":0,"menu_order":0,"comment_status":"closed","ping_status":"closed","template":"simpleContentPage.php","meta":{"_acf_changed":false,"footnotes":""},"class_list":["post-93021","page","type-page","status-publish","has-post-thumbnail","hentry"],"acf":[],"yoast_head":"<!-- This site is optimized with the Yoast SEO Premium plugin v27.2 (Yoast SEO v27.2) - https:\/\/yoast.com\/product\/yoast-seo-premium-wordpress\/ -->\n<title>V\u0101cu valodas sertifik\u0101ti - Talkpal<\/title>\n<meta name=\"description\" content=\"Ieg\u016bstiet atz\u012btus v\u0101cu valodas sertifik\u0101tus - apstipriniet savas prasmes un pa\u0101triniet savu karjeru!\" \/>\n<meta name=\"robots\" content=\"index, follow, max-snippet:-1, max-image-preview:large, max-video-preview:-1\" \/>\n<link rel=\"canonical\" href=\"https:\/\/talkpal.ai\/lv\/vacu-valodas-sertifikati\/\" \/>\n<meta property=\"og:locale\" content=\"lv_LV\" \/>\n<meta property=\"og:type\" content=\"article\" \/>\n<meta property=\"og:title\" content=\"V\u0101cu valodas sertifik\u0101ti\" \/>\n<meta property=\"og:description\" content=\"V\u0101cu valodas sertifik\u0101ti\" \/>\n<meta property=\"og:url\" content=\"https:\/\/talkpal.ai\/lv\/vacu-valodas-sertifikati\/\" \/>\n<meta property=\"og:site_name\" content=\"Talkpal\" \/>\n<meta property=\"article:publisher\" content=\"https:\/\/www.facebook.com\/profile.php?id=100090733639311\" \/>\n<meta property=\"article:modified_time\" content=\"2026-01-07T15:03:35+00:00\" \/>\n<meta property=\"og:image\" content=\"https:\/\/talkpal.ai\/wp-content\/uploads\/2023\/03\/germany.png\" \/>\n\t<meta property=\"og:image:width\" content=\"512\" \/>\n\t<meta property=\"og:image:height\" content=\"512\" \/>\n\t<meta property=\"og:image:type\" content=\"image\/png\" \/>\n<meta name=\"twitter:card\" content=\"summary_large_image\" \/>\n<meta name=\"twitter:site\" content=\"@talkpalai\" \/>\n<script type=\"application\/ld+json\" class=\"yoast-schema-graph\">{\"@context\":\"https:\/\/schema.org\",\"@graph\":[{\"@type\":\"WebPage\",\"@id\":\"https:\/\/talkpal.ai\/lv\/vacu-valodas-sertifikati\/\",\"url\":\"https:\/\/talkpal.ai\/lv\/vacu-valodas-sertifikati\/\",\"name\":\"V\u0101cu valodas sertifik\u0101ti - Talkpal\",\"isPartOf\":{\"@id\":\"https:\/\/talkpal.ai\/lv\/#website\"},\"primaryImageOfPage\":{\"@id\":\"https:\/\/talkpal.ai\/lv\/vacu-valodas-sertifikati\/#primaryimage\"},\"image\":{\"@id\":\"https:\/\/talkpal.ai\/lv\/vacu-valodas-sertifikati\/#primaryimage\"},\"thumbnailUrl\":\"https:\/\/talkpal.ai\/wp-content\/uploads\/2023\/03\/germany.png\",\"datePublished\":\"2023-12-05T11:40:43+00:00\",\"dateModified\":\"2026-01-07T15:03:35+00:00\",\"description\":\"Ieg\u016bstiet atz\u012btus v\u0101cu valodas sertifik\u0101tus - apstipriniet savas prasmes un pa\u0101triniet savu karjeru!\",\"breadcrumb\":{\"@id\":\"https:\/\/talkpal.ai\/lv\/vacu-valodas-sertifikati\/#breadcrumb\"},\"inLanguage\":\"lv-LV\",\"potentialAction\":[{\"@type\":\"ReadAction\",\"target\":[\"https:\/\/talkpal.ai\/lv\/vacu-valodas-sertifikati\/\"]}]},{\"@type\":\"ImageObject\",\"inLanguage\":\"lv-LV\",\"@id\":\"https:\/\/talkpal.ai\/lv\/vacu-valodas-sertifikati\/#primaryimage\",\"url\":\"https:\/\/talkpal.ai\/wp-content\/uploads\/2023\/03\/germany.png\",\"contentUrl\":\"https:\/\/talkpal.ai\/wp-content\/uploads\/2023\/03\/germany.png\",\"width\":512,\"height\":512,\"caption\":\"TalkPal AI learn German\"},{\"@type\":\"BreadcrumbList\",\"@id\":\"https:\/\/talkpal.ai\/lv\/vacu-valodas-sertifikati\/#breadcrumb\",\"itemListElement\":[{\"@type\":\"ListItem\",\"position\":1,\"name\":\"Homepage\",\"item\":\"https:\/\/talkpal.ai\/lv\/\"},{\"@type\":\"ListItem\",\"position\":2,\"name\":\"V\u0101cu valodas sertifik\u0101ti\"}]},{\"@type\":\"WebSite\",\"@id\":\"https:\/\/talkpal.ai\/lv\/#website\",\"url\":\"https:\/\/talkpal.ai\/lv\/\",\"name\":\"Talkpal\",\"description\":\"AI Language Learning\",\"publisher\":{\"@id\":\"https:\/\/talkpal.ai\/lv\/#organization\"},\"alternateName\":\"Talkpal AI\",\"potentialAction\":[{\"@type\":\"SearchAction\",\"target\":{\"@type\":\"EntryPoint\",\"urlTemplate\":\"https:\/\/talkpal.ai\/lv\/?s={search_term_string}\"},\"query-input\":{\"@type\":\"PropertyValueSpecification\",\"valueRequired\":true,\"valueName\":\"search_term_string\"}}],\"inLanguage\":\"lv-LV\"},{\"@type\":\"Organization\",\"@id\":\"https:\/\/talkpal.ai\/lv\/#organization\",\"name\":\"Talkpal, Inc.\",\"alternateName\":\"Talkpal AI\",\"url\":\"https:\/\/talkpal.ai\/lv\/\",\"logo\":{\"@type\":\"ImageObject\",\"inLanguage\":\"lv-LV\",\"@id\":\"https:\/\/talkpal.ai\/lv\/#\/schema\/logo\/image\/\",\"url\":\"https:\/\/talkpal.ai\/wp-content\/uploads\/2024\/03\/Talkpal-Logo-Icon.png\",\"contentUrl\":\"https:\/\/talkpal.ai\/wp-content\/uploads\/2024\/03\/Talkpal-Logo-Icon.png\",\"width\":2880,\"height\":2880,\"caption\":\"Talkpal, Inc.\"},\"image\":{\"@id\":\"https:\/\/talkpal.ai\/lv\/#\/schema\/logo\/image\/\"},\"sameAs\":[\"https:\/\/www.facebook.com\/profile.php?id=100090733639311\",\"https:\/\/x.com\/talkpalai\",\"https:\/\/www.linkedin.com\/company\/talkpal\/\",\"https:\/\/www.youtube.com\/@TalkPal\/\",\"https:\/\/www.tiktok.com\/@talkpal\",\"https:\/\/www.instagram.com\/talkpal_ai\/\",\"https:\/\/www.crunchbase.com\/organization\/talkpal-9cde\",\"https:\/\/www.g2.com\/products\/talkpal-for-business\/\",\"https:\/\/www.trustpilot.com\/review\/talkpal.ai\",\"https:\/\/www.capterra.com\/p\/10006800\/TalkPal\/\"],\"description\":\"Talkpal is a language learning web and mobile education app, powered by the latest AI technologies, that provides engaging experiences to its customers in many different languages to help them improve their language skills. Users can chat about unlimited amount of topics with the app and use other modes to practice their language learning.\",\"email\":\"support@talkpal.ai\",\"legalName\":\"Talkpal, Inc.\",\"foundingDate\":\"2023-04-03\",\"duns\":\"118989042\",\"numberOfEmployees\":{\"@type\":\"QuantitativeValue\",\"minValue\":\"11\",\"maxValue\":\"50\"},\"publishingPrinciples\":\"https:\/\/talkpal.ai\/publishing-principles\/\",\"actionableFeedbackPolicy\":\"https:\/\/talkpal.ai\/actionable-feedback-policy\/\",\"correctionsPolicy\":\"https:\/\/talkpal.ai\/corrections-policy\/\",\"ethicsPolicy\":\"https:\/\/talkpal.ai\/ethics-policy\/\",\"diversityPolicy\":\"https:\/\/talkpal.ai\/diversity-policy\/\",\"diversityStaffingReport\":\"https:\/\/talkpal.ai\/diversity-policy\/\"}]}<\/script>\n<!-- \/ Yoast SEO Premium plugin. -->","yoast_head_json":{"title":"V\u0101cu valodas sertifik\u0101ti - Talkpal","description":"Ieg\u016bstiet atz\u012btus v\u0101cu valodas sertifik\u0101tus - apstipriniet savas prasmes un pa\u0101triniet savu karjeru!","robots":{"index":"index","follow":"follow","max-snippet":"max-snippet:-1","max-image-preview":"max-image-preview:large","max-video-preview":"max-video-preview:-1"},"canonical":"https:\/\/talkpal.ai\/lv\/vacu-valodas-sertifikati\/","og_locale":"lv_LV","og_type":"article","og_title":"V\u0101cu valodas sertifik\u0101ti","og_description":"V\u0101cu valodas sertifik\u0101ti","og_url":"https:\/\/talkpal.ai\/lv\/vacu-valodas-sertifikati\/","og_site_name":"Talkpal","article_publisher":"https:\/\/www.facebook.com\/profile.php?id=100090733639311","article_modified_time":"2026-01-07T15:03:35+00:00","og_image":[{"width":512,"height":512,"url":"https:\/\/talkpal.ai\/wp-content\/uploads\/2023\/03\/germany.png","type":"image\/png"}],"twitter_card":"summary_large_image","twitter_site":"@talkpalai","schema":{"@context":"https:\/\/schema.org","@graph":[{"@type":"WebPage","@id":"https:\/\/talkpal.ai\/lv\/vacu-valodas-sertifikati\/","url":"https:\/\/talkpal.ai\/lv\/vacu-valodas-sertifikati\/","name":"V\u0101cu valodas sertifik\u0101ti - Talkpal","isPartOf":{"@id":"https:\/\/talkpal.ai\/lv\/#website"},"primaryImageOfPage":{"@id":"https:\/\/talkpal.ai\/lv\/vacu-valodas-sertifikati\/#primaryimage"},"image":{"@id":"https:\/\/talkpal.ai\/lv\/vacu-valodas-sertifikati\/#primaryimage"},"thumbnailUrl":"https:\/\/talkpal.ai\/wp-content\/uploads\/2023\/03\/germany.png","datePublished":"2023-12-05T11:40:43+00:00","dateModified":"2026-01-07T15:03:35+00:00","description":"Ieg\u016bstiet atz\u012btus v\u0101cu valodas sertifik\u0101tus - apstipriniet savas prasmes un pa\u0101triniet savu karjeru!","breadcrumb":{"@id":"https:\/\/talkpal.ai\/lv\/vacu-valodas-sertifikati\/#breadcrumb"},"inLanguage":"lv-LV","potentialAction":[{"@type":"ReadAction","target":["https:\/\/talkpal.ai\/lv\/vacu-valodas-sertifikati\/"]}]},{"@type":"ImageObject","inLanguage":"lv-LV","@id":"https:\/\/talkpal.ai\/lv\/vacu-valodas-sertifikati\/#primaryimage","url":"https:\/\/talkpal.ai\/wp-content\/uploads\/2023\/03\/germany.png","contentUrl":"https:\/\/talkpal.ai\/wp-content\/uploads\/2023\/03\/germany.png","width":512,"height":512,"caption":"TalkPal AI learn German"},{"@type":"BreadcrumbList","@id":"https:\/\/talkpal.ai\/lv\/vacu-valodas-sertifikati\/#breadcrumb","itemListElement":[{"@type":"ListItem","position":1,"name":"Homepage","item":"https:\/\/talkpal.ai\/lv\/"},{"@type":"ListItem","position":2,"name":"V\u0101cu valodas sertifik\u0101ti"}]},{"@type":"WebSite","@id":"https:\/\/talkpal.ai\/lv\/#website","url":"https:\/\/talkpal.ai\/lv\/","name":"Talkpal","description":"AI Language Learning","publisher":{"@id":"https:\/\/talkpal.ai\/lv\/#organization"},"alternateName":"Talkpal AI","potentialAction":[{"@type":"SearchAction","target":{"@type":"EntryPoint","urlTemplate":"https:\/\/talkpal.ai\/lv\/?s={search_term_string}"},"query-input":{"@type":"PropertyValueSpecification","valueRequired":true,"valueName":"search_term_string"}}],"inLanguage":"lv-LV"},{"@type":"Organization","@id":"https:\/\/talkpal.ai\/lv\/#organization","name":"Talkpal, Inc.","alternateName":"Talkpal AI","url":"https:\/\/talkpal.ai\/lv\/","logo":{"@type":"ImageObject","inLanguage":"lv-LV","@id":"https:\/\/talkpal.ai\/lv\/#\/schema\/logo\/image\/","url":"https:\/\/talkpal.ai\/wp-content\/uploads\/2024\/03\/Talkpal-Logo-Icon.png","contentUrl":"https:\/\/talkpal.ai\/wp-content\/uploads\/2024\/03\/Talkpal-Logo-Icon.png","width":2880,"height":2880,"caption":"Talkpal, Inc."},"image":{"@id":"https:\/\/talkpal.ai\/lv\/#\/schema\/logo\/image\/"},"sameAs":["https:\/\/www.facebook.com\/profile.php?id=100090733639311","https:\/\/x.com\/talkpalai","https:\/\/www.linkedin.com\/company\/talkpal\/","https:\/\/www.youtube.com\/@TalkPal\/","https:\/\/www.tiktok.com\/@talkpal","https:\/\/www.instagram.com\/talkpal_ai\/","https:\/\/www.crunchbase.com\/organization\/talkpal-9cde","https:\/\/www.g2.com\/products\/talkpal-for-business\/","https:\/\/www.trustpilot.com\/review\/talkpal.ai","https:\/\/www.capterra.com\/p\/10006800\/TalkPal\/"],"description":"Talkpal is a language learning web and mobile education app, powered by the latest AI technologies, that provides engaging experiences to its customers in many different languages to help them improve their language skills. Users can chat about unlimited amount of topics with the app and use other modes to practice their language learning.","email":"support@talkpal.ai","legalName":"Talkpal, Inc.","foundingDate":"2023-04-03","duns":"118989042","numberOfEmployees":{"@type":"QuantitativeValue","minValue":"11","maxValue":"50"},"publishingPrinciples":"https:\/\/talkpal.ai\/publishing-principles\/","actionableFeedbackPolicy":"https:\/\/talkpal.ai\/actionable-feedback-policy\/","correctionsPolicy":"https:\/\/talkpal.ai\/corrections-policy\/","ethicsPolicy":"https:\/\/talkpal.ai\/ethics-policy\/","diversityPolicy":"https:\/\/talkpal.ai\/diversity-policy\/","diversityStaffingReport":"https:\/\/talkpal.ai\/diversity-policy\/"}]}},"_links":{"self":[{"href":"https:\/\/talkpal.ai\/lv\/wp-json\/wp\/v2\/pages\/93021","targetHints":{"allow":["GET"]}}],"collection":[{"href":"https:\/\/talkpal.ai\/lv\/wp-json\/wp\/v2\/pages"}],"about":[{"href":"https:\/\/talkpal.ai\/lv\/wp-json\/wp\/v2\/types\/page"}],"author":[{"embeddable":true,"href":"https:\/\/talkpal.ai\/lv\/wp-json\/wp\/v2\/users\/8"}],"replies":[{"embeddable":true,"href":"https:\/\/talkpal.ai\/lv\/wp-json\/wp\/v2\/comments?post=93021"}],"version-history":[{"count":0,"href":"https:\/\/talkpal.ai\/lv\/wp-json\/wp\/v2\/pages\/93021\/revisions"}],"wp:featuredmedia":[{"embeddable":true,"href":"https:\/\/talkpal.ai\/lv\/wp-json\/wp\/v2\/media\/75518"}],"wp:attachment":[{"href":"https:\/\/talkpal.ai\/lv\/wp-json\/wp\/v2\/media?parent=93021"}],"curies":[{"name":"wp","href":"https:\/\/api.w.org\/{rel}","templated":true}]}}