{"id":91975,"date":"2023-06-14T13:25:23","date_gmt":"2023-06-14T13:25:23","guid":{"rendered":"http:\/\/talkpal.ai\/anglu-valodas-gramatikas-vingrinajumi\/"},"modified":"2025-12-17T16:34:51","modified_gmt":"2025-12-17T16:34:51","slug":"anglu-valodas-gramatikas-vingrinajumi","status":"publish","type":"page","link":"https:\/\/talkpal.ai\/lv\/anglu-valodas-gramatikas-vingrinajumi\/","title":{"rendered":"Ang\u013cu valodas gramatikas vingrin\u0101jumi"},"content":{"rendered":"\r\n\r\n\r\n<section class=\"languageChallengeSection\">\r\n    <div class=\"languageInfoWrapper\">\r\n        \r\n        <h1>Ang\u013cu valodas gramatikas vingrin\u0101jumi<\/h1>\r\n        <p>V\u0113laties uzlabot savu p\u0101rliec\u012bbu par <a href=\"https:\/\/talkpal.ai\/learn-english-with-ai\/\">ang\u013cu<\/a> valodu? Gramatikas vingrin\u0101jumu praktiz\u0113\u0161ana ir lielisks <a href=\"https:\/\/talkpal.ai\/best-way-to-learn\/\">veids<\/a>, k\u0101 uzlabot gramatikas noteikumu izpratni, pareizi lietot darb\u012bbas v\u0101rdus un papla\u0161in\u0101t v\u0101rdu kr\u0101jumu. S\u0101ciet str\u0101d\u0101t pie savas <a href=\"https:\/\/talkpal.ai\/learn-english-with-ai\/\">ang\u013cu<\/a> <a href=\"https:\/\/talkpal.ai\/what-language-is-spoken-on-the-international-space-station\/\">valodas<\/a> gramatikas jau \u0161odien un redz\u0113siet, k\u0101 ar katru vingrin\u0101jumu j\u016bsu prasmes un zin\u0101\u0161anas pieaug!\n\n<\/p>\r\n\r\n                            <a class=\"getStartedHidden\" href=\"https:\/\/app.talkpal.ai\/lv\/signup?lng=\">S\u0101c<\/a>\r\n        \r\n    <\/div>\r\n\r\n    <figure>\r\n    <img decoding=\"async\" width=\"768\" height=\"768\" src=\"https:\/\/talkpal.ai\/wp-content\/uploads\/2023\/06\/English-768x768.png\" class=\"languageImage no-lazy\" alt=\"Language learning for improved multitasking\" fetchpriority=\"high\" sizes=\"(max-width: 768px) 150px, 768px\" srcset=\"https:\/\/talkpal.ai\/wp-content\/uploads\/2023\/06\/English-768x768.png 768w, https:\/\/talkpal.ai\/wp-content\/uploads\/2023\/06\/English-300x300.png 300w\" \/>\r\n    \r\n\r\n    <\/figure>\r\n\r\n            <a class=\"getStartedVisible\" href=\"https:\/\/app.talkpal.ai\/lv\/signup?lng=\">S\u0101c<\/a>\r\n    \r\n<\/section>\r\n\r\n\r\n<!-- <section class=\"grammarSection\">\r\n    <div class=\"grammarLinks\">\r\n        <a href=\"https:\/\/talkpal.ai\/lv\/exercise_language\/adverbs-anglu-valodas-gramatika\/\">Adverbs <\/a><a href=\"https:\/\/talkpal.ai\/lv\/exercise_language\/darbibas-vardi-anglu-valodas-gramatika\/\">Darb\u012bbas v\u0101rdi <\/a><a href=\"https:\/\/talkpal.ai\/lv\/exercise_language\/ipasibas-vardi-anglu-valodas-gramatika\/\">\u012apa\u0161\u012bbas v\u0101rdi <\/a><a href=\"https:\/\/talkpal.ai\/lv\/exercise_language\/laiki-anglu-valodas-gramatika\/\">Laiki <\/a><a href=\"https:\/\/talkpal.ai\/lv\/exercise_language\/lietvardi-anglu-valodas-gramatika\/\">Lietv\u0101rdi <\/a><a href=\"https:\/\/talkpal.ai\/lv\/exercise_language\/nosacijumi-anglu-valodas-gramatika\/\">Nosac\u012bjumi <\/a><a href=\"https:\/\/talkpal.ai\/lv\/exercise_language\/prievardi-anglu-valodas-gramatika\/\">Priev\u0101rdi <\/a><a href=\"https:\/\/talkpal.ai\/lv\/exercise_language\/raksti-anglu-valodas-gramatika\/\">Raksti <\/a><a href=\"https:\/\/talkpal.ai\/lv\/exercise_language\/saspringuma-salidzinajums-anglu-valodas-gramatika\/\">Saspringuma sal\u012bdzin\u0101jums <\/a><a href=\"https:\/\/talkpal.ai\/lv\/exercise_language\/teikumi-anglu-valodas-gramatika\/\">Teikumi <\/a><a href=\"https:\/\/talkpal.ai\/lv\/exercise_language\/vietniekvardi-noteiceji-anglu-valodas-gramatika\/\">Vietniekv\u0101rdi\/noteic\u0113ji <\/a>    <\/div>\r\n<\/section> -->\r\n\r\n\r\n\r\n\r\n        <section class=\"grammarSection\">\r\n            <div class=\"grammarLinks\">\r\n                <a href=\"https:\/\/talkpal.ai\/lv\/exercise_language\/adverbs-anglu-valodas-gramatika\/\">Adverbs <\/a><a href=\"https:\/\/talkpal.ai\/lv\/exercise_language\/darbibas-vardi-anglu-valodas-gramatika\/\">Darb\u012bbas v\u0101rdi <\/a><a href=\"https:\/\/talkpal.ai\/lv\/exercise_language\/ipasibas-vardi-anglu-valodas-gramatika\/\">\u012apa\u0161\u012bbas v\u0101rdi <\/a><a href=\"https:\/\/talkpal.ai\/lv\/exercise_language\/laiki-anglu-valodas-gramatika\/\">Laiki <\/a><a href=\"https:\/\/talkpal.ai\/lv\/exercise_language\/lietvardi-anglu-valodas-gramatika\/\">Lietv\u0101rdi <\/a><a href=\"https:\/\/talkpal.ai\/lv\/exercise_language\/nosacijumi-anglu-valodas-gramatika\/\">Nosac\u012bjumi <\/a><a href=\"https:\/\/talkpal.ai\/lv\/exercise_language\/prievardi-anglu-valodas-gramatika\/\">Priev\u0101rdi <\/a><a href=\"https:\/\/talkpal.ai\/lv\/exercise_language\/raksti-anglu-valodas-gramatika\/\">Raksti <\/a><a href=\"https:\/\/talkpal.ai\/lv\/exercise_language\/saspringuma-salidzinajums-anglu-valodas-gramatika\/\">Saspringuma sal\u012bdzin\u0101jums <\/a><a href=\"https:\/\/talkpal.ai\/lv\/exercise_language\/teikumi-anglu-valodas-gramatika\/\">Teikumi <\/a><a href=\"https:\/\/talkpal.ai\/lv\/exercise_language\/vietniekvardi-noteiceji-anglu-valodas-gramatika\/\">Vietniekv\u0101rdi\/noteic\u0113ji <\/a>            <\/div>\r\n        <\/section>\r\n<section class=\"promotionalBanner\">\r\n    <p class=\"promotionalText\">Visefekt\u012bv\u0101kais veids, k\u0101 apg\u016bt valodu<\/p>\r\n    <a class=\"promotionalLink\" href=\"https:\/\/app.talkpal.ai\/lv\/signup?lng=\">Izm\u0113\u0123iniet Talkpal bez maksas<\/a>\r\n<\/section>\n<div class=\"wp-block-group pageContainerStyle\"><div class=\"wp-block-group__inner-container is-layout-constrained wp-block-group-is-layout-constrained\">\n<h2 class=\"wp-block-heading\" id=\"h-english-grammar-topics\">Ang\u013cu valodas gramatikas t\u0113mas<\/h2>\n\n\n\n<p><a href=\"https:\/\/talkpal.ai\/english-grammar\/\">Ang\u013cu valodas gramatika<\/a> ir noteikumu un vadl\u012bniju kopums, kas nosaka ang\u013cu valodas strukt\u016bru. Tas \u013cauj mums skaidri un efekt\u012bvi sazin\u0101ties sav\u0101 starp\u0101. M\u0101coties ang\u013cu valodu, gramatikas izpratne ir b\u016btiska, lai att\u012bst\u012btu sp\u0113c\u012bgas las\u012b\u0161anas, rakst\u012b\u0161anas un runas prasmes. \u0160is ce\u013cojums ietvers da\u017e\u0101dus gramatikas komponentus, piem\u0113ram, \u012bpa\u0161\u012bbas v\u0101rdus, adverbus, rakstus, nosac\u012bjumus, lietv\u0101rdus, priev\u0101rdus, vietniekv\u0101rdus \/ noteic\u0113jus, teikumus, saspringtu sal\u012bdzin\u0101jumu, laikus un darb\u012bbas v\u0101rdus. Izp\u0113t\u012bsim katru no \u0161\u012bm t\u0113m\u0101m ierosin\u0101taj\u0101 sec\u012bb\u0101, lai padar\u012btu ang\u013cu valodas gramatikas apguvi efekt\u012bv\u0101ku un pat\u012bkam\u0101ku.<\/p>\n\n\n\n<h3 class=\"wp-block-heading\" id=\"h-1-nouns\">1. Lietv\u0101rdi:<\/h3>\n\n\n\n<p>Lietv\u0101rdi ir ang\u013cu valodas gramatikas pamatelementi. Tie ir v\u0101rdi, kas att\u0113lo cilv\u0113kus, vietas, lietas vai idejas. Lietv\u0101rdu izpratne ir b\u016btiska, lai veidotu teikumus un nodotu noz\u012bmi valod\u0101.<\/p>\n\n\n\n<h3 class=\"wp-block-heading\" id=\"h-2-pronouns-determiners\">2. Vietniekv\u0101rdi\/noteic\u0113ji:<\/h3>\n\n\n\n<p>Kad esat guvis izpratni par lietv\u0101rdiem, n\u0101kamais solis ir m\u0101c\u012bties par vietniekv\u0101rdiem un noteic\u0113jiem. Vietniekv\u0101rdi teikum\u0101 aizst\u0101j lietv\u0101rdus, lai izvair\u012btos no atk\u0101rto\u0161an\u0101s, savuk\u0101rt noteic\u0113ji sniedz inform\u0101ciju par lietv\u0101rdu, piem\u0113ram, daudzumu vai vald\u012bjumu.<\/p>\n\n\n\n<h3 class=\"wp-block-heading\" id=\"h-3-verbs\">3. Darb\u012bbas v\u0101rdi:<\/h3>\n\n\n\n<p>Darb\u012bbas v\u0101rdi ir darb\u012bbas v\u0101rdi, kas izsaka to, ko lietv\u0101rds dara vai piedz\u012bvo. Tie ir b\u016btiska jebkura teikuma da\u013ca, un, lai izveidotu skaidrus un kodol\u012bgus pazi\u0146ojumus, ir svar\u012bgi saprast, k\u0101 tie darbojas.<\/p>\n\n\n\n<h3 class=\"wp-block-heading\" id=\"h-4-adjectives\">4. \u012apa\u0161\u012bbas v\u0101rdi:<\/h3>\n\n\n\n<p>\u012apa\u0161\u012bbas v\u0101rdi apraksta vai maina lietv\u0101rdus, sniedzot vair\u0101k inform\u0101cijas par to \u012bpa\u0161\u012bb\u0101m vai \u012bpa\u0161\u012bb\u0101m. M\u0101c\u012b\u0161an\u0101s, k\u0101 efekt\u012bvi lietot \u012bpa\u0161\u012bbas v\u0101rdus, uzlabos j\u016bsu sp\u0113ju sazin\u0101ties ang\u013cu valod\u0101.<\/p>\n\n\n\n<h3 class=\"wp-block-heading\" id=\"h-5-adverbs\">5. Adverbi:<\/h3>\n\n\n\n<p>Adverbi ir l\u012bdz\u012bgi \u012bpa\u0161\u012bbas v\u0101rdiem, bet modific\u0113 darb\u012bbas v\u0101rdus, \u012bpa\u0161\u012bbas v\u0101rdus vai citus adverbus. Vi\u0146i bie\u017ei apraksta, k\u0101, kad vai kur notiek darb\u012bba. Zinot, k\u0101 izmantot adverbus, j\u016bsu ang\u013cu valodas komunik\u0101cijai tiks pievienots dzi\u013cums un deta\u013cas.<\/p>\n\n\n\n<h3 class=\"wp-block-heading\" id=\"h-6-prepositions\">6. Priev\u0101rdi:<\/h3>\n\n\n\n<p>Priev\u0101rdi ir v\u0101rdi, kas par\u0101da attiec\u012bbas starp lietv\u0101rdiem, vietniekv\u0101rdiem un citiem v\u0101rdiem teikum\u0101. Tie pal\u012bdz nodro\u0161in\u0101t kontekstu, piem\u0113ram, atra\u0161an\u0101s vietu, laiku vai virzienu.<\/p>\n\n\n\n<h3 class=\"wp-block-heading\" id=\"h-7-articles\">7. Raksti:<\/h3>\n\n\n\n<p>Raksti ir noteic\u0113ja veids, kas nor\u0101da, vai lietv\u0101rds ir noteikts vai nenoteikts. Tie ir svar\u012bgi pareizai teikuma veido\u0161anai un pal\u012bdz noskaidrot pazi\u0146ojuma noz\u012bmi.<\/p>\n\n\n\n<h3 class=\"wp-block-heading\" id=\"h-8-tenses\">8. Sasprindzin\u0101jums:<\/h3>\n\n\n\n<p>Sasprindzin\u0101jums nor\u0101da darb\u012bbas laiku vai es\u012bbas st\u0101vokli. Da\u017e\u0101du ang\u013cu valodas laiku apguve \u013caus jums prec\u012bzi izteikties neatkar\u012bgi no t\u0101, vai run\u0101jat par pag\u0101tni, tagadni vai n\u0101kotni.<\/p>\n\n\n\n<h3 class=\"wp-block-heading\" id=\"h-9-tense-comparison\">9. Saspringts sal\u012bdzin\u0101jums:<\/h3>\n\n\n\n<p>Izpratne par saspringtu sal\u012bdzin\u0101jumu ir svar\u012bga, lai sal\u012bdzin\u0101tu darb\u012bbas vai st\u0101vok\u013cus da\u017e\u0101dos laika periodos. \u0160\u012b prasme pal\u012bdz\u0113s jums sazin\u0101ties ar sare\u017e\u0123\u012bt\u0101m idej\u0101m un att\u012bst\u012bt progres\u012bv\u0101ku izpratni par ang\u013cu valodas gramatiku.<\/p>\n\n\n\n<h3 class=\"wp-block-heading\" id=\"h-10-sentences\">10. Teikumi:<\/h3>\n\n\n\n<p>Teikumi ir ang\u013cu valodas rakstisk\u0101s un run\u0101t\u0101s komunik\u0101cijas pamats. Balstoties uz sav\u0101m zin\u0101\u0161an\u0101m par lietv\u0101rdiem, darb\u012bbas v\u0101rdiem un citiem gramatikas komponentiem, m\u0101c\u012b\u0161an\u0101s par teikuma strukt\u016bru \u013caus jums efekt\u012bvi nodot savas domas valod\u0101.<\/p>\n\n\n\n<h3 class=\"wp-block-heading\" id=\"h-11-conditionals\">11. Nosac\u012bjumi:<\/h3>\n\n\n\n<p>Nosac\u012bjumi ir teikumi, kas izsaka st\u0101vokli un t\u0101 iesp\u0113jam\u0101s sekas. Tie ir uzlabots ang\u013cu valodas gramatikas aspekts, kas pal\u012bdz\u0113s jums izteikt hipot\u0113tiskas situ\u0101cijas un sare\u017e\u0123\u012btas idejas.<\/p>\n<\/div><\/div>\n\r\n<section class=\"learnNavigationSection\">\r\n            \r\n        <a href=\"https:\/\/talkpal.ai\/lv\/macities-anglu-valodu\/\">\r\n            <div class=\"learnNavigationWrapper\">\r\n                <div class=\"learnNavigationContent\">\r\n                    <img decoding=\"async\" src=\"https:\/\/talkpal.ai\/wp-content\/uploads\/2024\/08\/English.jpg\" alt=\"English Flag\">\r\n                    <div>\r\n                        <h4>Par ang\u013cu valodas apguvi<\/h4>\r\n                        <p>Uzziniet visu par ang\u013cu valodas gramatiku.<\/p>\r\n                    <\/div>\r\n                <\/div>\r\n            <\/div>\r\n        <\/a>\r\n\r\n        \r\n        <a href=\"https:\/\/talkpal.ai\/lv\/anglu-valodas-gramatika\/\">\r\n            <div class=\"learnNavigationWrapper\">\r\n                <div class=\"learnNavigationContent\">\r\n                    <img decoding=\"async\" src=\"https:\/\/talkpal.ai\/wp-content\/uploads\/2024\/08\/English.jpg\" alt=\"English Flag\">\r\n                    <div>\r\n                        <h4>Ang\u013cu valodas gramatikas nodarb\u012bbas<\/h4>\r\n                        <p>Prakses ang\u013cu valoda gramatika.<\/p>\r\n                    <\/div>\r\n                <\/div>\r\n            <\/div>\r\n        <\/a>\r\n\r\n        \r\n        <a href=\"https:\/\/talkpal.ai\/vocabulary_language\/english\/\">\r\n            <div class=\"learnNavigationWrapper\">\r\n                <div class=\"learnNavigationContent\">\r\n                    <img decoding=\"async\" src=\"https:\/\/talkpal.ai\/wp-content\/uploads\/2024\/08\/English.jpg\" alt=\"English Flag\">\r\n                    <div>\r\n                        <h4>Ang\u013cu valodas v\u0101rdn\u012bca<\/h4>\r\n                        <p>Papla\u0161iniet ang\u013cu valodas v\u0101rdu kr\u0101jumu.<\/p>\r\n                    <\/div>\r\n                <\/div>\r\n            <\/div>\r\n        <\/a>\r\n\r\n            <\/section>","protected":false},"excerpt":{"rendered":"<p>Ang\u013cu valodas gramatikas t\u0113mas Ang\u013cu valodas gramatika ir noteikumu un vadl\u012bniju kopums, kas nosaka ang\u013cu valodas strukt\u016bru. Tas \u013cauj mums skaidri un efekt\u012bvi sazin\u0101ties sav\u0101 starp\u0101. M\u0101coties ang\u013cu valodu, gramatikas izpratne ir b\u016btiska, lai att\u012bst\u012btu sp\u0113c\u012bgas las\u012b\u0161anas, rakst\u012b\u0161anas un runas prasmes. \u0160is ce\u013cojums ietvers da\u017e\u0101dus gramatikas komponentus, piem\u0113ram, \u012bpa\u0161\u012bbas v\u0101rdus, adverbus, rakstus, nosac\u012bjumus, lietv\u0101rdus, priev\u0101rdus, [&hellip;]<\/p>\n","protected":false},"author":1,"featured_media":64498,"parent":0,"menu_order":0,"comment_status":"closed","ping_status":"closed","template":"LearningContentPage.php","meta":{"_acf_changed":false,"footnotes":""},"class_list":["post-91975","page","type-page","status-publish","has-post-thumbnail","hentry"],"acf":[],"yoast_head":"<!-- This site is optimized with the Yoast SEO Premium plugin v27.2 (Yoast SEO v27.2) - https:\/\/yoast.com\/product\/yoast-seo-premium-wordpress\/ -->\n<title>Ang\u013cu valodas gramatikas vingrin\u0101jumi - Talkpal<\/title>\n<meta name=\"description\" content=\"Uzlabojiet savas ang\u013cu valodas prasmes ar efekt\u012bviem Talkpal&#039;s gramatikas vingrin\u0101jumiem. Uzlabojiet savas valodas zin\u0101\u0161anas jau tagad!\" \/>\n<meta name=\"robots\" content=\"index, follow, max-snippet:-1, max-image-preview:large, max-video-preview:-1\" \/>\n<link rel=\"canonical\" href=\"https:\/\/talkpal.ai\/lv\/anglu-valodas-gramatikas-vingrinajumi\/\" \/>\n<meta property=\"og:locale\" content=\"lv_LV\" \/>\n<meta property=\"og:type\" content=\"article\" \/>\n<meta property=\"og:title\" content=\"Ang\u013cu valodas gramatikas vingrin\u0101jumi\" \/>\n<meta property=\"og:description\" content=\"Ang\u013cu valodas gramatikas t\u0113mas Ang\u013cu valodas gramatika ir noteikumu un vadl\u012bniju kopums, kas nosaka ang\u013cu valodas strukt\u016bru. Tas \u013cauj mums skaidri un\" \/>\n<meta property=\"og:url\" content=\"https:\/\/talkpal.ai\/lv\/anglu-valodas-gramatikas-vingrinajumi\/\" \/>\n<meta property=\"og:site_name\" content=\"Talkpal\" \/>\n<meta property=\"article:publisher\" content=\"https:\/\/www.facebook.com\/profile.php?id=100090733639311\" \/>\n<meta property=\"article:modified_time\" content=\"2025-12-17T16:34:51+00:00\" \/>\n<meta property=\"og:image\" content=\"https:\/\/talkpal.ai\/wp-content\/uploads\/2023\/03\/united-kingdom.png\" \/>\n\t<meta property=\"og:image:width\" content=\"512\" \/>\n\t<meta property=\"og:image:height\" content=\"512\" \/>\n\t<meta property=\"og:image:type\" content=\"image\/png\" \/>\n<meta name=\"twitter:card\" content=\"summary_large_image\" \/>\n<meta name=\"twitter:site\" content=\"@talkpalai\" \/>\n<meta name=\"twitter:label1\" content=\"Est. reading time\" \/>\n\t<meta name=\"twitter:data1\" content=\"3 minutes\" \/>\n<script type=\"application\/ld+json\" class=\"yoast-schema-graph\">{\"@context\":\"https:\/\/schema.org\",\"@graph\":[{\"@type\":\"WebPage\",\"@id\":\"https:\/\/talkpal.ai\/lv\/anglu-valodas-gramatikas-vingrinajumi\/\",\"url\":\"https:\/\/talkpal.ai\/lv\/anglu-valodas-gramatikas-vingrinajumi\/\",\"name\":\"Ang\u013cu valodas gramatikas vingrin\u0101jumi - Talkpal\",\"isPartOf\":{\"@id\":\"https:\/\/talkpal.ai\/lv\/#website\"},\"primaryImageOfPage\":{\"@id\":\"https:\/\/talkpal.ai\/lv\/anglu-valodas-gramatikas-vingrinajumi\/#primaryimage\"},\"image\":{\"@id\":\"https:\/\/talkpal.ai\/lv\/anglu-valodas-gramatikas-vingrinajumi\/#primaryimage\"},\"thumbnailUrl\":\"https:\/\/talkpal.ai\/wp-content\/uploads\/2023\/03\/united-kingdom.png\",\"datePublished\":\"2023-06-14T13:25:23+00:00\",\"dateModified\":\"2025-12-17T16:34:51+00:00\",\"description\":\"Uzlabojiet savas ang\u013cu valodas prasmes ar efekt\u012bviem Talkpal's gramatikas vingrin\u0101jumiem. Uzlabojiet savas valodas zin\u0101\u0161anas jau tagad!\",\"breadcrumb\":{\"@id\":\"https:\/\/talkpal.ai\/lv\/anglu-valodas-gramatikas-vingrinajumi\/#breadcrumb\"},\"inLanguage\":\"lv-LV\",\"potentialAction\":[{\"@type\":\"ReadAction\",\"target\":[\"https:\/\/talkpal.ai\/lv\/anglu-valodas-gramatikas-vingrinajumi\/\"]}]},{\"@type\":\"ImageObject\",\"inLanguage\":\"lv-LV\",\"@id\":\"https:\/\/talkpal.ai\/lv\/anglu-valodas-gramatikas-vingrinajumi\/#primaryimage\",\"url\":\"https:\/\/talkpal.ai\/wp-content\/uploads\/2023\/03\/united-kingdom.png\",\"contentUrl\":\"https:\/\/talkpal.ai\/wp-content\/uploads\/2023\/03\/united-kingdom.png\",\"width\":512,\"height\":512,\"caption\":\"TalkPal AI learn English\"},{\"@type\":\"BreadcrumbList\",\"@id\":\"https:\/\/talkpal.ai\/lv\/anglu-valodas-gramatikas-vingrinajumi\/#breadcrumb\",\"itemListElement\":[{\"@type\":\"ListItem\",\"position\":1,\"name\":\"Homepage\",\"item\":\"https:\/\/talkpal.ai\/lv\/\"},{\"@type\":\"ListItem\",\"position\":2,\"name\":\"Ang\u013cu valodas gramatikas vingrin\u0101jumi\"}]},{\"@type\":\"WebSite\",\"@id\":\"https:\/\/talkpal.ai\/lv\/#website\",\"url\":\"https:\/\/talkpal.ai\/lv\/\",\"name\":\"Talkpal\",\"description\":\"AI Language Learning\",\"publisher\":{\"@id\":\"https:\/\/talkpal.ai\/lv\/#organization\"},\"alternateName\":\"Talkpal AI\",\"potentialAction\":[{\"@type\":\"SearchAction\",\"target\":{\"@type\":\"EntryPoint\",\"urlTemplate\":\"https:\/\/talkpal.ai\/lv\/?s={search_term_string}\"},\"query-input\":{\"@type\":\"PropertyValueSpecification\",\"valueRequired\":true,\"valueName\":\"search_term_string\"}}],\"inLanguage\":\"lv-LV\"},{\"@type\":\"Organization\",\"@id\":\"https:\/\/talkpal.ai\/lv\/#organization\",\"name\":\"Talkpal, Inc.\",\"alternateName\":\"Talkpal AI\",\"url\":\"https:\/\/talkpal.ai\/lv\/\",\"logo\":{\"@type\":\"ImageObject\",\"inLanguage\":\"lv-LV\",\"@id\":\"https:\/\/talkpal.ai\/lv\/#\/schema\/logo\/image\/\",\"url\":\"https:\/\/talkpal.ai\/wp-content\/uploads\/2024\/03\/Talkpal-Logo-Icon.png\",\"contentUrl\":\"https:\/\/talkpal.ai\/wp-content\/uploads\/2024\/03\/Talkpal-Logo-Icon.png\",\"width\":2880,\"height\":2880,\"caption\":\"Talkpal, Inc.\"},\"image\":{\"@id\":\"https:\/\/talkpal.ai\/lv\/#\/schema\/logo\/image\/\"},\"sameAs\":[\"https:\/\/www.facebook.com\/profile.php?id=100090733639311\",\"https:\/\/x.com\/talkpalai\",\"https:\/\/www.linkedin.com\/company\/talkpal\/\",\"https:\/\/www.youtube.com\/@TalkPal\/\",\"https:\/\/www.tiktok.com\/@talkpal\",\"https:\/\/www.instagram.com\/talkpal_ai\/\",\"https:\/\/www.crunchbase.com\/organization\/talkpal-9cde\",\"https:\/\/www.g2.com\/products\/talkpal-for-business\/\",\"https:\/\/www.trustpilot.com\/review\/talkpal.ai\",\"https:\/\/www.capterra.com\/p\/10006800\/TalkPal\/\"],\"description\":\"Talkpal is a language learning web and mobile education app, powered by the latest AI technologies, that provides engaging experiences to its customers in many different languages to help them improve their language skills. Users can chat about unlimited amount of topics with the app and use other modes to practice their language learning.\",\"email\":\"support@talkpal.ai\",\"legalName\":\"Talkpal, Inc.\",\"foundingDate\":\"2023-04-03\",\"duns\":\"118989042\",\"numberOfEmployees\":{\"@type\":\"QuantitativeValue\",\"minValue\":\"11\",\"maxValue\":\"50\"},\"publishingPrinciples\":\"https:\/\/talkpal.ai\/publishing-principles\/\",\"actionableFeedbackPolicy\":\"https:\/\/talkpal.ai\/actionable-feedback-policy\/\",\"correctionsPolicy\":\"https:\/\/talkpal.ai\/corrections-policy\/\",\"ethicsPolicy\":\"https:\/\/talkpal.ai\/ethics-policy\/\",\"diversityPolicy\":\"https:\/\/talkpal.ai\/diversity-policy\/\",\"diversityStaffingReport\":\"https:\/\/talkpal.ai\/diversity-policy\/\"}]}<\/script>\n<!-- \/ Yoast SEO Premium plugin. -->","yoast_head_json":{"title":"Ang\u013cu valodas gramatikas vingrin\u0101jumi - Talkpal","description":"Uzlabojiet savas ang\u013cu valodas prasmes ar efekt\u012bviem Talkpal's gramatikas vingrin\u0101jumiem. Uzlabojiet savas valodas zin\u0101\u0161anas jau tagad!","robots":{"index":"index","follow":"follow","max-snippet":"max-snippet:-1","max-image-preview":"max-image-preview:large","max-video-preview":"max-video-preview:-1"},"canonical":"https:\/\/talkpal.ai\/lv\/anglu-valodas-gramatikas-vingrinajumi\/","og_locale":"lv_LV","og_type":"article","og_title":"Ang\u013cu valodas gramatikas vingrin\u0101jumi","og_description":"Ang\u013cu valodas gramatikas t\u0113mas Ang\u013cu valodas gramatika ir noteikumu un vadl\u012bniju kopums, kas nosaka ang\u013cu valodas strukt\u016bru. Tas \u013cauj mums skaidri un","og_url":"https:\/\/talkpal.ai\/lv\/anglu-valodas-gramatikas-vingrinajumi\/","og_site_name":"Talkpal","article_publisher":"https:\/\/www.facebook.com\/profile.php?id=100090733639311","article_modified_time":"2025-12-17T16:34:51+00:00","og_image":[{"width":512,"height":512,"url":"https:\/\/talkpal.ai\/wp-content\/uploads\/2023\/03\/united-kingdom.png","type":"image\/png"}],"twitter_card":"summary_large_image","twitter_site":"@talkpalai","twitter_misc":{"Est. reading time":"3 minutes"},"schema":{"@context":"https:\/\/schema.org","@graph":[{"@type":"WebPage","@id":"https:\/\/talkpal.ai\/lv\/anglu-valodas-gramatikas-vingrinajumi\/","url":"https:\/\/talkpal.ai\/lv\/anglu-valodas-gramatikas-vingrinajumi\/","name":"Ang\u013cu valodas gramatikas vingrin\u0101jumi - Talkpal","isPartOf":{"@id":"https:\/\/talkpal.ai\/lv\/#website"},"primaryImageOfPage":{"@id":"https:\/\/talkpal.ai\/lv\/anglu-valodas-gramatikas-vingrinajumi\/#primaryimage"},"image":{"@id":"https:\/\/talkpal.ai\/lv\/anglu-valodas-gramatikas-vingrinajumi\/#primaryimage"},"thumbnailUrl":"https:\/\/talkpal.ai\/wp-content\/uploads\/2023\/03\/united-kingdom.png","datePublished":"2023-06-14T13:25:23+00:00","dateModified":"2025-12-17T16:34:51+00:00","description":"Uzlabojiet savas ang\u013cu valodas prasmes ar efekt\u012bviem Talkpal's gramatikas vingrin\u0101jumiem. Uzlabojiet savas valodas zin\u0101\u0161anas jau tagad!","breadcrumb":{"@id":"https:\/\/talkpal.ai\/lv\/anglu-valodas-gramatikas-vingrinajumi\/#breadcrumb"},"inLanguage":"lv-LV","potentialAction":[{"@type":"ReadAction","target":["https:\/\/talkpal.ai\/lv\/anglu-valodas-gramatikas-vingrinajumi\/"]}]},{"@type":"ImageObject","inLanguage":"lv-LV","@id":"https:\/\/talkpal.ai\/lv\/anglu-valodas-gramatikas-vingrinajumi\/#primaryimage","url":"https:\/\/talkpal.ai\/wp-content\/uploads\/2023\/03\/united-kingdom.png","contentUrl":"https:\/\/talkpal.ai\/wp-content\/uploads\/2023\/03\/united-kingdom.png","width":512,"height":512,"caption":"TalkPal AI learn English"},{"@type":"BreadcrumbList","@id":"https:\/\/talkpal.ai\/lv\/anglu-valodas-gramatikas-vingrinajumi\/#breadcrumb","itemListElement":[{"@type":"ListItem","position":1,"name":"Homepage","item":"https:\/\/talkpal.ai\/lv\/"},{"@type":"ListItem","position":2,"name":"Ang\u013cu valodas gramatikas vingrin\u0101jumi"}]},{"@type":"WebSite","@id":"https:\/\/talkpal.ai\/lv\/#website","url":"https:\/\/talkpal.ai\/lv\/","name":"Talkpal","description":"AI Language Learning","publisher":{"@id":"https:\/\/talkpal.ai\/lv\/#organization"},"alternateName":"Talkpal AI","potentialAction":[{"@type":"SearchAction","target":{"@type":"EntryPoint","urlTemplate":"https:\/\/talkpal.ai\/lv\/?s={search_term_string}"},"query-input":{"@type":"PropertyValueSpecification","valueRequired":true,"valueName":"search_term_string"}}],"inLanguage":"lv-LV"},{"@type":"Organization","@id":"https:\/\/talkpal.ai\/lv\/#organization","name":"Talkpal, Inc.","alternateName":"Talkpal AI","url":"https:\/\/talkpal.ai\/lv\/","logo":{"@type":"ImageObject","inLanguage":"lv-LV","@id":"https:\/\/talkpal.ai\/lv\/#\/schema\/logo\/image\/","url":"https:\/\/talkpal.ai\/wp-content\/uploads\/2024\/03\/Talkpal-Logo-Icon.png","contentUrl":"https:\/\/talkpal.ai\/wp-content\/uploads\/2024\/03\/Talkpal-Logo-Icon.png","width":2880,"height":2880,"caption":"Talkpal, Inc."},"image":{"@id":"https:\/\/talkpal.ai\/lv\/#\/schema\/logo\/image\/"},"sameAs":["https:\/\/www.facebook.com\/profile.php?id=100090733639311","https:\/\/x.com\/talkpalai","https:\/\/www.linkedin.com\/company\/talkpal\/","https:\/\/www.youtube.com\/@TalkPal\/","https:\/\/www.tiktok.com\/@talkpal","https:\/\/www.instagram.com\/talkpal_ai\/","https:\/\/www.crunchbase.com\/organization\/talkpal-9cde","https:\/\/www.g2.com\/products\/talkpal-for-business\/","https:\/\/www.trustpilot.com\/review\/talkpal.ai","https:\/\/www.capterra.com\/p\/10006800\/TalkPal\/"],"description":"Talkpal is a language learning web and mobile education app, powered by the latest AI technologies, that provides engaging experiences to its customers in many different languages to help them improve their language skills. Users can chat about unlimited amount of topics with the app and use other modes to practice their language learning.","email":"support@talkpal.ai","legalName":"Talkpal, Inc.","foundingDate":"2023-04-03","duns":"118989042","numberOfEmployees":{"@type":"QuantitativeValue","minValue":"11","maxValue":"50"},"publishingPrinciples":"https:\/\/talkpal.ai\/publishing-principles\/","actionableFeedbackPolicy":"https:\/\/talkpal.ai\/actionable-feedback-policy\/","correctionsPolicy":"https:\/\/talkpal.ai\/corrections-policy\/","ethicsPolicy":"https:\/\/talkpal.ai\/ethics-policy\/","diversityPolicy":"https:\/\/talkpal.ai\/diversity-policy\/","diversityStaffingReport":"https:\/\/talkpal.ai\/diversity-policy\/"}]}},"_links":{"self":[{"href":"https:\/\/talkpal.ai\/lv\/wp-json\/wp\/v2\/pages\/91975","targetHints":{"allow":["GET"]}}],"collection":[{"href":"https:\/\/talkpal.ai\/lv\/wp-json\/wp\/v2\/pages"}],"about":[{"href":"https:\/\/talkpal.ai\/lv\/wp-json\/wp\/v2\/types\/page"}],"author":[{"embeddable":true,"href":"https:\/\/talkpal.ai\/lv\/wp-json\/wp\/v2\/users\/1"}],"replies":[{"embeddable":true,"href":"https:\/\/talkpal.ai\/lv\/wp-json\/wp\/v2\/comments?post=91975"}],"version-history":[{"count":0,"href":"https:\/\/talkpal.ai\/lv\/wp-json\/wp\/v2\/pages\/91975\/revisions"}],"wp:featuredmedia":[{"embeddable":true,"href":"https:\/\/talkpal.ai\/lv\/wp-json\/wp\/v2\/media\/64498"}],"wp:attachment":[{"href":"https:\/\/talkpal.ai\/lv\/wp-json\/wp\/v2\/media?parent=91975"}],"curies":[{"name":"wp","href":"https:\/\/api.w.org\/{rel}","templated":true}]}}