{"id":91779,"date":"2023-03-25T16:57:06","date_gmt":"2023-03-25T16:57:06","guid":{"rendered":"http:\/\/talkpal.ai\/anglu-valodas-gramatika\/"},"modified":"2025-05-22T19:27:08","modified_gmt":"2025-05-22T19:27:08","slug":"anglu-valodas-gramatika","status":"publish","type":"page","link":"https:\/\/talkpal.ai\/lv\/anglu-valodas-gramatika\/","title":{"rendered":"Ang\u013cu valodas gramatika"},"content":{"rendered":"\r\n\r\n\r\n<section class=\"languageChallengeSection\">\r\n    <div class=\"languageInfoWrapper\">\r\n        \r\n        <h1>Ang\u013cu valodas gramatika<\/h1>\r\n        <p>Vai esat gatavs s\u0101kt m\u0101c\u012bties <a href=\"https:\/\/talkpal.ai\/learn-english-with-ai\/\">ang\u013cu<\/a> valodu? Tikai nedaudz apg\u016bstot gramatiku un da\u017eus jaunus v\u0101rdus, j\u016bs var\u0113siet sarun\u0101ties un sazin\u0101ties ar cilv\u0113kiem no visas pasaules. Iegremd\u0113jiet un padar\u012bsim <a href=\"https:\/\/talkpal.ai\/learn-english-with-ai\/\">ang\u013cu<\/a> <a href=\"https:\/\/talkpal.ai\/what-language-is-spoken-on-the-international-space-station\/\">valodas<\/a> apguvi jautru un vieglu &#8211; j\u016bsu ce\u013cojums uz ang\u013cu valodas prasmju apguvi s\u0101kas jau \u0161odien!\n\n<\/p>\r\n\r\n                            <a class=\"getStartedHidden\" href=\"https:\/\/app.talkpal.ai\/lv\/signup?lng=\">S\u0101c<\/a>\r\n        \r\n    <\/div>\r\n\r\n    <figure>\r\n    <img decoding=\"async\" width=\"768\" height=\"768\" src=\"https:\/\/talkpal.ai\/wp-content\/uploads\/2023\/06\/English-768x768.png\" class=\"languageImage no-lazy\" alt=\"Language learning for improved multitasking\" fetchpriority=\"high\" sizes=\"(max-width: 768px) 150px, 768px\" srcset=\"https:\/\/talkpal.ai\/wp-content\/uploads\/2023\/06\/English-768x768.png 768w, https:\/\/talkpal.ai\/wp-content\/uploads\/2023\/06\/English-300x300.png 300w\" \/>\r\n    \r\n\r\n    <\/figure>\r\n\r\n            <a class=\"getStartedVisible\" href=\"https:\/\/app.talkpal.ai\/lv\/signup?lng=\">S\u0101c<\/a>\r\n    \r\n<\/section>\r\n        <section class=\"grammarSection\">\r\n            <div class=\"grammarLinks\">\r\n                <a href=\"https:\/\/talkpal.ai\/lv\/language\/adverbs-anglu-valodas-gramatika\/\">Adverbs <\/a><a href=\"https:\/\/talkpal.ai\/lv\/language\/darbibas-vardi-anglu-valodas-gramatika\/\">Darb\u012bbas v\u0101rdi <\/a><a href=\"https:\/\/talkpal.ai\/lv\/language\/ipasibas-vardi-anglu-valodas-gramatika\/\">\u012apa\u0161\u012bbas v\u0101rdi <\/a><a href=\"https:\/\/talkpal.ai\/lv\/language\/laiki-anglu-valodas-gramatika\/\">Laiki <\/a><a href=\"https:\/\/talkpal.ai\/lv\/language\/lietvardi-anglu-valodas-gramatika\/\">Lietv\u0101rdi <\/a><a href=\"https:\/\/talkpal.ai\/lv\/language\/nosacijumi-anglu-valodas-gramatika\/\">Nosac\u012bjumi <\/a><a href=\"https:\/\/talkpal.ai\/lv\/language\/prievardi-anglu-valodas-gramatika\/\">Priev\u0101rdi <\/a><a href=\"https:\/\/talkpal.ai\/lv\/language\/raksti-anglu-valodas-gramatika\/\">Raksti <\/a><a href=\"https:\/\/talkpal.ai\/lv\/language\/teikumi-anglu-valodas-gramatika\/\">Teikumi <\/a><a href=\"https:\/\/talkpal.ai\/lv\/language\/vietniekvardi-noteiceji-anglu-valodas-gramatika\/\">Vietniekv\u0101rdi\/noteic\u0113ji <\/a>            <\/div>\r\n        <\/section>\r\n    <section class=\"promotionalBanner\">\r\n    <p class=\"promotionalText\">Visefekt\u012bv\u0101kais <a href=\"https:\/\/talkpal.ai\/best-way-to-learn\/\">veids<\/a>, k\u0101 apg\u016bt valodu<\/p>\r\n    <a class=\"promotionalLink\" href=\"https:\/\/app.talkpal.ai\/lv\/signup?lng=\">Izm\u0113\u0123iniet Talkpal bez maksas<\/a>\r\n<\/section>\n<div class=\"wp-block-group pageContainerStyle\"><div class=\"wp-block-group__inner-container is-layout-constrained wp-block-group-is-layout-constrained\">\n<h2 class=\"wp-block-heading\" id=\"h-the-importance-of-english-grammar-a-guide-to-mastering-the-rules-and-principles\">Ang\u013cu valodas gramatikas noz\u012bme: ce\u013cvedis noteikumu un principu apguv\u0113<\/h2>\n\n\n\n<p>T\u0101 k\u0101 ang\u013cu valoda ir viena no pasaul\u0113 izplat\u012bt\u0101kaj\u0101m valod\u0101m, nav nek\u0101ds br\u012bnums, ka cilv\u0113ki v\u0113las uzlabot t\u0101s zin\u0101\u0161anas un prasmes. Viens b\u016btisks ang\u013cu <a href=\"https:\/\/talkpal.ai\/lv\/portugalu-valodas-apguves-nodarbibas\/\">valodas apguves<\/a> aspekts ir t\u0101s gramatikas izpratne. Bet k\u0101p\u0113c <a href=\"https:\/\/talkpal.ai\/sq\/gramatika\/\">gramatika<\/a> ir tik svar\u012bga, un k\u0101 m\u0113s to varam efekt\u012bvi apg\u016bt? \u0160aj\u0101 rakst\u0101 apl\u016bkosim ang\u013cu valodas gramatikas noz\u012bmi, apspried\u012bsim t\u0101s pamatprincipus un dal\u012bsimies ar da\u017eiem noder\u012bgiem padomiem, lai uzlabotu savas prasmes.<\/p>\n\n\n\n<h3 class=\"wp-block-heading\" id=\"h-the-role-of-grammar-in-the-english-language\">Gramatikas loma ang\u013cu valod\u0101:<\/h3>\n\n\n\n<p>T\u0101tad, kas ir tas lielais jaut\u0101jums par gramatiku? B\u016bt\u012bb\u0101 gramatika ir jebkuras valodas pamatelements &#8211; t\u0101 ir noteikumu un principu kopums, kas nosaka, k\u0101 m\u0113s lietojam v\u0101rdus, lai veidotu j\u0113gpilnus teikumus. Iev\u0113rojot \u0161os noteikumus, m\u0113s varam nodro\u0161in\u0101t skaidru sazi\u0146u un izvair\u012bties no p\u0101rpratumiem. Iedom\u0101jieties, ka m\u0113\u0123in\u0101t pagatavot malt\u012bti, neiev\u0113rojot recepti \u2013 gala rezult\u0101ts var b\u016bt nepat\u012bkams! T\u0101pat gramatikas neiev\u0113ro\u0161ana m\u016bsu ikdienas run\u0101 un rakst\u012b\u0161an\u0101 var rad\u012bt neskaidr\u012bbas un nepareizu interpret\u0101ciju.<\/p>\n\n\n\n<h3 class=\"wp-block-heading\" id=\"h-key-principles-of-english-grammar\">Ang\u013cu valodas gramatikas pamatprincipi:<\/h3>\n\n\n\n<p>Lai gan <a href=\"https:\/\/talkpal.ai\/english-grammar\/\">ang\u013cu valodas gramatika<\/a> ietver pla\u0161u noteikumu kl\u0101stu, ir da\u017ei galvenie principi, kas jums j\u0101zina:<\/p>\n\n\n\n<p><strong>1. Runas da\u013cas:<\/strong> T\u0101s ir lomas, ko v\u0101rdi sp\u0113l\u0113 teikum\u0101. Atkar\u012bb\u0101 no to funkcijas v\u0101rdus var klasific\u0113t k\u0101 lietv\u0101rdus, vietniekv\u0101rdus, darb\u012bbas v\u0101rdus, \u012bpa\u0161\u012bbas v\u0101rdus, adverbus, priev\u0101rdus, savienojumus vai starpsaucienus.<\/p>\n\n\n\n<p><strong>2. Sasprindzin\u0101jums: Sasprindzin\u0101jums<\/strong> nor\u0101da darb\u012bbu laiku vai es\u012bbas st\u0101vok\u013cus. Tie tiek iedal\u012bti pag\u0101tn\u0113, tagadn\u0113 un n\u0101kotn\u0113, un katram laikam ir \u010detri aspekti &#8211; vienk\u0101r\u0161ais, progres\u012bvais, perfektais un perfektais progres\u012bvais.<\/p>\n\n\n\n<p><strong>3. Subjekta-darb\u012bbas v\u0101rda vieno\u0161an\u0101s: B\u016bt\u012bb\u0101 subjektam<\/strong> (lietv\u0101rdam vai vietniekv\u0101rdam) un darb\u012bbas v\u0101rdam teikum\u0101 ir j\u0101sakr\u012bt skaitl\u012b \u2013 vienskaitl\u012b vai daudzskaitl\u012b. Piem\u0113ram, &#8220;Vi\u0146a lasa gr\u0101matu&#8221; un &#8220;Vi\u0146i lasa gr\u0101matas&#8221; ir gramatiski pareizi.<\/p>\n\n\n\n<p><strong>4. Teikuma strukt\u016bra:<\/strong> Labi struktur\u0113ts teikums sast\u0101v no priek\u0161meta, darb\u012bbas v\u0101rda un bie\u017ei vien objekta. Teikumi var b\u016bt vienk\u0101r\u0161i (viena neatkar\u012bga klauzula), salikti (divas vai vair\u0101kas neatkar\u012bgas klauzulas) vai sare\u017e\u0123\u012bti (viena neatkar\u012bga klauzula un viena vai vair\u0101kas atkar\u012bgas klauzulas).<\/p>\n\n\n\n<p><strong>5. Pieturz\u012bmes: Pieturz\u012bmes<\/strong> , piem\u0113ram, komati, punkti un semikoli, ir kritiski svar\u012bgas rakstisk\u0101s valodas organiz\u0113\u0161an\u0101 un preciz\u0113\u0161an\u0101. Pareiza pieturz\u012bme nodro\u0161ina, ka j\u016bsu idejas tiek nodotas prec\u012bzi un saska\u0146oti.<\/p>\n\n\n\n<h3 class=\"wp-block-heading\" id=\"h-tips-to-improve-your-english-grammar\">Padomi, k\u0101 uzlabot ang\u013cu valodas gramatiku:<\/h3>\n\n\n\n<p>Tagad, kad esam apspriedu\u0161i ang\u013cu valodas gramatikas pamatus, izp\u0113t\u012bsim da\u017eus efekt\u012bvus veidus, k\u0101 uzlabot savas prasmes:<\/p>\n\n\n\n<p><strong>1. Lasiet regul\u0101ri:<\/strong> Las\u012b\u0161ana ir lielisks veids, k\u0101 internaliz\u0113t pareizu gramatiku. Jo vair\u0101k j\u016bs iepaz\u012bsieties ar labi uzrakst\u012btiem rakstiem, gr\u0101mat\u0101m vai esej\u0101m, jo lab\u0101k j\u016bs saprat\u012bsiet noteikumus un strukt\u016bras.<\/p>\n\n\n\n<p><strong>2. Praktiz\u0113jiet rakst\u012b\u0161anu:<\/strong> Rakst\u012b\u0161ana regul\u0101ri \u013cauj pielietot savas gramatikas zin\u0101\u0161anas un noteikt jomas, kur\u0101s nepiecie\u0161ami uzlabojumi. Apsveriet iesp\u0113ju saglab\u0101t \u017eurn\u0101lu vai izveidot emu\u0101ru, lai att\u012bst\u012btu savas <a href=\"https:\/\/talkpal.ai\/lv\/uzlabot-rakstisanu\/\">rakst\u012b\u0161anas prasmes<\/a>.<\/p>\n\n\n\n<p><strong>3. Izp\u0113tiet gramatikas resursus:<\/strong> izmantojiet da\u017eas cien\u012bjamas gramatikas gr\u0101matas, vietnes vai lietotnes, lai padzi\u013cin\u0101tu izpratni par noteikumiem. Regul\u0101ra \u0161o materi\u0101lu p\u0101rskat\u012b\u0161ana pal\u012bdz\u0113s nostiprin\u0101t j\u016bsu zin\u0101\u0161anas.<\/p>\n\n\n\n<p><strong>4. Mekl\u0113jiet atsauksmes:<\/strong> Sazinieties ar citiem, lai sa\u0146emtu konstrukt\u012bvu kritiku par savu rakst\u012bto un run\u0101to ang\u013cu valodu. Tas var notikt, izmantojot tie\u0161saistes forumus, valodu apmai\u0146as grupas vai draugus un kol\u0113\u0123us, kuri p\u0101rvalda ang\u013cu valodu.<\/p>\n\n\n\n<p><strong>5. Esiet paciet\u012bgs un neatlaid\u012bgs:<\/strong> Gramatikas apguve ir pak\u0101penisks process, kas prasa laiku un p\u016bles. Palieciet ap\u0146\u0113m\u012bbas pilni, turpiniet praktiz\u0113t un sviniet savu progresu.<\/p>\n\n\n\n<h3 class=\"wp-block-heading\" id=\"h-conclusion\">Secin\u0101jums:<\/h3>\n\n\n\n<p>Ang\u013cu valodas gramatikas apg\u016b\u0161ana ir b\u016btisks atsp\u0113riena punkts ce\u013c\u0101 uz teko\u0161umu. Izprotot t\u0101s noz\u012bmi, iepaz\u012bstoties ar galvenajiem principiem un akt\u012bvi praktiz\u0113joties, j\u016bs dr\u012bz vien iemantosiet labas valodas zin\u0101\u0161anas. Atcerieties, ka Roma nav uzcelta vien\u0101 dien\u0101, t\u0101p\u0113c esiet paciet\u012bgi, izklaid\u0113jieties un izbaudiet ce\u013cojumu uz nevainojamu gramatiku!<\/p>\n<\/div><\/div>\n\r\n<section class=\"learnNavigationSection\">\r\n            \r\n        <a href=\"https:\/\/talkpal.ai\/lv\/macities-anglu-valodu\/\">\r\n            <div class=\"learnNavigationWrapper\">\r\n                <div class=\"learnNavigationContent\">\r\n                    <img decoding=\"async\" src=\"https:\/\/talkpal.ai\/wp-content\/uploads\/2024\/08\/English.jpg\" alt=\"English Flag\">\r\n                    <div>\r\n                        <h4>Par ang\u013cu valodas apguvi<\/h4>\r\n                        <p>Uzziniet visu par ang\u013cu valodas gramatiku.<\/p>\r\n                    <\/div>\r\n                <\/div>\r\n            <\/div>\r\n        <\/a>\r\n\r\n        \r\n        <a href=\"https:\/\/talkpal.ai\/lv\/anglu-valodas-gramatikas-vingrinajumi\/\">\r\n            <div class=\"learnNavigationWrapper\">\r\n                <div class=\"learnNavigationContent\">\r\n                    <img decoding=\"async\" src=\"https:\/\/talkpal.ai\/wp-content\/uploads\/2024\/08\/English.jpg\" alt=\"English Flag\">\r\n                    <div>\r\n                        <h4>Ang\u013cu valodas gramatikas vingrin\u0101jumi<\/h4>\r\n                        <p>Prakses ang\u013cu valoda gramatika.<\/p>\r\n                    <\/div>\r\n                <\/div>\r\n            <\/div>\r\n        <\/a>\r\n\r\n        \r\n        <a href=\"https:\/\/talkpal.ai\/vocabulary_language\/english\/\">\r\n            <div class=\"learnNavigationWrapper\">\r\n                <div class=\"learnNavigationContent\">\r\n                    <img decoding=\"async\" src=\"https:\/\/talkpal.ai\/wp-content\/uploads\/2024\/08\/English.jpg\" alt=\"English Flag\">\r\n                    <div>\r\n                        <h4>Ang\u013cu valodas v\u0101rdn\u012bca<\/h4>\r\n                        <p>Papla\u0161iniet ang\u013cu valodas v\u0101rdu kr\u0101jumu.<\/p>\r\n                    <\/div>\r\n                <\/div>\r\n            <\/div>\r\n        <\/a>\r\n\r\n            <\/section>","protected":false},"excerpt":{"rendered":"<p>Ang\u013cu valodas gramatikas noz\u012bme: ce\u013cvedis noteikumu un principu apguv\u0113 T\u0101 k\u0101 ang\u013cu valoda ir viena no pasaul\u0113 izplat\u012bt\u0101kaj\u0101m valod\u0101m, nav nek\u0101ds br\u012bnums, ka cilv\u0113ki v\u0113las uzlabot t\u0101s zin\u0101\u0161anas un prasmes. Viens b\u016btisks ang\u013cu valodas apguves aspekts ir t\u0101s gramatikas izpratne. Bet k\u0101p\u0113c gramatika ir tik svar\u012bga, un k\u0101 m\u0113s to varam efekt\u012bvi apg\u016bt? \u0160aj\u0101 rakst\u0101 [&hellip;]<\/p>\n","protected":false},"author":1,"featured_media":64498,"parent":0,"menu_order":0,"comment_status":"closed","ping_status":"closed","template":"LearningContentPage.php","meta":{"_acf_changed":false,"footnotes":""},"class_list":["post-91779","page","type-page","status-publish","has-post-thumbnail","hentry"],"acf":[],"yoast_head":"<!-- This site is optimized with the Yoast SEO Premium plugin v27.2 (Yoast SEO v27.2) - https:\/\/yoast.com\/product\/yoast-seo-premium-wordpress\/ -->\n<title>Ang\u013cu valodas gramatika - Talkpal<\/title>\n<meta name=\"description\" content=\"Uzlabojiet savas ang\u013cu valodas gramatikas prasmes bez piep\u016bles ar Talkpalar m\u0101ksl\u012bg\u0101 intelekta darbin\u0101mo valodu apguves lietotni.\" \/>\n<meta name=\"robots\" content=\"index, follow, max-snippet:-1, max-image-preview:large, max-video-preview:-1\" \/>\n<link rel=\"canonical\" href=\"https:\/\/talkpal.ai\/lv\/anglu-valodas-gramatika\/\" \/>\n<meta property=\"og:locale\" content=\"lv_LV\" \/>\n<meta property=\"og:type\" content=\"article\" \/>\n<meta property=\"og:title\" content=\"Ang\u013cu valodas gramatika\" \/>\n<meta property=\"og:description\" content=\"Ang\u013cu valodas gramatikas noz\u012bme: ce\u013cvedis noteikumu un principu apguv\u0113 T\u0101 k\u0101 ang\u013cu valoda ir viena no pasaul\u0113 izplat\u012bt\u0101kaj\u0101m valod\u0101m, nav nek\u0101ds br\u012bnums,\" \/>\n<meta property=\"og:url\" content=\"https:\/\/talkpal.ai\/lv\/anglu-valodas-gramatika\/\" \/>\n<meta property=\"og:site_name\" content=\"Talkpal\" \/>\n<meta property=\"article:publisher\" content=\"https:\/\/www.facebook.com\/profile.php?id=100090733639311\" \/>\n<meta property=\"article:modified_time\" content=\"2025-05-22T19:27:08+00:00\" \/>\n<meta property=\"og:image\" content=\"https:\/\/talkpal.ai\/wp-content\/uploads\/2023\/03\/united-kingdom.png\" \/>\n\t<meta property=\"og:image:width\" content=\"512\" \/>\n\t<meta property=\"og:image:height\" content=\"512\" \/>\n\t<meta property=\"og:image:type\" content=\"image\/png\" \/>\n<meta name=\"twitter:card\" content=\"summary_large_image\" \/>\n<meta name=\"twitter:site\" content=\"@talkpalai\" \/>\n<meta name=\"twitter:label1\" content=\"Est. reading time\" \/>\n\t<meta name=\"twitter:data1\" content=\"4 minutes\" \/>\n<script type=\"application\/ld+json\" class=\"yoast-schema-graph\">{\"@context\":\"https:\/\/schema.org\",\"@graph\":[{\"@type\":\"WebPage\",\"@id\":\"https:\/\/talkpal.ai\/lv\/anglu-valodas-gramatika\/\",\"url\":\"https:\/\/talkpal.ai\/lv\/anglu-valodas-gramatika\/\",\"name\":\"Ang\u013cu valodas gramatika - Talkpal\",\"isPartOf\":{\"@id\":\"https:\/\/talkpal.ai\/lv\/#website\"},\"primaryImageOfPage\":{\"@id\":\"https:\/\/talkpal.ai\/lv\/anglu-valodas-gramatika\/#primaryimage\"},\"image\":{\"@id\":\"https:\/\/talkpal.ai\/lv\/anglu-valodas-gramatika\/#primaryimage\"},\"thumbnailUrl\":\"https:\/\/talkpal.ai\/wp-content\/uploads\/2023\/03\/united-kingdom.png\",\"datePublished\":\"2023-03-25T16:57:06+00:00\",\"dateModified\":\"2025-05-22T19:27:08+00:00\",\"description\":\"Uzlabojiet savas ang\u013cu valodas gramatikas prasmes bez piep\u016bles ar Talkpalar m\u0101ksl\u012bg\u0101 intelekta darbin\u0101mo valodu apguves lietotni.\",\"breadcrumb\":{\"@id\":\"https:\/\/talkpal.ai\/lv\/anglu-valodas-gramatika\/#breadcrumb\"},\"inLanguage\":\"lv-LV\",\"potentialAction\":[{\"@type\":\"ReadAction\",\"target\":[\"https:\/\/talkpal.ai\/lv\/anglu-valodas-gramatika\/\"]}]},{\"@type\":\"ImageObject\",\"inLanguage\":\"lv-LV\",\"@id\":\"https:\/\/talkpal.ai\/lv\/anglu-valodas-gramatika\/#primaryimage\",\"url\":\"https:\/\/talkpal.ai\/wp-content\/uploads\/2023\/03\/united-kingdom.png\",\"contentUrl\":\"https:\/\/talkpal.ai\/wp-content\/uploads\/2023\/03\/united-kingdom.png\",\"width\":512,\"height\":512,\"caption\":\"TalkPal AI learn English\"},{\"@type\":\"BreadcrumbList\",\"@id\":\"https:\/\/talkpal.ai\/lv\/anglu-valodas-gramatika\/#breadcrumb\",\"itemListElement\":[{\"@type\":\"ListItem\",\"position\":1,\"name\":\"Homepage\",\"item\":\"https:\/\/talkpal.ai\/lv\/\"},{\"@type\":\"ListItem\",\"position\":2,\"name\":\"Ang\u013cu valodas gramatika\"}]},{\"@type\":\"WebSite\",\"@id\":\"https:\/\/talkpal.ai\/lv\/#website\",\"url\":\"https:\/\/talkpal.ai\/lv\/\",\"name\":\"Talkpal\",\"description\":\"AI Language Learning\",\"publisher\":{\"@id\":\"https:\/\/talkpal.ai\/lv\/#organization\"},\"alternateName\":\"Talkpal AI\",\"potentialAction\":[{\"@type\":\"SearchAction\",\"target\":{\"@type\":\"EntryPoint\",\"urlTemplate\":\"https:\/\/talkpal.ai\/lv\/?s={search_term_string}\"},\"query-input\":{\"@type\":\"PropertyValueSpecification\",\"valueRequired\":true,\"valueName\":\"search_term_string\"}}],\"inLanguage\":\"lv-LV\"},{\"@type\":\"Organization\",\"@id\":\"https:\/\/talkpal.ai\/lv\/#organization\",\"name\":\"Talkpal, Inc.\",\"alternateName\":\"Talkpal AI\",\"url\":\"https:\/\/talkpal.ai\/lv\/\",\"logo\":{\"@type\":\"ImageObject\",\"inLanguage\":\"lv-LV\",\"@id\":\"https:\/\/talkpal.ai\/lv\/#\/schema\/logo\/image\/\",\"url\":\"https:\/\/talkpal.ai\/wp-content\/uploads\/2024\/03\/Talkpal-Logo-Icon.png\",\"contentUrl\":\"https:\/\/talkpal.ai\/wp-content\/uploads\/2024\/03\/Talkpal-Logo-Icon.png\",\"width\":2880,\"height\":2880,\"caption\":\"Talkpal, Inc.\"},\"image\":{\"@id\":\"https:\/\/talkpal.ai\/lv\/#\/schema\/logo\/image\/\"},\"sameAs\":[\"https:\/\/www.facebook.com\/profile.php?id=100090733639311\",\"https:\/\/x.com\/talkpalai\",\"https:\/\/www.linkedin.com\/company\/talkpal\/\",\"https:\/\/www.youtube.com\/@TalkPal\/\",\"https:\/\/www.tiktok.com\/@talkpal\",\"https:\/\/www.instagram.com\/talkpal_ai\/\",\"https:\/\/www.crunchbase.com\/organization\/talkpal-9cde\",\"https:\/\/www.g2.com\/products\/talkpal-for-business\/\",\"https:\/\/www.trustpilot.com\/review\/talkpal.ai\",\"https:\/\/www.capterra.com\/p\/10006800\/TalkPal\/\"],\"description\":\"Talkpal is a language learning web and mobile education app, powered by the latest AI technologies, that provides engaging experiences to its customers in many different languages to help them improve their language skills. Users can chat about unlimited amount of topics with the app and use other modes to practice their language learning.\",\"email\":\"support@talkpal.ai\",\"legalName\":\"Talkpal, Inc.\",\"foundingDate\":\"2023-04-03\",\"duns\":\"118989042\",\"numberOfEmployees\":{\"@type\":\"QuantitativeValue\",\"minValue\":\"11\",\"maxValue\":\"50\"},\"publishingPrinciples\":\"https:\/\/talkpal.ai\/publishing-principles\/\",\"actionableFeedbackPolicy\":\"https:\/\/talkpal.ai\/actionable-feedback-policy\/\",\"correctionsPolicy\":\"https:\/\/talkpal.ai\/corrections-policy\/\",\"ethicsPolicy\":\"https:\/\/talkpal.ai\/ethics-policy\/\",\"diversityPolicy\":\"https:\/\/talkpal.ai\/diversity-policy\/\",\"diversityStaffingReport\":\"https:\/\/talkpal.ai\/diversity-policy\/\"}]}<\/script>\n<!-- \/ Yoast SEO Premium plugin. -->","yoast_head_json":{"title":"Ang\u013cu valodas gramatika - Talkpal","description":"Uzlabojiet savas ang\u013cu valodas gramatikas prasmes bez piep\u016bles ar Talkpalar m\u0101ksl\u012bg\u0101 intelekta darbin\u0101mo valodu apguves lietotni.","robots":{"index":"index","follow":"follow","max-snippet":"max-snippet:-1","max-image-preview":"max-image-preview:large","max-video-preview":"max-video-preview:-1"},"canonical":"https:\/\/talkpal.ai\/lv\/anglu-valodas-gramatika\/","og_locale":"lv_LV","og_type":"article","og_title":"Ang\u013cu valodas gramatika","og_description":"Ang\u013cu valodas gramatikas noz\u012bme: ce\u013cvedis noteikumu un principu apguv\u0113 T\u0101 k\u0101 ang\u013cu valoda ir viena no pasaul\u0113 izplat\u012bt\u0101kaj\u0101m valod\u0101m, nav nek\u0101ds br\u012bnums,","og_url":"https:\/\/talkpal.ai\/lv\/anglu-valodas-gramatika\/","og_site_name":"Talkpal","article_publisher":"https:\/\/www.facebook.com\/profile.php?id=100090733639311","article_modified_time":"2025-05-22T19:27:08+00:00","og_image":[{"width":512,"height":512,"url":"https:\/\/talkpal.ai\/wp-content\/uploads\/2023\/03\/united-kingdom.png","type":"image\/png"}],"twitter_card":"summary_large_image","twitter_site":"@talkpalai","twitter_misc":{"Est. reading time":"4 minutes"},"schema":{"@context":"https:\/\/schema.org","@graph":[{"@type":"WebPage","@id":"https:\/\/talkpal.ai\/lv\/anglu-valodas-gramatika\/","url":"https:\/\/talkpal.ai\/lv\/anglu-valodas-gramatika\/","name":"Ang\u013cu valodas gramatika - Talkpal","isPartOf":{"@id":"https:\/\/talkpal.ai\/lv\/#website"},"primaryImageOfPage":{"@id":"https:\/\/talkpal.ai\/lv\/anglu-valodas-gramatika\/#primaryimage"},"image":{"@id":"https:\/\/talkpal.ai\/lv\/anglu-valodas-gramatika\/#primaryimage"},"thumbnailUrl":"https:\/\/talkpal.ai\/wp-content\/uploads\/2023\/03\/united-kingdom.png","datePublished":"2023-03-25T16:57:06+00:00","dateModified":"2025-05-22T19:27:08+00:00","description":"Uzlabojiet savas ang\u013cu valodas gramatikas prasmes bez piep\u016bles ar Talkpalar m\u0101ksl\u012bg\u0101 intelekta darbin\u0101mo valodu apguves lietotni.","breadcrumb":{"@id":"https:\/\/talkpal.ai\/lv\/anglu-valodas-gramatika\/#breadcrumb"},"inLanguage":"lv-LV","potentialAction":[{"@type":"ReadAction","target":["https:\/\/talkpal.ai\/lv\/anglu-valodas-gramatika\/"]}]},{"@type":"ImageObject","inLanguage":"lv-LV","@id":"https:\/\/talkpal.ai\/lv\/anglu-valodas-gramatika\/#primaryimage","url":"https:\/\/talkpal.ai\/wp-content\/uploads\/2023\/03\/united-kingdom.png","contentUrl":"https:\/\/talkpal.ai\/wp-content\/uploads\/2023\/03\/united-kingdom.png","width":512,"height":512,"caption":"TalkPal AI learn English"},{"@type":"BreadcrumbList","@id":"https:\/\/talkpal.ai\/lv\/anglu-valodas-gramatika\/#breadcrumb","itemListElement":[{"@type":"ListItem","position":1,"name":"Homepage","item":"https:\/\/talkpal.ai\/lv\/"},{"@type":"ListItem","position":2,"name":"Ang\u013cu valodas gramatika"}]},{"@type":"WebSite","@id":"https:\/\/talkpal.ai\/lv\/#website","url":"https:\/\/talkpal.ai\/lv\/","name":"Talkpal","description":"AI Language Learning","publisher":{"@id":"https:\/\/talkpal.ai\/lv\/#organization"},"alternateName":"Talkpal AI","potentialAction":[{"@type":"SearchAction","target":{"@type":"EntryPoint","urlTemplate":"https:\/\/talkpal.ai\/lv\/?s={search_term_string}"},"query-input":{"@type":"PropertyValueSpecification","valueRequired":true,"valueName":"search_term_string"}}],"inLanguage":"lv-LV"},{"@type":"Organization","@id":"https:\/\/talkpal.ai\/lv\/#organization","name":"Talkpal, Inc.","alternateName":"Talkpal AI","url":"https:\/\/talkpal.ai\/lv\/","logo":{"@type":"ImageObject","inLanguage":"lv-LV","@id":"https:\/\/talkpal.ai\/lv\/#\/schema\/logo\/image\/","url":"https:\/\/talkpal.ai\/wp-content\/uploads\/2024\/03\/Talkpal-Logo-Icon.png","contentUrl":"https:\/\/talkpal.ai\/wp-content\/uploads\/2024\/03\/Talkpal-Logo-Icon.png","width":2880,"height":2880,"caption":"Talkpal, Inc."},"image":{"@id":"https:\/\/talkpal.ai\/lv\/#\/schema\/logo\/image\/"},"sameAs":["https:\/\/www.facebook.com\/profile.php?id=100090733639311","https:\/\/x.com\/talkpalai","https:\/\/www.linkedin.com\/company\/talkpal\/","https:\/\/www.youtube.com\/@TalkPal\/","https:\/\/www.tiktok.com\/@talkpal","https:\/\/www.instagram.com\/talkpal_ai\/","https:\/\/www.crunchbase.com\/organization\/talkpal-9cde","https:\/\/www.g2.com\/products\/talkpal-for-business\/","https:\/\/www.trustpilot.com\/review\/talkpal.ai","https:\/\/www.capterra.com\/p\/10006800\/TalkPal\/"],"description":"Talkpal is a language learning web and mobile education app, powered by the latest AI technologies, that provides engaging experiences to its customers in many different languages to help them improve their language skills. Users can chat about unlimited amount of topics with the app and use other modes to practice their language learning.","email":"support@talkpal.ai","legalName":"Talkpal, Inc.","foundingDate":"2023-04-03","duns":"118989042","numberOfEmployees":{"@type":"QuantitativeValue","minValue":"11","maxValue":"50"},"publishingPrinciples":"https:\/\/talkpal.ai\/publishing-principles\/","actionableFeedbackPolicy":"https:\/\/talkpal.ai\/actionable-feedback-policy\/","correctionsPolicy":"https:\/\/talkpal.ai\/corrections-policy\/","ethicsPolicy":"https:\/\/talkpal.ai\/ethics-policy\/","diversityPolicy":"https:\/\/talkpal.ai\/diversity-policy\/","diversityStaffingReport":"https:\/\/talkpal.ai\/diversity-policy\/"}]}},"_links":{"self":[{"href":"https:\/\/talkpal.ai\/lv\/wp-json\/wp\/v2\/pages\/91779","targetHints":{"allow":["GET"]}}],"collection":[{"href":"https:\/\/talkpal.ai\/lv\/wp-json\/wp\/v2\/pages"}],"about":[{"href":"https:\/\/talkpal.ai\/lv\/wp-json\/wp\/v2\/types\/page"}],"author":[{"embeddable":true,"href":"https:\/\/talkpal.ai\/lv\/wp-json\/wp\/v2\/users\/1"}],"replies":[{"embeddable":true,"href":"https:\/\/talkpal.ai\/lv\/wp-json\/wp\/v2\/comments?post=91779"}],"version-history":[{"count":0,"href":"https:\/\/talkpal.ai\/lv\/wp-json\/wp\/v2\/pages\/91779\/revisions"}],"wp:featuredmedia":[{"embeddable":true,"href":"https:\/\/talkpal.ai\/lv\/wp-json\/wp\/v2\/media\/64498"}],"wp:attachment":[{"href":"https:\/\/talkpal.ai\/lv\/wp-json\/wp\/v2\/media?parent=91779"}],"curies":[{"name":"wp","href":"https:\/\/api.w.org\/{rel}","templated":true}]}}