{"id":75097,"date":"2023-05-14T14:10:24","date_gmt":"2023-05-14T14:10:24","guid":{"rendered":"http:\/\/talkpal.ai\/latviesu-valodas-gramatika\/"},"modified":"2025-12-17T17:12:01","modified_gmt":"2025-12-17T17:12:01","slug":"latviesu-valodas-gramatika","status":"publish","type":"page","link":"https:\/\/talkpal.ai\/lv\/latviesu-valodas-gramatika\/","title":{"rendered":"Latvie\u0161u valodas gramatika"},"content":{"rendered":"\r\n\r\n\r\n<section class=\"languageChallengeSection\">\r\n    <div class=\"languageInfoWrapper\">\r\n        \r\n        <h1>Latvie\u0161u valodas gramatika<\/h1>\r\n        <p>Izp\u0113tiet unik\u0101lo <a href=\"https:\/\/talkpal.ai\/learn-latvian\/\">latvie\u0161u<\/a> <a href=\"https:\/\/talkpal.ai\/what-language-is-spoken-on-the-international-space-station\/\">valodas<\/a> gramatikas pasauli un atkl\u0101jiet vienas no Baltijas re\u0123iona spilgt\u0101kaj\u0101m valod\u0101m skaistumu. Izprotot t\u0101s strukt\u016bru un noteikumus, j\u016bs paaugstin\u0101siet savu p\u0101rliec\u012bbu un komunik\u0101cijas prasmes. S\u0101ciet m\u0101c\u012bties <a href=\"https:\/\/talkpal.ai\/learn-latvian\/\">latvie\u0161u<\/a> valodas gramatiku jau \u0161odien un speriet pirmo soli ce\u013c\u0101 uz valodas zin\u0101\u0161anu apguvi!\n\n<\/p>\r\n\r\n                            <a class=\"getStartedHidden\" href=\"https:\/\/app.talkpal.ai\/lv\/signup?lng=\">S\u0101c<\/a>\r\n        \r\n    <\/div>\r\n\r\n    <figure>\r\n    <img decoding=\"async\" width=\"768\" height=\"768\" src=\"https:\/\/talkpal.ai\/wp-content\/uploads\/2023\/06\/latvian-768x768.png\" class=\"languageImage no-lazy\" alt=\"Language learning to access more cultures\" fetchpriority=\"high\" sizes=\"(max-width: 768px) 150px, 768px\" srcset=\"https:\/\/talkpal.ai\/wp-content\/uploads\/2023\/06\/latvian-768x768.png 768w, https:\/\/talkpal.ai\/wp-content\/uploads\/2023\/06\/latvian-300x300.png 300w\" \/>\r\n    \r\n\r\n    <\/figure>\r\n\r\n            <a class=\"getStartedVisible\" href=\"https:\/\/app.talkpal.ai\/lv\/signup?lng=\">S\u0101c<\/a>\r\n    \r\n<\/section>\r\n<section class=\"promotionalBanner\">\r\n    <p class=\"promotionalText\">Visefekt\u012bv\u0101kais veids, k\u0101 apg\u016bt valodu<\/p>\r\n    <a class=\"promotionalLink\" href=\"https:\/\/app.talkpal.ai\/lv\/signup?lng=\">Izm\u0113\u0123iniet Talkpal bez maksas<\/a>\r\n<\/section>\n<div class=\"wp-block-group pageContainerStyle\"><div class=\"wp-block-group__inner-container is-layout-constrained wp-block-group-is-layout-constrained\">\n<h2 class=\"wp-block-heading\" id=\"h-the-ultimate-guide-to-latvian-grammar-navigating-the-intricacies-of-a-unique-language\">Gal\u012bgais ce\u013cvedis latvie\u0161u valodas gramatik\u0101: navig\u0101cija unik\u0101las valodas sare\u017e\u0123\u012bt\u012bb\u0101<\/h2>\n\n\n\n<p><a href=\"https:\/\/talkpal.ai\/it\/test-lvec-in-lettone\/\">Latvie\u0161u valodas gramatika<\/a>, t\u0101pat k\u0101 pati valoda, pied\u0101v\u0101 bag\u0101t\u012bgu un aizraujo\u0161u valodas elementu gobel\u0113nu. Latvie\u0161u valoda k\u0101 baltu valoda aizrauj apm\u0101c\u0101mos ar sav\u0101m daudzveid\u012bgaj\u0101m iez\u012bm\u0113m un izaicin\u0101jumiem pat visprasm\u012bg\u0101kos run\u0101t\u0101jus. \u0160aj\u0101 rokasgr\u0101mat\u0101 m\u0113s iepaz\u012bstin\u0101sim j\u016bs ar latvie\u0161u valodas gramatikas pamatprincipiem, izskaidrosim t\u0101s sare\u017e\u0123\u012bt\u012bbu un pal\u012bdz\u0113sim jums ce\u013c\u0101 uz \u0161\u012bs aizraujo\u0161\u0101s valodas apguvi. S\u0101ksim!<\/p>\n\n\n\n<h3 class=\"wp-block-heading\" id=\"h-the-nuts-and-bolts-latvian-sentence-structure\">Uzgrie\u017e\u0146i un skr\u016bves: latvie\u0161u teikuma strukt\u016bra<\/h3>\n\n\n\n<p>Sav\u0101 b\u016bt\u012bb\u0101 <a href=\"https:\/\/talkpal.ai\/it\/test-lvec-in-lettone\/\">latvie\u0161u valodas gramatika<\/a> ir diezgan vienk\u0101r\u0161a. Valoda parasti atbilst subjekta-darb\u012bbas v\u0101rda-objekta (SVO) teikuma strukt\u016brai, l\u012bdz\u012bgi k\u0101 <a href=\"https:\/\/talkpal.ai\/learn-english-with-ai\/\">ang\u013cu<\/a> un daudz\u0101s cit\u0101s valod\u0101s. Piem\u0113ram, teikums &#8220;Es \u0113du \u0101bolu&#8221; tiek tulkots k\u0101 &#8220;Es \u0113du \u0101bolu&#8221; (Es \u0113du \u0101bolu). Vienk\u0101r\u0161i, vai ne? Tom\u0113r, kad m\u0113s iedzi\u013cin\u0101simies, j\u016bs sastapsieties ar da\u017e\u0101m intri\u0123\u0113jo\u0161\u0101m un at\u0161\u0137ir\u012bg\u0101m latvie\u0161u valodas gramatikas iez\u012bm\u0113m.<\/p>\n\n\n\n<h3 class=\"wp-block-heading\" id=\"h-meet-the-family-latvian-nouns-and-their-cases\">Iepaz\u012bstieties ar \u0123imeni: latvie\u0161u lietv\u0101rdi un to lietas<\/h3>\n\n\n\n<p>Viena no mulsino\u0161\u0101kaj\u0101m latvie\u0161u valodas gramatikas paz\u012bm\u0113m angliski run\u0101jo\u0161ajiem ir gramatisko gad\u012bjumu j\u0113dziens. <a href=\"https:\/\/talkpal.ai\/lv\/holandiesu-valodas-apguve-tiessaiste\/\">Latvie\u0161u valod\u0101<\/a> ir septi\u0146i gad\u012bjumi: nominat\u012bvs, \u0123enit\u012bvs, dat\u012bvs, akuzat\u012bvs, lokat\u012bvs, instrument\u0101ls un vokat\u012bvs. Katram gad\u012bjumam ir sava funkcija un tas ietekm\u0113 lietv\u0101rdu, \u012bpa\u0161\u012bbas v\u0101rdu, vietniekv\u0101rdu un da\u017ereiz pat darb\u012bbas v\u0101rdu formu.<\/p>\n\n\n\n<p>Piem\u0113ram, \u0146emsim v\u0101rdu &#8220;\u0101bols&#8221; (\u0101bols), kas noz\u012bm\u0113 &#8220;\u0101bols&#8221;:<\/p>\n\n\n\n<p><strong>&#8211; Nominat\u012bvs p\u00e1ds (lieto subjektiem): \u0101bols<\/strong><\/p>\n\n\n\n<p><strong>&#8211; Dzimtes lietv\u0101rds (lietots, lai izteiktu pieder\u012bbu): \u0101bola .<\/strong><\/p>\n\n\n\n<p><strong>&#8211; Dat\u012bvs (tiek lietots netie\u0161ajiem priek\u0161metiem): \u0101bolam<\/strong><\/p>\n\n\n\n<p><strong>&#8211; Akuzat\u012bvs p\u00e1ds (tiek lietots tie\u0161ajiem priek\u0161metiem): \u0101bolu<\/strong><\/p>\n\n\n\n<p><strong>&#8211; Vietniekv\u0101rds (tiek lietots atra\u0161an\u0101s vietas apz\u012bm\u0113\u0161anai): \u0101bol\u0101<\/strong><\/p>\n\n\n\n<p><strong>&#8211; Instrument\u0101l\u0101 forma (tiek lietota, lai apz\u012bm\u0113tu darb\u012bbas veik\u0161anas veidu): \u0101bolu\/-iem<\/strong><\/p>\n\n\n\n<p><strong>&#8211; Vocat\u012bvs p\u00e1ds (tiek lietots, lai uzrun\u0101tu k\u0101du vai kaut ko): \u0101bol<\/strong><\/p>\n\n\n\n<p>Ir svar\u012bgi iepaz\u012bties ar \u0161iem gad\u012bjumiem, jo tie var b\u016btiski main\u012bt teikuma noz\u012bmi.<\/p>\n\n\n\n<h3 class=\"wp-block-heading\" id=\"h-playing-with-numbers-latvian-plurals-and-genders\">Sp\u0113l\u0113\u0161an\u0101s ar skait\u013ciem: latvie\u0161u daudzskaitlis un dzimte<\/h3>\n\n\n\n<p>Veidojot lietv\u0101rdu daudzskait\u013ca formu <a href=\"https:\/\/talkpal.ai\/lv\/holandiesu-valodas-apguve-tiessaiste\/\">latvie\u0161u valod\u0101<\/a>, ir svar\u012bgi patur\u0113t pr\u0101t\u0101 lietv\u0101rda dzimumu. Latvie\u0161u valod\u0101 lietv\u0101rdiem ir divi dzimumi \u2013 v\u012bri\u0161\u0137ais un sievi\u0161\u0137ais. Dzimums ietekm\u0113 lietv\u0101rdu, \u012bpa\u0161\u012bbas v\u0101rdu, ciparu un noteiktu darb\u012bbas v\u0101rdu formu galotnes.<\/p>\n\n\n\n<p>Kopum\u0101 v\u012brie\u0161u dzimtes lietv\u0101rdi daudzskait\u013ca nominat\u012bv\u0101 beidzas ar -i, bet sievie\u0161u dzimtes lietv\u0101rdi beidzas ar -as. Piem\u0113ram, &#8220;zirgs&#8221; (zirgs, v\u012brie\u0161u dzimtes lietv\u0101rds ar noz\u012bmi &#8220;zirgs&#8221;) k\u013c\u016bst par &#8220;zirgi&#8221; (zirgi, zirgi), bet &#8220;sieviete&#8221; (sieviete, sievie\u0161u dzimtes lietv\u0101rds ar noz\u012bmi &#8220;sieviete&#8221;) k\u013c\u016bst par &#8220;sievietes&#8221; (sievietes, sievietes).<\/p>\n\n\n\n<p>Protams, past\u0101v da\u017ei iz\u0146\u0113mumi, t\u0101p\u0113c ir svar\u012bgi apg\u016bt lietv\u0101rdus kop\u0101 ar to dzimumiem un zin\u0101t par neregul\u0101riem daudzskait\u013ca v\u0101rdiem.<\/p>\n\n\n\n<h3 class=\"wp-block-heading\" id=\"h-the-art-of-conjugation-latvian-verbs\">Konjug\u0101cijas m\u0101ksla: latvie\u0161u darb\u012bbas v\u0101rdi<\/h3>\n\n\n\n<p>Latvie\u0161u darb\u012bbas v\u0101rdi s\u0101kotn\u0113ji var \u0161\u0137ist bied\u0113jo\u0161i to daudzo sasprindzin\u0101jumu, noska\u0146u un konjug\u0101ciju d\u0113\u013c. Tom\u0113r galvenais, lai tos saprastu, ir atpaz\u012bt kop\u012bgus mode\u013cus un regul\u0101ri praktiz\u0113t.<\/p>\n\n\n\n<p>Latvie\u0161u valod\u0101 darb\u012bbas v\u0101rdus iedala tr\u012bs grup\u0101s, pamatojoties uz to infinit\u012bvaj\u0101m galotn\u0113m, -t, -sait\u0113m un -sait\u0113m\/-t. Katrai grupai ir \u012bpa\u0161i konjug\u0101cijas noteikumi. K\u0101 piem\u0113ru \u0146emsim darb\u012bbas v\u0101rdu &#8220;las\u012bt&#8221; (las\u012bt, &#8220;las\u012bt&#8221;):<\/p>\n\n\n\n<p><strong>Tagadnes laiks: Es lasu (Es lasu, &#8220;Es las\u012bju&#8221;).<\/strong><\/p>\n\n\n\n<p><strong>Pag\u0101tnes laiks: Es las\u012bju (Es las\u012bju, &#8220;Es las\u012bju&#8221;).<\/strong><\/p>\n\n\n\n<p><strong>N\u0101kotnes laiks: Es las\u012b\u0161u (Es las\u012b\u0161u, &#8220;Es las\u012b\u0161u&#8221;).<\/strong><\/p>\n\n\n\n<p>K\u0101 redzat, galotnes main\u0101s atkar\u012bb\u0101 no sasprindzin\u0101juma. Un tas v\u0113l pat neapskata latvie\u0161u valodas darb\u012bbas v\u0101rdu loc\u012b\u0161anu! Tom\u0113r ne\u013caujiet tam j\u016bs attur\u0113t. Ar praksi un paciet\u012bbu j\u016bs s\u0101ksiet atpaz\u012bt likumsakar\u012bbas un p\u0101rvar\u0113siet \u0161o izaicin\u0101jumu.<\/p>\n\n\n\n<h3 class=\"wp-block-heading\" id=\"h-the-finishing-touches-latvian-adjectives-adverbs-and-more\">Nobeiguma piesk\u0101rieni: latvie\u0161u \u012bpa\u0161\u012bbas v\u0101rdi, adverbi u.c.<\/h3>\n\n\n\n<p>Run\u0101jot par latvie\u0161u valodas \u012bpa\u0161\u012bbas v\u0101rdiem un adverbiem, tiem ir iz\u0161\u0137iro\u0161a noz\u012bme, pie\u0161\u0137irot j\u016bsu runai dzi\u013cumu un sare\u017e\u0123\u012bt\u012bbu. \u012apa\u0161\u012bbas v\u0101rdiem ir j\u0101piekr\u012bt lietv\u0101rdiem, kurus tie maina dzimuma un gad\u012bjuma zi\u0146\u0101, ar galotn\u0113m, kas attiec\u012bgi at\u0161\u0137iras.<\/p>\n\n\n\n<p>Piem\u0113ram, &#8220;gar\u0161\u012bgs&#8221; (gar\u0161\u012bgs) noz\u012bm\u0113 &#8220;gar\u0161\u012bgs&#8221;, un to var redz\u0113t k\u0101 &#8220;gar\u0161\u012bgs \u0101bols&#8221; (gar\u0161\u012bgs \u0101bols, &#8220;gar\u0161\u012bgs \u0101bols&#8221;) vai &#8220;gar\u0161\u012bga zupa&#8221; (gar\u0161\u012bga zupa, &#8220;gar\u0161\u012bga zupa&#8221;), ar at\u0161\u0137ir\u012bg\u0101m galotn\u0113m v\u012brie\u0161u un sievie\u0161u dzimtes lietv\u0101rdiem.<\/p>\n\n\n\n<p>Adverbi parasti seko l\u012bdz\u012bgiem mode\u013ciem, kas bie\u017ei ieg\u016bti no \u012bpa\u0161\u012bbas v\u0101rdiem. Latvie\u0161u valod\u0101 liel\u0101k\u0101 da\u013ca adverbu beidzas ar -i, kas ir t\u0101da pati forma k\u0101 v\u012brie\u0161u dzimtes vienskait\u013ca akuzat\u012bvs \u012bpa\u0161\u012bbas v\u0101rdiem.<\/p>\n\n\n\n<p>Nobeigum\u0101 j\u0101secina, ka latvie\u0161u valodas gramatikas sare\u017e\u0123\u012bt\u012bba un \u012bpatn\u012bbas, lai gan t\u0101s ir izaicino\u0161as, pie\u0161\u0137ir valodai t\u0101s valdzino\u0161o skaistumu un raksturu. Izmantojot neatlaid\u012bbu, zin\u0101tk\u0101ri un praktisku pielietojumu, j\u016bs dr\u012bz vien ar vieglumu un p\u0101rliec\u012bbu p\u0101rzin\u0101siet latvie\u0161u valodas gramatiku. Priec\u012bgu m\u0101c\u012b\u0161anos!<\/p>\n<\/div><\/div>\n\r\n<section class=\"learnNavigationSection\">\r\n            \r\n        <a href=\"https:\/\/talkpal.ai\/lv\/uzzinat-latviesu-valodu\/\">\r\n            <div class=\"learnNavigationWrapper\">\r\n                <div class=\"learnNavigationContent\">\r\n                    <img decoding=\"async\" src=\"https:\/\/talkpal.ai\/wp-content\/uploads\/2024\/08\/Latvian.jpg\" alt=\"Latvian Flag\">\r\n                    <div>\r\n                        <h4>Par latvie\u0161u valodas apguvi<\/h4>\r\n                        <p>Uzziniet visu par latvie\u0161u valodu gramatika.<\/p>\r\n                    <\/div>\r\n                <\/div>\r\n            <\/div>\r\n        <\/a>\r\n\r\n        \r\n        <a href=\"https:\/\/talkpal.ai\/lv\/latviesu-valodas-gramatikas-vingrinajumi\/\">\r\n            <div class=\"learnNavigationWrapper\">\r\n                <div class=\"learnNavigationContent\">\r\n                    <img decoding=\"async\" src=\"https:\/\/talkpal.ai\/wp-content\/uploads\/2024\/08\/Latvian.jpg\" alt=\"Latvian Flag\">\r\n                    <div>\r\n                        <h4>Latvie\u0161u valodas gramatikas vingrin\u0101jums<\/h4>\r\n                        <p>Prakses prakse latvie\u0161u valod\u0101 gramatika.<\/p>\r\n                    <\/div>\r\n                <\/div>\r\n            <\/div>\r\n        <\/a>\r\n\r\n        \r\n        <a href=\"https:\/\/talkpal.ai\/vocabulary_language\/latvian\/\">\r\n            <div class=\"learnNavigationWrapper\">\r\n                <div class=\"learnNavigationContent\">\r\n                    <img decoding=\"async\" src=\"https:\/\/talkpal.ai\/wp-content\/uploads\/2024\/08\/Latvian.jpg\" alt=\"Latvian Flag\">\r\n                    <div>\r\n                        <h4>Latvie\u0161u valodas v\u0101rdn\u012bca<\/h4>\r\n                        <p>Papla\u0161iniet savu latvie\u0161u valodas v\u0101rdu kr\u0101jumu.<\/p>\r\n                    <\/div>\r\n                <\/div>\r\n            <\/div>\r\n        <\/a>\r\n\r\n            <\/section>","protected":false},"excerpt":{"rendered":"<p>Gal\u012bgais ce\u013cvedis latvie\u0161u valodas gramatik\u0101: navig\u0101cija unik\u0101las valodas sare\u017e\u0123\u012bt\u012bb\u0101 Latvie\u0161u valodas gramatika, t\u0101pat k\u0101 pati valoda, pied\u0101v\u0101 bag\u0101t\u012bgu un aizraujo\u0161u valodas elementu gobel\u0113nu. Latvie\u0161u valoda k\u0101 baltu valoda aizrauj apm\u0101c\u0101mos ar sav\u0101m daudzveid\u012bgaj\u0101m iez\u012bm\u0113m un izaicin\u0101jumiem pat visprasm\u012bg\u0101kos run\u0101t\u0101jus. \u0160aj\u0101 rokasgr\u0101mat\u0101 m\u0113s iepaz\u012bstin\u0101sim j\u016bs ar latvie\u0161u valodas gramatikas pamatprincipiem, izskaidrosim t\u0101s sare\u017e\u0123\u012bt\u012bbu un pal\u012bdz\u0113sim jums [&hellip;]<\/p>\n","protected":false},"author":1,"featured_media":64148,"parent":0,"menu_order":0,"comment_status":"closed","ping_status":"closed","template":"LearningContentPage.php","meta":{"_acf_changed":false,"footnotes":""},"class_list":["post-75097","page","type-page","status-publish","has-post-thumbnail","hentry"],"acf":[],"yoast_head":"<!-- This site is optimized with the Yoast SEO Premium plugin v27.2 (Yoast SEO v27.2) - https:\/\/yoast.com\/product\/yoast-seo-premium-wordpress\/ -->\n<title>Latvie\u0161u valodas gramatika - Talkpal<\/title>\n<meta name=\"description\" content=\"Apg\u016bstiet latvie\u0161u valodas gramatiku dro\u0161i - apg\u016bstiet noteikumus, praktiz\u0113jiet lietojumu un viegli uzlabojiet valodas precizit\u0101ti ar Talkpalar personaliz\u0113t\u0101m m\u0101ksl\u012bg\u0101 intelekta nor\u0101d\u0113m.\" \/>\n<meta name=\"robots\" content=\"index, follow, max-snippet:-1, max-image-preview:large, max-video-preview:-1\" \/>\n<link rel=\"canonical\" href=\"https:\/\/talkpal.ai\/lv\/latviesu-valodas-gramatika\/\" \/>\n<meta property=\"og:locale\" content=\"lv_LV\" \/>\n<meta property=\"og:type\" content=\"article\" \/>\n<meta property=\"og:title\" content=\"Latvie\u0161u valodas gramatika\" \/>\n<meta property=\"og:description\" content=\"Gal\u012bgais ce\u013cvedis latvie\u0161u valodas gramatik\u0101: navig\u0101cija unik\u0101las valodas sare\u017e\u0123\u012bt\u012bb\u0101 Latvie\u0161u valodas gramatika, t\u0101pat k\u0101 pati valoda, pied\u0101v\u0101 bag\u0101t\u012bgu\" \/>\n<meta property=\"og:url\" content=\"https:\/\/talkpal.ai\/lv\/latviesu-valodas-gramatika\/\" \/>\n<meta property=\"og:site_name\" content=\"Talkpal\" \/>\n<meta property=\"article:publisher\" content=\"https:\/\/www.facebook.com\/profile.php?id=100090733639311\" \/>\n<meta property=\"article:modified_time\" content=\"2025-12-17T17:12:01+00:00\" \/>\n<meta property=\"og:image\" content=\"https:\/\/talkpal.ai\/wp-content\/uploads\/2023\/05\/latvia.png\" \/>\n\t<meta property=\"og:image:width\" content=\"512\" \/>\n\t<meta property=\"og:image:height\" content=\"512\" \/>\n\t<meta property=\"og:image:type\" content=\"image\/png\" \/>\n<meta name=\"twitter:card\" content=\"summary_large_image\" \/>\n<meta name=\"twitter:site\" content=\"@talkpalai\" \/>\n<meta name=\"twitter:label1\" content=\"Est. reading time\" \/>\n\t<meta name=\"twitter:data1\" content=\"5 minutes\" \/>\n<script type=\"application\/ld+json\" class=\"yoast-schema-graph\">{\"@context\":\"https:\/\/schema.org\",\"@graph\":[{\"@type\":\"WebPage\",\"@id\":\"https:\/\/talkpal.ai\/lv\/latviesu-valodas-gramatika\/\",\"url\":\"https:\/\/talkpal.ai\/lv\/latviesu-valodas-gramatika\/\",\"name\":\"Latvie\u0161u valodas gramatika - Talkpal\",\"isPartOf\":{\"@id\":\"https:\/\/talkpal.ai\/lv\/#website\"},\"primaryImageOfPage\":{\"@id\":\"https:\/\/talkpal.ai\/lv\/latviesu-valodas-gramatika\/#primaryimage\"},\"image\":{\"@id\":\"https:\/\/talkpal.ai\/lv\/latviesu-valodas-gramatika\/#primaryimage\"},\"thumbnailUrl\":\"https:\/\/talkpal.ai\/wp-content\/uploads\/2023\/05\/latvia.png\",\"datePublished\":\"2023-05-14T14:10:24+00:00\",\"dateModified\":\"2025-12-17T17:12:01+00:00\",\"description\":\"Apg\u016bstiet latvie\u0161u valodas gramatiku dro\u0161i - apg\u016bstiet noteikumus, praktiz\u0113jiet lietojumu un viegli uzlabojiet valodas precizit\u0101ti ar Talkpalar personaliz\u0113t\u0101m m\u0101ksl\u012bg\u0101 intelekta nor\u0101d\u0113m.\",\"breadcrumb\":{\"@id\":\"https:\/\/talkpal.ai\/lv\/latviesu-valodas-gramatika\/#breadcrumb\"},\"inLanguage\":\"lv-LV\",\"potentialAction\":[{\"@type\":\"ReadAction\",\"target\":[\"https:\/\/talkpal.ai\/lv\/latviesu-valodas-gramatika\/\"]}]},{\"@type\":\"ImageObject\",\"inLanguage\":\"lv-LV\",\"@id\":\"https:\/\/talkpal.ai\/lv\/latviesu-valodas-gramatika\/#primaryimage\",\"url\":\"https:\/\/talkpal.ai\/wp-content\/uploads\/2023\/05\/latvia.png\",\"contentUrl\":\"https:\/\/talkpal.ai\/wp-content\/uploads\/2023\/05\/latvia.png\",\"width\":512,\"height\":512},{\"@type\":\"BreadcrumbList\",\"@id\":\"https:\/\/talkpal.ai\/lv\/latviesu-valodas-gramatika\/#breadcrumb\",\"itemListElement\":[{\"@type\":\"ListItem\",\"position\":1,\"name\":\"Homepage\",\"item\":\"https:\/\/talkpal.ai\/lv\/\"},{\"@type\":\"ListItem\",\"position\":2,\"name\":\"Latvie\u0161u valodas gramatika\"}]},{\"@type\":\"WebSite\",\"@id\":\"https:\/\/talkpal.ai\/lv\/#website\",\"url\":\"https:\/\/talkpal.ai\/lv\/\",\"name\":\"Talkpal\",\"description\":\"AI Language Learning\",\"publisher\":{\"@id\":\"https:\/\/talkpal.ai\/lv\/#organization\"},\"alternateName\":\"Talkpal AI\",\"potentialAction\":[{\"@type\":\"SearchAction\",\"target\":{\"@type\":\"EntryPoint\",\"urlTemplate\":\"https:\/\/talkpal.ai\/lv\/?s={search_term_string}\"},\"query-input\":{\"@type\":\"PropertyValueSpecification\",\"valueRequired\":true,\"valueName\":\"search_term_string\"}}],\"inLanguage\":\"lv-LV\"},{\"@type\":\"Organization\",\"@id\":\"https:\/\/talkpal.ai\/lv\/#organization\",\"name\":\"Talkpal, Inc.\",\"alternateName\":\"Talkpal AI\",\"url\":\"https:\/\/talkpal.ai\/lv\/\",\"logo\":{\"@type\":\"ImageObject\",\"inLanguage\":\"lv-LV\",\"@id\":\"https:\/\/talkpal.ai\/lv\/#\/schema\/logo\/image\/\",\"url\":\"https:\/\/talkpal.ai\/wp-content\/uploads\/2024\/03\/Talkpal-Logo-Icon.png\",\"contentUrl\":\"https:\/\/talkpal.ai\/wp-content\/uploads\/2024\/03\/Talkpal-Logo-Icon.png\",\"width\":2880,\"height\":2880,\"caption\":\"Talkpal, Inc.\"},\"image\":{\"@id\":\"https:\/\/talkpal.ai\/lv\/#\/schema\/logo\/image\/\"},\"sameAs\":[\"https:\/\/www.facebook.com\/profile.php?id=100090733639311\",\"https:\/\/x.com\/talkpalai\",\"https:\/\/www.linkedin.com\/company\/talkpal\/\",\"https:\/\/www.youtube.com\/@TalkPal\/\",\"https:\/\/www.tiktok.com\/@talkpal\",\"https:\/\/www.instagram.com\/talkpal_ai\/\",\"https:\/\/www.crunchbase.com\/organization\/talkpal-9cde\",\"https:\/\/www.g2.com\/products\/talkpal-for-business\/\",\"https:\/\/www.trustpilot.com\/review\/talkpal.ai\",\"https:\/\/www.capterra.com\/p\/10006800\/TalkPal\/\"],\"description\":\"Talkpal is a language learning web and mobile education app, powered by the latest AI technologies, that provides engaging experiences to its customers in many different languages to help them improve their language skills. Users can chat about unlimited amount of topics with the app and use other modes to practice their language learning.\",\"email\":\"support@talkpal.ai\",\"legalName\":\"Talkpal, Inc.\",\"foundingDate\":\"2023-04-03\",\"duns\":\"118989042\",\"numberOfEmployees\":{\"@type\":\"QuantitativeValue\",\"minValue\":\"11\",\"maxValue\":\"50\"},\"publishingPrinciples\":\"https:\/\/talkpal.ai\/publishing-principles\/\",\"actionableFeedbackPolicy\":\"https:\/\/talkpal.ai\/actionable-feedback-policy\/\",\"correctionsPolicy\":\"https:\/\/talkpal.ai\/corrections-policy\/\",\"ethicsPolicy\":\"https:\/\/talkpal.ai\/ethics-policy\/\",\"diversityPolicy\":\"https:\/\/talkpal.ai\/diversity-policy\/\",\"diversityStaffingReport\":\"https:\/\/talkpal.ai\/diversity-policy\/\"}]}<\/script>\n<!-- \/ Yoast SEO Premium plugin. -->","yoast_head_json":{"title":"Latvie\u0161u valodas gramatika - Talkpal","description":"Apg\u016bstiet latvie\u0161u valodas gramatiku dro\u0161i - apg\u016bstiet noteikumus, praktiz\u0113jiet lietojumu un viegli uzlabojiet valodas precizit\u0101ti ar Talkpalar personaliz\u0113t\u0101m m\u0101ksl\u012bg\u0101 intelekta nor\u0101d\u0113m.","robots":{"index":"index","follow":"follow","max-snippet":"max-snippet:-1","max-image-preview":"max-image-preview:large","max-video-preview":"max-video-preview:-1"},"canonical":"https:\/\/talkpal.ai\/lv\/latviesu-valodas-gramatika\/","og_locale":"lv_LV","og_type":"article","og_title":"Latvie\u0161u valodas gramatika","og_description":"Gal\u012bgais ce\u013cvedis latvie\u0161u valodas gramatik\u0101: navig\u0101cija unik\u0101las valodas sare\u017e\u0123\u012bt\u012bb\u0101 Latvie\u0161u valodas gramatika, t\u0101pat k\u0101 pati valoda, pied\u0101v\u0101 bag\u0101t\u012bgu","og_url":"https:\/\/talkpal.ai\/lv\/latviesu-valodas-gramatika\/","og_site_name":"Talkpal","article_publisher":"https:\/\/www.facebook.com\/profile.php?id=100090733639311","article_modified_time":"2025-12-17T17:12:01+00:00","og_image":[{"width":512,"height":512,"url":"https:\/\/talkpal.ai\/wp-content\/uploads\/2023\/05\/latvia.png","type":"image\/png"}],"twitter_card":"summary_large_image","twitter_site":"@talkpalai","twitter_misc":{"Est. reading time":"5 minutes"},"schema":{"@context":"https:\/\/schema.org","@graph":[{"@type":"WebPage","@id":"https:\/\/talkpal.ai\/lv\/latviesu-valodas-gramatika\/","url":"https:\/\/talkpal.ai\/lv\/latviesu-valodas-gramatika\/","name":"Latvie\u0161u valodas gramatika - Talkpal","isPartOf":{"@id":"https:\/\/talkpal.ai\/lv\/#website"},"primaryImageOfPage":{"@id":"https:\/\/talkpal.ai\/lv\/latviesu-valodas-gramatika\/#primaryimage"},"image":{"@id":"https:\/\/talkpal.ai\/lv\/latviesu-valodas-gramatika\/#primaryimage"},"thumbnailUrl":"https:\/\/talkpal.ai\/wp-content\/uploads\/2023\/05\/latvia.png","datePublished":"2023-05-14T14:10:24+00:00","dateModified":"2025-12-17T17:12:01+00:00","description":"Apg\u016bstiet latvie\u0161u valodas gramatiku dro\u0161i - apg\u016bstiet noteikumus, praktiz\u0113jiet lietojumu un viegli uzlabojiet valodas precizit\u0101ti ar Talkpalar personaliz\u0113t\u0101m m\u0101ksl\u012bg\u0101 intelekta nor\u0101d\u0113m.","breadcrumb":{"@id":"https:\/\/talkpal.ai\/lv\/latviesu-valodas-gramatika\/#breadcrumb"},"inLanguage":"lv-LV","potentialAction":[{"@type":"ReadAction","target":["https:\/\/talkpal.ai\/lv\/latviesu-valodas-gramatika\/"]}]},{"@type":"ImageObject","inLanguage":"lv-LV","@id":"https:\/\/talkpal.ai\/lv\/latviesu-valodas-gramatika\/#primaryimage","url":"https:\/\/talkpal.ai\/wp-content\/uploads\/2023\/05\/latvia.png","contentUrl":"https:\/\/talkpal.ai\/wp-content\/uploads\/2023\/05\/latvia.png","width":512,"height":512},{"@type":"BreadcrumbList","@id":"https:\/\/talkpal.ai\/lv\/latviesu-valodas-gramatika\/#breadcrumb","itemListElement":[{"@type":"ListItem","position":1,"name":"Homepage","item":"https:\/\/talkpal.ai\/lv\/"},{"@type":"ListItem","position":2,"name":"Latvie\u0161u valodas gramatika"}]},{"@type":"WebSite","@id":"https:\/\/talkpal.ai\/lv\/#website","url":"https:\/\/talkpal.ai\/lv\/","name":"Talkpal","description":"AI Language Learning","publisher":{"@id":"https:\/\/talkpal.ai\/lv\/#organization"},"alternateName":"Talkpal AI","potentialAction":[{"@type":"SearchAction","target":{"@type":"EntryPoint","urlTemplate":"https:\/\/talkpal.ai\/lv\/?s={search_term_string}"},"query-input":{"@type":"PropertyValueSpecification","valueRequired":true,"valueName":"search_term_string"}}],"inLanguage":"lv-LV"},{"@type":"Organization","@id":"https:\/\/talkpal.ai\/lv\/#organization","name":"Talkpal, Inc.","alternateName":"Talkpal AI","url":"https:\/\/talkpal.ai\/lv\/","logo":{"@type":"ImageObject","inLanguage":"lv-LV","@id":"https:\/\/talkpal.ai\/lv\/#\/schema\/logo\/image\/","url":"https:\/\/talkpal.ai\/wp-content\/uploads\/2024\/03\/Talkpal-Logo-Icon.png","contentUrl":"https:\/\/talkpal.ai\/wp-content\/uploads\/2024\/03\/Talkpal-Logo-Icon.png","width":2880,"height":2880,"caption":"Talkpal, Inc."},"image":{"@id":"https:\/\/talkpal.ai\/lv\/#\/schema\/logo\/image\/"},"sameAs":["https:\/\/www.facebook.com\/profile.php?id=100090733639311","https:\/\/x.com\/talkpalai","https:\/\/www.linkedin.com\/company\/talkpal\/","https:\/\/www.youtube.com\/@TalkPal\/","https:\/\/www.tiktok.com\/@talkpal","https:\/\/www.instagram.com\/talkpal_ai\/","https:\/\/www.crunchbase.com\/organization\/talkpal-9cde","https:\/\/www.g2.com\/products\/talkpal-for-business\/","https:\/\/www.trustpilot.com\/review\/talkpal.ai","https:\/\/www.capterra.com\/p\/10006800\/TalkPal\/"],"description":"Talkpal is a language learning web and mobile education app, powered by the latest AI technologies, that provides engaging experiences to its customers in many different languages to help them improve their language skills. Users can chat about unlimited amount of topics with the app and use other modes to practice their language learning.","email":"support@talkpal.ai","legalName":"Talkpal, Inc.","foundingDate":"2023-04-03","duns":"118989042","numberOfEmployees":{"@type":"QuantitativeValue","minValue":"11","maxValue":"50"},"publishingPrinciples":"https:\/\/talkpal.ai\/publishing-principles\/","actionableFeedbackPolicy":"https:\/\/talkpal.ai\/actionable-feedback-policy\/","correctionsPolicy":"https:\/\/talkpal.ai\/corrections-policy\/","ethicsPolicy":"https:\/\/talkpal.ai\/ethics-policy\/","diversityPolicy":"https:\/\/talkpal.ai\/diversity-policy\/","diversityStaffingReport":"https:\/\/talkpal.ai\/diversity-policy\/"}]}},"_links":{"self":[{"href":"https:\/\/talkpal.ai\/lv\/wp-json\/wp\/v2\/pages\/75097","targetHints":{"allow":["GET"]}}],"collection":[{"href":"https:\/\/talkpal.ai\/lv\/wp-json\/wp\/v2\/pages"}],"about":[{"href":"https:\/\/talkpal.ai\/lv\/wp-json\/wp\/v2\/types\/page"}],"author":[{"embeddable":true,"href":"https:\/\/talkpal.ai\/lv\/wp-json\/wp\/v2\/users\/1"}],"replies":[{"embeddable":true,"href":"https:\/\/talkpal.ai\/lv\/wp-json\/wp\/v2\/comments?post=75097"}],"version-history":[{"count":0,"href":"https:\/\/talkpal.ai\/lv\/wp-json\/wp\/v2\/pages\/75097\/revisions"}],"wp:featuredmedia":[{"embeddable":true,"href":"https:\/\/talkpal.ai\/lv\/wp-json\/wp\/v2\/media\/64148"}],"wp:attachment":[{"href":"https:\/\/talkpal.ai\/lv\/wp-json\/wp\/v2\/media?parent=75097"}],"curies":[{"name":"wp","href":"https:\/\/api.w.org\/{rel}","templated":true}]}}