{"id":75089,"date":"2023-06-22T08:07:24","date_gmt":"2023-06-22T08:07:24","guid":{"rendered":"http:\/\/talkpal.ai\/latviesu-valodas-gramatikas-vingrinajumi\/"},"modified":"2025-12-17T15:51:13","modified_gmt":"2025-12-17T15:51:13","slug":"latviesu-valodas-gramatikas-vingrinajumi","status":"publish","type":"page","link":"https:\/\/talkpal.ai\/lv\/latviesu-valodas-gramatikas-vingrinajumi\/","title":{"rendered":"Latvie\u0161u valodas gramatikas vingrin\u0101jumi"},"content":{"rendered":"\r\n\r\n\r\n<section class=\"languageChallengeSection\">\r\n    <div class=\"languageInfoWrapper\">\r\n        \r\n        <h1>Latvie\u0161u valodas gramatikas vingrin\u0101jumi<\/h1>\r\n        <p>V\u0113laties justies dro\u0161\u0101k, lietojot <a href=\"https:\/\/talkpal.ai\/learn-latvian\/\">latvie\u0161u<\/a> valodu? Gramatikas vingrin\u0101jumu praktiz\u0113\u0161ana ir lielisks veids, k\u0101 apg\u016bt teikuma strukt\u016bru, darb\u012bbas v\u0101rdu formas un <a href=\"https:\/\/talkpal.ai\/learn-latvian\/\">latvie\u0161u<\/a> <a href=\"https:\/\/talkpal.ai\/what-language-is-spoken-on-the-international-space-station\/\">valodas<\/a> \u012bpatn\u012bbas. S\u0101ciet p\u0113t\u012bt latvie\u0161u valodas gramatiku jau \u0161odien un redz\u0113siet, k\u0101 ar katru vingrin\u0101jumu uzlabojas j\u016bsu prasmes un teko\u0161\u0101 valoda!<\/p>\r\n\r\n                            <a class=\"getStartedHidden\" href=\"https:\/\/app.talkpal.ai\/lv\/signup?lng=\">S\u0101c<\/a>\r\n        \r\n    <\/div>\r\n\r\n    <figure>\r\n    <img decoding=\"async\" width=\"768\" height=\"768\" src=\"https:\/\/talkpal.ai\/wp-content\/uploads\/2023\/06\/latvian-768x768.png\" class=\"languageImage no-lazy\" alt=\"Language learning to access more cultures\" fetchpriority=\"high\" sizes=\"(max-width: 768px) 150px, 768px\" srcset=\"https:\/\/talkpal.ai\/wp-content\/uploads\/2023\/06\/latvian-768x768.png 768w, https:\/\/talkpal.ai\/wp-content\/uploads\/2023\/06\/latvian-300x300.png 300w\" \/>\r\n    \r\n\r\n    <\/figure>\r\n\r\n            <a class=\"getStartedVisible\" href=\"https:\/\/app.talkpal.ai\/lv\/signup?lng=\">S\u0101c<\/a>\r\n    \r\n<\/section>\r\n\r\n\r\n<!-- <section class=\"grammarSection\">\r\n    <div class=\"grammarLinks\">\r\n            <\/div>\r\n<\/section> -->\r\n\r\n\r\n\r\n\r\n<section class=\"promotionalBanner\">\r\n    <p class=\"promotionalText\">Visefekt\u012bv\u0101kais veids, k\u0101 apg\u016bt valodu<\/p>\r\n    <a class=\"promotionalLink\" href=\"https:\/\/app.talkpal.ai\/lv\/signup?lng=\">Izm\u0113\u0123iniet Talkpal bez maksas<\/a>\r\n<\/section>\n<div class=\"wp-block-group pageContainerStyle\"><div class=\"wp-block-group__inner-container is-layout-constrained wp-block-group-is-layout-constrained\">\n<h2 class=\"wp-block-heading\" id=\"h-latvian-grammar-topics\">Latvie\u0161u valodas gramatikas t\u0113mas<\/h2>\n\n\n\n<p>Jaunas valodas apguve var b\u016bt aizraujo\u0161a un v\u0113rt\u012bga pieredze, un latvie\u0161u valoda nav iz\u0146\u0113mums. Latvie\u0161u valodai k\u0101 Latvijas ofici\u0101lajai valodai un vienai no baltu valod\u0101m ir sava unik\u0101la gramatisk\u0101 strukt\u016bra un noteikumi, kas to at\u0161\u0137ir no cit\u0101m Eiropas valod\u0101m. Lai efekt\u012bvi apg\u016btu <a href=\"https:\/\/talkpal.ai\/lv\/uzzinat-latviesu-valodu\/\">latvie\u0161u valodu<\/a>, ir svar\u012bgi saprast un apg\u016bt da\u017e\u0101das gramatikas t\u0113mas lo\u0123isk\u0101 sec\u012bb\u0101. \u0160\u012b rokasgr\u0101mata sniegs p\u0101rskatu par galvenaj\u0101m latvie\u0161u valodas gramatikas t\u0113m\u0101m, ieskaitot laikus, darb\u012bbas v\u0101rdus, lietv\u0101rdus, rakstus, vietniekv\u0101rdus, noteic\u0113jus, \u012bpa\u0161\u012bbas v\u0101rdus, adverbus, nosac\u012bjumus, priev\u0101rdus un teikumu strukt\u016bru, lai pal\u012bdz\u0113tu jums veidot sp\u0113c\u012bgu pamatu valod\u0101.<\/p>\n\n\n\n<h3 class=\"wp-block-heading\" id=\"h-1-nouns-and-articles\">1. Lietv\u0101rdi un raksti:<\/h3>\n\n\n\n<p><a href=\"https:\/\/talkpal.ai\/lv\/holandiesu-valodas-apguve-tiessaiste\/\">Latvie\u0161u valod\u0101<\/a> lietv\u0101rdiem ir divi dzimumi: v\u012bri\u0161\u0137ais un sievi\u0161\u0137ais. Vi\u0146iem ir ar\u012b septi\u0146i gad\u012bjumi, kas nosaka lietv\u0101rda funkciju teikum\u0101. Rakstu <a href=\"https:\/\/talkpal.ai\/lv\/holandiesu-valodas-apguve-tiessaiste\/\">latvie\u0161u valod\u0101<\/a> nav, t\u0101p\u0113c lietv\u0101rdu dzimtes un gad\u012bjumu izpratne ir b\u016btiska pareizai komunik\u0101cijai.<\/p>\n\n\n\n<h3 class=\"wp-block-heading\" id=\"h-2-adjectives\">2. \u012apa\u0161\u012bbas v\u0101rdi:<\/h3>\n\n\n\n<p>\u012apa\u0161\u012bbas v\u0101rdi latvie\u0161u valod\u0101 atbilst lietv\u0101rdiem, kurus tie maina dzimt\u0113, skait\u0101 un gad\u012bjum\u0101. \u012apa\u0161\u012bbas v\u0101rda apguve ir svar\u012bga, lai veidotu prec\u012bzus aprakstus un sal\u012bdzin\u0101jumus.<\/p>\n\n\n\n<h3 class=\"wp-block-heading\" id=\"h-3-pronouns-and-determiners\">3. Vietniekv\u0101rdi un noteic\u0113ji:<\/h3>\n\n\n\n<p>Vietniekv\u0101rdi aizst\u0101j lietv\u0101rdus teikumos, bet noteic\u0113ji preciz\u0113 vai kvantific\u0113 lietv\u0101rdus. Abi ir b\u016btiski latvie\u0161u valodas gramatikas elementi, un tie ir j\u0101apg\u016bst jau agr\u012bn\u0101 posm\u0101, lai veidotu prec\u012bzus teikumus.<\/p>\n\n\n\n<h3 class=\"wp-block-heading\" id=\"h-4-verbs-and-tenses\">4. Darb\u012bbas v\u0101rdi un sasprindzin\u0101jumi:<\/h3>\n\n\n\n<p>Latvie\u0161u valodas darb\u012bbas v\u0101rdiem ir tr\u012bs laiki: pag\u0101tne, tagadne un n\u0101kotne. Izpratne par to, k\u0101 konjug\u0113t darb\u012bbas v\u0101rdus \u0161ajos laikos, ir b\u016btiska, lai izteiktu darb\u012bbas un notikumus. Turkl\u0101t darb\u012bbas v\u0101rdiem ir tr\u012bs noska\u0146as: indikat\u012bvs, imperat\u012bvs un subjunkt\u012bvs.<\/p>\n\n\n\n<h3 class=\"wp-block-heading\" id=\"h-5-progressive-and-perfect-progressive\">5. Progres\u012bvs un ide\u0101ls progres\u012bvs:<\/h3>\n\n\n\n<p>\u0160ie aspekti izsaka nep\u0101rtrauktas vai nep\u0101rtrauktas darb\u012bbas. To apg\u016b\u0161ana pal\u012bdz\u0113s jums aprakst\u012bt darb\u012bbas, kas notiek vai ir turpin\u0101ju\u0161\u0101s noteikt\u0101 laika period\u0101.<\/p>\n\n\n\n<h3 class=\"wp-block-heading\" id=\"h-6-tense-comparison\">6. Saspringts sal\u012bdzin\u0101jums:<\/h3>\n\n\n\n<p>Izpratne par to, k\u0101 sasprindzin\u0101jums ir saist\u012bts viens ar otru, ir b\u016btiska, lai prec\u012bzi izteiktu darb\u012bbas un notikumus da\u017e\u0101dos laika periodos.<\/p>\n\n\n\n<h3 class=\"wp-block-heading\" id=\"h-7-adverbs\">7. Adverbi:<\/h3>\n\n\n\n<p>Adverbi modific\u0113 darb\u012bbas v\u0101rdus, \u012bpa\u0161\u012bbas v\u0101rdus vai citus adverbus, sniedzot papildu inform\u0101ciju par aprakst\u012bto darb\u012bbu vai kvalit\u0101ti. Tie ir b\u016btiski, lai teikumos pievienotu deta\u013cas un nianses.<\/p>\n\n\n\n<h3 class=\"wp-block-heading\" id=\"h-8-prepositions\">8. Priev\u0101rdi:<\/h3>\n\n\n\n<p>Priev\u0101rdi par\u0101da attiec\u012bbas starp v\u0101rdiem teikum\u0101, piem\u0113ram, atra\u0161an\u0101s vietu, virzienu vai laiku. Priev\u0101rdu apg\u016b\u0161ana ir b\u016btiska, lai izveidotu saska\u0146otus un j\u0113gpilnus teikumus.<\/p>\n\n\n\n<h3 class=\"wp-block-heading\" id=\"h-9-conditionals\">9. Nosac\u012bjumi:<\/h3>\n\n\n\n<p>Nosac\u012bti teikumi izsaka hipot\u0113tiskas situ\u0101cijas un to iesp\u0113jamos izn\u0101kumus. Iem\u0101c\u012bties veidot un lietot nosac\u012bjumus ir b\u016btiski sare\u017e\u0123\u012btu ideju un iesp\u0113ju izteik\u0161anai.<\/p>\n\n\n\n<h3 class=\"wp-block-heading\" id=\"h-10-sentences\">10. Teikumi:<\/h3>\n\n\n\n<p>Izpratne par latvie\u0161u teikumu strukt\u016bru, v\u0101rdu sec\u012bbu un pieturz\u012bm\u0113m ir b\u016btiska, lai veidotu skaidrus un prec\u012bzus apgalvojumus, jaut\u0101jumus un komandas. Apg\u016bstot visas iepriek\u0161 aprakst\u012bt\u0101s gramatikas t\u0113mas, j\u016bs b\u016bsiet ce\u013c\u0101 uz latvie\u0161u valodas prasmi.<\/p>\n<\/div><\/div>\n\r\n<section class=\"learnNavigationSection\">\r\n            \r\n        <a href=\"https:\/\/talkpal.ai\/lv\/uzzinat-latviesu-valodu\/\">\r\n            <div class=\"learnNavigationWrapper\">\r\n                <div class=\"learnNavigationContent\">\r\n                    <img decoding=\"async\" src=\"https:\/\/talkpal.ai\/wp-content\/uploads\/2024\/08\/Latvian.jpg\" alt=\"Latvian Flag\">\r\n                    <div>\r\n                        <h4>Par latvie\u0161u valodas apguvi<\/h4>\r\n                        <p>Uzziniet visu par latvie\u0161u valodu gramatika.<\/p>\r\n                    <\/div>\r\n                <\/div>\r\n            <\/div>\r\n        <\/a>\r\n\r\n        \r\n        <a href=\"https:\/\/talkpal.ai\/lv\/latviesu-valodas-gramatika\/\">\r\n            <div class=\"learnNavigationWrapper\">\r\n                <div class=\"learnNavigationContent\">\r\n                    <img decoding=\"async\" src=\"https:\/\/talkpal.ai\/wp-content\/uploads\/2024\/08\/Latvian.jpg\" alt=\"Latvian Flag\">\r\n                    <div>\r\n                        <h4>Latvie\u0161u valodas gramatikas nodarb\u012bbas<\/h4>\r\n                        <p>Prakses prakse latvie\u0161u valod\u0101 gramatika.<\/p>\r\n                    <\/div>\r\n                <\/div>\r\n            <\/div>\r\n        <\/a>\r\n\r\n        \r\n        <a href=\"https:\/\/talkpal.ai\/vocabulary_language\/latvian\/\">\r\n            <div class=\"learnNavigationWrapper\">\r\n                <div class=\"learnNavigationContent\">\r\n                    <img decoding=\"async\" src=\"https:\/\/talkpal.ai\/wp-content\/uploads\/2024\/08\/Latvian.jpg\" alt=\"Latvian Flag\">\r\n                    <div>\r\n                        <h4>Latvie\u0161u valodas v\u0101rdn\u012bca<\/h4>\r\n                        <p>Papla\u0161iniet savu latvie\u0161u valodas v\u0101rdu kr\u0101jumu.<\/p>\r\n                    <\/div>\r\n                <\/div>\r\n            <\/div>\r\n        <\/a>\r\n\r\n            <\/section>","protected":false},"excerpt":{"rendered":"<p>Latvie\u0161u valodas gramatikas t\u0113mas Jaunas valodas apguve var b\u016bt aizraujo\u0161a un v\u0113rt\u012bga pieredze, un latvie\u0161u valoda nav iz\u0146\u0113mums. Latvie\u0161u valodai k\u0101 Latvijas ofici\u0101lajai valodai un vienai no baltu valod\u0101m ir sava unik\u0101la gramatisk\u0101 strukt\u016bra un noteikumi, kas to at\u0161\u0137ir no cit\u0101m Eiropas valod\u0101m. Lai efekt\u012bvi apg\u016btu latvie\u0161u valodu, ir svar\u012bgi saprast un apg\u016bt da\u017e\u0101das gramatikas [&hellip;]<\/p>\n","protected":false},"author":6,"featured_media":64148,"parent":0,"menu_order":0,"comment_status":"closed","ping_status":"closed","template":"LearningContentPage.php","meta":{"_acf_changed":false,"footnotes":""},"class_list":["post-75089","page","type-page","status-publish","has-post-thumbnail","hentry"],"acf":[],"yoast_head":"<!-- This site is optimized with the Yoast SEO Premium plugin v27.2 (Yoast SEO v27.2) - https:\/\/yoast.com\/product\/yoast-seo-premium-wordpress\/ -->\n<title>Latvie\u0161u valodas gramatikas vingrin\u0101jumi - Talkpal<\/title>\n<meta name=\"description\" content=\"Pilnveidojiet savu latvie\u0161u valodas gramatiku, iesaistoties Talkpal vingrin\u0101jumiem - uzlabojiet precizit\u0101ti un uzlabojiet prasmes, izmantojot interakt\u012bvas m\u0101ksl\u012bg\u0101 intelekta nodarb\u012bbas.\" \/>\n<meta name=\"robots\" content=\"index, follow, max-snippet:-1, max-image-preview:large, max-video-preview:-1\" \/>\n<link rel=\"canonical\" href=\"https:\/\/talkpal.ai\/lv\/latviesu-valodas-gramatikas-vingrinajumi\/\" \/>\n<meta property=\"og:locale\" content=\"lv_LV\" \/>\n<meta property=\"og:type\" content=\"article\" \/>\n<meta property=\"og:title\" content=\"Latvie\u0161u valodas gramatikas vingrin\u0101jumi\" \/>\n<meta property=\"og:description\" content=\"Latvie\u0161u valodas gramatikas t\u0113mas Jaunas valodas apguve var b\u016bt aizraujo\u0161a un v\u0113rt\u012bga pieredze, un latvie\u0161u valoda nav iz\u0146\u0113mums. Latvie\u0161u valodai k\u0101\" \/>\n<meta property=\"og:url\" content=\"https:\/\/talkpal.ai\/lv\/latviesu-valodas-gramatikas-vingrinajumi\/\" \/>\n<meta property=\"og:site_name\" content=\"Talkpal\" \/>\n<meta property=\"article:publisher\" content=\"https:\/\/www.facebook.com\/profile.php?id=100090733639311\" \/>\n<meta property=\"article:modified_time\" content=\"2025-12-17T15:51:13+00:00\" \/>\n<meta property=\"og:image\" content=\"https:\/\/talkpal.ai\/wp-content\/uploads\/2023\/05\/latvia.png\" \/>\n\t<meta property=\"og:image:width\" content=\"512\" \/>\n\t<meta property=\"og:image:height\" content=\"512\" \/>\n\t<meta property=\"og:image:type\" content=\"image\/png\" \/>\n<meta name=\"twitter:card\" content=\"summary_large_image\" \/>\n<meta name=\"twitter:site\" content=\"@talkpalai\" \/>\n<meta name=\"twitter:label1\" content=\"Est. reading time\" \/>\n\t<meta name=\"twitter:data1\" content=\"3 minutes\" \/>\n<script type=\"application\/ld+json\" class=\"yoast-schema-graph\">{\"@context\":\"https:\/\/schema.org\",\"@graph\":[{\"@type\":\"WebPage\",\"@id\":\"https:\/\/talkpal.ai\/lv\/latviesu-valodas-gramatikas-vingrinajumi\/\",\"url\":\"https:\/\/talkpal.ai\/lv\/latviesu-valodas-gramatikas-vingrinajumi\/\",\"name\":\"Latvie\u0161u valodas gramatikas vingrin\u0101jumi - Talkpal\",\"isPartOf\":{\"@id\":\"https:\/\/talkpal.ai\/lv\/#website\"},\"primaryImageOfPage\":{\"@id\":\"https:\/\/talkpal.ai\/lv\/latviesu-valodas-gramatikas-vingrinajumi\/#primaryimage\"},\"image\":{\"@id\":\"https:\/\/talkpal.ai\/lv\/latviesu-valodas-gramatikas-vingrinajumi\/#primaryimage\"},\"thumbnailUrl\":\"https:\/\/talkpal.ai\/wp-content\/uploads\/2023\/05\/latvia.png\",\"datePublished\":\"2023-06-22T08:07:24+00:00\",\"dateModified\":\"2025-12-17T15:51:13+00:00\",\"description\":\"Pilnveidojiet savu latvie\u0161u valodas gramatiku, iesaistoties Talkpal vingrin\u0101jumiem - uzlabojiet precizit\u0101ti un uzlabojiet prasmes, izmantojot interakt\u012bvas m\u0101ksl\u012bg\u0101 intelekta nodarb\u012bbas.\",\"breadcrumb\":{\"@id\":\"https:\/\/talkpal.ai\/lv\/latviesu-valodas-gramatikas-vingrinajumi\/#breadcrumb\"},\"inLanguage\":\"lv-LV\",\"potentialAction\":[{\"@type\":\"ReadAction\",\"target\":[\"https:\/\/talkpal.ai\/lv\/latviesu-valodas-gramatikas-vingrinajumi\/\"]}]},{\"@type\":\"ImageObject\",\"inLanguage\":\"lv-LV\",\"@id\":\"https:\/\/talkpal.ai\/lv\/latviesu-valodas-gramatikas-vingrinajumi\/#primaryimage\",\"url\":\"https:\/\/talkpal.ai\/wp-content\/uploads\/2023\/05\/latvia.png\",\"contentUrl\":\"https:\/\/talkpal.ai\/wp-content\/uploads\/2023\/05\/latvia.png\",\"width\":512,\"height\":512},{\"@type\":\"BreadcrumbList\",\"@id\":\"https:\/\/talkpal.ai\/lv\/latviesu-valodas-gramatikas-vingrinajumi\/#breadcrumb\",\"itemListElement\":[{\"@type\":\"ListItem\",\"position\":1,\"name\":\"Homepage\",\"item\":\"https:\/\/talkpal.ai\/lv\/\"},{\"@type\":\"ListItem\",\"position\":2,\"name\":\"Latvie\u0161u valodas gramatikas vingrin\u0101jumi\"}]},{\"@type\":\"WebSite\",\"@id\":\"https:\/\/talkpal.ai\/lv\/#website\",\"url\":\"https:\/\/talkpal.ai\/lv\/\",\"name\":\"Talkpal\",\"description\":\"AI Language Learning\",\"publisher\":{\"@id\":\"https:\/\/talkpal.ai\/lv\/#organization\"},\"alternateName\":\"Talkpal AI\",\"potentialAction\":[{\"@type\":\"SearchAction\",\"target\":{\"@type\":\"EntryPoint\",\"urlTemplate\":\"https:\/\/talkpal.ai\/lv\/?s={search_term_string}\"},\"query-input\":{\"@type\":\"PropertyValueSpecification\",\"valueRequired\":true,\"valueName\":\"search_term_string\"}}],\"inLanguage\":\"lv-LV\"},{\"@type\":\"Organization\",\"@id\":\"https:\/\/talkpal.ai\/lv\/#organization\",\"name\":\"Talkpal, Inc.\",\"alternateName\":\"Talkpal AI\",\"url\":\"https:\/\/talkpal.ai\/lv\/\",\"logo\":{\"@type\":\"ImageObject\",\"inLanguage\":\"lv-LV\",\"@id\":\"https:\/\/talkpal.ai\/lv\/#\/schema\/logo\/image\/\",\"url\":\"https:\/\/talkpal.ai\/wp-content\/uploads\/2024\/03\/Talkpal-Logo-Icon.png\",\"contentUrl\":\"https:\/\/talkpal.ai\/wp-content\/uploads\/2024\/03\/Talkpal-Logo-Icon.png\",\"width\":2880,\"height\":2880,\"caption\":\"Talkpal, Inc.\"},\"image\":{\"@id\":\"https:\/\/talkpal.ai\/lv\/#\/schema\/logo\/image\/\"},\"sameAs\":[\"https:\/\/www.facebook.com\/profile.php?id=100090733639311\",\"https:\/\/x.com\/talkpalai\",\"https:\/\/www.linkedin.com\/company\/talkpal\/\",\"https:\/\/www.youtube.com\/@TalkPal\/\",\"https:\/\/www.tiktok.com\/@talkpal\",\"https:\/\/www.instagram.com\/talkpal_ai\/\",\"https:\/\/www.crunchbase.com\/organization\/talkpal-9cde\",\"https:\/\/www.g2.com\/products\/talkpal-for-business\/\",\"https:\/\/www.trustpilot.com\/review\/talkpal.ai\",\"https:\/\/www.capterra.com\/p\/10006800\/TalkPal\/\"],\"description\":\"Talkpal is a language learning web and mobile education app, powered by the latest AI technologies, that provides engaging experiences to its customers in many different languages to help them improve their language skills. Users can chat about unlimited amount of topics with the app and use other modes to practice their language learning.\",\"email\":\"support@talkpal.ai\",\"legalName\":\"Talkpal, Inc.\",\"foundingDate\":\"2023-04-03\",\"duns\":\"118989042\",\"numberOfEmployees\":{\"@type\":\"QuantitativeValue\",\"minValue\":\"11\",\"maxValue\":\"50\"},\"publishingPrinciples\":\"https:\/\/talkpal.ai\/publishing-principles\/\",\"actionableFeedbackPolicy\":\"https:\/\/talkpal.ai\/actionable-feedback-policy\/\",\"correctionsPolicy\":\"https:\/\/talkpal.ai\/corrections-policy\/\",\"ethicsPolicy\":\"https:\/\/talkpal.ai\/ethics-policy\/\",\"diversityPolicy\":\"https:\/\/talkpal.ai\/diversity-policy\/\",\"diversityStaffingReport\":\"https:\/\/talkpal.ai\/diversity-policy\/\"}]}<\/script>\n<!-- \/ Yoast SEO Premium plugin. -->","yoast_head_json":{"title":"Latvie\u0161u valodas gramatikas vingrin\u0101jumi - Talkpal","description":"Pilnveidojiet savu latvie\u0161u valodas gramatiku, iesaistoties Talkpal vingrin\u0101jumiem - uzlabojiet precizit\u0101ti un uzlabojiet prasmes, izmantojot interakt\u012bvas m\u0101ksl\u012bg\u0101 intelekta nodarb\u012bbas.","robots":{"index":"index","follow":"follow","max-snippet":"max-snippet:-1","max-image-preview":"max-image-preview:large","max-video-preview":"max-video-preview:-1"},"canonical":"https:\/\/talkpal.ai\/lv\/latviesu-valodas-gramatikas-vingrinajumi\/","og_locale":"lv_LV","og_type":"article","og_title":"Latvie\u0161u valodas gramatikas vingrin\u0101jumi","og_description":"Latvie\u0161u valodas gramatikas t\u0113mas Jaunas valodas apguve var b\u016bt aizraujo\u0161a un v\u0113rt\u012bga pieredze, un latvie\u0161u valoda nav iz\u0146\u0113mums. Latvie\u0161u valodai k\u0101","og_url":"https:\/\/talkpal.ai\/lv\/latviesu-valodas-gramatikas-vingrinajumi\/","og_site_name":"Talkpal","article_publisher":"https:\/\/www.facebook.com\/profile.php?id=100090733639311","article_modified_time":"2025-12-17T15:51:13+00:00","og_image":[{"width":512,"height":512,"url":"https:\/\/talkpal.ai\/wp-content\/uploads\/2023\/05\/latvia.png","type":"image\/png"}],"twitter_card":"summary_large_image","twitter_site":"@talkpalai","twitter_misc":{"Est. reading time":"3 minutes"},"schema":{"@context":"https:\/\/schema.org","@graph":[{"@type":"WebPage","@id":"https:\/\/talkpal.ai\/lv\/latviesu-valodas-gramatikas-vingrinajumi\/","url":"https:\/\/talkpal.ai\/lv\/latviesu-valodas-gramatikas-vingrinajumi\/","name":"Latvie\u0161u valodas gramatikas vingrin\u0101jumi - Talkpal","isPartOf":{"@id":"https:\/\/talkpal.ai\/lv\/#website"},"primaryImageOfPage":{"@id":"https:\/\/talkpal.ai\/lv\/latviesu-valodas-gramatikas-vingrinajumi\/#primaryimage"},"image":{"@id":"https:\/\/talkpal.ai\/lv\/latviesu-valodas-gramatikas-vingrinajumi\/#primaryimage"},"thumbnailUrl":"https:\/\/talkpal.ai\/wp-content\/uploads\/2023\/05\/latvia.png","datePublished":"2023-06-22T08:07:24+00:00","dateModified":"2025-12-17T15:51:13+00:00","description":"Pilnveidojiet savu latvie\u0161u valodas gramatiku, iesaistoties Talkpal vingrin\u0101jumiem - uzlabojiet precizit\u0101ti un uzlabojiet prasmes, izmantojot interakt\u012bvas m\u0101ksl\u012bg\u0101 intelekta nodarb\u012bbas.","breadcrumb":{"@id":"https:\/\/talkpal.ai\/lv\/latviesu-valodas-gramatikas-vingrinajumi\/#breadcrumb"},"inLanguage":"lv-LV","potentialAction":[{"@type":"ReadAction","target":["https:\/\/talkpal.ai\/lv\/latviesu-valodas-gramatikas-vingrinajumi\/"]}]},{"@type":"ImageObject","inLanguage":"lv-LV","@id":"https:\/\/talkpal.ai\/lv\/latviesu-valodas-gramatikas-vingrinajumi\/#primaryimage","url":"https:\/\/talkpal.ai\/wp-content\/uploads\/2023\/05\/latvia.png","contentUrl":"https:\/\/talkpal.ai\/wp-content\/uploads\/2023\/05\/latvia.png","width":512,"height":512},{"@type":"BreadcrumbList","@id":"https:\/\/talkpal.ai\/lv\/latviesu-valodas-gramatikas-vingrinajumi\/#breadcrumb","itemListElement":[{"@type":"ListItem","position":1,"name":"Homepage","item":"https:\/\/talkpal.ai\/lv\/"},{"@type":"ListItem","position":2,"name":"Latvie\u0161u valodas gramatikas vingrin\u0101jumi"}]},{"@type":"WebSite","@id":"https:\/\/talkpal.ai\/lv\/#website","url":"https:\/\/talkpal.ai\/lv\/","name":"Talkpal","description":"AI Language Learning","publisher":{"@id":"https:\/\/talkpal.ai\/lv\/#organization"},"alternateName":"Talkpal AI","potentialAction":[{"@type":"SearchAction","target":{"@type":"EntryPoint","urlTemplate":"https:\/\/talkpal.ai\/lv\/?s={search_term_string}"},"query-input":{"@type":"PropertyValueSpecification","valueRequired":true,"valueName":"search_term_string"}}],"inLanguage":"lv-LV"},{"@type":"Organization","@id":"https:\/\/talkpal.ai\/lv\/#organization","name":"Talkpal, Inc.","alternateName":"Talkpal AI","url":"https:\/\/talkpal.ai\/lv\/","logo":{"@type":"ImageObject","inLanguage":"lv-LV","@id":"https:\/\/talkpal.ai\/lv\/#\/schema\/logo\/image\/","url":"https:\/\/talkpal.ai\/wp-content\/uploads\/2024\/03\/Talkpal-Logo-Icon.png","contentUrl":"https:\/\/talkpal.ai\/wp-content\/uploads\/2024\/03\/Talkpal-Logo-Icon.png","width":2880,"height":2880,"caption":"Talkpal, Inc."},"image":{"@id":"https:\/\/talkpal.ai\/lv\/#\/schema\/logo\/image\/"},"sameAs":["https:\/\/www.facebook.com\/profile.php?id=100090733639311","https:\/\/x.com\/talkpalai","https:\/\/www.linkedin.com\/company\/talkpal\/","https:\/\/www.youtube.com\/@TalkPal\/","https:\/\/www.tiktok.com\/@talkpal","https:\/\/www.instagram.com\/talkpal_ai\/","https:\/\/www.crunchbase.com\/organization\/talkpal-9cde","https:\/\/www.g2.com\/products\/talkpal-for-business\/","https:\/\/www.trustpilot.com\/review\/talkpal.ai","https:\/\/www.capterra.com\/p\/10006800\/TalkPal\/"],"description":"Talkpal is a language learning web and mobile education app, powered by the latest AI technologies, that provides engaging experiences to its customers in many different languages to help them improve their language skills. Users can chat about unlimited amount of topics with the app and use other modes to practice their language learning.","email":"support@talkpal.ai","legalName":"Talkpal, Inc.","foundingDate":"2023-04-03","duns":"118989042","numberOfEmployees":{"@type":"QuantitativeValue","minValue":"11","maxValue":"50"},"publishingPrinciples":"https:\/\/talkpal.ai\/publishing-principles\/","actionableFeedbackPolicy":"https:\/\/talkpal.ai\/actionable-feedback-policy\/","correctionsPolicy":"https:\/\/talkpal.ai\/corrections-policy\/","ethicsPolicy":"https:\/\/talkpal.ai\/ethics-policy\/","diversityPolicy":"https:\/\/talkpal.ai\/diversity-policy\/","diversityStaffingReport":"https:\/\/talkpal.ai\/diversity-policy\/"}]}},"_links":{"self":[{"href":"https:\/\/talkpal.ai\/lv\/wp-json\/wp\/v2\/pages\/75089","targetHints":{"allow":["GET"]}}],"collection":[{"href":"https:\/\/talkpal.ai\/lv\/wp-json\/wp\/v2\/pages"}],"about":[{"href":"https:\/\/talkpal.ai\/lv\/wp-json\/wp\/v2\/types\/page"}],"author":[{"embeddable":true,"href":"https:\/\/talkpal.ai\/lv\/wp-json\/wp\/v2\/users\/6"}],"replies":[{"embeddable":true,"href":"https:\/\/talkpal.ai\/lv\/wp-json\/wp\/v2\/comments?post=75089"}],"version-history":[{"count":0,"href":"https:\/\/talkpal.ai\/lv\/wp-json\/wp\/v2\/pages\/75089\/revisions"}],"wp:featuredmedia":[{"embeddable":true,"href":"https:\/\/talkpal.ai\/lv\/wp-json\/wp\/v2\/media\/64148"}],"wp:attachment":[{"href":"https:\/\/talkpal.ai\/lv\/wp-json\/wp\/v2\/media?parent=75089"}],"curies":[{"name":"wp","href":"https:\/\/api.w.org\/{rel}","templated":true}]}}