{"id":166866,"date":"2023-04-03T14:56:00","date_gmt":"2023-04-03T14:56:00","guid":{"rendered":"http:\/\/talkpal.ai\/par\/"},"modified":"2026-03-06T16:33:04","modified_gmt":"2026-03-06T16:33:04","slug":"par","status":"publish","type":"page","link":"https:\/\/talkpal.ai\/lv\/par\/","title":{"rendered":"Par"},"content":{"rendered":"\n<p id=\"h-\"><a href=\"https:\/\/talkpal.ai\/ko\/ai-%ec%96%b8%ec%96%b4-%ea%b5%90%ec%82%ac\/\">Talkpal<\/a>, Inc. ir ar m\u0101ksl\u012bgo intelektu darbin\u0101ms valodu m\u0101c\u012b\u0161an\u0101s uz\u0146\u0113mums, kura m\u0113r\u0137is ir padar\u012bt jebkuru valodu pieejamu ikvienam un visur. Talkpal izstr\u0101d\u0101 vienu no pasaul\u0113 modern\u0101kaj\u0101m <a href=\"https:\/\/talkpal.ai\/lv\/valodu-apguve-ar-maksligo-intelektu\/\">m\u0101ksl\u012bg\u0101 intelekta<\/a> <a href=\"https:\/\/talkpal.ai\/what-language-is-spoken-on-the-international-space-station\/\">valodas<\/a> pasniedz\u0113ju platform\u0101m, kas pal\u012bdz miljoniem skol\u0113nu p\u0101rliecino\u0161i praktiz\u0113t re\u0101las sarunas.<\/p>\n\n<p>2023. gad\u0101 dibin\u0101tais Talkpal tika balst\u012bts uz vienk\u0101r\u0161u, bet sp\u0113c\u012bgu p\u0101rliec\u012bbu: <a href=\"https:\/\/talkpal.ai\/lv\/bezmaksas-lietotne-valodu-apguvei\/\">valodu apguvei<\/a> nevajadz\u0113tu b\u016bt privil\u0113\u0123ijai, un <a href=\"https:\/\/talkpal.ai\/learn-thai\/\">tai<\/a> j\u0101b\u016bt pieejamai ikvienam. Apvienojot progres\u012bvu m\u0101ksl\u012bgo intelektu ar lingvistisko pieredzi un p\u0113tniec\u012bbu, Talkpal nov\u0113r\u0161 tradicion\u0101los \u0161\u0137\u0113r\u0161\u013cus, piem\u0113ram, izmaksas, laiku un bailes run\u0101t, aizst\u0101jot tos ar personaliz\u0113tu, bezspiediena praksi, kas pieejama 24 stundas diennakt\u012b, 7 dienas ned\u0113\u013c\u0101, 7 dienas ned\u0113\u013c\u0101, izmantojot vair\u0101kas platformas.<\/p>\n\n<p>\u0160odien Talkpal atbalsta vair\u0101k nek\u0101 80 valodas, apkalpo miljoniem skol\u0113nu vair\u0101k nek\u0101 180 valst\u012bs un ir pieejams t\u012bmekl\u012b, <a href=\"https:\/\/talkpal.ai\/es\/descargar-la-aplicacion-talkpal-para-android-e-ios\/\">iOS<\/a> un <a href=\"https:\/\/talkpal.ai\/es\/descargar-la-aplicacion-talkpal-para-android-e-ios\/\">Android<\/a>.<\/p>\n\n<h2 class=\"wp-block-heading\" id=\"h-our-mission\">M\u016bsu misija<\/h2>\n\n<p>M\u016bsu misija ir revolucioniz\u0113t valodu apguvi, nodro\u0161inot saisto\u0161u, interakt\u012bvu un personaliz\u0113tu ar m\u0101ksl\u012bgo intelektu darbin\u0101mu valodas apm\u0101c\u012bbu pieredzi.<br\/><br\/>M\u0113s cen\u0161amies nojaukt valodas barjeras, veicin\u0101t glob\u0101lus sakarus un att\u012bst\u012bt kaisl\u012bgu izgl\u012btojamo kopienu, dodot vi\u0146iem iesp\u0113ju p\u0101rliecino\u0161i un teko\u0161i sazin\u0101ties izv\u0113l\u0113taj\u0101 valod\u0101.<\/p>\n\n<h2 class=\"wp-block-heading\" id=\"h-our-vision\">M\u016bsu v\u012bzija<\/h2>\n\n<p>M\u016bsu v\u012bzija ir k\u013c\u016bt par pasaul\u0113 vado\u0161o m\u0101ksl\u012bg\u0101 intelekta valodas pasniedz\u0113ju, kas p\u0101rveido veidu, k\u0101 cilv\u0113ki m\u0101c\u0101s valodas, izmantojot aizraujo\u0161as, kontekst\u0101 balst\u012btas sarunas un adapt\u012bvas m\u0101c\u012bbu tehnolo\u0123ijas.<br\/><br\/>M\u016bsu m\u0113r\u0137is ir iedvesmot un veicin\u0101t m\u012blest\u012bbu pret valodu apguvi, veicin\u0101t kult\u016bras apmai\u0146u un p\u0101rvar\u0113t komunik\u0101cijas plaisu p\u0101ri robe\u017e\u0101m, galu gal\u0101 veidojot savienot\u0101ku un saproto\u0161\u0101ku pasauli.<\/p>\n\n<h2 class=\"wp-block-heading\" id=\"h-our-story\">M\u016bsu st\u0101sts<\/h2>\n\n<p>Uz\u0146\u0113mumu Talkpal dibin\u0101ja Deivids Ge\u010dkori (att\u0113l\u0101 pa kreisi) un Dimitrijs Dekanozi\u0161vili (att\u0113l\u0101 pa labi), kurus vienoja neapmierin\u0101t\u012bba ar tradicion\u0101laj\u0101m valodu apguves metod\u0113m, kas bie\u017ei vien nesp\u0113j sagatavot skol\u0113nus re\u0101lai run\u0101\u0161anai.<\/p>\n\n<div class=\"wp-block-columns is-layout-flex wp-container-core-columns-is-layout-9d6595d7 wp-block-columns-is-layout-flex\">\n<div class=\"wp-block-column is-layout-flow wp-block-column-is-layout-flow\" style=\"flex-basis:50%\"><div class=\"wp-block-image\">\n<figure class=\"alignleft size-large\"><img decoding=\"async\" width=\"1024\" height=\"683\" src=\"https:\/\/talkpal.ai\/wp-content\/uploads\/2025\/12\/Talkpal-Entrepreneur-1024x683.jpg\" alt=\"\" class=\"wp-image-1557444\" style=\"aspect-ratio:1.4992888417882142\" srcset=\"https:\/\/talkpal.ai\/wp-content\/uploads\/2025\/12\/Talkpal-Entrepreneur-1024x683.jpg 1024w, https:\/\/talkpal.ai\/wp-content\/uploads\/2025\/12\/Talkpal-Entrepreneur-300x200.jpg 300w, https:\/\/talkpal.ai\/wp-content\/uploads\/2025\/12\/Talkpal-Entrepreneur-768x512.jpg 768w, https:\/\/talkpal.ai\/wp-content\/uploads\/2025\/12\/Talkpal-Entrepreneur.jpg 1344w\" sizes=\"(max-width: 1024px) 100vw, 1024px\" \/><\/figure>\n<\/div><\/div>\n\n\n\n<div class=\"wp-block-column is-layout-flow wp-block-column-is-layout-flow\" style=\"flex-basis:50%\">\n<p>Jau no pa\u0161a s\u0101kuma m\u0113r\u0137is bija skaidrs: izveidot m\u0101ksl\u012bg\u0101 intelekta valodas pal\u012bgu, kas maz\u0101k atg\u0101dina m\u0101c\u012bbu gr\u0101matu, bet vair\u0101k atbalsta sarunu partneri. Nosaukums &#8220;Talkpal&#8221; atspogu\u013co \u0161o filozofiju &#8211; tas ir draudz\u012bgs, vienm\u0113r pieejams pal\u012bgs, kas mudina skol\u0113nus praktiz\u0113t run\u0101\u0161anu, nebaidoties no sprieduma.<\/p>\n\n\n\n<p>S\u0101kot k\u0101 t\u012bmek\u013ca vietnes produktu, Talkpal \u0101tri vien papla\u0161in\u0101j\u0101s, iek\u013caujot ar\u012b mobil\u0101s platformas, un pulc\u0113ja glob\u0101lu m\u0101ksl\u012bg\u0101 intelekta in\u017eenieru, lingvistu, pasniedz\u0113ju, m\u0101rketinga speci\u0101listu un produktu dizaineru komandu. Nep\u0101rtraukti veicot iter\u0101cijas, p\u0113t\u012bjumus un sniedzot lietot\u0101ju atsauksmes, Talkpal ir k\u013cuvis par visaptvero\u0161u m\u0101ksl\u012bg\u0101 intelekta valodas apguves platformu, kurai uzticas miljoniem lietot\u0101ju vis\u0101 pasaul\u0113.<\/p>\n<\/div>\n<\/div>\n\n<h2 class=\"wp-block-heading\" id=\"h-what-we-do\">Ko m\u0113s dar\u0101m<\/h2>\n\n<p>Talkpal nodro\u0161ina m\u0101ksl\u012bg\u0101 intelekta darbin\u0101mu teksta un balss m\u0101c\u012b\u0161an\u0101s pieredzi, kas izstr\u0101d\u0101ta, lai simul\u0113tu re\u0101lu cilv\u0113ku mijiedarb\u012bbu. M\u016bsu platforma dinamiski piel\u0101gojas katra audz\u0113k\u0146a l\u012bmenim, m\u0113r\u0137iem un m\u0101c\u012b\u0161an\u0101s stilam.<\/p>\n\n<p>Galven\u0101s iesp\u0113jas:<\/p>\n\n<ul class=\"wp-block-list\">\n<li>Dabisk\u0101s AI sarunas run\u0101\u0161anas praksei<\/li>\n\n\n\n<li>Re\u0101llaika atgriezenisk\u0101 saite par izrunu, gramatiku un teko\u0161u valodas lietojumu.<\/li>\n\n\n\n<li>Atbalsts ies\u0101c\u0113jiem un pieredz\u0113ju\u0161iem studentiem<\/li>\n\n\n\n<li>Nodarb\u012bbas vair\u0101k nek\u0101 80 pasaules valod\u0101s, tostarp ang\u013cu, sp\u0101\u0146u, v\u0101cu, fran\u010du, it\u0101\u013cu, jap\u0101\u0146u, \u0137\u012bnie\u0161u, korejie\u0161u, ar\u0101bu, holandie\u0161u, portug\u0101\u013cu, zviedru, ivrit\u0101, grie\u0137u, turku, somu un afrikandu, alb\u0101\u0146u, arm\u0113\u0146u, asamie\u0161u, azerbaid\u017e\u0101\u0146u, basku, baltkrievu, beng\u0101\u013cu, bosnie\u0161u, bulg\u0101ru, bulg\u0101ru, birmie\u0161u, kantonie\u0161u, katal\u0101\u0146u, horv\u0101tu, \u010dehu, d\u0101\u0146u, igau\u0146u, galisie\u0161u, gruz\u012bnu, gud\u017earati, hindi, \u010dehu, katal\u0101\u0146u, igau\u0146u, hindi, ung\u0101ru, islandie\u0161u, indon\u0113zie\u0161u, \u012bru, indon\u0113zie\u0161u, \u012bru, javie\u0161u, kannadu, kazahu, khmeru, lao, latvie\u0161u, lietuvie\u0161u, ma\u0137edonie\u0161u, malajie\u0161u, malajie\u0161u, malajie\u0161u, maltie\u0161u, maltie\u0161u, maoru, marati, mongo\u013cu, nep\u0101lie\u0161u, norv\u0113\u0123u, norv\u0113\u0123u, odie\u0161u, pu\u0161tu, persie\u0161u, po\u013cu, pend\u017eabi, rum\u0101\u0146u, krievu, serbu, sinhala, slov\u0101ku, slov\u0113\u0146u, som\u0101\u013cu, svahili, tagalogu, tamilu, te\u013cugu, taizemie\u0161u, ukrai\u0146u, urdu, uzbeku, vjetnamie\u0161u, velsie\u0161u, v\u0101cbalie\u0161u, zulu un citas<\/li>\n\n\n\n<li>Freemium modelis ar elast\u012bgiem abon\u0113\u0161anas pl\u0101niem<\/li>\n\n\n\n<li>Specializ\u0113ti uz\u0146\u0113mumu risin\u0101jumi universit\u0101t\u0113m, valodu skol\u0101m, uz\u0146\u0113mumiem un cit\u0101m organiz\u0101cij\u0101m.<\/li>\n<\/ul>\n\n<p>M\u016bsu saturs un sist\u0113mas tiek izstr\u0101d\u0101tas sadarb\u012bb\u0101 ar valodu ekspertiem un m\u0101ksl\u012bg\u0101 intelekta p\u0113tniekiem, nodro\u0161inot gan pedago\u0123isko pamatot\u012bbu, gan tehnisko izcil\u012bbu.<\/p>\n\n<h2 class=\"wp-block-heading\" id=\"h-research-backed-learning\">P\u0113t\u012bjumos balst\u012bta m\u0101c\u012b\u0161an\u0101s<\/h2>\n\n<p>Talkpal efektivit\u0101te ir p\u0101rbaud\u012bta vair\u0101kos akad\u0113miskos p\u0113t\u012bjumos, \u012bpa\u0161i ESL un EFL kontekst\u0101. P\u0113t\u012bjumi liecina, ka, izmantojot t\u0101dus uz m\u0101ksl\u012bgo intelektu balst\u012btus sarunu r\u012bkus k\u0101 Talkpal, statistiski noz\u012bm\u012bgi uzlabojas skol\u0113nu runas pl\u016bdums, izruna, gramatika un p\u0101rliec\u012bba par sevi.<\/p>\n\n<p>\u0160\u012b uz p\u0113t\u012bjumiem balst\u012bt\u0101 pieeja ir m\u016bsu ap\u0146em\u0161an\u0101s rad\u012bt ne tikai inovat\u012bvas tehnolo\u0123ijas, bet ar\u012b izm\u0113r\u0101mi efekt\u012bvu valodu apguves pieredzi.<\/p>\n\n<h2 class=\"wp-block-heading\" id=\"h-trusted-by-learners-worldwide\">Uzticas skol\u0113ni vis\u0101 pasaul\u0113<\/h2>\n\n<p>Programmai Talkpal uzticas miljoniem lietot\u0101ju vis\u0101 pasaul\u0113, un t\u0101 past\u0101v\u012bgi sa\u0146em augstus v\u0113rt\u0113jumus lietot\u0146u veikalos un atsauksmju platform\u0101s. Izgl\u012btojamie bie\u017ei uzsver:<\/p>\n\n<ul class=\"wp-block-list\">\n<li>Vide, kur\u0101 nav spiediena uz run\u0101\u0161anas praksi<\/li>\n\n\n\n<li>T\u016bl\u012bt\u0113ja, izmantojama atgriezenisk\u0101 saite<\/li>\n\n\n\n<li>Elast\u012bba m\u0101c\u012bties jebkur\u0101 laik\u0101 un jebkur\u0101 viet\u0101<\/li>\n\n\n\n<li>Iesp\u0113ja praktiz\u0113ties bez cilv\u0113ka valodas partnera.<\/li>\n<\/ul>\n\n<h2 class=\"wp-block-heading\" id=\"h-our-commitment\">M\u016bsu ap\u0146em\u0161an\u0101s<\/h2>\n\n<p>Uz\u0146\u0113mum\u0101 Talkpal m\u0113s esam ap\u0146\u0113mu\u0161ies:<\/p>\n\n<ul class=\"wp-block-list\">\n<li><strong>Inov\u0101cijas &#8211;<\/strong> nep\u0101rtraukta att\u012bst\u012bba m\u0101ksl\u012bg\u0101 intelekta un izgl\u012bt\u012bbas tehnolo\u0123iju jom\u0101.<\/li>\n\n\n\n<li><strong>Kvalit\u0101te &#8211;<\/strong> p\u0113t\u012bjumos balst\u012bta m\u0101c\u012bbu pieredze<\/li>\n\n\n\n<li><strong>Pieejam\u012bba &#8211;<\/strong> visiem pieejama un iek\u013caujo\u0161a valodu apguve par pie\u0146emamu cenu<\/li>\n\n\n\n<li><strong>Glob\u0101la ietekme &#8211;<\/strong> komunik\u0101cijas veicin\u0101\u0161ana starp kult\u016br\u0101m<\/li>\n<\/ul>\n\n<p>M\u0113s uzskat\u0101m, ka valodai ir sp\u0113ja main\u012bt dz\u012bvi, un, izmantojot m\u0101ksl\u012bgo intelektu, \u0161\u012b sp\u0113ja var sasniegt ikvienu.<\/p>\n\n<p><\/p>\n","protected":false},"excerpt":{"rendered":"<p>Talkpal, Inc. ir ar m\u0101ksl\u012bgo intelektu darbin\u0101ms valodu m\u0101c\u012b\u0161an\u0101s uz\u0146\u0113mums, kura m\u0113r\u0137is ir padar\u012bt jebkuru valodu pieejamu ikvienam un visur. Talkpal izstr\u0101d\u0101 vienu no pasaul\u0113 modern\u0101kaj\u0101m m\u0101ksl\u012bg\u0101 intelekta valodas pasniedz\u0113ju platform\u0101m, kas pal\u012bdz miljoniem skol\u0113nu p\u0101rliecino\u0161i praktiz\u0113t re\u0101las sarunas. 2023. gad\u0101 dibin\u0101tais Talkpal tika balst\u012bts uz vienk\u0101r\u0161u, bet sp\u0113c\u012bgu p\u0101rliec\u012bbu: valodu apguvei nevajadz\u0113tu b\u016bt privil\u0113\u0123ijai, [&hellip;]<\/p>\n","protected":false},"author":1,"featured_media":197966,"parent":0,"menu_order":0,"comment_status":"closed","ping_status":"closed","template":"","meta":{"_acf_changed":false,"footnotes":""},"class_list":["post-166866","page","type-page","status-publish","has-post-thumbnail","hentry"],"acf":[],"yoast_head":"<!-- This site is optimized with the Yoast SEO Premium plugin v27.2 (Yoast SEO v27.2) - https:\/\/yoast.com\/product\/yoast-seo-premium-wordpress\/ -->\n<title>Par - Talkpal<\/title>\n<meta name=\"description\" content=\"Talkpal ir GPT darbin\u0101ts AI valodu pasniedz\u0113js, kas tika dibin\u0101ts ar p\u0101rliec\u012bbu, ka valodu apguvei j\u0101b\u016bt pieejamai ikvienam.\" \/>\n<meta name=\"robots\" content=\"index, follow, max-snippet:-1, max-image-preview:large, max-video-preview:-1\" \/>\n<link rel=\"canonical\" href=\"https:\/\/talkpal.ai\/lv\/par\/\" \/>\n<meta property=\"og:locale\" content=\"lv_LV\" \/>\n<meta property=\"og:type\" content=\"article\" \/>\n<meta property=\"og:title\" content=\"Par\" \/>\n<meta property=\"og:description\" content=\"Talkpal, Inc. ir ar m\u0101ksl\u012bgo intelektu darbin\u0101ms valodu m\u0101c\u012b\u0161an\u0101s uz\u0146\u0113mums, kura m\u0113r\u0137is ir padar\u012bt jebkuru valodu pieejamu ikvienam un visur. Talkpal\" \/>\n<meta property=\"og:url\" content=\"https:\/\/talkpal.ai\/lv\/par\/\" \/>\n<meta property=\"og:site_name\" content=\"Talkpal\" \/>\n<meta property=\"article:publisher\" content=\"https:\/\/www.facebook.com\/profile.php?id=100090733639311\" \/>\n<meta property=\"article:modified_time\" content=\"2026-03-06T16:33:04+00:00\" \/>\n<meta property=\"og:image\" content=\"https:\/\/talkpal.ai\/wp-content\/uploads\/2024\/03\/Talkpal-Logo-Icon.png\" \/>\n\t<meta property=\"og:image:width\" content=\"5000\" \/>\n\t<meta property=\"og:image:height\" content=\"5000\" \/>\n\t<meta property=\"og:image:type\" content=\"image\/png\" \/>\n<meta name=\"twitter:card\" content=\"summary_large_image\" \/>\n<meta name=\"twitter:site\" content=\"@talkpalai\" \/>\n<meta name=\"twitter:label1\" content=\"Est. reading time\" \/>\n\t<meta name=\"twitter:data1\" content=\"6 minutes\" \/>\n<script type=\"application\/ld+json\" class=\"yoast-schema-graph\">{\"@context\":\"https:\/\/schema.org\",\"@graph\":[{\"@type\":\"WebPage\",\"@id\":\"https:\/\/talkpal.ai\/lv\/par\/\",\"url\":\"https:\/\/talkpal.ai\/lv\/par\/\",\"name\":\"Par - Talkpal\",\"isPartOf\":{\"@id\":\"https:\/\/talkpal.ai\/lv\/#website\"},\"primaryImageOfPage\":{\"@id\":\"https:\/\/talkpal.ai\/lv\/par\/#primaryimage\"},\"image\":{\"@id\":\"https:\/\/talkpal.ai\/lv\/par\/#primaryimage\"},\"thumbnailUrl\":\"https:\/\/talkpal.ai\/wp-content\/uploads\/2024\/03\/Talkpal-Logo-Icon.png\",\"datePublished\":\"2023-04-03T14:56:00+00:00\",\"dateModified\":\"2026-03-06T16:33:04+00:00\",\"description\":\"Talkpal ir GPT darbin\u0101ts AI valodu pasniedz\u0113js, kas tika dibin\u0101ts ar p\u0101rliec\u012bbu, ka valodu apguvei j\u0101b\u016bt pieejamai ikvienam.\",\"breadcrumb\":{\"@id\":\"https:\/\/talkpal.ai\/lv\/par\/#breadcrumb\"},\"inLanguage\":\"lv-LV\",\"potentialAction\":[{\"@type\":\"ReadAction\",\"target\":[\"https:\/\/talkpal.ai\/lv\/par\/\"]}]},{\"@type\":\"ImageObject\",\"inLanguage\":\"lv-LV\",\"@id\":\"https:\/\/talkpal.ai\/lv\/par\/#primaryimage\",\"url\":\"https:\/\/talkpal.ai\/wp-content\/uploads\/2024\/03\/Talkpal-Logo-Icon.png\",\"contentUrl\":\"https:\/\/talkpal.ai\/wp-content\/uploads\/2024\/03\/Talkpal-Logo-Icon.png\",\"width\":5000,\"height\":5000,\"caption\":\"talkpal logo\"},{\"@type\":\"BreadcrumbList\",\"@id\":\"https:\/\/talkpal.ai\/lv\/par\/#breadcrumb\",\"itemListElement\":[{\"@type\":\"ListItem\",\"position\":1,\"name\":\"Homepage\",\"item\":\"https:\/\/talkpal.ai\/lv\/\"},{\"@type\":\"ListItem\",\"position\":2,\"name\":\"Par\"}]},{\"@type\":\"WebSite\",\"@id\":\"https:\/\/talkpal.ai\/lv\/#website\",\"url\":\"https:\/\/talkpal.ai\/lv\/\",\"name\":\"Talkpal\",\"description\":\"AI Language Learning\",\"publisher\":{\"@id\":\"https:\/\/talkpal.ai\/lv\/#organization\"},\"alternateName\":\"Talkpal AI\",\"potentialAction\":[{\"@type\":\"SearchAction\",\"target\":{\"@type\":\"EntryPoint\",\"urlTemplate\":\"https:\/\/talkpal.ai\/lv\/?s={search_term_string}\"},\"query-input\":{\"@type\":\"PropertyValueSpecification\",\"valueRequired\":true,\"valueName\":\"search_term_string\"}}],\"inLanguage\":\"lv-LV\"},{\"@type\":\"Organization\",\"@id\":\"https:\/\/talkpal.ai\/lv\/#organization\",\"name\":\"Talkpal, Inc.\",\"alternateName\":\"Talkpal AI\",\"url\":\"https:\/\/talkpal.ai\/lv\/\",\"logo\":{\"@type\":\"ImageObject\",\"inLanguage\":\"lv-LV\",\"@id\":\"https:\/\/talkpal.ai\/lv\/#\/schema\/logo\/image\/\",\"url\":\"https:\/\/talkpal.ai\/wp-content\/uploads\/2024\/03\/Talkpal-Logo-Icon.png\",\"contentUrl\":\"https:\/\/talkpal.ai\/wp-content\/uploads\/2024\/03\/Talkpal-Logo-Icon.png\",\"width\":2880,\"height\":2880,\"caption\":\"Talkpal, Inc.\"},\"image\":{\"@id\":\"https:\/\/talkpal.ai\/lv\/#\/schema\/logo\/image\/\"},\"sameAs\":[\"https:\/\/www.facebook.com\/profile.php?id=100090733639311\",\"https:\/\/x.com\/talkpalai\",\"https:\/\/www.linkedin.com\/company\/talkpal\/\",\"https:\/\/www.youtube.com\/@TalkPal\/\",\"https:\/\/www.tiktok.com\/@talkpal\",\"https:\/\/www.instagram.com\/talkpal_ai\/\",\"https:\/\/www.crunchbase.com\/organization\/talkpal-9cde\",\"https:\/\/www.g2.com\/products\/talkpal-for-business\/\",\"https:\/\/www.trustpilot.com\/review\/talkpal.ai\",\"https:\/\/www.capterra.com\/p\/10006800\/TalkPal\/\"],\"description\":\"Talkpal is a language learning web and mobile education app, powered by the latest AI technologies, that provides engaging experiences to its customers in many different languages to help them improve their language skills. Users can chat about unlimited amount of topics with the app and use other modes to practice their language learning.\",\"email\":\"support@talkpal.ai\",\"legalName\":\"Talkpal, Inc.\",\"foundingDate\":\"2023-04-03\",\"duns\":\"118989042\",\"numberOfEmployees\":{\"@type\":\"QuantitativeValue\",\"minValue\":\"11\",\"maxValue\":\"50\"},\"publishingPrinciples\":\"https:\/\/talkpal.ai\/publishing-principles\/\",\"actionableFeedbackPolicy\":\"https:\/\/talkpal.ai\/actionable-feedback-policy\/\",\"correctionsPolicy\":\"https:\/\/talkpal.ai\/corrections-policy\/\",\"ethicsPolicy\":\"https:\/\/talkpal.ai\/ethics-policy\/\",\"diversityPolicy\":\"https:\/\/talkpal.ai\/diversity-policy\/\",\"diversityStaffingReport\":\"https:\/\/talkpal.ai\/diversity-policy\/\"}]}<\/script>\n<!-- \/ Yoast SEO Premium plugin. -->","yoast_head_json":{"title":"Par - Talkpal","description":"Talkpal ir GPT darbin\u0101ts AI valodu pasniedz\u0113js, kas tika dibin\u0101ts ar p\u0101rliec\u012bbu, ka valodu apguvei j\u0101b\u016bt pieejamai ikvienam.","robots":{"index":"index","follow":"follow","max-snippet":"max-snippet:-1","max-image-preview":"max-image-preview:large","max-video-preview":"max-video-preview:-1"},"canonical":"https:\/\/talkpal.ai\/lv\/par\/","og_locale":"lv_LV","og_type":"article","og_title":"Par","og_description":"Talkpal, Inc. ir ar m\u0101ksl\u012bgo intelektu darbin\u0101ms valodu m\u0101c\u012b\u0161an\u0101s uz\u0146\u0113mums, kura m\u0113r\u0137is ir padar\u012bt jebkuru valodu pieejamu ikvienam un visur. Talkpal","og_url":"https:\/\/talkpal.ai\/lv\/par\/","og_site_name":"Talkpal","article_publisher":"https:\/\/www.facebook.com\/profile.php?id=100090733639311","article_modified_time":"2026-03-06T16:33:04+00:00","og_image":[{"width":5000,"height":5000,"url":"https:\/\/talkpal.ai\/wp-content\/uploads\/2024\/03\/Talkpal-Logo-Icon.png","type":"image\/png"}],"twitter_card":"summary_large_image","twitter_site":"@talkpalai","twitter_misc":{"Est. reading time":"6 minutes"},"schema":{"@context":"https:\/\/schema.org","@graph":[{"@type":"WebPage","@id":"https:\/\/talkpal.ai\/lv\/par\/","url":"https:\/\/talkpal.ai\/lv\/par\/","name":"Par - Talkpal","isPartOf":{"@id":"https:\/\/talkpal.ai\/lv\/#website"},"primaryImageOfPage":{"@id":"https:\/\/talkpal.ai\/lv\/par\/#primaryimage"},"image":{"@id":"https:\/\/talkpal.ai\/lv\/par\/#primaryimage"},"thumbnailUrl":"https:\/\/talkpal.ai\/wp-content\/uploads\/2024\/03\/Talkpal-Logo-Icon.png","datePublished":"2023-04-03T14:56:00+00:00","dateModified":"2026-03-06T16:33:04+00:00","description":"Talkpal ir GPT darbin\u0101ts AI valodu pasniedz\u0113js, kas tika dibin\u0101ts ar p\u0101rliec\u012bbu, ka valodu apguvei j\u0101b\u016bt pieejamai ikvienam.","breadcrumb":{"@id":"https:\/\/talkpal.ai\/lv\/par\/#breadcrumb"},"inLanguage":"lv-LV","potentialAction":[{"@type":"ReadAction","target":["https:\/\/talkpal.ai\/lv\/par\/"]}]},{"@type":"ImageObject","inLanguage":"lv-LV","@id":"https:\/\/talkpal.ai\/lv\/par\/#primaryimage","url":"https:\/\/talkpal.ai\/wp-content\/uploads\/2024\/03\/Talkpal-Logo-Icon.png","contentUrl":"https:\/\/talkpal.ai\/wp-content\/uploads\/2024\/03\/Talkpal-Logo-Icon.png","width":5000,"height":5000,"caption":"talkpal logo"},{"@type":"BreadcrumbList","@id":"https:\/\/talkpal.ai\/lv\/par\/#breadcrumb","itemListElement":[{"@type":"ListItem","position":1,"name":"Homepage","item":"https:\/\/talkpal.ai\/lv\/"},{"@type":"ListItem","position":2,"name":"Par"}]},{"@type":"WebSite","@id":"https:\/\/talkpal.ai\/lv\/#website","url":"https:\/\/talkpal.ai\/lv\/","name":"Talkpal","description":"AI Language Learning","publisher":{"@id":"https:\/\/talkpal.ai\/lv\/#organization"},"alternateName":"Talkpal AI","potentialAction":[{"@type":"SearchAction","target":{"@type":"EntryPoint","urlTemplate":"https:\/\/talkpal.ai\/lv\/?s={search_term_string}"},"query-input":{"@type":"PropertyValueSpecification","valueRequired":true,"valueName":"search_term_string"}}],"inLanguage":"lv-LV"},{"@type":"Organization","@id":"https:\/\/talkpal.ai\/lv\/#organization","name":"Talkpal, Inc.","alternateName":"Talkpal AI","url":"https:\/\/talkpal.ai\/lv\/","logo":{"@type":"ImageObject","inLanguage":"lv-LV","@id":"https:\/\/talkpal.ai\/lv\/#\/schema\/logo\/image\/","url":"https:\/\/talkpal.ai\/wp-content\/uploads\/2024\/03\/Talkpal-Logo-Icon.png","contentUrl":"https:\/\/talkpal.ai\/wp-content\/uploads\/2024\/03\/Talkpal-Logo-Icon.png","width":2880,"height":2880,"caption":"Talkpal, Inc."},"image":{"@id":"https:\/\/talkpal.ai\/lv\/#\/schema\/logo\/image\/"},"sameAs":["https:\/\/www.facebook.com\/profile.php?id=100090733639311","https:\/\/x.com\/talkpalai","https:\/\/www.linkedin.com\/company\/talkpal\/","https:\/\/www.youtube.com\/@TalkPal\/","https:\/\/www.tiktok.com\/@talkpal","https:\/\/www.instagram.com\/talkpal_ai\/","https:\/\/www.crunchbase.com\/organization\/talkpal-9cde","https:\/\/www.g2.com\/products\/talkpal-for-business\/","https:\/\/www.trustpilot.com\/review\/talkpal.ai","https:\/\/www.capterra.com\/p\/10006800\/TalkPal\/"],"description":"Talkpal is a language learning web and mobile education app, powered by the latest AI technologies, that provides engaging experiences to its customers in many different languages to help them improve their language skills. Users can chat about unlimited amount of topics with the app and use other modes to practice their language learning.","email":"support@talkpal.ai","legalName":"Talkpal, Inc.","foundingDate":"2023-04-03","duns":"118989042","numberOfEmployees":{"@type":"QuantitativeValue","minValue":"11","maxValue":"50"},"publishingPrinciples":"https:\/\/talkpal.ai\/publishing-principles\/","actionableFeedbackPolicy":"https:\/\/talkpal.ai\/actionable-feedback-policy\/","correctionsPolicy":"https:\/\/talkpal.ai\/corrections-policy\/","ethicsPolicy":"https:\/\/talkpal.ai\/ethics-policy\/","diversityPolicy":"https:\/\/talkpal.ai\/diversity-policy\/","diversityStaffingReport":"https:\/\/talkpal.ai\/diversity-policy\/"}]}},"_links":{"self":[{"href":"https:\/\/talkpal.ai\/lv\/wp-json\/wp\/v2\/pages\/166866","targetHints":{"allow":["GET"]}}],"collection":[{"href":"https:\/\/talkpal.ai\/lv\/wp-json\/wp\/v2\/pages"}],"about":[{"href":"https:\/\/talkpal.ai\/lv\/wp-json\/wp\/v2\/types\/page"}],"author":[{"embeddable":true,"href":"https:\/\/talkpal.ai\/lv\/wp-json\/wp\/v2\/users\/1"}],"replies":[{"embeddable":true,"href":"https:\/\/talkpal.ai\/lv\/wp-json\/wp\/v2\/comments?post=166866"}],"version-history":[{"count":0,"href":"https:\/\/talkpal.ai\/lv\/wp-json\/wp\/v2\/pages\/166866\/revisions"}],"wp:featuredmedia":[{"embeddable":true,"href":"https:\/\/talkpal.ai\/lv\/wp-json\/wp\/v2\/media\/197966"}],"wp:attachment":[{"href":"https:\/\/talkpal.ai\/lv\/wp-json\/wp\/v2\/media?parent=166866"}],"curies":[{"name":"wp","href":"https:\/\/api.w.org\/{rel}","templated":true}]}}