{"id":166797,"date":"2023-06-16T10:58:35","date_gmt":"2023-06-16T10:58:35","guid":{"rendered":"http:\/\/talkpal.ai\/krievu-valodas-gramatikas-vingrinajumi\/"},"modified":"2025-12-17T16:24:03","modified_gmt":"2025-12-17T16:24:03","slug":"krievu-valodas-gramatikas-vingrinajumi","status":"publish","type":"page","link":"https:\/\/talkpal.ai\/lv\/krievu-valodas-gramatikas-vingrinajumi\/","title":{"rendered":"Krievu valodas gramatikas vingrin\u0101jumi"},"content":{"rendered":"\r\n\r\n\r\n<section class=\"languageChallengeSection\">\r\n    <div class=\"languageInfoWrapper\">\r\n        \r\n        <h1>Krievu valodas gramatikas vingrin\u0101jumi<\/h1>\r\n        <p>Vai esat gatavs nostiprin\u0101t savas <a href=\"https:\/\/talkpal.ai\/learn-russian\/\">krievu<\/a> <a href=\"https:\/\/talkpal.ai\/what-language-is-spoken-on-the-international-space-station\/\">valodas<\/a> prasmes? Viens no lab\u0101kajiem veidiem, k\u0101 apg\u016bt teikuma strukt\u016bru, darb\u012bbas v\u0101rdu loc\u012bjumus un krievu valodas unik\u0101los noteikumus, ir gramatikas vingrin\u0101jumu praktiz\u0113\u0161ana. S\u0101ciet p\u0113t\u012bt krievu valodas gramatiku jau \u0161odien un v\u0113rojiet, k\u0101 ar katru vingrin\u0101jumu pieaug j\u016bsu izpratne un valodas zin\u0101\u0161anas!<\/p>\r\n\r\n                            <a class=\"getStartedHidden\" href=\"https:\/\/app.talkpal.ai\/lv\/signup?lng=\">S\u0101c<\/a>\r\n        \r\n    <\/div>\r\n\r\n    <figure>\r\n    <img decoding=\"async\" width=\"768\" height=\"768\" src=\"https:\/\/talkpal.ai\/wp-content\/uploads\/2023\/06\/russian-768x768.png\" class=\"languageImage no-lazy\" alt=\"Language learning for multicultural understanding\" fetchpriority=\"high\" sizes=\"(max-width: 768px) 150px, 768px\" srcset=\"https:\/\/talkpal.ai\/wp-content\/uploads\/2023\/06\/russian-768x768.png 768w, https:\/\/talkpal.ai\/wp-content\/uploads\/2023\/06\/russian-300x300.png 300w\" \/>\r\n    \r\n\r\n    <\/figure>\r\n\r\n            <a class=\"getStartedVisible\" href=\"https:\/\/app.talkpal.ai\/lv\/signup?lng=\">S\u0101c<\/a>\r\n    \r\n<\/section>\r\n\r\n\r\n<!-- <section class=\"grammarSection\">\r\n    <div class=\"grammarLinks\">\r\n            <\/div>\r\n<\/section> -->\r\n\r\n\r\n\r\n\r\n<section class=\"promotionalBanner\">\r\n    <p class=\"promotionalText\">Visefekt\u012bv\u0101kais veids, k\u0101 apg\u016bt valodu<\/p>\r\n    <a class=\"promotionalLink\" href=\"https:\/\/app.talkpal.ai\/lv\/signup?lng=\">Izm\u0113\u0123iniet Talkpal bez maksas<\/a>\r\n<\/section>\n<div class=\"wp-block-group pageContainerStyle\"><div class=\"wp-block-group__inner-container is-layout-constrained wp-block-group-is-layout-constrained\">\n<h2 class=\"wp-block-heading\" id=\"h-russian-grammar-topics\">Krievu valodas gramatikas t\u0113mas<\/h2>\n\n\n\n<p>Krievu valodas apguve var b\u016bt neticami atalgojo\u0161a un intelektu\u0101li stimul\u0113jo\u0161a pieredze. Krievu valoda ir ne tikai bag\u0101ta ar v\u0101rdu kr\u0101jumu un izteiksm\u012bgu sp\u0113ku, bet ar\u012b nodro\u0161ina logu uz aizraujo\u0161o Krievijas un biju\u0161\u0101s Padomju Savien\u012bbas kult\u016bru, v\u0113sturi un literat\u016bru. Uzs\u0101kot krievu <a href=\"https:\/\/talkpal.ai\/lv\/portugalu-valodas-apguves-nodarbibas\/\">valodas apguves<\/a> ce\u013cojumu, ir svar\u012bgi iepaz\u012bties ar da\u017e\u0101d\u0101m gramatikas t\u0113m\u0101m, kas veidos j\u016bsu valodas prasmju pamatu. \u0160aj\u0101 rokasgr\u0101mat\u0101 m\u0113s sniegsim p\u0101rskatu par b\u016btisk\u0101m krievu valodas gramatikas t\u0113m\u0101m, ieskaitot laikus, darb\u012bbas v\u0101rdus, lietv\u0101rdus, rakstus, vietniekv\u0101rdus, \u012bpa\u0161\u012bbas v\u0101rdus, adverbus, priev\u0101rdus un teikuma strukt\u016bru. Apg\u016bstot \u0161os pamatprincipus, j\u016bs b\u016bsiet ce\u013c\u0101 uz krievu valodas prasmes sasnieg\u0161anu.<\/p>\n\n\n\n<h3 class=\"wp-block-heading\" id=\"h-1-nouns\">1. Lietv\u0101rdi:<\/h3>\n\n\n\n<p>S\u0101ciet ar krievu lietv\u0101rdu apguvi, jo tie ir valodas pamatelementi. Krievu lietv\u0101rdiem ir tr\u012bs dzimumi (v\u012bri\u0161\u0137ais, sievi\u0161\u0137ais un neitr\u0101ls) un se\u0161i gad\u012bjumi (nominat\u012bvs, \u0123enit\u012bvs, dat\u012bvs, akuzat\u012bvs, instrument\u0101ls un priev\u0101rds). Izpratne par dzimumu un lietu sist\u0113mu ir b\u016btiska, lai pareizi lietotu lietv\u0101rdus teikumos.<\/p>\n\n\n\n<h3 class=\"wp-block-heading\" id=\"h-2-pronouns\">2. Vietniekv\u0101rdi:<\/h3>\n\n\n\n<p>Kad esat iepazinu\u0161i lietv\u0101rdus, p\u0101rejiet uz vietniekv\u0101rdiem, kas aizst\u0101j lietv\u0101rdus teikumos, lai izvair\u012btos no atk\u0101rto\u0161an\u0101s. Ar\u012b vietniekv\u0101rdiem ir dzimtes un p\u0101ri, t\u0101p\u0113c ir svar\u012bgi apg\u016bt to formas un lietojumu.<\/p>\n\n\n\n<h3 class=\"wp-block-heading\" id=\"h-3-adjectives\">3. \u012apa\u0161\u012bbas v\u0101rdi:<\/h3>\n\n\n\n<p>\u012apa\u0161\u012bbas v\u0101rdi apraksta vai modific\u0113 lietv\u0101rdus un vietniekv\u0101rdus. Vi\u0146i piekr\u012bt lietv\u0101rdiem, kurus vi\u0146i maina dzimum\u0101, skait\u0101 un gad\u012bjum\u0101. Apg\u016bstiet \u012bpa\u0161\u012bbas v\u0101rdu da\u017e\u0101d\u0101s formas un galotnes, lai tos pareizi lietotu.<\/p>\n\n\n\n<h3 class=\"wp-block-heading\" id=\"h-4-verbs\">4. Darb\u012bbas v\u0101rdi:<\/h3>\n\n\n\n<p>Darb\u012bbas v\u0101rdi ir jebkura teikuma mugurkauls, jo tie izsaka darb\u012bbas, st\u0101vok\u013cus vai notikumus. Krievu valod\u0101 darb\u012bbas v\u0101rdiem ir divi aspekti (perfekts un nepiln\u012bgs) un konjug\u0113ts atbilsto\u0161i personai, skaitam un sasprindzin\u0101jumam. Iepaz\u012bstieties ar konjug\u0101cijas mode\u013ciem un aspektiem, lai izveidotu prec\u012bzas darb\u012bbas v\u0101rdu formas.<\/p>\n\n\n\n<h3 class=\"wp-block-heading\" id=\"h-5-tenses-indicative\">5. Sasprindzin\u0101jums Indikat\u012bvs:<\/h3>\n\n\n\n<p>Krievu valodai ir tr\u012bs indikat\u012bvi laiki: pag\u0101tne, tagadne un n\u0101kotne. Uzziniet, k\u0101 veidot un izmantot \u0161os laikus, lai izteiktu darb\u012bbas un notikumus da\u017e\u0101dos laika posmos.<\/p>\n\n\n\n<h3 class=\"wp-block-heading\" id=\"h-6-tenses-subjunctive\">6. Sasprindzin\u0101jums subjunkt\u012bvais:<\/h3>\n\n\n\n<p>Subjunkt\u012bvais noska\u0146ojums izsaka hipot\u0113tiskas situ\u0101cijas, v\u0113lmes vai nere\u0101lus apst\u0101k\u013cus. Uzziniet, k\u0101 veidot subjunkt\u012bvu krievu valod\u0101 un kad to izmantot teikumos.<\/p>\n\n\n\n<h3 class=\"wp-block-heading\" id=\"h-7-tense-comparison\">7. Saspringts sal\u012bdzin\u0101jums:<\/h3>\n\n\n\n<p>Izpratne par to, k\u0101 sal\u012bdzin\u0101t un pretstat\u012bt darb\u012bbas da\u017e\u0101dos laikos, ir b\u016btiska skaidrai komunik\u0101cijai. Praktiz\u0113jiet, izmantojot da\u017e\u0101dus laikus kop\u0101, lai izteiktu sare\u017e\u0123\u012btas domas un idejas.<\/p>\n\n\n\n<h3 class=\"wp-block-heading\" id=\"h-8-adverbs\">8. Adverbi:<\/h3>\n\n\n\n<p>Adverbi modific\u0113 darb\u012bbas v\u0101rdus, \u012bpa\u0161\u012bbas v\u0101rdus vai citus adverbus, sniedzot inform\u0101ciju par to, k\u0101, kad, kur vai cik liel\u0101 m\u0113r\u0101 notiek darb\u012bba. Uzziniet parastos krievu valodas adverbus un to izmanto\u0161anu, lai uzlabotu teikumus.<\/p>\n\n\n\n<h3 class=\"wp-block-heading\" id=\"h-9-prepositions\">9. Priev\u0101rdi:<\/h3>\n\n\n\n<p>Priev\u0101rdi saista lietv\u0101rdus, vietniekv\u0101rdus vai fr\u0101zes ar citiem v\u0101rdiem teikum\u0101, nor\u0101dot attiec\u012bbas, piem\u0113ram, atra\u0161an\u0101s vietu, virzienu, laiku vai m\u0113r\u0137i. Iepaz\u012bstieties ar krievu priev\u0101rdiem un tiem atbilsto\u0161ajiem gad\u012bjumiem, lai izveidotu gramatiski pareizus teikumus.<\/p>\n\n\n\n<h3 class=\"wp-block-heading\" id=\"h-10-sentence-structure\">10. Teikuma strukt\u016bra:<\/h3>\n\n\n\n<p>Visbeidzot, apg\u016bstiet krievu teikuma strukt\u016bras pamatus, tostarp v\u0101rdu sec\u012bbu, noliegumu un jaut\u0101jumu veido\u0161anu. Izpratne par to, k\u0101 pareizi veidot teikumus, nodro\u0161in\u0101s, ka j\u016bsu run\u0101t\u0101 un rakst\u012bt\u0101 krievu valoda ir skaidra un saprotama.<\/p>\n\n\n\n<p>Iev\u0113rojot \u0161o sec\u012bbu un veltot laiku katrai gramatikas t\u0113mai, j\u016bs izveidosit sp\u0113c\u012bgu pamatu krievu valod\u0101, \u013caujot efekt\u012bvi sazin\u0101ties un nov\u0113rt\u0113t valodas skaistumu un dzi\u013cumu.<\/p>\n<\/div><\/div>\n\r\n<section class=\"learnNavigationSection\">\r\n            \r\n        <a href=\"https:\/\/talkpal.ai\/lv\/uzziniet-krievu-valodu\/\">\r\n            <div class=\"learnNavigationWrapper\">\r\n                <div class=\"learnNavigationContent\">\r\n                    <img decoding=\"async\" src=\"https:\/\/talkpal.ai\/wp-content\/uploads\/2024\/08\/Russian.jpg\" alt=\"Russian Flag\">\r\n                    <div>\r\n                        <h4>Par krievu valodas apguvi<\/h4>\r\n                        <p>Uzziniet visu par krievu gramatiku.<\/p>\r\n                    <\/div>\r\n                <\/div>\r\n            <\/div>\r\n        <\/a>\r\n\r\n        \r\n        <a href=\"https:\/\/talkpal.ai\/lv\/krievu-valodas-gramatika\/\">\r\n            <div class=\"learnNavigationWrapper\">\r\n                <div class=\"learnNavigationContent\">\r\n                    <img decoding=\"async\" src=\"https:\/\/talkpal.ai\/wp-content\/uploads\/2024\/08\/Russian.jpg\" alt=\"Russian Flag\">\r\n                    <div>\r\n                        <h4>Krievu valodas gramatikas nodarb\u012bbas<\/h4>\r\n                        <p>Praktiz\u0113jiet krievu gramatiku.<\/p>\r\n                    <\/div>\r\n                <\/div>\r\n            <\/div>\r\n        <\/a>\r\n\r\n        \r\n        <a href=\"https:\/\/talkpal.ai\/vocabulary_language\/russian\/\">\r\n            <div class=\"learnNavigationWrapper\">\r\n                <div class=\"learnNavigationContent\">\r\n                    <img decoding=\"async\" src=\"https:\/\/talkpal.ai\/wp-content\/uploads\/2024\/08\/Russian.jpg\" alt=\"Russian Flag\">\r\n                    <div>\r\n                        <h4>Krievu valodas v\u0101rdn\u012bca<\/h4>\r\n                        <p>Papla\u0161iniet savu krievu valodas v\u0101rdu kr\u0101jumu.<\/p>\r\n                    <\/div>\r\n                <\/div>\r\n            <\/div>\r\n        <\/a>\r\n\r\n            <\/section>","protected":false},"excerpt":{"rendered":"<p>Krievu valodas gramatikas t\u0113mas Krievu valodas apguve var b\u016bt neticami atalgojo\u0161a un intelektu\u0101li stimul\u0113jo\u0161a pieredze. Krievu valoda ir ne tikai bag\u0101ta ar v\u0101rdu kr\u0101jumu un izteiksm\u012bgu sp\u0113ku, bet ar\u012b nodro\u0161ina logu uz aizraujo\u0161o Krievijas un biju\u0161\u0101s Padomju Savien\u012bbas kult\u016bru, v\u0113sturi un literat\u016bru. Uzs\u0101kot krievu valodas apguves ce\u013cojumu, ir svar\u012bgi iepaz\u012bties ar da\u017e\u0101d\u0101m gramatikas t\u0113m\u0101m, kas [&hellip;]<\/p>\n","protected":false},"author":6,"featured_media":107978,"parent":0,"menu_order":0,"comment_status":"closed","ping_status":"closed","template":"LearningContentPage.php","meta":{"_acf_changed":false,"footnotes":""},"class_list":["post-166797","page","type-page","status-publish","has-post-thumbnail","hentry"],"acf":[],"yoast_head":"<!-- This site is optimized with the Yoast SEO Premium plugin v27.2 (Yoast SEO v27.2) - https:\/\/yoast.com\/product\/yoast-seo-premium-wordpress\/ -->\n<title>Krievu valodas gramatikas vingrin\u0101jumi - Talkpal<\/title>\n<meta name=\"description\" content=\"Izp\u0113tiet b\u016btiskus krievu valodas gramatikas vingrin\u0101jumus, lai nostiprin\u0101tu savas valodas prasmes un pan\u0101ktu teko\u0161u krievu valodas apguvi.\" \/>\n<meta name=\"robots\" content=\"index, follow, max-snippet:-1, max-image-preview:large, max-video-preview:-1\" \/>\n<link rel=\"canonical\" href=\"https:\/\/talkpal.ai\/lv\/krievu-valodas-gramatikas-vingrinajumi\/\" \/>\n<meta property=\"og:locale\" content=\"lv_LV\" \/>\n<meta property=\"og:type\" content=\"article\" \/>\n<meta property=\"og:title\" content=\"Krievu valodas gramatikas vingrin\u0101jumi\" \/>\n<meta property=\"og:description\" content=\"Krievu valodas gramatikas t\u0113mas Krievu valodas apguve var b\u016bt neticami atalgojo\u0161a un intelektu\u0101li stimul\u0113jo\u0161a pieredze. Krievu valoda ir ne tikai bag\u0101ta\" \/>\n<meta property=\"og:url\" content=\"https:\/\/talkpal.ai\/lv\/krievu-valodas-gramatikas-vingrinajumi\/\" \/>\n<meta property=\"og:site_name\" content=\"Talkpal\" \/>\n<meta property=\"article:publisher\" content=\"https:\/\/www.facebook.com\/profile.php?id=100090733639311\" \/>\n<meta property=\"article:modified_time\" content=\"2025-12-17T16:24:03+00:00\" \/>\n<meta property=\"og:image\" content=\"https:\/\/talkpal.ai\/wp-content\/uploads\/2023\/04\/rusia.png\" \/>\n\t<meta property=\"og:image:width\" content=\"512\" \/>\n\t<meta property=\"og:image:height\" content=\"512\" \/>\n\t<meta property=\"og:image:type\" content=\"image\/png\" \/>\n<meta name=\"twitter:card\" content=\"summary_large_image\" \/>\n<meta name=\"twitter:site\" content=\"@talkpalai\" \/>\n<meta name=\"twitter:label1\" content=\"Est. reading time\" \/>\n\t<meta name=\"twitter:data1\" content=\"3 minutes\" \/>\n<script type=\"application\/ld+json\" class=\"yoast-schema-graph\">{\"@context\":\"https:\/\/schema.org\",\"@graph\":[{\"@type\":\"WebPage\",\"@id\":\"https:\/\/talkpal.ai\/lv\/krievu-valodas-gramatikas-vingrinajumi\/\",\"url\":\"https:\/\/talkpal.ai\/lv\/krievu-valodas-gramatikas-vingrinajumi\/\",\"name\":\"Krievu valodas gramatikas vingrin\u0101jumi - Talkpal\",\"isPartOf\":{\"@id\":\"https:\/\/talkpal.ai\/lv\/#website\"},\"primaryImageOfPage\":{\"@id\":\"https:\/\/talkpal.ai\/lv\/krievu-valodas-gramatikas-vingrinajumi\/#primaryimage\"},\"image\":{\"@id\":\"https:\/\/talkpal.ai\/lv\/krievu-valodas-gramatikas-vingrinajumi\/#primaryimage\"},\"thumbnailUrl\":\"https:\/\/talkpal.ai\/wp-content\/uploads\/2023\/04\/rusia.png\",\"datePublished\":\"2023-06-16T10:58:35+00:00\",\"dateModified\":\"2025-12-17T16:24:03+00:00\",\"description\":\"Izp\u0113tiet b\u016btiskus krievu valodas gramatikas vingrin\u0101jumus, lai nostiprin\u0101tu savas valodas prasmes un pan\u0101ktu teko\u0161u krievu valodas apguvi.\",\"breadcrumb\":{\"@id\":\"https:\/\/talkpal.ai\/lv\/krievu-valodas-gramatikas-vingrinajumi\/#breadcrumb\"},\"inLanguage\":\"lv-LV\",\"potentialAction\":[{\"@type\":\"ReadAction\",\"target\":[\"https:\/\/talkpal.ai\/lv\/krievu-valodas-gramatikas-vingrinajumi\/\"]}]},{\"@type\":\"ImageObject\",\"inLanguage\":\"lv-LV\",\"@id\":\"https:\/\/talkpal.ai\/lv\/krievu-valodas-gramatikas-vingrinajumi\/#primaryimage\",\"url\":\"https:\/\/talkpal.ai\/wp-content\/uploads\/2023\/04\/rusia.png\",\"contentUrl\":\"https:\/\/talkpal.ai\/wp-content\/uploads\/2023\/04\/rusia.png\",\"width\":512,\"height\":512},{\"@type\":\"BreadcrumbList\",\"@id\":\"https:\/\/talkpal.ai\/lv\/krievu-valodas-gramatikas-vingrinajumi\/#breadcrumb\",\"itemListElement\":[{\"@type\":\"ListItem\",\"position\":1,\"name\":\"Homepage\",\"item\":\"https:\/\/talkpal.ai\/lv\/\"},{\"@type\":\"ListItem\",\"position\":2,\"name\":\"Krievu valodas gramatikas vingrin\u0101jumi\"}]},{\"@type\":\"WebSite\",\"@id\":\"https:\/\/talkpal.ai\/lv\/#website\",\"url\":\"https:\/\/talkpal.ai\/lv\/\",\"name\":\"Talkpal\",\"description\":\"AI Language Learning\",\"publisher\":{\"@id\":\"https:\/\/talkpal.ai\/lv\/#organization\"},\"alternateName\":\"Talkpal AI\",\"potentialAction\":[{\"@type\":\"SearchAction\",\"target\":{\"@type\":\"EntryPoint\",\"urlTemplate\":\"https:\/\/talkpal.ai\/lv\/?s={search_term_string}\"},\"query-input\":{\"@type\":\"PropertyValueSpecification\",\"valueRequired\":true,\"valueName\":\"search_term_string\"}}],\"inLanguage\":\"lv-LV\"},{\"@type\":\"Organization\",\"@id\":\"https:\/\/talkpal.ai\/lv\/#organization\",\"name\":\"Talkpal, Inc.\",\"alternateName\":\"Talkpal AI\",\"url\":\"https:\/\/talkpal.ai\/lv\/\",\"logo\":{\"@type\":\"ImageObject\",\"inLanguage\":\"lv-LV\",\"@id\":\"https:\/\/talkpal.ai\/lv\/#\/schema\/logo\/image\/\",\"url\":\"https:\/\/talkpal.ai\/wp-content\/uploads\/2024\/03\/Talkpal-Logo-Icon.png\",\"contentUrl\":\"https:\/\/talkpal.ai\/wp-content\/uploads\/2024\/03\/Talkpal-Logo-Icon.png\",\"width\":2880,\"height\":2880,\"caption\":\"Talkpal, Inc.\"},\"image\":{\"@id\":\"https:\/\/talkpal.ai\/lv\/#\/schema\/logo\/image\/\"},\"sameAs\":[\"https:\/\/www.facebook.com\/profile.php?id=100090733639311\",\"https:\/\/x.com\/talkpalai\",\"https:\/\/www.linkedin.com\/company\/talkpal\/\",\"https:\/\/www.youtube.com\/@TalkPal\/\",\"https:\/\/www.tiktok.com\/@talkpal\",\"https:\/\/www.instagram.com\/talkpal_ai\/\",\"https:\/\/www.crunchbase.com\/organization\/talkpal-9cde\",\"https:\/\/www.g2.com\/products\/talkpal-for-business\/\",\"https:\/\/www.trustpilot.com\/review\/talkpal.ai\",\"https:\/\/www.capterra.com\/p\/10006800\/TalkPal\/\"],\"description\":\"Talkpal is a language learning web and mobile education app, powered by the latest AI technologies, that provides engaging experiences to its customers in many different languages to help them improve their language skills. Users can chat about unlimited amount of topics with the app and use other modes to practice their language learning.\",\"email\":\"support@talkpal.ai\",\"legalName\":\"Talkpal, Inc.\",\"foundingDate\":\"2023-04-03\",\"duns\":\"118989042\",\"numberOfEmployees\":{\"@type\":\"QuantitativeValue\",\"minValue\":\"11\",\"maxValue\":\"50\"},\"publishingPrinciples\":\"https:\/\/talkpal.ai\/publishing-principles\/\",\"actionableFeedbackPolicy\":\"https:\/\/talkpal.ai\/actionable-feedback-policy\/\",\"correctionsPolicy\":\"https:\/\/talkpal.ai\/corrections-policy\/\",\"ethicsPolicy\":\"https:\/\/talkpal.ai\/ethics-policy\/\",\"diversityPolicy\":\"https:\/\/talkpal.ai\/diversity-policy\/\",\"diversityStaffingReport\":\"https:\/\/talkpal.ai\/diversity-policy\/\"}]}<\/script>\n<!-- \/ Yoast SEO Premium plugin. -->","yoast_head_json":{"title":"Krievu valodas gramatikas vingrin\u0101jumi - Talkpal","description":"Izp\u0113tiet b\u016btiskus krievu valodas gramatikas vingrin\u0101jumus, lai nostiprin\u0101tu savas valodas prasmes un pan\u0101ktu teko\u0161u krievu valodas apguvi.","robots":{"index":"index","follow":"follow","max-snippet":"max-snippet:-1","max-image-preview":"max-image-preview:large","max-video-preview":"max-video-preview:-1"},"canonical":"https:\/\/talkpal.ai\/lv\/krievu-valodas-gramatikas-vingrinajumi\/","og_locale":"lv_LV","og_type":"article","og_title":"Krievu valodas gramatikas vingrin\u0101jumi","og_description":"Krievu valodas gramatikas t\u0113mas Krievu valodas apguve var b\u016bt neticami atalgojo\u0161a un intelektu\u0101li stimul\u0113jo\u0161a pieredze. Krievu valoda ir ne tikai bag\u0101ta","og_url":"https:\/\/talkpal.ai\/lv\/krievu-valodas-gramatikas-vingrinajumi\/","og_site_name":"Talkpal","article_publisher":"https:\/\/www.facebook.com\/profile.php?id=100090733639311","article_modified_time":"2025-12-17T16:24:03+00:00","og_image":[{"width":512,"height":512,"url":"https:\/\/talkpal.ai\/wp-content\/uploads\/2023\/04\/rusia.png","type":"image\/png"}],"twitter_card":"summary_large_image","twitter_site":"@talkpalai","twitter_misc":{"Est. reading time":"3 minutes"},"schema":{"@context":"https:\/\/schema.org","@graph":[{"@type":"WebPage","@id":"https:\/\/talkpal.ai\/lv\/krievu-valodas-gramatikas-vingrinajumi\/","url":"https:\/\/talkpal.ai\/lv\/krievu-valodas-gramatikas-vingrinajumi\/","name":"Krievu valodas gramatikas vingrin\u0101jumi - Talkpal","isPartOf":{"@id":"https:\/\/talkpal.ai\/lv\/#website"},"primaryImageOfPage":{"@id":"https:\/\/talkpal.ai\/lv\/krievu-valodas-gramatikas-vingrinajumi\/#primaryimage"},"image":{"@id":"https:\/\/talkpal.ai\/lv\/krievu-valodas-gramatikas-vingrinajumi\/#primaryimage"},"thumbnailUrl":"https:\/\/talkpal.ai\/wp-content\/uploads\/2023\/04\/rusia.png","datePublished":"2023-06-16T10:58:35+00:00","dateModified":"2025-12-17T16:24:03+00:00","description":"Izp\u0113tiet b\u016btiskus krievu valodas gramatikas vingrin\u0101jumus, lai nostiprin\u0101tu savas valodas prasmes un pan\u0101ktu teko\u0161u krievu valodas apguvi.","breadcrumb":{"@id":"https:\/\/talkpal.ai\/lv\/krievu-valodas-gramatikas-vingrinajumi\/#breadcrumb"},"inLanguage":"lv-LV","potentialAction":[{"@type":"ReadAction","target":["https:\/\/talkpal.ai\/lv\/krievu-valodas-gramatikas-vingrinajumi\/"]}]},{"@type":"ImageObject","inLanguage":"lv-LV","@id":"https:\/\/talkpal.ai\/lv\/krievu-valodas-gramatikas-vingrinajumi\/#primaryimage","url":"https:\/\/talkpal.ai\/wp-content\/uploads\/2023\/04\/rusia.png","contentUrl":"https:\/\/talkpal.ai\/wp-content\/uploads\/2023\/04\/rusia.png","width":512,"height":512},{"@type":"BreadcrumbList","@id":"https:\/\/talkpal.ai\/lv\/krievu-valodas-gramatikas-vingrinajumi\/#breadcrumb","itemListElement":[{"@type":"ListItem","position":1,"name":"Homepage","item":"https:\/\/talkpal.ai\/lv\/"},{"@type":"ListItem","position":2,"name":"Krievu valodas gramatikas vingrin\u0101jumi"}]},{"@type":"WebSite","@id":"https:\/\/talkpal.ai\/lv\/#website","url":"https:\/\/talkpal.ai\/lv\/","name":"Talkpal","description":"AI Language Learning","publisher":{"@id":"https:\/\/talkpal.ai\/lv\/#organization"},"alternateName":"Talkpal AI","potentialAction":[{"@type":"SearchAction","target":{"@type":"EntryPoint","urlTemplate":"https:\/\/talkpal.ai\/lv\/?s={search_term_string}"},"query-input":{"@type":"PropertyValueSpecification","valueRequired":true,"valueName":"search_term_string"}}],"inLanguage":"lv-LV"},{"@type":"Organization","@id":"https:\/\/talkpal.ai\/lv\/#organization","name":"Talkpal, Inc.","alternateName":"Talkpal AI","url":"https:\/\/talkpal.ai\/lv\/","logo":{"@type":"ImageObject","inLanguage":"lv-LV","@id":"https:\/\/talkpal.ai\/lv\/#\/schema\/logo\/image\/","url":"https:\/\/talkpal.ai\/wp-content\/uploads\/2024\/03\/Talkpal-Logo-Icon.png","contentUrl":"https:\/\/talkpal.ai\/wp-content\/uploads\/2024\/03\/Talkpal-Logo-Icon.png","width":2880,"height":2880,"caption":"Talkpal, Inc."},"image":{"@id":"https:\/\/talkpal.ai\/lv\/#\/schema\/logo\/image\/"},"sameAs":["https:\/\/www.facebook.com\/profile.php?id=100090733639311","https:\/\/x.com\/talkpalai","https:\/\/www.linkedin.com\/company\/talkpal\/","https:\/\/www.youtube.com\/@TalkPal\/","https:\/\/www.tiktok.com\/@talkpal","https:\/\/www.instagram.com\/talkpal_ai\/","https:\/\/www.crunchbase.com\/organization\/talkpal-9cde","https:\/\/www.g2.com\/products\/talkpal-for-business\/","https:\/\/www.trustpilot.com\/review\/talkpal.ai","https:\/\/www.capterra.com\/p\/10006800\/TalkPal\/"],"description":"Talkpal is a language learning web and mobile education app, powered by the latest AI technologies, that provides engaging experiences to its customers in many different languages to help them improve their language skills. Users can chat about unlimited amount of topics with the app and use other modes to practice their language learning.","email":"support@talkpal.ai","legalName":"Talkpal, Inc.","foundingDate":"2023-04-03","duns":"118989042","numberOfEmployees":{"@type":"QuantitativeValue","minValue":"11","maxValue":"50"},"publishingPrinciples":"https:\/\/talkpal.ai\/publishing-principles\/","actionableFeedbackPolicy":"https:\/\/talkpal.ai\/actionable-feedback-policy\/","correctionsPolicy":"https:\/\/talkpal.ai\/corrections-policy\/","ethicsPolicy":"https:\/\/talkpal.ai\/ethics-policy\/","diversityPolicy":"https:\/\/talkpal.ai\/diversity-policy\/","diversityStaffingReport":"https:\/\/talkpal.ai\/diversity-policy\/"}]}},"_links":{"self":[{"href":"https:\/\/talkpal.ai\/lv\/wp-json\/wp\/v2\/pages\/166797","targetHints":{"allow":["GET"]}}],"collection":[{"href":"https:\/\/talkpal.ai\/lv\/wp-json\/wp\/v2\/pages"}],"about":[{"href":"https:\/\/talkpal.ai\/lv\/wp-json\/wp\/v2\/types\/page"}],"author":[{"embeddable":true,"href":"https:\/\/talkpal.ai\/lv\/wp-json\/wp\/v2\/users\/6"}],"replies":[{"embeddable":true,"href":"https:\/\/talkpal.ai\/lv\/wp-json\/wp\/v2\/comments?post=166797"}],"version-history":[{"count":0,"href":"https:\/\/talkpal.ai\/lv\/wp-json\/wp\/v2\/pages\/166797\/revisions"}],"wp:featuredmedia":[{"embeddable":true,"href":"https:\/\/talkpal.ai\/lv\/wp-json\/wp\/v2\/media\/107978"}],"wp:attachment":[{"href":"https:\/\/talkpal.ai\/lv\/wp-json\/wp\/v2\/media?parent=166797"}],"curies":[{"name":"wp","href":"https:\/\/api.w.org\/{rel}","templated":true}]}}