{"id":166265,"date":"2023-06-16T11:31:43","date_gmt":"2023-06-16T11:31:43","guid":{"rendered":"http:\/\/talkpal.ai\/armenu-valodas-gramatikas-vingrinajumi\/"},"modified":"2025-05-22T19:40:19","modified_gmt":"2025-05-22T19:40:19","slug":"armenu-valodas-gramatikas-vingrinajumi","status":"publish","type":"page","link":"https:\/\/talkpal.ai\/lv\/armenu-valodas-gramatikas-vingrinajumi\/","title":{"rendered":"Arm\u0113\u0146u valodas gramatikas vingrin\u0101jumi"},"content":{"rendered":"\r\n\r\n\r\n<section class=\"languageChallengeSection\">\r\n    <div class=\"languageInfoWrapper\">\r\n        \r\n        <h1>Arm\u0113\u0146u valodas gramatikas vingrin\u0101jumi<\/h1>\r\n        <p>Iepaz\u012bsim <a href=\"https:\/\/talkpal.ai\/learn-armenian\/\">arm\u0113\u0146u<\/a> <a href=\"https:\/\/talkpal.ai\/what-language-is-spoken-on-the-international-space-station\/\">valodas<\/a> gramatiku ar da\u017eiem vienk\u0101r\u0161iem un jautriem vingrin\u0101jumiem! \u0160\u012bs aktivit\u0101tes pal\u012bdz\u0113s jums apg\u016bt pamatus un sniegs jums lielisku m\u0101c\u012bbu ce\u013ca s\u0101kumu.<\/p>\r\n\r\n                            <a class=\"getStartedHidden\" href=\"https:\/\/app.talkpal.ai\/lv\/signup?lng=\">S\u0101c<\/a>\r\n        \r\n    <\/div>\r\n\r\n    <figure>\r\n    <img decoding=\"async\" width=\"768\" height=\"768\" src=\"https:\/\/talkpal.ai\/wp-content\/uploads\/2023\/06\/armenian-768x768.png\" class=\"languageImage no-lazy\" alt=\"Language learning for higher cognition\" fetchpriority=\"high\" sizes=\"(max-width: 768px) 150px, 768px\" srcset=\"https:\/\/talkpal.ai\/wp-content\/uploads\/2023\/06\/armenian-768x768.png 768w, https:\/\/talkpal.ai\/wp-content\/uploads\/2023\/06\/armenian-300x300.png 300w\" \/>\r\n    \r\n\r\n    <\/figure>\r\n\r\n            <a class=\"getStartedVisible\" href=\"https:\/\/app.talkpal.ai\/lv\/signup?lng=\">S\u0101c<\/a>\r\n    \r\n<\/section>\r\n\r\n\r\n<!-- <section class=\"grammarSection\">\r\n    <div class=\"grammarLinks\">\r\n            <\/div>\r\n<\/section> -->\r\n\r\n\r\n\r\n\r\n<section class=\"promotionalBanner\">\r\n    <p class=\"promotionalText\">Visefekt\u012bv\u0101kais veids, k\u0101 apg\u016bt valodu<\/p>\r\n    <a class=\"promotionalLink\" href=\"https:\/\/app.talkpal.ai\/lv\/signup?lng=\">Izm\u0113\u0123iniet Talkpal bez maksas<\/a>\r\n<\/section>\n<div class=\"wp-block-group pageContainerStyle\"><div class=\"wp-block-group__inner-container is-layout-constrained wp-block-group-is-layout-constrained\">\n<h2 class=\"wp-block-heading\" id=\"h-armenian-grammar-topics\">Arm\u0113\u0146u gramatikas t\u0113mas<\/h2>\n\n\n\n<p>Arm\u0113\u0146u valoda ir indoeiropie\u0161u valoda, kur\u0101 run\u0101 galvenok\u0101rt Arm\u0113nijas Republik\u0101 un arm\u0113\u0146u diaspor\u0101 vis\u0101 pasaul\u0113. Ar ilgu v\u0113sturi un unik\u0101lu rakst\u012b\u0161anas sist\u0113mu arm\u0113\u0146u valoda pied\u0101v\u0101 aizraujo\u0161u valodas pieredzi valodu apguv\u0113jiem. T\u0101pat k\u0101 ar jebkuru valodu, gramatikas izpratne ir b\u016btiska arm\u0113\u0146u <a href=\"https:\/\/talkpal.ai\/lv\/portugalu-valodas-apguves-nodarbibas\/\">valodas apguves<\/a> sast\u0101vda\u013ca. \u0160aj\u0101 ce\u013cved\u012b ir sniegts p\u0101rskats par galvenaj\u0101m arm\u0113\u0146u valodas gramatikas t\u0113m\u0101m, lai pal\u012bdz\u0113tu jums ieg\u016bt stabilu pamatu valod\u0101. Iev\u0113rojot ieteikto t\u0113mu sec\u012bbu, j\u016bs var\u0113siet efekt\u012bv\u0101k un efekt\u012bv\u0101k apg\u016bt <a href=\"https:\/\/talkpal.ai\/lv\/macieties-armenu-valodu\/\">arm\u0113\u0146u valodu<\/a>.<\/p>\n\n\n\n<h3 class=\"wp-block-heading\" id=\"h-1-nouns\">1. Lietv\u0101rdi:<\/h3>\n\n\n\n<p>S\u0101ciet savu arm\u0113\u0146u gramatikas ce\u013cojumu ar lietv\u0101rdiem, kas ir jebkuras valodas mugurkauls. Uzziniet par arm\u0113\u0146u lietv\u0101rdu klas\u0113m (parastaj\u0101m un pareizaj\u0101m), deklam\u0101ciju un gad\u012bjumiem (nominat\u012bvs, \u0123enit\u012bvs, dative, akuzat\u012bvs, ablat\u012bvs, instrument\u0101ls un lokat\u012bvs). Izpratne par lietv\u0101rdu darb\u012bbu arm\u0113\u0146u valod\u0101 nodro\u0161in\u0101s stabilu pamatu teikumu veido\u0161anai.<\/p>\n\n\n\n<h3 class=\"wp-block-heading\" id=\"h-2-articles\">2. Raksti:<\/h3>\n\n\n\n<p>Arm\u0113\u0146u valod\u0101 ir noteikti un nenoteikti raksti, l\u012bdz\u012bgi k\u0101 <a href=\"https:\/\/talkpal.ai\/learn-english-with-ai\/\">ang\u013cu<\/a> valod\u0101. Uzziniet, k\u0101 tos pareizi lietot ar lietv\u0101rdiem, lai nor\u0101d\u012btu uz specifiskumu un izveidotu saska\u0146otus teikumus.<\/p>\n\n\n\n<h3 class=\"wp-block-heading\" id=\"h-3-adjectives\">3. \u012apa\u0161\u012bbas v\u0101rdi:<\/h3>\n\n\n\n<p>\u012apa\u0161\u012bbas v\u0101rdi ir b\u016btiski lietv\u0101rdu aprakst\u012b\u0161anai. Izp\u0113tiet \u012bpa\u0161\u012bbas v\u0101rdu lieto\u0161anas noteikumus arm\u0113\u0146u valod\u0101, ieskaitot vieno\u0161anos ar lietv\u0101rdiem dzimum\u0101, skait\u0101 un gad\u012bjum\u0101.<\/p>\n\n\n\n<h3 class=\"wp-block-heading\" id=\"h-4-pronouns-determiners\">4. Vietniekv\u0101rdi\/noteic\u0113ji:<\/h3>\n\n\n\n<p>Vietniekv\u0101rdi aizst\u0101j lietv\u0101rdus teikumos, bet noteic\u0113ji tos preciz\u0113 un kvantific\u0113. Uzziniet par da\u017e\u0101diem vietniekv\u0101rdu veidiem (personiskais, piedero\u0161ais, demonstrat\u012bvais, relat\u012bvais, jaut\u0101jo\u0161ais, refleks\u012bvais) un noteico\u0161ajiem arm\u0113\u0146u valod\u0101 un to lietojumu.<\/p>\n\n\n\n<h3 class=\"wp-block-heading\" id=\"h-5-verbs\">5. Darb\u012bbas v\u0101rdi:<\/h3>\n\n\n\n<p>Darb\u012bbas v\u0101rdi ir valodas darb\u012bbas v\u0101rdi. Iepaz\u012bstieties ar arm\u0113\u0146u darb\u012bbas v\u0101rdu konjug\u0101ciju, regul\u0101riem un neregul\u0101riem darb\u012bbas v\u0101rdiem un da\u017e\u0101d\u0101m darb\u012bbas v\u0101rdu form\u0101m (infinit\u012bvs, imperat\u012bvs, subjunkt\u012bvs).<\/p>\n\n\n\n<h3 class=\"wp-block-heading\" id=\"h-6-tenses\">6. Sasprindzin\u0101jums:<\/h3>\n\n\n\n<p>Arm\u0113\u0146u valodai ir \u010detri darb\u012bbas v\u0101rdi: tagadne, pag\u0101tne, n\u0101kotne un aorists. Izp\u0113tiet katra laikmeta veido\u0161anos un lietojumu, k\u0101 ar\u012b at\u0161\u0137ir\u012bbas starp vienk\u0101r\u0161o un turpin\u0101mo formu.<\/p>\n\n\n\n<h3 class=\"wp-block-heading\" id=\"h-7-tense-comparison\">7. Saspringts sal\u012bdzin\u0101jums:<\/h3>\n\n\n\n<p>Izpratne par nians\u0113m starp da\u017e\u0101diem laikiem ir b\u016btiska efekt\u012bvai komunik\u0101cijai. Uzziniet, k\u0101 sal\u012bdzin\u0101t un pretstat\u012bt arm\u0113\u0146u laikus, lai prec\u012bzi nodotu savu iecer\u0113to noz\u012bmi.<\/p>\n\n\n\n<h3 class=\"wp-block-heading\" id=\"h-8-progressive\">8. Progres\u012bvs:<\/h3>\n\n\n\n<p>Progres\u012bvais aspekts arm\u0113\u0146u valod\u0101 nor\u0101da uz notieko\u0161aj\u0101m darb\u012bb\u0101m. Uzziniet, k\u0101 veidot un izmantot progres\u012bvo aspektu da\u017e\u0101dos laikos.<\/p>\n\n\n\n<h3 class=\"wp-block-heading\" id=\"h-9-perfect-progressive\">9. Ide\u0101ls progres\u012bvs:<\/h3>\n\n\n\n<p>Ide\u0101ls progres\u012bvs apvieno perfektus un progres\u012bvus aspektus, nor\u0101dot uz darb\u012bbu, kas s\u0101k\u0101s pag\u0101tn\u0113 un turpin\u0101s tagadn\u0113. Uzziniet t\u0101s veido\u0161anos un lieto\u0161anu arm\u0113\u0146u valod\u0101.<\/p>\n\n\n\n<h3 class=\"wp-block-heading\" id=\"h-10-adverbs\">10. Adverbi:<\/h3>\n\n\n\n<p>Adverbi modific\u0113 darb\u012bbas v\u0101rdus, \u012bpa\u0161\u012bbas v\u0101rdus un citus adverbus, sniedzot papildu inform\u0101ciju par darb\u012bb\u0101m vai \u012bpa\u0161\u012bb\u0101m. Izp\u0113tiet da\u017e\u0101dus adverbu veidus arm\u0113\u0146u valod\u0101 un to izvietojumu teikumos.<\/p>\n\n\n\n<h3 class=\"wp-block-heading\" id=\"h-11-prepositions\">11. Priev\u0101rdi:<\/h3>\n\n\n\n<p>Priev\u0101rdi arm\u0113\u0146u valod\u0101 ir b\u016btiski, lai nor\u0101d\u012btu attiec\u012bbas starp v\u0101rdiem, piem\u0113ram, atra\u0161an\u0101s vietu, virzienu, laiku un c\u0113loni. Uzziniet visizplat\u012bt\u0101kos arm\u0113\u0146u priev\u0101rdus un to lietojumu.<\/p>\n\n\n\n<h3 class=\"wp-block-heading\" id=\"h-12-conditionals\">12. Nosac\u012bjumi:<\/h3>\n\n\n\n<p>Nosac\u012bjumi izsaka hipot\u0113tiskas situ\u0101cijas un to iesp\u0113jamos rezult\u0101tus. Izp\u0113tiet da\u017e\u0101dus nosac\u012bjumu veidus arm\u0113\u0146u valod\u0101 (nulle, pirmais, otrais un tre\u0161ais) un to atbilsto\u0161\u0101s darb\u012bbas v\u0101rdu formas.<\/p>\n\n\n\n<h3 class=\"wp-block-heading\" id=\"h-13-sentences\">13. Teikumi:<\/h3>\n\n\n\n<p>Visbeidzot, apvienojiet visus gramatikas elementus, lai izveidotu piln\u012bgus teikumus arm\u0113\u0146u valod\u0101. Uzziniet par da\u017e\u0101d\u0101m teikumu strukt\u016br\u0101m, v\u0101rdu sec\u012bbu un pieturz\u012bmju noteikumiem.<\/p>\n<\/div><\/div>\n\r\n<section class=\"learnNavigationSection\">\r\n            \r\n        <a href=\"https:\/\/talkpal.ai\/lv\/macieties-armenu-valodu\/\">\r\n            <div class=\"learnNavigationWrapper\">\r\n                <div class=\"learnNavigationContent\">\r\n                    <img decoding=\"async\" src=\"https:\/\/talkpal.ai\/wp-content\/uploads\/2024\/08\/Armenian.jpg\" alt=\"Armenian Flag\">\r\n                    <div>\r\n                        <h4>Par arm\u0113\u0146u valodas apguvi<\/h4>\r\n                        <p>Uzziniet visu par arm\u0113\u0146u gramatiku.<\/p>\r\n                    <\/div>\r\n                <\/div>\r\n            <\/div>\r\n        <\/a>\r\n\r\n        \r\n        <a href=\"https:\/\/talkpal.ai\/lv\/armenu-gramatika\/\">\r\n            <div class=\"learnNavigationWrapper\">\r\n                <div class=\"learnNavigationContent\">\r\n                    <img decoding=\"async\" src=\"https:\/\/talkpal.ai\/wp-content\/uploads\/2024\/08\/Armenian.jpg\" alt=\"Armenian Flag\">\r\n                    <div>\r\n                        <h4>Arm\u0113\u0146u valodas gramatikas stundas<\/h4>\r\n                        <p>Praktiz\u0113jiet arm\u0113\u0146u gramatiku.<\/p>\r\n                    <\/div>\r\n                <\/div>\r\n            <\/div>\r\n        <\/a>\r\n\r\n        \r\n        <a href=\"https:\/\/talkpal.ai\/vocabulary_language\/armenian\/\">\r\n            <div class=\"learnNavigationWrapper\">\r\n                <div class=\"learnNavigationContent\">\r\n                    <img decoding=\"async\" src=\"https:\/\/talkpal.ai\/wp-content\/uploads\/2024\/08\/Armenian.jpg\" alt=\"Armenian Flag\">\r\n                    <div>\r\n                        <h4>Arm\u0113\u0146u valodas v\u0101rdn\u012bca<\/h4>\r\n                        <p>Papla\u0161iniet savu arm\u0113\u0146u valodas v\u0101rdu kr\u0101jumu.<\/p>\r\n                    <\/div>\r\n                <\/div>\r\n            <\/div>\r\n        <\/a>\r\n\r\n            <\/section>","protected":false},"excerpt":{"rendered":"<p>Arm\u0113\u0146u gramatikas t\u0113mas Arm\u0113\u0146u valoda ir indoeiropie\u0161u valoda, kur\u0101 run\u0101 galvenok\u0101rt Arm\u0113nijas Republik\u0101 un arm\u0113\u0146u diaspor\u0101 vis\u0101 pasaul\u0113. Ar ilgu v\u0113sturi un unik\u0101lu rakst\u012b\u0161anas sist\u0113mu arm\u0113\u0146u valoda pied\u0101v\u0101 aizraujo\u0161u valodas pieredzi valodu apguv\u0113jiem. T\u0101pat k\u0101 ar jebkuru valodu, gramatikas izpratne ir b\u016btiska arm\u0113\u0146u valodas apguves sast\u0101vda\u013ca. \u0160aj\u0101 ce\u013cved\u012b ir sniegts p\u0101rskats par galvenaj\u0101m arm\u0113\u0146u valodas [&hellip;]<\/p>\n","protected":false},"author":6,"featured_media":109223,"parent":0,"menu_order":0,"comment_status":"closed","ping_status":"closed","template":"LearningContentPage.php","meta":{"_acf_changed":false,"footnotes":""},"class_list":["post-166265","page","type-page","status-publish","has-post-thumbnail","hentry"],"acf":[],"yoast_head":"<!-- This site is optimized with the Yoast SEO Premium plugin v27.2 (Yoast SEO v27.2) - https:\/\/yoast.com\/product\/yoast-seo-premium-wordpress\/ -->\n<title>Arm\u0113\u0146u valodas gramatikas vingrin\u0101jumi - Talkpal<\/title>\n<meta name=\"description\" content=\"Apg\u016bstiet arm\u0113\u0146u valodas gramatiku ar aizraujo\u0161iem arm\u0113\u0146u valodas gramatikas vingrin\u0101jumiem, kurus piel\u0101goja Talkpal, j\u016bsu m\u0101ksl\u012bg\u0101 intelekta darbin\u0101tais valodas skolot\u0101js.\" \/>\n<meta name=\"robots\" content=\"index, follow, max-snippet:-1, max-image-preview:large, max-video-preview:-1\" \/>\n<link rel=\"canonical\" href=\"https:\/\/talkpal.ai\/lv\/armenu-valodas-gramatikas-vingrinajumi\/\" \/>\n<meta property=\"og:locale\" content=\"lv_LV\" \/>\n<meta property=\"og:type\" content=\"article\" \/>\n<meta property=\"og:title\" content=\"Arm\u0113\u0146u valodas gramatikas vingrin\u0101jumi\" \/>\n<meta property=\"og:description\" content=\"Arm\u0113\u0146u gramatikas t\u0113mas Arm\u0113\u0146u valoda ir indoeiropie\u0161u valoda, kur\u0101 run\u0101 galvenok\u0101rt Arm\u0113nijas Republik\u0101 un arm\u0113\u0146u diaspor\u0101 vis\u0101 pasaul\u0113. Ar ilgu v\u0113sturi\" \/>\n<meta property=\"og:url\" content=\"https:\/\/talkpal.ai\/lv\/armenu-valodas-gramatikas-vingrinajumi\/\" \/>\n<meta property=\"og:site_name\" content=\"Talkpal\" \/>\n<meta property=\"article:publisher\" content=\"https:\/\/www.facebook.com\/profile.php?id=100090733639311\" \/>\n<meta property=\"article:modified_time\" content=\"2025-05-22T19:40:19+00:00\" \/>\n<meta property=\"og:image\" content=\"https:\/\/talkpal.ai\/wp-content\/uploads\/2023\/05\/armenia.png\" \/>\n\t<meta property=\"og:image:width\" content=\"512\" \/>\n\t<meta property=\"og:image:height\" content=\"512\" \/>\n\t<meta property=\"og:image:type\" content=\"image\/png\" \/>\n<meta name=\"twitter:card\" content=\"summary_large_image\" \/>\n<meta name=\"twitter:site\" content=\"@talkpalai\" \/>\n<meta name=\"twitter:label1\" content=\"Est. reading time\" \/>\n\t<meta name=\"twitter:data1\" content=\"3 minutes\" \/>\n<script type=\"application\/ld+json\" class=\"yoast-schema-graph\">{\"@context\":\"https:\/\/schema.org\",\"@graph\":[{\"@type\":\"WebPage\",\"@id\":\"https:\/\/talkpal.ai\/lv\/armenu-valodas-gramatikas-vingrinajumi\/\",\"url\":\"https:\/\/talkpal.ai\/lv\/armenu-valodas-gramatikas-vingrinajumi\/\",\"name\":\"Arm\u0113\u0146u valodas gramatikas vingrin\u0101jumi - Talkpal\",\"isPartOf\":{\"@id\":\"https:\/\/talkpal.ai\/lv\/#website\"},\"primaryImageOfPage\":{\"@id\":\"https:\/\/talkpal.ai\/lv\/armenu-valodas-gramatikas-vingrinajumi\/#primaryimage\"},\"image\":{\"@id\":\"https:\/\/talkpal.ai\/lv\/armenu-valodas-gramatikas-vingrinajumi\/#primaryimage\"},\"thumbnailUrl\":\"https:\/\/talkpal.ai\/wp-content\/uploads\/2023\/05\/armenia.png\",\"datePublished\":\"2023-06-16T11:31:43+00:00\",\"dateModified\":\"2025-05-22T19:40:19+00:00\",\"description\":\"Apg\u016bstiet arm\u0113\u0146u valodas gramatiku ar aizraujo\u0161iem arm\u0113\u0146u valodas gramatikas vingrin\u0101jumiem, kurus piel\u0101goja Talkpal, j\u016bsu m\u0101ksl\u012bg\u0101 intelekta darbin\u0101tais valodas skolot\u0101js.\",\"breadcrumb\":{\"@id\":\"https:\/\/talkpal.ai\/lv\/armenu-valodas-gramatikas-vingrinajumi\/#breadcrumb\"},\"inLanguage\":\"lv-LV\",\"potentialAction\":[{\"@type\":\"ReadAction\",\"target\":[\"https:\/\/talkpal.ai\/lv\/armenu-valodas-gramatikas-vingrinajumi\/\"]}]},{\"@type\":\"ImageObject\",\"inLanguage\":\"lv-LV\",\"@id\":\"https:\/\/talkpal.ai\/lv\/armenu-valodas-gramatikas-vingrinajumi\/#primaryimage\",\"url\":\"https:\/\/talkpal.ai\/wp-content\/uploads\/2023\/05\/armenia.png\",\"contentUrl\":\"https:\/\/talkpal.ai\/wp-content\/uploads\/2023\/05\/armenia.png\",\"width\":512,\"height\":512},{\"@type\":\"BreadcrumbList\",\"@id\":\"https:\/\/talkpal.ai\/lv\/armenu-valodas-gramatikas-vingrinajumi\/#breadcrumb\",\"itemListElement\":[{\"@type\":\"ListItem\",\"position\":1,\"name\":\"Homepage\",\"item\":\"https:\/\/talkpal.ai\/lv\/\"},{\"@type\":\"ListItem\",\"position\":2,\"name\":\"Arm\u0113\u0146u valodas gramatikas vingrin\u0101jumi\"}]},{\"@type\":\"WebSite\",\"@id\":\"https:\/\/talkpal.ai\/lv\/#website\",\"url\":\"https:\/\/talkpal.ai\/lv\/\",\"name\":\"Talkpal\",\"description\":\"AI Language Learning\",\"publisher\":{\"@id\":\"https:\/\/talkpal.ai\/lv\/#organization\"},\"alternateName\":\"Talkpal AI\",\"potentialAction\":[{\"@type\":\"SearchAction\",\"target\":{\"@type\":\"EntryPoint\",\"urlTemplate\":\"https:\/\/talkpal.ai\/lv\/?s={search_term_string}\"},\"query-input\":{\"@type\":\"PropertyValueSpecification\",\"valueRequired\":true,\"valueName\":\"search_term_string\"}}],\"inLanguage\":\"lv-LV\"},{\"@type\":\"Organization\",\"@id\":\"https:\/\/talkpal.ai\/lv\/#organization\",\"name\":\"Talkpal, Inc.\",\"alternateName\":\"Talkpal AI\",\"url\":\"https:\/\/talkpal.ai\/lv\/\",\"logo\":{\"@type\":\"ImageObject\",\"inLanguage\":\"lv-LV\",\"@id\":\"https:\/\/talkpal.ai\/lv\/#\/schema\/logo\/image\/\",\"url\":\"https:\/\/talkpal.ai\/wp-content\/uploads\/2024\/03\/Talkpal-Logo-Icon.png\",\"contentUrl\":\"https:\/\/talkpal.ai\/wp-content\/uploads\/2024\/03\/Talkpal-Logo-Icon.png\",\"width\":2880,\"height\":2880,\"caption\":\"Talkpal, Inc.\"},\"image\":{\"@id\":\"https:\/\/talkpal.ai\/lv\/#\/schema\/logo\/image\/\"},\"sameAs\":[\"https:\/\/www.facebook.com\/profile.php?id=100090733639311\",\"https:\/\/x.com\/talkpalai\",\"https:\/\/www.linkedin.com\/company\/talkpal\/\",\"https:\/\/www.youtube.com\/@TalkPal\/\",\"https:\/\/www.tiktok.com\/@talkpal\",\"https:\/\/www.instagram.com\/talkpal_ai\/\",\"https:\/\/www.crunchbase.com\/organization\/talkpal-9cde\",\"https:\/\/www.g2.com\/products\/talkpal-for-business\/\",\"https:\/\/www.trustpilot.com\/review\/talkpal.ai\",\"https:\/\/www.capterra.com\/p\/10006800\/TalkPal\/\"],\"description\":\"Talkpal is a language learning web and mobile education app, powered by the latest AI technologies, that provides engaging experiences to its customers in many different languages to help them improve their language skills. Users can chat about unlimited amount of topics with the app and use other modes to practice their language learning.\",\"email\":\"support@talkpal.ai\",\"legalName\":\"Talkpal, Inc.\",\"foundingDate\":\"2023-04-03\",\"duns\":\"118989042\",\"numberOfEmployees\":{\"@type\":\"QuantitativeValue\",\"minValue\":\"11\",\"maxValue\":\"50\"},\"publishingPrinciples\":\"https:\/\/talkpal.ai\/publishing-principles\/\",\"actionableFeedbackPolicy\":\"https:\/\/talkpal.ai\/actionable-feedback-policy\/\",\"correctionsPolicy\":\"https:\/\/talkpal.ai\/corrections-policy\/\",\"ethicsPolicy\":\"https:\/\/talkpal.ai\/ethics-policy\/\",\"diversityPolicy\":\"https:\/\/talkpal.ai\/diversity-policy\/\",\"diversityStaffingReport\":\"https:\/\/talkpal.ai\/diversity-policy\/\"}]}<\/script>\n<!-- \/ Yoast SEO Premium plugin. -->","yoast_head_json":{"title":"Arm\u0113\u0146u valodas gramatikas vingrin\u0101jumi - Talkpal","description":"Apg\u016bstiet arm\u0113\u0146u valodas gramatiku ar aizraujo\u0161iem arm\u0113\u0146u valodas gramatikas vingrin\u0101jumiem, kurus piel\u0101goja Talkpal, j\u016bsu m\u0101ksl\u012bg\u0101 intelekta darbin\u0101tais valodas skolot\u0101js.","robots":{"index":"index","follow":"follow","max-snippet":"max-snippet:-1","max-image-preview":"max-image-preview:large","max-video-preview":"max-video-preview:-1"},"canonical":"https:\/\/talkpal.ai\/lv\/armenu-valodas-gramatikas-vingrinajumi\/","og_locale":"lv_LV","og_type":"article","og_title":"Arm\u0113\u0146u valodas gramatikas vingrin\u0101jumi","og_description":"Arm\u0113\u0146u gramatikas t\u0113mas Arm\u0113\u0146u valoda ir indoeiropie\u0161u valoda, kur\u0101 run\u0101 galvenok\u0101rt Arm\u0113nijas Republik\u0101 un arm\u0113\u0146u diaspor\u0101 vis\u0101 pasaul\u0113. Ar ilgu v\u0113sturi","og_url":"https:\/\/talkpal.ai\/lv\/armenu-valodas-gramatikas-vingrinajumi\/","og_site_name":"Talkpal","article_publisher":"https:\/\/www.facebook.com\/profile.php?id=100090733639311","article_modified_time":"2025-05-22T19:40:19+00:00","og_image":[{"width":512,"height":512,"url":"https:\/\/talkpal.ai\/wp-content\/uploads\/2023\/05\/armenia.png","type":"image\/png"}],"twitter_card":"summary_large_image","twitter_site":"@talkpalai","twitter_misc":{"Est. reading time":"3 minutes"},"schema":{"@context":"https:\/\/schema.org","@graph":[{"@type":"WebPage","@id":"https:\/\/talkpal.ai\/lv\/armenu-valodas-gramatikas-vingrinajumi\/","url":"https:\/\/talkpal.ai\/lv\/armenu-valodas-gramatikas-vingrinajumi\/","name":"Arm\u0113\u0146u valodas gramatikas vingrin\u0101jumi - Talkpal","isPartOf":{"@id":"https:\/\/talkpal.ai\/lv\/#website"},"primaryImageOfPage":{"@id":"https:\/\/talkpal.ai\/lv\/armenu-valodas-gramatikas-vingrinajumi\/#primaryimage"},"image":{"@id":"https:\/\/talkpal.ai\/lv\/armenu-valodas-gramatikas-vingrinajumi\/#primaryimage"},"thumbnailUrl":"https:\/\/talkpal.ai\/wp-content\/uploads\/2023\/05\/armenia.png","datePublished":"2023-06-16T11:31:43+00:00","dateModified":"2025-05-22T19:40:19+00:00","description":"Apg\u016bstiet arm\u0113\u0146u valodas gramatiku ar aizraujo\u0161iem arm\u0113\u0146u valodas gramatikas vingrin\u0101jumiem, kurus piel\u0101goja Talkpal, j\u016bsu m\u0101ksl\u012bg\u0101 intelekta darbin\u0101tais valodas skolot\u0101js.","breadcrumb":{"@id":"https:\/\/talkpal.ai\/lv\/armenu-valodas-gramatikas-vingrinajumi\/#breadcrumb"},"inLanguage":"lv-LV","potentialAction":[{"@type":"ReadAction","target":["https:\/\/talkpal.ai\/lv\/armenu-valodas-gramatikas-vingrinajumi\/"]}]},{"@type":"ImageObject","inLanguage":"lv-LV","@id":"https:\/\/talkpal.ai\/lv\/armenu-valodas-gramatikas-vingrinajumi\/#primaryimage","url":"https:\/\/talkpal.ai\/wp-content\/uploads\/2023\/05\/armenia.png","contentUrl":"https:\/\/talkpal.ai\/wp-content\/uploads\/2023\/05\/armenia.png","width":512,"height":512},{"@type":"BreadcrumbList","@id":"https:\/\/talkpal.ai\/lv\/armenu-valodas-gramatikas-vingrinajumi\/#breadcrumb","itemListElement":[{"@type":"ListItem","position":1,"name":"Homepage","item":"https:\/\/talkpal.ai\/lv\/"},{"@type":"ListItem","position":2,"name":"Arm\u0113\u0146u valodas gramatikas vingrin\u0101jumi"}]},{"@type":"WebSite","@id":"https:\/\/talkpal.ai\/lv\/#website","url":"https:\/\/talkpal.ai\/lv\/","name":"Talkpal","description":"AI Language Learning","publisher":{"@id":"https:\/\/talkpal.ai\/lv\/#organization"},"alternateName":"Talkpal AI","potentialAction":[{"@type":"SearchAction","target":{"@type":"EntryPoint","urlTemplate":"https:\/\/talkpal.ai\/lv\/?s={search_term_string}"},"query-input":{"@type":"PropertyValueSpecification","valueRequired":true,"valueName":"search_term_string"}}],"inLanguage":"lv-LV"},{"@type":"Organization","@id":"https:\/\/talkpal.ai\/lv\/#organization","name":"Talkpal, Inc.","alternateName":"Talkpal AI","url":"https:\/\/talkpal.ai\/lv\/","logo":{"@type":"ImageObject","inLanguage":"lv-LV","@id":"https:\/\/talkpal.ai\/lv\/#\/schema\/logo\/image\/","url":"https:\/\/talkpal.ai\/wp-content\/uploads\/2024\/03\/Talkpal-Logo-Icon.png","contentUrl":"https:\/\/talkpal.ai\/wp-content\/uploads\/2024\/03\/Talkpal-Logo-Icon.png","width":2880,"height":2880,"caption":"Talkpal, Inc."},"image":{"@id":"https:\/\/talkpal.ai\/lv\/#\/schema\/logo\/image\/"},"sameAs":["https:\/\/www.facebook.com\/profile.php?id=100090733639311","https:\/\/x.com\/talkpalai","https:\/\/www.linkedin.com\/company\/talkpal\/","https:\/\/www.youtube.com\/@TalkPal\/","https:\/\/www.tiktok.com\/@talkpal","https:\/\/www.instagram.com\/talkpal_ai\/","https:\/\/www.crunchbase.com\/organization\/talkpal-9cde","https:\/\/www.g2.com\/products\/talkpal-for-business\/","https:\/\/www.trustpilot.com\/review\/talkpal.ai","https:\/\/www.capterra.com\/p\/10006800\/TalkPal\/"],"description":"Talkpal is a language learning web and mobile education app, powered by the latest AI technologies, that provides engaging experiences to its customers in many different languages to help them improve their language skills. Users can chat about unlimited amount of topics with the app and use other modes to practice their language learning.","email":"support@talkpal.ai","legalName":"Talkpal, Inc.","foundingDate":"2023-04-03","duns":"118989042","numberOfEmployees":{"@type":"QuantitativeValue","minValue":"11","maxValue":"50"},"publishingPrinciples":"https:\/\/talkpal.ai\/publishing-principles\/","actionableFeedbackPolicy":"https:\/\/talkpal.ai\/actionable-feedback-policy\/","correctionsPolicy":"https:\/\/talkpal.ai\/corrections-policy\/","ethicsPolicy":"https:\/\/talkpal.ai\/ethics-policy\/","diversityPolicy":"https:\/\/talkpal.ai\/diversity-policy\/","diversityStaffingReport":"https:\/\/talkpal.ai\/diversity-policy\/"}]}},"_links":{"self":[{"href":"https:\/\/talkpal.ai\/lv\/wp-json\/wp\/v2\/pages\/166265","targetHints":{"allow":["GET"]}}],"collection":[{"href":"https:\/\/talkpal.ai\/lv\/wp-json\/wp\/v2\/pages"}],"about":[{"href":"https:\/\/talkpal.ai\/lv\/wp-json\/wp\/v2\/types\/page"}],"author":[{"embeddable":true,"href":"https:\/\/talkpal.ai\/lv\/wp-json\/wp\/v2\/users\/6"}],"replies":[{"embeddable":true,"href":"https:\/\/talkpal.ai\/lv\/wp-json\/wp\/v2\/comments?post=166265"}],"version-history":[{"count":0,"href":"https:\/\/talkpal.ai\/lv\/wp-json\/wp\/v2\/pages\/166265\/revisions"}],"wp:featuredmedia":[{"embeddable":true,"href":"https:\/\/talkpal.ai\/lv\/wp-json\/wp\/v2\/media\/109223"}],"wp:attachment":[{"href":"https:\/\/talkpal.ai\/lv\/wp-json\/wp\/v2\/media?parent=166265"}],"curies":[{"name":"wp","href":"https:\/\/api.w.org\/{rel}","templated":true}]}}