{"id":166025,"date":"2023-06-16T11:38:32","date_gmt":"2023-06-16T11:38:32","guid":{"rendered":"http:\/\/talkpal.ai\/azerbaidzanas-gramatikas-vingrinajumi\/"},"modified":"2025-05-22T21:35:43","modified_gmt":"2025-05-22T21:35:43","slug":"azerbaidzanas-gramatikas-vingrinajumi","status":"publish","type":"page","link":"https:\/\/talkpal.ai\/lv\/azerbaidzanas-gramatikas-vingrinajumi\/","title":{"rendered":"Azerbaid\u017e\u0101nas gramatikas vingrin\u0101jumi"},"content":{"rendered":"\r\n\r\n\r\n<section class=\"languageChallengeSection\">\r\n    <div class=\"languageInfoWrapper\">\r\n        \r\n        <h1>Azerbaid\u017e\u0101nas gramatikas vingrin\u0101jumi<\/h1>\r\n        <p>V\u0113laties uzlabot <a href=\"https:\/\/talkpal.ai\/learn-azerbaijani\/\">azerbaid\u017e\u0101\u0146u<\/a> <a href=\"https:\/\/talkpal.ai\/what-language-is-spoken-on-the-international-space-station\/\">valodas<\/a> prasmes? Gramatikas vingrin\u0101jumi ir lielisks veids, k\u0101 izprast teikuma uzb\u016bvi, darb\u012bbas v\u0101rdu galotnes un valodas unikalit\u0101ti noteico\u0161os likumsakar\u012bbas. S\u0101ciet praktiz\u0113t <a href=\"https:\/\/talkpal.ai\/learn-azerbaijani\/\">azerbaid\u017e\u0101\u0146u<\/a> valodas gramatiku jau \u0161odien un v\u0113rojiet, k\u0101 ar katru soli aug j\u016bsu p\u0101rliec\u012bba un pl\u016bdums!<\/p>\r\n\r\n                            <a class=\"getStartedHidden\" href=\"https:\/\/app.talkpal.ai\/lv\/signup?lng=\">S\u0101c<\/a>\r\n        \r\n    <\/div>\r\n\r\n    <figure>\r\n    <img decoding=\"async\" width=\"768\" height=\"768\" src=\"https:\/\/talkpal.ai\/wp-content\/uploads\/2023\/06\/azerbaijani-768x768.png\" class=\"languageImage no-lazy\" alt=\"Language learning for enhanced cognitive skills\" fetchpriority=\"high\" sizes=\"(max-width: 768px) 150px, 768px\" srcset=\"https:\/\/talkpal.ai\/wp-content\/uploads\/2023\/06\/azerbaijani-768x768.png 768w, https:\/\/talkpal.ai\/wp-content\/uploads\/2023\/06\/azerbaijani-300x300.png 300w\" \/>\r\n    \r\n\r\n    <\/figure>\r\n\r\n            <a class=\"getStartedVisible\" href=\"https:\/\/app.talkpal.ai\/lv\/signup?lng=\">S\u0101c<\/a>\r\n    \r\n<\/section>\r\n\r\n\r\n<!-- <section class=\"grammarSection\">\r\n    <div class=\"grammarLinks\">\r\n            <\/div>\r\n<\/section> -->\r\n\r\n\r\n\r\n\r\n<section class=\"promotionalBanner\">\r\n    <p class=\"promotionalText\">Visefekt\u012bv\u0101kais veids, k\u0101 apg\u016bt valodu<\/p>\r\n    <a class=\"promotionalLink\" href=\"https:\/\/app.talkpal.ai\/lv\/signup?lng=\">Izm\u0113\u0123iniet Talkpal bez maksas<\/a>\r\n<\/section>\n<div class=\"wp-block-group pageContainerStyle\"><div class=\"wp-block-group__inner-container is-layout-constrained wp-block-group-is-layout-constrained\">\n<h2 class=\"wp-block-heading\" id=\"h-azerbaijani-grammar-topics\">Azerbaid\u017e\u0101nas gramatikas t\u0113mas<\/h2>\n\n\n\n<p>Azerbaid\u017e\u0101\u0146u valoda, kas paz\u012bstama ar\u012b k\u0101 azerbaid\u017e\u0101\u0146u, ir <a href=\"https:\/\/talkpal.ai\/locations\/language-courses-in-turku\/\">turku<\/a> valoda, kur\u0101 run\u0101 galvenok\u0101rt Azerbaid\u017e\u0101n\u0101 un apk\u0101rt\u0113jos re\u0123ionos. T\u0101 ir Azerbaid\u017e\u0101nas Republikas ofici\u0101l\u0101 valoda, un <a href=\"https:\/\/talkpal.ai\/learn-thai\/\">tai<\/a> ir noz\u012bm\u012bgi run\u0101t\u0101ji Ir\u0101n\u0101, Turcij\u0101, Gruzij\u0101 un Krievij\u0101. K\u0101 azerbaid\u017e\u0101\u0146u valodas apguv\u0113jam ir svar\u012bgi saprast valodas pamataspektus, piem\u0113ram, t\u0101s gramatiku, sintaksi un v\u0101rdu kr\u0101jumu. \u0160\u012b rokasgr\u0101mata sniegs jums p\u0101rskatu par b\u016btisk\u0101m azerbaid\u017e\u0101\u0146u gramatikas t\u0113m\u0101m, kas sagrup\u0113tas lo\u0123isk\u0101 sec\u012bb\u0101, lai pal\u012bdz\u0113tu jums efekt\u012bvi un viegli apg\u016bt valodu.<\/p>\n\n\n\n<h3 class=\"wp-block-heading\" id=\"h-1-nouns-and-articles\">1. Lietv\u0101rdi un raksti:<\/h3>\n\n\n\n<p>Azerbaid\u017e\u0101\u0146u valod\u0101 lietv\u0101rdi ir teikumu pamatelementi, un izpratne par to lieto\u0161anu ir \u013coti svar\u012bga. Lietv\u0101rdiem nav dzimuma, un nav nenoteikta raksta. Tom\u0113r konkr\u0113tais pants tiek pievienots k\u0101 sufikss lietv\u0101rdam.<\/p>\n\n\n\n<h3 class=\"wp-block-heading\" id=\"h-2-adjectives\">2. \u012apa\u0161\u012bbas v\u0101rdi:<\/h3>\n\n\n\n<p>\u012apa\u0161\u012bbas v\u0101rdi azerbaid\u017e\u0101\u0146u valod\u0101 tiek izmantoti, lai aprakst\u012btu lietv\u0101rdus. Tie vienm\u0113r atrodas pirms lietv\u0101rda, kuru tie p\u0101rveido, un nemaina savu formu atkar\u012bb\u0101 no lietv\u0101rda dzimtes vai skait\u013ca.<\/p>\n\n\n\n<h3 class=\"wp-block-heading\" id=\"h-3-pronouns-determiners\">3. Vietniekv\u0101rdi\/noteic\u0113ji:<\/h3>\n\n\n\n<p>Vietniekv\u0101rdi tiek lietoti, lai aizst\u0101tu lietv\u0101rdus, savuk\u0101rt noteic\u0113ji tiek lietoti, lai preciz\u0113tu lietv\u0101rda daudzumu vai noteikt\u012bbu. Abas ir b\u016btiskas Azerbaid\u017e\u0101nas teikumu sast\u0101vda\u013cas.<\/p>\n\n\n\n<h3 class=\"wp-block-heading\" id=\"h-4-verbs\">4. Darb\u012bbas v\u0101rdi:<\/h3>\n\n\n\n<p>Azerbaid\u017e\u0101\u0146u darb\u012bbas v\u0101rdi ir valodas darb\u012bbas v\u0101rdi. Vi\u0146i maina savu formu atkar\u012bb\u0101 no sasprindzin\u0101juma, garast\u0101vok\u013ca un balss. Darb\u012bbas v\u0101rdu konjug\u0101cijas izpratne ir b\u016btiska Azerbaid\u017e\u0101nas gramatikas apguvei.<\/p>\n\n\n\n<h3 class=\"wp-block-heading\" id=\"h-5-tenses\">5. Sasprindzin\u0101jums:<\/h3>\n\n\n\n<p>Azerbaid\u017e\u0101\u0146u valod\u0101 ir se\u0161i laiki &#8211; tagadne, pag\u0101tne, n\u0101kotne, tagadne pabeigt\u0101, pag\u0101tne pabeigt\u0101 un n\u0101kotne pabeigt\u0101. Katram sasprindzin\u0101jumam ir savi konjug\u0101cijas noteikumi, un to izmanto, lai izteiktu darb\u012bbas vai st\u0101vok\u013cus da\u017e\u0101dos laikos.<\/p>\n\n\n\n<h3 class=\"wp-block-heading\" id=\"h-6-tense-comparison\">6. Saspringts sal\u012bdzin\u0101jums:<\/h3>\n\n\n\n<p>Laiku sal\u012bdzin\u0101\u0161ana azerbaid\u017e\u0101\u0146u valod\u0101 pal\u012bdz izprast laika un darb\u012bbu izteik\u0161anas at\u0161\u0137ir\u012bbas. T\u0101 ir b\u016btiska prasme efekt\u012bvai komunik\u0101cijai.<\/p>\n\n\n\n<h3 class=\"wp-block-heading\" id=\"h-7-progressive\">7. Progres\u012bvs:<\/h3>\n\n\n\n<p>Azerbaid\u017e\u0101nas progres\u012bvais aspekts tiek izmantots, lai aprakst\u012btu notieko\u0161\u0101s darb\u012bbas. To veido, izmantojot pal\u012bgv\u0101rdus, un tas ir b\u016btiski, lai saprastu notikumu pl\u016bsmu teikum\u0101.<\/p>\n\n\n\n<h3 class=\"wp-block-heading\" id=\"h-8-perfect-progressive\">8. Ide\u0101ls progres\u012bvs:<\/h3>\n\n\n\n<p>Perfekti progres\u012bvi sasprindzin\u0101jumi tiek izmantoti, lai aprakst\u012btu darb\u012bbas, kas s\u0101k\u0101s pag\u0101tn\u0113 un turpin\u0101s l\u012bdz tagadnei vai n\u0101kotnei. Tie apvieno perfektus un progres\u012bvus aspektus un ir b\u016btiski sare\u017e\u0123\u012btu darb\u012bbu izteik\u0161anai.<\/p>\n\n\n\n<h3 class=\"wp-block-heading\" id=\"h-9-adverbs\">9. Adverbi:<\/h3>\n\n\n\n<p>Adverbi azerbaid\u017e\u0101\u0146u valod\u0101 tiek izmantoti, lai modific\u0113tu darb\u012bbas v\u0101rdus, \u012bpa\u0161\u012bbas v\u0101rdus vai citus adverbus. Tie sniedz papildu inform\u0101ciju par darb\u012bb\u0101m vai st\u0101vok\u013ciem un ir b\u016btiski, lai izveidotu prec\u012bz\u0101kus un apraksto\u0161\u0101kus teikumus.<\/p>\n\n\n\n<h3 class=\"wp-block-heading\" id=\"h-10-conditionals\">10. Nosac\u012bjumi:<\/h3>\n\n\n\n<p>Nosac\u012bjumi tiek izmantoti, lai izteiktu hipot\u0113tiskas situ\u0101cijas un to iesp\u0113jam\u0101s sekas. Tie ir b\u016btiski, lai paustu neskaidr\u012bbas un izteiktu prognozes Azerbaid\u017e\u0101n\u0101.<\/p>\n\n\n\n<h3 class=\"wp-block-heading\" id=\"h-11-prepositions\">11. Priev\u0101rdi:<\/h3>\n\n\n\n<p>Priev\u0101rdi tiek izmantoti, lai par\u0101d\u012btu attiec\u012bbas starp lietv\u0101rdiem vai vietniekv\u0101rdiem un citiem v\u0101rdiem teikum\u0101. Tie ir b\u016btiski, lai izteiktu telpisk\u0101s, laika un lo\u0123isk\u0101s attiec\u012bbas Azerbaid\u017e\u0101n\u0101.<\/p>\n\n\n\n<h3 class=\"wp-block-heading\" id=\"h-12-sentences\">12. Teikumi:<\/h3>\n\n\n\n<p>Azerbaid\u017e\u0101\u0146u teikumi seko subjekta-objekta-verba (SOV) v\u0101rdu sec\u012bbai. Izpratne par teikumu strukt\u016bru ir b\u016btiska efekt\u012bvai sazi\u0146ai un azerbaid\u017e\u0101\u0146u valodas apguvei.<\/p>\n<\/div><\/div>\n\r\n<section class=\"learnNavigationSection\">\r\n            \r\n        <a href=\"https:\/\/talkpal.ai\/lv\/uzziniet-azerbaidzanu-valodu\/\">\r\n            <div class=\"learnNavigationWrapper\">\r\n                <div class=\"learnNavigationContent\">\r\n                    <img decoding=\"async\" src=\"https:\/\/talkpal.ai\/wp-content\/uploads\/2024\/08\/Azerbaijani.jpg\" alt=\"Azerbaijani Flag\">\r\n                    <div>\r\n                        <h4>Par azerbaid\u017e\u0101\u0146u valodas apguvi<\/h4>\r\n                        <p>Uzziniet visu par Azerbaid\u017e\u0101nas gramatiku.<\/p>\r\n                    <\/div>\r\n                <\/div>\r\n            <\/div>\r\n        <\/a>\r\n\r\n        \r\n        <a href=\"https:\/\/talkpal.ai\/lv\/azerbaidzanu-gramatika\/\">\r\n            <div class=\"learnNavigationWrapper\">\r\n                <div class=\"learnNavigationContent\">\r\n                    <img decoding=\"async\" src=\"https:\/\/talkpal.ai\/wp-content\/uploads\/2024\/08\/Azerbaijani.jpg\" alt=\"Azerbaijani Flag\">\r\n                    <div>\r\n                        <h4>Azerbaid\u017e\u0101\u0146u gramatikas stundas<\/h4>\r\n                        <p>Praktiz\u0113jiet Azerbaid\u017e\u0101nas gramatiku.<\/p>\r\n                    <\/div>\r\n                <\/div>\r\n            <\/div>\r\n        <\/a>\r\n\r\n        \r\n        <a href=\"https:\/\/talkpal.ai\/vocabulary_language\/azerbaijani\/\">\r\n            <div class=\"learnNavigationWrapper\">\r\n                <div class=\"learnNavigationContent\">\r\n                    <img decoding=\"async\" src=\"https:\/\/talkpal.ai\/wp-content\/uploads\/2024\/08\/Azerbaijani.jpg\" alt=\"Azerbaijani Flag\">\r\n                    <div>\r\n                        <h4>Azerbaid\u017e\u0101\u0146u valodas v\u0101rdn\u012bca<\/h4>\r\n                        <p>Papla\u0161iniet azerbaid\u017e\u0101\u0146u valodas v\u0101rdu kr\u0101jumu.<\/p>\r\n                    <\/div>\r\n                <\/div>\r\n            <\/div>\r\n        <\/a>\r\n\r\n            <\/section>","protected":false},"excerpt":{"rendered":"<p>Azerbaid\u017e\u0101nas gramatikas t\u0113mas Azerbaid\u017e\u0101\u0146u valoda, kas paz\u012bstama ar\u012b k\u0101 azerbaid\u017e\u0101\u0146u, ir turku valoda, kur\u0101 run\u0101 galvenok\u0101rt Azerbaid\u017e\u0101n\u0101 un apk\u0101rt\u0113jos re\u0123ionos. T\u0101 ir Azerbaid\u017e\u0101nas Republikas ofici\u0101l\u0101 valoda, un tai ir noz\u012bm\u012bgi run\u0101t\u0101ji Ir\u0101n\u0101, Turcij\u0101, Gruzij\u0101 un Krievij\u0101. K\u0101 azerbaid\u017e\u0101\u0146u valodas apguv\u0113jam ir svar\u012bgi saprast valodas pamataspektus, piem\u0113ram, t\u0101s gramatiku, sintaksi un v\u0101rdu kr\u0101jumu. \u0160\u012b rokasgr\u0101mata sniegs [&hellip;]<\/p>\n","protected":false},"author":6,"featured_media":109548,"parent":0,"menu_order":0,"comment_status":"closed","ping_status":"closed","template":"LearningContentPage.php","meta":{"_acf_changed":false,"footnotes":""},"class_list":["post-166025","page","type-page","status-publish","has-post-thumbnail","hentry"],"acf":[],"yoast_head":"<!-- This site is optimized with the Yoast SEO Premium plugin v27.2 (Yoast SEO v27.2) - https:\/\/yoast.com\/product\/yoast-seo-premium-wordpress\/ -->\n<title>Azerbaid\u017e\u0101nas gramatikas vingrin\u0101jumi - Talkpal<\/title>\n<meta name=\"description\" content=\"Uzlabojiet azerbaid\u017e\u0101\u0146u valodas prasmes ar interakt\u012bviem azerbaid\u017e\u0101\u0146u valodas gramatikas vingrin\u0101jumiem no Talkpal, j\u016bsu m\u0101ksl\u012bg\u0101 intelekta darbin\u0101tais valodas skolot\u0101js.\" \/>\n<meta name=\"robots\" content=\"index, follow, max-snippet:-1, max-image-preview:large, max-video-preview:-1\" \/>\n<link rel=\"canonical\" href=\"https:\/\/talkpal.ai\/lv\/azerbaidzanas-gramatikas-vingrinajumi\/\" \/>\n<meta property=\"og:locale\" content=\"lv_LV\" \/>\n<meta property=\"og:type\" content=\"article\" \/>\n<meta property=\"og:title\" content=\"Azerbaid\u017e\u0101nas gramatikas vingrin\u0101jumi\" \/>\n<meta property=\"og:description\" content=\"Azerbaid\u017e\u0101nas gramatikas t\u0113mas Azerbaid\u017e\u0101\u0146u valoda, kas paz\u012bstama ar\u012b k\u0101 azerbaid\u017e\u0101\u0146u, ir turku valoda, kur\u0101 run\u0101 galvenok\u0101rt Azerbaid\u017e\u0101n\u0101 un apk\u0101rt\u0113jos\" \/>\n<meta property=\"og:url\" content=\"https:\/\/talkpal.ai\/lv\/azerbaidzanas-gramatikas-vingrinajumi\/\" \/>\n<meta property=\"og:site_name\" content=\"Talkpal\" \/>\n<meta property=\"article:publisher\" content=\"https:\/\/www.facebook.com\/profile.php?id=100090733639311\" \/>\n<meta property=\"article:modified_time\" content=\"2025-05-22T21:35:43+00:00\" \/>\n<meta property=\"og:image\" content=\"https:\/\/talkpal.ai\/wp-content\/uploads\/2023\/05\/azerbaijan.png\" \/>\n\t<meta property=\"og:image:width\" content=\"512\" \/>\n\t<meta property=\"og:image:height\" content=\"512\" \/>\n\t<meta property=\"og:image:type\" content=\"image\/png\" \/>\n<meta name=\"twitter:card\" content=\"summary_large_image\" \/>\n<meta name=\"twitter:site\" content=\"@talkpalai\" \/>\n<meta name=\"twitter:label1\" content=\"Est. reading time\" \/>\n\t<meta name=\"twitter:data1\" content=\"3 minutes\" \/>\n<script type=\"application\/ld+json\" class=\"yoast-schema-graph\">{\"@context\":\"https:\/\/schema.org\",\"@graph\":[{\"@type\":\"WebPage\",\"@id\":\"https:\/\/talkpal.ai\/lv\/azerbaidzanas-gramatikas-vingrinajumi\/\",\"url\":\"https:\/\/talkpal.ai\/lv\/azerbaidzanas-gramatikas-vingrinajumi\/\",\"name\":\"Azerbaid\u017e\u0101nas gramatikas vingrin\u0101jumi - Talkpal\",\"isPartOf\":{\"@id\":\"https:\/\/talkpal.ai\/lv\/#website\"},\"primaryImageOfPage\":{\"@id\":\"https:\/\/talkpal.ai\/lv\/azerbaidzanas-gramatikas-vingrinajumi\/#primaryimage\"},\"image\":{\"@id\":\"https:\/\/talkpal.ai\/lv\/azerbaidzanas-gramatikas-vingrinajumi\/#primaryimage\"},\"thumbnailUrl\":\"https:\/\/talkpal.ai\/wp-content\/uploads\/2023\/05\/azerbaijan.png\",\"datePublished\":\"2023-06-16T11:38:32+00:00\",\"dateModified\":\"2025-05-22T21:35:43+00:00\",\"description\":\"Uzlabojiet azerbaid\u017e\u0101\u0146u valodas prasmes ar interakt\u012bviem azerbaid\u017e\u0101\u0146u valodas gramatikas vingrin\u0101jumiem no Talkpal, j\u016bsu m\u0101ksl\u012bg\u0101 intelekta darbin\u0101tais valodas skolot\u0101js.\",\"breadcrumb\":{\"@id\":\"https:\/\/talkpal.ai\/lv\/azerbaidzanas-gramatikas-vingrinajumi\/#breadcrumb\"},\"inLanguage\":\"lv-LV\",\"potentialAction\":[{\"@type\":\"ReadAction\",\"target\":[\"https:\/\/talkpal.ai\/lv\/azerbaidzanas-gramatikas-vingrinajumi\/\"]}]},{\"@type\":\"ImageObject\",\"inLanguage\":\"lv-LV\",\"@id\":\"https:\/\/talkpal.ai\/lv\/azerbaidzanas-gramatikas-vingrinajumi\/#primaryimage\",\"url\":\"https:\/\/talkpal.ai\/wp-content\/uploads\/2023\/05\/azerbaijan.png\",\"contentUrl\":\"https:\/\/talkpal.ai\/wp-content\/uploads\/2023\/05\/azerbaijan.png\",\"width\":512,\"height\":512},{\"@type\":\"BreadcrumbList\",\"@id\":\"https:\/\/talkpal.ai\/lv\/azerbaidzanas-gramatikas-vingrinajumi\/#breadcrumb\",\"itemListElement\":[{\"@type\":\"ListItem\",\"position\":1,\"name\":\"Homepage\",\"item\":\"https:\/\/talkpal.ai\/lv\/\"},{\"@type\":\"ListItem\",\"position\":2,\"name\":\"Azerbaid\u017e\u0101nas gramatikas vingrin\u0101jumi\"}]},{\"@type\":\"WebSite\",\"@id\":\"https:\/\/talkpal.ai\/lv\/#website\",\"url\":\"https:\/\/talkpal.ai\/lv\/\",\"name\":\"Talkpal\",\"description\":\"AI Language Learning\",\"publisher\":{\"@id\":\"https:\/\/talkpal.ai\/lv\/#organization\"},\"alternateName\":\"Talkpal AI\",\"potentialAction\":[{\"@type\":\"SearchAction\",\"target\":{\"@type\":\"EntryPoint\",\"urlTemplate\":\"https:\/\/talkpal.ai\/lv\/?s={search_term_string}\"},\"query-input\":{\"@type\":\"PropertyValueSpecification\",\"valueRequired\":true,\"valueName\":\"search_term_string\"}}],\"inLanguage\":\"lv-LV\"},{\"@type\":\"Organization\",\"@id\":\"https:\/\/talkpal.ai\/lv\/#organization\",\"name\":\"Talkpal, Inc.\",\"alternateName\":\"Talkpal AI\",\"url\":\"https:\/\/talkpal.ai\/lv\/\",\"logo\":{\"@type\":\"ImageObject\",\"inLanguage\":\"lv-LV\",\"@id\":\"https:\/\/talkpal.ai\/lv\/#\/schema\/logo\/image\/\",\"url\":\"https:\/\/talkpal.ai\/wp-content\/uploads\/2024\/03\/Talkpal-Logo-Icon.png\",\"contentUrl\":\"https:\/\/talkpal.ai\/wp-content\/uploads\/2024\/03\/Talkpal-Logo-Icon.png\",\"width\":2880,\"height\":2880,\"caption\":\"Talkpal, Inc.\"},\"image\":{\"@id\":\"https:\/\/talkpal.ai\/lv\/#\/schema\/logo\/image\/\"},\"sameAs\":[\"https:\/\/www.facebook.com\/profile.php?id=100090733639311\",\"https:\/\/x.com\/talkpalai\",\"https:\/\/www.linkedin.com\/company\/talkpal\/\",\"https:\/\/www.youtube.com\/@TalkPal\/\",\"https:\/\/www.tiktok.com\/@talkpal\",\"https:\/\/www.instagram.com\/talkpal_ai\/\",\"https:\/\/www.crunchbase.com\/organization\/talkpal-9cde\",\"https:\/\/www.g2.com\/products\/talkpal-for-business\/\",\"https:\/\/www.trustpilot.com\/review\/talkpal.ai\",\"https:\/\/www.capterra.com\/p\/10006800\/TalkPal\/\"],\"description\":\"Talkpal is a language learning web and mobile education app, powered by the latest AI technologies, that provides engaging experiences to its customers in many different languages to help them improve their language skills. Users can chat about unlimited amount of topics with the app and use other modes to practice their language learning.\",\"email\":\"support@talkpal.ai\",\"legalName\":\"Talkpal, Inc.\",\"foundingDate\":\"2023-04-03\",\"duns\":\"118989042\",\"numberOfEmployees\":{\"@type\":\"QuantitativeValue\",\"minValue\":\"11\",\"maxValue\":\"50\"},\"publishingPrinciples\":\"https:\/\/talkpal.ai\/publishing-principles\/\",\"actionableFeedbackPolicy\":\"https:\/\/talkpal.ai\/actionable-feedback-policy\/\",\"correctionsPolicy\":\"https:\/\/talkpal.ai\/corrections-policy\/\",\"ethicsPolicy\":\"https:\/\/talkpal.ai\/ethics-policy\/\",\"diversityPolicy\":\"https:\/\/talkpal.ai\/diversity-policy\/\",\"diversityStaffingReport\":\"https:\/\/talkpal.ai\/diversity-policy\/\"}]}<\/script>\n<!-- \/ Yoast SEO Premium plugin. -->","yoast_head_json":{"title":"Azerbaid\u017e\u0101nas gramatikas vingrin\u0101jumi - Talkpal","description":"Uzlabojiet azerbaid\u017e\u0101\u0146u valodas prasmes ar interakt\u012bviem azerbaid\u017e\u0101\u0146u valodas gramatikas vingrin\u0101jumiem no Talkpal, j\u016bsu m\u0101ksl\u012bg\u0101 intelekta darbin\u0101tais valodas skolot\u0101js.","robots":{"index":"index","follow":"follow","max-snippet":"max-snippet:-1","max-image-preview":"max-image-preview:large","max-video-preview":"max-video-preview:-1"},"canonical":"https:\/\/talkpal.ai\/lv\/azerbaidzanas-gramatikas-vingrinajumi\/","og_locale":"lv_LV","og_type":"article","og_title":"Azerbaid\u017e\u0101nas gramatikas vingrin\u0101jumi","og_description":"Azerbaid\u017e\u0101nas gramatikas t\u0113mas Azerbaid\u017e\u0101\u0146u valoda, kas paz\u012bstama ar\u012b k\u0101 azerbaid\u017e\u0101\u0146u, ir turku valoda, kur\u0101 run\u0101 galvenok\u0101rt Azerbaid\u017e\u0101n\u0101 un apk\u0101rt\u0113jos","og_url":"https:\/\/talkpal.ai\/lv\/azerbaidzanas-gramatikas-vingrinajumi\/","og_site_name":"Talkpal","article_publisher":"https:\/\/www.facebook.com\/profile.php?id=100090733639311","article_modified_time":"2025-05-22T21:35:43+00:00","og_image":[{"width":512,"height":512,"url":"https:\/\/talkpal.ai\/wp-content\/uploads\/2023\/05\/azerbaijan.png","type":"image\/png"}],"twitter_card":"summary_large_image","twitter_site":"@talkpalai","twitter_misc":{"Est. reading time":"3 minutes"},"schema":{"@context":"https:\/\/schema.org","@graph":[{"@type":"WebPage","@id":"https:\/\/talkpal.ai\/lv\/azerbaidzanas-gramatikas-vingrinajumi\/","url":"https:\/\/talkpal.ai\/lv\/azerbaidzanas-gramatikas-vingrinajumi\/","name":"Azerbaid\u017e\u0101nas gramatikas vingrin\u0101jumi - Talkpal","isPartOf":{"@id":"https:\/\/talkpal.ai\/lv\/#website"},"primaryImageOfPage":{"@id":"https:\/\/talkpal.ai\/lv\/azerbaidzanas-gramatikas-vingrinajumi\/#primaryimage"},"image":{"@id":"https:\/\/talkpal.ai\/lv\/azerbaidzanas-gramatikas-vingrinajumi\/#primaryimage"},"thumbnailUrl":"https:\/\/talkpal.ai\/wp-content\/uploads\/2023\/05\/azerbaijan.png","datePublished":"2023-06-16T11:38:32+00:00","dateModified":"2025-05-22T21:35:43+00:00","description":"Uzlabojiet azerbaid\u017e\u0101\u0146u valodas prasmes ar interakt\u012bviem azerbaid\u017e\u0101\u0146u valodas gramatikas vingrin\u0101jumiem no Talkpal, j\u016bsu m\u0101ksl\u012bg\u0101 intelekta darbin\u0101tais valodas skolot\u0101js.","breadcrumb":{"@id":"https:\/\/talkpal.ai\/lv\/azerbaidzanas-gramatikas-vingrinajumi\/#breadcrumb"},"inLanguage":"lv-LV","potentialAction":[{"@type":"ReadAction","target":["https:\/\/talkpal.ai\/lv\/azerbaidzanas-gramatikas-vingrinajumi\/"]}]},{"@type":"ImageObject","inLanguage":"lv-LV","@id":"https:\/\/talkpal.ai\/lv\/azerbaidzanas-gramatikas-vingrinajumi\/#primaryimage","url":"https:\/\/talkpal.ai\/wp-content\/uploads\/2023\/05\/azerbaijan.png","contentUrl":"https:\/\/talkpal.ai\/wp-content\/uploads\/2023\/05\/azerbaijan.png","width":512,"height":512},{"@type":"BreadcrumbList","@id":"https:\/\/talkpal.ai\/lv\/azerbaidzanas-gramatikas-vingrinajumi\/#breadcrumb","itemListElement":[{"@type":"ListItem","position":1,"name":"Homepage","item":"https:\/\/talkpal.ai\/lv\/"},{"@type":"ListItem","position":2,"name":"Azerbaid\u017e\u0101nas gramatikas vingrin\u0101jumi"}]},{"@type":"WebSite","@id":"https:\/\/talkpal.ai\/lv\/#website","url":"https:\/\/talkpal.ai\/lv\/","name":"Talkpal","description":"AI Language Learning","publisher":{"@id":"https:\/\/talkpal.ai\/lv\/#organization"},"alternateName":"Talkpal AI","potentialAction":[{"@type":"SearchAction","target":{"@type":"EntryPoint","urlTemplate":"https:\/\/talkpal.ai\/lv\/?s={search_term_string}"},"query-input":{"@type":"PropertyValueSpecification","valueRequired":true,"valueName":"search_term_string"}}],"inLanguage":"lv-LV"},{"@type":"Organization","@id":"https:\/\/talkpal.ai\/lv\/#organization","name":"Talkpal, Inc.","alternateName":"Talkpal AI","url":"https:\/\/talkpal.ai\/lv\/","logo":{"@type":"ImageObject","inLanguage":"lv-LV","@id":"https:\/\/talkpal.ai\/lv\/#\/schema\/logo\/image\/","url":"https:\/\/talkpal.ai\/wp-content\/uploads\/2024\/03\/Talkpal-Logo-Icon.png","contentUrl":"https:\/\/talkpal.ai\/wp-content\/uploads\/2024\/03\/Talkpal-Logo-Icon.png","width":2880,"height":2880,"caption":"Talkpal, Inc."},"image":{"@id":"https:\/\/talkpal.ai\/lv\/#\/schema\/logo\/image\/"},"sameAs":["https:\/\/www.facebook.com\/profile.php?id=100090733639311","https:\/\/x.com\/talkpalai","https:\/\/www.linkedin.com\/company\/talkpal\/","https:\/\/www.youtube.com\/@TalkPal\/","https:\/\/www.tiktok.com\/@talkpal","https:\/\/www.instagram.com\/talkpal_ai\/","https:\/\/www.crunchbase.com\/organization\/talkpal-9cde","https:\/\/www.g2.com\/products\/talkpal-for-business\/","https:\/\/www.trustpilot.com\/review\/talkpal.ai","https:\/\/www.capterra.com\/p\/10006800\/TalkPal\/"],"description":"Talkpal is a language learning web and mobile education app, powered by the latest AI technologies, that provides engaging experiences to its customers in many different languages to help them improve their language skills. Users can chat about unlimited amount of topics with the app and use other modes to practice their language learning.","email":"support@talkpal.ai","legalName":"Talkpal, Inc.","foundingDate":"2023-04-03","duns":"118989042","numberOfEmployees":{"@type":"QuantitativeValue","minValue":"11","maxValue":"50"},"publishingPrinciples":"https:\/\/talkpal.ai\/publishing-principles\/","actionableFeedbackPolicy":"https:\/\/talkpal.ai\/actionable-feedback-policy\/","correctionsPolicy":"https:\/\/talkpal.ai\/corrections-policy\/","ethicsPolicy":"https:\/\/talkpal.ai\/ethics-policy\/","diversityPolicy":"https:\/\/talkpal.ai\/diversity-policy\/","diversityStaffingReport":"https:\/\/talkpal.ai\/diversity-policy\/"}]}},"_links":{"self":[{"href":"https:\/\/talkpal.ai\/lv\/wp-json\/wp\/v2\/pages\/166025","targetHints":{"allow":["GET"]}}],"collection":[{"href":"https:\/\/talkpal.ai\/lv\/wp-json\/wp\/v2\/pages"}],"about":[{"href":"https:\/\/talkpal.ai\/lv\/wp-json\/wp\/v2\/types\/page"}],"author":[{"embeddable":true,"href":"https:\/\/talkpal.ai\/lv\/wp-json\/wp\/v2\/users\/6"}],"replies":[{"embeddable":true,"href":"https:\/\/talkpal.ai\/lv\/wp-json\/wp\/v2\/comments?post=166025"}],"version-history":[{"count":0,"href":"https:\/\/talkpal.ai\/lv\/wp-json\/wp\/v2\/pages\/166025\/revisions"}],"wp:featuredmedia":[{"embeddable":true,"href":"https:\/\/talkpal.ai\/lv\/wp-json\/wp\/v2\/media\/109548"}],"wp:attachment":[{"href":"https:\/\/talkpal.ai\/lv\/wp-json\/wp\/v2\/media?parent=166025"}],"curies":[{"name":"wp","href":"https:\/\/api.w.org\/{rel}","templated":true}]}}