{"id":165713,"date":"2023-06-16T11:55:18","date_gmt":"2023-06-16T11:55:18","guid":{"rendered":"http:\/\/talkpal.ai\/baltkrievu-valodas-gramatikas-vingrinajumi\/"},"modified":"2025-05-23T11:20:29","modified_gmt":"2025-05-23T11:20:29","slug":"baltkrievu-valodas-gramatikas-vingrinajumi","status":"publish","type":"page","link":"https:\/\/talkpal.ai\/lv\/baltkrievu-valodas-gramatikas-vingrinajumi\/","title":{"rendered":"Baltkrievu valodas gramatikas vingrin\u0101jumi"},"content":{"rendered":"\r\n\r\n\r\n<section class=\"languageChallengeSection\">\r\n    <div class=\"languageInfoWrapper\">\r\n        \r\n        <h1>Baltkrievu valodas gramatikas vingrin\u0101jumi<\/h1>\r\n        <p>V\u0113laties uzlabot <a href=\"https:\/\/talkpal.ai\/learn-belarusian\/\">baltkrievu<\/a> <a href=\"https:\/\/talkpal.ai\/what-language-is-spoken-on-the-international-space-station\/\">valodas<\/a> prasmes? Gramatikas vingrin\u0101jumu praktiz\u0113\u0161ana ir lielisks veids, k\u0101 apg\u016bt teikuma strukt\u016bru, darb\u012bbas v\u0101rdu formas un baltkrievu valodas \u012bpatn\u012bbas. S\u0101ciet p\u0113t\u012bt baltkrievu valodas gramatiku jau \u0161odien un v\u0113rojiet, k\u0101 ar katru vingrin\u0101jumu pieaug j\u016bsu izpratne un valodas pl\u016bdums!<\/p>\r\n\r\n                            <a class=\"getStartedHidden\" href=\"https:\/\/app.talkpal.ai\/lv\/signup?lng=\">S\u0101c<\/a>\r\n        \r\n    <\/div>\r\n\r\n    <figure>\r\n    <img decoding=\"async\" width=\"768\" height=\"768\" src=\"https:\/\/talkpal.ai\/wp-content\/uploads\/2023\/06\/belarusian-768x768.png\" class=\"languageImage no-lazy\" alt=\"Language learning for academic excellence\" fetchpriority=\"high\" sizes=\"(max-width: 768px) 150px, 768px\" srcset=\"https:\/\/talkpal.ai\/wp-content\/uploads\/2023\/06\/belarusian-768x768.png 768w, https:\/\/talkpal.ai\/wp-content\/uploads\/2023\/06\/belarusian-300x300.png 300w\" \/>\r\n    \r\n\r\n    <\/figure>\r\n\r\n            <a class=\"getStartedVisible\" href=\"https:\/\/app.talkpal.ai\/lv\/signup?lng=\">S\u0101c<\/a>\r\n    \r\n<\/section>\r\n\r\n\r\n<!-- <section class=\"grammarSection\">\r\n    <div class=\"grammarLinks\">\r\n            <\/div>\r\n<\/section> -->\r\n\r\n\r\n\r\n\r\n<section class=\"promotionalBanner\">\r\n    <p class=\"promotionalText\">Visefekt\u012bv\u0101kais veids, k\u0101 apg\u016bt valodu<\/p>\r\n    <a class=\"promotionalLink\" href=\"https:\/\/app.talkpal.ai\/lv\/signup?lng=\">Izm\u0113\u0123iniet Talkpal bez maksas<\/a>\r\n<\/section>\n<div class=\"wp-block-group pageContainerStyle\"><div class=\"wp-block-group__inner-container is-layout-constrained wp-block-group-is-layout-constrained\">\n<h2 class=\"wp-block-heading\" id=\"h-belarusian-grammar-topics\">Baltkrievu valodas gramatikas t\u0113mas<\/h2>\n\n\n\n<p>Baltkrievu valoda ir austrumsl\u0101vu valoda, kur\u0101 Baltkrievij\u0101 p\u0101rsvar\u0101 run\u0101 aptuveni 70% iedz\u012bvot\u0101ju. K\u0101 sl\u0101vu valodai <a href=\"https:\/\/talkpal.ai\/learn-thai\/\">tai<\/a> ir l\u012bdz\u012bbas ar <a href=\"https:\/\/talkpal.ai\/learn-russian\/\">krievu<\/a> un <a href=\"https:\/\/talkpal.ai\/lv\/uzziniet-ukrainu-valodu\/\">ukrai\u0146u valodu<\/a>, kas \u0161o valodu run\u0101t\u0101jiem atvieglo baltkrievu valodas apguvi. Tom\u0113r tam ir savas unik\u0101l\u0101s iez\u012bmes, un gramatikas apguve var b\u016bt atalgojo\u0161a pieredze valodas entuziastiem. \u0160aj\u0101 rakst\u0101 m\u0113s izp\u0113t\u012bsim b\u016btisk\u0101s baltkrievu gramatikas t\u0113mas t\u0101d\u0101 sec\u012bb\u0101, kas pal\u012bdz\u0113s jums efekt\u012bv\u0101k apg\u016bt valodu.<\/p>\n\n\n\n<h3 class=\"wp-block-heading\" id=\"h-1-nouns\">1. Lietv\u0101rdi:<\/h3>\n\n\n\n<p>S\u0101ciet, apg\u016bstot baltkrievu lietv\u0101rdus, kas var b\u016bt v\u012bri\u0161\u0137\u012bgi, sievi\u0161\u0137\u012bgi vai kastr\u0113ti. Tiem ir se\u0161i p\u0101ri: nominat\u012bvs, akuzat\u012bvs, \u0123enit\u012bvs, dat\u012bvs, instrument\u0101ls un priev\u0101rds, kas nosaka lietv\u0101rda funkciju teikum\u0101. Piev\u0113rsiet uzman\u012bbu lietv\u0101rdu galotn\u0113m un deklin\u0101cijas mode\u013ciem, jo tie pal\u012bdz\u0113s jums saprast, k\u0101 lietv\u0101rdi main\u0101s da\u017e\u0101dos gad\u012bjumos.<\/p>\n\n\n\n<h3 class=\"wp-block-heading\" id=\"h-2-articles\">2. Raksti:<\/h3>\n\n\n\n<p>At\u0161\u0137ir\u012bb\u0101 no <a href=\"https:\/\/talkpal.ai\/learn-english-with-ai\/\">ang\u013cu<\/a> valodas, baltkrievu valod\u0101 nav rakstu. T\u0101p\u0113c j\u016bs varat koncentr\u0113ties uz citu valodas aspektu apguvi, neuztraucoties par \u0161o t\u0113mu.<\/p>\n\n\n\n<h3 class=\"wp-block-heading\" id=\"h-3-pronouns-determiners\">3. Vietniekv\u0101rdi\/noteic\u0113ji:<\/h3>\n\n\n\n<p>P\u0113c tam apg\u016bstiet vietniekv\u0101rdus un noteic\u0113jus, kas darbojas l\u012bdz\u012bgi k\u0101 to ang\u013cu valodas ekvivalenti. Tie aizst\u0101j lietv\u0101rdus un nodod inform\u0101ciju par \u012bpa\u0161umu, daudzumu vai identit\u0101ti. Baltkrievu valod\u0101 ir person\u012bgie, piedero\u0161ie, demonstrat\u012bvie, pratino\u0161ie un <a href=\"https:\/\/talkpal.ai\/sv\/grammar\/relativa-pronomen-i-lettisk-grammatik\/\">relat\u012bvie vietniekv\u0101rdi<\/a>, un jums ir j\u0101iegaum\u0113 to formas un lietojums.<\/p>\n\n\n\n<h3 class=\"wp-block-heading\" id=\"h-4-adjectives\">4. \u012apa\u0161\u012bbas v\u0101rdi:<\/h3>\n\n\n\n<p>\u012apa\u0161\u012bbas v\u0101rdi baltkrievu valod\u0101 piekr\u012bt lietv\u0101rdam, ko tie maina dzimum\u0101, skait\u0101 un gad\u012bjum\u0101. Uzziniet \u012bpa\u0161\u012bbas v\u0101rdu galotnes un to, k\u0101 veidot sal\u012bdzino\u0161\u0101s un superlat\u012bv\u0101s pak\u0101pes, lai izteiktu da\u017e\u0101dus sal\u012bdzin\u0101\u0161anas l\u012bme\u0146us.<\/p>\n\n\n\n<h3 class=\"wp-block-heading\" id=\"h-5-verbs\">5. Darb\u012bbas v\u0101rdi:<\/h3>\n\n\n\n<p>Darb\u012bbas v\u0101rdi ir iz\u0161\u0137iro\u0161i baltkrievu valod\u0101, jo tie atspogu\u013co darb\u012bbas, valstis un notikumus. Uzziniet par darb\u012bbas v\u0101rdu konjug\u0101ciju, kas sast\u0101v no div\u0101m grup\u0101m: pirm\u0101 konjug\u0101cija (galvenok\u0101rt v\u012brie\u0161u darb\u012bbas v\u0101rdi) un otr\u0101 konjug\u0101cija (galvenok\u0101rt sievie\u0161u darb\u012bbas v\u0101rdi). Izp\u0113tiet ar\u012b imperat\u012bv\u0101s un subjunkt\u012bvas noska\u0146as un to, k\u0101 t\u0101s veidot.<\/p>\n\n\n\n<h3 class=\"wp-block-heading\" id=\"h-6-tenses\">6. Sasprindzin\u0101jums:<\/h3>\n\n\n\n<p>Baltkrievu valodai ir tr\u012bs galvenie sasprindzin\u0101jumi: pag\u0101tne, tagadne un n\u0101kotne. Uzziniet, k\u0101 veidot un izmantot \u0161os laikus, lai run\u0101tu par notikumiem un darb\u012bb\u0101m da\u017e\u0101dos laikos.<\/p>\n\n\n\n<h3 class=\"wp-block-heading\" id=\"h-7-tense-comparison\">7. Saspringts sal\u012bdzin\u0101jums:<\/h3>\n\n\n\n<p>Laiku sal\u012bdzin\u0101\u0161ana baltkrievu valod\u0101 ir b\u016btiska, lai izprastu attiec\u012bbas starp pag\u0101tnes, tagadnes un n\u0101kotnes notikumiem. Izp\u0113tiet laiku sec\u012bbu un to, k\u0101 tos izmantot sare\u017e\u0123\u012btos teikumos.<\/p>\n\n\n\n<h3 class=\"wp-block-heading\" id=\"h-8-progressive\">8. Progres\u012bvs:<\/h3>\n\n\n\n<p>Baltkrievu valoda izmanto progres\u012bvo formu, lai izteiktu notieko\u0161\u0101s darb\u012bbas. Uzziniet, k\u0101 veidot \u0161o aspektu ar atbilsto\u0161u darb\u012bbas v\u0101rdu konjug\u0101ciju un pal\u012bgv\u0101rdiem.<\/p>\n\n\n\n<h3 class=\"wp-block-heading\" id=\"h-9-perfect-progressive\">9. Ide\u0101ls progres\u012bvs:<\/h3>\n\n\n\n<p>Ide\u0101ls progres\u012bvais aspekts baltkrievu valod\u0101 apvieno pabeig\u0161anas un ilguma j\u0113dzienus. Uzziniet, k\u0101 veidot \u0161o aspektu, izmantojot pal\u012bgdarb\u012bbas v\u0101rdus un pareiz\u0101s darb\u012bbas v\u0101rdu formas.<\/p>\n\n\n\n<h3 class=\"wp-block-heading\" id=\"h-10-adverbs\">10. Adverbi:<\/h3>\n\n\n\n<p>Adverbi modific\u0113 darb\u012bbas v\u0101rdus, \u012bpa\u0161\u012bbas v\u0101rdus un citus adverbus, pievienojot teikumam vair\u0101k inform\u0101cijas. Uzziniet da\u017e\u0101dus adverbu veidus baltkrievu valod\u0101, to veido\u0161anos un izvietojumu teikum\u0101.<\/p>\n\n\n\n<h3 class=\"wp-block-heading\" id=\"h-11-prepositions\">11. Priev\u0101rdi:<\/h3>\n\n\n\n<p>Priev\u0101rdi ir b\u016btiski, lai izteiktu attiec\u012bbas starp v\u0101rdiem teikum\u0101. Uzziniet visbie\u017e\u0101k sastopamos Baltkrievijas priev\u0101rdus, to gad\u012bjumus un to, k\u0101 tos lietot ar lietv\u0101rdiem un vietniekv\u0101rdiem.<\/p>\n\n\n\n<h3 class=\"wp-block-heading\" id=\"h-12-conditionals\">12. Nosac\u012bjumi:<\/h3>\n\n\n\n<p>Nosac\u012bjumi izsaka hipot\u0113tiskas situ\u0101cijas un to sekas. Izp\u0113tiet tr\u012bs veidu nosac\u012bjumus baltkrievu valod\u0101: re\u0101lu, nere\u0101lu un jauktu, un to atbilsto\u0161\u0101s darb\u012bbas v\u0101rdu formas.<\/p>\n\n\n\n<h3 class=\"wp-block-heading\" id=\"h-13-sentences\">13. Teikumi:<\/h3>\n\n\n\n<p>Visbeidzot, uzziniet par baltkrievu teikumu strukt\u016br\u0101m, tostarp vienk\u0101r\u0161iem, saliktiem un sare\u017e\u0123\u012btiem teikumiem. Praktiz\u0113jiet da\u017e\u0101du gramatikas elementu apvieno\u0161anu, lai izveidotu teikumus un uzlabotu savas visp\u0101r\u0113j\u0101s valodas prasmes.<\/p>\n<\/div><\/div>\n\r\n<section class=\"learnNavigationSection\">\r\n            \r\n        <a href=\"https:\/\/talkpal.ai\/lv\/uzziniet-baltkrievu-valodu\/\">\r\n            <div class=\"learnNavigationWrapper\">\r\n                <div class=\"learnNavigationContent\">\r\n                    <img decoding=\"async\" src=\"https:\/\/talkpal.ai\/wp-content\/uploads\/2024\/08\/Belarusian.jpg\" alt=\"Belarusian Flag\">\r\n                    <div>\r\n                        <h4>Par baltkrievu valodas apguvi<\/h4>\r\n                        <p>Uzziniet visu par baltkrievu gramatiku.<\/p>\r\n                    <\/div>\r\n                <\/div>\r\n            <\/div>\r\n        <\/a>\r\n\r\n        \r\n        <a href=\"https:\/\/talkpal.ai\/lv\/baltkrievu-valodas-gramatika\/\">\r\n            <div class=\"learnNavigationWrapper\">\r\n                <div class=\"learnNavigationContent\">\r\n                    <img decoding=\"async\" src=\"https:\/\/talkpal.ai\/wp-content\/uploads\/2024\/08\/Belarusian.jpg\" alt=\"Belarusian Flag\">\r\n                    <div>\r\n                        <h4>Baltkrievu valodas gramatikas stundas<\/h4>\r\n                        <p>Praktiz\u0113jiet baltkrievu gramatiku.<\/p>\r\n                    <\/div>\r\n                <\/div>\r\n            <\/div>\r\n        <\/a>\r\n\r\n        \r\n        <a href=\"https:\/\/talkpal.ai\/vocabulary_language\/belarusian\/\">\r\n            <div class=\"learnNavigationWrapper\">\r\n                <div class=\"learnNavigationContent\">\r\n                    <img decoding=\"async\" src=\"https:\/\/talkpal.ai\/wp-content\/uploads\/2024\/08\/Belarusian.jpg\" alt=\"Belarusian Flag\">\r\n                    <div>\r\n                        <h4>Baltkrievu valodas v\u0101rdn\u012bca<\/h4>\r\n                        <p>Papla\u0161iniet savu baltkrievu valodas v\u0101rdu kr\u0101jumu.<\/p>\r\n                    <\/div>\r\n                <\/div>\r\n            <\/div>\r\n        <\/a>\r\n\r\n            <\/section>","protected":false},"excerpt":{"rendered":"<p>Baltkrievu valodas gramatikas t\u0113mas Baltkrievu valoda ir austrumsl\u0101vu valoda, kur\u0101 Baltkrievij\u0101 p\u0101rsvar\u0101 run\u0101 aptuveni 70% iedz\u012bvot\u0101ju. K\u0101 sl\u0101vu valodai tai ir l\u012bdz\u012bbas ar krievu un ukrai\u0146u valodu, kas \u0161o valodu run\u0101t\u0101jiem atvieglo baltkrievu valodas apguvi. Tom\u0113r tam ir savas unik\u0101l\u0101s iez\u012bmes, un gramatikas apguve var b\u016bt atalgojo\u0161a pieredze valodas entuziastiem. \u0160aj\u0101 rakst\u0101 m\u0113s izp\u0113t\u012bsim b\u016btisk\u0101s [&hellip;]<\/p>\n","protected":false},"author":6,"featured_media":110531,"parent":0,"menu_order":0,"comment_status":"closed","ping_status":"closed","template":"LearningContentPage.php","meta":{"_acf_changed":false,"footnotes":""},"class_list":["post-165713","page","type-page","status-publish","has-post-thumbnail","hentry"],"acf":[],"yoast_head":"<!-- This site is optimized with the Yoast SEO Premium plugin v27.2 (Yoast SEO v27.2) - https:\/\/yoast.com\/product\/yoast-seo-premium-wordpress\/ -->\n<title>Baltkrievu valodas gramatikas vingrin\u0101jumi - Talkpal<\/title>\n<meta name=\"description\" content=\"Nostipriniet savas baltkrievu valodas prasmes ar interakt\u012bviem baltkrievu valodas gramatikas vingrin\u0101jumiem no Talkpal, j\u016bsu m\u0101ksl\u012bg\u0101 intelekta darbin\u0101m\u0101 valodas skolot\u0101ja.\" \/>\n<meta name=\"robots\" content=\"index, follow, max-snippet:-1, max-image-preview:large, max-video-preview:-1\" \/>\n<link rel=\"canonical\" href=\"https:\/\/talkpal.ai\/lv\/baltkrievu-valodas-gramatikas-vingrinajumi\/\" \/>\n<meta property=\"og:locale\" content=\"lv_LV\" \/>\n<meta property=\"og:type\" content=\"article\" \/>\n<meta property=\"og:title\" content=\"Baltkrievu valodas gramatikas vingrin\u0101jumi\" \/>\n<meta property=\"og:description\" content=\"Baltkrievu valodas gramatikas t\u0113mas Baltkrievu valoda ir austrumsl\u0101vu valoda, kur\u0101 Baltkrievij\u0101 p\u0101rsvar\u0101 run\u0101 aptuveni 70% iedz\u012bvot\u0101ju. K\u0101 sl\u0101vu valodai\" \/>\n<meta property=\"og:url\" content=\"https:\/\/talkpal.ai\/lv\/baltkrievu-valodas-gramatikas-vingrinajumi\/\" \/>\n<meta property=\"og:site_name\" content=\"Talkpal\" \/>\n<meta property=\"article:publisher\" content=\"https:\/\/www.facebook.com\/profile.php?id=100090733639311\" \/>\n<meta property=\"article:modified_time\" content=\"2025-05-23T11:20:29+00:00\" \/>\n<meta property=\"og:image\" content=\"https:\/\/talkpal.ai\/wp-content\/uploads\/2023\/05\/belarus.png\" \/>\n\t<meta property=\"og:image:width\" content=\"512\" \/>\n\t<meta property=\"og:image:height\" content=\"512\" \/>\n\t<meta property=\"og:image:type\" content=\"image\/png\" \/>\n<meta name=\"twitter:card\" content=\"summary_large_image\" \/>\n<meta name=\"twitter:site\" content=\"@talkpalai\" \/>\n<meta name=\"twitter:label1\" content=\"Est. reading time\" \/>\n\t<meta name=\"twitter:data1\" content=\"3 minutes\" \/>\n<script type=\"application\/ld+json\" class=\"yoast-schema-graph\">{\"@context\":\"https:\/\/schema.org\",\"@graph\":[{\"@type\":\"WebPage\",\"@id\":\"https:\/\/talkpal.ai\/lv\/baltkrievu-valodas-gramatikas-vingrinajumi\/\",\"url\":\"https:\/\/talkpal.ai\/lv\/baltkrievu-valodas-gramatikas-vingrinajumi\/\",\"name\":\"Baltkrievu valodas gramatikas vingrin\u0101jumi - Talkpal\",\"isPartOf\":{\"@id\":\"https:\/\/talkpal.ai\/lv\/#website\"},\"primaryImageOfPage\":{\"@id\":\"https:\/\/talkpal.ai\/lv\/baltkrievu-valodas-gramatikas-vingrinajumi\/#primaryimage\"},\"image\":{\"@id\":\"https:\/\/talkpal.ai\/lv\/baltkrievu-valodas-gramatikas-vingrinajumi\/#primaryimage\"},\"thumbnailUrl\":\"https:\/\/talkpal.ai\/wp-content\/uploads\/2023\/05\/belarus.png\",\"datePublished\":\"2023-06-16T11:55:18+00:00\",\"dateModified\":\"2025-05-23T11:20:29+00:00\",\"description\":\"Nostipriniet savas baltkrievu valodas prasmes ar interakt\u012bviem baltkrievu valodas gramatikas vingrin\u0101jumiem no Talkpal, j\u016bsu m\u0101ksl\u012bg\u0101 intelekta darbin\u0101m\u0101 valodas skolot\u0101ja.\",\"breadcrumb\":{\"@id\":\"https:\/\/talkpal.ai\/lv\/baltkrievu-valodas-gramatikas-vingrinajumi\/#breadcrumb\"},\"inLanguage\":\"lv-LV\",\"potentialAction\":[{\"@type\":\"ReadAction\",\"target\":[\"https:\/\/talkpal.ai\/lv\/baltkrievu-valodas-gramatikas-vingrinajumi\/\"]}]},{\"@type\":\"ImageObject\",\"inLanguage\":\"lv-LV\",\"@id\":\"https:\/\/talkpal.ai\/lv\/baltkrievu-valodas-gramatikas-vingrinajumi\/#primaryimage\",\"url\":\"https:\/\/talkpal.ai\/wp-content\/uploads\/2023\/05\/belarus.png\",\"contentUrl\":\"https:\/\/talkpal.ai\/wp-content\/uploads\/2023\/05\/belarus.png\",\"width\":512,\"height\":512},{\"@type\":\"BreadcrumbList\",\"@id\":\"https:\/\/talkpal.ai\/lv\/baltkrievu-valodas-gramatikas-vingrinajumi\/#breadcrumb\",\"itemListElement\":[{\"@type\":\"ListItem\",\"position\":1,\"name\":\"Homepage\",\"item\":\"https:\/\/talkpal.ai\/lv\/\"},{\"@type\":\"ListItem\",\"position\":2,\"name\":\"Baltkrievu valodas gramatikas vingrin\u0101jumi\"}]},{\"@type\":\"WebSite\",\"@id\":\"https:\/\/talkpal.ai\/lv\/#website\",\"url\":\"https:\/\/talkpal.ai\/lv\/\",\"name\":\"Talkpal\",\"description\":\"AI Language Learning\",\"publisher\":{\"@id\":\"https:\/\/talkpal.ai\/lv\/#organization\"},\"alternateName\":\"Talkpal AI\",\"potentialAction\":[{\"@type\":\"SearchAction\",\"target\":{\"@type\":\"EntryPoint\",\"urlTemplate\":\"https:\/\/talkpal.ai\/lv\/?s={search_term_string}\"},\"query-input\":{\"@type\":\"PropertyValueSpecification\",\"valueRequired\":true,\"valueName\":\"search_term_string\"}}],\"inLanguage\":\"lv-LV\"},{\"@type\":\"Organization\",\"@id\":\"https:\/\/talkpal.ai\/lv\/#organization\",\"name\":\"Talkpal, Inc.\",\"alternateName\":\"Talkpal AI\",\"url\":\"https:\/\/talkpal.ai\/lv\/\",\"logo\":{\"@type\":\"ImageObject\",\"inLanguage\":\"lv-LV\",\"@id\":\"https:\/\/talkpal.ai\/lv\/#\/schema\/logo\/image\/\",\"url\":\"https:\/\/talkpal.ai\/wp-content\/uploads\/2024\/03\/Talkpal-Logo-Icon.png\",\"contentUrl\":\"https:\/\/talkpal.ai\/wp-content\/uploads\/2024\/03\/Talkpal-Logo-Icon.png\",\"width\":2880,\"height\":2880,\"caption\":\"Talkpal, Inc.\"},\"image\":{\"@id\":\"https:\/\/talkpal.ai\/lv\/#\/schema\/logo\/image\/\"},\"sameAs\":[\"https:\/\/www.facebook.com\/profile.php?id=100090733639311\",\"https:\/\/x.com\/talkpalai\",\"https:\/\/www.linkedin.com\/company\/talkpal\/\",\"https:\/\/www.youtube.com\/@TalkPal\/\",\"https:\/\/www.tiktok.com\/@talkpal\",\"https:\/\/www.instagram.com\/talkpal_ai\/\",\"https:\/\/www.crunchbase.com\/organization\/talkpal-9cde\",\"https:\/\/www.g2.com\/products\/talkpal-for-business\/\",\"https:\/\/www.trustpilot.com\/review\/talkpal.ai\",\"https:\/\/www.capterra.com\/p\/10006800\/TalkPal\/\"],\"description\":\"Talkpal is a language learning web and mobile education app, powered by the latest AI technologies, that provides engaging experiences to its customers in many different languages to help them improve their language skills. Users can chat about unlimited amount of topics with the app and use other modes to practice their language learning.\",\"email\":\"support@talkpal.ai\",\"legalName\":\"Talkpal, Inc.\",\"foundingDate\":\"2023-04-03\",\"duns\":\"118989042\",\"numberOfEmployees\":{\"@type\":\"QuantitativeValue\",\"minValue\":\"11\",\"maxValue\":\"50\"},\"publishingPrinciples\":\"https:\/\/talkpal.ai\/publishing-principles\/\",\"actionableFeedbackPolicy\":\"https:\/\/talkpal.ai\/actionable-feedback-policy\/\",\"correctionsPolicy\":\"https:\/\/talkpal.ai\/corrections-policy\/\",\"ethicsPolicy\":\"https:\/\/talkpal.ai\/ethics-policy\/\",\"diversityPolicy\":\"https:\/\/talkpal.ai\/diversity-policy\/\",\"diversityStaffingReport\":\"https:\/\/talkpal.ai\/diversity-policy\/\"}]}<\/script>\n<!-- \/ Yoast SEO Premium plugin. -->","yoast_head_json":{"title":"Baltkrievu valodas gramatikas vingrin\u0101jumi - Talkpal","description":"Nostipriniet savas baltkrievu valodas prasmes ar interakt\u012bviem baltkrievu valodas gramatikas vingrin\u0101jumiem no Talkpal, j\u016bsu m\u0101ksl\u012bg\u0101 intelekta darbin\u0101m\u0101 valodas skolot\u0101ja.","robots":{"index":"index","follow":"follow","max-snippet":"max-snippet:-1","max-image-preview":"max-image-preview:large","max-video-preview":"max-video-preview:-1"},"canonical":"https:\/\/talkpal.ai\/lv\/baltkrievu-valodas-gramatikas-vingrinajumi\/","og_locale":"lv_LV","og_type":"article","og_title":"Baltkrievu valodas gramatikas vingrin\u0101jumi","og_description":"Baltkrievu valodas gramatikas t\u0113mas Baltkrievu valoda ir austrumsl\u0101vu valoda, kur\u0101 Baltkrievij\u0101 p\u0101rsvar\u0101 run\u0101 aptuveni 70% iedz\u012bvot\u0101ju. K\u0101 sl\u0101vu valodai","og_url":"https:\/\/talkpal.ai\/lv\/baltkrievu-valodas-gramatikas-vingrinajumi\/","og_site_name":"Talkpal","article_publisher":"https:\/\/www.facebook.com\/profile.php?id=100090733639311","article_modified_time":"2025-05-23T11:20:29+00:00","og_image":[{"width":512,"height":512,"url":"https:\/\/talkpal.ai\/wp-content\/uploads\/2023\/05\/belarus.png","type":"image\/png"}],"twitter_card":"summary_large_image","twitter_site":"@talkpalai","twitter_misc":{"Est. reading time":"3 minutes"},"schema":{"@context":"https:\/\/schema.org","@graph":[{"@type":"WebPage","@id":"https:\/\/talkpal.ai\/lv\/baltkrievu-valodas-gramatikas-vingrinajumi\/","url":"https:\/\/talkpal.ai\/lv\/baltkrievu-valodas-gramatikas-vingrinajumi\/","name":"Baltkrievu valodas gramatikas vingrin\u0101jumi - Talkpal","isPartOf":{"@id":"https:\/\/talkpal.ai\/lv\/#website"},"primaryImageOfPage":{"@id":"https:\/\/talkpal.ai\/lv\/baltkrievu-valodas-gramatikas-vingrinajumi\/#primaryimage"},"image":{"@id":"https:\/\/talkpal.ai\/lv\/baltkrievu-valodas-gramatikas-vingrinajumi\/#primaryimage"},"thumbnailUrl":"https:\/\/talkpal.ai\/wp-content\/uploads\/2023\/05\/belarus.png","datePublished":"2023-06-16T11:55:18+00:00","dateModified":"2025-05-23T11:20:29+00:00","description":"Nostipriniet savas baltkrievu valodas prasmes ar interakt\u012bviem baltkrievu valodas gramatikas vingrin\u0101jumiem no Talkpal, j\u016bsu m\u0101ksl\u012bg\u0101 intelekta darbin\u0101m\u0101 valodas skolot\u0101ja.","breadcrumb":{"@id":"https:\/\/talkpal.ai\/lv\/baltkrievu-valodas-gramatikas-vingrinajumi\/#breadcrumb"},"inLanguage":"lv-LV","potentialAction":[{"@type":"ReadAction","target":["https:\/\/talkpal.ai\/lv\/baltkrievu-valodas-gramatikas-vingrinajumi\/"]}]},{"@type":"ImageObject","inLanguage":"lv-LV","@id":"https:\/\/talkpal.ai\/lv\/baltkrievu-valodas-gramatikas-vingrinajumi\/#primaryimage","url":"https:\/\/talkpal.ai\/wp-content\/uploads\/2023\/05\/belarus.png","contentUrl":"https:\/\/talkpal.ai\/wp-content\/uploads\/2023\/05\/belarus.png","width":512,"height":512},{"@type":"BreadcrumbList","@id":"https:\/\/talkpal.ai\/lv\/baltkrievu-valodas-gramatikas-vingrinajumi\/#breadcrumb","itemListElement":[{"@type":"ListItem","position":1,"name":"Homepage","item":"https:\/\/talkpal.ai\/lv\/"},{"@type":"ListItem","position":2,"name":"Baltkrievu valodas gramatikas vingrin\u0101jumi"}]},{"@type":"WebSite","@id":"https:\/\/talkpal.ai\/lv\/#website","url":"https:\/\/talkpal.ai\/lv\/","name":"Talkpal","description":"AI Language Learning","publisher":{"@id":"https:\/\/talkpal.ai\/lv\/#organization"},"alternateName":"Talkpal AI","potentialAction":[{"@type":"SearchAction","target":{"@type":"EntryPoint","urlTemplate":"https:\/\/talkpal.ai\/lv\/?s={search_term_string}"},"query-input":{"@type":"PropertyValueSpecification","valueRequired":true,"valueName":"search_term_string"}}],"inLanguage":"lv-LV"},{"@type":"Organization","@id":"https:\/\/talkpal.ai\/lv\/#organization","name":"Talkpal, Inc.","alternateName":"Talkpal AI","url":"https:\/\/talkpal.ai\/lv\/","logo":{"@type":"ImageObject","inLanguage":"lv-LV","@id":"https:\/\/talkpal.ai\/lv\/#\/schema\/logo\/image\/","url":"https:\/\/talkpal.ai\/wp-content\/uploads\/2024\/03\/Talkpal-Logo-Icon.png","contentUrl":"https:\/\/talkpal.ai\/wp-content\/uploads\/2024\/03\/Talkpal-Logo-Icon.png","width":2880,"height":2880,"caption":"Talkpal, Inc."},"image":{"@id":"https:\/\/talkpal.ai\/lv\/#\/schema\/logo\/image\/"},"sameAs":["https:\/\/www.facebook.com\/profile.php?id=100090733639311","https:\/\/x.com\/talkpalai","https:\/\/www.linkedin.com\/company\/talkpal\/","https:\/\/www.youtube.com\/@TalkPal\/","https:\/\/www.tiktok.com\/@talkpal","https:\/\/www.instagram.com\/talkpal_ai\/","https:\/\/www.crunchbase.com\/organization\/talkpal-9cde","https:\/\/www.g2.com\/products\/talkpal-for-business\/","https:\/\/www.trustpilot.com\/review\/talkpal.ai","https:\/\/www.capterra.com\/p\/10006800\/TalkPal\/"],"description":"Talkpal is a language learning web and mobile education app, powered by the latest AI technologies, that provides engaging experiences to its customers in many different languages to help them improve their language skills. Users can chat about unlimited amount of topics with the app and use other modes to practice their language learning.","email":"support@talkpal.ai","legalName":"Talkpal, Inc.","foundingDate":"2023-04-03","duns":"118989042","numberOfEmployees":{"@type":"QuantitativeValue","minValue":"11","maxValue":"50"},"publishingPrinciples":"https:\/\/talkpal.ai\/publishing-principles\/","actionableFeedbackPolicy":"https:\/\/talkpal.ai\/actionable-feedback-policy\/","correctionsPolicy":"https:\/\/talkpal.ai\/corrections-policy\/","ethicsPolicy":"https:\/\/talkpal.ai\/ethics-policy\/","diversityPolicy":"https:\/\/talkpal.ai\/diversity-policy\/","diversityStaffingReport":"https:\/\/talkpal.ai\/diversity-policy\/"}]}},"_links":{"self":[{"href":"https:\/\/talkpal.ai\/lv\/wp-json\/wp\/v2\/pages\/165713","targetHints":{"allow":["GET"]}}],"collection":[{"href":"https:\/\/talkpal.ai\/lv\/wp-json\/wp\/v2\/pages"}],"about":[{"href":"https:\/\/talkpal.ai\/lv\/wp-json\/wp\/v2\/types\/page"}],"author":[{"embeddable":true,"href":"https:\/\/talkpal.ai\/lv\/wp-json\/wp\/v2\/users\/6"}],"replies":[{"embeddable":true,"href":"https:\/\/talkpal.ai\/lv\/wp-json\/wp\/v2\/comments?post=165713"}],"version-history":[{"count":0,"href":"https:\/\/talkpal.ai\/lv\/wp-json\/wp\/v2\/pages\/165713\/revisions"}],"wp:featuredmedia":[{"embeddable":true,"href":"https:\/\/talkpal.ai\/lv\/wp-json\/wp\/v2\/media\/110531"}],"wp:attachment":[{"href":"https:\/\/talkpal.ai\/lv\/wp-json\/wp\/v2\/media?parent=165713"}],"curies":[{"name":"wp","href":"https:\/\/api.w.org\/{rel}","templated":true}]}}