{"id":165038,"date":"2023-06-16T12:01:29","date_gmt":"2023-06-16T12:01:29","guid":{"rendered":"http:\/\/talkpal.ai\/bosniesu-gramatikas-vingrinajumi\/"},"modified":"2025-05-23T12:07:03","modified_gmt":"2025-05-23T12:07:03","slug":"bosniesu-gramatikas-vingrinajumi","status":"publish","type":"page","link":"https:\/\/talkpal.ai\/lv\/bosniesu-gramatikas-vingrinajumi\/","title":{"rendered":"Bosnie\u0161u gramatikas vingrin\u0101jumi"},"content":{"rendered":"\r\n\r\n\r\n<section class=\"languageChallengeSection\">\r\n    <div class=\"languageInfoWrapper\">\r\n        \r\n        <h1>Bosnie\u0161u gramatikas vingrin\u0101jumi<\/h1>\r\n        <p>Vai esat gatavs p\u0101rliecin\u0101ties par sav\u0101m sp\u0113j\u0101m <a href=\"https:\/\/talkpal.ai\/learn-bosnian\/\">bosnie\u0161u<\/a> valod\u0101? Gramatikas vingrin\u0101jumu praktiz\u0113\u0161ana ir lielisks veids, k\u0101 apg\u016bt teikuma strukt\u016bru, darb\u012bbas v\u0101rdu formas un bosnie\u0161u <a href=\"https:\/\/talkpal.ai\/what-language-is-spoken-on-the-international-space-station\/\">valodas<\/a> \u012bpatn\u012bbas. S\u0101ciet str\u0101d\u0101t ar bosnie\u0161u valodas gramatiku jau \u0161odien un redz\u0113siet, k\u0101 ar katru vingrin\u0101jumu palielin\u0101s j\u016bsu izpratne un valodas pl\u016bdums!\n\n<\/p>\r\n\r\n                            <a class=\"getStartedHidden\" href=\"https:\/\/app.talkpal.ai\/lv\/signup?lng=\">S\u0101c<\/a>\r\n        \r\n    <\/div>\r\n\r\n    <figure>\r\n    <img decoding=\"async\" width=\"768\" height=\"768\" src=\"https:\/\/talkpal.ai\/wp-content\/uploads\/2023\/06\/bosinian-768x768.png\" class=\"languageImage no-lazy\" alt=\"Language learning for increasing employability\" fetchpriority=\"high\" sizes=\"(max-width: 768px) 150px, 768px\" srcset=\"https:\/\/talkpal.ai\/wp-content\/uploads\/2023\/06\/bosinian-768x768.png 768w, https:\/\/talkpal.ai\/wp-content\/uploads\/2023\/06\/bosinian-300x300.png 300w\" \/>\r\n    \r\n\r\n    <\/figure>\r\n\r\n            <a class=\"getStartedVisible\" href=\"https:\/\/app.talkpal.ai\/lv\/signup?lng=\">S\u0101c<\/a>\r\n    \r\n<\/section>\r\n\r\n\r\n<!-- <section class=\"grammarSection\">\r\n    <div class=\"grammarLinks\">\r\n            <\/div>\r\n<\/section> -->\r\n\r\n\r\n\r\n\r\n<section class=\"promotionalBanner\">\r\n    <p class=\"promotionalText\">Visefekt\u012bv\u0101kais veids, k\u0101 apg\u016bt valodu<\/p>\r\n    <a class=\"promotionalLink\" href=\"https:\/\/app.talkpal.ai\/lv\/signup?lng=\">Izm\u0113\u0123iniet Talkpal bez maksas<\/a>\r\n<\/section>\n<div class=\"wp-block-group pageContainerStyle\"><div class=\"wp-block-group__inner-container is-layout-constrained wp-block-group-is-layout-constrained\">\n<h2 class=\"wp-block-heading\" id=\"h-bosnian-grammar-topics\">Bosnie\u0161u gramatikas t\u0113mas<\/h2>\n\n\n\n<p>Bosnie\u0161u valoda ir dienvidsl\u0101vu valoda, kur\u0101 galvenok\u0101rt run\u0101 Bosnij\u0101 un Hercegovin\u0101, Serbij\u0101, Melnkaln\u0113 un Horv\u0101tij\u0101. T\u0101 ir savstarp\u0113ji saprotama ar <a href=\"https:\/\/talkpal.ai\/learn-serbian\/\">serbu<\/a> un <a href=\"https:\/\/talkpal.ai\/lv\/uzziniet-horvatu-valodu\/\">horv\u0101tu valodu<\/a> un ir da\u013ca no standartiz\u0113t\u0101s serbu-<a href=\"https:\/\/talkpal.ai\/learn-croatian\/\">horv\u0101tu<\/a> valodas. Bosnie\u0161u valodas apguve var b\u016bt aizraujo\u0161a un atalgojo\u0161a pieredze, jo t\u0101 sniedz ieskatu Balk\u0101nu re\u0123iona bag\u0101taj\u0101 v\u0113stur\u0113, kult\u016br\u0101 un trad\u012bcij\u0101s. Lai efekt\u012bvi apg\u016btu bosnie\u0161u valodu, ir svar\u012bgi izprast t\u0101s gramatikas sist\u0113mu, kas ietver da\u017e\u0101dus sasprindzin\u0101jumus, lietv\u0101rdu un \u012bpa\u0161\u012bbas v\u0101rdu formas, k\u0101 ar\u012b teikumu strukt\u016bras. \u0160aj\u0101 ce\u013cved\u012b m\u0113s izp\u0113t\u012bsim bosnie\u0161u gramatikas t\u0113mu sec\u012bbu, lai pal\u012bdz\u0113tu jums efekt\u012bvi apg\u016bt valodu.<\/p>\n\n\n\n<h3 class=\"wp-block-heading\" id=\"h-1-nouns-and-articles\">1. Lietv\u0101rdi un raksti:<\/h3>\n\n\n\n<p>S\u0101ciet, apg\u016bstot lietv\u0101rdus, kas ir sadal\u012bti tr\u012bs dzimumos (v\u012bri\u0161\u0137ais, sievi\u0161\u0137ais, neitr\u0101ls) un kuriem ir vienskait\u013ca un daudzskait\u013ca formas. Bosnie\u0161u valod\u0101 nav lietv\u0101rdu k\u0101 <a href=\"https:\/\/talkpal.ai\/learn-english-with-ai\/\">ang\u013cu<\/a> valod\u0101, ta\u010du taj\u0101 tiek lietoti nor\u0101d\u0101mie vietniekv\u0101rdi, lai nor\u0101d\u012btu uz specifiskumu.<\/p>\n\n\n\n<h3 class=\"wp-block-heading\" id=\"h-2-adjectives\">2. \u012apa\u0161\u012bbas v\u0101rdi:<\/h3>\n\n\n\n<p>\u012apa\u0161\u012bbas v\u0101rdi sakr\u012bt ar lietv\u0101rdiem dzimt\u0113, skait\u0101 un gad\u012bjum\u0101. Uzziniet, k\u0101 veidot un lietot \u012bpa\u0161\u012bbas v\u0101rdus, lai prec\u012bzi aprakst\u012btu lietv\u0101rdus.<\/p>\n\n\n\n<h3 class=\"wp-block-heading\" id=\"h-3-pronouns-determiners\">3. Vietniekv\u0101rdi\/noteic\u0113ji:<\/h3>\n\n\n\n<p>Bosnie\u0161u vietniekv\u0101rdi un noteic\u0113ji piekr\u012bt ar\u012b lietv\u0101rdiem dzimt\u0113, skait\u0101 un gad\u012bjum\u0101. Stud\u0113jiet person\u012bgos, piedero\u0161os, demonstrat\u012bvos un pratin\u0101\u0161anas vietniekv\u0101rdus, lai uzlabotu savas komunik\u0101cijas prasmes.<\/p>\n\n\n\n<h3 class=\"wp-block-heading\" id=\"h-4-verbs\">4. Darb\u012bbas v\u0101rdi:<\/h3>\n\n\n\n<p>Iepaz\u012bstieties ar regul\u0101riem un neregul\u0101riem darb\u012bbas v\u0101rdiem, to konjug\u0101cijas mode\u013ciem un at\u0161\u0137ir\u012bbu starp perfektiem un nepiln\u012bgiem aspektiem.<\/p>\n\n\n\n<h3 class=\"wp-block-heading\" id=\"h-5-tenses\">5. Sasprindzin\u0101jums:<\/h3>\n\n\n\n<p>Bosnie\u0161u valodai ir tr\u012bs sasprindzin\u0101jumi: pag\u0101tne, tagadne un n\u0101kotne. Uzziniet, k\u0101 veidot un izmantot \u0161os laikus, lai izteiktu darb\u012bbas un notikumus da\u017e\u0101dos laika periodos.<\/p>\n\n\n\n<h3 class=\"wp-block-heading\" id=\"h-6-tense-comparison\">6. Saspringts sal\u012bdzin\u0101jums:<\/h3>\n\n\n\n<p>Izprotiet at\u0161\u0137ir\u012bbas un l\u012bdz\u012bbas starp sasprindzin\u0101jumiem, koncentr\u0113joties uz to izmanto\u0161anu da\u017e\u0101dos kontekstos.<\/p>\n\n\n\n<h3 class=\"wp-block-heading\" id=\"h-7-progressive-and-perfect-progressive\">7. Progres\u012bvs un ide\u0101ls progres\u012bvs:<\/h3>\n\n\n\n<p>Bosnie\u0161u valodai nav tie\u0161a ekvivalenta ang\u013cu progres\u012bvajiem un perfektajiem progres\u012bvajiem laikiem. Tom\u0113r t\u0101 izmanto verb\u0101lo aspektu (perfektu un nepiln\u012bgu), lai nodotu l\u012bdz\u012bgas noz\u012bmes.<\/p>\n\n\n\n<h3 class=\"wp-block-heading\" id=\"h-8-adverbs\">8. Adverbi:<\/h3>\n\n\n\n<p>Stud\u0113jiet adverbus un to izvietojumu teikumos, lai izteiktu laiku, veidu un pak\u0101pi.<\/p>\n\n\n\n<h3 class=\"wp-block-heading\" id=\"h-9-conditionals\">9. Nosac\u012bjumi:<\/h3>\n\n\n\n<p>Uzziniet, k\u0101 veidot un izmantot nosac\u012btus teikumus (re\u0101lus un nere\u0101lus), lai izteiktu hipot\u0113tiskas situ\u0101cijas un to sekas.<\/p>\n\n\n\n<h3 class=\"wp-block-heading\" id=\"h-10-prepositions\">10. Priev\u0101rdi:<\/h3>\n\n\n\n<p>Priev\u0101rdi ir b\u016btiski, lai nor\u0101d\u012btu attiec\u012bbas starp v\u0101rdiem un fr\u0101z\u0113m. Uzziniet, k\u0101 tos prec\u012bzi izmantot da\u017e\u0101dos kontekstos.<\/p>\n\n\n\n<h3 class=\"wp-block-heading\" id=\"h-11-sentences\">11. Teikumi:<\/h3>\n\n\n\n<p>Visbeidzot, praktiz\u0113jiet vienk\u0101r\u0161u un sare\u017e\u0123\u012btu teikumu veido\u0161anu, izmantojot visus apg\u016btos gramatikas elementus. Tas pal\u012bdz\u0113s jums izveidot sp\u0113c\u012bgu pamatu bosnie\u0161u valod\u0101 un \u013caus jums efekt\u012bvi sazin\u0101ties ar dzimt\u0101 valoda.<\/p>\n<\/div><\/div>\n\r\n<section class=\"learnNavigationSection\">\r\n            \r\n        <a href=\"https:\/\/talkpal.ai\/lv\/uzziniet-bosniesu-valodu\/\">\r\n            <div class=\"learnNavigationWrapper\">\r\n                <div class=\"learnNavigationContent\">\r\n                    <img decoding=\"async\" src=\"https:\/\/talkpal.ai\/wp-content\/uploads\/2024\/08\/Bosnian.jpg\" alt=\"Bosnian Flag\">\r\n                    <div>\r\n                        <h4>Par bosnie\u0161u valodas apguvi<\/h4>\r\n                        <p>Uzziniet visu par bosnie\u0161u gramatiku.<\/p>\r\n                    <\/div>\r\n                <\/div>\r\n            <\/div>\r\n        <\/a>\r\n\r\n        \r\n        <a href=\"https:\/\/talkpal.ai\/lv\/bosniesu-gramatika\/\">\r\n            <div class=\"learnNavigationWrapper\">\r\n                <div class=\"learnNavigationContent\">\r\n                    <img decoding=\"async\" src=\"https:\/\/talkpal.ai\/wp-content\/uploads\/2024\/08\/Bosnian.jpg\" alt=\"Bosnian Flag\">\r\n                    <div>\r\n                        <h4>Bosnie\u0161u gramatikas stundas<\/h4>\r\n                        <p>Praktiz\u0113jiet bosnie\u0161u gramatiku.<\/p>\r\n                    <\/div>\r\n                <\/div>\r\n            <\/div>\r\n        <\/a>\r\n\r\n        \r\n        <a href=\"https:\/\/talkpal.ai\/vocabulary_language\/bosnian\/\">\r\n            <div class=\"learnNavigationWrapper\">\r\n                <div class=\"learnNavigationContent\">\r\n                    <img decoding=\"async\" src=\"https:\/\/talkpal.ai\/wp-content\/uploads\/2024\/08\/Bosnian.jpg\" alt=\"Bosnian Flag\">\r\n                    <div>\r\n                        <h4>Bosnie\u0161u valodas v\u0101rdn\u012bca<\/h4>\r\n                        <p>Papla\u0161iniet savu bosnie\u0161u valodas v\u0101rdu kr\u0101jumu.<\/p>\r\n                    <\/div>\r\n                <\/div>\r\n            <\/div>\r\n        <\/a>\r\n\r\n            <\/section>","protected":false},"excerpt":{"rendered":"<p>Bosnie\u0161u gramatikas t\u0113mas Bosnie\u0161u valoda ir dienvidsl\u0101vu valoda, kur\u0101 galvenok\u0101rt run\u0101 Bosnij\u0101 un Hercegovin\u0101, Serbij\u0101, Melnkaln\u0113 un Horv\u0101tij\u0101. T\u0101 ir savstarp\u0113ji saprotama ar serbu un horv\u0101tu valodu un ir da\u013ca no standartiz\u0113t\u0101s serbu-horv\u0101tu valodas. Bosnie\u0161u valodas apguve var b\u016bt aizraujo\u0161a un atalgojo\u0161a pieredze, jo t\u0101 sniedz ieskatu Balk\u0101nu re\u0123iona bag\u0101taj\u0101 v\u0113stur\u0113, kult\u016br\u0101 un trad\u012bcij\u0101s. Lai [&hellip;]<\/p>\n","protected":false},"author":6,"featured_media":111317,"parent":0,"menu_order":0,"comment_status":"closed","ping_status":"closed","template":"LearningContentPage.php","meta":{"_acf_changed":false,"footnotes":""},"class_list":["post-165038","page","type-page","status-publish","has-post-thumbnail","hentry"],"acf":[],"yoast_head":"<!-- This site is optimized with the Yoast SEO Premium plugin v27.2 (Yoast SEO v27.2) - https:\/\/yoast.com\/product\/yoast-seo-premium-wordpress\/ -->\n<title>Bosnie\u0161u gramatikas vingrin\u0101jumi - Talkpal<\/title>\n<meta name=\"description\" content=\"Apg\u016bstiet bosnie\u0161u valodu, izmantojot aizraujo\u0161us bosnie\u0161u valodas gramatikas vingrin\u0101jumus, kas paredz\u0113ti, lai uzlabotu j\u016bsu izpratni par teikumu strukt\u016br\u0101m un laikiem.\" \/>\n<meta name=\"robots\" content=\"index, follow, max-snippet:-1, max-image-preview:large, max-video-preview:-1\" \/>\n<link rel=\"canonical\" href=\"https:\/\/talkpal.ai\/lv\/bosniesu-gramatikas-vingrinajumi\/\" \/>\n<meta property=\"og:locale\" content=\"lv_LV\" \/>\n<meta property=\"og:type\" content=\"article\" \/>\n<meta property=\"og:title\" content=\"Bosnie\u0161u gramatikas vingrin\u0101jumi\" \/>\n<meta property=\"og:description\" content=\"Bosnie\u0161u gramatikas t\u0113mas Bosnie\u0161u valoda ir dienvidsl\u0101vu valoda, kur\u0101 galvenok\u0101rt run\u0101 Bosnij\u0101 un Hercegovin\u0101, Serbij\u0101, Melnkaln\u0113 un Horv\u0101tij\u0101. T\u0101 ir\" \/>\n<meta property=\"og:url\" content=\"https:\/\/talkpal.ai\/lv\/bosniesu-gramatikas-vingrinajumi\/\" \/>\n<meta property=\"og:site_name\" content=\"Talkpal\" \/>\n<meta property=\"article:publisher\" content=\"https:\/\/www.facebook.com\/profile.php?id=100090733639311\" \/>\n<meta property=\"article:modified_time\" content=\"2025-05-23T12:07:03+00:00\" \/>\n<meta property=\"og:image\" content=\"https:\/\/talkpal.ai\/wp-content\/uploads\/2023\/05\/bosnia-and-herzegovina.png\" \/>\n\t<meta property=\"og:image:width\" content=\"512\" \/>\n\t<meta property=\"og:image:height\" content=\"512\" \/>\n\t<meta property=\"og:image:type\" content=\"image\/png\" \/>\n<meta name=\"twitter:card\" content=\"summary_large_image\" \/>\n<meta name=\"twitter:site\" content=\"@talkpalai\" \/>\n<meta name=\"twitter:label1\" content=\"Est. reading time\" \/>\n\t<meta name=\"twitter:data1\" content=\"3 minutes\" \/>\n<script type=\"application\/ld+json\" class=\"yoast-schema-graph\">{\"@context\":\"https:\/\/schema.org\",\"@graph\":[{\"@type\":\"WebPage\",\"@id\":\"https:\/\/talkpal.ai\/lv\/bosniesu-gramatikas-vingrinajumi\/\",\"url\":\"https:\/\/talkpal.ai\/lv\/bosniesu-gramatikas-vingrinajumi\/\",\"name\":\"Bosnie\u0161u gramatikas vingrin\u0101jumi - Talkpal\",\"isPartOf\":{\"@id\":\"https:\/\/talkpal.ai\/lv\/#website\"},\"primaryImageOfPage\":{\"@id\":\"https:\/\/talkpal.ai\/lv\/bosniesu-gramatikas-vingrinajumi\/#primaryimage\"},\"image\":{\"@id\":\"https:\/\/talkpal.ai\/lv\/bosniesu-gramatikas-vingrinajumi\/#primaryimage\"},\"thumbnailUrl\":\"https:\/\/talkpal.ai\/wp-content\/uploads\/2023\/05\/bosnia-and-herzegovina.png\",\"datePublished\":\"2023-06-16T12:01:29+00:00\",\"dateModified\":\"2025-05-23T12:07:03+00:00\",\"description\":\"Apg\u016bstiet bosnie\u0161u valodu, izmantojot aizraujo\u0161us bosnie\u0161u valodas gramatikas vingrin\u0101jumus, kas paredz\u0113ti, lai uzlabotu j\u016bsu izpratni par teikumu strukt\u016br\u0101m un laikiem.\",\"breadcrumb\":{\"@id\":\"https:\/\/talkpal.ai\/lv\/bosniesu-gramatikas-vingrinajumi\/#breadcrumb\"},\"inLanguage\":\"lv-LV\",\"potentialAction\":[{\"@type\":\"ReadAction\",\"target\":[\"https:\/\/talkpal.ai\/lv\/bosniesu-gramatikas-vingrinajumi\/\"]}]},{\"@type\":\"ImageObject\",\"inLanguage\":\"lv-LV\",\"@id\":\"https:\/\/talkpal.ai\/lv\/bosniesu-gramatikas-vingrinajumi\/#primaryimage\",\"url\":\"https:\/\/talkpal.ai\/wp-content\/uploads\/2023\/05\/bosnia-and-herzegovina.png\",\"contentUrl\":\"https:\/\/talkpal.ai\/wp-content\/uploads\/2023\/05\/bosnia-and-herzegovina.png\",\"width\":512,\"height\":512},{\"@type\":\"BreadcrumbList\",\"@id\":\"https:\/\/talkpal.ai\/lv\/bosniesu-gramatikas-vingrinajumi\/#breadcrumb\",\"itemListElement\":[{\"@type\":\"ListItem\",\"position\":1,\"name\":\"Homepage\",\"item\":\"https:\/\/talkpal.ai\/lv\/\"},{\"@type\":\"ListItem\",\"position\":2,\"name\":\"Bosnie\u0161u gramatikas vingrin\u0101jumi\"}]},{\"@type\":\"WebSite\",\"@id\":\"https:\/\/talkpal.ai\/lv\/#website\",\"url\":\"https:\/\/talkpal.ai\/lv\/\",\"name\":\"Talkpal\",\"description\":\"AI Language Learning\",\"publisher\":{\"@id\":\"https:\/\/talkpal.ai\/lv\/#organization\"},\"alternateName\":\"Talkpal AI\",\"potentialAction\":[{\"@type\":\"SearchAction\",\"target\":{\"@type\":\"EntryPoint\",\"urlTemplate\":\"https:\/\/talkpal.ai\/lv\/?s={search_term_string}\"},\"query-input\":{\"@type\":\"PropertyValueSpecification\",\"valueRequired\":true,\"valueName\":\"search_term_string\"}}],\"inLanguage\":\"lv-LV\"},{\"@type\":\"Organization\",\"@id\":\"https:\/\/talkpal.ai\/lv\/#organization\",\"name\":\"Talkpal, Inc.\",\"alternateName\":\"Talkpal AI\",\"url\":\"https:\/\/talkpal.ai\/lv\/\",\"logo\":{\"@type\":\"ImageObject\",\"inLanguage\":\"lv-LV\",\"@id\":\"https:\/\/talkpal.ai\/lv\/#\/schema\/logo\/image\/\",\"url\":\"https:\/\/talkpal.ai\/wp-content\/uploads\/2024\/03\/Talkpal-Logo-Icon.png\",\"contentUrl\":\"https:\/\/talkpal.ai\/wp-content\/uploads\/2024\/03\/Talkpal-Logo-Icon.png\",\"width\":2880,\"height\":2880,\"caption\":\"Talkpal, Inc.\"},\"image\":{\"@id\":\"https:\/\/talkpal.ai\/lv\/#\/schema\/logo\/image\/\"},\"sameAs\":[\"https:\/\/www.facebook.com\/profile.php?id=100090733639311\",\"https:\/\/x.com\/talkpalai\",\"https:\/\/www.linkedin.com\/company\/talkpal\/\",\"https:\/\/www.youtube.com\/@TalkPal\/\",\"https:\/\/www.tiktok.com\/@talkpal\",\"https:\/\/www.instagram.com\/talkpal_ai\/\",\"https:\/\/www.crunchbase.com\/organization\/talkpal-9cde\",\"https:\/\/www.g2.com\/products\/talkpal-for-business\/\",\"https:\/\/www.trustpilot.com\/review\/talkpal.ai\",\"https:\/\/www.capterra.com\/p\/10006800\/TalkPal\/\"],\"description\":\"Talkpal is a language learning web and mobile education app, powered by the latest AI technologies, that provides engaging experiences to its customers in many different languages to help them improve their language skills. Users can chat about unlimited amount of topics with the app and use other modes to practice their language learning.\",\"email\":\"support@talkpal.ai\",\"legalName\":\"Talkpal, Inc.\",\"foundingDate\":\"2023-04-03\",\"duns\":\"118989042\",\"numberOfEmployees\":{\"@type\":\"QuantitativeValue\",\"minValue\":\"11\",\"maxValue\":\"50\"},\"publishingPrinciples\":\"https:\/\/talkpal.ai\/publishing-principles\/\",\"actionableFeedbackPolicy\":\"https:\/\/talkpal.ai\/actionable-feedback-policy\/\",\"correctionsPolicy\":\"https:\/\/talkpal.ai\/corrections-policy\/\",\"ethicsPolicy\":\"https:\/\/talkpal.ai\/ethics-policy\/\",\"diversityPolicy\":\"https:\/\/talkpal.ai\/diversity-policy\/\",\"diversityStaffingReport\":\"https:\/\/talkpal.ai\/diversity-policy\/\"}]}<\/script>\n<!-- \/ Yoast SEO Premium plugin. -->","yoast_head_json":{"title":"Bosnie\u0161u gramatikas vingrin\u0101jumi - Talkpal","description":"Apg\u016bstiet bosnie\u0161u valodu, izmantojot aizraujo\u0161us bosnie\u0161u valodas gramatikas vingrin\u0101jumus, kas paredz\u0113ti, lai uzlabotu j\u016bsu izpratni par teikumu strukt\u016br\u0101m un laikiem.","robots":{"index":"index","follow":"follow","max-snippet":"max-snippet:-1","max-image-preview":"max-image-preview:large","max-video-preview":"max-video-preview:-1"},"canonical":"https:\/\/talkpal.ai\/lv\/bosniesu-gramatikas-vingrinajumi\/","og_locale":"lv_LV","og_type":"article","og_title":"Bosnie\u0161u gramatikas vingrin\u0101jumi","og_description":"Bosnie\u0161u gramatikas t\u0113mas Bosnie\u0161u valoda ir dienvidsl\u0101vu valoda, kur\u0101 galvenok\u0101rt run\u0101 Bosnij\u0101 un Hercegovin\u0101, Serbij\u0101, Melnkaln\u0113 un Horv\u0101tij\u0101. T\u0101 ir","og_url":"https:\/\/talkpal.ai\/lv\/bosniesu-gramatikas-vingrinajumi\/","og_site_name":"Talkpal","article_publisher":"https:\/\/www.facebook.com\/profile.php?id=100090733639311","article_modified_time":"2025-05-23T12:07:03+00:00","og_image":[{"width":512,"height":512,"url":"https:\/\/talkpal.ai\/wp-content\/uploads\/2023\/05\/bosnia-and-herzegovina.png","type":"image\/png"}],"twitter_card":"summary_large_image","twitter_site":"@talkpalai","twitter_misc":{"Est. reading time":"3 minutes"},"schema":{"@context":"https:\/\/schema.org","@graph":[{"@type":"WebPage","@id":"https:\/\/talkpal.ai\/lv\/bosniesu-gramatikas-vingrinajumi\/","url":"https:\/\/talkpal.ai\/lv\/bosniesu-gramatikas-vingrinajumi\/","name":"Bosnie\u0161u gramatikas vingrin\u0101jumi - Talkpal","isPartOf":{"@id":"https:\/\/talkpal.ai\/lv\/#website"},"primaryImageOfPage":{"@id":"https:\/\/talkpal.ai\/lv\/bosniesu-gramatikas-vingrinajumi\/#primaryimage"},"image":{"@id":"https:\/\/talkpal.ai\/lv\/bosniesu-gramatikas-vingrinajumi\/#primaryimage"},"thumbnailUrl":"https:\/\/talkpal.ai\/wp-content\/uploads\/2023\/05\/bosnia-and-herzegovina.png","datePublished":"2023-06-16T12:01:29+00:00","dateModified":"2025-05-23T12:07:03+00:00","description":"Apg\u016bstiet bosnie\u0161u valodu, izmantojot aizraujo\u0161us bosnie\u0161u valodas gramatikas vingrin\u0101jumus, kas paredz\u0113ti, lai uzlabotu j\u016bsu izpratni par teikumu strukt\u016br\u0101m un laikiem.","breadcrumb":{"@id":"https:\/\/talkpal.ai\/lv\/bosniesu-gramatikas-vingrinajumi\/#breadcrumb"},"inLanguage":"lv-LV","potentialAction":[{"@type":"ReadAction","target":["https:\/\/talkpal.ai\/lv\/bosniesu-gramatikas-vingrinajumi\/"]}]},{"@type":"ImageObject","inLanguage":"lv-LV","@id":"https:\/\/talkpal.ai\/lv\/bosniesu-gramatikas-vingrinajumi\/#primaryimage","url":"https:\/\/talkpal.ai\/wp-content\/uploads\/2023\/05\/bosnia-and-herzegovina.png","contentUrl":"https:\/\/talkpal.ai\/wp-content\/uploads\/2023\/05\/bosnia-and-herzegovina.png","width":512,"height":512},{"@type":"BreadcrumbList","@id":"https:\/\/talkpal.ai\/lv\/bosniesu-gramatikas-vingrinajumi\/#breadcrumb","itemListElement":[{"@type":"ListItem","position":1,"name":"Homepage","item":"https:\/\/talkpal.ai\/lv\/"},{"@type":"ListItem","position":2,"name":"Bosnie\u0161u gramatikas vingrin\u0101jumi"}]},{"@type":"WebSite","@id":"https:\/\/talkpal.ai\/lv\/#website","url":"https:\/\/talkpal.ai\/lv\/","name":"Talkpal","description":"AI Language Learning","publisher":{"@id":"https:\/\/talkpal.ai\/lv\/#organization"},"alternateName":"Talkpal AI","potentialAction":[{"@type":"SearchAction","target":{"@type":"EntryPoint","urlTemplate":"https:\/\/talkpal.ai\/lv\/?s={search_term_string}"},"query-input":{"@type":"PropertyValueSpecification","valueRequired":true,"valueName":"search_term_string"}}],"inLanguage":"lv-LV"},{"@type":"Organization","@id":"https:\/\/talkpal.ai\/lv\/#organization","name":"Talkpal, Inc.","alternateName":"Talkpal AI","url":"https:\/\/talkpal.ai\/lv\/","logo":{"@type":"ImageObject","inLanguage":"lv-LV","@id":"https:\/\/talkpal.ai\/lv\/#\/schema\/logo\/image\/","url":"https:\/\/talkpal.ai\/wp-content\/uploads\/2024\/03\/Talkpal-Logo-Icon.png","contentUrl":"https:\/\/talkpal.ai\/wp-content\/uploads\/2024\/03\/Talkpal-Logo-Icon.png","width":2880,"height":2880,"caption":"Talkpal, Inc."},"image":{"@id":"https:\/\/talkpal.ai\/lv\/#\/schema\/logo\/image\/"},"sameAs":["https:\/\/www.facebook.com\/profile.php?id=100090733639311","https:\/\/x.com\/talkpalai","https:\/\/www.linkedin.com\/company\/talkpal\/","https:\/\/www.youtube.com\/@TalkPal\/","https:\/\/www.tiktok.com\/@talkpal","https:\/\/www.instagram.com\/talkpal_ai\/","https:\/\/www.crunchbase.com\/organization\/talkpal-9cde","https:\/\/www.g2.com\/products\/talkpal-for-business\/","https:\/\/www.trustpilot.com\/review\/talkpal.ai","https:\/\/www.capterra.com\/p\/10006800\/TalkPal\/"],"description":"Talkpal is a language learning web and mobile education app, powered by the latest AI technologies, that provides engaging experiences to its customers in many different languages to help them improve their language skills. Users can chat about unlimited amount of topics with the app and use other modes to practice their language learning.","email":"support@talkpal.ai","legalName":"Talkpal, Inc.","foundingDate":"2023-04-03","duns":"118989042","numberOfEmployees":{"@type":"QuantitativeValue","minValue":"11","maxValue":"50"},"publishingPrinciples":"https:\/\/talkpal.ai\/publishing-principles\/","actionableFeedbackPolicy":"https:\/\/talkpal.ai\/actionable-feedback-policy\/","correctionsPolicy":"https:\/\/talkpal.ai\/corrections-policy\/","ethicsPolicy":"https:\/\/talkpal.ai\/ethics-policy\/","diversityPolicy":"https:\/\/talkpal.ai\/diversity-policy\/","diversityStaffingReport":"https:\/\/talkpal.ai\/diversity-policy\/"}]}},"_links":{"self":[{"href":"https:\/\/talkpal.ai\/lv\/wp-json\/wp\/v2\/pages\/165038","targetHints":{"allow":["GET"]}}],"collection":[{"href":"https:\/\/talkpal.ai\/lv\/wp-json\/wp\/v2\/pages"}],"about":[{"href":"https:\/\/talkpal.ai\/lv\/wp-json\/wp\/v2\/types\/page"}],"author":[{"embeddable":true,"href":"https:\/\/talkpal.ai\/lv\/wp-json\/wp\/v2\/users\/6"}],"replies":[{"embeddable":true,"href":"https:\/\/talkpal.ai\/lv\/wp-json\/wp\/v2\/comments?post=165038"}],"version-history":[{"count":0,"href":"https:\/\/talkpal.ai\/lv\/wp-json\/wp\/v2\/pages\/165038\/revisions"}],"wp:featuredmedia":[{"embeddable":true,"href":"https:\/\/talkpal.ai\/lv\/wp-json\/wp\/v2\/media\/111317"}],"wp:attachment":[{"href":"https:\/\/talkpal.ai\/lv\/wp-json\/wp\/v2\/media?parent=165038"}],"curies":[{"name":"wp","href":"https:\/\/api.w.org\/{rel}","templated":true}]}}