{"id":164702,"date":"2023-06-16T12:39:48","date_gmt":"2023-06-16T12:39:48","guid":{"rendered":"http:\/\/talkpal.ai\/bulgaru-valodas-gramatikas-vingrinajumi\/"},"modified":"2025-05-23T12:00:00","modified_gmt":"2025-05-23T12:00:00","slug":"bulgaru-valodas-gramatikas-vingrinajumi","status":"publish","type":"page","link":"https:\/\/talkpal.ai\/lv\/bulgaru-valodas-gramatikas-vingrinajumi\/","title":{"rendered":"Bulg\u0101ru valodas gramatikas vingrin\u0101jumi"},"content":{"rendered":"\r\n\r\n\r\n<section class=\"languageChallengeSection\">\r\n    <div class=\"languageInfoWrapper\">\r\n        \r\n        <h1>Bulg\u0101ru valodas gramatikas vingrin\u0101jumi<\/h1>\r\n        <p>V\u0113laties uzlabot savas <a href=\"https:\/\/talkpal.ai\/learn-bulgarian\/\">bulg\u0101ru<\/a> <a href=\"https:\/\/talkpal.ai\/what-language-is-spoken-on-the-international-space-station\/\">valodas<\/a> prasmes? Gramatikas vingrin\u0101jumu praktiz\u0113\u0161ana ir lielisks veids, k\u0101 apg\u016bt teikuma strukt\u016bru, darb\u012bbas v\u0101rdu formas un bulg\u0101ru valodas unik\u0101los mode\u013cus. S\u0101ciet str\u0101d\u0101t ar bulg\u0101ru valodas gramatiku jau \u0161odien un v\u0113rojiet, k\u0101 ar katru vingrin\u0101jumu aug j\u016bsu p\u0101rliec\u012bba un pl\u016bdums!<\/p>\r\n\r\n                            <a class=\"getStartedHidden\" href=\"https:\/\/app.talkpal.ai\/lv\/signup?lng=\">S\u0101c<\/a>\r\n        \r\n    <\/div>\r\n\r\n    <figure>\r\n    <img decoding=\"async\" width=\"768\" height=\"768\" src=\"https:\/\/talkpal.ai\/wp-content\/uploads\/2023\/06\/bulgarian-768x768.png\" class=\"languageImage no-lazy\" alt=\"Language learning for deeper cultural understanding\" fetchpriority=\"high\" sizes=\"(max-width: 768px) 150px, 768px\" srcset=\"https:\/\/talkpal.ai\/wp-content\/uploads\/2023\/06\/bulgarian-768x768.png 768w, https:\/\/talkpal.ai\/wp-content\/uploads\/2023\/06\/bulgarian-300x300.png 300w\" \/>\r\n    \r\n\r\n    <\/figure>\r\n\r\n            <a class=\"getStartedVisible\" href=\"https:\/\/app.talkpal.ai\/lv\/signup?lng=\">S\u0101c<\/a>\r\n    \r\n<\/section>\r\n\r\n\r\n<!-- <section class=\"grammarSection\">\r\n    <div class=\"grammarLinks\">\r\n            <\/div>\r\n<\/section> -->\r\n\r\n\r\n\r\n\r\n<section class=\"promotionalBanner\">\r\n    <p class=\"promotionalText\">Visefekt\u012bv\u0101kais veids, k\u0101 apg\u016bt valodu<\/p>\r\n    <a class=\"promotionalLink\" href=\"https:\/\/app.talkpal.ai\/lv\/signup?lng=\">Izm\u0113\u0123iniet Talkpal bez maksas<\/a>\r\n<\/section>\n<div class=\"wp-block-group pageContainerStyle\"><div class=\"wp-block-group__inner-container is-layout-constrained wp-block-group-is-layout-constrained\">\n<h2 class=\"wp-block-heading\" id=\"h-bulgarian-grammar-topics\">Bulg\u0101ru valodas gramatikas t\u0113mas<\/h2>\n\n\n\n<p>Bulg\u0101ru valoda ir dienvidsl\u0101vu valoda, kur\u0101 run\u0101 galvenok\u0101rt Bulg\u0101rij\u0101 un bulg\u0101ru kopien\u0101s kaimi\u0146valst\u012bs. T\u0101 ir Bulg\u0101rijas ofici\u0101l\u0101 valoda, t\u0101p\u0113c <a href=\"https:\/\/talkpal.ai\/learn-thai\/\">tai<\/a> ir b\u016btiska noz\u012bme valsts kult\u016br\u0101, v\u0113stur\u0113 un ikdienas dz\u012bv\u0113. Bulg\u0101ru valodas apguve var b\u016bt atalgojo\u0161a pieredze, jo t\u0101 \u013cauj izp\u0113t\u012bt bag\u0101t\u012bgo literat\u016bru, skaist\u0101s ainavas un gar\u0161\u012bgo valsts virtuvi. Lai apg\u016btu bulg\u0101ru valodu, ir svar\u012bgi saprast t\u0101s gramatiku, kurai ir unik\u0101las iez\u012bmes un strukt\u016bras. \u0160aj\u0101 ce\u013cved\u012b m\u0113s izp\u0113t\u012bsim b\u016btiskas bulg\u0101ru valodas gramatikas t\u0113mas, kas jums j\u0101apg\u016bst sec\u012bgi, lai pan\u0101ktu stabilu pamatu valod\u0101.<\/p>\n\n\n\n<h3 class=\"wp-block-heading\" id=\"h-1-nouns\">1. Lietv\u0101rdi:<\/h3>\n\n\n\n<p>Bulg\u0101ru lietv\u0101rdiem ir dzimums (v\u012bri\u0161\u0137ais, sievi\u0161\u0137ais un neitr\u0101ls), kas ir svar\u012bgi zin\u0101t, jo tas ietekm\u0113 citu v\u0101rdu formu teikum\u0101, piem\u0113ram, \u012bpa\u0161\u012bbas v\u0101rdus un rakstus. Vi\u0146iem ir ar\u012b vienskait\u013ca un daudzskait\u013ca formas, bet at\u0161\u0137ir\u012bb\u0101 no <a href=\"https:\/\/talkpal.ai\/learn-english-with-ai\/\">ang\u013cu<\/a> valodas nav gad\u012bjumu.<\/p>\n\n\n\n<h3 class=\"wp-block-heading\" id=\"h-2-articles\">2. Raksti:<\/h3>\n\n\n\n<p>Bulg\u0101ru valod\u0101 raksti ir pievienoti lietv\u0101rda beig\u0101m, ko tie p\u0101rveido. Ir noteikti un nenoteikti panti, un tie main\u0101s atkar\u012bb\u0101 no lietv\u0101rda dzimuma un skaita.<\/p>\n\n\n\n<h3 class=\"wp-block-heading\" id=\"h-3-pronouns-determiners\">3. Vietniekv\u0101rdi\/noteic\u0113ji:<\/h3>\n\n\n\n<p>Bulg\u0101ru valod\u0101 ir personiski, piedero\u0161i, demonstrat\u012bvi, pratin\u0101mi un relat\u012bvi vietniekv\u0101rdi. Vi\u0146i vienojas par dzimumu un skaitu ar lietv\u0101rdu, ko vi\u0146i aizst\u0101j vai maina. Noteic\u0113jus izmanto, lai preciz\u0113tu vai kvantific\u0113tu lietv\u0101rdus.<\/p>\n\n\n\n<h3 class=\"wp-block-heading\" id=\"h-4-adjectives\">4. \u012apa\u0161\u012bbas v\u0101rdi:<\/h3>\n\n\n\n<p>\u012apa\u0161\u012bbas v\u0101rdi bulg\u0101ru valod\u0101 p\u0113c dzimuma, skaita un noteikt\u012bbas sakr\u012bt ar lietv\u0101rdu, ko tie p\u0101rveido. Tiem ir tr\u012bs sal\u012bdzin\u0101\u0161anas pak\u0101pes &#8211; pozit\u012bv\u0101, sal\u012bdzino\u0161\u0101 un superlat\u012bv\u0101.<\/p>\n\n\n\n<h3 class=\"wp-block-heading\" id=\"h-5-adverbs\">5. Adverbi:<\/h3>\n\n\n\n<p>Adverbi modific\u0113 darb\u012bbas v\u0101rdus, \u012bpa\u0161\u012bbas v\u0101rdus vai citus adverbus. Tie nemaina formu un ir b\u016btiski, lai izteiktu laiku, vietu, veidu un pak\u0101pi.<\/p>\n\n\n\n<h3 class=\"wp-block-heading\" id=\"h-6-verbs\">6. Darb\u012bbas v\u0101rdi:<\/h3>\n\n\n\n<p>Bulg\u0101ru darb\u012bbas v\u0101rdiem ir tr\u012bs galven\u0101s konjug\u0101cijas, un tie ir inflekt\u0113ti personai, skaitlim, sasprindzin\u0101jumam, noska\u0146ojumam un balsij. Pareizas konjug\u0101cijas apguve un da\u017e\u0101du darb\u012bbas v\u0101rdu aspektu izpratne ir b\u016btiska pareizai komunik\u0101cijai.<\/p>\n\n\n\n<h3 class=\"wp-block-heading\" id=\"h-7-tenses\">7. Sasprindzin\u0101jums:<\/h3>\n\n\n\n<p>Bulg\u0101ru valod\u0101 ir tr\u012bs galvenie laiki &#8211; pag\u0101tne, tagadne un n\u0101kotne. Iem\u0101c\u012bties veidot un izmantot \u0161os laikus ir b\u016btiski, lai saprastu un izteiktu laiku bulg\u0101ru valod\u0101.<\/p>\n\n\n\n<h3 class=\"wp-block-heading\" id=\"h-8-tense-comparison\">8. Saspringts sal\u012bdzin\u0101jums:<\/h3>\n\n\n\n<p>Sp\u0113ja sal\u012bdzin\u0101t da\u017e\u0101dus laikus ir svar\u012bga, lai izprastu sare\u017e\u0123\u012btus teikumus un izteiktu da\u017e\u0101das laika attiec\u012bbas bulg\u0101ru valod\u0101.<\/p>\n\n\n\n<h3 class=\"wp-block-heading\" id=\"h-9-progressive\">9. Progres\u012bvs:<\/h3>\n\n\n\n<p>Progres\u012bvais aspekts bulg\u0101ru valod\u0101 tiek izmantots, lai aprakst\u012btu notieko\u0161\u0101s darb\u012bbas. To var veidot ar pal\u012bgv\u0101rdiem un galven\u0101 darb\u012bbas v\u0101rda pa\u0161reiz\u0113jo da\u013cu.<\/p>\n\n\n\n<h3 class=\"wp-block-heading\" id=\"h-10-perfect-progressive\">10. Ide\u0101ls progres\u012bvs:<\/h3>\n\n\n\n<p>Ide\u0101ls progres\u012bvais aspekts apvieno perfektus un progres\u012bvus aspektus, lai izteiktu darb\u012bbas, kas s\u0101k\u0101s pag\u0101tn\u0113, turpin\u0101s tagadn\u0113 un var turpin\u0101ties n\u0101kotn\u0113.<\/p>\n\n\n\n<h3 class=\"wp-block-heading\" id=\"h-11-conditionals\">11. Nosac\u012bjumi:<\/h3>\n\n\n\n<p>Bulg\u0101ru valod\u0101 ir tr\u012bs veidu nosac\u012bjuma v\u0101rdi &#8211; re\u0101lais, nere\u0101lais un potenci\u0101lais. Tos izmanto, lai izteiktu hipot\u0113tiskas vai pret\u0113jas faktiskas situ\u0101cijas, k\u0101 ar\u012b lai veiktu prognozes vai sniegtu padomus.<\/p>\n\n\n\n<h3 class=\"wp-block-heading\" id=\"h-12-prepositions\">12. Priev\u0101rdi:<\/h3>\n\n\n\n<p>Priev\u0101rdi ir b\u016btiski, lai izteiktu attiec\u012bbas starp v\u0101rdiem teikum\u0101. Tos izmanto, lai nor\u0101d\u012btu atra\u0161an\u0101s vietu, laiku, virzienu, c\u0113loni un citas attiec\u012bbas.<\/p>\n\n\n\n<h3 class=\"wp-block-heading\" id=\"h-13-sentences\">13. Teikumi:<\/h3>\n\n\n\n<p>Efekt\u012bvai sazi\u0146ai ir \u013coti svar\u012bgi iem\u0101c\u012bties veidot vienk\u0101r\u0161us un sare\u017e\u0123\u012btus teikumus bulg\u0101ru valod\u0101. Tas ietver izpratni par pareizu v\u0101rdu sec\u012bbu, subjekta un darb\u012bbas v\u0101rda vieno\u0161anos, k\u0101 ar\u012b savienojumu un citu teikumu strukt\u016bru izmanto\u0161anu.<\/p>\n<\/div><\/div>\n\r\n<section class=\"learnNavigationSection\">\r\n            \r\n        <a href=\"https:\/\/talkpal.ai\/lv\/uzziniet-bulgaru-valodu\/\">\r\n            <div class=\"learnNavigationWrapper\">\r\n                <div class=\"learnNavigationContent\">\r\n                    <img decoding=\"async\" src=\"https:\/\/talkpal.ai\/wp-content\/uploads\/2024\/08\/Bulgarian.jpg\" alt=\"Bulgarian Flag\">\r\n                    <div>\r\n                        <h4>Par bulg\u0101ru valodas apguvi<\/h4>\r\n                        <p>Uzziniet visu par bulg\u0101ru gramatiku.<\/p>\r\n                    <\/div>\r\n                <\/div>\r\n            <\/div>\r\n        <\/a>\r\n\r\n        \r\n        <a href=\"https:\/\/talkpal.ai\/lv\/bulgaru-valodas-gramatika\/\">\r\n            <div class=\"learnNavigationWrapper\">\r\n                <div class=\"learnNavigationContent\">\r\n                    <img decoding=\"async\" src=\"https:\/\/talkpal.ai\/wp-content\/uploads\/2024\/08\/Bulgarian.jpg\" alt=\"Bulgarian Flag\">\r\n                    <div>\r\n                        <h4>Bulg\u0101ru valodas gramatikas nodarb\u012bbas<\/h4>\r\n                        <p>Praktiz\u0113jiet bulg\u0101ru gramatiku.<\/p>\r\n                    <\/div>\r\n                <\/div>\r\n            <\/div>\r\n        <\/a>\r\n\r\n        \r\n        <a href=\"https:\/\/talkpal.ai\/vocabulary_language\/bulgarian\/\">\r\n            <div class=\"learnNavigationWrapper\">\r\n                <div class=\"learnNavigationContent\">\r\n                    <img decoding=\"async\" src=\"https:\/\/talkpal.ai\/wp-content\/uploads\/2024\/08\/Bulgarian.jpg\" alt=\"Bulgarian Flag\">\r\n                    <div>\r\n                        <h4>Bulg\u0101ru valodas v\u0101rdn\u012bca<\/h4>\r\n                        <p>Papla\u0161iniet savu bulg\u0101ru valodas v\u0101rdu kr\u0101jumu.<\/p>\r\n                    <\/div>\r\n                <\/div>\r\n            <\/div>\r\n        <\/a>\r\n\r\n            <\/section>","protected":false},"excerpt":{"rendered":"<p>Bulg\u0101ru valodas gramatikas t\u0113mas Bulg\u0101ru valoda ir dienvidsl\u0101vu valoda, kur\u0101 run\u0101 galvenok\u0101rt Bulg\u0101rij\u0101 un bulg\u0101ru kopien\u0101s kaimi\u0146valst\u012bs. T\u0101 ir Bulg\u0101rijas ofici\u0101l\u0101 valoda, t\u0101p\u0113c tai ir b\u016btiska noz\u012bme valsts kult\u016br\u0101, v\u0113stur\u0113 un ikdienas dz\u012bv\u0113. Bulg\u0101ru valodas apguve var b\u016bt atalgojo\u0161a pieredze, jo t\u0101 \u013cauj izp\u0113t\u012bt bag\u0101t\u012bgo literat\u016bru, skaist\u0101s ainavas un gar\u0161\u012bgo valsts virtuvi. Lai apg\u016btu bulg\u0101ru [&hellip;]<\/p>\n","protected":false},"author":6,"featured_media":111123,"parent":0,"menu_order":0,"comment_status":"closed","ping_status":"closed","template":"LearningContentPage.php","meta":{"_acf_changed":false,"footnotes":""},"class_list":["post-164702","page","type-page","status-publish","has-post-thumbnail","hentry"],"acf":[],"yoast_head":"<!-- This site is optimized with the Yoast SEO Premium plugin v27.2 (Yoast SEO v27.2) - https:\/\/yoast.com\/product\/yoast-seo-premium-wordpress\/ -->\n<title>Bulg\u0101ru valodas gramatikas vingrin\u0101jumi - Talkpal<\/title>\n<meta name=\"description\" content=\"Uzlabojiet savas valodas prasmes ar bulg\u0101ru valodas gramatikas vingrin\u0101jumiem. Apg\u016bstiet gramatiku, lai ieg\u016btu stabilus bulg\u0101ru valodas pamatus.\" \/>\n<meta name=\"robots\" content=\"index, follow, max-snippet:-1, max-image-preview:large, max-video-preview:-1\" \/>\n<link rel=\"canonical\" href=\"https:\/\/talkpal.ai\/lv\/bulgaru-valodas-gramatikas-vingrinajumi\/\" \/>\n<meta property=\"og:locale\" content=\"lv_LV\" \/>\n<meta property=\"og:type\" content=\"article\" \/>\n<meta property=\"og:title\" content=\"Bulg\u0101ru valodas gramatikas vingrin\u0101jumi\" \/>\n<meta property=\"og:description\" content=\"Bulg\u0101ru valodas gramatikas t\u0113mas Bulg\u0101ru valoda ir dienvidsl\u0101vu valoda, kur\u0101 run\u0101 galvenok\u0101rt Bulg\u0101rij\u0101 un bulg\u0101ru kopien\u0101s kaimi\u0146valst\u012bs. T\u0101 ir\" \/>\n<meta property=\"og:url\" content=\"https:\/\/talkpal.ai\/lv\/bulgaru-valodas-gramatikas-vingrinajumi\/\" \/>\n<meta property=\"og:site_name\" content=\"Talkpal\" \/>\n<meta property=\"article:publisher\" content=\"https:\/\/www.facebook.com\/profile.php?id=100090733639311\" \/>\n<meta property=\"article:modified_time\" content=\"2025-05-23T12:00:00+00:00\" \/>\n<meta property=\"og:image\" content=\"https:\/\/talkpal.ai\/wp-content\/uploads\/2023\/05\/bulgaria.png\" \/>\n\t<meta property=\"og:image:width\" content=\"512\" \/>\n\t<meta property=\"og:image:height\" content=\"512\" \/>\n\t<meta property=\"og:image:type\" content=\"image\/png\" \/>\n<meta name=\"twitter:card\" content=\"summary_large_image\" \/>\n<meta name=\"twitter:site\" content=\"@talkpalai\" \/>\n<meta name=\"twitter:label1\" content=\"Est. reading time\" \/>\n\t<meta name=\"twitter:data1\" content=\"3 minutes\" \/>\n<script type=\"application\/ld+json\" class=\"yoast-schema-graph\">{\"@context\":\"https:\/\/schema.org\",\"@graph\":[{\"@type\":\"WebPage\",\"@id\":\"https:\/\/talkpal.ai\/lv\/bulgaru-valodas-gramatikas-vingrinajumi\/\",\"url\":\"https:\/\/talkpal.ai\/lv\/bulgaru-valodas-gramatikas-vingrinajumi\/\",\"name\":\"Bulg\u0101ru valodas gramatikas vingrin\u0101jumi - Talkpal\",\"isPartOf\":{\"@id\":\"https:\/\/talkpal.ai\/lv\/#website\"},\"primaryImageOfPage\":{\"@id\":\"https:\/\/talkpal.ai\/lv\/bulgaru-valodas-gramatikas-vingrinajumi\/#primaryimage\"},\"image\":{\"@id\":\"https:\/\/talkpal.ai\/lv\/bulgaru-valodas-gramatikas-vingrinajumi\/#primaryimage\"},\"thumbnailUrl\":\"https:\/\/talkpal.ai\/wp-content\/uploads\/2023\/05\/bulgaria.png\",\"datePublished\":\"2023-06-16T12:39:48+00:00\",\"dateModified\":\"2025-05-23T12:00:00+00:00\",\"description\":\"Uzlabojiet savas valodas prasmes ar bulg\u0101ru valodas gramatikas vingrin\u0101jumiem. Apg\u016bstiet gramatiku, lai ieg\u016btu stabilus bulg\u0101ru valodas pamatus.\",\"breadcrumb\":{\"@id\":\"https:\/\/talkpal.ai\/lv\/bulgaru-valodas-gramatikas-vingrinajumi\/#breadcrumb\"},\"inLanguage\":\"lv-LV\",\"potentialAction\":[{\"@type\":\"ReadAction\",\"target\":[\"https:\/\/talkpal.ai\/lv\/bulgaru-valodas-gramatikas-vingrinajumi\/\"]}]},{\"@type\":\"ImageObject\",\"inLanguage\":\"lv-LV\",\"@id\":\"https:\/\/talkpal.ai\/lv\/bulgaru-valodas-gramatikas-vingrinajumi\/#primaryimage\",\"url\":\"https:\/\/talkpal.ai\/wp-content\/uploads\/2023\/05\/bulgaria.png\",\"contentUrl\":\"https:\/\/talkpal.ai\/wp-content\/uploads\/2023\/05\/bulgaria.png\",\"width\":512,\"height\":512},{\"@type\":\"BreadcrumbList\",\"@id\":\"https:\/\/talkpal.ai\/lv\/bulgaru-valodas-gramatikas-vingrinajumi\/#breadcrumb\",\"itemListElement\":[{\"@type\":\"ListItem\",\"position\":1,\"name\":\"Homepage\",\"item\":\"https:\/\/talkpal.ai\/lv\/\"},{\"@type\":\"ListItem\",\"position\":2,\"name\":\"Bulg\u0101ru valodas gramatikas vingrin\u0101jumi\"}]},{\"@type\":\"WebSite\",\"@id\":\"https:\/\/talkpal.ai\/lv\/#website\",\"url\":\"https:\/\/talkpal.ai\/lv\/\",\"name\":\"Talkpal\",\"description\":\"AI Language Learning\",\"publisher\":{\"@id\":\"https:\/\/talkpal.ai\/lv\/#organization\"},\"alternateName\":\"Talkpal AI\",\"potentialAction\":[{\"@type\":\"SearchAction\",\"target\":{\"@type\":\"EntryPoint\",\"urlTemplate\":\"https:\/\/talkpal.ai\/lv\/?s={search_term_string}\"},\"query-input\":{\"@type\":\"PropertyValueSpecification\",\"valueRequired\":true,\"valueName\":\"search_term_string\"}}],\"inLanguage\":\"lv-LV\"},{\"@type\":\"Organization\",\"@id\":\"https:\/\/talkpal.ai\/lv\/#organization\",\"name\":\"Talkpal, Inc.\",\"alternateName\":\"Talkpal AI\",\"url\":\"https:\/\/talkpal.ai\/lv\/\",\"logo\":{\"@type\":\"ImageObject\",\"inLanguage\":\"lv-LV\",\"@id\":\"https:\/\/talkpal.ai\/lv\/#\/schema\/logo\/image\/\",\"url\":\"https:\/\/talkpal.ai\/wp-content\/uploads\/2024\/03\/Talkpal-Logo-Icon.png\",\"contentUrl\":\"https:\/\/talkpal.ai\/wp-content\/uploads\/2024\/03\/Talkpal-Logo-Icon.png\",\"width\":2880,\"height\":2880,\"caption\":\"Talkpal, Inc.\"},\"image\":{\"@id\":\"https:\/\/talkpal.ai\/lv\/#\/schema\/logo\/image\/\"},\"sameAs\":[\"https:\/\/www.facebook.com\/profile.php?id=100090733639311\",\"https:\/\/x.com\/talkpalai\",\"https:\/\/www.linkedin.com\/company\/talkpal\/\",\"https:\/\/www.youtube.com\/@TalkPal\/\",\"https:\/\/www.tiktok.com\/@talkpal\",\"https:\/\/www.instagram.com\/talkpal_ai\/\",\"https:\/\/www.crunchbase.com\/organization\/talkpal-9cde\",\"https:\/\/www.g2.com\/products\/talkpal-for-business\/\",\"https:\/\/www.trustpilot.com\/review\/talkpal.ai\",\"https:\/\/www.capterra.com\/p\/10006800\/TalkPal\/\"],\"description\":\"Talkpal is a language learning web and mobile education app, powered by the latest AI technologies, that provides engaging experiences to its customers in many different languages to help them improve their language skills. Users can chat about unlimited amount of topics with the app and use other modes to practice their language learning.\",\"email\":\"support@talkpal.ai\",\"legalName\":\"Talkpal, Inc.\",\"foundingDate\":\"2023-04-03\",\"duns\":\"118989042\",\"numberOfEmployees\":{\"@type\":\"QuantitativeValue\",\"minValue\":\"11\",\"maxValue\":\"50\"},\"publishingPrinciples\":\"https:\/\/talkpal.ai\/publishing-principles\/\",\"actionableFeedbackPolicy\":\"https:\/\/talkpal.ai\/actionable-feedback-policy\/\",\"correctionsPolicy\":\"https:\/\/talkpal.ai\/corrections-policy\/\",\"ethicsPolicy\":\"https:\/\/talkpal.ai\/ethics-policy\/\",\"diversityPolicy\":\"https:\/\/talkpal.ai\/diversity-policy\/\",\"diversityStaffingReport\":\"https:\/\/talkpal.ai\/diversity-policy\/\"}]}<\/script>\n<!-- \/ Yoast SEO Premium plugin. -->","yoast_head_json":{"title":"Bulg\u0101ru valodas gramatikas vingrin\u0101jumi - Talkpal","description":"Uzlabojiet savas valodas prasmes ar bulg\u0101ru valodas gramatikas vingrin\u0101jumiem. Apg\u016bstiet gramatiku, lai ieg\u016btu stabilus bulg\u0101ru valodas pamatus.","robots":{"index":"index","follow":"follow","max-snippet":"max-snippet:-1","max-image-preview":"max-image-preview:large","max-video-preview":"max-video-preview:-1"},"canonical":"https:\/\/talkpal.ai\/lv\/bulgaru-valodas-gramatikas-vingrinajumi\/","og_locale":"lv_LV","og_type":"article","og_title":"Bulg\u0101ru valodas gramatikas vingrin\u0101jumi","og_description":"Bulg\u0101ru valodas gramatikas t\u0113mas Bulg\u0101ru valoda ir dienvidsl\u0101vu valoda, kur\u0101 run\u0101 galvenok\u0101rt Bulg\u0101rij\u0101 un bulg\u0101ru kopien\u0101s kaimi\u0146valst\u012bs. T\u0101 ir","og_url":"https:\/\/talkpal.ai\/lv\/bulgaru-valodas-gramatikas-vingrinajumi\/","og_site_name":"Talkpal","article_publisher":"https:\/\/www.facebook.com\/profile.php?id=100090733639311","article_modified_time":"2025-05-23T12:00:00+00:00","og_image":[{"width":512,"height":512,"url":"https:\/\/talkpal.ai\/wp-content\/uploads\/2023\/05\/bulgaria.png","type":"image\/png"}],"twitter_card":"summary_large_image","twitter_site":"@talkpalai","twitter_misc":{"Est. reading time":"3 minutes"},"schema":{"@context":"https:\/\/schema.org","@graph":[{"@type":"WebPage","@id":"https:\/\/talkpal.ai\/lv\/bulgaru-valodas-gramatikas-vingrinajumi\/","url":"https:\/\/talkpal.ai\/lv\/bulgaru-valodas-gramatikas-vingrinajumi\/","name":"Bulg\u0101ru valodas gramatikas vingrin\u0101jumi - Talkpal","isPartOf":{"@id":"https:\/\/talkpal.ai\/lv\/#website"},"primaryImageOfPage":{"@id":"https:\/\/talkpal.ai\/lv\/bulgaru-valodas-gramatikas-vingrinajumi\/#primaryimage"},"image":{"@id":"https:\/\/talkpal.ai\/lv\/bulgaru-valodas-gramatikas-vingrinajumi\/#primaryimage"},"thumbnailUrl":"https:\/\/talkpal.ai\/wp-content\/uploads\/2023\/05\/bulgaria.png","datePublished":"2023-06-16T12:39:48+00:00","dateModified":"2025-05-23T12:00:00+00:00","description":"Uzlabojiet savas valodas prasmes ar bulg\u0101ru valodas gramatikas vingrin\u0101jumiem. Apg\u016bstiet gramatiku, lai ieg\u016btu stabilus bulg\u0101ru valodas pamatus.","breadcrumb":{"@id":"https:\/\/talkpal.ai\/lv\/bulgaru-valodas-gramatikas-vingrinajumi\/#breadcrumb"},"inLanguage":"lv-LV","potentialAction":[{"@type":"ReadAction","target":["https:\/\/talkpal.ai\/lv\/bulgaru-valodas-gramatikas-vingrinajumi\/"]}]},{"@type":"ImageObject","inLanguage":"lv-LV","@id":"https:\/\/talkpal.ai\/lv\/bulgaru-valodas-gramatikas-vingrinajumi\/#primaryimage","url":"https:\/\/talkpal.ai\/wp-content\/uploads\/2023\/05\/bulgaria.png","contentUrl":"https:\/\/talkpal.ai\/wp-content\/uploads\/2023\/05\/bulgaria.png","width":512,"height":512},{"@type":"BreadcrumbList","@id":"https:\/\/talkpal.ai\/lv\/bulgaru-valodas-gramatikas-vingrinajumi\/#breadcrumb","itemListElement":[{"@type":"ListItem","position":1,"name":"Homepage","item":"https:\/\/talkpal.ai\/lv\/"},{"@type":"ListItem","position":2,"name":"Bulg\u0101ru valodas gramatikas vingrin\u0101jumi"}]},{"@type":"WebSite","@id":"https:\/\/talkpal.ai\/lv\/#website","url":"https:\/\/talkpal.ai\/lv\/","name":"Talkpal","description":"AI Language Learning","publisher":{"@id":"https:\/\/talkpal.ai\/lv\/#organization"},"alternateName":"Talkpal AI","potentialAction":[{"@type":"SearchAction","target":{"@type":"EntryPoint","urlTemplate":"https:\/\/talkpal.ai\/lv\/?s={search_term_string}"},"query-input":{"@type":"PropertyValueSpecification","valueRequired":true,"valueName":"search_term_string"}}],"inLanguage":"lv-LV"},{"@type":"Organization","@id":"https:\/\/talkpal.ai\/lv\/#organization","name":"Talkpal, Inc.","alternateName":"Talkpal AI","url":"https:\/\/talkpal.ai\/lv\/","logo":{"@type":"ImageObject","inLanguage":"lv-LV","@id":"https:\/\/talkpal.ai\/lv\/#\/schema\/logo\/image\/","url":"https:\/\/talkpal.ai\/wp-content\/uploads\/2024\/03\/Talkpal-Logo-Icon.png","contentUrl":"https:\/\/talkpal.ai\/wp-content\/uploads\/2024\/03\/Talkpal-Logo-Icon.png","width":2880,"height":2880,"caption":"Talkpal, Inc."},"image":{"@id":"https:\/\/talkpal.ai\/lv\/#\/schema\/logo\/image\/"},"sameAs":["https:\/\/www.facebook.com\/profile.php?id=100090733639311","https:\/\/x.com\/talkpalai","https:\/\/www.linkedin.com\/company\/talkpal\/","https:\/\/www.youtube.com\/@TalkPal\/","https:\/\/www.tiktok.com\/@talkpal","https:\/\/www.instagram.com\/talkpal_ai\/","https:\/\/www.crunchbase.com\/organization\/talkpal-9cde","https:\/\/www.g2.com\/products\/talkpal-for-business\/","https:\/\/www.trustpilot.com\/review\/talkpal.ai","https:\/\/www.capterra.com\/p\/10006800\/TalkPal\/"],"description":"Talkpal is a language learning web and mobile education app, powered by the latest AI technologies, that provides engaging experiences to its customers in many different languages to help them improve their language skills. Users can chat about unlimited amount of topics with the app and use other modes to practice their language learning.","email":"support@talkpal.ai","legalName":"Talkpal, Inc.","foundingDate":"2023-04-03","duns":"118989042","numberOfEmployees":{"@type":"QuantitativeValue","minValue":"11","maxValue":"50"},"publishingPrinciples":"https:\/\/talkpal.ai\/publishing-principles\/","actionableFeedbackPolicy":"https:\/\/talkpal.ai\/actionable-feedback-policy\/","correctionsPolicy":"https:\/\/talkpal.ai\/corrections-policy\/","ethicsPolicy":"https:\/\/talkpal.ai\/ethics-policy\/","diversityPolicy":"https:\/\/talkpal.ai\/diversity-policy\/","diversityStaffingReport":"https:\/\/talkpal.ai\/diversity-policy\/"}]}},"_links":{"self":[{"href":"https:\/\/talkpal.ai\/lv\/wp-json\/wp\/v2\/pages\/164702","targetHints":{"allow":["GET"]}}],"collection":[{"href":"https:\/\/talkpal.ai\/lv\/wp-json\/wp\/v2\/pages"}],"about":[{"href":"https:\/\/talkpal.ai\/lv\/wp-json\/wp\/v2\/types\/page"}],"author":[{"embeddable":true,"href":"https:\/\/talkpal.ai\/lv\/wp-json\/wp\/v2\/users\/6"}],"replies":[{"embeddable":true,"href":"https:\/\/talkpal.ai\/lv\/wp-json\/wp\/v2\/comments?post=164702"}],"version-history":[{"count":0,"href":"https:\/\/talkpal.ai\/lv\/wp-json\/wp\/v2\/pages\/164702\/revisions"}],"wp:featuredmedia":[{"embeddable":true,"href":"https:\/\/talkpal.ai\/lv\/wp-json\/wp\/v2\/media\/111123"}],"wp:attachment":[{"href":"https:\/\/talkpal.ai\/lv\/wp-json\/wp\/v2\/media?parent=164702"}],"curies":[{"name":"wp","href":"https:\/\/api.w.org\/{rel}","templated":true}]}}