{"id":164438,"date":"2023-06-16T12:49:04","date_gmt":"2023-06-16T12:49:04","guid":{"rendered":"http:\/\/talkpal.ai\/katalanu-gramatikas-vingrinajumi\/"},"modified":"2025-05-23T13:32:27","modified_gmt":"2025-05-23T13:32:27","slug":"katalanu-gramatikas-vingrinajumi","status":"publish","type":"page","link":"https:\/\/talkpal.ai\/lv\/katalanu-gramatikas-vingrinajumi\/","title":{"rendered":"Katal\u0101\u0146u gramatikas vingrin\u0101jumi"},"content":{"rendered":"\r\n\r\n\r\n<section class=\"languageChallengeSection\">\r\n    <div class=\"languageInfoWrapper\">\r\n        \r\n        <h1>Katal\u0101\u0146u gramatikas vingrin\u0101jumi<\/h1>\r\n        <p>V\u0113laties ieg\u016bt liel\u0101ku p\u0101rliec\u012bbu <a href=\"https:\/\/talkpal.ai\/learn-catalan\/\">katal\u0101\u0146u<\/a> valod\u0101? Gramatikas vingrin\u0101jumu praktiz\u0113\u0161ana ir lielisks veids, k\u0101 apg\u016bt teikuma strukt\u016bru, darb\u012bbas v\u0101rdu formas un katal\u0101\u0146u <a href=\"https:\/\/talkpal.ai\/what-language-is-spoken-on-the-international-space-station\/\">valodas<\/a> \u012bpatn\u012bbas. S\u0101ciet str\u0101d\u0101t ar katal\u0101\u0146u valodas gramatiku jau \u0161odien un skatieties, k\u0101 ar katru vingrin\u0101jumu aug j\u016bsu izpratne un valodas pl\u016bdums!<\/p>\r\n\r\n                            <a class=\"getStartedHidden\" href=\"https:\/\/app.talkpal.ai\/lv\/signup?lng=\">S\u0101c<\/a>\r\n        \r\n    <\/div>\r\n\r\n    <figure>\r\n    <img decoding=\"async\" width=\"768\" height=\"768\" src=\"https:\/\/talkpal.ai\/wp-content\/uploads\/2023\/06\/catalan-768x768.png\" class=\"languageImage no-lazy\" alt=\"Language learning techniques for fast learning\" fetchpriority=\"high\" sizes=\"(max-width: 768px) 150px, 768px\" srcset=\"https:\/\/talkpal.ai\/wp-content\/uploads\/2023\/06\/catalan-768x768.png 768w, https:\/\/talkpal.ai\/wp-content\/uploads\/2023\/06\/catalan-300x300.png 300w\" \/>\r\n    \r\n\r\n    <\/figure>\r\n\r\n            <a class=\"getStartedVisible\" href=\"https:\/\/app.talkpal.ai\/lv\/signup?lng=\">S\u0101c<\/a>\r\n    \r\n<\/section>\r\n\r\n\r\n<!-- <section class=\"grammarSection\">\r\n    <div class=\"grammarLinks\">\r\n            <\/div>\r\n<\/section> -->\r\n\r\n\r\n\r\n\r\n<section class=\"promotionalBanner\">\r\n    <p class=\"promotionalText\">Visefekt\u012bv\u0101kais veids, k\u0101 apg\u016bt valodu<\/p>\r\n    <a class=\"promotionalLink\" href=\"https:\/\/app.talkpal.ai\/lv\/signup?lng=\">Izm\u0113\u0123iniet Talkpal bez maksas<\/a>\r\n<\/section>\n<div class=\"wp-block-group pageContainerStyle\"><div class=\"wp-block-group__inner-container is-layout-constrained wp-block-group-is-layout-constrained\">\n<h2 class=\"wp-block-heading\" id=\"h-catalan-grammar-topics\">Katal\u0101\u0146u gramatikas t\u0113mas<\/h2>\n\n\n\n<p>Katal\u0101\u0146u valoda, rom\u0101\u0146u valoda, kur\u0101 run\u0101 miljoniem cilv\u0113ku Katalonijas re\u0123ion\u0101 Sp\u0101nij\u0101 un da\u013c\u0101 It\u0101lijas un Francijas, ir skaista un dinamiska valoda ar bag\u0101tu v\u0113sturi. Katal\u0101\u0146u valodas apguve var b\u016bt pat\u012bkama un atalgojo\u0161a pieredze, paverot jaunus kult\u016bras un valodas apv\u0101r\u0161\u0146us. Lai pareizi apg\u016btu \u0161o valodu, ir svar\u012bgi apg\u016bt t\u0101s gramatiku. Katal\u0101\u0146u <a href=\"https:\/\/talkpal.ai\/sq\/gramatika\/\">gramatika<\/a>, t\u0101pat k\u0101 jebkuras citas valodas gramatika, ir noteikumu sist\u0113ma, kas regul\u0113 fr\u0101\u017eu un teikumu uzb\u016bvi. \u0160aj\u0101 rakst\u0101 m\u0113s izp\u0113t\u012bsim katal\u0101\u0146u gramatikas galvenos aspektus lo\u0123isk\u0101 sec\u012bb\u0101, nodro\u0161inot stabilu pamatu j\u016bsu valodu apguves ce\u013cojumam.<\/p>\n\n\n\n<h3 class=\"wp-block-heading\" id=\"h-1-nouns-and-articles\">1. Lietv\u0101rdi un raksti:<\/h3>\n\n\n\n<p>S\u0101ciet, apg\u016bstot katal\u0101\u0146u lietv\u0101rdus, kuriem ir dzimumi (v\u012brie\u0161u vai sievie\u0161u) un skait\u013ci (vienskaitlis vai daudzskaitlis). Noteikti un nenoteikti raksti katal\u0101\u0146u valod\u0101 main\u0101s ar\u012b atkar\u012bb\u0101 no dzimuma un skaita, padarot tos par b\u016btisku s\u0101kumpunktu teikumu veido\u0161anai.<\/p>\n\n\n\n<h3 class=\"wp-block-heading\" id=\"h-2-adjectives\">2. \u012apa\u0161\u012bbas v\u0101rdi:<\/h3>\n\n\n\n<p>\u012apa\u0161\u012bbas v\u0101rdi katal\u0101\u0146u valod\u0101 piekr\u012bt lietv\u0101rdiem, kurus tie maina p\u0113c dzimuma un skaita. Uzziniet, k\u0101 veidot un pozicion\u0113t \u012bpa\u0161\u012bbas v\u0101rdus, lai prec\u012bzi aprakst\u012btu lietv\u0101rdu \u012bpa\u0161\u012bbas.<\/p>\n\n\n\n<h3 class=\"wp-block-heading\" id=\"h-3-pronouns-determiners\">3. Vietniekv\u0101rdi\/noteic\u0113ji:<\/h3>\n\n\n\n<p>Vietniekv\u0101rdi aizst\u0101j lietv\u0101rdus, lai izvair\u012btos no atk\u0101rto\u0161an\u0101s, savuk\u0101rt noteic\u0113ji tos nor\u0101da vai kvantific\u0113. Apg\u016bstiet da\u017e\u0101da veida vietniekv\u0101rdus (subjekts, objekts, refleks\u012bvs) un noteic\u0113jus (demonstrat\u012bvs, piedero\u0161s, jaut\u0101jo\u0161s), lai pievienotu da\u017e\u0101d\u012bbu saviem teikumiem.<\/p>\n\n\n\n<h3 class=\"wp-block-heading\" id=\"h-4-verbs-and-tenses\">4. Darb\u012bbas v\u0101rdi un sasprindzin\u0101jumi:<\/h3>\n\n\n\n<p>Katal\u0101\u0146u darb\u012bbas v\u0101rdi tiek konjug\u0113ti atbilsto\u0161i to sasprindzin\u0101jumam, noska\u0146ojumam un personai. Apg\u016bstiet regul\u0101r\u0101s un neregul\u0101r\u0101s darb\u012bbas v\u0101rdu formas tagadn\u0113, pag\u0101tn\u0113 un n\u0101kotn\u0113, k\u0101 ar\u012b oblig\u0101to noska\u0146ojumu komandu do\u0161anai.<\/p>\n\n\n\n<h3 class=\"wp-block-heading\" id=\"h-5-tense-comparison\">5. Saspringts sal\u012bdzin\u0101jums:<\/h3>\n\n\n\n<p>Saprast, k\u0101 sal\u012bdzin\u0101t da\u017e\u0101dus laikus katal\u0101\u0146u valod\u0101, lai izteiktu darb\u012bbas vai st\u0101vok\u013cus, kas notiek da\u017e\u0101dos laikos.<\/p>\n\n\n\n<h3 class=\"wp-block-heading\" id=\"h-6-progressive-and-perfect-progressive\">6. Progres\u012bvs un ide\u0101ls progres\u012bvs:<\/h3>\n\n\n\n<p>Progres\u012bv\u0101 forma nor\u0101da uz notieko\u0161u darb\u012bbu, savuk\u0101rt ide\u0101ls progres\u012bvais apvieno progres\u012bvos un perfektos aspektus. Uzziniet, k\u0101 veidot un izmantot \u0161\u012bs konstrukcijas, lai izteiktu nepabeigtas darb\u012bbas vai pabeigtas darb\u012bbas ar past\u0101v\u012bgu noz\u012bmi.<\/p>\n\n\n\n<h3 class=\"wp-block-heading\" id=\"h-7-adverbs\">7. Adverbi:<\/h3>\n\n\n\n<p>Adverbi modific\u0113 darb\u012bbas v\u0101rdus, \u012bpa\u0161\u012bbas v\u0101rdus vai citus adverbus, lai sniegtu papildu inform\u0101ciju par darb\u012bb\u0101m vai \u012bpa\u0161\u012bb\u0101m. Uzziniet da\u017e\u0101dus adverbu veidus un to izvietojumu teikumos.<\/p>\n\n\n\n<h3 class=\"wp-block-heading\" id=\"h-8-prepositions\">8. Priev\u0101rdi:<\/h3>\n\n\n\n<p>Priev\u0101rdi saista lietv\u0101rdus, vietniekv\u0101rdus vai citus elementus teikum\u0101, lai nor\u0101d\u012btu uz attiec\u012bb\u0101m, piem\u0113ram, atra\u0161an\u0101s vietu, laiku vai virzienu. Iepaz\u012bstieties ar visizplat\u012bt\u0101kajiem katal\u0101\u0146u priev\u0101rdiem un to lieto\u0161anu.<\/p>\n\n\n\n<h3 class=\"wp-block-heading\" id=\"h-9-conditionals\">9. Nosac\u012bjumi:<\/h3>\n\n\n\n<p>Nosac\u012bjumi izsaka hipot\u0113tiskas situ\u0101cijas vai apst\u0101k\u013cus un to sekas. Uzziniet da\u017e\u0101dus nosac\u012bjumu veidus (nulle, pirmais, otrais, tre\u0161ais) un to, k\u0101 tos pareizi veidot un lietot.<\/p>\n\n\n\n<h3 class=\"wp-block-heading\" id=\"h-10-sentences\">10. Teikumi:<\/h3>\n\n\n\n<p>Visbeidzot, praktiz\u0113jiet visu iem\u0101c\u012bto elementu apvieno\u0161anu, lai veidotu pabeigtus, sakar\u012bgus teikumus katal\u0101\u0146u valod\u0101. Eksperiment\u0113jiet ar da\u017e\u0101d\u0101m teikumu strukt\u016br\u0101m un praktiz\u0113jiet, veidojot da\u017e\u0101da veida teikumus, piem\u0113ram, deklarat\u012bvus, aizdom\u012bgus un izsauco\u0161us.<\/p>\n\n\n\n<p>Apg\u016bstot \u0161\u012bs t\u0113mas ieteiktaj\u0101 sec\u012bb\u0101, j\u016bs izveidosiet sp\u0113c\u012bgu pamatu katal\u0101\u0146u gramatik\u0101, \u013caujot efekt\u012bvi un p\u0101rliecino\u0161i sazin\u0101ties \u0161aj\u0101 aizraujo\u0161aj\u0101 valod\u0101.<\/p>\n<\/div><\/div>\n\r\n<section class=\"learnNavigationSection\">\r\n            \r\n        <a href=\"https:\/\/talkpal.ai\/lv\/uzziniet-katalanu-valodu\/\">\r\n            <div class=\"learnNavigationWrapper\">\r\n                <div class=\"learnNavigationContent\">\r\n                    <img decoding=\"async\" src=\"https:\/\/talkpal.ai\/wp-content\/uploads\/2024\/08\/Catalan.jpg\" alt=\"Catalan Flag\">\r\n                    <div>\r\n                        <h4>Par katal\u0101\u0146u valodas apguvi<\/h4>\r\n                        <p>Uzziniet visu par katal\u0101\u0146u gramatiku.<\/p>\r\n                    <\/div>\r\n                <\/div>\r\n            <\/div>\r\n        <\/a>\r\n\r\n        \r\n        <a href=\"https:\/\/talkpal.ai\/lv\/katalanu-gramatika\/\">\r\n            <div class=\"learnNavigationWrapper\">\r\n                <div class=\"learnNavigationContent\">\r\n                    <img decoding=\"async\" src=\"https:\/\/talkpal.ai\/wp-content\/uploads\/2024\/08\/Catalan.jpg\" alt=\"Catalan Flag\">\r\n                    <div>\r\n                        <h4>Katal\u0101\u0146u valodas gramatikas nodarb\u012bbas<\/h4>\r\n                        <p>Praktiz\u0113jiet katal\u0101\u0146u gramatiku.<\/p>\r\n                    <\/div>\r\n                <\/div>\r\n            <\/div>\r\n        <\/a>\r\n\r\n        \r\n        <a href=\"https:\/\/talkpal.ai\/vocabulary_language\/catalan\/\">\r\n            <div class=\"learnNavigationWrapper\">\r\n                <div class=\"learnNavigationContent\">\r\n                    <img decoding=\"async\" src=\"https:\/\/talkpal.ai\/wp-content\/uploads\/2024\/08\/Catalan.jpg\" alt=\"Catalan Flag\">\r\n                    <div>\r\n                        <h4>Katal\u0101\u0146u valodas v\u0101rdn\u012bca<\/h4>\r\n                        <p>Papla\u0161iniet savu katal\u0101\u0146u valodas v\u0101rdu kr\u0101jumu.<\/p>\r\n                    <\/div>\r\n                <\/div>\r\n            <\/div>\r\n        <\/a>\r\n\r\n            <\/section>","protected":false},"excerpt":{"rendered":"<p>Katal\u0101\u0146u gramatikas t\u0113mas Katal\u0101\u0146u valoda, rom\u0101\u0146u valoda, kur\u0101 run\u0101 miljoniem cilv\u0113ku Katalonijas re\u0123ion\u0101 Sp\u0101nij\u0101 un da\u013c\u0101 It\u0101lijas un Francijas, ir skaista un dinamiska valoda ar bag\u0101tu v\u0113sturi. Katal\u0101\u0146u valodas apguve var b\u016bt pat\u012bkama un atalgojo\u0161a pieredze, paverot jaunus kult\u016bras un valodas apv\u0101r\u0161\u0146us. Lai pareizi apg\u016btu \u0161o valodu, ir svar\u012bgi apg\u016bt t\u0101s gramatiku. Katal\u0101\u0146u gramatika, t\u0101pat [&hellip;]<\/p>\n","protected":false},"author":6,"featured_media":142110,"parent":0,"menu_order":0,"comment_status":"closed","ping_status":"closed","template":"LearningContentPage.php","meta":{"_acf_changed":false,"footnotes":""},"class_list":["post-164438","page","type-page","status-publish","has-post-thumbnail","hentry"],"acf":[],"yoast_head":"<!-- This site is optimized with the Yoast SEO Premium plugin v27.2 (Yoast SEO v27.2) - https:\/\/yoast.com\/product\/yoast-seo-premium-wordpress\/ -->\n<title>Katal\u0101\u0146u gramatikas vingrin\u0101jumi - Talkpal<\/title>\n<meta name=\"description\" content=\"Izp\u0113tiet b\u016btiskus katal\u0101\u0146u valodas gramatikas vingrin\u0101jumus, lai uzlabotu savu izpratni par \u0161o skaisto valodu un t\u0101s strukt\u016bru.\" \/>\n<meta name=\"robots\" content=\"index, follow, max-snippet:-1, max-image-preview:large, max-video-preview:-1\" \/>\n<link rel=\"canonical\" href=\"https:\/\/talkpal.ai\/lv\/katalanu-gramatikas-vingrinajumi\/\" \/>\n<meta property=\"og:locale\" content=\"lv_LV\" \/>\n<meta property=\"og:type\" content=\"article\" \/>\n<meta property=\"og:title\" content=\"Katal\u0101\u0146u gramatikas vingrin\u0101jumi\" \/>\n<meta property=\"og:description\" content=\"Katal\u0101\u0146u gramatikas t\u0113mas Katal\u0101\u0146u valoda, rom\u0101\u0146u valoda, kur\u0101 run\u0101 miljoniem cilv\u0113ku Katalonijas re\u0123ion\u0101 Sp\u0101nij\u0101 un da\u013c\u0101 It\u0101lijas un Francijas, ir\" \/>\n<meta property=\"og:url\" content=\"https:\/\/talkpal.ai\/lv\/katalanu-gramatikas-vingrinajumi\/\" \/>\n<meta property=\"og:site_name\" content=\"Talkpal\" \/>\n<meta property=\"article:publisher\" content=\"https:\/\/www.facebook.com\/profile.php?id=100090733639311\" \/>\n<meta property=\"article:modified_time\" content=\"2025-05-23T13:32:27+00:00\" \/>\n<meta property=\"og:image\" content=\"https:\/\/talkpal.ai\/wp-content\/uploads\/2023\/08\/Catalan.png\" \/>\n\t<meta property=\"og:image:width\" content=\"479\" \/>\n\t<meta property=\"og:image:height\" content=\"479\" \/>\n\t<meta property=\"og:image:type\" content=\"image\/png\" \/>\n<meta name=\"twitter:card\" content=\"summary_large_image\" \/>\n<meta name=\"twitter:site\" content=\"@talkpalai\" \/>\n<meta name=\"twitter:label1\" content=\"Est. reading time\" \/>\n\t<meta name=\"twitter:data1\" content=\"3 minutes\" \/>\n<script type=\"application\/ld+json\" class=\"yoast-schema-graph\">{\"@context\":\"https:\/\/schema.org\",\"@graph\":[{\"@type\":\"WebPage\",\"@id\":\"https:\/\/talkpal.ai\/lv\/katalanu-gramatikas-vingrinajumi\/\",\"url\":\"https:\/\/talkpal.ai\/lv\/katalanu-gramatikas-vingrinajumi\/\",\"name\":\"Katal\u0101\u0146u gramatikas vingrin\u0101jumi - Talkpal\",\"isPartOf\":{\"@id\":\"https:\/\/talkpal.ai\/lv\/#website\"},\"primaryImageOfPage\":{\"@id\":\"https:\/\/talkpal.ai\/lv\/katalanu-gramatikas-vingrinajumi\/#primaryimage\"},\"image\":{\"@id\":\"https:\/\/talkpal.ai\/lv\/katalanu-gramatikas-vingrinajumi\/#primaryimage\"},\"thumbnailUrl\":\"https:\/\/talkpal.ai\/wp-content\/uploads\/2023\/08\/Catalan.png\",\"datePublished\":\"2023-06-16T12:49:04+00:00\",\"dateModified\":\"2025-05-23T13:32:27+00:00\",\"description\":\"Izp\u0113tiet b\u016btiskus katal\u0101\u0146u valodas gramatikas vingrin\u0101jumus, lai uzlabotu savu izpratni par \u0161o skaisto valodu un t\u0101s strukt\u016bru.\",\"breadcrumb\":{\"@id\":\"https:\/\/talkpal.ai\/lv\/katalanu-gramatikas-vingrinajumi\/#breadcrumb\"},\"inLanguage\":\"lv-LV\",\"potentialAction\":[{\"@type\":\"ReadAction\",\"target\":[\"https:\/\/talkpal.ai\/lv\/katalanu-gramatikas-vingrinajumi\/\"]}]},{\"@type\":\"ImageObject\",\"inLanguage\":\"lv-LV\",\"@id\":\"https:\/\/talkpal.ai\/lv\/katalanu-gramatikas-vingrinajumi\/#primaryimage\",\"url\":\"https:\/\/talkpal.ai\/wp-content\/uploads\/2023\/08\/Catalan.png\",\"contentUrl\":\"https:\/\/talkpal.ai\/wp-content\/uploads\/2023\/08\/Catalan.png\",\"width\":479,\"height\":479},{\"@type\":\"BreadcrumbList\",\"@id\":\"https:\/\/talkpal.ai\/lv\/katalanu-gramatikas-vingrinajumi\/#breadcrumb\",\"itemListElement\":[{\"@type\":\"ListItem\",\"position\":1,\"name\":\"Homepage\",\"item\":\"https:\/\/talkpal.ai\/lv\/\"},{\"@type\":\"ListItem\",\"position\":2,\"name\":\"Katal\u0101\u0146u gramatikas vingrin\u0101jumi\"}]},{\"@type\":\"WebSite\",\"@id\":\"https:\/\/talkpal.ai\/lv\/#website\",\"url\":\"https:\/\/talkpal.ai\/lv\/\",\"name\":\"Talkpal\",\"description\":\"AI Language Learning\",\"publisher\":{\"@id\":\"https:\/\/talkpal.ai\/lv\/#organization\"},\"alternateName\":\"Talkpal AI\",\"potentialAction\":[{\"@type\":\"SearchAction\",\"target\":{\"@type\":\"EntryPoint\",\"urlTemplate\":\"https:\/\/talkpal.ai\/lv\/?s={search_term_string}\"},\"query-input\":{\"@type\":\"PropertyValueSpecification\",\"valueRequired\":true,\"valueName\":\"search_term_string\"}}],\"inLanguage\":\"lv-LV\"},{\"@type\":\"Organization\",\"@id\":\"https:\/\/talkpal.ai\/lv\/#organization\",\"name\":\"Talkpal, Inc.\",\"alternateName\":\"Talkpal AI\",\"url\":\"https:\/\/talkpal.ai\/lv\/\",\"logo\":{\"@type\":\"ImageObject\",\"inLanguage\":\"lv-LV\",\"@id\":\"https:\/\/talkpal.ai\/lv\/#\/schema\/logo\/image\/\",\"url\":\"https:\/\/talkpal.ai\/wp-content\/uploads\/2024\/03\/Talkpal-Logo-Icon.png\",\"contentUrl\":\"https:\/\/talkpal.ai\/wp-content\/uploads\/2024\/03\/Talkpal-Logo-Icon.png\",\"width\":2880,\"height\":2880,\"caption\":\"Talkpal, Inc.\"},\"image\":{\"@id\":\"https:\/\/talkpal.ai\/lv\/#\/schema\/logo\/image\/\"},\"sameAs\":[\"https:\/\/www.facebook.com\/profile.php?id=100090733639311\",\"https:\/\/x.com\/talkpalai\",\"https:\/\/www.linkedin.com\/company\/talkpal\/\",\"https:\/\/www.youtube.com\/@TalkPal\/\",\"https:\/\/www.tiktok.com\/@talkpal\",\"https:\/\/www.instagram.com\/talkpal_ai\/\",\"https:\/\/www.crunchbase.com\/organization\/talkpal-9cde\",\"https:\/\/www.g2.com\/products\/talkpal-for-business\/\",\"https:\/\/www.trustpilot.com\/review\/talkpal.ai\",\"https:\/\/www.capterra.com\/p\/10006800\/TalkPal\/\"],\"description\":\"Talkpal is a language learning web and mobile education app, powered by the latest AI technologies, that provides engaging experiences to its customers in many different languages to help them improve their language skills. Users can chat about unlimited amount of topics with the app and use other modes to practice their language learning.\",\"email\":\"support@talkpal.ai\",\"legalName\":\"Talkpal, Inc.\",\"foundingDate\":\"2023-04-03\",\"duns\":\"118989042\",\"numberOfEmployees\":{\"@type\":\"QuantitativeValue\",\"minValue\":\"11\",\"maxValue\":\"50\"},\"publishingPrinciples\":\"https:\/\/talkpal.ai\/publishing-principles\/\",\"actionableFeedbackPolicy\":\"https:\/\/talkpal.ai\/actionable-feedback-policy\/\",\"correctionsPolicy\":\"https:\/\/talkpal.ai\/corrections-policy\/\",\"ethicsPolicy\":\"https:\/\/talkpal.ai\/ethics-policy\/\",\"diversityPolicy\":\"https:\/\/talkpal.ai\/diversity-policy\/\",\"diversityStaffingReport\":\"https:\/\/talkpal.ai\/diversity-policy\/\"}]}<\/script>\n<!-- \/ Yoast SEO Premium plugin. -->","yoast_head_json":{"title":"Katal\u0101\u0146u gramatikas vingrin\u0101jumi - Talkpal","description":"Izp\u0113tiet b\u016btiskus katal\u0101\u0146u valodas gramatikas vingrin\u0101jumus, lai uzlabotu savu izpratni par \u0161o skaisto valodu un t\u0101s strukt\u016bru.","robots":{"index":"index","follow":"follow","max-snippet":"max-snippet:-1","max-image-preview":"max-image-preview:large","max-video-preview":"max-video-preview:-1"},"canonical":"https:\/\/talkpal.ai\/lv\/katalanu-gramatikas-vingrinajumi\/","og_locale":"lv_LV","og_type":"article","og_title":"Katal\u0101\u0146u gramatikas vingrin\u0101jumi","og_description":"Katal\u0101\u0146u gramatikas t\u0113mas Katal\u0101\u0146u valoda, rom\u0101\u0146u valoda, kur\u0101 run\u0101 miljoniem cilv\u0113ku Katalonijas re\u0123ion\u0101 Sp\u0101nij\u0101 un da\u013c\u0101 It\u0101lijas un Francijas, ir","og_url":"https:\/\/talkpal.ai\/lv\/katalanu-gramatikas-vingrinajumi\/","og_site_name":"Talkpal","article_publisher":"https:\/\/www.facebook.com\/profile.php?id=100090733639311","article_modified_time":"2025-05-23T13:32:27+00:00","og_image":[{"width":479,"height":479,"url":"https:\/\/talkpal.ai\/wp-content\/uploads\/2023\/08\/Catalan.png","type":"image\/png"}],"twitter_card":"summary_large_image","twitter_site":"@talkpalai","twitter_misc":{"Est. reading time":"3 minutes"},"schema":{"@context":"https:\/\/schema.org","@graph":[{"@type":"WebPage","@id":"https:\/\/talkpal.ai\/lv\/katalanu-gramatikas-vingrinajumi\/","url":"https:\/\/talkpal.ai\/lv\/katalanu-gramatikas-vingrinajumi\/","name":"Katal\u0101\u0146u gramatikas vingrin\u0101jumi - Talkpal","isPartOf":{"@id":"https:\/\/talkpal.ai\/lv\/#website"},"primaryImageOfPage":{"@id":"https:\/\/talkpal.ai\/lv\/katalanu-gramatikas-vingrinajumi\/#primaryimage"},"image":{"@id":"https:\/\/talkpal.ai\/lv\/katalanu-gramatikas-vingrinajumi\/#primaryimage"},"thumbnailUrl":"https:\/\/talkpal.ai\/wp-content\/uploads\/2023\/08\/Catalan.png","datePublished":"2023-06-16T12:49:04+00:00","dateModified":"2025-05-23T13:32:27+00:00","description":"Izp\u0113tiet b\u016btiskus katal\u0101\u0146u valodas gramatikas vingrin\u0101jumus, lai uzlabotu savu izpratni par \u0161o skaisto valodu un t\u0101s strukt\u016bru.","breadcrumb":{"@id":"https:\/\/talkpal.ai\/lv\/katalanu-gramatikas-vingrinajumi\/#breadcrumb"},"inLanguage":"lv-LV","potentialAction":[{"@type":"ReadAction","target":["https:\/\/talkpal.ai\/lv\/katalanu-gramatikas-vingrinajumi\/"]}]},{"@type":"ImageObject","inLanguage":"lv-LV","@id":"https:\/\/talkpal.ai\/lv\/katalanu-gramatikas-vingrinajumi\/#primaryimage","url":"https:\/\/talkpal.ai\/wp-content\/uploads\/2023\/08\/Catalan.png","contentUrl":"https:\/\/talkpal.ai\/wp-content\/uploads\/2023\/08\/Catalan.png","width":479,"height":479},{"@type":"BreadcrumbList","@id":"https:\/\/talkpal.ai\/lv\/katalanu-gramatikas-vingrinajumi\/#breadcrumb","itemListElement":[{"@type":"ListItem","position":1,"name":"Homepage","item":"https:\/\/talkpal.ai\/lv\/"},{"@type":"ListItem","position":2,"name":"Katal\u0101\u0146u gramatikas vingrin\u0101jumi"}]},{"@type":"WebSite","@id":"https:\/\/talkpal.ai\/lv\/#website","url":"https:\/\/talkpal.ai\/lv\/","name":"Talkpal","description":"AI Language Learning","publisher":{"@id":"https:\/\/talkpal.ai\/lv\/#organization"},"alternateName":"Talkpal AI","potentialAction":[{"@type":"SearchAction","target":{"@type":"EntryPoint","urlTemplate":"https:\/\/talkpal.ai\/lv\/?s={search_term_string}"},"query-input":{"@type":"PropertyValueSpecification","valueRequired":true,"valueName":"search_term_string"}}],"inLanguage":"lv-LV"},{"@type":"Organization","@id":"https:\/\/talkpal.ai\/lv\/#organization","name":"Talkpal, Inc.","alternateName":"Talkpal AI","url":"https:\/\/talkpal.ai\/lv\/","logo":{"@type":"ImageObject","inLanguage":"lv-LV","@id":"https:\/\/talkpal.ai\/lv\/#\/schema\/logo\/image\/","url":"https:\/\/talkpal.ai\/wp-content\/uploads\/2024\/03\/Talkpal-Logo-Icon.png","contentUrl":"https:\/\/talkpal.ai\/wp-content\/uploads\/2024\/03\/Talkpal-Logo-Icon.png","width":2880,"height":2880,"caption":"Talkpal, Inc."},"image":{"@id":"https:\/\/talkpal.ai\/lv\/#\/schema\/logo\/image\/"},"sameAs":["https:\/\/www.facebook.com\/profile.php?id=100090733639311","https:\/\/x.com\/talkpalai","https:\/\/www.linkedin.com\/company\/talkpal\/","https:\/\/www.youtube.com\/@TalkPal\/","https:\/\/www.tiktok.com\/@talkpal","https:\/\/www.instagram.com\/talkpal_ai\/","https:\/\/www.crunchbase.com\/organization\/talkpal-9cde","https:\/\/www.g2.com\/products\/talkpal-for-business\/","https:\/\/www.trustpilot.com\/review\/talkpal.ai","https:\/\/www.capterra.com\/p\/10006800\/TalkPal\/"],"description":"Talkpal is a language learning web and mobile education app, powered by the latest AI technologies, that provides engaging experiences to its customers in many different languages to help them improve their language skills. Users can chat about unlimited amount of topics with the app and use other modes to practice their language learning.","email":"support@talkpal.ai","legalName":"Talkpal, Inc.","foundingDate":"2023-04-03","duns":"118989042","numberOfEmployees":{"@type":"QuantitativeValue","minValue":"11","maxValue":"50"},"publishingPrinciples":"https:\/\/talkpal.ai\/publishing-principles\/","actionableFeedbackPolicy":"https:\/\/talkpal.ai\/actionable-feedback-policy\/","correctionsPolicy":"https:\/\/talkpal.ai\/corrections-policy\/","ethicsPolicy":"https:\/\/talkpal.ai\/ethics-policy\/","diversityPolicy":"https:\/\/talkpal.ai\/diversity-policy\/","diversityStaffingReport":"https:\/\/talkpal.ai\/diversity-policy\/"}]}},"_links":{"self":[{"href":"https:\/\/talkpal.ai\/lv\/wp-json\/wp\/v2\/pages\/164438","targetHints":{"allow":["GET"]}}],"collection":[{"href":"https:\/\/talkpal.ai\/lv\/wp-json\/wp\/v2\/pages"}],"about":[{"href":"https:\/\/talkpal.ai\/lv\/wp-json\/wp\/v2\/types\/page"}],"author":[{"embeddable":true,"href":"https:\/\/talkpal.ai\/lv\/wp-json\/wp\/v2\/users\/6"}],"replies":[{"embeddable":true,"href":"https:\/\/talkpal.ai\/lv\/wp-json\/wp\/v2\/comments?post=164438"}],"version-history":[{"count":0,"href":"https:\/\/talkpal.ai\/lv\/wp-json\/wp\/v2\/pages\/164438\/revisions"}],"wp:featuredmedia":[{"embeddable":true,"href":"https:\/\/talkpal.ai\/lv\/wp-json\/wp\/v2\/media\/142110"}],"wp:attachment":[{"href":"https:\/\/talkpal.ai\/lv\/wp-json\/wp\/v2\/media?parent=164438"}],"curies":[{"name":"wp","href":"https:\/\/api.w.org\/{rel}","templated":true}]}}