{"id":164033,"date":"2023-06-16T13:02:09","date_gmt":"2023-06-16T13:02:09","guid":{"rendered":"http:\/\/talkpal.ai\/horvatu-valodas-gramatikas-vingrinajumi\/"},"modified":"2025-12-17T16:26:19","modified_gmt":"2025-12-17T16:26:19","slug":"horvatu-valodas-gramatikas-vingrinajumi","status":"publish","type":"page","link":"https:\/\/talkpal.ai\/lv\/horvatu-valodas-gramatikas-vingrinajumi\/","title":{"rendered":"Horv\u0101tu valodas gramatikas vingrin\u0101jumi"},"content":{"rendered":"\r\n\r\n\r\n<section class=\"languageChallengeSection\">\r\n    <div class=\"languageInfoWrapper\">\r\n        \r\n        <h1>Horv\u0101tu valodas gramatikas vingrin\u0101jumi<\/h1>\r\n        <p>V\u0113laties ieg\u016bt p\u0101rliecino\u0161\u0101kas zin\u0101\u0161anas <a href=\"https:\/\/talkpal.ai\/learn-croatian\/\">horv\u0101tu<\/a> valod\u0101? Gramatikas vingrin\u0101jumi pal\u012bdz\u0113s apg\u016bt teikuma strukt\u016bru, darb\u012bbas v\u0101rdu formas un horv\u0101tu <a href=\"https:\/\/talkpal.ai\/what-language-is-spoken-on-the-international-space-station\/\">valodas<\/a> unik\u0101l\u0101s iez\u012bmes. S\u0101ciet apg\u016bt horv\u0101tu valodas gramatiku jau \u0161odien un v\u0113rojiet, k\u0101 ar katru jaunu vingrin\u0101jumu uzlabojas j\u016bsu prasmes un teko\u0161\u0101 valoda!\n\n<\/p>\r\n\r\n                            <a class=\"getStartedHidden\" href=\"https:\/\/app.talkpal.ai\/lv\/signup?lng=\">S\u0101c<\/a>\r\n        \r\n    <\/div>\r\n\r\n    <figure>\r\n    <img decoding=\"async\" width=\"768\" height=\"768\" src=\"https:\/\/talkpal.ai\/wp-content\/uploads\/2023\/06\/croatian-768x768.png\" class=\"languageImage no-lazy\" alt=\"Language learning for successful interaction\" fetchpriority=\"high\" sizes=\"(max-width: 768px) 150px, 768px\" srcset=\"https:\/\/talkpal.ai\/wp-content\/uploads\/2023\/06\/croatian-768x768.png 768w, https:\/\/talkpal.ai\/wp-content\/uploads\/2023\/06\/croatian-300x300.png 300w\" \/>\r\n    \r\n\r\n    <\/figure>\r\n\r\n            <a class=\"getStartedVisible\" href=\"https:\/\/app.talkpal.ai\/lv\/signup?lng=\">S\u0101c<\/a>\r\n    \r\n<\/section>\r\n\r\n\r\n<!-- <section class=\"grammarSection\">\r\n    <div class=\"grammarLinks\">\r\n            <\/div>\r\n<\/section> -->\r\n\r\n\r\n\r\n\r\n<section class=\"promotionalBanner\">\r\n    <p class=\"promotionalText\">Visefekt\u012bv\u0101kais veids, k\u0101 apg\u016bt valodu<\/p>\r\n    <a class=\"promotionalLink\" href=\"https:\/\/app.talkpal.ai\/lv\/signup?lng=\">Izm\u0113\u0123iniet Talkpal bez maksas<\/a>\r\n<\/section>\n<div class=\"wp-block-group pageContainerStyle\"><div class=\"wp-block-group__inner-container is-layout-constrained wp-block-group-is-layout-constrained\">\n<h2 class=\"wp-block-heading\" id=\"h-croatian-grammar-topics\">Horv\u0101tu gramatikas t\u0113mas<\/h2>\n\n\n\n<p>Horv\u0101tu valoda, dienvidsl\u0101vu valoda, ir Horv\u0101tijas ofici\u0101l\u0101 valoda un viena no Bosnijas un Hercegovinas ofici\u0101laj\u0101m valod\u0101m. T\u0101 ir sare\u017e\u0123\u012bta un bag\u0101ta valoda ar ilgu v\u0113sturi un unik\u0101lu gramatikas sist\u0113mu. Izgl\u012btojamajiem ir svar\u012bgi izprast horv\u0101tu valodas gramatikas pamataspektus, lai k\u013c\u016btu par valodas lietprat\u0113jiem. \u0160\u012b rokasgr\u0101mata pal\u012bdz\u0113s jums orient\u0113ties galvenaj\u0101s gramatikas t\u0113m\u0101s, piem\u0113ram, laikos, darb\u012bbas v\u0101rdos, lietv\u0101rdos un citur, t\u0101d\u0101 sec\u012bb\u0101, kas atvieglos j\u016bsu m\u0101c\u012bbu procesu un nodro\u0161in\u0101s sp\u0113c\u012bgu pamatu \u0161\u012bs skaist\u0101s valodas apguvei.<\/p>\n\n\n\n<h3 class=\"wp-block-heading\" id=\"h-1-nouns\">1. Lietv\u0101rdi:<\/h3>\n\n\n\n<p>Lietv\u0101rdi ir jebkuras valodas pirmais pamatelements, un horv\u0101tu valodas lietv\u0101rdiem ir tr\u012bs dzimtes &#8211; v\u012brie\u0161u, sievie\u0161u un bezdzimtes, kas ietekm\u0113 deklin\u0101ciju un saska\u0146o\u0161anu ar \u012bpa\u0161\u012bbas v\u0101rdiem un vietniekv\u0101rdiem. Iepaz\u012bstieties ar da\u017e\u0101diem dzimumiem un to attiec\u012bgaj\u0101m beig\u0101m.<\/p>\n\n\n\n<h3 class=\"wp-block-heading\" id=\"h-2-articles\">2. Raksti:<\/h3>\n\n\n\n<p>Horv\u0101tu valod\u0101 nav t\u0101du artikulu k\u0101 <a href=\"https:\/\/talkpal.ai\/learn-english-with-ai\/\">ang\u013cu<\/a> valod\u0101, t\u0101p\u0113c ies\u0101c\u0113jiem ir viegl\u0101k s\u0101kt veidot vienk\u0101r\u0161us teikumus, neuztraucoties par artikulu lietojumu.<\/p>\n\n\n\n<h3 class=\"wp-block-heading\" id=\"h-3-pronouns-determiners\">3. Vietniekv\u0101rdi\/noteic\u0113ji:<\/h3>\n\n\n\n<p>Vietniekv\u0101rdi tiek izmantoti, lai aizst\u0101tu lietv\u0101rdus teikumos, bet noteic\u0113ji nor\u0101da uz lietv\u0101rda specifiku. Apg\u016bstiet da\u017e\u0101dus vietniekv\u0101rdu veidus (person\u012bgo, pieder\u012bgo, demonstrat\u012bvo utt.) un to deklam\u0101ciju atbilsto\u0161i dzimumam, skaitam un gad\u012bjumam.<\/p>\n\n\n\n<h3 class=\"wp-block-heading\" id=\"h-4-adjectives\">4. \u012apa\u0161\u012bbas v\u0101rdi:<\/h3>\n\n\n\n<p>\u012apa\u0161\u012bbas v\u0101rdi apraksta lietv\u0101rdu \u012bpa\u0161\u012bbas, un tie atbilst to main\u012bt\u0101 lietv\u0101rda dzimumam, skaitam un gad\u012bjumam. Apg\u016bstiet \u012bpa\u0161\u012bbas v\u0101rdu pamatformas un deklam\u0101cijas mode\u013cus.<\/p>\n\n\n\n<h3 class=\"wp-block-heading\" id=\"h-5-verbs\">5. Darb\u012bbas v\u0101rdi:<\/h3>\n\n\n\n<p>Darb\u012bbas v\u0101rdi ir jebkura teikuma kodols, kas izsaka darb\u012bbas vai st\u0101vok\u013cus. Horv\u0101tu darb\u012bbas v\u0101rdi tiek konjug\u0113ti atbilsto\u0161i sasprindzin\u0101jumam, noska\u0146ojumam, balsij un personai. S\u0101ciet ar visbie\u017e\u0101k sastopamajiem regul\u0101rajiem darb\u012bbas v\u0101rdiem un to konjug\u0101cijas mode\u013ciem pa\u0161reiz\u0113j\u0101 sasprindzin\u0101jum\u0101.<\/p>\n\n\n\n<h3 class=\"wp-block-heading\" id=\"h-6-tenses\">6. Sasprindzin\u0101jums:<\/h3>\n\n\n\n<p>Horv\u0101tu valod\u0101 ir septi\u0146i laiki &#8211; tagadne, n\u0101kotne I, n\u0101kotne II, pag\u0101tne, pluperfekts, aorists un imperfekts. S\u0101ciet ar pa\u0161reiz\u0113jo sasprindzin\u0101jumu un p\u0113c tam p\u0101rejiet pie pag\u0101tnes un n\u0101kotnes laika, apg\u016bstot konjug\u0101cijas mode\u013cus katram.<\/p>\n\n\n\n<h3 class=\"wp-block-heading\" id=\"h-7-tense-comparison\">7. Saspringts sal\u012bdzin\u0101jums:<\/h3>\n\n\n\n<p>Izpratne par at\u0161\u0137ir\u012bb\u0101m un l\u012bdz\u012bb\u0101m starp laikiem ir iz\u0161\u0137iro\u0161a, lai apg\u016btu <a href=\"https:\/\/talkpal.ai\/lv\/uzziniet-horvatu-valodu\/\">horv\u0101tu valodu<\/a>. Sal\u012bdziniet laikus un praktiz\u0113jiet, izmantojot tos kontekst\u0101.<\/p>\n\n\n\n<h3 class=\"wp-block-heading\" id=\"h-8-progressive\">8. Progres\u012bvs:<\/h3>\n\n\n\n<p>Progres\u012bvais aspekts izsaka darb\u012bbas, kas notiek vai ir nep\u0101rtrauktas. Horv\u0101tu valodai nav atsevi\u0161\u0137as progres\u012bvas formas, piem\u0113ram, ang\u013cu valodas, bet progres\u012bvo noz\u012bmi var nodot, izmantojot \u012bpa\u0161as darb\u012bbas v\u0101rdu formas, adverbus vai konstrukcijas.<\/p>\n\n\n\n<h3 class=\"wp-block-heading\" id=\"h-9-perfect-progressive\">9. Ide\u0101ls progres\u012bvs:<\/h3>\n\n\n\n<p>\u0160is aspekts apvieno perfektas un progres\u012bvas noz\u012bmes. Horv\u0101tu valod\u0101 to izsaka, izmantojot perfektu sasprindzin\u0101jumu ar konkr\u0113tu darb\u012bbas v\u0101rda formu vai konstrukciju, kas nor\u0101da uz nep\u0101rtrauktu darb\u012bbu.<\/p>\n\n\n\n<h3 class=\"wp-block-heading\" id=\"h-10-adverbs\">10. Adverbi:<\/h3>\n\n\n\n<p>Adverbi modific\u0113 darb\u012bbas v\u0101rdus, \u012bpa\u0161\u012bbas v\u0101rdus vai citus adverbus, un tie parasti nor\u0101da veidu, vietu, laiku vai pak\u0101pi. Uzziniet visbie\u017e\u0101k sastopamos horv\u0101tu adverbus un to izvietojumu teikumos.<\/p>\n\n\n\n<h3 class=\"wp-block-heading\" id=\"h-11-prepositions\">11. Priev\u0101rdi:<\/h3>\n\n\n\n<p>Priev\u0101rdi tiek izmantoti, lai nor\u0101d\u012btu attiec\u012bbas starp v\u0101rdiem, piem\u0113ram, atra\u0161an\u0101s vietu, virzienu, laiku vai vald\u012bjumu. Uzziniet visbie\u017e\u0101k sastopamos horv\u0101tu priev\u0101rdus un gad\u012bjumus, ko tie regul\u0113.<\/p>\n\n\n\n<h3 class=\"wp-block-heading\" id=\"h-12-conditionals\">12. Nosac\u012bjumi:<\/h3>\n\n\n\n<p>Nosac\u012bjumi izsaka hipot\u0113tiskas situ\u0101cijas vai apst\u0101k\u013cus un to sekas. Horv\u0101tu valod\u0101 ir tr\u012bs veidu kondicion\u0101li &#8211; re\u0101lie, nere\u0101lie un jauktie. Uzziniet katra veida veido\u0161anos un lieto\u0161anu.<\/p>\n\n\n\n<h3 class=\"wp-block-heading\" id=\"h-13-sentences\">13. Teikumi:<\/h3>\n\n\n\n<p>Visbeidzot, praktiz\u0113jieties kombin\u0113t visus apg\u016btos gramatikas elementus, lai veidotu vienk\u0101r\u0161us un sare\u017e\u0123\u012btus teikumus horv\u0101tu valod\u0101. Tas pal\u012bdz\u0113s jums att\u012bst\u012bt valodas prasmi un izpratni par horv\u0101tu gramatiku kopum\u0101.<\/p>\n<\/div><\/div>\n\r\n<section class=\"learnNavigationSection\">\r\n            \r\n        <a href=\"https:\/\/talkpal.ai\/lv\/uzziniet-horvatu-valodu\/\">\r\n            <div class=\"learnNavigationWrapper\">\r\n                <div class=\"learnNavigationContent\">\r\n                    <img decoding=\"async\" src=\"https:\/\/talkpal.ai\/wp-content\/uploads\/2024\/08\/Croatian.jpg\" alt=\"Croatian Flag\">\r\n                    <div>\r\n                        <h4>Par horv\u0101tu valodas apguvi<\/h4>\r\n                        <p>Uzziniet visu par horv\u0101tu gramatiku.<\/p>\r\n                    <\/div>\r\n                <\/div>\r\n            <\/div>\r\n        <\/a>\r\n\r\n        \r\n        <a href=\"https:\/\/talkpal.ai\/lv\/horvatu-gramatika\/\">\r\n            <div class=\"learnNavigationWrapper\">\r\n                <div class=\"learnNavigationContent\">\r\n                    <img decoding=\"async\" src=\"https:\/\/talkpal.ai\/wp-content\/uploads\/2024\/08\/Croatian.jpg\" alt=\"Croatian Flag\">\r\n                    <div>\r\n                        <h4>Horv\u0101tu valodas gramatikas nodarb\u012bbas<\/h4>\r\n                        <p>Praktiz\u0113jiet horv\u0101tu gramatiku.<\/p>\r\n                    <\/div>\r\n                <\/div>\r\n            <\/div>\r\n        <\/a>\r\n\r\n        \r\n        <a href=\"https:\/\/talkpal.ai\/vocabulary_language\/croatian\/\">\r\n            <div class=\"learnNavigationWrapper\">\r\n                <div class=\"learnNavigationContent\">\r\n                    <img decoding=\"async\" src=\"https:\/\/talkpal.ai\/wp-content\/uploads\/2024\/08\/Croatian.jpg\" alt=\"Croatian Flag\">\r\n                    <div>\r\n                        <h4>Horv\u0101tu valodas v\u0101rdn\u012bca<\/h4>\r\n                        <p>Papla\u0161iniet savu horv\u0101tu valodas v\u0101rdu kr\u0101jumu.<\/p>\r\n                    <\/div>\r\n                <\/div>\r\n            <\/div>\r\n        <\/a>\r\n\r\n            <\/section>","protected":false},"excerpt":{"rendered":"<p>Horv\u0101tu gramatikas t\u0113mas Horv\u0101tu valoda, dienvidsl\u0101vu valoda, ir Horv\u0101tijas ofici\u0101l\u0101 valoda un viena no Bosnijas un Hercegovinas ofici\u0101laj\u0101m valod\u0101m. T\u0101 ir sare\u017e\u0123\u012bta un bag\u0101ta valoda ar ilgu v\u0113sturi un unik\u0101lu gramatikas sist\u0113mu. Izgl\u012btojamajiem ir svar\u012bgi izprast horv\u0101tu valodas gramatikas pamataspektus, lai k\u013c\u016btu par valodas lietprat\u0113jiem. \u0160\u012b rokasgr\u0101mata pal\u012bdz\u0113s jums orient\u0113ties galvenaj\u0101s gramatikas t\u0113m\u0101s, piem\u0113ram, laikos, [&hellip;]<\/p>\n","protected":false},"author":6,"featured_media":110013,"parent":0,"menu_order":0,"comment_status":"closed","ping_status":"closed","template":"LearningContentPage.php","meta":{"_acf_changed":false,"footnotes":""},"class_list":["post-164033","page","type-page","status-publish","has-post-thumbnail","hentry"],"acf":[],"yoast_head":"<!-- This site is optimized with the Yoast SEO Premium plugin v27.2 (Yoast SEO v27.2) - https:\/\/yoast.com\/product\/yoast-seo-premium-wordpress\/ -->\n<title>Horv\u0101tu valodas gramatikas vingrin\u0101jumi - Talkpal<\/title>\n<meta name=\"description\" content=\"Apg\u016bstiet horv\u0101tu valodu ar efekt\u012bviem horv\u0101tu valodas gramatikas vingrin\u0101jumiem, kas lietot\u0101jiem vienk\u0101r\u0161o laiku, darb\u012bbas v\u0101rdu un lietv\u0101rdu m\u0101c\u012b\u0161anos.\" \/>\n<meta name=\"robots\" content=\"index, follow, max-snippet:-1, max-image-preview:large, max-video-preview:-1\" \/>\n<link rel=\"canonical\" href=\"https:\/\/talkpal.ai\/lv\/horvatu-valodas-gramatikas-vingrinajumi\/\" \/>\n<meta property=\"og:locale\" content=\"lv_LV\" \/>\n<meta property=\"og:type\" content=\"article\" \/>\n<meta property=\"og:title\" content=\"Horv\u0101tu valodas gramatikas vingrin\u0101jumi\" \/>\n<meta property=\"og:description\" content=\"Horv\u0101tu gramatikas t\u0113mas Horv\u0101tu valoda, dienvidsl\u0101vu valoda, ir Horv\u0101tijas ofici\u0101l\u0101 valoda un viena no Bosnijas un Hercegovinas ofici\u0101laj\u0101m valod\u0101m. T\u0101\" \/>\n<meta property=\"og:url\" content=\"https:\/\/talkpal.ai\/lv\/horvatu-valodas-gramatikas-vingrinajumi\/\" \/>\n<meta property=\"og:site_name\" content=\"Talkpal\" \/>\n<meta property=\"article:publisher\" content=\"https:\/\/www.facebook.com\/profile.php?id=100090733639311\" \/>\n<meta property=\"article:modified_time\" content=\"2025-12-17T16:26:19+00:00\" \/>\n<meta property=\"og:image\" content=\"https:\/\/talkpal.ai\/wp-content\/uploads\/2023\/05\/croatia.png\" \/>\n\t<meta property=\"og:image:width\" content=\"512\" \/>\n\t<meta property=\"og:image:height\" content=\"512\" \/>\n\t<meta property=\"og:image:type\" content=\"image\/png\" \/>\n<meta name=\"twitter:card\" content=\"summary_large_image\" \/>\n<meta name=\"twitter:site\" content=\"@talkpalai\" \/>\n<meta name=\"twitter:label1\" content=\"Est. reading time\" \/>\n\t<meta name=\"twitter:data1\" content=\"3 minutes\" \/>\n<script type=\"application\/ld+json\" class=\"yoast-schema-graph\">{\"@context\":\"https:\/\/schema.org\",\"@graph\":[{\"@type\":\"WebPage\",\"@id\":\"https:\/\/talkpal.ai\/lv\/horvatu-valodas-gramatikas-vingrinajumi\/\",\"url\":\"https:\/\/talkpal.ai\/lv\/horvatu-valodas-gramatikas-vingrinajumi\/\",\"name\":\"Horv\u0101tu valodas gramatikas vingrin\u0101jumi - Talkpal\",\"isPartOf\":{\"@id\":\"https:\/\/talkpal.ai\/lv\/#website\"},\"primaryImageOfPage\":{\"@id\":\"https:\/\/talkpal.ai\/lv\/horvatu-valodas-gramatikas-vingrinajumi\/#primaryimage\"},\"image\":{\"@id\":\"https:\/\/talkpal.ai\/lv\/horvatu-valodas-gramatikas-vingrinajumi\/#primaryimage\"},\"thumbnailUrl\":\"https:\/\/talkpal.ai\/wp-content\/uploads\/2023\/05\/croatia.png\",\"datePublished\":\"2023-06-16T13:02:09+00:00\",\"dateModified\":\"2025-12-17T16:26:19+00:00\",\"description\":\"Apg\u016bstiet horv\u0101tu valodu ar efekt\u012bviem horv\u0101tu valodas gramatikas vingrin\u0101jumiem, kas lietot\u0101jiem vienk\u0101r\u0161o laiku, darb\u012bbas v\u0101rdu un lietv\u0101rdu m\u0101c\u012b\u0161anos.\",\"breadcrumb\":{\"@id\":\"https:\/\/talkpal.ai\/lv\/horvatu-valodas-gramatikas-vingrinajumi\/#breadcrumb\"},\"inLanguage\":\"lv-LV\",\"potentialAction\":[{\"@type\":\"ReadAction\",\"target\":[\"https:\/\/talkpal.ai\/lv\/horvatu-valodas-gramatikas-vingrinajumi\/\"]}]},{\"@type\":\"ImageObject\",\"inLanguage\":\"lv-LV\",\"@id\":\"https:\/\/talkpal.ai\/lv\/horvatu-valodas-gramatikas-vingrinajumi\/#primaryimage\",\"url\":\"https:\/\/talkpal.ai\/wp-content\/uploads\/2023\/05\/croatia.png\",\"contentUrl\":\"https:\/\/talkpal.ai\/wp-content\/uploads\/2023\/05\/croatia.png\",\"width\":512,\"height\":512},{\"@type\":\"BreadcrumbList\",\"@id\":\"https:\/\/talkpal.ai\/lv\/horvatu-valodas-gramatikas-vingrinajumi\/#breadcrumb\",\"itemListElement\":[{\"@type\":\"ListItem\",\"position\":1,\"name\":\"Homepage\",\"item\":\"https:\/\/talkpal.ai\/lv\/\"},{\"@type\":\"ListItem\",\"position\":2,\"name\":\"Horv\u0101tu valodas gramatikas vingrin\u0101jumi\"}]},{\"@type\":\"WebSite\",\"@id\":\"https:\/\/talkpal.ai\/lv\/#website\",\"url\":\"https:\/\/talkpal.ai\/lv\/\",\"name\":\"Talkpal\",\"description\":\"AI Language Learning\",\"publisher\":{\"@id\":\"https:\/\/talkpal.ai\/lv\/#organization\"},\"alternateName\":\"Talkpal AI\",\"potentialAction\":[{\"@type\":\"SearchAction\",\"target\":{\"@type\":\"EntryPoint\",\"urlTemplate\":\"https:\/\/talkpal.ai\/lv\/?s={search_term_string}\"},\"query-input\":{\"@type\":\"PropertyValueSpecification\",\"valueRequired\":true,\"valueName\":\"search_term_string\"}}],\"inLanguage\":\"lv-LV\"},{\"@type\":\"Organization\",\"@id\":\"https:\/\/talkpal.ai\/lv\/#organization\",\"name\":\"Talkpal, Inc.\",\"alternateName\":\"Talkpal AI\",\"url\":\"https:\/\/talkpal.ai\/lv\/\",\"logo\":{\"@type\":\"ImageObject\",\"inLanguage\":\"lv-LV\",\"@id\":\"https:\/\/talkpal.ai\/lv\/#\/schema\/logo\/image\/\",\"url\":\"https:\/\/talkpal.ai\/wp-content\/uploads\/2024\/03\/Talkpal-Logo-Icon.png\",\"contentUrl\":\"https:\/\/talkpal.ai\/wp-content\/uploads\/2024\/03\/Talkpal-Logo-Icon.png\",\"width\":2880,\"height\":2880,\"caption\":\"Talkpal, Inc.\"},\"image\":{\"@id\":\"https:\/\/talkpal.ai\/lv\/#\/schema\/logo\/image\/\"},\"sameAs\":[\"https:\/\/www.facebook.com\/profile.php?id=100090733639311\",\"https:\/\/x.com\/talkpalai\",\"https:\/\/www.linkedin.com\/company\/talkpal\/\",\"https:\/\/www.youtube.com\/@TalkPal\/\",\"https:\/\/www.tiktok.com\/@talkpal\",\"https:\/\/www.instagram.com\/talkpal_ai\/\",\"https:\/\/www.crunchbase.com\/organization\/talkpal-9cde\",\"https:\/\/www.g2.com\/products\/talkpal-for-business\/\",\"https:\/\/www.trustpilot.com\/review\/talkpal.ai\",\"https:\/\/www.capterra.com\/p\/10006800\/TalkPal\/\"],\"description\":\"Talkpal is a language learning web and mobile education app, powered by the latest AI technologies, that provides engaging experiences to its customers in many different languages to help them improve their language skills. Users can chat about unlimited amount of topics with the app and use other modes to practice their language learning.\",\"email\":\"support@talkpal.ai\",\"legalName\":\"Talkpal, Inc.\",\"foundingDate\":\"2023-04-03\",\"duns\":\"118989042\",\"numberOfEmployees\":{\"@type\":\"QuantitativeValue\",\"minValue\":\"11\",\"maxValue\":\"50\"},\"publishingPrinciples\":\"https:\/\/talkpal.ai\/publishing-principles\/\",\"actionableFeedbackPolicy\":\"https:\/\/talkpal.ai\/actionable-feedback-policy\/\",\"correctionsPolicy\":\"https:\/\/talkpal.ai\/corrections-policy\/\",\"ethicsPolicy\":\"https:\/\/talkpal.ai\/ethics-policy\/\",\"diversityPolicy\":\"https:\/\/talkpal.ai\/diversity-policy\/\",\"diversityStaffingReport\":\"https:\/\/talkpal.ai\/diversity-policy\/\"}]}<\/script>\n<!-- \/ Yoast SEO Premium plugin. -->","yoast_head_json":{"title":"Horv\u0101tu valodas gramatikas vingrin\u0101jumi - Talkpal","description":"Apg\u016bstiet horv\u0101tu valodu ar efekt\u012bviem horv\u0101tu valodas gramatikas vingrin\u0101jumiem, kas lietot\u0101jiem vienk\u0101r\u0161o laiku, darb\u012bbas v\u0101rdu un lietv\u0101rdu m\u0101c\u012b\u0161anos.","robots":{"index":"index","follow":"follow","max-snippet":"max-snippet:-1","max-image-preview":"max-image-preview:large","max-video-preview":"max-video-preview:-1"},"canonical":"https:\/\/talkpal.ai\/lv\/horvatu-valodas-gramatikas-vingrinajumi\/","og_locale":"lv_LV","og_type":"article","og_title":"Horv\u0101tu valodas gramatikas vingrin\u0101jumi","og_description":"Horv\u0101tu gramatikas t\u0113mas Horv\u0101tu valoda, dienvidsl\u0101vu valoda, ir Horv\u0101tijas ofici\u0101l\u0101 valoda un viena no Bosnijas un Hercegovinas ofici\u0101laj\u0101m valod\u0101m. T\u0101","og_url":"https:\/\/talkpal.ai\/lv\/horvatu-valodas-gramatikas-vingrinajumi\/","og_site_name":"Talkpal","article_publisher":"https:\/\/www.facebook.com\/profile.php?id=100090733639311","article_modified_time":"2025-12-17T16:26:19+00:00","og_image":[{"width":512,"height":512,"url":"https:\/\/talkpal.ai\/wp-content\/uploads\/2023\/05\/croatia.png","type":"image\/png"}],"twitter_card":"summary_large_image","twitter_site":"@talkpalai","twitter_misc":{"Est. reading time":"3 minutes"},"schema":{"@context":"https:\/\/schema.org","@graph":[{"@type":"WebPage","@id":"https:\/\/talkpal.ai\/lv\/horvatu-valodas-gramatikas-vingrinajumi\/","url":"https:\/\/talkpal.ai\/lv\/horvatu-valodas-gramatikas-vingrinajumi\/","name":"Horv\u0101tu valodas gramatikas vingrin\u0101jumi - Talkpal","isPartOf":{"@id":"https:\/\/talkpal.ai\/lv\/#website"},"primaryImageOfPage":{"@id":"https:\/\/talkpal.ai\/lv\/horvatu-valodas-gramatikas-vingrinajumi\/#primaryimage"},"image":{"@id":"https:\/\/talkpal.ai\/lv\/horvatu-valodas-gramatikas-vingrinajumi\/#primaryimage"},"thumbnailUrl":"https:\/\/talkpal.ai\/wp-content\/uploads\/2023\/05\/croatia.png","datePublished":"2023-06-16T13:02:09+00:00","dateModified":"2025-12-17T16:26:19+00:00","description":"Apg\u016bstiet horv\u0101tu valodu ar efekt\u012bviem horv\u0101tu valodas gramatikas vingrin\u0101jumiem, kas lietot\u0101jiem vienk\u0101r\u0161o laiku, darb\u012bbas v\u0101rdu un lietv\u0101rdu m\u0101c\u012b\u0161anos.","breadcrumb":{"@id":"https:\/\/talkpal.ai\/lv\/horvatu-valodas-gramatikas-vingrinajumi\/#breadcrumb"},"inLanguage":"lv-LV","potentialAction":[{"@type":"ReadAction","target":["https:\/\/talkpal.ai\/lv\/horvatu-valodas-gramatikas-vingrinajumi\/"]}]},{"@type":"ImageObject","inLanguage":"lv-LV","@id":"https:\/\/talkpal.ai\/lv\/horvatu-valodas-gramatikas-vingrinajumi\/#primaryimage","url":"https:\/\/talkpal.ai\/wp-content\/uploads\/2023\/05\/croatia.png","contentUrl":"https:\/\/talkpal.ai\/wp-content\/uploads\/2023\/05\/croatia.png","width":512,"height":512},{"@type":"BreadcrumbList","@id":"https:\/\/talkpal.ai\/lv\/horvatu-valodas-gramatikas-vingrinajumi\/#breadcrumb","itemListElement":[{"@type":"ListItem","position":1,"name":"Homepage","item":"https:\/\/talkpal.ai\/lv\/"},{"@type":"ListItem","position":2,"name":"Horv\u0101tu valodas gramatikas vingrin\u0101jumi"}]},{"@type":"WebSite","@id":"https:\/\/talkpal.ai\/lv\/#website","url":"https:\/\/talkpal.ai\/lv\/","name":"Talkpal","description":"AI Language Learning","publisher":{"@id":"https:\/\/talkpal.ai\/lv\/#organization"},"alternateName":"Talkpal AI","potentialAction":[{"@type":"SearchAction","target":{"@type":"EntryPoint","urlTemplate":"https:\/\/talkpal.ai\/lv\/?s={search_term_string}"},"query-input":{"@type":"PropertyValueSpecification","valueRequired":true,"valueName":"search_term_string"}}],"inLanguage":"lv-LV"},{"@type":"Organization","@id":"https:\/\/talkpal.ai\/lv\/#organization","name":"Talkpal, Inc.","alternateName":"Talkpal AI","url":"https:\/\/talkpal.ai\/lv\/","logo":{"@type":"ImageObject","inLanguage":"lv-LV","@id":"https:\/\/talkpal.ai\/lv\/#\/schema\/logo\/image\/","url":"https:\/\/talkpal.ai\/wp-content\/uploads\/2024\/03\/Talkpal-Logo-Icon.png","contentUrl":"https:\/\/talkpal.ai\/wp-content\/uploads\/2024\/03\/Talkpal-Logo-Icon.png","width":2880,"height":2880,"caption":"Talkpal, Inc."},"image":{"@id":"https:\/\/talkpal.ai\/lv\/#\/schema\/logo\/image\/"},"sameAs":["https:\/\/www.facebook.com\/profile.php?id=100090733639311","https:\/\/x.com\/talkpalai","https:\/\/www.linkedin.com\/company\/talkpal\/","https:\/\/www.youtube.com\/@TalkPal\/","https:\/\/www.tiktok.com\/@talkpal","https:\/\/www.instagram.com\/talkpal_ai\/","https:\/\/www.crunchbase.com\/organization\/talkpal-9cde","https:\/\/www.g2.com\/products\/talkpal-for-business\/","https:\/\/www.trustpilot.com\/review\/talkpal.ai","https:\/\/www.capterra.com\/p\/10006800\/TalkPal\/"],"description":"Talkpal is a language learning web and mobile education app, powered by the latest AI technologies, that provides engaging experiences to its customers in many different languages to help them improve their language skills. Users can chat about unlimited amount of topics with the app and use other modes to practice their language learning.","email":"support@talkpal.ai","legalName":"Talkpal, Inc.","foundingDate":"2023-04-03","duns":"118989042","numberOfEmployees":{"@type":"QuantitativeValue","minValue":"11","maxValue":"50"},"publishingPrinciples":"https:\/\/talkpal.ai\/publishing-principles\/","actionableFeedbackPolicy":"https:\/\/talkpal.ai\/actionable-feedback-policy\/","correctionsPolicy":"https:\/\/talkpal.ai\/corrections-policy\/","ethicsPolicy":"https:\/\/talkpal.ai\/ethics-policy\/","diversityPolicy":"https:\/\/talkpal.ai\/diversity-policy\/","diversityStaffingReport":"https:\/\/talkpal.ai\/diversity-policy\/"}]}},"_links":{"self":[{"href":"https:\/\/talkpal.ai\/lv\/wp-json\/wp\/v2\/pages\/164033","targetHints":{"allow":["GET"]}}],"collection":[{"href":"https:\/\/talkpal.ai\/lv\/wp-json\/wp\/v2\/pages"}],"about":[{"href":"https:\/\/talkpal.ai\/lv\/wp-json\/wp\/v2\/types\/page"}],"author":[{"embeddable":true,"href":"https:\/\/talkpal.ai\/lv\/wp-json\/wp\/v2\/users\/6"}],"replies":[{"embeddable":true,"href":"https:\/\/talkpal.ai\/lv\/wp-json\/wp\/v2\/comments?post=164033"}],"version-history":[{"count":0,"href":"https:\/\/talkpal.ai\/lv\/wp-json\/wp\/v2\/pages\/164033\/revisions"}],"wp:featuredmedia":[{"embeddable":true,"href":"https:\/\/talkpal.ai\/lv\/wp-json\/wp\/v2\/media\/110013"}],"wp:attachment":[{"href":"https:\/\/talkpal.ai\/lv\/wp-json\/wp\/v2\/media?parent=164033"}],"curies":[{"name":"wp","href":"https:\/\/api.w.org\/{rel}","templated":true}]}}