{"id":163701,"date":"2023-06-16T13:10:39","date_gmt":"2023-06-16T13:10:39","guid":{"rendered":"http:\/\/talkpal.ai\/cehu-valodas-gramatikas-vingrinajumi\/"},"modified":"2025-12-17T16:28:31","modified_gmt":"2025-12-17T16:28:31","slug":"cehu-valodas-gramatikas-vingrinajumi","status":"publish","type":"page","link":"https:\/\/talkpal.ai\/lv\/cehu-valodas-gramatikas-vingrinajumi\/","title":{"rendered":"\u010cehu valodas gramatikas vingrin\u0101jumi"},"content":{"rendered":"\r\n\r\n\r\n<section class=\"languageChallengeSection\">\r\n    <div class=\"languageInfoWrapper\">\r\n        \r\n        <h1>\u010cehu valodas gramatikas vingrin\u0101jumi<\/h1>\r\n        <p>Vai esat gatavs uzlabot savas <a href=\"https:\/\/talkpal.ai\/learn-czech\/\">\u010dehu<\/a> <a href=\"https:\/\/talkpal.ai\/what-language-is-spoken-on-the-international-space-station\/\">valodas<\/a> prasmes? Gramatikas vingrin\u0101jumu praktiz\u0113\u0161ana ir lielisks veids, k\u0101 apg\u016bt teikuma strukt\u016bru, darb\u012bbas v\u0101rdu galotnes un <a href=\"https:\/\/talkpal.ai\/learn-czech\/\">\u010dehu<\/a> valodas \u012bpatn\u012bbas. S\u0101ciet str\u0101d\u0101t ar \u010dehu valodas gramatiku jau \u0161odien un v\u0113rojiet, k\u0101 ar katru vingrin\u0101jumu aug j\u016bsu p\u0101rliec\u012bba un pl\u016bstam\u012bba!\n\n<\/p>\r\n\r\n                            <a class=\"getStartedHidden\" href=\"https:\/\/app.talkpal.ai\/lv\/signup?lng=\">S\u0101c<\/a>\r\n        \r\n    <\/div>\r\n\r\n    <figure>\r\n    <img decoding=\"async\" width=\"768\" height=\"768\" src=\"https:\/\/talkpal.ai\/wp-content\/uploads\/2023\/06\/Czech-768x768.png\" class=\"languageImage no-lazy\" alt=\"Language learning for intellectual development\" fetchpriority=\"high\" sizes=\"(max-width: 768px) 150px, 768px\" srcset=\"https:\/\/talkpal.ai\/wp-content\/uploads\/2023\/06\/Czech-768x768.png 768w, https:\/\/talkpal.ai\/wp-content\/uploads\/2023\/06\/Czech-300x300.png 300w\" \/>\r\n    \r\n\r\n    <\/figure>\r\n\r\n            <a class=\"getStartedVisible\" href=\"https:\/\/app.talkpal.ai\/lv\/signup?lng=\">S\u0101c<\/a>\r\n    \r\n<\/section>\r\n\r\n\r\n<!-- <section class=\"grammarSection\">\r\n    <div class=\"grammarLinks\">\r\n            <\/div>\r\n<\/section> -->\r\n\r\n\r\n\r\n\r\n<section class=\"promotionalBanner\">\r\n    <p class=\"promotionalText\">Visefekt\u012bv\u0101kais veids, k\u0101 apg\u016bt valodu<\/p>\r\n    <a class=\"promotionalLink\" href=\"https:\/\/app.talkpal.ai\/lv\/signup?lng=\">Izm\u0113\u0123iniet Talkpal bez maksas<\/a>\r\n<\/section>\n<div class=\"wp-block-group pageContainerStyle\"><div class=\"wp-block-group__inner-container is-layout-constrained wp-block-group-is-layout-constrained\">\n<h2 class=\"wp-block-heading\" id=\"h-czech-grammar-topics\">\u010cehu valodas gramatikas t\u0113mas<\/h2>\n\n\n\n<p>Jaunas valodas apguve var b\u016bt aizraujo\u0161a un bag\u0101tino\u0161a pieredze, un \u010dehu valoda nav iz\u0146\u0113mums. Ar savu bag\u0101to v\u0113sturi un unik\u0101lo sl\u0101vu \u0161armu \u010dehu valoda pied\u0101v\u0101 izgl\u012btojamajiem v\u0101rtus uz Centr\u0101leiropas sirdi. Lai maksim\u0101li izmantotu \u010dehu valodas zin\u0101\u0161anas, ir svar\u012bgi saprast un apg\u016bt t\u0101s gramatiku, kas ir jebkuras valodas pamats. No sasprindzin\u0101jumiem un darb\u012bbas v\u0101rdiem l\u012bdz \u012bpa\u0161\u012bbas v\u0101rdiem un priev\u0101rdiem, zinot \u0161\u012bs gramatikas t\u0113mas, j\u016bs var\u0113sit efekt\u012bvi un p\u0101rliecino\u0161i sazin\u0101ties. \u0160aj\u0101 ce\u013cved\u012b m\u0113s iepaz\u012bstin\u0101sim j\u016bs ar b\u016btisk\u0101m \u010dehu valodas gramatikas t\u0113m\u0101m, kas sagrup\u0113tas sec\u012bb\u0101, kas atvieglos j\u016bsu m\u0101c\u012b\u0161anos un valodas izpratni.<\/p>\n\n\n\n<h3 class=\"wp-block-heading\" id=\"h-1-nouns\">1. Lietv\u0101rdi:<\/h3>\n\n\n\n<p>S\u0101ciet m\u0101c\u012bties ar \u010dehu lietv\u0101rdiem, jo tie ir valodas pamats. \u010cehu lietv\u0101rdiem ir tr\u012bs dzimumi (v\u012bri\u0161\u0137ais, sievi\u0161\u0137ais un neitr\u0101ls) un septi\u0146i gad\u012bjumi (nominat\u012bvs, \u0123enit\u012bvs, dat\u012bvs, akuzat\u012bvs, vokat\u012bvs, lokat\u012bvs un instrument\u0101ls). Izpratne par dzimumu un lietu sist\u0113mu ir b\u016btiska, lai pareizi veidotu teikumus.<\/p>\n\n\n\n<h3 class=\"wp-block-heading\" id=\"h-2-articles\">2. Raksti:<\/h3>\n\n\n\n<p>\u010dehu valod\u0101 nav nenoteiktu pantu (a, an), un konkr\u0113tais pants (the) tiek lietots tikai da\u017e\u0101s \u012bpa\u0161\u0101s situ\u0101cij\u0101s. Uzziniet, kad un k\u0101 izmantot konkr\u0113to rakstu, lai uzlabotu izpratni par \u010dehu valodas gramatiku.<\/p>\n\n\n\n<h3 class=\"wp-block-heading\" id=\"h-3-pronouns-determiners\">3. Vietniekv\u0101rdi\/noteic\u0113ji:<\/h3>\n\n\n\n<p>Vietniekv\u0101rdi aizst\u0101j lietv\u0101rdus teikumos, bet noteic\u0113ji nor\u0101da vai maina lietv\u0101rdus. Iepaz\u012bstieties ar \u010dehu personiskajiem, piedero\u0161ajiem, demonstrat\u012bvajiem, refleks\u012bvajiem un aizdom\u012bgajiem vietniekv\u0101rdiem, k\u0101 ar\u012b noteic\u0113jiem, lai izveidotu sare\u017e\u0123\u012bt\u0101kus teikumus.<\/p>\n\n\n\n<h3 class=\"wp-block-heading\" id=\"h-4-adjectives\">4. \u012apa\u0161\u012bbas v\u0101rdi:<\/h3>\n\n\n\n<p>\u012apa\u0161\u012bbas v\u0101rdi apraksta vai maina lietv\u0101rdus \u010dehu valod\u0101. Uzziniet, k\u0101 tos izmantot pareizaj\u0101 dzimum\u0101, skait\u0101 un gad\u012bjum\u0101, lai piekristu vi\u0146u aprakst\u012btajam lietv\u0101rdam.<\/p>\n\n\n\n<h3 class=\"wp-block-heading\" id=\"h-5-adverbs\">5. Adverbi:<\/h3>\n\n\n\n<p>Adverbi modific\u0113 darb\u012bbas v\u0101rdus, \u012bpa\u0161\u012bbas v\u0101rdus vai citus adverbus. Tie sniedz papildinform\u0101ciju par darb\u012bbu, piem\u0113ram, veidu, laiku vai vietu. \u010cehu adverbu apg\u016b\u0161ana pal\u012bdz\u0113s jums prec\u012bz\u0101k nodot savu zi\u0146ojumu.<\/p>\n\n\n\n<h3 class=\"wp-block-heading\" id=\"h-6-verbs\">6. Darb\u012bbas v\u0101rdi:<\/h3>\n\n\n\n<p>\u010cehu darb\u012bbas v\u0101rdi ir b\u016btiski, lai izteiktu darb\u012bbas, notikumus vai st\u0101vok\u013cus. Apg\u016bstiet konjug\u0101cijas mode\u013cus, laikus (pag\u0101tni, tagadni un n\u0101kotni) un aspektus (perfektus un nepiln\u012bgus), lai efekt\u012bvi sazin\u0101tos.<\/p>\n\n\n\n<h3 class=\"wp-block-heading\" id=\"h-7-tense-comparison\">7. Saspringts sal\u012bdzin\u0101jums:<\/h3>\n\n\n\n<p>Izprotot \u010dehu valodas (pag\u0101tnes, tagadnes un n\u0101kotnes) at\u0161\u0137ir\u012bbas un lietojumu, j\u016bs var\u0113siet prec\u012bzi izteikt savas domas un izvair\u012bties no p\u0101rpratumiem.<\/p>\n\n\n\n<h3 class=\"wp-block-heading\" id=\"h-8-progressive-and-perfect-progressive\">8. Progres\u012bvs un ide\u0101ls progres\u012bvs:<\/h3>\n\n\n\n<p>\u010cehu valodai nav tie\u0161u ekvivalentu <a href=\"https:\/\/talkpal.ai\/learn-english-with-ai\/\">ang\u013cu<\/a> progres\u012bvajiem un perfektajiem progres\u012bvajiem laikiem. T\u0101 viet\u0101 valoda izmanto da\u017e\u0101dus darb\u012bbas v\u0101rdu aspektus (perfektus un nepiln\u012bgus) un konstrukcijas, lai nodotu l\u012bdz\u012bgas noz\u012bmes. Uzziniet, k\u0101 veidot un izmantot \u0161\u012bs konstrukcijas, lai izteiktu notieko\u0161\u0101s vai pabeigt\u0101s darb\u012bbas.<\/p>\n\n\n\n<h3 class=\"wp-block-heading\" id=\"h-9-conditionals\">9. Nosac\u012bjumi:<\/h3>\n\n\n\n<p>Nosac\u012bjumus izmanto, lai izteiktu hipot\u0113tiskas situ\u0101cijas vai apst\u0101k\u013cus. Apg\u016bstiet \u010dehu nosac\u012bt\u0101s formas, lai apspriestu iesp\u0113jas un izteiktu prognozes.<\/p>\n\n\n\n<h3 class=\"wp-block-heading\" id=\"h-10-prepositions\">10. Priev\u0101rdi:<\/h3>\n\n\n\n<p>Priev\u0101rdi tiek izmantoti, lai nor\u0101d\u012btu attiec\u012bbas starp v\u0101rdiem, piem\u0113ram, atra\u0161an\u0101s vietu, virzienu, laiku vai c\u0113loni. Pareiza \u010dehu valodas priev\u0101rdu apguve un lieto\u0161ana pal\u012bdz\u0113s jums izveidot skaidrus un j\u0113gpilnus teikumus.<\/p>\n\n\n\n<h3 class=\"wp-block-heading\" id=\"h-11-sentences\">11. Teikumi:<\/h3>\n\n\n\n<p>Visbeidzot, praktiz\u0113jiet \u010dehu teikumu veido\u0161anu, apvienojot apg\u016btos gramatikas elementus. Koncentr\u0113jieties uz vienk\u0101r\u0161u, saliktu, sare\u017e\u0123\u012btu un saliktu sare\u017e\u0123\u012btu teikumu izveidi, lai uzlabotu \u010dehu valodas prasmi un komunik\u0101cijas prasmes.<\/p>\n<\/div><\/div>\n\r\n<section class=\"learnNavigationSection\">\r\n            \r\n        <a href=\"https:\/\/talkpal.ai\/lv\/apgustiet-cehu-valodu\/\">\r\n            <div class=\"learnNavigationWrapper\">\r\n                <div class=\"learnNavigationContent\">\r\n                    <img decoding=\"async\" src=\"https:\/\/talkpal.ai\/wp-content\/uploads\/2024\/08\/Czech.jpg\" alt=\"Czech Flag\">\r\n                    <div>\r\n                        <h4>Par \u010dehu valodas apguvi<\/h4>\r\n                        <p>Uzziniet visu par \u010dehu valodas gramatiku.<\/p>\r\n                    <\/div>\r\n                <\/div>\r\n            <\/div>\r\n        <\/a>\r\n\r\n        \r\n        <a href=\"https:\/\/talkpal.ai\/lv\/cehu-valodas-gramatika\/\">\r\n            <div class=\"learnNavigationWrapper\">\r\n                <div class=\"learnNavigationContent\">\r\n                    <img decoding=\"async\" src=\"https:\/\/talkpal.ai\/wp-content\/uploads\/2024\/08\/Czech.jpg\" alt=\"Czech Flag\">\r\n                    <div>\r\n                        <h4>\u010cehu valodas gramatikas nodarb\u012bbas<\/h4>\r\n                        <p>Praktiz\u0113jiet \u010dehu gramatiku.<\/p>\r\n                    <\/div>\r\n                <\/div>\r\n            <\/div>\r\n        <\/a>\r\n\r\n        \r\n        <a href=\"https:\/\/talkpal.ai\/vocabulary_language\/czech\/\">\r\n            <div class=\"learnNavigationWrapper\">\r\n                <div class=\"learnNavigationContent\">\r\n                    <img decoding=\"async\" src=\"https:\/\/talkpal.ai\/wp-content\/uploads\/2024\/08\/Czech.jpg\" alt=\"Czech Flag\">\r\n                    <div>\r\n                        <h4>\u010cehu valodas v\u0101rdn\u012bca<\/h4>\r\n                        <p>Papla\u0161iniet \u010dehu valodas v\u0101rdu kr\u0101jumu.<\/p>\r\n                    <\/div>\r\n                <\/div>\r\n            <\/div>\r\n        <\/a>\r\n\r\n            <\/section>","protected":false},"excerpt":{"rendered":"<p>\u010cehu valodas gramatikas t\u0113mas Jaunas valodas apguve var b\u016bt aizraujo\u0161a un bag\u0101tino\u0161a pieredze, un \u010dehu valoda nav iz\u0146\u0113mums. Ar savu bag\u0101to v\u0113sturi un unik\u0101lo sl\u0101vu \u0161armu \u010dehu valoda pied\u0101v\u0101 izgl\u012btojamajiem v\u0101rtus uz Centr\u0101leiropas sirdi. Lai maksim\u0101li izmantotu \u010dehu valodas zin\u0101\u0161anas, ir svar\u012bgi saprast un apg\u016bt t\u0101s gramatiku, kas ir jebkuras valodas pamats. No sasprindzin\u0101jumiem un [&hellip;]<\/p>\n","protected":false},"author":6,"featured_media":111628,"parent":0,"menu_order":0,"comment_status":"closed","ping_status":"closed","template":"LearningContentPage.php","meta":{"_acf_changed":false,"footnotes":""},"class_list":["post-163701","page","type-page","status-publish","has-post-thumbnail","hentry"],"acf":[],"yoast_head":"<!-- This site is optimized with the Yoast SEO Premium plugin v27.2 (Yoast SEO v27.2) - https:\/\/yoast.com\/product\/yoast-seo-premium-wordpress\/ -->\n<title>\u010cehu valodas gramatikas vingrin\u0101jumi - Talkpal<\/title>\n<meta name=\"description\" content=\"Atkl\u0101jiet \u010dehu valodas nosl\u0113pumus, izmantojot b\u016btiskus \u010dehu valodas gramatikas vingrin\u0101jumus, lai p\u0101rliecino\u0161i sazin\u0101tos.\" \/>\n<meta name=\"robots\" content=\"index, follow, max-snippet:-1, max-image-preview:large, max-video-preview:-1\" \/>\n<link rel=\"canonical\" href=\"https:\/\/talkpal.ai\/lv\/cehu-valodas-gramatikas-vingrinajumi\/\" \/>\n<meta property=\"og:locale\" content=\"lv_LV\" \/>\n<meta property=\"og:type\" content=\"article\" \/>\n<meta property=\"og:title\" content=\"\u010cehu valodas gramatikas vingrin\u0101jumi\" \/>\n<meta property=\"og:description\" content=\"\u010cehu valodas gramatikas t\u0113mas Jaunas valodas apguve var b\u016bt aizraujo\u0161a un bag\u0101tino\u0161a pieredze, un \u010dehu valoda nav iz\u0146\u0113mums. Ar savu bag\u0101to v\u0113sturi un\" \/>\n<meta property=\"og:url\" content=\"https:\/\/talkpal.ai\/lv\/cehu-valodas-gramatikas-vingrinajumi\/\" \/>\n<meta property=\"og:site_name\" content=\"Talkpal\" \/>\n<meta property=\"article:publisher\" content=\"https:\/\/www.facebook.com\/profile.php?id=100090733639311\" \/>\n<meta property=\"article:modified_time\" content=\"2025-12-17T16:28:31+00:00\" \/>\n<meta property=\"og:image\" content=\"https:\/\/talkpal.ai\/wp-content\/uploads\/2023\/05\/czech-republic.png\" \/>\n\t<meta property=\"og:image:width\" content=\"512\" \/>\n\t<meta property=\"og:image:height\" content=\"512\" \/>\n\t<meta property=\"og:image:type\" content=\"image\/png\" \/>\n<meta name=\"twitter:card\" content=\"summary_large_image\" \/>\n<meta name=\"twitter:site\" content=\"@talkpalai\" \/>\n<meta name=\"twitter:label1\" content=\"Est. reading time\" \/>\n\t<meta name=\"twitter:data1\" content=\"3 minutes\" \/>\n<script type=\"application\/ld+json\" class=\"yoast-schema-graph\">{\"@context\":\"https:\/\/schema.org\",\"@graph\":[{\"@type\":\"WebPage\",\"@id\":\"https:\/\/talkpal.ai\/lv\/cehu-valodas-gramatikas-vingrinajumi\/\",\"url\":\"https:\/\/talkpal.ai\/lv\/cehu-valodas-gramatikas-vingrinajumi\/\",\"name\":\"\u010cehu valodas gramatikas vingrin\u0101jumi - Talkpal\",\"isPartOf\":{\"@id\":\"https:\/\/talkpal.ai\/lv\/#website\"},\"primaryImageOfPage\":{\"@id\":\"https:\/\/talkpal.ai\/lv\/cehu-valodas-gramatikas-vingrinajumi\/#primaryimage\"},\"image\":{\"@id\":\"https:\/\/talkpal.ai\/lv\/cehu-valodas-gramatikas-vingrinajumi\/#primaryimage\"},\"thumbnailUrl\":\"https:\/\/talkpal.ai\/wp-content\/uploads\/2023\/05\/czech-republic.png\",\"datePublished\":\"2023-06-16T13:10:39+00:00\",\"dateModified\":\"2025-12-17T16:28:31+00:00\",\"description\":\"Atkl\u0101jiet \u010dehu valodas nosl\u0113pumus, izmantojot b\u016btiskus \u010dehu valodas gramatikas vingrin\u0101jumus, lai p\u0101rliecino\u0161i sazin\u0101tos.\",\"breadcrumb\":{\"@id\":\"https:\/\/talkpal.ai\/lv\/cehu-valodas-gramatikas-vingrinajumi\/#breadcrumb\"},\"inLanguage\":\"lv-LV\",\"potentialAction\":[{\"@type\":\"ReadAction\",\"target\":[\"https:\/\/talkpal.ai\/lv\/cehu-valodas-gramatikas-vingrinajumi\/\"]}]},{\"@type\":\"ImageObject\",\"inLanguage\":\"lv-LV\",\"@id\":\"https:\/\/talkpal.ai\/lv\/cehu-valodas-gramatikas-vingrinajumi\/#primaryimage\",\"url\":\"https:\/\/talkpal.ai\/wp-content\/uploads\/2023\/05\/czech-republic.png\",\"contentUrl\":\"https:\/\/talkpal.ai\/wp-content\/uploads\/2023\/05\/czech-republic.png\",\"width\":512,\"height\":512},{\"@type\":\"BreadcrumbList\",\"@id\":\"https:\/\/talkpal.ai\/lv\/cehu-valodas-gramatikas-vingrinajumi\/#breadcrumb\",\"itemListElement\":[{\"@type\":\"ListItem\",\"position\":1,\"name\":\"Homepage\",\"item\":\"https:\/\/talkpal.ai\/lv\/\"},{\"@type\":\"ListItem\",\"position\":2,\"name\":\"\u010cehu valodas gramatikas vingrin\u0101jumi\"}]},{\"@type\":\"WebSite\",\"@id\":\"https:\/\/talkpal.ai\/lv\/#website\",\"url\":\"https:\/\/talkpal.ai\/lv\/\",\"name\":\"Talkpal\",\"description\":\"AI Language Learning\",\"publisher\":{\"@id\":\"https:\/\/talkpal.ai\/lv\/#organization\"},\"alternateName\":\"Talkpal AI\",\"potentialAction\":[{\"@type\":\"SearchAction\",\"target\":{\"@type\":\"EntryPoint\",\"urlTemplate\":\"https:\/\/talkpal.ai\/lv\/?s={search_term_string}\"},\"query-input\":{\"@type\":\"PropertyValueSpecification\",\"valueRequired\":true,\"valueName\":\"search_term_string\"}}],\"inLanguage\":\"lv-LV\"},{\"@type\":\"Organization\",\"@id\":\"https:\/\/talkpal.ai\/lv\/#organization\",\"name\":\"Talkpal, Inc.\",\"alternateName\":\"Talkpal AI\",\"url\":\"https:\/\/talkpal.ai\/lv\/\",\"logo\":{\"@type\":\"ImageObject\",\"inLanguage\":\"lv-LV\",\"@id\":\"https:\/\/talkpal.ai\/lv\/#\/schema\/logo\/image\/\",\"url\":\"https:\/\/talkpal.ai\/wp-content\/uploads\/2024\/03\/Talkpal-Logo-Icon.png\",\"contentUrl\":\"https:\/\/talkpal.ai\/wp-content\/uploads\/2024\/03\/Talkpal-Logo-Icon.png\",\"width\":2880,\"height\":2880,\"caption\":\"Talkpal, Inc.\"},\"image\":{\"@id\":\"https:\/\/talkpal.ai\/lv\/#\/schema\/logo\/image\/\"},\"sameAs\":[\"https:\/\/www.facebook.com\/profile.php?id=100090733639311\",\"https:\/\/x.com\/talkpalai\",\"https:\/\/www.linkedin.com\/company\/talkpal\/\",\"https:\/\/www.youtube.com\/@TalkPal\/\",\"https:\/\/www.tiktok.com\/@talkpal\",\"https:\/\/www.instagram.com\/talkpal_ai\/\",\"https:\/\/www.crunchbase.com\/organization\/talkpal-9cde\",\"https:\/\/www.g2.com\/products\/talkpal-for-business\/\",\"https:\/\/www.trustpilot.com\/review\/talkpal.ai\",\"https:\/\/www.capterra.com\/p\/10006800\/TalkPal\/\"],\"description\":\"Talkpal is a language learning web and mobile education app, powered by the latest AI technologies, that provides engaging experiences to its customers in many different languages to help them improve their language skills. Users can chat about unlimited amount of topics with the app and use other modes to practice their language learning.\",\"email\":\"support@talkpal.ai\",\"legalName\":\"Talkpal, Inc.\",\"foundingDate\":\"2023-04-03\",\"duns\":\"118989042\",\"numberOfEmployees\":{\"@type\":\"QuantitativeValue\",\"minValue\":\"11\",\"maxValue\":\"50\"},\"publishingPrinciples\":\"https:\/\/talkpal.ai\/publishing-principles\/\",\"actionableFeedbackPolicy\":\"https:\/\/talkpal.ai\/actionable-feedback-policy\/\",\"correctionsPolicy\":\"https:\/\/talkpal.ai\/corrections-policy\/\",\"ethicsPolicy\":\"https:\/\/talkpal.ai\/ethics-policy\/\",\"diversityPolicy\":\"https:\/\/talkpal.ai\/diversity-policy\/\",\"diversityStaffingReport\":\"https:\/\/talkpal.ai\/diversity-policy\/\"}]}<\/script>\n<!-- \/ Yoast SEO Premium plugin. -->","yoast_head_json":{"title":"\u010cehu valodas gramatikas vingrin\u0101jumi - Talkpal","description":"Atkl\u0101jiet \u010dehu valodas nosl\u0113pumus, izmantojot b\u016btiskus \u010dehu valodas gramatikas vingrin\u0101jumus, lai p\u0101rliecino\u0161i sazin\u0101tos.","robots":{"index":"index","follow":"follow","max-snippet":"max-snippet:-1","max-image-preview":"max-image-preview:large","max-video-preview":"max-video-preview:-1"},"canonical":"https:\/\/talkpal.ai\/lv\/cehu-valodas-gramatikas-vingrinajumi\/","og_locale":"lv_LV","og_type":"article","og_title":"\u010cehu valodas gramatikas vingrin\u0101jumi","og_description":"\u010cehu valodas gramatikas t\u0113mas Jaunas valodas apguve var b\u016bt aizraujo\u0161a un bag\u0101tino\u0161a pieredze, un \u010dehu valoda nav iz\u0146\u0113mums. Ar savu bag\u0101to v\u0113sturi un","og_url":"https:\/\/talkpal.ai\/lv\/cehu-valodas-gramatikas-vingrinajumi\/","og_site_name":"Talkpal","article_publisher":"https:\/\/www.facebook.com\/profile.php?id=100090733639311","article_modified_time":"2025-12-17T16:28:31+00:00","og_image":[{"width":512,"height":512,"url":"https:\/\/talkpal.ai\/wp-content\/uploads\/2023\/05\/czech-republic.png","type":"image\/png"}],"twitter_card":"summary_large_image","twitter_site":"@talkpalai","twitter_misc":{"Est. reading time":"3 minutes"},"schema":{"@context":"https:\/\/schema.org","@graph":[{"@type":"WebPage","@id":"https:\/\/talkpal.ai\/lv\/cehu-valodas-gramatikas-vingrinajumi\/","url":"https:\/\/talkpal.ai\/lv\/cehu-valodas-gramatikas-vingrinajumi\/","name":"\u010cehu valodas gramatikas vingrin\u0101jumi - Talkpal","isPartOf":{"@id":"https:\/\/talkpal.ai\/lv\/#website"},"primaryImageOfPage":{"@id":"https:\/\/talkpal.ai\/lv\/cehu-valodas-gramatikas-vingrinajumi\/#primaryimage"},"image":{"@id":"https:\/\/talkpal.ai\/lv\/cehu-valodas-gramatikas-vingrinajumi\/#primaryimage"},"thumbnailUrl":"https:\/\/talkpal.ai\/wp-content\/uploads\/2023\/05\/czech-republic.png","datePublished":"2023-06-16T13:10:39+00:00","dateModified":"2025-12-17T16:28:31+00:00","description":"Atkl\u0101jiet \u010dehu valodas nosl\u0113pumus, izmantojot b\u016btiskus \u010dehu valodas gramatikas vingrin\u0101jumus, lai p\u0101rliecino\u0161i sazin\u0101tos.","breadcrumb":{"@id":"https:\/\/talkpal.ai\/lv\/cehu-valodas-gramatikas-vingrinajumi\/#breadcrumb"},"inLanguage":"lv-LV","potentialAction":[{"@type":"ReadAction","target":["https:\/\/talkpal.ai\/lv\/cehu-valodas-gramatikas-vingrinajumi\/"]}]},{"@type":"ImageObject","inLanguage":"lv-LV","@id":"https:\/\/talkpal.ai\/lv\/cehu-valodas-gramatikas-vingrinajumi\/#primaryimage","url":"https:\/\/talkpal.ai\/wp-content\/uploads\/2023\/05\/czech-republic.png","contentUrl":"https:\/\/talkpal.ai\/wp-content\/uploads\/2023\/05\/czech-republic.png","width":512,"height":512},{"@type":"BreadcrumbList","@id":"https:\/\/talkpal.ai\/lv\/cehu-valodas-gramatikas-vingrinajumi\/#breadcrumb","itemListElement":[{"@type":"ListItem","position":1,"name":"Homepage","item":"https:\/\/talkpal.ai\/lv\/"},{"@type":"ListItem","position":2,"name":"\u010cehu valodas gramatikas vingrin\u0101jumi"}]},{"@type":"WebSite","@id":"https:\/\/talkpal.ai\/lv\/#website","url":"https:\/\/talkpal.ai\/lv\/","name":"Talkpal","description":"AI Language Learning","publisher":{"@id":"https:\/\/talkpal.ai\/lv\/#organization"},"alternateName":"Talkpal AI","potentialAction":[{"@type":"SearchAction","target":{"@type":"EntryPoint","urlTemplate":"https:\/\/talkpal.ai\/lv\/?s={search_term_string}"},"query-input":{"@type":"PropertyValueSpecification","valueRequired":true,"valueName":"search_term_string"}}],"inLanguage":"lv-LV"},{"@type":"Organization","@id":"https:\/\/talkpal.ai\/lv\/#organization","name":"Talkpal, Inc.","alternateName":"Talkpal AI","url":"https:\/\/talkpal.ai\/lv\/","logo":{"@type":"ImageObject","inLanguage":"lv-LV","@id":"https:\/\/talkpal.ai\/lv\/#\/schema\/logo\/image\/","url":"https:\/\/talkpal.ai\/wp-content\/uploads\/2024\/03\/Talkpal-Logo-Icon.png","contentUrl":"https:\/\/talkpal.ai\/wp-content\/uploads\/2024\/03\/Talkpal-Logo-Icon.png","width":2880,"height":2880,"caption":"Talkpal, Inc."},"image":{"@id":"https:\/\/talkpal.ai\/lv\/#\/schema\/logo\/image\/"},"sameAs":["https:\/\/www.facebook.com\/profile.php?id=100090733639311","https:\/\/x.com\/talkpalai","https:\/\/www.linkedin.com\/company\/talkpal\/","https:\/\/www.youtube.com\/@TalkPal\/","https:\/\/www.tiktok.com\/@talkpal","https:\/\/www.instagram.com\/talkpal_ai\/","https:\/\/www.crunchbase.com\/organization\/talkpal-9cde","https:\/\/www.g2.com\/products\/talkpal-for-business\/","https:\/\/www.trustpilot.com\/review\/talkpal.ai","https:\/\/www.capterra.com\/p\/10006800\/TalkPal\/"],"description":"Talkpal is a language learning web and mobile education app, powered by the latest AI technologies, that provides engaging experiences to its customers in many different languages to help them improve their language skills. Users can chat about unlimited amount of topics with the app and use other modes to practice their language learning.","email":"support@talkpal.ai","legalName":"Talkpal, Inc.","foundingDate":"2023-04-03","duns":"118989042","numberOfEmployees":{"@type":"QuantitativeValue","minValue":"11","maxValue":"50"},"publishingPrinciples":"https:\/\/talkpal.ai\/publishing-principles\/","actionableFeedbackPolicy":"https:\/\/talkpal.ai\/actionable-feedback-policy\/","correctionsPolicy":"https:\/\/talkpal.ai\/corrections-policy\/","ethicsPolicy":"https:\/\/talkpal.ai\/ethics-policy\/","diversityPolicy":"https:\/\/talkpal.ai\/diversity-policy\/","diversityStaffingReport":"https:\/\/talkpal.ai\/diversity-policy\/"}]}},"_links":{"self":[{"href":"https:\/\/talkpal.ai\/lv\/wp-json\/wp\/v2\/pages\/163701","targetHints":{"allow":["GET"]}}],"collection":[{"href":"https:\/\/talkpal.ai\/lv\/wp-json\/wp\/v2\/pages"}],"about":[{"href":"https:\/\/talkpal.ai\/lv\/wp-json\/wp\/v2\/types\/page"}],"author":[{"embeddable":true,"href":"https:\/\/talkpal.ai\/lv\/wp-json\/wp\/v2\/users\/6"}],"replies":[{"embeddable":true,"href":"https:\/\/talkpal.ai\/lv\/wp-json\/wp\/v2\/comments?post=163701"}],"version-history":[{"count":0,"href":"https:\/\/talkpal.ai\/lv\/wp-json\/wp\/v2\/pages\/163701\/revisions"}],"wp:featuredmedia":[{"embeddable":true,"href":"https:\/\/talkpal.ai\/lv\/wp-json\/wp\/v2\/media\/111628"}],"wp:attachment":[{"href":"https:\/\/talkpal.ai\/lv\/wp-json\/wp\/v2\/media?parent=163701"}],"curies":[{"name":"wp","href":"https:\/\/api.w.org\/{rel}","templated":true}]}}