{"id":163375,"date":"2023-06-16T13:19:10","date_gmt":"2023-06-16T13:19:10","guid":{"rendered":"http:\/\/talkpal.ai\/danu-valodas-gramatikas-vingrinajumi\/"},"modified":"2025-12-17T16:30:39","modified_gmt":"2025-12-17T16:30:39","slug":"danu-valodas-gramatikas-vingrinajumi","status":"publish","type":"page","link":"https:\/\/talkpal.ai\/lv\/danu-valodas-gramatikas-vingrinajumi\/","title":{"rendered":"D\u0101\u0146u valodas gramatikas vingrin\u0101jumi"},"content":{"rendered":"\r\n\r\n\r\n<section class=\"languageChallengeSection\">\r\n    <div class=\"languageInfoWrapper\">\r\n        \r\n        <h1>D\u0101\u0146u valodas gramatikas vingrin\u0101jumi<\/h1>\r\n        <p>Vai esat gatavs uzlabot <a href=\"https:\/\/talkpal.ai\/learn-danish\/\">d\u0101\u0146u<\/a> <a href=\"https:\/\/talkpal.ai\/what-language-is-spoken-on-the-international-space-station\/\">valodas<\/a> zin\u0101\u0161anas? Gramatikas vingrin\u0101jumu praktiz\u0113\u0161ana ir lielisks veids, k\u0101 apg\u016bt teikumu strukt\u016bru, darb\u012bbas v\u0101rdu loc\u012bjumus un d\u0101\u0146u valodas \u012bpatn\u012bbas. S\u0101ciet str\u0101d\u0101t pie d\u0101\u0146u valodas gramatikas jau \u0161odien un v\u0113rojiet, k\u0101 ar katru vingrin\u0101jumu pieaug j\u016bsu prasmes un p\u0101rliec\u012bba!\n\n<\/p>\r\n\r\n                            <a class=\"getStartedHidden\" href=\"https:\/\/app.talkpal.ai\/lv\/signup?lng=\">S\u0101c<\/a>\r\n        \r\n    <\/div>\r\n\r\n    <figure>\r\n    <img decoding=\"async\" width=\"768\" height=\"768\" src=\"https:\/\/talkpal.ai\/wp-content\/uploads\/2023\/06\/danish-768x768.png\" class=\"languageImage no-lazy\" alt=\"Language learning for career enhancement\" fetchpriority=\"high\" sizes=\"(max-width: 768px) 150px, 768px\" srcset=\"https:\/\/talkpal.ai\/wp-content\/uploads\/2023\/06\/danish-768x768.png 768w, https:\/\/talkpal.ai\/wp-content\/uploads\/2023\/06\/danish-300x300.png 300w\" \/>\r\n    \r\n\r\n    <\/figure>\r\n\r\n            <a class=\"getStartedVisible\" href=\"https:\/\/app.talkpal.ai\/lv\/signup?lng=\">S\u0101c<\/a>\r\n    \r\n<\/section>\r\n\r\n\r\n<!-- <section class=\"grammarSection\">\r\n    <div class=\"grammarLinks\">\r\n            <\/div>\r\n<\/section> -->\r\n\r\n\r\n\r\n\r\n<section class=\"promotionalBanner\">\r\n    <p class=\"promotionalText\">Visefekt\u012bv\u0101kais veids, k\u0101 apg\u016bt valodu<\/p>\r\n    <a class=\"promotionalLink\" href=\"https:\/\/app.talkpal.ai\/lv\/signup?lng=\">Izm\u0113\u0123iniet Talkpal bez maksas<\/a>\r\n<\/section>\n<div class=\"wp-block-group pageContainerStyle\"><div class=\"wp-block-group__inner-container is-layout-constrained wp-block-group-is-layout-constrained\">\n<h2 class=\"wp-block-heading\" id=\"h-danish-grammar-topics\">D\u0101\u0146u valodas gramatikas t\u0113mas<\/h2>\n\n\n\n<p>D\u0101\u0146u valodas apguve var b\u016bt atalgojo\u0161a un pat\u012bkama pieredze tiem, kas v\u0113las izp\u0113t\u012bt D\u0101nijas bag\u0101to kult\u016bru un v\u0113sturi. K\u0101 zieme\u013c\u0123erm\u0101\u0146u valodai d\u0101\u0146u valodai ir daudz l\u012bdz\u012bbu ar cit\u0101m skandin\u0101vu valod\u0101m, piem\u0113ram, <a href=\"https:\/\/talkpal.ai\/learn-swedish\/\">zviedru<\/a> un <a href=\"https:\/\/talkpal.ai\/learn-norwegian\/\">norv\u0113\u0123u<\/a>. Apg\u016bstot d\u0101\u0146u valodu, j\u016bs paverat iesp\u0113jas sazin\u0101ties ar cilv\u0113kiem, kuriem t\u0101 ir dzimt\u0101 valoda, baud\u012bt d\u0101\u0146u literat\u016bru un padzi\u013cin\u0101t izpratni par D\u0101nijas sabiedr\u012bbu. Lai ieg\u016btu d\u0101\u0146u valodas zin\u0101\u0161anas, ir svar\u012bgi iepaz\u012bties ar da\u017e\u0101d\u0101m gramatikas t\u0113m\u0101m, kas ir valodas pamatelementi. \u0160aj\u0101 ce\u013cved\u012b m\u0113s izp\u0113t\u012bsim sec\u012bbu, kas jums j\u0101iev\u0113ro, apg\u016bstot d\u0101\u0146u valodas gramatiku, aptverot t\u0101das t\u0113mas k\u0101 sasprindzin\u0101jums, darb\u012bbas v\u0101rdi, lietv\u0101rdi un citas.<\/p>\n\n\n\n<h3 class=\"wp-block-heading\" id=\"h-1-nouns-articles-and-pronouns-determiners\">1. Lietv\u0101rdi, panti un vietniekv\u0101rdi\/noteic\u0113ji:<\/h3>\n\n\n\n<p>S\u0101ciet, apg\u016bstot d\u0101\u0146u lietv\u0101rdu pamatus, tostarp to dzimumu un skaitu. Iepaz\u012bstieties ar noteiktiem un nenoteiktiem rakstiem, k\u0101 ar\u012b da\u017e\u0101diem vietniekv\u0101rdu veidiem un noteic\u0113jiem. Tas pal\u012bdz\u0113s jums izveidot stabilu pamatu vienk\u0101r\u0161u teikumu veido\u0161anai.<\/p>\n\n\n\n<h3 class=\"wp-block-heading\" id=\"h-2-adjectives-and-adverbs\">2. \u012apa\u0161\u012bbas v\u0101rdi un adverbi:<\/h3>\n\n\n\n<p>P\u0113c lietv\u0101rdu un vietniekv\u0101rdu pamatu izpratnes p\u0101rejiet pie \u012bpa\u0161\u012bbas v\u0101rdiem un adverbiem. Uzziniet, k\u0101 aprakst\u012bt lietv\u0101rdus ar pareizu \u012bpa\u0161\u012bbas v\u0101rdu vieno\u0161anos un izmantot adverbus, lai modific\u0113tu darb\u012bbas v\u0101rdus, \u012bpa\u0161\u012bbas v\u0101rdus un citus adverbus.<\/p>\n\n\n\n<h3 class=\"wp-block-heading\" id=\"h-3-verbs-and-tenses\">3. Darb\u012bbas v\u0101rdi un sasprindzin\u0101jumi:<\/h3>\n\n\n\n<p>Apg\u016bstiet regul\u0101ru un neregul\u0101ru darb\u012bbas v\u0101rdu konjug\u0101ciju tagadnes, pag\u0101tnes un n\u0101kotnes laikos. Izpratne par saspringtu sal\u012bdzin\u0101jumu pal\u012bdz\u0113s jums izteikt darb\u012bbas vai notikumus, kas notiek da\u017e\u0101dos laikos.<\/p>\n\n\n\n<h3 class=\"wp-block-heading\" id=\"h-4-progressive-and-perfect-progressive\">4. Progres\u012bvs un ide\u0101ls progres\u012bvs:<\/h3>\n\n\n\n<p>\u0160ie d\u0101\u0146u valodas gramatikas aspekti \u013cauj aprakst\u012bt notieko\u0161\u0101s darb\u012bbas vai notikumus un darb\u012bbas, kas ir pabeigtas, bet joproj\u0101m ir aktu\u0101las. Apg\u016bstiet atbilsto\u0161\u0101s darb\u012bbas v\u0101rdu formas un pal\u012bgv\u0101rdus, ko izmanto progres\u012bvajos un perfektajos progres\u012bvajos laikos.<\/p>\n\n\n\n<h3 class=\"wp-block-heading\" id=\"h-5-prepositions\">5. Priev\u0101rdi:<\/h3>\n\n\n\n<p>Izp\u0113tiet priev\u0101rdu lietojumu, lai izteiktu attiec\u012bbas starp v\u0101rdiem, piem\u0113ram, atra\u0161an\u0101s vietu, virzienu, laiku un c\u0113loni.<\/p>\n\n\n\n<h3 class=\"wp-block-heading\" id=\"h-6-sentences\">6. Teikumi:<\/h3>\n\n\n\n<p>Iem\u0101cieties veidot vienk\u0101r\u0161us un sare\u017e\u0123\u012btus teikumus, izmantojot pareizo v\u0101rdu sec\u012bbu, kas ir b\u016btiska skaidrai un efekt\u012bvai sazi\u0146ai d\u0101\u0146u valod\u0101.<\/p>\n\n\n\n<h3 class=\"wp-block-heading\" id=\"h-7-conditionals\">7. Nosac\u012bjumi:<\/h3>\n\n\n\n<p>Visbeidzot, iepaz\u012bstieties ar da\u017e\u0101diem nosac\u012bjumu veidiem, ko d\u0101\u0146u valod\u0101 izmanto, lai izteiktu hipot\u0113tiskas situ\u0101cijas un to sekas.<\/p>\n\n\n\n<p>Iev\u0113rojot \u0161o sec\u012bbu, j\u016bs varat sistem\u0101tiski papildin\u0101t savas zin\u0101\u0161anas par d\u0101\u0146u valodas gramatiku un att\u012bst\u012bt prasmes, kas nepiecie\u0161amas, lai efekt\u012bvi sazin\u0101tos valod\u0101. Atcerieties regul\u0101ri praktiz\u0113t un p\u0113c iesp\u0113jas vair\u0101k iegremd\u0113ties valod\u0101, lai sasniegtu vislab\u0101kos rezult\u0101tus.<\/p>\n<\/div><\/div>\n\r\n<section class=\"learnNavigationSection\">\r\n            \r\n        <a href=\"https:\/\/talkpal.ai\/lv\/apgustiet-danu-valodu\/\">\r\n            <div class=\"learnNavigationWrapper\">\r\n                <div class=\"learnNavigationContent\">\r\n                    <img decoding=\"async\" src=\"https:\/\/talkpal.ai\/wp-content\/uploads\/2024\/08\/Danish.jpg\" alt=\"Danish Flag\">\r\n                    <div>\r\n                        <h4>Par d\u0101\u0146u valodas apguvi<\/h4>\r\n                        <p>Uzziniet visu par d\u0101\u0146u valodas gramatiku.<\/p>\r\n                    <\/div>\r\n                <\/div>\r\n            <\/div>\r\n        <\/a>\r\n\r\n        \r\n        <a href=\"https:\/\/talkpal.ai\/lv\/danu-valodas-gramatika\/\">\r\n            <div class=\"learnNavigationWrapper\">\r\n                <div class=\"learnNavigationContent\">\r\n                    <img decoding=\"async\" src=\"https:\/\/talkpal.ai\/wp-content\/uploads\/2024\/08\/Danish.jpg\" alt=\"Danish Flag\">\r\n                    <div>\r\n                        <h4>D\u0101\u0146u valodas gramatikas nodarb\u012bbas<\/h4>\r\n                        <p>Praktiz\u0113jiet d\u0101\u0146u valodas gramatiku.<\/p>\r\n                    <\/div>\r\n                <\/div>\r\n            <\/div>\r\n        <\/a>\r\n\r\n        \r\n        <a href=\"https:\/\/talkpal.ai\/vocabulary_language\/danish\/\">\r\n            <div class=\"learnNavigationWrapper\">\r\n                <div class=\"learnNavigationContent\">\r\n                    <img decoding=\"async\" src=\"https:\/\/talkpal.ai\/wp-content\/uploads\/2024\/08\/Danish.jpg\" alt=\"Danish Flag\">\r\n                    <div>\r\n                        <h4>D\u0101\u0146u valodas v\u0101rdn\u012bca<\/h4>\r\n                        <p>Papla\u0161iniet savu d\u0101\u0146u valodas v\u0101rdu kr\u0101jumu.<\/p>\r\n                    <\/div>\r\n                <\/div>\r\n            <\/div>\r\n        <\/a>\r\n\r\n            <\/section>","protected":false},"excerpt":{"rendered":"<p>D\u0101\u0146u valodas gramatikas t\u0113mas D\u0101\u0146u valodas apguve var b\u016bt atalgojo\u0161a un pat\u012bkama pieredze tiem, kas v\u0113las izp\u0113t\u012bt D\u0101nijas bag\u0101to kult\u016bru un v\u0113sturi. K\u0101 zieme\u013c\u0123erm\u0101\u0146u valodai d\u0101\u0146u valodai ir daudz l\u012bdz\u012bbu ar cit\u0101m skandin\u0101vu valod\u0101m, piem\u0113ram, zviedru un norv\u0113\u0123u. Apg\u016bstot d\u0101\u0146u valodu, j\u016bs paverat iesp\u0113jas sazin\u0101ties ar cilv\u0113kiem, kuriem t\u0101 ir dzimt\u0101 valoda, baud\u012bt d\u0101\u0146u literat\u016bru [&hellip;]<\/p>\n","protected":false},"author":6,"featured_media":111036,"parent":0,"menu_order":0,"comment_status":"closed","ping_status":"closed","template":"LearningContentPage.php","meta":{"_acf_changed":false,"footnotes":""},"class_list":["post-163375","page","type-page","status-publish","has-post-thumbnail","hentry"],"acf":[],"yoast_head":"<!-- This site is optimized with the Yoast SEO Premium plugin v27.2 (Yoast SEO v27.2) - https:\/\/yoast.com\/product\/yoast-seo-premium-wordpress\/ -->\n<title>D\u0101\u0146u valodas gramatikas vingrin\u0101jumi - Talkpal<\/title>\n<meta name=\"description\" content=\"Atkl\u0101jiet d\u0101\u0146u valodas gramatikas vingrin\u0101jumu nosl\u0113pumus, lai uzlabotu savas valodas prasmes un efekt\u012bvi iepaz\u012btos ar d\u0101\u0146u kult\u016bru.\" \/>\n<meta name=\"robots\" content=\"index, follow, max-snippet:-1, max-image-preview:large, max-video-preview:-1\" \/>\n<link rel=\"canonical\" href=\"https:\/\/talkpal.ai\/lv\/danu-valodas-gramatikas-vingrinajumi\/\" \/>\n<meta property=\"og:locale\" content=\"lv_LV\" \/>\n<meta property=\"og:type\" content=\"article\" \/>\n<meta property=\"og:title\" content=\"D\u0101\u0146u valodas gramatikas vingrin\u0101jumi\" \/>\n<meta property=\"og:description\" content=\"D\u0101\u0146u valodas gramatikas t\u0113mas D\u0101\u0146u valodas apguve var b\u016bt atalgojo\u0161a un pat\u012bkama pieredze tiem, kas v\u0113las izp\u0113t\u012bt D\u0101nijas bag\u0101to kult\u016bru un v\u0113sturi. K\u0101\" \/>\n<meta property=\"og:url\" content=\"https:\/\/talkpal.ai\/lv\/danu-valodas-gramatikas-vingrinajumi\/\" \/>\n<meta property=\"og:site_name\" content=\"Talkpal\" \/>\n<meta property=\"article:publisher\" content=\"https:\/\/www.facebook.com\/profile.php?id=100090733639311\" \/>\n<meta property=\"article:modified_time\" content=\"2025-12-17T16:30:39+00:00\" \/>\n<meta property=\"og:image\" content=\"https:\/\/talkpal.ai\/wp-content\/uploads\/2023\/05\/denmark.png\" \/>\n\t<meta property=\"og:image:width\" content=\"512\" \/>\n\t<meta property=\"og:image:height\" content=\"512\" \/>\n\t<meta property=\"og:image:type\" content=\"image\/png\" \/>\n<meta name=\"twitter:card\" content=\"summary_large_image\" \/>\n<meta name=\"twitter:site\" content=\"@talkpalai\" \/>\n<meta name=\"twitter:label1\" content=\"Est. reading time\" \/>\n\t<meta name=\"twitter:data1\" content=\"3 minutes\" \/>\n<script type=\"application\/ld+json\" class=\"yoast-schema-graph\">{\"@context\":\"https:\/\/schema.org\",\"@graph\":[{\"@type\":\"WebPage\",\"@id\":\"https:\/\/talkpal.ai\/lv\/danu-valodas-gramatikas-vingrinajumi\/\",\"url\":\"https:\/\/talkpal.ai\/lv\/danu-valodas-gramatikas-vingrinajumi\/\",\"name\":\"D\u0101\u0146u valodas gramatikas vingrin\u0101jumi - Talkpal\",\"isPartOf\":{\"@id\":\"https:\/\/talkpal.ai\/lv\/#website\"},\"primaryImageOfPage\":{\"@id\":\"https:\/\/talkpal.ai\/lv\/danu-valodas-gramatikas-vingrinajumi\/#primaryimage\"},\"image\":{\"@id\":\"https:\/\/talkpal.ai\/lv\/danu-valodas-gramatikas-vingrinajumi\/#primaryimage\"},\"thumbnailUrl\":\"https:\/\/talkpal.ai\/wp-content\/uploads\/2023\/05\/denmark.png\",\"datePublished\":\"2023-06-16T13:19:10+00:00\",\"dateModified\":\"2025-12-17T16:30:39+00:00\",\"description\":\"Atkl\u0101jiet d\u0101\u0146u valodas gramatikas vingrin\u0101jumu nosl\u0113pumus, lai uzlabotu savas valodas prasmes un efekt\u012bvi iepaz\u012btos ar d\u0101\u0146u kult\u016bru.\",\"breadcrumb\":{\"@id\":\"https:\/\/talkpal.ai\/lv\/danu-valodas-gramatikas-vingrinajumi\/#breadcrumb\"},\"inLanguage\":\"lv-LV\",\"potentialAction\":[{\"@type\":\"ReadAction\",\"target\":[\"https:\/\/talkpal.ai\/lv\/danu-valodas-gramatikas-vingrinajumi\/\"]}]},{\"@type\":\"ImageObject\",\"inLanguage\":\"lv-LV\",\"@id\":\"https:\/\/talkpal.ai\/lv\/danu-valodas-gramatikas-vingrinajumi\/#primaryimage\",\"url\":\"https:\/\/talkpal.ai\/wp-content\/uploads\/2023\/05\/denmark.png\",\"contentUrl\":\"https:\/\/talkpal.ai\/wp-content\/uploads\/2023\/05\/denmark.png\",\"width\":512,\"height\":512},{\"@type\":\"BreadcrumbList\",\"@id\":\"https:\/\/talkpal.ai\/lv\/danu-valodas-gramatikas-vingrinajumi\/#breadcrumb\",\"itemListElement\":[{\"@type\":\"ListItem\",\"position\":1,\"name\":\"Homepage\",\"item\":\"https:\/\/talkpal.ai\/lv\/\"},{\"@type\":\"ListItem\",\"position\":2,\"name\":\"D\u0101\u0146u valodas gramatikas vingrin\u0101jumi\"}]},{\"@type\":\"WebSite\",\"@id\":\"https:\/\/talkpal.ai\/lv\/#website\",\"url\":\"https:\/\/talkpal.ai\/lv\/\",\"name\":\"Talkpal\",\"description\":\"AI Language Learning\",\"publisher\":{\"@id\":\"https:\/\/talkpal.ai\/lv\/#organization\"},\"alternateName\":\"Talkpal AI\",\"potentialAction\":[{\"@type\":\"SearchAction\",\"target\":{\"@type\":\"EntryPoint\",\"urlTemplate\":\"https:\/\/talkpal.ai\/lv\/?s={search_term_string}\"},\"query-input\":{\"@type\":\"PropertyValueSpecification\",\"valueRequired\":true,\"valueName\":\"search_term_string\"}}],\"inLanguage\":\"lv-LV\"},{\"@type\":\"Organization\",\"@id\":\"https:\/\/talkpal.ai\/lv\/#organization\",\"name\":\"Talkpal, Inc.\",\"alternateName\":\"Talkpal AI\",\"url\":\"https:\/\/talkpal.ai\/lv\/\",\"logo\":{\"@type\":\"ImageObject\",\"inLanguage\":\"lv-LV\",\"@id\":\"https:\/\/talkpal.ai\/lv\/#\/schema\/logo\/image\/\",\"url\":\"https:\/\/talkpal.ai\/wp-content\/uploads\/2024\/03\/Talkpal-Logo-Icon.png\",\"contentUrl\":\"https:\/\/talkpal.ai\/wp-content\/uploads\/2024\/03\/Talkpal-Logo-Icon.png\",\"width\":2880,\"height\":2880,\"caption\":\"Talkpal, Inc.\"},\"image\":{\"@id\":\"https:\/\/talkpal.ai\/lv\/#\/schema\/logo\/image\/\"},\"sameAs\":[\"https:\/\/www.facebook.com\/profile.php?id=100090733639311\",\"https:\/\/x.com\/talkpalai\",\"https:\/\/www.linkedin.com\/company\/talkpal\/\",\"https:\/\/www.youtube.com\/@TalkPal\/\",\"https:\/\/www.tiktok.com\/@talkpal\",\"https:\/\/www.instagram.com\/talkpal_ai\/\",\"https:\/\/www.crunchbase.com\/organization\/talkpal-9cde\",\"https:\/\/www.g2.com\/products\/talkpal-for-business\/\",\"https:\/\/www.trustpilot.com\/review\/talkpal.ai\",\"https:\/\/www.capterra.com\/p\/10006800\/TalkPal\/\"],\"description\":\"Talkpal is a language learning web and mobile education app, powered by the latest AI technologies, that provides engaging experiences to its customers in many different languages to help them improve their language skills. Users can chat about unlimited amount of topics with the app and use other modes to practice their language learning.\",\"email\":\"support@talkpal.ai\",\"legalName\":\"Talkpal, Inc.\",\"foundingDate\":\"2023-04-03\",\"duns\":\"118989042\",\"numberOfEmployees\":{\"@type\":\"QuantitativeValue\",\"minValue\":\"11\",\"maxValue\":\"50\"},\"publishingPrinciples\":\"https:\/\/talkpal.ai\/publishing-principles\/\",\"actionableFeedbackPolicy\":\"https:\/\/talkpal.ai\/actionable-feedback-policy\/\",\"correctionsPolicy\":\"https:\/\/talkpal.ai\/corrections-policy\/\",\"ethicsPolicy\":\"https:\/\/talkpal.ai\/ethics-policy\/\",\"diversityPolicy\":\"https:\/\/talkpal.ai\/diversity-policy\/\",\"diversityStaffingReport\":\"https:\/\/talkpal.ai\/diversity-policy\/\"}]}<\/script>\n<!-- \/ Yoast SEO Premium plugin. -->","yoast_head_json":{"title":"D\u0101\u0146u valodas gramatikas vingrin\u0101jumi - Talkpal","description":"Atkl\u0101jiet d\u0101\u0146u valodas gramatikas vingrin\u0101jumu nosl\u0113pumus, lai uzlabotu savas valodas prasmes un efekt\u012bvi iepaz\u012btos ar d\u0101\u0146u kult\u016bru.","robots":{"index":"index","follow":"follow","max-snippet":"max-snippet:-1","max-image-preview":"max-image-preview:large","max-video-preview":"max-video-preview:-1"},"canonical":"https:\/\/talkpal.ai\/lv\/danu-valodas-gramatikas-vingrinajumi\/","og_locale":"lv_LV","og_type":"article","og_title":"D\u0101\u0146u valodas gramatikas vingrin\u0101jumi","og_description":"D\u0101\u0146u valodas gramatikas t\u0113mas D\u0101\u0146u valodas apguve var b\u016bt atalgojo\u0161a un pat\u012bkama pieredze tiem, kas v\u0113las izp\u0113t\u012bt D\u0101nijas bag\u0101to kult\u016bru un v\u0113sturi. K\u0101","og_url":"https:\/\/talkpal.ai\/lv\/danu-valodas-gramatikas-vingrinajumi\/","og_site_name":"Talkpal","article_publisher":"https:\/\/www.facebook.com\/profile.php?id=100090733639311","article_modified_time":"2025-12-17T16:30:39+00:00","og_image":[{"width":512,"height":512,"url":"https:\/\/talkpal.ai\/wp-content\/uploads\/2023\/05\/denmark.png","type":"image\/png"}],"twitter_card":"summary_large_image","twitter_site":"@talkpalai","twitter_misc":{"Est. reading time":"3 minutes"},"schema":{"@context":"https:\/\/schema.org","@graph":[{"@type":"WebPage","@id":"https:\/\/talkpal.ai\/lv\/danu-valodas-gramatikas-vingrinajumi\/","url":"https:\/\/talkpal.ai\/lv\/danu-valodas-gramatikas-vingrinajumi\/","name":"D\u0101\u0146u valodas gramatikas vingrin\u0101jumi - Talkpal","isPartOf":{"@id":"https:\/\/talkpal.ai\/lv\/#website"},"primaryImageOfPage":{"@id":"https:\/\/talkpal.ai\/lv\/danu-valodas-gramatikas-vingrinajumi\/#primaryimage"},"image":{"@id":"https:\/\/talkpal.ai\/lv\/danu-valodas-gramatikas-vingrinajumi\/#primaryimage"},"thumbnailUrl":"https:\/\/talkpal.ai\/wp-content\/uploads\/2023\/05\/denmark.png","datePublished":"2023-06-16T13:19:10+00:00","dateModified":"2025-12-17T16:30:39+00:00","description":"Atkl\u0101jiet d\u0101\u0146u valodas gramatikas vingrin\u0101jumu nosl\u0113pumus, lai uzlabotu savas valodas prasmes un efekt\u012bvi iepaz\u012btos ar d\u0101\u0146u kult\u016bru.","breadcrumb":{"@id":"https:\/\/talkpal.ai\/lv\/danu-valodas-gramatikas-vingrinajumi\/#breadcrumb"},"inLanguage":"lv-LV","potentialAction":[{"@type":"ReadAction","target":["https:\/\/talkpal.ai\/lv\/danu-valodas-gramatikas-vingrinajumi\/"]}]},{"@type":"ImageObject","inLanguage":"lv-LV","@id":"https:\/\/talkpal.ai\/lv\/danu-valodas-gramatikas-vingrinajumi\/#primaryimage","url":"https:\/\/talkpal.ai\/wp-content\/uploads\/2023\/05\/denmark.png","contentUrl":"https:\/\/talkpal.ai\/wp-content\/uploads\/2023\/05\/denmark.png","width":512,"height":512},{"@type":"BreadcrumbList","@id":"https:\/\/talkpal.ai\/lv\/danu-valodas-gramatikas-vingrinajumi\/#breadcrumb","itemListElement":[{"@type":"ListItem","position":1,"name":"Homepage","item":"https:\/\/talkpal.ai\/lv\/"},{"@type":"ListItem","position":2,"name":"D\u0101\u0146u valodas gramatikas vingrin\u0101jumi"}]},{"@type":"WebSite","@id":"https:\/\/talkpal.ai\/lv\/#website","url":"https:\/\/talkpal.ai\/lv\/","name":"Talkpal","description":"AI Language Learning","publisher":{"@id":"https:\/\/talkpal.ai\/lv\/#organization"},"alternateName":"Talkpal AI","potentialAction":[{"@type":"SearchAction","target":{"@type":"EntryPoint","urlTemplate":"https:\/\/talkpal.ai\/lv\/?s={search_term_string}"},"query-input":{"@type":"PropertyValueSpecification","valueRequired":true,"valueName":"search_term_string"}}],"inLanguage":"lv-LV"},{"@type":"Organization","@id":"https:\/\/talkpal.ai\/lv\/#organization","name":"Talkpal, Inc.","alternateName":"Talkpal AI","url":"https:\/\/talkpal.ai\/lv\/","logo":{"@type":"ImageObject","inLanguage":"lv-LV","@id":"https:\/\/talkpal.ai\/lv\/#\/schema\/logo\/image\/","url":"https:\/\/talkpal.ai\/wp-content\/uploads\/2024\/03\/Talkpal-Logo-Icon.png","contentUrl":"https:\/\/talkpal.ai\/wp-content\/uploads\/2024\/03\/Talkpal-Logo-Icon.png","width":2880,"height":2880,"caption":"Talkpal, Inc."},"image":{"@id":"https:\/\/talkpal.ai\/lv\/#\/schema\/logo\/image\/"},"sameAs":["https:\/\/www.facebook.com\/profile.php?id=100090733639311","https:\/\/x.com\/talkpalai","https:\/\/www.linkedin.com\/company\/talkpal\/","https:\/\/www.youtube.com\/@TalkPal\/","https:\/\/www.tiktok.com\/@talkpal","https:\/\/www.instagram.com\/talkpal_ai\/","https:\/\/www.crunchbase.com\/organization\/talkpal-9cde","https:\/\/www.g2.com\/products\/talkpal-for-business\/","https:\/\/www.trustpilot.com\/review\/talkpal.ai","https:\/\/www.capterra.com\/p\/10006800\/TalkPal\/"],"description":"Talkpal is a language learning web and mobile education app, powered by the latest AI technologies, that provides engaging experiences to its customers in many different languages to help them improve their language skills. Users can chat about unlimited amount of topics with the app and use other modes to practice their language learning.","email":"support@talkpal.ai","legalName":"Talkpal, Inc.","foundingDate":"2023-04-03","duns":"118989042","numberOfEmployees":{"@type":"QuantitativeValue","minValue":"11","maxValue":"50"},"publishingPrinciples":"https:\/\/talkpal.ai\/publishing-principles\/","actionableFeedbackPolicy":"https:\/\/talkpal.ai\/actionable-feedback-policy\/","correctionsPolicy":"https:\/\/talkpal.ai\/corrections-policy\/","ethicsPolicy":"https:\/\/talkpal.ai\/ethics-policy\/","diversityPolicy":"https:\/\/talkpal.ai\/diversity-policy\/","diversityStaffingReport":"https:\/\/talkpal.ai\/diversity-policy\/"}]}},"_links":{"self":[{"href":"https:\/\/talkpal.ai\/lv\/wp-json\/wp\/v2\/pages\/163375","targetHints":{"allow":["GET"]}}],"collection":[{"href":"https:\/\/talkpal.ai\/lv\/wp-json\/wp\/v2\/pages"}],"about":[{"href":"https:\/\/talkpal.ai\/lv\/wp-json\/wp\/v2\/types\/page"}],"author":[{"embeddable":true,"href":"https:\/\/talkpal.ai\/lv\/wp-json\/wp\/v2\/users\/6"}],"replies":[{"embeddable":true,"href":"https:\/\/talkpal.ai\/lv\/wp-json\/wp\/v2\/comments?post=163375"}],"version-history":[{"count":0,"href":"https:\/\/talkpal.ai\/lv\/wp-json\/wp\/v2\/pages\/163375\/revisions"}],"wp:featuredmedia":[{"embeddable":true,"href":"https:\/\/talkpal.ai\/lv\/wp-json\/wp\/v2\/media\/111036"}],"wp:attachment":[{"href":"https:\/\/talkpal.ai\/lv\/wp-json\/wp\/v2\/media?parent=163375"}],"curies":[{"name":"wp","href":"https:\/\/api.w.org\/{rel}","templated":true}]}}