{"id":162511,"date":"2023-06-21T14:18:43","date_gmt":"2023-06-21T14:18:43","guid":{"rendered":"http:\/\/talkpal.ai\/grieku-valodas-gramatikas-vingrinajumi\/"},"modified":"2025-12-17T16:04:36","modified_gmt":"2025-12-17T16:04:36","slug":"grieku-valodas-gramatikas-vingrinajumi","status":"publish","type":"page","link":"https:\/\/talkpal.ai\/lv\/grieku-valodas-gramatikas-vingrinajumi\/","title":{"rendered":"Grie\u0137u valodas gramatikas vingrin\u0101jumi"},"content":{"rendered":"\r\n\r\n\r\n<section class=\"languageChallengeSection\">\r\n    <div class=\"languageInfoWrapper\">\r\n        \r\n        <h1>Grie\u0137u valodas gramatikas vingrin\u0101jumi<\/h1>\r\n        <p>Padar\u012bsim <a href=\"https:\/\/talkpal.ai\/learn-greek\/\">grie\u0137u<\/a> <a href=\"https:\/\/talkpal.ai\/what-language-is-spoken-on-the-international-space-station\/\">valodas<\/a> apguvi jautru un vieglu! Izm\u0113\u0123iniet \u0161os vienk\u0101r\u0161os vingrin\u0101jumus, lai praktiz\u0113tu da\u017eus grie\u0137u gramatikas pamatus un s\u0101ktu savu valodas ce\u013cojumu.<\/p>\r\n\r\n                            <a class=\"getStartedHidden\" href=\"https:\/\/app.talkpal.ai\/lv\/signup?lng=\">S\u0101c<\/a>\r\n        \r\n    <\/div>\r\n\r\n    <figure>\r\n    <img decoding=\"async\" width=\"768\" height=\"768\" src=\"https:\/\/talkpal.ai\/wp-content\/uploads\/2023\/06\/greek-768x768.png\" class=\"languageImage no-lazy\" alt=\"Language learning to boost personal capability\" fetchpriority=\"high\" sizes=\"(max-width: 768px) 150px, 768px\" srcset=\"https:\/\/talkpal.ai\/wp-content\/uploads\/2023\/06\/greek-768x768.png 768w, https:\/\/talkpal.ai\/wp-content\/uploads\/2023\/06\/greek-300x300.png 300w\" \/>\r\n    \r\n\r\n    <\/figure>\r\n\r\n            <a class=\"getStartedVisible\" href=\"https:\/\/app.talkpal.ai\/lv\/signup?lng=\">S\u0101c<\/a>\r\n    \r\n<\/section>\r\n\r\n\r\n<!-- <section class=\"grammarSection\">\r\n    <div class=\"grammarLinks\">\r\n            <\/div>\r\n<\/section> -->\r\n\r\n\r\n\r\n\r\n<section class=\"promotionalBanner\">\r\n    <p class=\"promotionalText\">Visefekt\u012bv\u0101kais veids, k\u0101 apg\u016bt valodu<\/p>\r\n    <a class=\"promotionalLink\" href=\"https:\/\/app.talkpal.ai\/lv\/signup?lng=\">Izm\u0113\u0123iniet Talkpal bez maksas<\/a>\r\n<\/section>\n<div class=\"wp-block-group pageContainerStyle\"><div class=\"wp-block-group__inner-container is-layout-constrained wp-block-group-is-layout-constrained\">\n<h2 class=\"wp-block-heading\" id=\"h-greek-grammar-topics\">Grie\u0137u valodas gramatikas t\u0113mas<\/h2>\n\n\n\n<p>Grie\u0137u valodas apguve var b\u016bt neticami atalgojo\u0161a pieredze, jo t\u0101 nodro\u0161ina v\u0101rtus uz bag\u0101tu un daudzveid\u012bgu kult\u016bru, literat\u016bru un v\u0113sturi. Grie\u0137u valodai ir unik\u0101la gramatisk\u0101 strukt\u016bra, kuru var b\u016bt aizraujo\u0161i izp\u0113t\u012bt. Iepaz\u012b\u0161an\u0101s ar grie\u0137u valodas gramatiku ir b\u016btiska valodas apguvei, jo t\u0101 \u013caus jums efekt\u012bvi un prec\u012bzi sazin\u0101ties. \u0160\u012b rokasgr\u0101mata sniegs jums p\u0101rskatu par da\u017e\u0101m galvenaj\u0101m grie\u0137u valodas gramatikas t\u0113m\u0101m, kas sagrup\u0113tas sec\u012bb\u0101, kas veicina valodas apguvi. No sasprindzin\u0101jumiem un darb\u012bbas v\u0101rdiem l\u012bdz priev\u0101rdiem un teikumiem \u0161is ce\u013cvedis \u013caus jums k\u013c\u016bt par grie\u0137u valodas lietprat\u0113ju.<\/p>\n\n\n\n<h3 class=\"wp-block-heading\" id=\"h-1-nouns\">1. Lietv\u0101rdi:<\/h3>\n\n\n\n<p>Lietv\u0101rdi ir jebkuras valodas pamatelementi, un grie\u0137u valoda nav iz\u0146\u0113mums. Tos izmanto, lai p\u0101rst\u0101v\u0113tu cilv\u0113kus, vietas, lietas vai idejas. Grie\u0137u valod\u0101 lietv\u0101rdiem ir dzimums (v\u012bri\u0161\u0137\u012bgs, sievi\u0161\u0137\u012bgs vai neitr\u0101ls), skaitlis (vienskaitlis vai daudzskaitlis) un gad\u012bjums (nominat\u012bvs, \u0123enit\u012bvs, akuzat\u012bvs vai vokat\u012bvs). Izpratne par \u0161\u012bm \u012bpa\u0161\u012bb\u0101m un to l\u0113cieniem ir b\u016btiska teikumu veido\u0161anai.<\/p>\n\n\n\n<h3 class=\"wp-block-heading\" id=\"h-2-articles\">2. Raksti:<\/h3>\n\n\n\n<p>Raksti grie\u0137u valod\u0101 ir b\u016btiski, lai preciz\u0113tu lietv\u0101rda noteikt\u012bbu. Vi\u0146i piekr\u012bt lietv\u0101rdam dzimum\u0101, skait\u0101 un gad\u012bjum\u0101. Ir noteikti (ar &#8216;the&#8217;) un nenoteikti (ar &#8216;a&#8217; vai &#8216;an&#8217;) artikuli, kas jums ir j\u0101apg\u016bst un pareizi j\u0101lieto.<\/p>\n\n\n\n<h3 class=\"wp-block-heading\" id=\"h-3-adjectives\">3. \u012apa\u0161\u012bbas v\u0101rdi:<\/h3>\n\n\n\n<p>\u012apa\u0161\u012bbas v\u0101rdi apraksta vai maina lietv\u0101rdus, sniedzot papildu inform\u0101ciju par to \u012bpa\u0161\u012bb\u0101m vai \u012bpa\u0161\u012bb\u0101m. Grie\u0137u valod\u0101 \u012bpa\u0161\u012bbas v\u0101rdi piekr\u012bt lietv\u0101rdiem, kurus tie maina p\u0113c dzimuma, skaita un gad\u012bjuma, un tiem ir at\u0161\u0137ir\u012bgas deklin\u0101cijas atkar\u012bb\u0101 no \u0161\u012bm \u012bpa\u0161\u012bb\u0101m.<\/p>\n\n\n\n<h3 class=\"wp-block-heading\" id=\"h-4-pronouns-determiners\">4. Vietniekv\u0101rdi\/noteic\u0113ji:<\/h3>\n\n\n\n<p>Vietniekv\u0101rdi tiek izmantoti, lai aizst\u0101tu lietv\u0101rdus, bet noteic\u0113ji tos nor\u0101da vai kvantific\u0113. Grie\u0137u valod\u0101 gan vietniekv\u0101rdi, gan noteic\u0113ji attiecas uz dzimti, skaitli un gad\u012bjumu, t\u0101pat k\u0101 lietv\u0101rdi un \u012bpa\u0161\u012bbas v\u0101rdi. Da\u017ei piem\u0113ri ietver personiskos vietniekv\u0101rdus (es, j\u016bs, vi\u0146\u0161, vi\u0146a utt.), Demonstrat\u012bvos vietniekv\u0101rdus (\u0161o, to) un pieder\u012bbas vietniekv\u0101rdus (mans, j\u016bsu, vi\u0146a, vi\u0146as utt.).<\/p>\n\n\n\n<h3 class=\"wp-block-heading\" id=\"h-5-verbs\">5. Darb\u012bbas v\u0101rdi:<\/h3>\n\n\n\n<p>Darb\u012bbas v\u0101rdi izsaka darb\u012bbas, notikumus vai st\u0101vok\u013cus. Grie\u0137u darb\u012bbas v\u0101rdiem ir da\u017e\u0101das formas atkar\u012bb\u0101 no sasprindzin\u0101juma, garast\u0101vok\u013ca, balss un personas. Izpratne par da\u017e\u0101d\u0101m konjug\u0101cij\u0101m un to izmanto\u0161anu ir b\u016btiska, lai izveidotu un izprastu teikumus.<\/p>\n\n\n\n<h3 class=\"wp-block-heading\" id=\"h-6-tenses\">6. Sasprindzin\u0101jums:<\/h3>\n\n\n\n<p>Grie\u0137u valodai ir vair\u0101ki sasprindzin\u0101jumi, piem\u0113ram, tagadne, pag\u0101tne un n\u0101kotne. Katrs sasprindzin\u0101jums tiek izmantots, lai nor\u0101d\u012btu darb\u012bbas, notikuma vai st\u0101vok\u013ca laiku. Da\u017e\u0101du laiku un to konjug\u0101ciju apg\u016b\u0161ana pal\u012bdz\u0113s jums prec\u012bzi izteikt sevi un saprast citus.<\/p>\n\n\n\n<h3 class=\"wp-block-heading\" id=\"h-7-tense-comparison\">7. Saspringts sal\u012bdzin\u0101jums:<\/h3>\n\n\n\n<p>Laiku sal\u012bdzin\u0101\u0161ana grie\u0137u valod\u0101 ir svar\u012bga, lai izprastu valodas nianses. Tas ietver m\u0101c\u012b\u0161anos izteikt darb\u012bbas vai st\u0101vok\u013cus, kas notiek vienlaic\u012bgi, sec\u012bgi vai nosac\u012bti.<\/p>\n\n\n\n<h3 class=\"wp-block-heading\" id=\"h-8-progressive\">8. Progres\u012bvs:<\/h3>\n\n\n\n<p>Progres\u012bvais aspekts grie\u0137u valod\u0101 tiek izmantots, lai nor\u0101d\u012btu uz notieko\u0161\u0101m vai nep\u0101rtraukt\u0101m darb\u012bb\u0101m. M\u0101c\u012b\u0161an\u0101s, k\u0101 veidot un izmantot progres\u012bvo aspektu, pal\u012bdz\u0113s jums nodot darb\u012bbas, kas notiek \u0161obr\u012bd vai notika pag\u0101tn\u0113.<\/p>\n\n\n\n<h3 class=\"wp-block-heading\" id=\"h-9-perfect-progressive\">9. Ide\u0101ls progres\u012bvs:<\/h3>\n\n\n\n<p>Ide\u0101ls progres\u012bvs aspekts grie\u0137u valod\u0101 apvieno pabeig\u0161anas un nep\u0101rtraukt\u012bbas j\u0113dzienus. To izmanto, lai izteiktu darb\u012bbas vai valstis, kas s\u0101k\u0101s pag\u0101tn\u0113 un turpin\u0101j\u0101s l\u012bdz noteiktam br\u012bdim.<\/p>\n\n\n\n<h3 class=\"wp-block-heading\" id=\"h-10-adverbs\">10. Adverbi:<\/h3>\n\n\n\n<p>Adverbi sniedz papildu inform\u0101ciju par darb\u012bbas v\u0101rdiem, \u012bpa\u0161\u012bbas v\u0101rdiem vai citiem adverbiem. Vi\u0146i var izteikt veidu, bie\u017eumu, pak\u0101pi, laiku vai vietu. Da\u017e\u0101du adverbu veidu apguve un to pareiza izvieto\u0161ana teikum\u0101 uzlabos j\u016bsu visp\u0101r\u0113jo grie\u0137u valodas prasmi.<\/p>\n\n\n\n<h3 class=\"wp-block-heading\" id=\"h-11-conditionals\">11. Nosac\u012bjumi:<\/h3>\n\n\n\n<p>Nosac\u012bjumi tiek izmantoti, lai izteiktu hipot\u0113tiskas situ\u0101cijas un to sekas. Grie\u0137u valod\u0101 ir vair\u0101ku veidu nosac\u012bjumi, tostarp re\u0101li, nere\u0101li un jaukti. Nosac\u012bjumu izpratne un izmanto\u0161ana ir nepiecie\u0161ama sare\u017e\u0123\u012btu domu un ideju izteik\u0161anai.<\/p>\n\n\n\n<h3 class=\"wp-block-heading\" id=\"h-12-prepositions\">12. Priev\u0101rdi:<\/h3>\n\n\n\n<p>Priev\u0101rdi ir mazi v\u0101rdi, kas nor\u0101da uz attiec\u012bb\u0101m starp lietv\u0101rdiem, vietniekv\u0101rdiem vai citiem v\u0101rdiem teikum\u0101. Vi\u0146i var izteikt atra\u0161an\u0101s vietu, laiku, virzienu, c\u0113loni un daudz ko citu. Apg\u016bstot da\u017e\u0101dus priev\u0101rdus un to pareizu lieto\u0161anu, j\u016bs var\u0113sit veidot prec\u012bz\u0101kus un saska\u0146ot\u0101kus teikumus.<\/p>\n\n\n\n<h3 class=\"wp-block-heading\" id=\"h-13-sentences\">13. Teikumi:<\/h3>\n\n\n\n<p>Visbeidzot, teikuma strukt\u016bras apg\u016b\u0161ana ir b\u016btiska, lai efekt\u012bvi sazin\u0101tos grie\u0137u valod\u0101. Tas ietver pareizas v\u0101rdu sec\u012bbas izpratni un da\u017e\u0101du gramatisko elementu, piem\u0113ram, subjekta, darb\u012bbas v\u0101rda un objekta, izmanto\u0161anu. Iem\u0101coties veidot da\u017e\u0101da veida teikumus, j\u016bs b\u016bsiet ce\u013c\u0101 uz grie\u0137u valodas prasmi.<\/p>\n<\/div><\/div>\n\r\n<section class=\"learnNavigationSection\">\r\n            \r\n        <a href=\"https:\/\/talkpal.ai\/lv\/macieties-grieku-valodu\/\">\r\n            <div class=\"learnNavigationWrapper\">\r\n                <div class=\"learnNavigationContent\">\r\n                    <img decoding=\"async\" src=\"https:\/\/talkpal.ai\/wp-content\/uploads\/2024\/08\/Greek.jpg\" alt=\"Greek Flag\">\r\n                    <div>\r\n                        <h4>Par grie\u0137u valodas apguvi<\/h4>\r\n                        <p>Uzziniet visu par grie\u0137u valodas gramatiku.<\/p>\r\n                    <\/div>\r\n                <\/div>\r\n            <\/div>\r\n        <\/a>\r\n\r\n        \r\n        <a href=\"https:\/\/talkpal.ai\/lv\/grieku-valodas-gramatika\/\">\r\n            <div class=\"learnNavigationWrapper\">\r\n                <div class=\"learnNavigationContent\">\r\n                    <img decoding=\"async\" src=\"https:\/\/talkpal.ai\/wp-content\/uploads\/2024\/08\/Greek.jpg\" alt=\"Greek Flag\">\r\n                    <div>\r\n                        <h4>Grie\u0137u valodas gramatikas nodarb\u012bbas<\/h4>\r\n                        <p>Praktiz\u0113jiet grie\u0137u gramatiku.<\/p>\r\n                    <\/div>\r\n                <\/div>\r\n            <\/div>\r\n        <\/a>\r\n\r\n        \r\n        <a href=\"https:\/\/talkpal.ai\/vocabulary_language\/greek\/\">\r\n            <div class=\"learnNavigationWrapper\">\r\n                <div class=\"learnNavigationContent\">\r\n                    <img decoding=\"async\" src=\"https:\/\/talkpal.ai\/wp-content\/uploads\/2024\/08\/Greek.jpg\" alt=\"Greek Flag\">\r\n                    <div>\r\n                        <h4>Grie\u0137u valodas v\u0101rdn\u012bca<\/h4>\r\n                        <p>Papla\u0161iniet savu grie\u0137u valodas v\u0101rdu kr\u0101jumu.<\/p>\r\n                    <\/div>\r\n                <\/div>\r\n            <\/div>\r\n        <\/a>\r\n\r\n            <\/section>","protected":false},"excerpt":{"rendered":"<p>Grie\u0137u valodas gramatikas t\u0113mas Grie\u0137u valodas apguve var b\u016bt neticami atalgojo\u0161a pieredze, jo t\u0101 nodro\u0161ina v\u0101rtus uz bag\u0101tu un daudzveid\u012bgu kult\u016bru, literat\u016bru un v\u0113sturi. Grie\u0137u valodai ir unik\u0101la gramatisk\u0101 strukt\u016bra, kuru var b\u016bt aizraujo\u0161i izp\u0113t\u012bt. Iepaz\u012b\u0161an\u0101s ar grie\u0137u valodas gramatiku ir b\u016btiska valodas apguvei, jo t\u0101 \u013caus jums efekt\u012bvi un prec\u012bzi sazin\u0101ties. \u0160\u012b rokasgr\u0101mata sniegs [&hellip;]<\/p>\n","protected":false},"author":6,"featured_media":112826,"parent":0,"menu_order":0,"comment_status":"closed","ping_status":"closed","template":"LearningContentPage.php","meta":{"_acf_changed":false,"footnotes":""},"class_list":["post-162511","page","type-page","status-publish","has-post-thumbnail","hentry"],"acf":[],"yoast_head":"<!-- This site is optimized with the Yoast SEO Premium plugin v27.2 (Yoast SEO v27.2) - https:\/\/yoast.com\/product\/yoast-seo-premium-wordpress\/ -->\n<title>Grie\u0137u valodas gramatikas vingrin\u0101jumi - Talkpal<\/title>\n<meta name=\"description\" content=\"Uzlabojiet savas grie\u0137u valodas gramatikas prasmes viegli - praktiz\u0113jiet interakt\u012bvos vingrin\u0101jumus, \u0101tri uzlabojiet savas prasmes un vairojiet p\u0101rliec\u012bbu ar Talkpal AI.\" \/>\n<meta name=\"robots\" content=\"index, follow, max-snippet:-1, max-image-preview:large, max-video-preview:-1\" \/>\n<link rel=\"canonical\" href=\"https:\/\/talkpal.ai\/lv\/grieku-valodas-gramatikas-vingrinajumi\/\" \/>\n<meta property=\"og:locale\" content=\"lv_LV\" \/>\n<meta property=\"og:type\" content=\"article\" \/>\n<meta property=\"og:title\" content=\"Grie\u0137u valodas gramatikas vingrin\u0101jumi\" \/>\n<meta property=\"og:description\" content=\"Grie\u0137u valodas gramatikas t\u0113mas Grie\u0137u valodas apguve var b\u016bt neticami atalgojo\u0161a pieredze, jo t\u0101 nodro\u0161ina v\u0101rtus uz bag\u0101tu un daudzveid\u012bgu kult\u016bru,\" \/>\n<meta property=\"og:url\" content=\"https:\/\/talkpal.ai\/lv\/grieku-valodas-gramatikas-vingrinajumi\/\" \/>\n<meta property=\"og:site_name\" content=\"Talkpal\" \/>\n<meta property=\"article:publisher\" content=\"https:\/\/www.facebook.com\/profile.php?id=100090733639311\" \/>\n<meta property=\"article:modified_time\" content=\"2025-12-17T16:04:36+00:00\" \/>\n<meta property=\"og:image\" content=\"https:\/\/talkpal.ai\/wp-content\/uploads\/2023\/05\/greece.png\" \/>\n\t<meta property=\"og:image:width\" content=\"512\" \/>\n\t<meta property=\"og:image:height\" content=\"512\" \/>\n\t<meta property=\"og:image:type\" content=\"image\/png\" \/>\n<meta name=\"twitter:card\" content=\"summary_large_image\" \/>\n<meta name=\"twitter:site\" content=\"@talkpalai\" \/>\n<meta name=\"twitter:label1\" content=\"Est. reading time\" \/>\n\t<meta name=\"twitter:data1\" content=\"4 minutes\" \/>\n<script type=\"application\/ld+json\" class=\"yoast-schema-graph\">{\"@context\":\"https:\/\/schema.org\",\"@graph\":[{\"@type\":\"WebPage\",\"@id\":\"https:\/\/talkpal.ai\/lv\/grieku-valodas-gramatikas-vingrinajumi\/\",\"url\":\"https:\/\/talkpal.ai\/lv\/grieku-valodas-gramatikas-vingrinajumi\/\",\"name\":\"Grie\u0137u valodas gramatikas vingrin\u0101jumi - Talkpal\",\"isPartOf\":{\"@id\":\"https:\/\/talkpal.ai\/lv\/#website\"},\"primaryImageOfPage\":{\"@id\":\"https:\/\/talkpal.ai\/lv\/grieku-valodas-gramatikas-vingrinajumi\/#primaryimage\"},\"image\":{\"@id\":\"https:\/\/talkpal.ai\/lv\/grieku-valodas-gramatikas-vingrinajumi\/#primaryimage\"},\"thumbnailUrl\":\"https:\/\/talkpal.ai\/wp-content\/uploads\/2023\/05\/greece.png\",\"datePublished\":\"2023-06-21T14:18:43+00:00\",\"dateModified\":\"2025-12-17T16:04:36+00:00\",\"description\":\"Uzlabojiet savas grie\u0137u valodas gramatikas prasmes viegli - praktiz\u0113jiet interakt\u012bvos vingrin\u0101jumus, \u0101tri uzlabojiet savas prasmes un vairojiet p\u0101rliec\u012bbu ar Talkpal AI.\",\"breadcrumb\":{\"@id\":\"https:\/\/talkpal.ai\/lv\/grieku-valodas-gramatikas-vingrinajumi\/#breadcrumb\"},\"inLanguage\":\"lv-LV\",\"potentialAction\":[{\"@type\":\"ReadAction\",\"target\":[\"https:\/\/talkpal.ai\/lv\/grieku-valodas-gramatikas-vingrinajumi\/\"]}]},{\"@type\":\"ImageObject\",\"inLanguage\":\"lv-LV\",\"@id\":\"https:\/\/talkpal.ai\/lv\/grieku-valodas-gramatikas-vingrinajumi\/#primaryimage\",\"url\":\"https:\/\/talkpal.ai\/wp-content\/uploads\/2023\/05\/greece.png\",\"contentUrl\":\"https:\/\/talkpal.ai\/wp-content\/uploads\/2023\/05\/greece.png\",\"width\":512,\"height\":512},{\"@type\":\"BreadcrumbList\",\"@id\":\"https:\/\/talkpal.ai\/lv\/grieku-valodas-gramatikas-vingrinajumi\/#breadcrumb\",\"itemListElement\":[{\"@type\":\"ListItem\",\"position\":1,\"name\":\"Homepage\",\"item\":\"https:\/\/talkpal.ai\/lv\/\"},{\"@type\":\"ListItem\",\"position\":2,\"name\":\"Grie\u0137u valodas gramatikas vingrin\u0101jumi\"}]},{\"@type\":\"WebSite\",\"@id\":\"https:\/\/talkpal.ai\/lv\/#website\",\"url\":\"https:\/\/talkpal.ai\/lv\/\",\"name\":\"Talkpal\",\"description\":\"AI Language Learning\",\"publisher\":{\"@id\":\"https:\/\/talkpal.ai\/lv\/#organization\"},\"alternateName\":\"Talkpal AI\",\"potentialAction\":[{\"@type\":\"SearchAction\",\"target\":{\"@type\":\"EntryPoint\",\"urlTemplate\":\"https:\/\/talkpal.ai\/lv\/?s={search_term_string}\"},\"query-input\":{\"@type\":\"PropertyValueSpecification\",\"valueRequired\":true,\"valueName\":\"search_term_string\"}}],\"inLanguage\":\"lv-LV\"},{\"@type\":\"Organization\",\"@id\":\"https:\/\/talkpal.ai\/lv\/#organization\",\"name\":\"Talkpal, Inc.\",\"alternateName\":\"Talkpal AI\",\"url\":\"https:\/\/talkpal.ai\/lv\/\",\"logo\":{\"@type\":\"ImageObject\",\"inLanguage\":\"lv-LV\",\"@id\":\"https:\/\/talkpal.ai\/lv\/#\/schema\/logo\/image\/\",\"url\":\"https:\/\/talkpal.ai\/wp-content\/uploads\/2024\/03\/Talkpal-Logo-Icon.png\",\"contentUrl\":\"https:\/\/talkpal.ai\/wp-content\/uploads\/2024\/03\/Talkpal-Logo-Icon.png\",\"width\":2880,\"height\":2880,\"caption\":\"Talkpal, Inc.\"},\"image\":{\"@id\":\"https:\/\/talkpal.ai\/lv\/#\/schema\/logo\/image\/\"},\"sameAs\":[\"https:\/\/www.facebook.com\/profile.php?id=100090733639311\",\"https:\/\/x.com\/talkpalai\",\"https:\/\/www.linkedin.com\/company\/talkpal\/\",\"https:\/\/www.youtube.com\/@TalkPal\/\",\"https:\/\/www.tiktok.com\/@talkpal\",\"https:\/\/www.instagram.com\/talkpal_ai\/\",\"https:\/\/www.crunchbase.com\/organization\/talkpal-9cde\",\"https:\/\/www.g2.com\/products\/talkpal-for-business\/\",\"https:\/\/www.trustpilot.com\/review\/talkpal.ai\",\"https:\/\/www.capterra.com\/p\/10006800\/TalkPal\/\"],\"description\":\"Talkpal is a language learning web and mobile education app, powered by the latest AI technologies, that provides engaging experiences to its customers in many different languages to help them improve their language skills. Users can chat about unlimited amount of topics with the app and use other modes to practice their language learning.\",\"email\":\"support@talkpal.ai\",\"legalName\":\"Talkpal, Inc.\",\"foundingDate\":\"2023-04-03\",\"duns\":\"118989042\",\"numberOfEmployees\":{\"@type\":\"QuantitativeValue\",\"minValue\":\"11\",\"maxValue\":\"50\"},\"publishingPrinciples\":\"https:\/\/talkpal.ai\/publishing-principles\/\",\"actionableFeedbackPolicy\":\"https:\/\/talkpal.ai\/actionable-feedback-policy\/\",\"correctionsPolicy\":\"https:\/\/talkpal.ai\/corrections-policy\/\",\"ethicsPolicy\":\"https:\/\/talkpal.ai\/ethics-policy\/\",\"diversityPolicy\":\"https:\/\/talkpal.ai\/diversity-policy\/\",\"diversityStaffingReport\":\"https:\/\/talkpal.ai\/diversity-policy\/\"}]}<\/script>\n<!-- \/ Yoast SEO Premium plugin. -->","yoast_head_json":{"title":"Grie\u0137u valodas gramatikas vingrin\u0101jumi - Talkpal","description":"Uzlabojiet savas grie\u0137u valodas gramatikas prasmes viegli - praktiz\u0113jiet interakt\u012bvos vingrin\u0101jumus, \u0101tri uzlabojiet savas prasmes un vairojiet p\u0101rliec\u012bbu ar Talkpal AI.","robots":{"index":"index","follow":"follow","max-snippet":"max-snippet:-1","max-image-preview":"max-image-preview:large","max-video-preview":"max-video-preview:-1"},"canonical":"https:\/\/talkpal.ai\/lv\/grieku-valodas-gramatikas-vingrinajumi\/","og_locale":"lv_LV","og_type":"article","og_title":"Grie\u0137u valodas gramatikas vingrin\u0101jumi","og_description":"Grie\u0137u valodas gramatikas t\u0113mas Grie\u0137u valodas apguve var b\u016bt neticami atalgojo\u0161a pieredze, jo t\u0101 nodro\u0161ina v\u0101rtus uz bag\u0101tu un daudzveid\u012bgu kult\u016bru,","og_url":"https:\/\/talkpal.ai\/lv\/grieku-valodas-gramatikas-vingrinajumi\/","og_site_name":"Talkpal","article_publisher":"https:\/\/www.facebook.com\/profile.php?id=100090733639311","article_modified_time":"2025-12-17T16:04:36+00:00","og_image":[{"width":512,"height":512,"url":"https:\/\/talkpal.ai\/wp-content\/uploads\/2023\/05\/greece.png","type":"image\/png"}],"twitter_card":"summary_large_image","twitter_site":"@talkpalai","twitter_misc":{"Est. reading time":"4 minutes"},"schema":{"@context":"https:\/\/schema.org","@graph":[{"@type":"WebPage","@id":"https:\/\/talkpal.ai\/lv\/grieku-valodas-gramatikas-vingrinajumi\/","url":"https:\/\/talkpal.ai\/lv\/grieku-valodas-gramatikas-vingrinajumi\/","name":"Grie\u0137u valodas gramatikas vingrin\u0101jumi - Talkpal","isPartOf":{"@id":"https:\/\/talkpal.ai\/lv\/#website"},"primaryImageOfPage":{"@id":"https:\/\/talkpal.ai\/lv\/grieku-valodas-gramatikas-vingrinajumi\/#primaryimage"},"image":{"@id":"https:\/\/talkpal.ai\/lv\/grieku-valodas-gramatikas-vingrinajumi\/#primaryimage"},"thumbnailUrl":"https:\/\/talkpal.ai\/wp-content\/uploads\/2023\/05\/greece.png","datePublished":"2023-06-21T14:18:43+00:00","dateModified":"2025-12-17T16:04:36+00:00","description":"Uzlabojiet savas grie\u0137u valodas gramatikas prasmes viegli - praktiz\u0113jiet interakt\u012bvos vingrin\u0101jumus, \u0101tri uzlabojiet savas prasmes un vairojiet p\u0101rliec\u012bbu ar Talkpal AI.","breadcrumb":{"@id":"https:\/\/talkpal.ai\/lv\/grieku-valodas-gramatikas-vingrinajumi\/#breadcrumb"},"inLanguage":"lv-LV","potentialAction":[{"@type":"ReadAction","target":["https:\/\/talkpal.ai\/lv\/grieku-valodas-gramatikas-vingrinajumi\/"]}]},{"@type":"ImageObject","inLanguage":"lv-LV","@id":"https:\/\/talkpal.ai\/lv\/grieku-valodas-gramatikas-vingrinajumi\/#primaryimage","url":"https:\/\/talkpal.ai\/wp-content\/uploads\/2023\/05\/greece.png","contentUrl":"https:\/\/talkpal.ai\/wp-content\/uploads\/2023\/05\/greece.png","width":512,"height":512},{"@type":"BreadcrumbList","@id":"https:\/\/talkpal.ai\/lv\/grieku-valodas-gramatikas-vingrinajumi\/#breadcrumb","itemListElement":[{"@type":"ListItem","position":1,"name":"Homepage","item":"https:\/\/talkpal.ai\/lv\/"},{"@type":"ListItem","position":2,"name":"Grie\u0137u valodas gramatikas vingrin\u0101jumi"}]},{"@type":"WebSite","@id":"https:\/\/talkpal.ai\/lv\/#website","url":"https:\/\/talkpal.ai\/lv\/","name":"Talkpal","description":"AI Language Learning","publisher":{"@id":"https:\/\/talkpal.ai\/lv\/#organization"},"alternateName":"Talkpal AI","potentialAction":[{"@type":"SearchAction","target":{"@type":"EntryPoint","urlTemplate":"https:\/\/talkpal.ai\/lv\/?s={search_term_string}"},"query-input":{"@type":"PropertyValueSpecification","valueRequired":true,"valueName":"search_term_string"}}],"inLanguage":"lv-LV"},{"@type":"Organization","@id":"https:\/\/talkpal.ai\/lv\/#organization","name":"Talkpal, Inc.","alternateName":"Talkpal AI","url":"https:\/\/talkpal.ai\/lv\/","logo":{"@type":"ImageObject","inLanguage":"lv-LV","@id":"https:\/\/talkpal.ai\/lv\/#\/schema\/logo\/image\/","url":"https:\/\/talkpal.ai\/wp-content\/uploads\/2024\/03\/Talkpal-Logo-Icon.png","contentUrl":"https:\/\/talkpal.ai\/wp-content\/uploads\/2024\/03\/Talkpal-Logo-Icon.png","width":2880,"height":2880,"caption":"Talkpal, Inc."},"image":{"@id":"https:\/\/talkpal.ai\/lv\/#\/schema\/logo\/image\/"},"sameAs":["https:\/\/www.facebook.com\/profile.php?id=100090733639311","https:\/\/x.com\/talkpalai","https:\/\/www.linkedin.com\/company\/talkpal\/","https:\/\/www.youtube.com\/@TalkPal\/","https:\/\/www.tiktok.com\/@talkpal","https:\/\/www.instagram.com\/talkpal_ai\/","https:\/\/www.crunchbase.com\/organization\/talkpal-9cde","https:\/\/www.g2.com\/products\/talkpal-for-business\/","https:\/\/www.trustpilot.com\/review\/talkpal.ai","https:\/\/www.capterra.com\/p\/10006800\/TalkPal\/"],"description":"Talkpal is a language learning web and mobile education app, powered by the latest AI technologies, that provides engaging experiences to its customers in many different languages to help them improve their language skills. Users can chat about unlimited amount of topics with the app and use other modes to practice their language learning.","email":"support@talkpal.ai","legalName":"Talkpal, Inc.","foundingDate":"2023-04-03","duns":"118989042","numberOfEmployees":{"@type":"QuantitativeValue","minValue":"11","maxValue":"50"},"publishingPrinciples":"https:\/\/talkpal.ai\/publishing-principles\/","actionableFeedbackPolicy":"https:\/\/talkpal.ai\/actionable-feedback-policy\/","correctionsPolicy":"https:\/\/talkpal.ai\/corrections-policy\/","ethicsPolicy":"https:\/\/talkpal.ai\/ethics-policy\/","diversityPolicy":"https:\/\/talkpal.ai\/diversity-policy\/","diversityStaffingReport":"https:\/\/talkpal.ai\/diversity-policy\/"}]}},"_links":{"self":[{"href":"https:\/\/talkpal.ai\/lv\/wp-json\/wp\/v2\/pages\/162511","targetHints":{"allow":["GET"]}}],"collection":[{"href":"https:\/\/talkpal.ai\/lv\/wp-json\/wp\/v2\/pages"}],"about":[{"href":"https:\/\/talkpal.ai\/lv\/wp-json\/wp\/v2\/types\/page"}],"author":[{"embeddable":true,"href":"https:\/\/talkpal.ai\/lv\/wp-json\/wp\/v2\/users\/6"}],"replies":[{"embeddable":true,"href":"https:\/\/talkpal.ai\/lv\/wp-json\/wp\/v2\/comments?post=162511"}],"version-history":[{"count":0,"href":"https:\/\/talkpal.ai\/lv\/wp-json\/wp\/v2\/pages\/162511\/revisions"}],"wp:featuredmedia":[{"embeddable":true,"href":"https:\/\/talkpal.ai\/lv\/wp-json\/wp\/v2\/media\/112826"}],"wp:attachment":[{"href":"https:\/\/talkpal.ai\/lv\/wp-json\/wp\/v2\/media?parent=162511"}],"curies":[{"name":"wp","href":"https:\/\/api.w.org\/{rel}","templated":true}]}}