{"id":162231,"date":"2023-06-21T14:25:56","date_gmt":"2023-06-21T14:25:56","guid":{"rendered":"http:\/\/talkpal.ai\/ebreju-gramatikas-vingrinajumi\/"},"modified":"2025-12-17T15:48:42","modified_gmt":"2025-12-17T15:48:42","slug":"ebreju-gramatikas-vingrinajumi","status":"publish","type":"page","link":"https:\/\/talkpal.ai\/lv\/ebreju-gramatikas-vingrinajumi\/","title":{"rendered":"Ebreju gramatikas vingrin\u0101jumi"},"content":{"rendered":"\r\n\r\n\r\n<section class=\"languageChallengeSection\">\r\n    <div class=\"languageInfoWrapper\">\r\n        \r\n        <h1>Ebreju gramatikas vingrin\u0101jumi<\/h1>\r\n        <p>Vai esat gatavi apg\u016bt <a href=\"https:\/\/talkpal.ai\/learn-hebrew\/\">ebreju<\/a> <a href=\"https:\/\/talkpal.ai\/what-language-is-spoken-on-the-international-space-station\/\">valodas<\/a> gramatiku? \u0160ie vienk\u0101r\u0161ie vingrin\u0101jumi pal\u012bdz\u0113s jums apg\u016bt valodas pamatus un vairos j\u016bsu p\u0101rliec\u012bbu, apg\u016bstot \u0161o skaisto valodu.<\/p>\r\n\r\n                            <a class=\"getStartedHidden\" href=\"https:\/\/app.talkpal.ai\/lv\/signup?lng=\">S\u0101c<\/a>\r\n        \r\n    <\/div>\r\n\r\n    <figure>\r\n    <img decoding=\"async\" width=\"768\" height=\"768\" src=\"https:\/\/talkpal.ai\/wp-content\/uploads\/2023\/06\/hebrew-768x768.png\" class=\"languageImage no-lazy\" alt=\"Language learning for proficient communication\" fetchpriority=\"high\" sizes=\"(max-width: 768px) 150px, 768px\" srcset=\"https:\/\/talkpal.ai\/wp-content\/uploads\/2023\/06\/hebrew-768x768.png 768w, https:\/\/talkpal.ai\/wp-content\/uploads\/2023\/06\/hebrew-300x300.png 300w\" \/>\r\n    \r\n\r\n    <\/figure>\r\n\r\n            <a class=\"getStartedVisible\" href=\"https:\/\/app.talkpal.ai\/lv\/signup?lng=\">S\u0101c<\/a>\r\n    \r\n<\/section>\r\n\r\n\r\n<!-- <section class=\"grammarSection\">\r\n    <div class=\"grammarLinks\">\r\n            <\/div>\r\n<\/section> -->\r\n\r\n\r\n\r\n\r\n<section class=\"promotionalBanner\">\r\n    <p class=\"promotionalText\">Visefekt\u012bv\u0101kais veids, k\u0101 apg\u016bt valodu<\/p>\r\n    <a class=\"promotionalLink\" href=\"https:\/\/app.talkpal.ai\/lv\/signup?lng=\">Izm\u0113\u0123iniet Talkpal bez maksas<\/a>\r\n<\/section>\n<div class=\"wp-block-group pageContainerStyle\"><div class=\"wp-block-group__inner-container is-layout-constrained wp-block-group-is-layout-constrained\">\n<h2 class=\"wp-block-heading\" id=\"h-hebrew-grammar-topics\">Ebreju gramatikas t\u0113mas<\/h2>\n\n\n\n<p>Ebreju valoda ir aizraujo\u0161a un sena valoda, kurai ir liela v\u0113sturiska un kult\u016bras noz\u012bme. K\u0101 viena no vec\u0101kaj\u0101m valod\u0101m pasaul\u0113 t\u0101 laika gait\u0101 ir att\u012bst\u012bjusies un piel\u0101gojusies, padarot to gan par izaicino\u0161u, gan atalgojo\u0161u valodu. Neatkar\u012bgi no t\u0101, vai j\u016bs m\u0101c\u0101ties <a href=\"https:\/\/talkpal.ai\/lv\/uzziniet-ebreju-valodu\/\">ebreju valodu<\/a> reli\u0123isku iemeslu d\u0113\u013c, lai sazin\u0101tos ar savu mantojumu vai vienk\u0101r\u0161i person\u012bgai izaugsmei, gramatikas izpratne ir b\u016btiska efekt\u012bvai sazi\u0146ai. \u0160aj\u0101 ce\u013cved\u012b m\u0113s izp\u0113t\u012bsim galven\u0101s ebreju valodas gramatikas t\u0113mas, kas jums j\u0101apg\u016bst lo\u0123isk\u0101 sec\u012bb\u0101, nodro\u0161inot stabilu pamatu j\u016bsu valodu apguves ce\u013cojumam.<\/p>\n\n\n\n<h3 class=\"wp-block-heading\" id=\"h-1-nouns\">1. Lietv\u0101rdi:<\/h3>\n\n\n\n<p>K\u0101 jebkuras valodas pamatelementi ebreju lietv\u0101rdu izpratnei ir iz\u0161\u0137iro\u0161a noz\u012bme. Lietv\u0101rdiem ebreju valod\u0101 ir dzimums (v\u012brie\u0161u vai sievie\u0161u) un skaits (vienskaitlis, daudzskaitlis un da\u017ereiz divk\u0101r\u0161s). Dzimumu un skait\u013cu vieno\u0161an\u0101s mode\u013cu apg\u016b\u0161ana pal\u012bdz\u0113s jums veidot pamata teikumus un izprast valodas strukt\u016bru.<\/p>\n\n\n\n<h3 class=\"wp-block-heading\" id=\"h-2-articles\">2. Raksti:<\/h3>\n\n\n\n<p>Ebreju valod\u0101 ir noteiktais artikuls &#8220;\u05d4&#8221; (ha), kas tiek pievienots lietv\u0101rda s\u0101kum\u0101, lai nor\u0101d\u012btu, ka tas ir konkr\u0113ts vai zin\u0101ms. Ebreju valod\u0101 nav nenoteikta raksta, t\u0101p\u0113c pareizai sazi\u0146ai ir svar\u012bgi uzzin\u0101t, kad un k\u0101 izmantot konkr\u0113to rakstu.<\/p>\n\n\n\n<h3 class=\"wp-block-heading\" id=\"h-3-adjectives\">3. \u012apa\u0161\u012bbas v\u0101rdi:<\/h3>\n\n\n\n<p>Ebreju \u012bpa\u0161\u012bbas v\u0101rdiem, t\u0101pat k\u0101 lietv\u0101rdiem, ir dzimumu un skait\u013cu vieno\u0161an\u0101s. Vi\u0146i seko lietv\u0101rdam, ko vi\u0146i maina, un vi\u0146iem ir j\u0101vienojas par dzimumu un skaitu. Izpratne par \u012bpa\u0161\u012bbas v\u0101rdu vieno\u0161an\u0101s mode\u013ciem un noteikumiem pal\u012bdz\u0113s jums prec\u012bzi aprakst\u012bt objektus un idejas ebreju valod\u0101.<\/p>\n\n\n\n<h3 class=\"wp-block-heading\" id=\"h-4-pronouns-determiners\">4. Vietniekv\u0101rdi\/noteic\u0113ji:<\/h3>\n\n\n\n<p>Vietniekv\u0101rdi aizst\u0101j lietv\u0101rdus teikumos, bet noteic\u0113ji tos preciz\u0113 vai kvantific\u0113. Abiem ir iz\u0161\u0137iro\u0161a loma, lai padar\u012btu j\u016bsu ebreju valodu teko\u0161\u0101ku un dabisk\u0101ku. Da\u017e\u0101du vietniekv\u0101rdu (priek\u0161mets, objekts, vald\u012bjums) un noteic\u0113ju (demonstrat\u012bvs, jaut\u0101jo\u0161s, nenoteikts) apg\u016b\u0161ana pal\u012bdz\u0113s jums izveidot sare\u017e\u0123\u012bt\u0101kus teikumus un efekt\u012bv\u0101k nodot savas idejas.<\/p>\n\n\n\n<h3 class=\"wp-block-heading\" id=\"h-5-verbs\">5. Darb\u012bbas v\u0101rdi:<\/h3>\n\n\n\n<p>Ebreju valodas gramatikas pamat\u0101 ir darb\u012bbas v\u0101rdi. Tie ir balst\u012bti uz sak\u0146u sist\u0113mu, kas sast\u0101v no trim vai \u010detriem l\u012bdzska\u0146iem un ir konjug\u0113ti atbilsto\u0161i sasprindzin\u0101jumam, personai, dzimumam un skaitam. Iepaz\u012bstoties ar da\u017e\u0101d\u0101m darb\u012bbas v\u0101rdu form\u0101m un sasprindzin\u0101jumiem, j\u016bs var\u0113siet efekt\u012bvi izteikt darb\u012bbas un st\u0101vok\u013cus.<\/p>\n\n\n\n<h3 class=\"wp-block-heading\" id=\"h-6-tenses\">6. Sasprindzin\u0101jums:<\/h3>\n\n\n\n<p>Ebreju valodai ir tr\u012bs galvenie sasprindzin\u0101jumi: pag\u0101tne, tagadne un n\u0101kotne. Katram laikam ir specifiski loc\u012b\u0161anas noteikumi, kas ir atkar\u012bgi no darb\u012bbas v\u0101rda saknes, darb\u012bbas v\u0101rda dzimtes un skait\u013ca. Izprotot \u0161os noteikumus, j\u016bs var\u0113siet prec\u012bzi nodot darb\u012bbu laiku.<\/p>\n\n\n\n<h3 class=\"wp-block-heading\" id=\"h-7-tense-comparison\">7. Saspringts sal\u012bdzin\u0101jums:<\/h3>\n\n\n\n<p>Ir svar\u012bgi zin\u0101t, kad un k\u0101 izmantot katru ebreju laiku, lai efekt\u012bvi sazin\u0101tos. Da\u017e\u0101du laiku sal\u012bdzin\u0101\u0161ana un pretstat\u012b\u0161ana pal\u012bdz\u0113s jums saprast valodas nianses un \u013caus prec\u012bz\u0101k izteikties.<\/p>\n\n\n\n<h3 class=\"wp-block-heading\" id=\"h-8-progressive-and-perfect-progressive\">8. Progres\u012bvs un ide\u0101ls progres\u012bvs:<\/h3>\n\n\n\n<p>\u0160\u012bs darb\u012bbas v\u0101rdu formas tiek izmantotas, lai nor\u0101d\u012btu uz notieko\u0161aj\u0101m vai pabeigtaj\u0101m darb\u012bb\u0101m. Progres\u012bv\u0101 forma tiek izmantota darb\u012bb\u0101m, kas joproj\u0101m notiek, savuk\u0101rt ide\u0101ls progres\u012bvais uzsver darb\u012bbas pabeig\u0161anu. \u0160o formu izpratne uzlabos j\u016bsu sp\u0113ju izteikt sare\u017e\u0123\u012btas idejas un darb\u012bbas.<\/p>\n\n\n\n<h3 class=\"wp-block-heading\" id=\"h-9-adverbs\">9. Adverbi:<\/h3>\n\n\n\n<p>Adverbi modific\u0113 darb\u012bbas v\u0101rdus, \u012bpa\u0161\u012bbas v\u0101rdus vai citus adverbus, sniedzot papildu inform\u0101ciju par aprakst\u012bto darb\u012bbu vai kvalit\u0101ti. Apg\u016bstot da\u017e\u0101da veida ebreju adverbus un to, k\u0101 tos pareizi lietot, j\u016bsu valodas prasmes tiks papildin\u0101tas ar da\u017e\u0101d\u012bbu un dzi\u013cumu.<\/p>\n\n\n\n<h3 class=\"wp-block-heading\" id=\"h-10-prepositions\">10. Priev\u0101rdi:<\/h3>\n\n\n\n<p>Priev\u0101rdi savieno lietv\u0101rdus, vietniekv\u0101rdus vai citus v\u0101rdus, lai par\u0101d\u012btu attiec\u012bbas laik\u0101, atra\u0161an\u0101s viet\u0101 vai citos kontekstos. Ebreju priev\u0101rdu apg\u016b\u0161ana pal\u012bdz\u0113s jums izveidot sare\u017e\u0123\u012bt\u0101kus teikumus un skaidr\u0101k izteikt attiec\u012bbas starp idej\u0101m.<\/p>\n\n\n\n<h3 class=\"wp-block-heading\" id=\"h-11-conditionals\">11. Nosac\u012bjumi:<\/h3>\n\n\n\n<p>Ebreju nosac\u012bjumi tiek izmantoti, lai izteiktu hipot\u0113tiskas situ\u0101cijas un to sekas. Apg\u016bstot da\u017e\u0101das nosac\u012bt\u0101s strukt\u016bras (ja\/tad apgalvojumus), j\u016bs var\u0113siet efekt\u012bvi sazin\u0101ties hipot\u0113tisk\u0101s vai neskaidr\u0101s situ\u0101cij\u0101s.<\/p>\n\n\n\n<h3 class=\"wp-block-heading\" id=\"h-12-sentences\">12. Teikumi:<\/h3>\n\n\n\n<p>Visbeidzot, visu gramatikas komponentu salik\u0161ana kop\u0101, lai izveidotu piln\u012bgus, saska\u0146otus teikumus, ir galvenais ebreju <a href=\"https:\/\/talkpal.ai\/lv\/portugalu-valodas-apguves-nodarbibas\/\">valodas apguves<\/a> m\u0113r\u0137is. Praktiz\u0113jiet lietv\u0101rdu, darb\u012bbas v\u0101rdu, \u012bpa\u0161\u012bbas v\u0101rdu un citu elementu apvieno\u0161anu, lai izveidotu teikumus, kas prec\u012bzi nodod j\u016bsu domas un idejas ebreju valod\u0101.<\/p>\n<\/div><\/div>\n\r\n<section class=\"learnNavigationSection\">\r\n            \r\n        <a href=\"https:\/\/talkpal.ai\/lv\/uzziniet-ebreju-valodu\/\">\r\n            <div class=\"learnNavigationWrapper\">\r\n                <div class=\"learnNavigationContent\">\r\n                    <img decoding=\"async\" src=\"https:\/\/talkpal.ai\/wp-content\/uploads\/2024\/08\/Hebrew.jpg\" alt=\"Israel Flag\">\r\n                    <div>\r\n                        <h4>Par ebreju valodas apguvi<\/h4>\r\n                        <p>Uzziniet visu par ebreju gramatiku.<\/p>\r\n                    <\/div>\r\n                <\/div>\r\n            <\/div>\r\n        <\/a>\r\n\r\n        \r\n        <a href=\"https:\/\/talkpal.ai\/lv\/ebreju-gramatika\/\">\r\n            <div class=\"learnNavigationWrapper\">\r\n                <div class=\"learnNavigationContent\">\r\n                    <img decoding=\"async\" src=\"https:\/\/talkpal.ai\/wp-content\/uploads\/2024\/08\/Hebrew.jpg\" alt=\"Israel Flag\">\r\n                    <div>\r\n                        <h4>Ebreju valodas gramatikas nodarb\u012bbas<\/h4>\r\n                        <p>Praktiz\u0113jiet ebreju gramatiku.<\/p>\r\n                    <\/div>\r\n                <\/div>\r\n            <\/div>\r\n        <\/a>\r\n\r\n        \r\n        <a href=\"https:\/\/talkpal.ai\/vocabulary_language\/hebrew\/\">\r\n            <div class=\"learnNavigationWrapper\">\r\n                <div class=\"learnNavigationContent\">\r\n                    <img decoding=\"async\" src=\"https:\/\/talkpal.ai\/wp-content\/uploads\/2024\/08\/Hebrew.jpg\" alt=\"Israel Flag\">\r\n                    <div>\r\n                        <h4>Ebreju valodas v\u0101rdn\u012bca<\/h4>\r\n                        <p>Papla\u0161iniet savu ebreju valodas v\u0101rdu kr\u0101jumu.<\/p>\r\n                    <\/div>\r\n                <\/div>\r\n            <\/div>\r\n        <\/a>\r\n\r\n            <\/section>","protected":false},"excerpt":{"rendered":"<p>Ebreju gramatikas t\u0113mas Ebreju valoda ir aizraujo\u0161a un sena valoda, kurai ir liela v\u0113sturiska un kult\u016bras noz\u012bme. K\u0101 viena no vec\u0101kaj\u0101m valod\u0101m pasaul\u0113 t\u0101 laika gait\u0101 ir att\u012bst\u012bjusies un piel\u0101gojusies, padarot to gan par izaicino\u0161u, gan atalgojo\u0161u valodu. Neatkar\u012bgi no t\u0101, vai j\u016bs m\u0101c\u0101ties ebreju valodu reli\u0123isku iemeslu d\u0113\u013c, lai sazin\u0101tos ar savu mantojumu vai [&hellip;]<\/p>\n","protected":false},"author":6,"featured_media":113060,"parent":0,"menu_order":0,"comment_status":"closed","ping_status":"closed","template":"LearningContentPage.php","meta":{"_acf_changed":false,"footnotes":""},"class_list":["post-162231","page","type-page","status-publish","has-post-thumbnail","hentry"],"acf":[],"yoast_head":"<!-- This site is optimized with the Yoast SEO Premium plugin v27.2 (Yoast SEO v27.2) - https:\/\/yoast.com\/product\/yoast-seo-premium-wordpress\/ -->\n<title>Ebreju gramatikas vingrin\u0101jumi - Talkpal<\/title>\n<meta name=\"description\" content=\"Uzlabojiet savu ebreju valodas gramatiku - iesaistieties skaidros, praktiskos vingrin\u0101jumos, lai viegli nostiprin\u0101tu savas valodas prasmes ar Talkpal AI.\" \/>\n<meta name=\"robots\" content=\"index, follow, max-snippet:-1, max-image-preview:large, max-video-preview:-1\" \/>\n<link rel=\"canonical\" href=\"https:\/\/talkpal.ai\/lv\/ebreju-gramatikas-vingrinajumi\/\" \/>\n<meta property=\"og:locale\" content=\"lv_LV\" \/>\n<meta property=\"og:type\" content=\"article\" \/>\n<meta property=\"og:title\" content=\"Ebreju gramatikas vingrin\u0101jumi\" \/>\n<meta property=\"og:description\" content=\"Ebreju gramatikas t\u0113mas Ebreju valoda ir aizraujo\u0161a un sena valoda, kurai ir liela v\u0113sturiska un kult\u016bras noz\u012bme. K\u0101 viena no vec\u0101kaj\u0101m valod\u0101m pasaul\u0113 t\u0101\" \/>\n<meta property=\"og:url\" content=\"https:\/\/talkpal.ai\/lv\/ebreju-gramatikas-vingrinajumi\/\" \/>\n<meta property=\"og:site_name\" content=\"Talkpal\" \/>\n<meta property=\"article:publisher\" content=\"https:\/\/www.facebook.com\/profile.php?id=100090733639311\" \/>\n<meta property=\"article:modified_time\" content=\"2025-12-17T15:48:42+00:00\" \/>\n<meta property=\"og:image\" content=\"https:\/\/talkpal.ai\/wp-content\/uploads\/2023\/05\/israel.png\" \/>\n\t<meta property=\"og:image:width\" content=\"512\" \/>\n\t<meta property=\"og:image:height\" content=\"512\" \/>\n\t<meta property=\"og:image:type\" content=\"image\/png\" \/>\n<meta name=\"twitter:card\" content=\"summary_large_image\" \/>\n<meta name=\"twitter:site\" content=\"@talkpalai\" \/>\n<meta name=\"twitter:label1\" content=\"Est. reading time\" \/>\n\t<meta name=\"twitter:data1\" content=\"4 minutes\" \/>\n<script type=\"application\/ld+json\" class=\"yoast-schema-graph\">{\"@context\":\"https:\/\/schema.org\",\"@graph\":[{\"@type\":\"WebPage\",\"@id\":\"https:\/\/talkpal.ai\/lv\/ebreju-gramatikas-vingrinajumi\/\",\"url\":\"https:\/\/talkpal.ai\/lv\/ebreju-gramatikas-vingrinajumi\/\",\"name\":\"Ebreju gramatikas vingrin\u0101jumi - Talkpal\",\"isPartOf\":{\"@id\":\"https:\/\/talkpal.ai\/lv\/#website\"},\"primaryImageOfPage\":{\"@id\":\"https:\/\/talkpal.ai\/lv\/ebreju-gramatikas-vingrinajumi\/#primaryimage\"},\"image\":{\"@id\":\"https:\/\/talkpal.ai\/lv\/ebreju-gramatikas-vingrinajumi\/#primaryimage\"},\"thumbnailUrl\":\"https:\/\/talkpal.ai\/wp-content\/uploads\/2023\/05\/israel.png\",\"datePublished\":\"2023-06-21T14:25:56+00:00\",\"dateModified\":\"2025-12-17T15:48:42+00:00\",\"description\":\"Uzlabojiet savu ebreju valodas gramatiku - iesaistieties skaidros, praktiskos vingrin\u0101jumos, lai viegli nostiprin\u0101tu savas valodas prasmes ar Talkpal AI.\",\"breadcrumb\":{\"@id\":\"https:\/\/talkpal.ai\/lv\/ebreju-gramatikas-vingrinajumi\/#breadcrumb\"},\"inLanguage\":\"lv-LV\",\"potentialAction\":[{\"@type\":\"ReadAction\",\"target\":[\"https:\/\/talkpal.ai\/lv\/ebreju-gramatikas-vingrinajumi\/\"]}]},{\"@type\":\"ImageObject\",\"inLanguage\":\"lv-LV\",\"@id\":\"https:\/\/talkpal.ai\/lv\/ebreju-gramatikas-vingrinajumi\/#primaryimage\",\"url\":\"https:\/\/talkpal.ai\/wp-content\/uploads\/2023\/05\/israel.png\",\"contentUrl\":\"https:\/\/talkpal.ai\/wp-content\/uploads\/2023\/05\/israel.png\",\"width\":512,\"height\":512},{\"@type\":\"BreadcrumbList\",\"@id\":\"https:\/\/talkpal.ai\/lv\/ebreju-gramatikas-vingrinajumi\/#breadcrumb\",\"itemListElement\":[{\"@type\":\"ListItem\",\"position\":1,\"name\":\"Homepage\",\"item\":\"https:\/\/talkpal.ai\/lv\/\"},{\"@type\":\"ListItem\",\"position\":2,\"name\":\"Ebreju gramatikas vingrin\u0101jumi\"}]},{\"@type\":\"WebSite\",\"@id\":\"https:\/\/talkpal.ai\/lv\/#website\",\"url\":\"https:\/\/talkpal.ai\/lv\/\",\"name\":\"Talkpal\",\"description\":\"AI Language Learning\",\"publisher\":{\"@id\":\"https:\/\/talkpal.ai\/lv\/#organization\"},\"alternateName\":\"Talkpal AI\",\"potentialAction\":[{\"@type\":\"SearchAction\",\"target\":{\"@type\":\"EntryPoint\",\"urlTemplate\":\"https:\/\/talkpal.ai\/lv\/?s={search_term_string}\"},\"query-input\":{\"@type\":\"PropertyValueSpecification\",\"valueRequired\":true,\"valueName\":\"search_term_string\"}}],\"inLanguage\":\"lv-LV\"},{\"@type\":\"Organization\",\"@id\":\"https:\/\/talkpal.ai\/lv\/#organization\",\"name\":\"Talkpal, Inc.\",\"alternateName\":\"Talkpal AI\",\"url\":\"https:\/\/talkpal.ai\/lv\/\",\"logo\":{\"@type\":\"ImageObject\",\"inLanguage\":\"lv-LV\",\"@id\":\"https:\/\/talkpal.ai\/lv\/#\/schema\/logo\/image\/\",\"url\":\"https:\/\/talkpal.ai\/wp-content\/uploads\/2024\/03\/Talkpal-Logo-Icon.png\",\"contentUrl\":\"https:\/\/talkpal.ai\/wp-content\/uploads\/2024\/03\/Talkpal-Logo-Icon.png\",\"width\":2880,\"height\":2880,\"caption\":\"Talkpal, Inc.\"},\"image\":{\"@id\":\"https:\/\/talkpal.ai\/lv\/#\/schema\/logo\/image\/\"},\"sameAs\":[\"https:\/\/www.facebook.com\/profile.php?id=100090733639311\",\"https:\/\/x.com\/talkpalai\",\"https:\/\/www.linkedin.com\/company\/talkpal\/\",\"https:\/\/www.youtube.com\/@TalkPal\/\",\"https:\/\/www.tiktok.com\/@talkpal\",\"https:\/\/www.instagram.com\/talkpal_ai\/\",\"https:\/\/www.crunchbase.com\/organization\/talkpal-9cde\",\"https:\/\/www.g2.com\/products\/talkpal-for-business\/\",\"https:\/\/www.trustpilot.com\/review\/talkpal.ai\",\"https:\/\/www.capterra.com\/p\/10006800\/TalkPal\/\"],\"description\":\"Talkpal is a language learning web and mobile education app, powered by the latest AI technologies, that provides engaging experiences to its customers in many different languages to help them improve their language skills. Users can chat about unlimited amount of topics with the app and use other modes to practice their language learning.\",\"email\":\"support@talkpal.ai\",\"legalName\":\"Talkpal, Inc.\",\"foundingDate\":\"2023-04-03\",\"duns\":\"118989042\",\"numberOfEmployees\":{\"@type\":\"QuantitativeValue\",\"minValue\":\"11\",\"maxValue\":\"50\"},\"publishingPrinciples\":\"https:\/\/talkpal.ai\/publishing-principles\/\",\"actionableFeedbackPolicy\":\"https:\/\/talkpal.ai\/actionable-feedback-policy\/\",\"correctionsPolicy\":\"https:\/\/talkpal.ai\/corrections-policy\/\",\"ethicsPolicy\":\"https:\/\/talkpal.ai\/ethics-policy\/\",\"diversityPolicy\":\"https:\/\/talkpal.ai\/diversity-policy\/\",\"diversityStaffingReport\":\"https:\/\/talkpal.ai\/diversity-policy\/\"}]}<\/script>\n<!-- \/ Yoast SEO Premium plugin. -->","yoast_head_json":{"title":"Ebreju gramatikas vingrin\u0101jumi - Talkpal","description":"Uzlabojiet savu ebreju valodas gramatiku - iesaistieties skaidros, praktiskos vingrin\u0101jumos, lai viegli nostiprin\u0101tu savas valodas prasmes ar Talkpal AI.","robots":{"index":"index","follow":"follow","max-snippet":"max-snippet:-1","max-image-preview":"max-image-preview:large","max-video-preview":"max-video-preview:-1"},"canonical":"https:\/\/talkpal.ai\/lv\/ebreju-gramatikas-vingrinajumi\/","og_locale":"lv_LV","og_type":"article","og_title":"Ebreju gramatikas vingrin\u0101jumi","og_description":"Ebreju gramatikas t\u0113mas Ebreju valoda ir aizraujo\u0161a un sena valoda, kurai ir liela v\u0113sturiska un kult\u016bras noz\u012bme. K\u0101 viena no vec\u0101kaj\u0101m valod\u0101m pasaul\u0113 t\u0101","og_url":"https:\/\/talkpal.ai\/lv\/ebreju-gramatikas-vingrinajumi\/","og_site_name":"Talkpal","article_publisher":"https:\/\/www.facebook.com\/profile.php?id=100090733639311","article_modified_time":"2025-12-17T15:48:42+00:00","og_image":[{"width":512,"height":512,"url":"https:\/\/talkpal.ai\/wp-content\/uploads\/2023\/05\/israel.png","type":"image\/png"}],"twitter_card":"summary_large_image","twitter_site":"@talkpalai","twitter_misc":{"Est. reading time":"4 minutes"},"schema":{"@context":"https:\/\/schema.org","@graph":[{"@type":"WebPage","@id":"https:\/\/talkpal.ai\/lv\/ebreju-gramatikas-vingrinajumi\/","url":"https:\/\/talkpal.ai\/lv\/ebreju-gramatikas-vingrinajumi\/","name":"Ebreju gramatikas vingrin\u0101jumi - Talkpal","isPartOf":{"@id":"https:\/\/talkpal.ai\/lv\/#website"},"primaryImageOfPage":{"@id":"https:\/\/talkpal.ai\/lv\/ebreju-gramatikas-vingrinajumi\/#primaryimage"},"image":{"@id":"https:\/\/talkpal.ai\/lv\/ebreju-gramatikas-vingrinajumi\/#primaryimage"},"thumbnailUrl":"https:\/\/talkpal.ai\/wp-content\/uploads\/2023\/05\/israel.png","datePublished":"2023-06-21T14:25:56+00:00","dateModified":"2025-12-17T15:48:42+00:00","description":"Uzlabojiet savu ebreju valodas gramatiku - iesaistieties skaidros, praktiskos vingrin\u0101jumos, lai viegli nostiprin\u0101tu savas valodas prasmes ar Talkpal AI.","breadcrumb":{"@id":"https:\/\/talkpal.ai\/lv\/ebreju-gramatikas-vingrinajumi\/#breadcrumb"},"inLanguage":"lv-LV","potentialAction":[{"@type":"ReadAction","target":["https:\/\/talkpal.ai\/lv\/ebreju-gramatikas-vingrinajumi\/"]}]},{"@type":"ImageObject","inLanguage":"lv-LV","@id":"https:\/\/talkpal.ai\/lv\/ebreju-gramatikas-vingrinajumi\/#primaryimage","url":"https:\/\/talkpal.ai\/wp-content\/uploads\/2023\/05\/israel.png","contentUrl":"https:\/\/talkpal.ai\/wp-content\/uploads\/2023\/05\/israel.png","width":512,"height":512},{"@type":"BreadcrumbList","@id":"https:\/\/talkpal.ai\/lv\/ebreju-gramatikas-vingrinajumi\/#breadcrumb","itemListElement":[{"@type":"ListItem","position":1,"name":"Homepage","item":"https:\/\/talkpal.ai\/lv\/"},{"@type":"ListItem","position":2,"name":"Ebreju gramatikas vingrin\u0101jumi"}]},{"@type":"WebSite","@id":"https:\/\/talkpal.ai\/lv\/#website","url":"https:\/\/talkpal.ai\/lv\/","name":"Talkpal","description":"AI Language Learning","publisher":{"@id":"https:\/\/talkpal.ai\/lv\/#organization"},"alternateName":"Talkpal AI","potentialAction":[{"@type":"SearchAction","target":{"@type":"EntryPoint","urlTemplate":"https:\/\/talkpal.ai\/lv\/?s={search_term_string}"},"query-input":{"@type":"PropertyValueSpecification","valueRequired":true,"valueName":"search_term_string"}}],"inLanguage":"lv-LV"},{"@type":"Organization","@id":"https:\/\/talkpal.ai\/lv\/#organization","name":"Talkpal, Inc.","alternateName":"Talkpal AI","url":"https:\/\/talkpal.ai\/lv\/","logo":{"@type":"ImageObject","inLanguage":"lv-LV","@id":"https:\/\/talkpal.ai\/lv\/#\/schema\/logo\/image\/","url":"https:\/\/talkpal.ai\/wp-content\/uploads\/2024\/03\/Talkpal-Logo-Icon.png","contentUrl":"https:\/\/talkpal.ai\/wp-content\/uploads\/2024\/03\/Talkpal-Logo-Icon.png","width":2880,"height":2880,"caption":"Talkpal, Inc."},"image":{"@id":"https:\/\/talkpal.ai\/lv\/#\/schema\/logo\/image\/"},"sameAs":["https:\/\/www.facebook.com\/profile.php?id=100090733639311","https:\/\/x.com\/talkpalai","https:\/\/www.linkedin.com\/company\/talkpal\/","https:\/\/www.youtube.com\/@TalkPal\/","https:\/\/www.tiktok.com\/@talkpal","https:\/\/www.instagram.com\/talkpal_ai\/","https:\/\/www.crunchbase.com\/organization\/talkpal-9cde","https:\/\/www.g2.com\/products\/talkpal-for-business\/","https:\/\/www.trustpilot.com\/review\/talkpal.ai","https:\/\/www.capterra.com\/p\/10006800\/TalkPal\/"],"description":"Talkpal is a language learning web and mobile education app, powered by the latest AI technologies, that provides engaging experiences to its customers in many different languages to help them improve their language skills. Users can chat about unlimited amount of topics with the app and use other modes to practice their language learning.","email":"support@talkpal.ai","legalName":"Talkpal, Inc.","foundingDate":"2023-04-03","duns":"118989042","numberOfEmployees":{"@type":"QuantitativeValue","minValue":"11","maxValue":"50"},"publishingPrinciples":"https:\/\/talkpal.ai\/publishing-principles\/","actionableFeedbackPolicy":"https:\/\/talkpal.ai\/actionable-feedback-policy\/","correctionsPolicy":"https:\/\/talkpal.ai\/corrections-policy\/","ethicsPolicy":"https:\/\/talkpal.ai\/ethics-policy\/","diversityPolicy":"https:\/\/talkpal.ai\/diversity-policy\/","diversityStaffingReport":"https:\/\/talkpal.ai\/diversity-policy\/"}]}},"_links":{"self":[{"href":"https:\/\/talkpal.ai\/lv\/wp-json\/wp\/v2\/pages\/162231","targetHints":{"allow":["GET"]}}],"collection":[{"href":"https:\/\/talkpal.ai\/lv\/wp-json\/wp\/v2\/pages"}],"about":[{"href":"https:\/\/talkpal.ai\/lv\/wp-json\/wp\/v2\/types\/page"}],"author":[{"embeddable":true,"href":"https:\/\/talkpal.ai\/lv\/wp-json\/wp\/v2\/users\/6"}],"replies":[{"embeddable":true,"href":"https:\/\/talkpal.ai\/lv\/wp-json\/wp\/v2\/comments?post=162231"}],"version-history":[{"count":0,"href":"https:\/\/talkpal.ai\/lv\/wp-json\/wp\/v2\/pages\/162231\/revisions"}],"wp:featuredmedia":[{"embeddable":true,"href":"https:\/\/talkpal.ai\/lv\/wp-json\/wp\/v2\/media\/113060"}],"wp:attachment":[{"href":"https:\/\/talkpal.ai\/lv\/wp-json\/wp\/v2\/media?parent=162231"}],"curies":[{"name":"wp","href":"https:\/\/api.w.org\/{rel}","templated":true}]}}