{"id":161950,"date":"2023-06-21T14:29:48","date_gmt":"2023-06-21T14:29:48","guid":{"rendered":"http:\/\/talkpal.ai\/ungaru-valodas-gramatikas-vingrinajumi\/"},"modified":"2025-12-17T16:06:58","modified_gmt":"2025-12-17T16:06:58","slug":"ungaru-valodas-gramatikas-vingrinajumi","status":"publish","type":"page","link":"https:\/\/talkpal.ai\/lv\/ungaru-valodas-gramatikas-vingrinajumi\/","title":{"rendered":"Ung\u0101ru valodas gramatikas vingrin\u0101jumi"},"content":{"rendered":"\r\n\r\n\r\n<section class=\"languageChallengeSection\">\r\n    <div class=\"languageInfoWrapper\">\r\n        \r\n        <h1>Ung\u0101ru valodas gramatikas vingrin\u0101jumi<\/h1>\r\n        <p>Vai esat gatavs nostiprin\u0101t savas <a href=\"https:\/\/talkpal.ai\/learn-hungarian\/\">ung\u0101ru<\/a> <a href=\"https:\/\/talkpal.ai\/what-language-is-spoken-on-the-international-space-station\/\">valodas<\/a> prasmes? Gramatikas vingrin\u0101jumu praktiz\u0113\u0161ana ir lielisks veids, k\u0101 apg\u016bt v\u0101rdu k\u0101rt\u012bbu, darb\u012bbas v\u0101rdu galotnes un ung\u0101ru valodas unik\u0101lo strukt\u016bru. Iegremd\u0113jiet ung\u0101ru valodas gramatiku jau \u0161odien un redz\u0113siet, k\u0101 ar katru vingrin\u0101jumu pieaug j\u016bsu p\u0101rliec\u012bba un pl\u016bdums!<\/p>\r\n\r\n                            <a class=\"getStartedHidden\" href=\"https:\/\/app.talkpal.ai\/lv\/signup?lng=\">S\u0101c<\/a>\r\n        \r\n    <\/div>\r\n\r\n    <figure>\r\n    <img decoding=\"async\" width=\"768\" height=\"768\" src=\"https:\/\/talkpal.ai\/wp-content\/uploads\/2023\/06\/hungarian-768x768.png\" class=\"languageImage no-lazy\" alt=\"Language learning strategies for advanced learners\" fetchpriority=\"high\" sizes=\"(max-width: 768px) 150px, 768px\" srcset=\"https:\/\/talkpal.ai\/wp-content\/uploads\/2023\/06\/hungarian-768x768.png 768w, https:\/\/talkpal.ai\/wp-content\/uploads\/2023\/06\/hungarian-300x300.png 300w\" \/>\r\n    \r\n\r\n    <\/figure>\r\n\r\n            <a class=\"getStartedVisible\" href=\"https:\/\/app.talkpal.ai\/lv\/signup?lng=\">S\u0101c<\/a>\r\n    \r\n<\/section>\r\n\r\n\r\n<!-- <section class=\"grammarSection\">\r\n    <div class=\"grammarLinks\">\r\n            <\/div>\r\n<\/section> -->\r\n\r\n\r\n\r\n\r\n<section class=\"promotionalBanner\">\r\n    <p class=\"promotionalText\">Visefekt\u012bv\u0101kais veids, k\u0101 apg\u016bt valodu<\/p>\r\n    <a class=\"promotionalLink\" href=\"https:\/\/app.talkpal.ai\/lv\/signup?lng=\">Izm\u0113\u0123iniet Talkpal bez maksas<\/a>\r\n<\/section>\n<div class=\"wp-block-group pageContainerStyle\"><div class=\"wp-block-group__inner-container is-layout-constrained wp-block-group-is-layout-constrained\">\n<h2 class=\"wp-block-heading\" id=\"h-hungarian-grammar-topics\">Ung\u0101ru valodas gramatikas t\u0113mas<\/h2>\n\n\n\n<p>Jaunas valodas apguve var b\u016bt aizraujo\u0161a un atalgojo\u0161a pieredze. Tom\u0113r tas var b\u016bt ar\u012b diezgan milz\u012bgs, it \u012bpa\u0161i, ja runa ir par gramatikas t\u0113mu izpratni un apguvi. Labi struktur\u0113ta pieeja gramatikas apguvei ir iz\u0161\u0137iro\u0161a, lai g\u016btu pan\u0101kumus jaunas valodas apguv\u0113. \u0160aj\u0101 ce\u013cved\u012b m\u0113s esam sagrup\u0113ju\u0161i gramatikas t\u0113mas sec\u012bb\u0101, kas pal\u012bdz\u0113s jums efekt\u012bv\u0101k apg\u016bt valodu. Izprotot un apg\u016bstot \u0161\u012bs t\u0113mas, j\u016bs b\u016bsiet ce\u013c\u0101 uz m\u0113r\u0137a valodas prasmi.<\/p>\n\n\n\n<h3 class=\"wp-block-heading\" id=\"h-1-nouns-and-articles\">1. Lietv\u0101rdi un panti<\/h3>\n\n\n\n<p>S\u0101ciet savu valodu apguves ce\u013cojumu, izprotot lietv\u0101rdu un rakstu pamatus. Lietv\u0101rdi ir v\u0101rdi, kas att\u0113lo cilv\u0113kus, vietas, lietas vai idejas. Raksti tiek izmantoti, lai nor\u0101d\u012btu lietv\u0101rda specifiku. To apg\u016b\u0161ana pal\u012bdz\u0113s jums veidot vienk\u0101r\u0161us teikumus un saprast valodas strukt\u016bru.<\/p>\n\n\n\n<h3 class=\"wp-block-heading\" id=\"h-2-pronouns-determiners\">2. Vietniekv\u0101rdi\/noteic\u0113ji<\/h3>\n\n\n\n<p>Vietniekv\u0101rdi aizst\u0101j lietv\u0101rdus teikum\u0101 un pal\u012bdz izvair\u012bties no atk\u0101rtojumiem, savuk\u0101rt noteic\u0113ji sniedz inform\u0101ciju par lietv\u0101rda daudzumu vai noteikt\u012bbu. \u0160o t\u0113mu apg\u016b\u0161ana uzlabos j\u016bsu prasmi un izpratni.<\/p>\n\n\n\n<h3 class=\"wp-block-heading\" id=\"h-3-adjectives-and-adverbs\">3. \u012apa\u0161\u012bbas v\u0101rdi un adverbi<\/h3>\n\n\n\n<p>\u012apa\u0161\u012bbas v\u0101rdi apraksta lietv\u0101rdus, bet adverbi modific\u0113 darb\u012bbas v\u0101rdus, \u012bpa\u0161\u012bbas v\u0101rdus vai citus adverbus. Apg\u016bstot tos, j\u016bs varat pievienot teikumiem s\u012bk\u0101ku inform\u0101ciju un skaidr\u012bbu, padarot savas valodas prasmes izteiksm\u012bg\u0101kas un saisto\u0161\u0101kas.<\/p>\n\n\n\n<h3 class=\"wp-block-heading\" id=\"h-4-verbs-tenses-and-tense-comparison\">4. Darb\u012bbas v\u0101rdi, sasprindzin\u0101jums un saspringts sal\u012bdzin\u0101jums<\/h3>\n\n\n\n<p>Darb\u012bbas v\u0101rdi nodod darb\u012bbas vai es\u012bbas st\u0101vok\u013cus, un sasprindzin\u0101jums nor\u0101da laiku, kad notiek darb\u012bba. Izpratne par saspringtu sal\u012bdzin\u0101jumu \u013cauj prec\u012bzi apspriest pag\u0101tnes, tagadnes un n\u0101kotnes darb\u012bbas.<\/p>\n\n\n\n<h3 class=\"wp-block-heading\" id=\"h-5-progressive-and-perfect-progressive\">5. Progres\u012bvs un ide\u0101ls progres\u012bvs<\/h3>\n\n\n\n<p>Progres\u012bvais sasprindzin\u0101jums koncentr\u0113jas uz notieko\u0161aj\u0101m darb\u012bb\u0101m, savuk\u0101rt ide\u0101ls progres\u012bvs sasprindzin\u0101jums uzsver darb\u012bbas ilgumu l\u012bdz noteiktam laika punktam. \u0160ie sasprindzin\u0101jumi uzlabo j\u016bsu sp\u0113ju izteikt sare\u017e\u0123\u012btas domas un idejas valod\u0101.<\/p>\n\n\n\n<h3 class=\"wp-block-heading\" id=\"h-6-conditionals\">6. Nosac\u012bjumi<\/h3>\n\n\n\n<p>Nosac\u012bjumi apraksta hipot\u0113tiskas vai iesp\u0113jamas situ\u0101cijas un to sekas. Nosac\u012bjumu apg\u016b\u0161ana pal\u012bdz izteikt nians\u0113t\u0101kas un detaliz\u0113t\u0101kas domas m\u0113r\u0137a valod\u0101.<\/p>\n\n\n\n<h3 class=\"wp-block-heading\" id=\"h-7-prepositions\">7. Priev\u0101rdi<\/h3>\n\n\n\n<p>Priev\u0101rdi par\u0101da attiec\u012bbas starp v\u0101rdiem teikum\u0101, piem\u0113ram, atra\u0161an\u0101s vietu, virzienu vai laiku. \u0160iem mazajiem v\u0101rdiem ir noz\u012bm\u012bga loma teikuma noz\u012bmes veido\u0161an\u0101.<\/p>\n\n\n\n<h3 class=\"wp-block-heading\" id=\"h-8-sentences\">8. Teikumi<\/h3>\n\n\n\n<p>Visbeidzot, izpratne par teikuma strukt\u016bru un sp\u0113ja veidot da\u017e\u0101da veida teikumus ir b\u016btiska, lai nodro\u0161in\u0101tu skaidru un efekt\u012bvu sazi\u0146u jebkur\u0101 valod\u0101. Uzziniet, k\u0101 veidot vienk\u0101r\u0161us, saliktus un sare\u017e\u0123\u012btus teikumus, un praktiz\u0113jiet, izmantojot da\u017e\u0101das teikumu strukt\u016bras, lai prec\u012bzi izteiktu savas domas.<\/p>\n<\/div><\/div>\n\r\n<section class=\"learnNavigationSection\">\r\n            \r\n        <a href=\"https:\/\/talkpal.ai\/lv\/macieties-ungaru-valodu\/\">\r\n            <div class=\"learnNavigationWrapper\">\r\n                <div class=\"learnNavigationContent\">\r\n                    <img decoding=\"async\" src=\"https:\/\/talkpal.ai\/wp-content\/uploads\/2024\/08\/Hungarian.jpg\" alt=\"Hungarian Flag\">\r\n                    <div>\r\n                        <h4>Par ung\u0101ru valodas apguvi<\/h4>\r\n                        <p>Uzziniet visu par ung\u0101ru valodas gramatiku.<\/p>\r\n                    <\/div>\r\n                <\/div>\r\n            <\/div>\r\n        <\/a>\r\n\r\n        \r\n        <a href=\"https:\/\/talkpal.ai\/lv\/ungaru-valodas-gramatika\/\">\r\n            <div class=\"learnNavigationWrapper\">\r\n                <div class=\"learnNavigationContent\">\r\n                    <img decoding=\"async\" src=\"https:\/\/talkpal.ai\/wp-content\/uploads\/2024\/08\/Hungarian.jpg\" alt=\"Hungarian Flag\">\r\n                    <div>\r\n                        <h4>Ung\u0101ru valodas gramatikas nodarb\u012bbas<\/h4>\r\n                        <p>Praktiz\u0113jiet ung\u0101ru gramatiku.<\/p>\r\n                    <\/div>\r\n                <\/div>\r\n            <\/div>\r\n        <\/a>\r\n\r\n        \r\n        <a href=\"https:\/\/talkpal.ai\/vocabulary_language\/hungarian\/\">\r\n            <div class=\"learnNavigationWrapper\">\r\n                <div class=\"learnNavigationContent\">\r\n                    <img decoding=\"async\" src=\"https:\/\/talkpal.ai\/wp-content\/uploads\/2024\/08\/Hungarian.jpg\" alt=\"Hungarian Flag\">\r\n                    <div>\r\n                        <h4>Ung\u0101ru valodas v\u0101rdn\u012bca<\/h4>\r\n                        <p>Papla\u0161iniet savu ung\u0101ru valodas v\u0101rdu kr\u0101jumu.<\/p>\r\n                    <\/div>\r\n                <\/div>\r\n            <\/div>\r\n        <\/a>\r\n\r\n            <\/section>","protected":false},"excerpt":{"rendered":"<p>Ung\u0101ru valodas gramatikas t\u0113mas Jaunas valodas apguve var b\u016bt aizraujo\u0161a un atalgojo\u0161a pieredze. Tom\u0113r tas var b\u016bt ar\u012b diezgan milz\u012bgs, it \u012bpa\u0161i, ja runa ir par gramatikas t\u0113mu izpratni un apguvi. Labi struktur\u0113ta pieeja gramatikas apguvei ir iz\u0161\u0137iro\u0161a, lai g\u016btu pan\u0101kumus jaunas valodas apguv\u0113. \u0160aj\u0101 ce\u013cved\u012b m\u0113s esam sagrup\u0113ju\u0161i gramatikas t\u0113mas sec\u012bb\u0101, kas pal\u012bdz\u0113s jums [&hellip;]<\/p>\n","protected":false},"author":6,"featured_media":144547,"parent":0,"menu_order":0,"comment_status":"closed","ping_status":"closed","template":"LearningContentPage.php","meta":{"_acf_changed":false,"footnotes":""},"class_list":["post-161950","page","type-page","status-publish","has-post-thumbnail","hentry"],"acf":[],"yoast_head":"<!-- This site is optimized with the Yoast SEO Premium plugin v27.2 (Yoast SEO v27.2) - https:\/\/yoast.com\/product\/yoast-seo-premium-wordpress\/ -->\n<title>Ung\u0101ru valodas gramatikas vingrin\u0101jumi - Talkpal<\/title>\n<meta name=\"description\" content=\"Viegli uzlabojiet savas ung\u0101ru valodas gramatikas prasmes - izpildiet praktiskus vingrin\u0101jumus, interakt\u012bvu praksi un sa\u0146emiet personaliz\u0113tu atgriezenisko saiti.\" \/>\n<meta name=\"robots\" content=\"index, follow, max-snippet:-1, max-image-preview:large, max-video-preview:-1\" \/>\n<link rel=\"canonical\" href=\"https:\/\/talkpal.ai\/lv\/ungaru-valodas-gramatikas-vingrinajumi\/\" \/>\n<meta property=\"og:locale\" content=\"lv_LV\" \/>\n<meta property=\"og:type\" content=\"article\" \/>\n<meta property=\"og:title\" content=\"Ung\u0101ru valodas gramatikas vingrin\u0101jumi\" \/>\n<meta property=\"og:description\" content=\"Ung\u0101ru valodas gramatikas t\u0113mas Jaunas valodas apguve var b\u016bt aizraujo\u0161a un atalgojo\u0161a pieredze. Tom\u0113r tas var b\u016bt ar\u012b diezgan milz\u012bgs, it \u012bpa\u0161i, ja runa\" \/>\n<meta property=\"og:url\" content=\"https:\/\/talkpal.ai\/lv\/ungaru-valodas-gramatikas-vingrinajumi\/\" \/>\n<meta property=\"og:site_name\" content=\"Talkpal\" \/>\n<meta property=\"article:publisher\" content=\"https:\/\/www.facebook.com\/profile.php?id=100090733639311\" \/>\n<meta property=\"article:modified_time\" content=\"2025-12-17T16:06:58+00:00\" \/>\n<meta property=\"og:image\" content=\"https:\/\/talkpal.ai\/wp-content\/uploads\/2023\/05\/Hungarian.png\" \/>\n\t<meta property=\"og:image:width\" content=\"512\" \/>\n\t<meta property=\"og:image:height\" content=\"512\" \/>\n\t<meta property=\"og:image:type\" content=\"image\/png\" \/>\n<meta name=\"twitter:card\" content=\"summary_large_image\" \/>\n<meta name=\"twitter:site\" content=\"@talkpalai\" \/>\n<meta name=\"twitter:label1\" content=\"Est. reading time\" \/>\n\t<meta name=\"twitter:data1\" content=\"2 minutes\" \/>\n<script type=\"application\/ld+json\" class=\"yoast-schema-graph\">{\"@context\":\"https:\/\/schema.org\",\"@graph\":[{\"@type\":\"WebPage\",\"@id\":\"https:\/\/talkpal.ai\/lv\/ungaru-valodas-gramatikas-vingrinajumi\/\",\"url\":\"https:\/\/talkpal.ai\/lv\/ungaru-valodas-gramatikas-vingrinajumi\/\",\"name\":\"Ung\u0101ru valodas gramatikas vingrin\u0101jumi - Talkpal\",\"isPartOf\":{\"@id\":\"https:\/\/talkpal.ai\/lv\/#website\"},\"primaryImageOfPage\":{\"@id\":\"https:\/\/talkpal.ai\/lv\/ungaru-valodas-gramatikas-vingrinajumi\/#primaryimage\"},\"image\":{\"@id\":\"https:\/\/talkpal.ai\/lv\/ungaru-valodas-gramatikas-vingrinajumi\/#primaryimage\"},\"thumbnailUrl\":\"https:\/\/talkpal.ai\/wp-content\/uploads\/2023\/05\/Hungarian.png\",\"datePublished\":\"2023-06-21T14:29:48+00:00\",\"dateModified\":\"2025-12-17T16:06:58+00:00\",\"description\":\"Viegli uzlabojiet savas ung\u0101ru valodas gramatikas prasmes - izpildiet praktiskus vingrin\u0101jumus, interakt\u012bvu praksi un sa\u0146emiet personaliz\u0113tu atgriezenisko saiti.\",\"breadcrumb\":{\"@id\":\"https:\/\/talkpal.ai\/lv\/ungaru-valodas-gramatikas-vingrinajumi\/#breadcrumb\"},\"inLanguage\":\"lv-LV\",\"potentialAction\":[{\"@type\":\"ReadAction\",\"target\":[\"https:\/\/talkpal.ai\/lv\/ungaru-valodas-gramatikas-vingrinajumi\/\"]}]},{\"@type\":\"ImageObject\",\"inLanguage\":\"lv-LV\",\"@id\":\"https:\/\/talkpal.ai\/lv\/ungaru-valodas-gramatikas-vingrinajumi\/#primaryimage\",\"url\":\"https:\/\/talkpal.ai\/wp-content\/uploads\/2023\/05\/Hungarian.png\",\"contentUrl\":\"https:\/\/talkpal.ai\/wp-content\/uploads\/2023\/05\/Hungarian.png\",\"width\":512,\"height\":512},{\"@type\":\"BreadcrumbList\",\"@id\":\"https:\/\/talkpal.ai\/lv\/ungaru-valodas-gramatikas-vingrinajumi\/#breadcrumb\",\"itemListElement\":[{\"@type\":\"ListItem\",\"position\":1,\"name\":\"Homepage\",\"item\":\"https:\/\/talkpal.ai\/lv\/\"},{\"@type\":\"ListItem\",\"position\":2,\"name\":\"Ung\u0101ru valodas gramatikas vingrin\u0101jumi\"}]},{\"@type\":\"WebSite\",\"@id\":\"https:\/\/talkpal.ai\/lv\/#website\",\"url\":\"https:\/\/talkpal.ai\/lv\/\",\"name\":\"Talkpal\",\"description\":\"AI Language Learning\",\"publisher\":{\"@id\":\"https:\/\/talkpal.ai\/lv\/#organization\"},\"alternateName\":\"Talkpal AI\",\"potentialAction\":[{\"@type\":\"SearchAction\",\"target\":{\"@type\":\"EntryPoint\",\"urlTemplate\":\"https:\/\/talkpal.ai\/lv\/?s={search_term_string}\"},\"query-input\":{\"@type\":\"PropertyValueSpecification\",\"valueRequired\":true,\"valueName\":\"search_term_string\"}}],\"inLanguage\":\"lv-LV\"},{\"@type\":\"Organization\",\"@id\":\"https:\/\/talkpal.ai\/lv\/#organization\",\"name\":\"Talkpal, Inc.\",\"alternateName\":\"Talkpal AI\",\"url\":\"https:\/\/talkpal.ai\/lv\/\",\"logo\":{\"@type\":\"ImageObject\",\"inLanguage\":\"lv-LV\",\"@id\":\"https:\/\/talkpal.ai\/lv\/#\/schema\/logo\/image\/\",\"url\":\"https:\/\/talkpal.ai\/wp-content\/uploads\/2024\/03\/Talkpal-Logo-Icon.png\",\"contentUrl\":\"https:\/\/talkpal.ai\/wp-content\/uploads\/2024\/03\/Talkpal-Logo-Icon.png\",\"width\":2880,\"height\":2880,\"caption\":\"Talkpal, Inc.\"},\"image\":{\"@id\":\"https:\/\/talkpal.ai\/lv\/#\/schema\/logo\/image\/\"},\"sameAs\":[\"https:\/\/www.facebook.com\/profile.php?id=100090733639311\",\"https:\/\/x.com\/talkpalai\",\"https:\/\/www.linkedin.com\/company\/talkpal\/\",\"https:\/\/www.youtube.com\/@TalkPal\/\",\"https:\/\/www.tiktok.com\/@talkpal\",\"https:\/\/www.instagram.com\/talkpal_ai\/\",\"https:\/\/www.crunchbase.com\/organization\/talkpal-9cde\",\"https:\/\/www.g2.com\/products\/talkpal-for-business\/\",\"https:\/\/www.trustpilot.com\/review\/talkpal.ai\",\"https:\/\/www.capterra.com\/p\/10006800\/TalkPal\/\"],\"description\":\"Talkpal is a language learning web and mobile education app, powered by the latest AI technologies, that provides engaging experiences to its customers in many different languages to help them improve their language skills. Users can chat about unlimited amount of topics with the app and use other modes to practice their language learning.\",\"email\":\"support@talkpal.ai\",\"legalName\":\"Talkpal, Inc.\",\"foundingDate\":\"2023-04-03\",\"duns\":\"118989042\",\"numberOfEmployees\":{\"@type\":\"QuantitativeValue\",\"minValue\":\"11\",\"maxValue\":\"50\"},\"publishingPrinciples\":\"https:\/\/talkpal.ai\/publishing-principles\/\",\"actionableFeedbackPolicy\":\"https:\/\/talkpal.ai\/actionable-feedback-policy\/\",\"correctionsPolicy\":\"https:\/\/talkpal.ai\/corrections-policy\/\",\"ethicsPolicy\":\"https:\/\/talkpal.ai\/ethics-policy\/\",\"diversityPolicy\":\"https:\/\/talkpal.ai\/diversity-policy\/\",\"diversityStaffingReport\":\"https:\/\/talkpal.ai\/diversity-policy\/\"}]}<\/script>\n<!-- \/ Yoast SEO Premium plugin. -->","yoast_head_json":{"title":"Ung\u0101ru valodas gramatikas vingrin\u0101jumi - Talkpal","description":"Viegli uzlabojiet savas ung\u0101ru valodas gramatikas prasmes - izpildiet praktiskus vingrin\u0101jumus, interakt\u012bvu praksi un sa\u0146emiet personaliz\u0113tu atgriezenisko saiti.","robots":{"index":"index","follow":"follow","max-snippet":"max-snippet:-1","max-image-preview":"max-image-preview:large","max-video-preview":"max-video-preview:-1"},"canonical":"https:\/\/talkpal.ai\/lv\/ungaru-valodas-gramatikas-vingrinajumi\/","og_locale":"lv_LV","og_type":"article","og_title":"Ung\u0101ru valodas gramatikas vingrin\u0101jumi","og_description":"Ung\u0101ru valodas gramatikas t\u0113mas Jaunas valodas apguve var b\u016bt aizraujo\u0161a un atalgojo\u0161a pieredze. Tom\u0113r tas var b\u016bt ar\u012b diezgan milz\u012bgs, it \u012bpa\u0161i, ja runa","og_url":"https:\/\/talkpal.ai\/lv\/ungaru-valodas-gramatikas-vingrinajumi\/","og_site_name":"Talkpal","article_publisher":"https:\/\/www.facebook.com\/profile.php?id=100090733639311","article_modified_time":"2025-12-17T16:06:58+00:00","og_image":[{"width":512,"height":512,"url":"https:\/\/talkpal.ai\/wp-content\/uploads\/2023\/05\/Hungarian.png","type":"image\/png"}],"twitter_card":"summary_large_image","twitter_site":"@talkpalai","twitter_misc":{"Est. reading time":"2 minutes"},"schema":{"@context":"https:\/\/schema.org","@graph":[{"@type":"WebPage","@id":"https:\/\/talkpal.ai\/lv\/ungaru-valodas-gramatikas-vingrinajumi\/","url":"https:\/\/talkpal.ai\/lv\/ungaru-valodas-gramatikas-vingrinajumi\/","name":"Ung\u0101ru valodas gramatikas vingrin\u0101jumi - Talkpal","isPartOf":{"@id":"https:\/\/talkpal.ai\/lv\/#website"},"primaryImageOfPage":{"@id":"https:\/\/talkpal.ai\/lv\/ungaru-valodas-gramatikas-vingrinajumi\/#primaryimage"},"image":{"@id":"https:\/\/talkpal.ai\/lv\/ungaru-valodas-gramatikas-vingrinajumi\/#primaryimage"},"thumbnailUrl":"https:\/\/talkpal.ai\/wp-content\/uploads\/2023\/05\/Hungarian.png","datePublished":"2023-06-21T14:29:48+00:00","dateModified":"2025-12-17T16:06:58+00:00","description":"Viegli uzlabojiet savas ung\u0101ru valodas gramatikas prasmes - izpildiet praktiskus vingrin\u0101jumus, interakt\u012bvu praksi un sa\u0146emiet personaliz\u0113tu atgriezenisko saiti.","breadcrumb":{"@id":"https:\/\/talkpal.ai\/lv\/ungaru-valodas-gramatikas-vingrinajumi\/#breadcrumb"},"inLanguage":"lv-LV","potentialAction":[{"@type":"ReadAction","target":["https:\/\/talkpal.ai\/lv\/ungaru-valodas-gramatikas-vingrinajumi\/"]}]},{"@type":"ImageObject","inLanguage":"lv-LV","@id":"https:\/\/talkpal.ai\/lv\/ungaru-valodas-gramatikas-vingrinajumi\/#primaryimage","url":"https:\/\/talkpal.ai\/wp-content\/uploads\/2023\/05\/Hungarian.png","contentUrl":"https:\/\/talkpal.ai\/wp-content\/uploads\/2023\/05\/Hungarian.png","width":512,"height":512},{"@type":"BreadcrumbList","@id":"https:\/\/talkpal.ai\/lv\/ungaru-valodas-gramatikas-vingrinajumi\/#breadcrumb","itemListElement":[{"@type":"ListItem","position":1,"name":"Homepage","item":"https:\/\/talkpal.ai\/lv\/"},{"@type":"ListItem","position":2,"name":"Ung\u0101ru valodas gramatikas vingrin\u0101jumi"}]},{"@type":"WebSite","@id":"https:\/\/talkpal.ai\/lv\/#website","url":"https:\/\/talkpal.ai\/lv\/","name":"Talkpal","description":"AI Language Learning","publisher":{"@id":"https:\/\/talkpal.ai\/lv\/#organization"},"alternateName":"Talkpal AI","potentialAction":[{"@type":"SearchAction","target":{"@type":"EntryPoint","urlTemplate":"https:\/\/talkpal.ai\/lv\/?s={search_term_string}"},"query-input":{"@type":"PropertyValueSpecification","valueRequired":true,"valueName":"search_term_string"}}],"inLanguage":"lv-LV"},{"@type":"Organization","@id":"https:\/\/talkpal.ai\/lv\/#organization","name":"Talkpal, Inc.","alternateName":"Talkpal AI","url":"https:\/\/talkpal.ai\/lv\/","logo":{"@type":"ImageObject","inLanguage":"lv-LV","@id":"https:\/\/talkpal.ai\/lv\/#\/schema\/logo\/image\/","url":"https:\/\/talkpal.ai\/wp-content\/uploads\/2024\/03\/Talkpal-Logo-Icon.png","contentUrl":"https:\/\/talkpal.ai\/wp-content\/uploads\/2024\/03\/Talkpal-Logo-Icon.png","width":2880,"height":2880,"caption":"Talkpal, Inc."},"image":{"@id":"https:\/\/talkpal.ai\/lv\/#\/schema\/logo\/image\/"},"sameAs":["https:\/\/www.facebook.com\/profile.php?id=100090733639311","https:\/\/x.com\/talkpalai","https:\/\/www.linkedin.com\/company\/talkpal\/","https:\/\/www.youtube.com\/@TalkPal\/","https:\/\/www.tiktok.com\/@talkpal","https:\/\/www.instagram.com\/talkpal_ai\/","https:\/\/www.crunchbase.com\/organization\/talkpal-9cde","https:\/\/www.g2.com\/products\/talkpal-for-business\/","https:\/\/www.trustpilot.com\/review\/talkpal.ai","https:\/\/www.capterra.com\/p\/10006800\/TalkPal\/"],"description":"Talkpal is a language learning web and mobile education app, powered by the latest AI technologies, that provides engaging experiences to its customers in many different languages to help them improve their language skills. Users can chat about unlimited amount of topics with the app and use other modes to practice their language learning.","email":"support@talkpal.ai","legalName":"Talkpal, Inc.","foundingDate":"2023-04-03","duns":"118989042","numberOfEmployees":{"@type":"QuantitativeValue","minValue":"11","maxValue":"50"},"publishingPrinciples":"https:\/\/talkpal.ai\/publishing-principles\/","actionableFeedbackPolicy":"https:\/\/talkpal.ai\/actionable-feedback-policy\/","correctionsPolicy":"https:\/\/talkpal.ai\/corrections-policy\/","ethicsPolicy":"https:\/\/talkpal.ai\/ethics-policy\/","diversityPolicy":"https:\/\/talkpal.ai\/diversity-policy\/","diversityStaffingReport":"https:\/\/talkpal.ai\/diversity-policy\/"}]}},"_links":{"self":[{"href":"https:\/\/talkpal.ai\/lv\/wp-json\/wp\/v2\/pages\/161950","targetHints":{"allow":["GET"]}}],"collection":[{"href":"https:\/\/talkpal.ai\/lv\/wp-json\/wp\/v2\/pages"}],"about":[{"href":"https:\/\/talkpal.ai\/lv\/wp-json\/wp\/v2\/types\/page"}],"author":[{"embeddable":true,"href":"https:\/\/talkpal.ai\/lv\/wp-json\/wp\/v2\/users\/6"}],"replies":[{"embeddable":true,"href":"https:\/\/talkpal.ai\/lv\/wp-json\/wp\/v2\/comments?post=161950"}],"version-history":[{"count":0,"href":"https:\/\/talkpal.ai\/lv\/wp-json\/wp\/v2\/pages\/161950\/revisions"}],"wp:featuredmedia":[{"embeddable":true,"href":"https:\/\/talkpal.ai\/lv\/wp-json\/wp\/v2\/media\/144547"}],"wp:attachment":[{"href":"https:\/\/talkpal.ai\/lv\/wp-json\/wp\/v2\/media?parent=161950"}],"curies":[{"name":"wp","href":"https:\/\/api.w.org\/{rel}","templated":true}]}}