{"id":161656,"date":"2023-06-21T14:50:44","date_gmt":"2023-06-21T14:50:44","guid":{"rendered":"http:\/\/talkpal.ai\/islandiesu-gramatikas-vingrinajumi\/"},"modified":"2025-12-17T16:09:22","modified_gmt":"2025-12-17T16:09:22","slug":"islandiesu-gramatikas-vingrinajumi","status":"publish","type":"page","link":"https:\/\/talkpal.ai\/lv\/islandiesu-gramatikas-vingrinajumi\/","title":{"rendered":"Islandie\u0161u gramatikas vingrin\u0101jumi"},"content":{"rendered":"\r\n\r\n\r\n<section class=\"languageChallengeSection\">\r\n    <div class=\"languageInfoWrapper\">\r\n        \r\n        <h1>Islandie\u0161u gramatikas vingrin\u0101jumi<\/h1>\r\n        <p>Vai esat gatavs nostiprin\u0101t savas <a href=\"https:\/\/talkpal.ai\/learn-icelandic\/\">islandie\u0161u<\/a> <a href=\"https:\/\/talkpal.ai\/what-language-is-spoken-on-the-international-space-station\/\">valodas<\/a> prasmes? Gramatikas vingrin\u0101jumu praktiz\u0113\u0161ana ir lielisks veids, k\u0101 apg\u016bt teikuma strukt\u016bru, darb\u012bbas v\u0101rdu formas un <a href=\"https:\/\/talkpal.ai\/learn-icelandic\/\">islandie\u0161u<\/a> valodas unik\u0101l\u0101s iez\u012bmes. S\u0101ciet apg\u016bt islandie\u0161u valodas gramatiku jau \u0161odien un v\u0113rojiet, k\u0101 ar katru vingrin\u0101jumu pieaug j\u016bsu p\u0101rliec\u012bba un pl\u016bdums!\n\n<\/p>\r\n\r\n                            <a class=\"getStartedHidden\" href=\"https:\/\/app.talkpal.ai\/lv\/signup?lng=\">S\u0101c<\/a>\r\n        \r\n    <\/div>\r\n\r\n    <figure>\r\n    <img decoding=\"async\" width=\"768\" height=\"768\" src=\"https:\/\/talkpal.ai\/wp-content\/uploads\/2023\/06\/Icelandic-768x768.png\" class=\"languageImage no-lazy\" alt=\"Language learning for better job opportunities\" fetchpriority=\"high\" sizes=\"(max-width: 768px) 150px, 768px\" srcset=\"https:\/\/talkpal.ai\/wp-content\/uploads\/2023\/06\/Icelandic-768x768.png 768w, https:\/\/talkpal.ai\/wp-content\/uploads\/2023\/06\/Icelandic-300x300.png 300w\" \/>\r\n    \r\n\r\n    <\/figure>\r\n\r\n            <a class=\"getStartedVisible\" href=\"https:\/\/app.talkpal.ai\/lv\/signup?lng=\">S\u0101c<\/a>\r\n    \r\n<\/section>\r\n\r\n\r\n<!-- <section class=\"grammarSection\">\r\n    <div class=\"grammarLinks\">\r\n            <\/div>\r\n<\/section> -->\r\n\r\n\r\n\r\n\r\n<section class=\"promotionalBanner\">\r\n    <p class=\"promotionalText\">Visefekt\u012bv\u0101kais veids, k\u0101 apg\u016bt valodu<\/p>\r\n    <a class=\"promotionalLink\" href=\"https:\/\/app.talkpal.ai\/lv\/signup?lng=\">Izm\u0113\u0123iniet Talkpal bez maksas<\/a>\r\n<\/section>\n<div class=\"wp-block-group pageContainerStyle\"><div class=\"wp-block-group__inner-container is-layout-constrained wp-block-group-is-layout-constrained\">\n<h2 class=\"wp-block-heading\" id=\"h-icelandic-grammar-topics\">Islandes gramatikas t\u0113mas<\/h2>\n\n\n\n<p>Islandie\u0161u, zieme\u013c\u0123erm\u0101\u0146u valoda, kur\u0101 run\u0101 vair\u0101k nek\u0101 300 000 cilv\u0113ku, ir islandie\u0161u ofici\u0101l\u0101 valoda. Islandie\u0161u valodai, kas paz\u012bstama ar sare\u017e\u0123\u012bto gramatiku un bag\u0101t\u012bgo v\u0101rdu kr\u0101jumu, ir unik\u0101ls \u0161arms, kas piesaista valodu apguv\u0113jus no visas pasaules. Ar sakn\u0113m sennorv\u0113\u0123u valod\u0101 islandie\u0161u valod\u0101 ir sp\u0113c\u012bga liter\u0101r\u0101 trad\u012bcija, kas aizs\u0101k\u0101s vikingu laikmet\u0101. \u0160aj\u0101 rakst\u0101 m\u0113s izp\u0113t\u012bsim galven\u0101s Islandes gramatikas t\u0113mas, kas pal\u012bdz\u0113s jums saprast un apg\u016bt \u0161o aizraujo\u0161o valodu, s\u0101kot no t\u0101diem pamatiem k\u0101 lietv\u0101rdi un darb\u012bbas v\u0101rdi l\u012bdz sare\u017e\u0123\u012bt\u0101k\u0101m strukt\u016br\u0101m, piem\u0113ram, nosac\u012bjumiem un priev\u0101rdiem.<\/p>\n\n\n\n<h3 class=\"wp-block-heading\" id=\"h-1-nouns\">1. Lietv\u0101rdi<\/h3>\n\n\n\n<p>S\u0101ciet, apg\u016bstot islandie\u0161u lietv\u0101rdu pamatus, kas ietver cilv\u0113kus, vietas un lietas. Islandie\u0161u valod\u0101 ir tr\u012bs gramatisk\u0101s dzimtes (v\u012brie\u0161u, sievie\u0161u un nekatr\u0101 dzimte) un \u010detri gad\u012bjumi (nominat\u012bvs, akuzat\u012bvs, dat\u012bvs un \u0123enit\u012bvs). \u0160o aspektu izpratne ir b\u016btiska, lai pareizi pazemin\u0101tu un vienotos ar cit\u0101m runas da\u013c\u0101m.<\/p>\n\n\n\n<h3 class=\"wp-block-heading\" id=\"h-2-articles\">2. Raksti<\/h3>\n\n\n\n<p>islandie\u0161u valod\u0101 nav nenoteiktu pantu, bet <a href=\"https:\/\/talkpal.ai\/learn-thai\/\">tai<\/a> ir noteikti panti, kas ir pievienoti lietv\u0101rda beig\u0101s. Uzziniet, k\u0101 veidot noteiktu rakstu katram dzimumam un gad\u012bjumam, jo tas pal\u012bdz\u0113s pareizi lietot lietv\u0101rdus.<\/p>\n\n\n\n<h3 class=\"wp-block-heading\" id=\"h-3-pronouns-determiners\">3. Vietniekv\u0101rdi \/ noteic\u0113ji<\/h3>\n\n\n\n<p>Islandie\u0161u valod\u0101 ir personiskie, piedero\u0161ie, refleks\u012bvie un demonstrat\u012bvie vietniekv\u0101rdi, k\u0101 ar\u012b skait\u013cot\u0101ji un pratin\u0101\u0161anas noteic\u0113ji. Iepaz\u012bstieties ar \u0161iem vietniekv\u0101rdiem un noteic\u0113jiem un to attiec\u012bgajiem deklam\u0101cij\u0101m, lai nodro\u0161in\u0101tu pareizu vieno\u0161anos un lietojumu teikumos.<\/p>\n\n\n\n<h3 class=\"wp-block-heading\" id=\"h-4-adjectives\">4. \u012apa\u0161\u012bbas v\u0101rdi<\/h3>\n\n\n\n<p>\u012apa\u0161\u012bbas v\u0101rdiem islandie\u0161u valod\u0101 ir j\u0101sakr\u012bt dzimumam, skaitam un gad\u012bjumam ar lietv\u0101rdu, ko tie maina. Uzziniet da\u017e\u0101dus \u012bpa\u0161\u012bbas v\u0101rdu deklam\u0101cijas mode\u013cus un to, k\u0101 tie main\u0101s atkar\u012bb\u0101 no lietv\u0101rda dzimuma un gad\u012bjuma.<\/p>\n\n\n\n<h3 class=\"wp-block-heading\" id=\"h-5-verbs\">5. Darb\u012bbas v\u0101rdi<\/h3>\n\n\n\n<p>Islandie\u0161u darb\u012bbas v\u0101rdi tiek konjug\u0113ti atbilsto\u0161i sasprindzin\u0101jumam, noska\u0146ojumam un balsij. S\u0101ciet, apg\u016bstot tagadnes, pag\u0101tnes un n\u0101kotnes laikus, k\u0101 ar\u012b indikat\u012bv\u0101s, subjunkt\u012bv\u0101s un imperat\u012bv\u0101s noska\u0146as. Iepaz\u012bstieties ar\u012b ar regul\u0101ru un neregul\u0101ru darb\u012bbas v\u0101rdu konjug\u0101cijas mode\u013ciem.<\/p>\n\n\n\n<h3 class=\"wp-block-heading\" id=\"h-6-tense-comparison\">6. Saspringts sal\u012bdzin\u0101jums<\/h3>\n\n\n\n<p>Izprotiet at\u0161\u0137ir\u012bbu starp katra sasprindzin\u0101juma vienk\u0101r\u0161aj\u0101m un nep\u0101rtrauktaj\u0101m form\u0101m. Islandie\u0161u valodai nav progres\u012bva aspekta, piem\u0113ram, <a href=\"https:\/\/talkpal.ai\/learn-english-with-ai\/\">ang\u013cu<\/a> valodas, t\u0101p\u0113c uzziniet, k\u0101 izteikt notieko\u0161\u0101s darb\u012bbas, izmantojot citas strukt\u016bras.<\/p>\n\n\n\n<h3 class=\"wp-block-heading\" id=\"h-7-perfect-progressive\">7. Ide\u0101ls progres\u012bvs<\/h3>\n\n\n\n<p>Islandie\u0161u valodai nav tie\u0161a ekvivalenta ang\u013cu perfektajam progres\u012bvajam sasprindzin\u0101jumam. Tom\u0113r j\u016bs varat iem\u0101c\u012bties izteikt l\u012bdz\u012bgas idejas, izmantojot perifrastikas konstrukcijas ar pal\u012bgv\u0101rdiem un l\u012bdzdal\u012bbniekiem.<\/p>\n\n\n\n<h3 class=\"wp-block-heading\" id=\"h-8-adverbs\">8. Adverbi<\/h3>\n\n\n\n<p>Adverbi modific\u0113 darb\u012bbas v\u0101rdus, \u012bpa\u0161\u012bbas v\u0101rdus un citus adverbus. Uzziniet da\u017e\u0101dus adverbu veidus islandie\u0161u valod\u0101, k\u0101 ar\u012b to izvietojumu teikumos.<\/p>\n\n\n\n<h3 class=\"wp-block-heading\" id=\"h-9-prepositions\">9. Priev\u0101rdi<\/h3>\n\n\n\n<p>Priev\u0101rdi par\u0101da attiec\u012bbas starp lietv\u0101rdu vai vietniekv\u0101rdu un citu teikuma elementu. Izp\u0113tiet visbie\u017e\u0101k sastopamos islandie\u0161u priev\u0101rdus un to attiec\u012bgos gad\u012bjumus, lai tos pareizi izmantotu.<\/p>\n\n\n\n<h3 class=\"wp-block-heading\" id=\"h-10-conditionals\">10. Nosac\u012bjumi<\/h3>\n\n\n\n<p>Islandie\u0161u valod\u0101 ir tr\u012bs veidu nosac\u012bti teikumi: re\u0101ls, nere\u0101ls un pag\u0101tnes nere\u0101ls. Izprotiet \u0161o nosac\u012bjumu strukt\u016bru un izmanto\u0161anu, lai izteiktu hipot\u0113tiskas situ\u0101cijas un to iesp\u0113jamos izn\u0101kumus.<\/p>\n\n\n\n<h3 class=\"wp-block-heading\" id=\"h-11-sentences\">11. Teikumi<\/h3>\n\n\n\n<p>Visbeidzot, praktiz\u0113jiet da\u017e\u0101du veidu islandie\u0161u teikumu konstru\u0113\u0161anu, piem\u0113ram, deklarat\u012bvu, aizdom\u012bgu, imperat\u012bvu un izsauco\u0161u. Tas pal\u012bdz\u0113s jums izveidot sp\u0113c\u012bgu pamatu islandie\u0161u sintaks\u0113 un visp\u0101r\u0113j\u0101 valodas prasm\u0113.<\/p>\n<\/div><\/div>\n\r\n<section class=\"learnNavigationSection\">\r\n            \r\n        <a href=\"https:\/\/talkpal.ai\/lv\/apgustiet-islandiesu-valodu\/\">\r\n            <div class=\"learnNavigationWrapper\">\r\n                <div class=\"learnNavigationContent\">\r\n                    <img decoding=\"async\" src=\"https:\/\/talkpal.ai\/wp-content\/uploads\/2024\/08\/Icelandic.jpg\" alt=\"Iceland Flag\">\r\n                    <div>\r\n                        <h4>Par islandie\u0161u valodas apguvi<\/h4>\r\n                        <p>Uzziniet visu par islandie\u0161u gramatiku.<\/p>\r\n                    <\/div>\r\n                <\/div>\r\n            <\/div>\r\n        <\/a>\r\n\r\n        \r\n        <a href=\"https:\/\/talkpal.ai\/lv\/islandiesu-gramatika\/\">\r\n            <div class=\"learnNavigationWrapper\">\r\n                <div class=\"learnNavigationContent\">\r\n                    <img decoding=\"async\" src=\"https:\/\/talkpal.ai\/wp-content\/uploads\/2024\/08\/Icelandic.jpg\" alt=\"Iceland Flag\">\r\n                    <div>\r\n                        <h4>Islandie\u0161u valodas gramatikas nodarb\u012bbas<\/h4>\r\n                        <p>Praktiz\u0113jiet islandie\u0161u gramatiku.<\/p>\r\n                    <\/div>\r\n                <\/div>\r\n            <\/div>\r\n        <\/a>\r\n\r\n        \r\n        <a href=\"https:\/\/talkpal.ai\/vocabulary_language\/icelandic\/\">\r\n            <div class=\"learnNavigationWrapper\">\r\n                <div class=\"learnNavigationContent\">\r\n                    <img decoding=\"async\" src=\"https:\/\/talkpal.ai\/wp-content\/uploads\/2024\/08\/Icelandic.jpg\" alt=\"Iceland Flag\">\r\n                    <div>\r\n                        <h4>Islandie\u0161u valodas v\u0101rdn\u012bca<\/h4>\r\n                        <p>Papla\u0161iniet savu islandie\u0161u valodas v\u0101rdu kr\u0101jumu.<\/p>\r\n                    <\/div>\r\n                <\/div>\r\n            <\/div>\r\n        <\/a>\r\n\r\n            <\/section>","protected":false},"excerpt":{"rendered":"<p>Islandes gramatikas t\u0113mas Islandie\u0161u, zieme\u013c\u0123erm\u0101\u0146u valoda, kur\u0101 run\u0101 vair\u0101k nek\u0101 300 000 cilv\u0113ku, ir islandie\u0161u ofici\u0101l\u0101 valoda. Islandie\u0161u valodai, kas paz\u012bstama ar sare\u017e\u0123\u012bto gramatiku un bag\u0101t\u012bgo v\u0101rdu kr\u0101jumu, ir unik\u0101ls \u0161arms, kas piesaista valodu apguv\u0113jus no visas pasaules. Ar sakn\u0113m sennorv\u0113\u0123u valod\u0101 islandie\u0161u valod\u0101 ir sp\u0113c\u012bga liter\u0101r\u0101 trad\u012bcija, kas aizs\u0101k\u0101s vikingu laikmet\u0101. \u0160aj\u0101 rakst\u0101 m\u0113s [&hellip;]<\/p>\n","protected":false},"author":6,"featured_media":113524,"parent":0,"menu_order":0,"comment_status":"closed","ping_status":"closed","template":"LearningContentPage.php","meta":{"_acf_changed":false,"footnotes":""},"class_list":["post-161656","page","type-page","status-publish","has-post-thumbnail","hentry"],"acf":[],"yoast_head":"<!-- This site is optimized with the Yoast SEO Premium plugin v27.2 (Yoast SEO v27.2) - https:\/\/yoast.com\/product\/yoast-seo-premium-wordpress\/ -->\n<title>Islandie\u0161u gramatikas vingrin\u0101jumi - Talkpal<\/title>\n<meta name=\"description\" content=\"Viegli praktiz\u0113jiet islandie\u0161u valodas gramatiku - nostipriniet savas prasmes, izmantojot vingrin\u0101jumus, interakt\u012bvu praksi un t\u016bl\u012bt\u0113ju atgriezenisko saiti ar Talkpal AI.\" \/>\n<meta name=\"robots\" content=\"index, follow, max-snippet:-1, max-image-preview:large, max-video-preview:-1\" \/>\n<link rel=\"canonical\" href=\"https:\/\/talkpal.ai\/lv\/islandiesu-gramatikas-vingrinajumi\/\" \/>\n<meta property=\"og:locale\" content=\"lv_LV\" \/>\n<meta property=\"og:type\" content=\"article\" \/>\n<meta property=\"og:title\" content=\"Islandie\u0161u gramatikas vingrin\u0101jumi\" \/>\n<meta property=\"og:description\" content=\"Islandes gramatikas t\u0113mas Islandie\u0161u, zieme\u013c\u0123erm\u0101\u0146u valoda, kur\u0101 run\u0101 vair\u0101k nek\u0101 300 000 cilv\u0113ku, ir islandie\u0161u ofici\u0101l\u0101 valoda. Islandie\u0161u valodai, kas\" \/>\n<meta property=\"og:url\" content=\"https:\/\/talkpal.ai\/lv\/islandiesu-gramatikas-vingrinajumi\/\" \/>\n<meta property=\"og:site_name\" content=\"Talkpal\" \/>\n<meta property=\"article:publisher\" content=\"https:\/\/www.facebook.com\/profile.php?id=100090733639311\" \/>\n<meta property=\"article:modified_time\" content=\"2025-12-17T16:09:22+00:00\" \/>\n<meta property=\"og:image\" content=\"https:\/\/talkpal.ai\/wp-content\/uploads\/2023\/05\/iceland.png\" \/>\n\t<meta property=\"og:image:width\" content=\"512\" \/>\n\t<meta property=\"og:image:height\" content=\"512\" \/>\n\t<meta property=\"og:image:type\" content=\"image\/png\" \/>\n<meta name=\"twitter:card\" content=\"summary_large_image\" \/>\n<meta name=\"twitter:site\" content=\"@talkpalai\" \/>\n<meta name=\"twitter:label1\" content=\"Est. reading time\" \/>\n\t<meta name=\"twitter:data1\" content=\"3 minutes\" \/>\n<script type=\"application\/ld+json\" class=\"yoast-schema-graph\">{\"@context\":\"https:\/\/schema.org\",\"@graph\":[{\"@type\":\"WebPage\",\"@id\":\"https:\/\/talkpal.ai\/lv\/islandiesu-gramatikas-vingrinajumi\/\",\"url\":\"https:\/\/talkpal.ai\/lv\/islandiesu-gramatikas-vingrinajumi\/\",\"name\":\"Islandie\u0161u gramatikas vingrin\u0101jumi - Talkpal\",\"isPartOf\":{\"@id\":\"https:\/\/talkpal.ai\/lv\/#website\"},\"primaryImageOfPage\":{\"@id\":\"https:\/\/talkpal.ai\/lv\/islandiesu-gramatikas-vingrinajumi\/#primaryimage\"},\"image\":{\"@id\":\"https:\/\/talkpal.ai\/lv\/islandiesu-gramatikas-vingrinajumi\/#primaryimage\"},\"thumbnailUrl\":\"https:\/\/talkpal.ai\/wp-content\/uploads\/2023\/05\/iceland.png\",\"datePublished\":\"2023-06-21T14:50:44+00:00\",\"dateModified\":\"2025-12-17T16:09:22+00:00\",\"description\":\"Viegli praktiz\u0113jiet islandie\u0161u valodas gramatiku - nostipriniet savas prasmes, izmantojot vingrin\u0101jumus, interakt\u012bvu praksi un t\u016bl\u012bt\u0113ju atgriezenisko saiti ar Talkpal AI.\",\"breadcrumb\":{\"@id\":\"https:\/\/talkpal.ai\/lv\/islandiesu-gramatikas-vingrinajumi\/#breadcrumb\"},\"inLanguage\":\"lv-LV\",\"potentialAction\":[{\"@type\":\"ReadAction\",\"target\":[\"https:\/\/talkpal.ai\/lv\/islandiesu-gramatikas-vingrinajumi\/\"]}]},{\"@type\":\"ImageObject\",\"inLanguage\":\"lv-LV\",\"@id\":\"https:\/\/talkpal.ai\/lv\/islandiesu-gramatikas-vingrinajumi\/#primaryimage\",\"url\":\"https:\/\/talkpal.ai\/wp-content\/uploads\/2023\/05\/iceland.png\",\"contentUrl\":\"https:\/\/talkpal.ai\/wp-content\/uploads\/2023\/05\/iceland.png\",\"width\":512,\"height\":512},{\"@type\":\"BreadcrumbList\",\"@id\":\"https:\/\/talkpal.ai\/lv\/islandiesu-gramatikas-vingrinajumi\/#breadcrumb\",\"itemListElement\":[{\"@type\":\"ListItem\",\"position\":1,\"name\":\"Homepage\",\"item\":\"https:\/\/talkpal.ai\/lv\/\"},{\"@type\":\"ListItem\",\"position\":2,\"name\":\"Islandie\u0161u gramatikas vingrin\u0101jumi\"}]},{\"@type\":\"WebSite\",\"@id\":\"https:\/\/talkpal.ai\/lv\/#website\",\"url\":\"https:\/\/talkpal.ai\/lv\/\",\"name\":\"Talkpal\",\"description\":\"AI Language Learning\",\"publisher\":{\"@id\":\"https:\/\/talkpal.ai\/lv\/#organization\"},\"alternateName\":\"Talkpal AI\",\"potentialAction\":[{\"@type\":\"SearchAction\",\"target\":{\"@type\":\"EntryPoint\",\"urlTemplate\":\"https:\/\/talkpal.ai\/lv\/?s={search_term_string}\"},\"query-input\":{\"@type\":\"PropertyValueSpecification\",\"valueRequired\":true,\"valueName\":\"search_term_string\"}}],\"inLanguage\":\"lv-LV\"},{\"@type\":\"Organization\",\"@id\":\"https:\/\/talkpal.ai\/lv\/#organization\",\"name\":\"Talkpal, Inc.\",\"alternateName\":\"Talkpal AI\",\"url\":\"https:\/\/talkpal.ai\/lv\/\",\"logo\":{\"@type\":\"ImageObject\",\"inLanguage\":\"lv-LV\",\"@id\":\"https:\/\/talkpal.ai\/lv\/#\/schema\/logo\/image\/\",\"url\":\"https:\/\/talkpal.ai\/wp-content\/uploads\/2024\/03\/Talkpal-Logo-Icon.png\",\"contentUrl\":\"https:\/\/talkpal.ai\/wp-content\/uploads\/2024\/03\/Talkpal-Logo-Icon.png\",\"width\":2880,\"height\":2880,\"caption\":\"Talkpal, Inc.\"},\"image\":{\"@id\":\"https:\/\/talkpal.ai\/lv\/#\/schema\/logo\/image\/\"},\"sameAs\":[\"https:\/\/www.facebook.com\/profile.php?id=100090733639311\",\"https:\/\/x.com\/talkpalai\",\"https:\/\/www.linkedin.com\/company\/talkpal\/\",\"https:\/\/www.youtube.com\/@TalkPal\/\",\"https:\/\/www.tiktok.com\/@talkpal\",\"https:\/\/www.instagram.com\/talkpal_ai\/\",\"https:\/\/www.crunchbase.com\/organization\/talkpal-9cde\",\"https:\/\/www.g2.com\/products\/talkpal-for-business\/\",\"https:\/\/www.trustpilot.com\/review\/talkpal.ai\",\"https:\/\/www.capterra.com\/p\/10006800\/TalkPal\/\"],\"description\":\"Talkpal is a language learning web and mobile education app, powered by the latest AI technologies, that provides engaging experiences to its customers in many different languages to help them improve their language skills. Users can chat about unlimited amount of topics with the app and use other modes to practice their language learning.\",\"email\":\"support@talkpal.ai\",\"legalName\":\"Talkpal, Inc.\",\"foundingDate\":\"2023-04-03\",\"duns\":\"118989042\",\"numberOfEmployees\":{\"@type\":\"QuantitativeValue\",\"minValue\":\"11\",\"maxValue\":\"50\"},\"publishingPrinciples\":\"https:\/\/talkpal.ai\/publishing-principles\/\",\"actionableFeedbackPolicy\":\"https:\/\/talkpal.ai\/actionable-feedback-policy\/\",\"correctionsPolicy\":\"https:\/\/talkpal.ai\/corrections-policy\/\",\"ethicsPolicy\":\"https:\/\/talkpal.ai\/ethics-policy\/\",\"diversityPolicy\":\"https:\/\/talkpal.ai\/diversity-policy\/\",\"diversityStaffingReport\":\"https:\/\/talkpal.ai\/diversity-policy\/\"}]}<\/script>\n<!-- \/ Yoast SEO Premium plugin. -->","yoast_head_json":{"title":"Islandie\u0161u gramatikas vingrin\u0101jumi - Talkpal","description":"Viegli praktiz\u0113jiet islandie\u0161u valodas gramatiku - nostipriniet savas prasmes, izmantojot vingrin\u0101jumus, interakt\u012bvu praksi un t\u016bl\u012bt\u0113ju atgriezenisko saiti ar Talkpal AI.","robots":{"index":"index","follow":"follow","max-snippet":"max-snippet:-1","max-image-preview":"max-image-preview:large","max-video-preview":"max-video-preview:-1"},"canonical":"https:\/\/talkpal.ai\/lv\/islandiesu-gramatikas-vingrinajumi\/","og_locale":"lv_LV","og_type":"article","og_title":"Islandie\u0161u gramatikas vingrin\u0101jumi","og_description":"Islandes gramatikas t\u0113mas Islandie\u0161u, zieme\u013c\u0123erm\u0101\u0146u valoda, kur\u0101 run\u0101 vair\u0101k nek\u0101 300 000 cilv\u0113ku, ir islandie\u0161u ofici\u0101l\u0101 valoda. Islandie\u0161u valodai, kas","og_url":"https:\/\/talkpal.ai\/lv\/islandiesu-gramatikas-vingrinajumi\/","og_site_name":"Talkpal","article_publisher":"https:\/\/www.facebook.com\/profile.php?id=100090733639311","article_modified_time":"2025-12-17T16:09:22+00:00","og_image":[{"width":512,"height":512,"url":"https:\/\/talkpal.ai\/wp-content\/uploads\/2023\/05\/iceland.png","type":"image\/png"}],"twitter_card":"summary_large_image","twitter_site":"@talkpalai","twitter_misc":{"Est. reading time":"3 minutes"},"schema":{"@context":"https:\/\/schema.org","@graph":[{"@type":"WebPage","@id":"https:\/\/talkpal.ai\/lv\/islandiesu-gramatikas-vingrinajumi\/","url":"https:\/\/talkpal.ai\/lv\/islandiesu-gramatikas-vingrinajumi\/","name":"Islandie\u0161u gramatikas vingrin\u0101jumi - Talkpal","isPartOf":{"@id":"https:\/\/talkpal.ai\/lv\/#website"},"primaryImageOfPage":{"@id":"https:\/\/talkpal.ai\/lv\/islandiesu-gramatikas-vingrinajumi\/#primaryimage"},"image":{"@id":"https:\/\/talkpal.ai\/lv\/islandiesu-gramatikas-vingrinajumi\/#primaryimage"},"thumbnailUrl":"https:\/\/talkpal.ai\/wp-content\/uploads\/2023\/05\/iceland.png","datePublished":"2023-06-21T14:50:44+00:00","dateModified":"2025-12-17T16:09:22+00:00","description":"Viegli praktiz\u0113jiet islandie\u0161u valodas gramatiku - nostipriniet savas prasmes, izmantojot vingrin\u0101jumus, interakt\u012bvu praksi un t\u016bl\u012bt\u0113ju atgriezenisko saiti ar Talkpal AI.","breadcrumb":{"@id":"https:\/\/talkpal.ai\/lv\/islandiesu-gramatikas-vingrinajumi\/#breadcrumb"},"inLanguage":"lv-LV","potentialAction":[{"@type":"ReadAction","target":["https:\/\/talkpal.ai\/lv\/islandiesu-gramatikas-vingrinajumi\/"]}]},{"@type":"ImageObject","inLanguage":"lv-LV","@id":"https:\/\/talkpal.ai\/lv\/islandiesu-gramatikas-vingrinajumi\/#primaryimage","url":"https:\/\/talkpal.ai\/wp-content\/uploads\/2023\/05\/iceland.png","contentUrl":"https:\/\/talkpal.ai\/wp-content\/uploads\/2023\/05\/iceland.png","width":512,"height":512},{"@type":"BreadcrumbList","@id":"https:\/\/talkpal.ai\/lv\/islandiesu-gramatikas-vingrinajumi\/#breadcrumb","itemListElement":[{"@type":"ListItem","position":1,"name":"Homepage","item":"https:\/\/talkpal.ai\/lv\/"},{"@type":"ListItem","position":2,"name":"Islandie\u0161u gramatikas vingrin\u0101jumi"}]},{"@type":"WebSite","@id":"https:\/\/talkpal.ai\/lv\/#website","url":"https:\/\/talkpal.ai\/lv\/","name":"Talkpal","description":"AI Language Learning","publisher":{"@id":"https:\/\/talkpal.ai\/lv\/#organization"},"alternateName":"Talkpal AI","potentialAction":[{"@type":"SearchAction","target":{"@type":"EntryPoint","urlTemplate":"https:\/\/talkpal.ai\/lv\/?s={search_term_string}"},"query-input":{"@type":"PropertyValueSpecification","valueRequired":true,"valueName":"search_term_string"}}],"inLanguage":"lv-LV"},{"@type":"Organization","@id":"https:\/\/talkpal.ai\/lv\/#organization","name":"Talkpal, Inc.","alternateName":"Talkpal AI","url":"https:\/\/talkpal.ai\/lv\/","logo":{"@type":"ImageObject","inLanguage":"lv-LV","@id":"https:\/\/talkpal.ai\/lv\/#\/schema\/logo\/image\/","url":"https:\/\/talkpal.ai\/wp-content\/uploads\/2024\/03\/Talkpal-Logo-Icon.png","contentUrl":"https:\/\/talkpal.ai\/wp-content\/uploads\/2024\/03\/Talkpal-Logo-Icon.png","width":2880,"height":2880,"caption":"Talkpal, Inc."},"image":{"@id":"https:\/\/talkpal.ai\/lv\/#\/schema\/logo\/image\/"},"sameAs":["https:\/\/www.facebook.com\/profile.php?id=100090733639311","https:\/\/x.com\/talkpalai","https:\/\/www.linkedin.com\/company\/talkpal\/","https:\/\/www.youtube.com\/@TalkPal\/","https:\/\/www.tiktok.com\/@talkpal","https:\/\/www.instagram.com\/talkpal_ai\/","https:\/\/www.crunchbase.com\/organization\/talkpal-9cde","https:\/\/www.g2.com\/products\/talkpal-for-business\/","https:\/\/www.trustpilot.com\/review\/talkpal.ai","https:\/\/www.capterra.com\/p\/10006800\/TalkPal\/"],"description":"Talkpal is a language learning web and mobile education app, powered by the latest AI technologies, that provides engaging experiences to its customers in many different languages to help them improve their language skills. Users can chat about unlimited amount of topics with the app and use other modes to practice their language learning.","email":"support@talkpal.ai","legalName":"Talkpal, Inc.","foundingDate":"2023-04-03","duns":"118989042","numberOfEmployees":{"@type":"QuantitativeValue","minValue":"11","maxValue":"50"},"publishingPrinciples":"https:\/\/talkpal.ai\/publishing-principles\/","actionableFeedbackPolicy":"https:\/\/talkpal.ai\/actionable-feedback-policy\/","correctionsPolicy":"https:\/\/talkpal.ai\/corrections-policy\/","ethicsPolicy":"https:\/\/talkpal.ai\/ethics-policy\/","diversityPolicy":"https:\/\/talkpal.ai\/diversity-policy\/","diversityStaffingReport":"https:\/\/talkpal.ai\/diversity-policy\/"}]}},"_links":{"self":[{"href":"https:\/\/talkpal.ai\/lv\/wp-json\/wp\/v2\/pages\/161656","targetHints":{"allow":["GET"]}}],"collection":[{"href":"https:\/\/talkpal.ai\/lv\/wp-json\/wp\/v2\/pages"}],"about":[{"href":"https:\/\/talkpal.ai\/lv\/wp-json\/wp\/v2\/types\/page"}],"author":[{"embeddable":true,"href":"https:\/\/talkpal.ai\/lv\/wp-json\/wp\/v2\/users\/6"}],"replies":[{"embeddable":true,"href":"https:\/\/talkpal.ai\/lv\/wp-json\/wp\/v2\/comments?post=161656"}],"version-history":[{"count":0,"href":"https:\/\/talkpal.ai\/lv\/wp-json\/wp\/v2\/pages\/161656\/revisions"}],"wp:featuredmedia":[{"embeddable":true,"href":"https:\/\/talkpal.ai\/lv\/wp-json\/wp\/v2\/media\/113524"}],"wp:attachment":[{"href":"https:\/\/talkpal.ai\/lv\/wp-json\/wp\/v2\/media?parent=161656"}],"curies":[{"name":"wp","href":"https:\/\/api.w.org\/{rel}","templated":true}]}}