{"id":161354,"date":"2023-06-22T07:25:42","date_gmt":"2023-06-22T07:25:42","guid":{"rendered":"http:\/\/talkpal.ai\/indoneziesu-gramatikas-vingrinajumi\/"},"modified":"2025-12-17T15:12:35","modified_gmt":"2025-12-17T15:12:35","slug":"indoneziesu-gramatikas-vingrinajumi","status":"publish","type":"page","link":"https:\/\/talkpal.ai\/lv\/indoneziesu-gramatikas-vingrinajumi\/","title":{"rendered":"Indon\u0113zie\u0161u gramatikas vingrin\u0101jumi"},"content":{"rendered":"\r\n\r\n\r\n<section class=\"languageChallengeSection\">\r\n    <div class=\"languageInfoWrapper\">\r\n        \r\n        <h1>Indon\u0113zie\u0161u gramatikas vingrin\u0101jumi<\/h1>\r\n        <p>Vai v\u0113laties uzlabot savu p\u0101rliec\u012bbu par <a href=\"https:\/\/talkpal.ai\/learn-indonesian\/\">indon\u0113zie\u0161u<\/a> valodu? Gramatikas vingrin\u0101jumi ir lielisks veids, k\u0101 apg\u016bt teikuma strukt\u016bru, darb\u012bbas v\u0101rdu formas un galvenos veidus, kas pal\u012bdz\u0113s jums dabisk\u0101k sazin\u0101ties. S\u0101ciet praktiz\u0113t indon\u0113zie\u0161u <a href=\"https:\/\/talkpal.ai\/what-language-is-spoken-on-the-international-space-station\/\">valodas<\/a> gramatiku jau \u0161odien un v\u0113rojiet, k\u0101 ar katru sesiju pieaug j\u016bsu prasmes un izpratne!<\/p>\r\n\r\n                            <a class=\"getStartedHidden\" href=\"https:\/\/app.talkpal.ai\/lv\/signup?lng=\">S\u0101c<\/a>\r\n        \r\n    <\/div>\r\n\r\n    <figure>\r\n    <img decoding=\"async\" width=\"768\" height=\"768\" src=\"https:\/\/talkpal.ai\/wp-content\/uploads\/2023\/06\/indonesia-768x768.png\" class=\"languageImage no-lazy\" alt=\"Language learning for personal achievement\" fetchpriority=\"high\" sizes=\"(max-width: 768px) 150px, 768px\" srcset=\"https:\/\/talkpal.ai\/wp-content\/uploads\/2023\/06\/indonesia-768x768.png 768w, https:\/\/talkpal.ai\/wp-content\/uploads\/2023\/06\/indonesia-300x300.png 300w\" \/>\r\n    \r\n\r\n    <\/figure>\r\n\r\n            <a class=\"getStartedVisible\" href=\"https:\/\/app.talkpal.ai\/lv\/signup?lng=\">S\u0101c<\/a>\r\n    \r\n<\/section>\r\n\r\n\r\n<!-- <section class=\"grammarSection\">\r\n    <div class=\"grammarLinks\">\r\n            <\/div>\r\n<\/section> -->\r\n\r\n\r\n\r\n\r\n<section class=\"promotionalBanner\">\r\n    <p class=\"promotionalText\">Visefekt\u012bv\u0101kais veids, k\u0101 apg\u016bt valodu<\/p>\r\n    <a class=\"promotionalLink\" href=\"https:\/\/app.talkpal.ai\/lv\/signup?lng=\">Izm\u0113\u0123iniet Talkpal bez maksas<\/a>\r\n<\/section>\n<div class=\"wp-block-group pageContainerStyle\"><div class=\"wp-block-group__inner-container is-layout-constrained wp-block-group-is-layout-constrained\">\n<h2 class=\"wp-block-heading\" id=\"h-indonesian-grammar-topics\">Indon\u0113zie\u0161u gramatikas t\u0113mas<\/h2>\n\n\n\n<p>Indon\u0113zie\u0161u jeb <a href=\"https:\/\/talkpal.ai\/id\/belajar-bahasa-indonesia\/\">Bahasa Indonesia<\/a> ir Indon\u0113zijas ofici\u0101l\u0101 valoda un kalpo k\u0101 vienojo\u0161a valoda valst\u012b ar vair\u0101k nek\u0101 700 run\u0101taj\u0101m valod\u0101m. K\u0101 standartiz\u0113ts <a href=\"https:\/\/talkpal.ai\/learn-malay\/\">malajie\u0161u<\/a> valodas re\u0123istrs t\u0101 ir austron\u0113zie\u0161u valoda ar viegli apg\u016bstamu gramatikas sist\u0113mu. M\u0101coties indon\u0113zie\u0161u valodu, ir svar\u012bgi izprast t\u0101s gramatikas noteikumus un strukt\u016bru, lai efekt\u012bvi sazin\u0101tos. \u0160aj\u0101 rokasgr\u0101mat\u0101 m\u0113s piev\u0113rs\u012bsimies da\u017e\u0101du indon\u0113zie\u0161u gramatikas t\u0113mu, piem\u0113ram, laiku, darb\u012bbas v\u0101rdu, lietv\u0101rdu, rakstu, vietniekv\u0101rdu, \u012bpa\u0161\u012bbas v\u0101rdu, adverbu, nosac\u012bjumu, priev\u0101rdu un teikumu strukt\u016bras, apguves sec\u012bbai.<\/p>\n\n\n\n<h3 class=\"wp-block-heading\" id=\"h-1-nouns\">1. Lietv\u0101rdi<\/h3>\n\n\n\n<p>S\u0101ciet ar indon\u0113zie\u0161u lietv\u0101rdu apguvi, jo tie ir vienk\u0101r\u0161\u0101kie valodas pamatelementi. Indon\u0113zie\u0161u lietv\u0101rdi nav dzimtes vai daudzskaitl\u012b, padarot tos viegli saprotamus. Iepaz\u012bstieties ar parastajiem lietv\u0101rdiem un to lietojumu kontekst\u0101.<\/p>\n\n\n\n<h3 class=\"wp-block-heading\" id=\"h-2-pronouns-determiners\">2. Vietniekv\u0101rdi\/noteic\u0113ji<\/h3>\n\n\n\n<p>P\u0113c lietv\u0101rdu izpratnes apg\u016bstiet vietniekv\u0101rdus un noteic\u0113jus. Indon\u0113zie\u0161u valod\u0101 ir da\u017e\u0101di personv\u0101rdi un pieder\u012bbas noteic\u0113ji, kas atbilst <a href=\"https:\/\/talkpal.ai\/learn-english-with-ai\/\">ang\u013cu<\/a> valodas ekvivalentiem. Praktiz\u0113jiet to izmanto\u0161anu da\u017e\u0101dos kontekstos, lai izveidotu savu pamatu teikuma konstrukcij\u0101.<\/p>\n\n\n\n<h3 class=\"wp-block-heading\" id=\"h-3-adjectives\">3. \u012apa\u0161\u012bbas v\u0101rdi<\/h3>\n\n\n\n<p>\u012apa\u0161\u012bbas v\u0101rdi ir b\u016btiski, lai aprakst\u012btu un at\u0161\u0137irtu lietv\u0101rdus indon\u0113zie\u0161u valod\u0101. Uzziniet, k\u0101 lietot \u012bpa\u0161\u012bbas v\u0101rdus vienk\u0101r\u0161os teikumos un saprast to izvietojumu attiec\u012bb\u0101 pret lietv\u0101rdiem.<\/p>\n\n\n\n<h3 class=\"wp-block-heading\" id=\"h-4-verbs\">4. Darb\u012bbas v\u0101rdi<\/h3>\n\n\n\n<p>Indon\u0113zie\u0161u darb\u012bbas v\u0101rdi nav konjug\u0113ti, padarot tos sal\u012bdzino\u0161i viegl\u0101k apg\u016bstamus sal\u012bdzin\u0101jum\u0101 ar cit\u0101m valod\u0101m. Izp\u0113t\u012bt darb\u012bbas v\u0101rdu pamatformas un to lietojumu teikumos.<\/p>\n\n\n\n<h3 class=\"wp-block-heading\" id=\"h-5-tenses\">5. Sasprindzin\u0101jums<\/h3>\n\n\n\n<p>Indon\u0113zie\u0161u valodai nav tie\u0161a ekvivalenta ang\u013cu valodai. T\u0101 viet\u0101 laiks tiek izteikts, izmantojot kontekstu vai konkr\u0113tus v\u0101rdus. Uzziniet, k\u0101 nodot pag\u0101tnes, tagadnes un n\u0101kotnes notikumus indon\u0113zie\u0161u valod\u0101, izmantojot da\u017e\u0101dus adverbus un fr\u0101zes.<\/p>\n\n\n\n<h3 class=\"wp-block-heading\" id=\"h-6-tense-comparison-progressive-perfect-progressive\">6. Saspringts sal\u012bdzin\u0101jums, progres\u012bvs, ide\u0101ls progres\u012bvs<\/h3>\n\n\n\n<p>T\u0101 k\u0101 indon\u0113zie\u0161u valodai nav saspringtas sist\u0113mas, ir \u013coti svar\u012bgi izprast saspringta sal\u012bdzin\u0101juma, progres\u012bva un perfekta progres\u012bva j\u0113dzienu. Uzziniet, k\u0101 izteikt \u0161os aspektus, izmantojot da\u017e\u0101dus v\u0101rdus un fr\u0101zes.<\/p>\n\n\n\n<h3 class=\"wp-block-heading\" id=\"h-7-adverbs\">7. Adverbi<\/h3>\n\n\n\n<p>Iek\u013caujiet adverbus sav\u0101 indon\u0113zie\u0161u v\u0101rdn\u012bc\u0101, lai teikumiem pievienotu s\u012bk\u0101ku inform\u0101ciju un dzi\u013cumu. Uzziniet noteikumus, kas regul\u0113 adverbu izvietojumu un lieto\u0161anu.<\/p>\n\n\n\n<h3 class=\"wp-block-heading\" id=\"h-8-prepositions\">8. Priev\u0101rdi<\/h3>\n\n\n\n<p>Priev\u0101rdi tiek izmantoti, lai nor\u0101d\u012btu attiec\u012bbas starp v\u0101rdiem teikum\u0101. Uzziniet izplat\u012bt\u0101kos indon\u0113zie\u0161u priev\u0101rdus un to lietojumu da\u017e\u0101dos kontekstos.<\/p>\n\n\n\n<h3 class=\"wp-block-heading\" id=\"h-9-conditionals\">9. Nosac\u012bjumi<\/h3>\n\n\n\n<p>Izp\u0113tiet nosac\u012btus teikumus indon\u0113zie\u0161u valod\u0101, kas izsaka hipot\u0113tiskas situ\u0101cijas un to sekas. Uzziniet, k\u0101 veidot un lietot &#8220;ja&#8221; klauzulas un citas nosac\u012bjuma strukt\u016bras.<\/p>\n\n\n\n<h3 class=\"wp-block-heading\" id=\"h-10-sentences\">10. Teikumi<\/h3>\n\n\n\n<p>Visbeidzot, praktiz\u0113jiet teikumu veido\u0161anu, izmantojot gramatikas likumus un iepriek\u0161 apskat\u012bt\u0101s t\u0113mas. Iepaz\u012bstieties ar da\u017e\u0101da veida indon\u0113zie\u0161u teikumiem, piem\u0113ram, deklarat\u012bvu, aizdom\u012bgu, oblig\u0101tu un izsaucamu, lai uzlabotu savas visp\u0101r\u0113j\u0101s komunik\u0101cijas prasmes valod\u0101.<\/p>\n<\/div><\/div>\n\r\n<section class=\"learnNavigationSection\">\r\n            \r\n        <a href=\"https:\/\/talkpal.ai\/lv\/uzziniet-indoneziesu-valodu\/\">\r\n            <div class=\"learnNavigationWrapper\">\r\n                <div class=\"learnNavigationContent\">\r\n                    <img decoding=\"async\" src=\"https:\/\/talkpal.ai\/wp-content\/uploads\/2024\/08\/Indonesian.jpg\" alt=\"Indonesian Flag\">\r\n                    <div>\r\n                        <h4>Par indon\u0113zie\u0161u valodas apguvi<\/h4>\r\n                        <p>Uzziniet visu par indon\u0113zie\u0161u gramatiku.<\/p>\r\n                    <\/div>\r\n                <\/div>\r\n            <\/div>\r\n        <\/a>\r\n\r\n        \r\n        <a href=\"https:\/\/talkpal.ai\/lv\/indoneziesu-gramatika\/\">\r\n            <div class=\"learnNavigationWrapper\">\r\n                <div class=\"learnNavigationContent\">\r\n                    <img decoding=\"async\" src=\"https:\/\/talkpal.ai\/wp-content\/uploads\/2024\/08\/Indonesian.jpg\" alt=\"Indonesian Flag\">\r\n                    <div>\r\n                        <h4>Indon\u0113zie\u0161u valodas gramatikas nodarb\u012bbas<\/h4>\r\n                        <p>Praktiz\u0113jiet indon\u0113zie\u0161u gramatiku.<\/p>\r\n                    <\/div>\r\n                <\/div>\r\n            <\/div>\r\n        <\/a>\r\n\r\n        \r\n        <a href=\"https:\/\/talkpal.ai\/vocabulary_language\/indonesian\/\">\r\n            <div class=\"learnNavigationWrapper\">\r\n                <div class=\"learnNavigationContent\">\r\n                    <img decoding=\"async\" src=\"https:\/\/talkpal.ai\/wp-content\/uploads\/2024\/08\/Indonesian.jpg\" alt=\"Indonesian Flag\">\r\n                    <div>\r\n                        <h4>Indon\u0113zie\u0161u valodas v\u0101rdn\u012bca<\/h4>\r\n                        <p>Papla\u0161iniet savu indon\u0113zie\u0161u valodas v\u0101rdu kr\u0101jumu.<\/p>\r\n                    <\/div>\r\n                <\/div>\r\n            <\/div>\r\n        <\/a>\r\n\r\n            <\/section>","protected":false},"excerpt":{"rendered":"<p>Indon\u0113zie\u0161u gramatikas t\u0113mas Indon\u0113zie\u0161u jeb Bahasa Indonesia ir Indon\u0113zijas ofici\u0101l\u0101 valoda un kalpo k\u0101 vienojo\u0161a valoda valst\u012b ar vair\u0101k nek\u0101 700 run\u0101taj\u0101m valod\u0101m. K\u0101 standartiz\u0113ts malajie\u0161u valodas re\u0123istrs t\u0101 ir austron\u0113zie\u0161u valoda ar viegli apg\u016bstamu gramatikas sist\u0113mu. M\u0101coties indon\u0113zie\u0161u valodu, ir svar\u012bgi izprast t\u0101s gramatikas noteikumus un strukt\u016bru, lai efekt\u012bvi sazin\u0101tos. \u0160aj\u0101 rokasgr\u0101mat\u0101 m\u0113s piev\u0113rs\u012bsimies [&hellip;]<\/p>\n","protected":false},"author":6,"featured_media":114022,"parent":0,"menu_order":0,"comment_status":"closed","ping_status":"closed","template":"LearningContentPage.php","meta":{"_acf_changed":false,"footnotes":""},"class_list":["post-161354","page","type-page","status-publish","has-post-thumbnail","hentry"],"acf":[],"yoast_head":"<!-- This site is optimized with the Yoast SEO Premium plugin v27.2 (Yoast SEO v27.2) - https:\/\/yoast.com\/product\/yoast-seo-premium-wordpress\/ -->\n<title>Indon\u0113zie\u0161u gramatikas vingrin\u0101jumi - Talkpal<\/title>\n<meta name=\"description\" content=\"Uzlabojiet savu indon\u0113zie\u0161u valodas gramatiku - praktiz\u0113jieties ar vienk\u0101r\u0161iem vingrin\u0101jumiem, interakt\u012bviem piem\u0113riem un skaidru atgriezenisko saiti, izmantojot Talkpal AI.\" \/>\n<meta name=\"robots\" content=\"index, follow, max-snippet:-1, max-image-preview:large, max-video-preview:-1\" \/>\n<link rel=\"canonical\" href=\"https:\/\/talkpal.ai\/lv\/indoneziesu-gramatikas-vingrinajumi\/\" \/>\n<meta property=\"og:locale\" content=\"lv_LV\" \/>\n<meta property=\"og:type\" content=\"article\" \/>\n<meta property=\"og:title\" content=\"Indon\u0113zie\u0161u gramatikas vingrin\u0101jumi\" \/>\n<meta property=\"og:description\" content=\"Indon\u0113zie\u0161u gramatikas t\u0113mas Indon\u0113zie\u0161u jeb Bahasa Indonesia ir Indon\u0113zijas ofici\u0101l\u0101 valoda un kalpo k\u0101 vienojo\u0161a valoda valst\u012b ar vair\u0101k nek\u0101 700\" \/>\n<meta property=\"og:url\" content=\"https:\/\/talkpal.ai\/lv\/indoneziesu-gramatikas-vingrinajumi\/\" \/>\n<meta property=\"og:site_name\" content=\"Talkpal\" \/>\n<meta property=\"article:publisher\" content=\"https:\/\/www.facebook.com\/profile.php?id=100090733639311\" \/>\n<meta property=\"article:modified_time\" content=\"2025-12-17T15:12:35+00:00\" \/>\n<meta property=\"og:image\" content=\"https:\/\/talkpal.ai\/wp-content\/uploads\/2023\/05\/indonesia.png\" \/>\n\t<meta property=\"og:image:width\" content=\"512\" \/>\n\t<meta property=\"og:image:height\" content=\"512\" \/>\n\t<meta property=\"og:image:type\" content=\"image\/png\" \/>\n<meta name=\"twitter:card\" content=\"summary_large_image\" \/>\n<meta name=\"twitter:site\" content=\"@talkpalai\" \/>\n<meta name=\"twitter:label1\" content=\"Est. reading time\" \/>\n\t<meta name=\"twitter:data1\" content=\"3 minutes\" \/>\n<script type=\"application\/ld+json\" class=\"yoast-schema-graph\">{\"@context\":\"https:\/\/schema.org\",\"@graph\":[{\"@type\":\"WebPage\",\"@id\":\"https:\/\/talkpal.ai\/lv\/indoneziesu-gramatikas-vingrinajumi\/\",\"url\":\"https:\/\/talkpal.ai\/lv\/indoneziesu-gramatikas-vingrinajumi\/\",\"name\":\"Indon\u0113zie\u0161u gramatikas vingrin\u0101jumi - Talkpal\",\"isPartOf\":{\"@id\":\"https:\/\/talkpal.ai\/lv\/#website\"},\"primaryImageOfPage\":{\"@id\":\"https:\/\/talkpal.ai\/lv\/indoneziesu-gramatikas-vingrinajumi\/#primaryimage\"},\"image\":{\"@id\":\"https:\/\/talkpal.ai\/lv\/indoneziesu-gramatikas-vingrinajumi\/#primaryimage\"},\"thumbnailUrl\":\"https:\/\/talkpal.ai\/wp-content\/uploads\/2023\/05\/indonesia.png\",\"datePublished\":\"2023-06-22T07:25:42+00:00\",\"dateModified\":\"2025-12-17T15:12:35+00:00\",\"description\":\"Uzlabojiet savu indon\u0113zie\u0161u valodas gramatiku - praktiz\u0113jieties ar vienk\u0101r\u0161iem vingrin\u0101jumiem, interakt\u012bviem piem\u0113riem un skaidru atgriezenisko saiti, izmantojot Talkpal AI.\",\"breadcrumb\":{\"@id\":\"https:\/\/talkpal.ai\/lv\/indoneziesu-gramatikas-vingrinajumi\/#breadcrumb\"},\"inLanguage\":\"lv-LV\",\"potentialAction\":[{\"@type\":\"ReadAction\",\"target\":[\"https:\/\/talkpal.ai\/lv\/indoneziesu-gramatikas-vingrinajumi\/\"]}]},{\"@type\":\"ImageObject\",\"inLanguage\":\"lv-LV\",\"@id\":\"https:\/\/talkpal.ai\/lv\/indoneziesu-gramatikas-vingrinajumi\/#primaryimage\",\"url\":\"https:\/\/talkpal.ai\/wp-content\/uploads\/2023\/05\/indonesia.png\",\"contentUrl\":\"https:\/\/talkpal.ai\/wp-content\/uploads\/2023\/05\/indonesia.png\",\"width\":512,\"height\":512},{\"@type\":\"BreadcrumbList\",\"@id\":\"https:\/\/talkpal.ai\/lv\/indoneziesu-gramatikas-vingrinajumi\/#breadcrumb\",\"itemListElement\":[{\"@type\":\"ListItem\",\"position\":1,\"name\":\"Homepage\",\"item\":\"https:\/\/talkpal.ai\/lv\/\"},{\"@type\":\"ListItem\",\"position\":2,\"name\":\"Indon\u0113zie\u0161u gramatikas vingrin\u0101jumi\"}]},{\"@type\":\"WebSite\",\"@id\":\"https:\/\/talkpal.ai\/lv\/#website\",\"url\":\"https:\/\/talkpal.ai\/lv\/\",\"name\":\"Talkpal\",\"description\":\"AI Language Learning\",\"publisher\":{\"@id\":\"https:\/\/talkpal.ai\/lv\/#organization\"},\"alternateName\":\"Talkpal AI\",\"potentialAction\":[{\"@type\":\"SearchAction\",\"target\":{\"@type\":\"EntryPoint\",\"urlTemplate\":\"https:\/\/talkpal.ai\/lv\/?s={search_term_string}\"},\"query-input\":{\"@type\":\"PropertyValueSpecification\",\"valueRequired\":true,\"valueName\":\"search_term_string\"}}],\"inLanguage\":\"lv-LV\"},{\"@type\":\"Organization\",\"@id\":\"https:\/\/talkpal.ai\/lv\/#organization\",\"name\":\"Talkpal, Inc.\",\"alternateName\":\"Talkpal AI\",\"url\":\"https:\/\/talkpal.ai\/lv\/\",\"logo\":{\"@type\":\"ImageObject\",\"inLanguage\":\"lv-LV\",\"@id\":\"https:\/\/talkpal.ai\/lv\/#\/schema\/logo\/image\/\",\"url\":\"https:\/\/talkpal.ai\/wp-content\/uploads\/2024\/03\/Talkpal-Logo-Icon.png\",\"contentUrl\":\"https:\/\/talkpal.ai\/wp-content\/uploads\/2024\/03\/Talkpal-Logo-Icon.png\",\"width\":2880,\"height\":2880,\"caption\":\"Talkpal, Inc.\"},\"image\":{\"@id\":\"https:\/\/talkpal.ai\/lv\/#\/schema\/logo\/image\/\"},\"sameAs\":[\"https:\/\/www.facebook.com\/profile.php?id=100090733639311\",\"https:\/\/x.com\/talkpalai\",\"https:\/\/www.linkedin.com\/company\/talkpal\/\",\"https:\/\/www.youtube.com\/@TalkPal\/\",\"https:\/\/www.tiktok.com\/@talkpal\",\"https:\/\/www.instagram.com\/talkpal_ai\/\",\"https:\/\/www.crunchbase.com\/organization\/talkpal-9cde\",\"https:\/\/www.g2.com\/products\/talkpal-for-business\/\",\"https:\/\/www.trustpilot.com\/review\/talkpal.ai\",\"https:\/\/www.capterra.com\/p\/10006800\/TalkPal\/\"],\"description\":\"Talkpal is a language learning web and mobile education app, powered by the latest AI technologies, that provides engaging experiences to its customers in many different languages to help them improve their language skills. Users can chat about unlimited amount of topics with the app and use other modes to practice their language learning.\",\"email\":\"support@talkpal.ai\",\"legalName\":\"Talkpal, Inc.\",\"foundingDate\":\"2023-04-03\",\"duns\":\"118989042\",\"numberOfEmployees\":{\"@type\":\"QuantitativeValue\",\"minValue\":\"11\",\"maxValue\":\"50\"},\"publishingPrinciples\":\"https:\/\/talkpal.ai\/publishing-principles\/\",\"actionableFeedbackPolicy\":\"https:\/\/talkpal.ai\/actionable-feedback-policy\/\",\"correctionsPolicy\":\"https:\/\/talkpal.ai\/corrections-policy\/\",\"ethicsPolicy\":\"https:\/\/talkpal.ai\/ethics-policy\/\",\"diversityPolicy\":\"https:\/\/talkpal.ai\/diversity-policy\/\",\"diversityStaffingReport\":\"https:\/\/talkpal.ai\/diversity-policy\/\"}]}<\/script>\n<!-- \/ Yoast SEO Premium plugin. -->","yoast_head_json":{"title":"Indon\u0113zie\u0161u gramatikas vingrin\u0101jumi - Talkpal","description":"Uzlabojiet savu indon\u0113zie\u0161u valodas gramatiku - praktiz\u0113jieties ar vienk\u0101r\u0161iem vingrin\u0101jumiem, interakt\u012bviem piem\u0113riem un skaidru atgriezenisko saiti, izmantojot Talkpal AI.","robots":{"index":"index","follow":"follow","max-snippet":"max-snippet:-1","max-image-preview":"max-image-preview:large","max-video-preview":"max-video-preview:-1"},"canonical":"https:\/\/talkpal.ai\/lv\/indoneziesu-gramatikas-vingrinajumi\/","og_locale":"lv_LV","og_type":"article","og_title":"Indon\u0113zie\u0161u gramatikas vingrin\u0101jumi","og_description":"Indon\u0113zie\u0161u gramatikas t\u0113mas Indon\u0113zie\u0161u jeb Bahasa Indonesia ir Indon\u0113zijas ofici\u0101l\u0101 valoda un kalpo k\u0101 vienojo\u0161a valoda valst\u012b ar vair\u0101k nek\u0101 700","og_url":"https:\/\/talkpal.ai\/lv\/indoneziesu-gramatikas-vingrinajumi\/","og_site_name":"Talkpal","article_publisher":"https:\/\/www.facebook.com\/profile.php?id=100090733639311","article_modified_time":"2025-12-17T15:12:35+00:00","og_image":[{"width":512,"height":512,"url":"https:\/\/talkpal.ai\/wp-content\/uploads\/2023\/05\/indonesia.png","type":"image\/png"}],"twitter_card":"summary_large_image","twitter_site":"@talkpalai","twitter_misc":{"Est. reading time":"3 minutes"},"schema":{"@context":"https:\/\/schema.org","@graph":[{"@type":"WebPage","@id":"https:\/\/talkpal.ai\/lv\/indoneziesu-gramatikas-vingrinajumi\/","url":"https:\/\/talkpal.ai\/lv\/indoneziesu-gramatikas-vingrinajumi\/","name":"Indon\u0113zie\u0161u gramatikas vingrin\u0101jumi - Talkpal","isPartOf":{"@id":"https:\/\/talkpal.ai\/lv\/#website"},"primaryImageOfPage":{"@id":"https:\/\/talkpal.ai\/lv\/indoneziesu-gramatikas-vingrinajumi\/#primaryimage"},"image":{"@id":"https:\/\/talkpal.ai\/lv\/indoneziesu-gramatikas-vingrinajumi\/#primaryimage"},"thumbnailUrl":"https:\/\/talkpal.ai\/wp-content\/uploads\/2023\/05\/indonesia.png","datePublished":"2023-06-22T07:25:42+00:00","dateModified":"2025-12-17T15:12:35+00:00","description":"Uzlabojiet savu indon\u0113zie\u0161u valodas gramatiku - praktiz\u0113jieties ar vienk\u0101r\u0161iem vingrin\u0101jumiem, interakt\u012bviem piem\u0113riem un skaidru atgriezenisko saiti, izmantojot Talkpal AI.","breadcrumb":{"@id":"https:\/\/talkpal.ai\/lv\/indoneziesu-gramatikas-vingrinajumi\/#breadcrumb"},"inLanguage":"lv-LV","potentialAction":[{"@type":"ReadAction","target":["https:\/\/talkpal.ai\/lv\/indoneziesu-gramatikas-vingrinajumi\/"]}]},{"@type":"ImageObject","inLanguage":"lv-LV","@id":"https:\/\/talkpal.ai\/lv\/indoneziesu-gramatikas-vingrinajumi\/#primaryimage","url":"https:\/\/talkpal.ai\/wp-content\/uploads\/2023\/05\/indonesia.png","contentUrl":"https:\/\/talkpal.ai\/wp-content\/uploads\/2023\/05\/indonesia.png","width":512,"height":512},{"@type":"BreadcrumbList","@id":"https:\/\/talkpal.ai\/lv\/indoneziesu-gramatikas-vingrinajumi\/#breadcrumb","itemListElement":[{"@type":"ListItem","position":1,"name":"Homepage","item":"https:\/\/talkpal.ai\/lv\/"},{"@type":"ListItem","position":2,"name":"Indon\u0113zie\u0161u gramatikas vingrin\u0101jumi"}]},{"@type":"WebSite","@id":"https:\/\/talkpal.ai\/lv\/#website","url":"https:\/\/talkpal.ai\/lv\/","name":"Talkpal","description":"AI Language Learning","publisher":{"@id":"https:\/\/talkpal.ai\/lv\/#organization"},"alternateName":"Talkpal AI","potentialAction":[{"@type":"SearchAction","target":{"@type":"EntryPoint","urlTemplate":"https:\/\/talkpal.ai\/lv\/?s={search_term_string}"},"query-input":{"@type":"PropertyValueSpecification","valueRequired":true,"valueName":"search_term_string"}}],"inLanguage":"lv-LV"},{"@type":"Organization","@id":"https:\/\/talkpal.ai\/lv\/#organization","name":"Talkpal, Inc.","alternateName":"Talkpal AI","url":"https:\/\/talkpal.ai\/lv\/","logo":{"@type":"ImageObject","inLanguage":"lv-LV","@id":"https:\/\/talkpal.ai\/lv\/#\/schema\/logo\/image\/","url":"https:\/\/talkpal.ai\/wp-content\/uploads\/2024\/03\/Talkpal-Logo-Icon.png","contentUrl":"https:\/\/talkpal.ai\/wp-content\/uploads\/2024\/03\/Talkpal-Logo-Icon.png","width":2880,"height":2880,"caption":"Talkpal, Inc."},"image":{"@id":"https:\/\/talkpal.ai\/lv\/#\/schema\/logo\/image\/"},"sameAs":["https:\/\/www.facebook.com\/profile.php?id=100090733639311","https:\/\/x.com\/talkpalai","https:\/\/www.linkedin.com\/company\/talkpal\/","https:\/\/www.youtube.com\/@TalkPal\/","https:\/\/www.tiktok.com\/@talkpal","https:\/\/www.instagram.com\/talkpal_ai\/","https:\/\/www.crunchbase.com\/organization\/talkpal-9cde","https:\/\/www.g2.com\/products\/talkpal-for-business\/","https:\/\/www.trustpilot.com\/review\/talkpal.ai","https:\/\/www.capterra.com\/p\/10006800\/TalkPal\/"],"description":"Talkpal is a language learning web and mobile education app, powered by the latest AI technologies, that provides engaging experiences to its customers in many different languages to help them improve their language skills. Users can chat about unlimited amount of topics with the app and use other modes to practice their language learning.","email":"support@talkpal.ai","legalName":"Talkpal, Inc.","foundingDate":"2023-04-03","duns":"118989042","numberOfEmployees":{"@type":"QuantitativeValue","minValue":"11","maxValue":"50"},"publishingPrinciples":"https:\/\/talkpal.ai\/publishing-principles\/","actionableFeedbackPolicy":"https:\/\/talkpal.ai\/actionable-feedback-policy\/","correctionsPolicy":"https:\/\/talkpal.ai\/corrections-policy\/","ethicsPolicy":"https:\/\/talkpal.ai\/ethics-policy\/","diversityPolicy":"https:\/\/talkpal.ai\/diversity-policy\/","diversityStaffingReport":"https:\/\/talkpal.ai\/diversity-policy\/"}]}},"_links":{"self":[{"href":"https:\/\/talkpal.ai\/lv\/wp-json\/wp\/v2\/pages\/161354","targetHints":{"allow":["GET"]}}],"collection":[{"href":"https:\/\/talkpal.ai\/lv\/wp-json\/wp\/v2\/pages"}],"about":[{"href":"https:\/\/talkpal.ai\/lv\/wp-json\/wp\/v2\/types\/page"}],"author":[{"embeddable":true,"href":"https:\/\/talkpal.ai\/lv\/wp-json\/wp\/v2\/users\/6"}],"replies":[{"embeddable":true,"href":"https:\/\/talkpal.ai\/lv\/wp-json\/wp\/v2\/comments?post=161354"}],"version-history":[{"count":0,"href":"https:\/\/talkpal.ai\/lv\/wp-json\/wp\/v2\/pages\/161354\/revisions"}],"wp:featuredmedia":[{"embeddable":true,"href":"https:\/\/talkpal.ai\/lv\/wp-json\/wp\/v2\/media\/114022"}],"wp:attachment":[{"href":"https:\/\/talkpal.ai\/lv\/wp-json\/wp\/v2\/media?parent=161354"}],"curies":[{"name":"wp","href":"https:\/\/api.w.org\/{rel}","templated":true}]}}