{"id":161098,"date":"2023-06-22T07:53:19","date_gmt":"2023-06-22T07:53:19","guid":{"rendered":"http:\/\/talkpal.ai\/kannada-gramatikas-vingrinajumi\/"},"modified":"2025-12-17T15:10:27","modified_gmt":"2025-12-17T15:10:27","slug":"kannada-gramatikas-vingrinajumi","status":"publish","type":"page","link":"https:\/\/talkpal.ai\/lv\/kannada-gramatikas-vingrinajumi\/","title":{"rendered":"Kannada gramatikas vingrin\u0101jumi"},"content":{"rendered":"\r\n\r\n\r\n<section class=\"languageChallengeSection\">\r\n    <div class=\"languageInfoWrapper\">\r\n        \r\n        <h1>Kannada gramatikas vingrin\u0101jumi<\/h1>\r\n        <p>V\u0113laties uzlabot savas kann\u0101das <a href=\"https:\/\/talkpal.ai\/what-language-is-spoken-on-the-international-space-station\/\">valodas<\/a> prasmes? Gramatikas vingrin\u0101jumu praktiz\u0113\u0161ana ir lielisks veids, k\u0101 apg\u016bt teikuma strukt\u016bru, darb\u012bbas v\u0101rdu formas un kann\u0101du valodas unik\u0101l\u0101s iez\u012bmes. S\u0101ciet str\u0101d\u0101t ar <a href=\"https:\/\/talkpal.ai\/learn-kannada\/\">Kannada<\/a> gramatiku \u0161odien un redz\u0113siet, k\u0101 ar katru jaunu vingrin\u0101jumu pieaug j\u016bsu p\u0101rliec\u012bba un pl\u016bdums!<\/p>\r\n\r\n                            <a class=\"getStartedHidden\" href=\"https:\/\/app.talkpal.ai\/lv\/signup?lng=\">S\u0101c<\/a>\r\n        \r\n    <\/div>\r\n\r\n    <figure>\r\n    <img decoding=\"async\" width=\"768\" height=\"768\" src=\"https:\/\/talkpal.ai\/wp-content\/uploads\/2023\/06\/Kannada-768x768.png\" class=\"languageImage no-lazy\" alt=\"Language learning for increased mental flexibility\" fetchpriority=\"high\" sizes=\"(max-width: 768px) 150px, 768px\" srcset=\"https:\/\/talkpal.ai\/wp-content\/uploads\/2023\/06\/Kannada-768x768.png 768w, https:\/\/talkpal.ai\/wp-content\/uploads\/2023\/06\/Kannada-300x300.png 300w\" \/>\r\n    \r\n\r\n    <\/figure>\r\n\r\n            <a class=\"getStartedVisible\" href=\"https:\/\/app.talkpal.ai\/lv\/signup?lng=\">S\u0101c<\/a>\r\n    \r\n<\/section>\r\n\r\n\r\n<!-- <section class=\"grammarSection\">\r\n    <div class=\"grammarLinks\">\r\n            <\/div>\r\n<\/section> -->\r\n\r\n\r\n\r\n\r\n<section class=\"promotionalBanner\">\r\n    <p class=\"promotionalText\">Visefekt\u012bv\u0101kais veids, k\u0101 apg\u016bt valodu<\/p>\r\n    <a class=\"promotionalLink\" href=\"https:\/\/app.talkpal.ai\/lv\/signup?lng=\">Izm\u0113\u0123iniet Talkpal bez maksas<\/a>\r\n<\/section>\n<div class=\"wp-block-group pageContainerStyle\"><div class=\"wp-block-group__inner-container is-layout-constrained wp-block-group-is-layout-constrained\">\n<h2 class=\"wp-block-heading\" id=\"h-kannada-grammar-topics\">Kannada gramatikas t\u0113mas<\/h2>\n\n\n\n<p>Kannada ir dravidie\u0161u valoda, kur\u0101 Indijas Karnatakas \u0161tat\u0101 p\u0101rsvar\u0101 run\u0101 aptuveni 44 miljoni cilv\u0113ku. T\u0101 ir viena no 22 Indijas valod\u0101m un Karnatakas \u0161tata ofici\u0101l\u0101 valoda. Kannadas apguve ir ne tikai b\u016btiska, lai izprastu Karnatakas bag\u0101to kult\u016bru un v\u0113sturi, bet ar\u012b pal\u012bdz efekt\u012bvi sazin\u0101ties ar viet\u0113jiem iedz\u012bvot\u0101jiem. \u0160\u012b raksta m\u0113r\u0137is ir nodro\u0161in\u0101t struktur\u0113tu pieeju da\u017e\u0101du Kannada gramatikas t\u0113mu apguvei, kas pal\u012bdz\u0113s jums izveidot sp\u0113c\u012bgu pamatu valod\u0101.<\/p>\n\n\n\n<h3 class=\"wp-block-heading\" id=\"h-1-nouns\">1. Lietv\u0101rdi<\/h3>\n\n\n\n<p>K\u0101 jebkuras valodas pamatelementi, lietv\u0101rdi kannad\u0101 ir b\u016btiski, lai vispirms m\u0101c\u012btos. Kannadu lietv\u0101rdiem ir da\u017e\u0101das formas, pamatojoties uz dzimumu, skaitu un gad\u012bjumu, kas ietekm\u0113 lietv\u0101rda formu. S\u0101ciet ar lietv\u0101rdu formu pamatj\u0113dzienu izpratni un to lietojumu valod\u0101.<\/p>\n\n\n\n<h3 class=\"wp-block-heading\" id=\"h-2-pronouns-determiners\">2. Vietniekv\u0101rdi\/noteic\u0113ji<\/h3>\n\n\n\n<p>Vietniekv\u0101rdi ir v\u0101rdi, kas aizst\u0101j lietv\u0101rdus teikumos, bet noteic\u0113ji modific\u0113 lietv\u0101rdus. Uzziniet par da\u017e\u0101diem vietniekv\u0101rdu un noteic\u0113ju veidiem Kannad\u0101, to lietojumu un to, k\u0101 tie main\u0101s atkar\u012bb\u0101 no dzimuma, skaita un gad\u012bjuma.<\/p>\n\n\n\n<h3 class=\"wp-block-heading\" id=\"h-3-articles\">3. Raksti<\/h3>\n\n\n\n<p>Kannada valod\u0101 nav t\u0101du lietv\u0101rdu k\u0101 <a href=\"https:\/\/talkpal.ai\/learn-english-with-ai\/\">ang\u013cu<\/a> valod\u0101, ta\u010du taj\u0101 ir l\u012bdz\u012bgi v\u0101rdi, kas pal\u012bdz preciz\u0113t lietv\u0101rda noteikt\u012bbu. Iepaz\u012bstieties ar \u0161iem v\u0101rdiem un to lietojumu Kannad\u0101.<\/p>\n\n\n\n<h3 class=\"wp-block-heading\" id=\"h-4-adjectives\">4. \u012apa\u0161\u012bbas v\u0101rdi<\/h3>\n\n\n\n<p>\u012apa\u0161\u012bbas v\u0101rdi apraksta lietv\u0101rdus un sniedz vair\u0101k inform\u0101cijas par tiem. Uzziniet, k\u0101 veidot un lietot \u012bpa\u0161\u012bbas v\u0101rdus kannad\u0101, k\u0101 ar\u012b to l\u012bguma noteikumus ar lietv\u0101rdiem.<\/p>\n\n\n\n<h3 class=\"wp-block-heading\" id=\"h-5-verbs\">5. Darb\u012bbas v\u0101rdi<\/h3>\n\n\n\n<p>Darb\u012bbas v\u0101rdi ir darb\u012bbas v\u0101rdi, kas nor\u0101da, ko subjekts dara. Uzziniet par da\u017e\u0101diem darb\u012bbas v\u0101rdu veidiem Kannad\u0101, to form\u0101m un konjug\u0101cijas noteikumiem, pamatojoties uz sasprindzin\u0101jumu, aspektu un noska\u0146ojumu.<\/p>\n\n\n\n<h3 class=\"wp-block-heading\" id=\"h-6-tenses\">6. Sasprindzin\u0101jums<\/h3>\n\n\n\n<p>Sasprindzin\u0101jums Kannad\u0101 pal\u012bdz izteikties, kad notika darb\u012bba. Iepaz\u012bstieties ar trim galvenajiem laikiem &#8211; pag\u0101tni, tagadni un n\u0101kotni &#8211; un to da\u017e\u0101daj\u0101m form\u0101m.<\/p>\n\n\n\n<h3 class=\"wp-block-heading\" id=\"h-7-tense-comparison\">7. Saspringts sal\u012bdzin\u0101jums<\/h3>\n\n\n\n<p>Saprast, k\u0101 sal\u012bdzin\u0101t darb\u012bbas da\u017e\u0101dos laikos Kannad\u0101. Tas pal\u012bdz\u0113s jums veidot sare\u017e\u0123\u012bt\u0101kus teikumus un prec\u012bz\u0101k izteikt savas domas.<\/p>\n\n\n\n<h3 class=\"wp-block-heading\" id=\"h-8-progressive-and-perfect-progressive\">8. Progres\u012bvs un ide\u0101ls progres\u012bvs<\/h3>\n\n\n\n<p>\u0160ie Kannada darb\u012bbas v\u0101rdu aspekti nor\u0101da uz notieko\u0161\u0101m darb\u012bb\u0101m vai darb\u012bb\u0101m, kas notika, bet tagad ir pabeigtas. Uzziniet, k\u0101 veidot un izmantot progres\u012bvus un perfektus progres\u012bvus darb\u012bbas v\u0101rdus kannad\u0101.<\/p>\n\n\n\n<h3 class=\"wp-block-heading\" id=\"h-9-adverbs\">9. Adverbi<\/h3>\n\n\n\n<p>Adverbi sniedz papildu inform\u0101ciju par darb\u012bbas v\u0101rdiem, \u012bpa\u0161\u012bbas v\u0101rdiem vai citiem adverbiem. Uzziniet da\u017e\u0101dus adverbu veidus Kannad\u0101 un to izvietojumu teikumos.<\/p>\n\n\n\n<h3 class=\"wp-block-heading\" id=\"h-10-conditionals\">10. Nosac\u012bjumi<\/h3>\n\n\n\n<p>Nosac\u012bjumi ir teikumi, kas izsaka st\u0101vokli un t\u0101 iesp\u0113jamo rezult\u0101tu. Uzziniet, k\u0101 veidot un lietot nosac\u012btus teikumus kannad\u0101, izmantojot atbilsto\u0161as darb\u012bbas v\u0101rdu formas un savienojumus.<\/p>\n\n\n\n<h3 class=\"wp-block-heading\" id=\"h-11-prepositions\">11. Priev\u0101rdi<\/h3>\n\n\n\n<p>Priev\u0101rdi ir v\u0101rdi, kas par\u0101da attiec\u012bbas starp lietv\u0101rdiem vai vietniekv\u0101rdiem un citiem v\u0101rdiem teikum\u0101. Uzziniet izplat\u012bt\u0101kos Kannada priev\u0101rdus un to lietojumu.<\/p>\n\n\n\n<h3 class=\"wp-block-heading\" id=\"h-12-sentences\">12. Teikumi<\/h3>\n\n\n\n<p>Visbeidzot, praktiz\u0113jieties apvienot visas apg\u016bt\u0101s gramatikas t\u0113mas, lai veidotu pabeigtus teikumus kann\u0101du valod\u0101. Tas pal\u012bdz\u0113s jums uzlabot visp\u0101r\u0113j\u0101s valodas prasmes un komunik\u0101cijas prasmes.<\/p>\n<\/div><\/div>\n\r\n<section class=\"learnNavigationSection\">\r\n            \r\n        <a href=\"https:\/\/talkpal.ai\/lv\/uzziniet-kannadu\/\">\r\n            <div class=\"learnNavigationWrapper\">\r\n                <div class=\"learnNavigationContent\">\r\n                    <img decoding=\"async\" src=\"https:\/\/talkpal.ai\/wp-content\/uploads\/2024\/08\/Kannada.jpg\" alt=\"Indian Simplified Flag\">\r\n                    <div>\r\n                        <h4>Par Kannada m\u0101c\u012b\u0161anos<\/h4>\r\n                        <p>Uzziniet visu par Kannada gramatiku.<\/p>\r\n                    <\/div>\r\n                <\/div>\r\n            <\/div>\r\n        <\/a>\r\n\r\n        \r\n        <a href=\"https:\/\/talkpal.ai\/lv\/kannada-gramatika\/\">\r\n            <div class=\"learnNavigationWrapper\">\r\n                <div class=\"learnNavigationContent\">\r\n                    <img decoding=\"async\" src=\"https:\/\/talkpal.ai\/wp-content\/uploads\/2024\/08\/Kannada.jpg\" alt=\"Indian Simplified Flag\">\r\n                    <div>\r\n                        <h4>Kannada gramatikas nodarb\u012bbas<\/h4>\r\n                        <p>Praktiz\u0113jiet Kannada gramatiku.<\/p>\r\n                    <\/div>\r\n                <\/div>\r\n            <\/div>\r\n        <\/a>\r\n\r\n        \r\n        <a href=\"https:\/\/talkpal.ai\/vocabulary_language\/kannada\/\">\r\n            <div class=\"learnNavigationWrapper\">\r\n                <div class=\"learnNavigationContent\">\r\n                    <img decoding=\"async\" src=\"https:\/\/talkpal.ai\/wp-content\/uploads\/2024\/08\/Kannada.jpg\" alt=\"Indian Simplified Flag\">\r\n                    <div>\r\n                        <h4>Kannada v\u0101rdn\u012bca<\/h4>\r\n                        <p>Papla\u0161iniet savu kan\u0101die\u0161u valodas v\u0101rdu kr\u0101jumu.<\/p>\r\n                    <\/div>\r\n                <\/div>\r\n            <\/div>\r\n        <\/a>\r\n\r\n            <\/section>","protected":false},"excerpt":{"rendered":"<p>Kannada gramatikas t\u0113mas Kannada ir dravidie\u0161u valoda, kur\u0101 Indijas Karnatakas \u0161tat\u0101 p\u0101rsvar\u0101 run\u0101 aptuveni 44 miljoni cilv\u0113ku. T\u0101 ir viena no 22 Indijas valod\u0101m un Karnatakas \u0161tata ofici\u0101l\u0101 valoda. Kannadas apguve ir ne tikai b\u016btiska, lai izprastu Karnatakas bag\u0101to kult\u016bru un v\u0113sturi, bet ar\u012b pal\u012bdz efekt\u012bvi sazin\u0101ties ar viet\u0113jiem iedz\u012bvot\u0101jiem. \u0160\u012b raksta m\u0113r\u0137is ir nodro\u0161in\u0101t [&hellip;]<\/p>\n","protected":false},"author":6,"featured_media":113646,"parent":0,"menu_order":0,"comment_status":"closed","ping_status":"closed","template":"LearningContentPage.php","meta":{"_acf_changed":false,"footnotes":""},"class_list":["post-161098","page","type-page","status-publish","has-post-thumbnail","hentry"],"acf":[],"yoast_head":"<!-- This site is optimized with the Yoast SEO Premium plugin v27.2 (Yoast SEO v27.2) - https:\/\/yoast.com\/product\/yoast-seo-premium-wordpress\/ -->\n<title>Kannada gramatikas vingrin\u0101jumi - Talkpal<\/title>\n<meta name=\"description\" content=\"Nostipriniet savu Kannada valodas gramatiku - iesaistieties interakt\u012bvos vingrin\u0101jumos, apg\u016bstiet teikumu rakstus un uzlabojiet teikumu pl\u016bdumu ar Talkpalm\u0101ksl\u012bg\u0101 intelekta skolot\u0101ju.\" \/>\n<meta name=\"robots\" content=\"index, follow, max-snippet:-1, max-image-preview:large, max-video-preview:-1\" \/>\n<link rel=\"canonical\" href=\"https:\/\/talkpal.ai\/lv\/kannada-gramatikas-vingrinajumi\/\" \/>\n<meta property=\"og:locale\" content=\"lv_LV\" \/>\n<meta property=\"og:type\" content=\"article\" \/>\n<meta property=\"og:title\" content=\"Kannada gramatikas vingrin\u0101jumi\" \/>\n<meta property=\"og:description\" content=\"Kannada gramatikas t\u0113mas Kannada ir dravidie\u0161u valoda, kur\u0101 Indijas Karnatakas \u0161tat\u0101 p\u0101rsvar\u0101 run\u0101 aptuveni 44 miljoni cilv\u0113ku. T\u0101 ir viena no 22 Indijas\" \/>\n<meta property=\"og:url\" content=\"https:\/\/talkpal.ai\/lv\/kannada-gramatikas-vingrinajumi\/\" \/>\n<meta property=\"og:site_name\" content=\"Talkpal\" \/>\n<meta property=\"article:publisher\" content=\"https:\/\/www.facebook.com\/profile.php?id=100090733639311\" \/>\n<meta property=\"article:modified_time\" content=\"2025-12-17T15:10:27+00:00\" \/>\n<meta property=\"og:image\" content=\"https:\/\/talkpal.ai\/wp-content\/uploads\/2023\/05\/Kannada-india.png\" \/>\n\t<meta property=\"og:image:width\" content=\"512\" \/>\n\t<meta property=\"og:image:height\" content=\"512\" \/>\n\t<meta property=\"og:image:type\" content=\"image\/png\" \/>\n<meta name=\"twitter:card\" content=\"summary_large_image\" \/>\n<meta name=\"twitter:site\" content=\"@talkpalai\" \/>\n<meta name=\"twitter:label1\" content=\"Est. reading time\" \/>\n\t<meta name=\"twitter:data1\" content=\"3 minutes\" \/>\n<script type=\"application\/ld+json\" class=\"yoast-schema-graph\">{\"@context\":\"https:\/\/schema.org\",\"@graph\":[{\"@type\":\"WebPage\",\"@id\":\"https:\/\/talkpal.ai\/lv\/kannada-gramatikas-vingrinajumi\/\",\"url\":\"https:\/\/talkpal.ai\/lv\/kannada-gramatikas-vingrinajumi\/\",\"name\":\"Kannada gramatikas vingrin\u0101jumi - Talkpal\",\"isPartOf\":{\"@id\":\"https:\/\/talkpal.ai\/lv\/#website\"},\"primaryImageOfPage\":{\"@id\":\"https:\/\/talkpal.ai\/lv\/kannada-gramatikas-vingrinajumi\/#primaryimage\"},\"image\":{\"@id\":\"https:\/\/talkpal.ai\/lv\/kannada-gramatikas-vingrinajumi\/#primaryimage\"},\"thumbnailUrl\":\"https:\/\/talkpal.ai\/wp-content\/uploads\/2023\/05\/Kannada-india.png\",\"datePublished\":\"2023-06-22T07:53:19+00:00\",\"dateModified\":\"2025-12-17T15:10:27+00:00\",\"description\":\"Nostipriniet savu Kannada valodas gramatiku - iesaistieties interakt\u012bvos vingrin\u0101jumos, apg\u016bstiet teikumu rakstus un uzlabojiet teikumu pl\u016bdumu ar Talkpalm\u0101ksl\u012bg\u0101 intelekta skolot\u0101ju.\",\"breadcrumb\":{\"@id\":\"https:\/\/talkpal.ai\/lv\/kannada-gramatikas-vingrinajumi\/#breadcrumb\"},\"inLanguage\":\"lv-LV\",\"potentialAction\":[{\"@type\":\"ReadAction\",\"target\":[\"https:\/\/talkpal.ai\/lv\/kannada-gramatikas-vingrinajumi\/\"]}]},{\"@type\":\"ImageObject\",\"inLanguage\":\"lv-LV\",\"@id\":\"https:\/\/talkpal.ai\/lv\/kannada-gramatikas-vingrinajumi\/#primaryimage\",\"url\":\"https:\/\/talkpal.ai\/wp-content\/uploads\/2023\/05\/Kannada-india.png\",\"contentUrl\":\"https:\/\/talkpal.ai\/wp-content\/uploads\/2023\/05\/Kannada-india.png\",\"width\":512,\"height\":512},{\"@type\":\"BreadcrumbList\",\"@id\":\"https:\/\/talkpal.ai\/lv\/kannada-gramatikas-vingrinajumi\/#breadcrumb\",\"itemListElement\":[{\"@type\":\"ListItem\",\"position\":1,\"name\":\"Homepage\",\"item\":\"https:\/\/talkpal.ai\/lv\/\"},{\"@type\":\"ListItem\",\"position\":2,\"name\":\"Kannada gramatikas vingrin\u0101jumi\"}]},{\"@type\":\"WebSite\",\"@id\":\"https:\/\/talkpal.ai\/lv\/#website\",\"url\":\"https:\/\/talkpal.ai\/lv\/\",\"name\":\"Talkpal\",\"description\":\"AI Language Learning\",\"publisher\":{\"@id\":\"https:\/\/talkpal.ai\/lv\/#organization\"},\"alternateName\":\"Talkpal AI\",\"potentialAction\":[{\"@type\":\"SearchAction\",\"target\":{\"@type\":\"EntryPoint\",\"urlTemplate\":\"https:\/\/talkpal.ai\/lv\/?s={search_term_string}\"},\"query-input\":{\"@type\":\"PropertyValueSpecification\",\"valueRequired\":true,\"valueName\":\"search_term_string\"}}],\"inLanguage\":\"lv-LV\"},{\"@type\":\"Organization\",\"@id\":\"https:\/\/talkpal.ai\/lv\/#organization\",\"name\":\"Talkpal, Inc.\",\"alternateName\":\"Talkpal AI\",\"url\":\"https:\/\/talkpal.ai\/lv\/\",\"logo\":{\"@type\":\"ImageObject\",\"inLanguage\":\"lv-LV\",\"@id\":\"https:\/\/talkpal.ai\/lv\/#\/schema\/logo\/image\/\",\"url\":\"https:\/\/talkpal.ai\/wp-content\/uploads\/2024\/03\/Talkpal-Logo-Icon.png\",\"contentUrl\":\"https:\/\/talkpal.ai\/wp-content\/uploads\/2024\/03\/Talkpal-Logo-Icon.png\",\"width\":2880,\"height\":2880,\"caption\":\"Talkpal, Inc.\"},\"image\":{\"@id\":\"https:\/\/talkpal.ai\/lv\/#\/schema\/logo\/image\/\"},\"sameAs\":[\"https:\/\/www.facebook.com\/profile.php?id=100090733639311\",\"https:\/\/x.com\/talkpalai\",\"https:\/\/www.linkedin.com\/company\/talkpal\/\",\"https:\/\/www.youtube.com\/@TalkPal\/\",\"https:\/\/www.tiktok.com\/@talkpal\",\"https:\/\/www.instagram.com\/talkpal_ai\/\",\"https:\/\/www.crunchbase.com\/organization\/talkpal-9cde\",\"https:\/\/www.g2.com\/products\/talkpal-for-business\/\",\"https:\/\/www.trustpilot.com\/review\/talkpal.ai\",\"https:\/\/www.capterra.com\/p\/10006800\/TalkPal\/\"],\"description\":\"Talkpal is a language learning web and mobile education app, powered by the latest AI technologies, that provides engaging experiences to its customers in many different languages to help them improve their language skills. Users can chat about unlimited amount of topics with the app and use other modes to practice their language learning.\",\"email\":\"support@talkpal.ai\",\"legalName\":\"Talkpal, Inc.\",\"foundingDate\":\"2023-04-03\",\"duns\":\"118989042\",\"numberOfEmployees\":{\"@type\":\"QuantitativeValue\",\"minValue\":\"11\",\"maxValue\":\"50\"},\"publishingPrinciples\":\"https:\/\/talkpal.ai\/publishing-principles\/\",\"actionableFeedbackPolicy\":\"https:\/\/talkpal.ai\/actionable-feedback-policy\/\",\"correctionsPolicy\":\"https:\/\/talkpal.ai\/corrections-policy\/\",\"ethicsPolicy\":\"https:\/\/talkpal.ai\/ethics-policy\/\",\"diversityPolicy\":\"https:\/\/talkpal.ai\/diversity-policy\/\",\"diversityStaffingReport\":\"https:\/\/talkpal.ai\/diversity-policy\/\"}]}<\/script>\n<!-- \/ Yoast SEO Premium plugin. -->","yoast_head_json":{"title":"Kannada gramatikas vingrin\u0101jumi - Talkpal","description":"Nostipriniet savu Kannada valodas gramatiku - iesaistieties interakt\u012bvos vingrin\u0101jumos, apg\u016bstiet teikumu rakstus un uzlabojiet teikumu pl\u016bdumu ar Talkpalm\u0101ksl\u012bg\u0101 intelekta skolot\u0101ju.","robots":{"index":"index","follow":"follow","max-snippet":"max-snippet:-1","max-image-preview":"max-image-preview:large","max-video-preview":"max-video-preview:-1"},"canonical":"https:\/\/talkpal.ai\/lv\/kannada-gramatikas-vingrinajumi\/","og_locale":"lv_LV","og_type":"article","og_title":"Kannada gramatikas vingrin\u0101jumi","og_description":"Kannada gramatikas t\u0113mas Kannada ir dravidie\u0161u valoda, kur\u0101 Indijas Karnatakas \u0161tat\u0101 p\u0101rsvar\u0101 run\u0101 aptuveni 44 miljoni cilv\u0113ku. T\u0101 ir viena no 22 Indijas","og_url":"https:\/\/talkpal.ai\/lv\/kannada-gramatikas-vingrinajumi\/","og_site_name":"Talkpal","article_publisher":"https:\/\/www.facebook.com\/profile.php?id=100090733639311","article_modified_time":"2025-12-17T15:10:27+00:00","og_image":[{"width":512,"height":512,"url":"https:\/\/talkpal.ai\/wp-content\/uploads\/2023\/05\/Kannada-india.png","type":"image\/png"}],"twitter_card":"summary_large_image","twitter_site":"@talkpalai","twitter_misc":{"Est. reading time":"3 minutes"},"schema":{"@context":"https:\/\/schema.org","@graph":[{"@type":"WebPage","@id":"https:\/\/talkpal.ai\/lv\/kannada-gramatikas-vingrinajumi\/","url":"https:\/\/talkpal.ai\/lv\/kannada-gramatikas-vingrinajumi\/","name":"Kannada gramatikas vingrin\u0101jumi - Talkpal","isPartOf":{"@id":"https:\/\/talkpal.ai\/lv\/#website"},"primaryImageOfPage":{"@id":"https:\/\/talkpal.ai\/lv\/kannada-gramatikas-vingrinajumi\/#primaryimage"},"image":{"@id":"https:\/\/talkpal.ai\/lv\/kannada-gramatikas-vingrinajumi\/#primaryimage"},"thumbnailUrl":"https:\/\/talkpal.ai\/wp-content\/uploads\/2023\/05\/Kannada-india.png","datePublished":"2023-06-22T07:53:19+00:00","dateModified":"2025-12-17T15:10:27+00:00","description":"Nostipriniet savu Kannada valodas gramatiku - iesaistieties interakt\u012bvos vingrin\u0101jumos, apg\u016bstiet teikumu rakstus un uzlabojiet teikumu pl\u016bdumu ar Talkpalm\u0101ksl\u012bg\u0101 intelekta skolot\u0101ju.","breadcrumb":{"@id":"https:\/\/talkpal.ai\/lv\/kannada-gramatikas-vingrinajumi\/#breadcrumb"},"inLanguage":"lv-LV","potentialAction":[{"@type":"ReadAction","target":["https:\/\/talkpal.ai\/lv\/kannada-gramatikas-vingrinajumi\/"]}]},{"@type":"ImageObject","inLanguage":"lv-LV","@id":"https:\/\/talkpal.ai\/lv\/kannada-gramatikas-vingrinajumi\/#primaryimage","url":"https:\/\/talkpal.ai\/wp-content\/uploads\/2023\/05\/Kannada-india.png","contentUrl":"https:\/\/talkpal.ai\/wp-content\/uploads\/2023\/05\/Kannada-india.png","width":512,"height":512},{"@type":"BreadcrumbList","@id":"https:\/\/talkpal.ai\/lv\/kannada-gramatikas-vingrinajumi\/#breadcrumb","itemListElement":[{"@type":"ListItem","position":1,"name":"Homepage","item":"https:\/\/talkpal.ai\/lv\/"},{"@type":"ListItem","position":2,"name":"Kannada gramatikas vingrin\u0101jumi"}]},{"@type":"WebSite","@id":"https:\/\/talkpal.ai\/lv\/#website","url":"https:\/\/talkpal.ai\/lv\/","name":"Talkpal","description":"AI Language Learning","publisher":{"@id":"https:\/\/talkpal.ai\/lv\/#organization"},"alternateName":"Talkpal AI","potentialAction":[{"@type":"SearchAction","target":{"@type":"EntryPoint","urlTemplate":"https:\/\/talkpal.ai\/lv\/?s={search_term_string}"},"query-input":{"@type":"PropertyValueSpecification","valueRequired":true,"valueName":"search_term_string"}}],"inLanguage":"lv-LV"},{"@type":"Organization","@id":"https:\/\/talkpal.ai\/lv\/#organization","name":"Talkpal, Inc.","alternateName":"Talkpal AI","url":"https:\/\/talkpal.ai\/lv\/","logo":{"@type":"ImageObject","inLanguage":"lv-LV","@id":"https:\/\/talkpal.ai\/lv\/#\/schema\/logo\/image\/","url":"https:\/\/talkpal.ai\/wp-content\/uploads\/2024\/03\/Talkpal-Logo-Icon.png","contentUrl":"https:\/\/talkpal.ai\/wp-content\/uploads\/2024\/03\/Talkpal-Logo-Icon.png","width":2880,"height":2880,"caption":"Talkpal, Inc."},"image":{"@id":"https:\/\/talkpal.ai\/lv\/#\/schema\/logo\/image\/"},"sameAs":["https:\/\/www.facebook.com\/profile.php?id=100090733639311","https:\/\/x.com\/talkpalai","https:\/\/www.linkedin.com\/company\/talkpal\/","https:\/\/www.youtube.com\/@TalkPal\/","https:\/\/www.tiktok.com\/@talkpal","https:\/\/www.instagram.com\/talkpal_ai\/","https:\/\/www.crunchbase.com\/organization\/talkpal-9cde","https:\/\/www.g2.com\/products\/talkpal-for-business\/","https:\/\/www.trustpilot.com\/review\/talkpal.ai","https:\/\/www.capterra.com\/p\/10006800\/TalkPal\/"],"description":"Talkpal is a language learning web and mobile education app, powered by the latest AI technologies, that provides engaging experiences to its customers in many different languages to help them improve their language skills. Users can chat about unlimited amount of topics with the app and use other modes to practice their language learning.","email":"support@talkpal.ai","legalName":"Talkpal, Inc.","foundingDate":"2023-04-03","duns":"118989042","numberOfEmployees":{"@type":"QuantitativeValue","minValue":"11","maxValue":"50"},"publishingPrinciples":"https:\/\/talkpal.ai\/publishing-principles\/","actionableFeedbackPolicy":"https:\/\/talkpal.ai\/actionable-feedback-policy\/","correctionsPolicy":"https:\/\/talkpal.ai\/corrections-policy\/","ethicsPolicy":"https:\/\/talkpal.ai\/ethics-policy\/","diversityPolicy":"https:\/\/talkpal.ai\/diversity-policy\/","diversityStaffingReport":"https:\/\/talkpal.ai\/diversity-policy\/"}]}},"_links":{"self":[{"href":"https:\/\/talkpal.ai\/lv\/wp-json\/wp\/v2\/pages\/161098","targetHints":{"allow":["GET"]}}],"collection":[{"href":"https:\/\/talkpal.ai\/lv\/wp-json\/wp\/v2\/pages"}],"about":[{"href":"https:\/\/talkpal.ai\/lv\/wp-json\/wp\/v2\/types\/page"}],"author":[{"embeddable":true,"href":"https:\/\/talkpal.ai\/lv\/wp-json\/wp\/v2\/users\/6"}],"replies":[{"embeddable":true,"href":"https:\/\/talkpal.ai\/lv\/wp-json\/wp\/v2\/comments?post=161098"}],"version-history":[{"count":0,"href":"https:\/\/talkpal.ai\/lv\/wp-json\/wp\/v2\/pages\/161098\/revisions"}],"wp:featuredmedia":[{"embeddable":true,"href":"https:\/\/talkpal.ai\/lv\/wp-json\/wp\/v2\/media\/113646"}],"wp:attachment":[{"href":"https:\/\/talkpal.ai\/lv\/wp-json\/wp\/v2\/media?parent=161098"}],"curies":[{"name":"wp","href":"https:\/\/api.w.org\/{rel}","templated":true}]}}