{"id":160805,"date":"2023-06-22T08:01:09","date_gmt":"2023-06-22T08:01:09","guid":{"rendered":"http:\/\/talkpal.ai\/kazahstanas-gramatikas-vingrinajumi\/"},"modified":"2025-12-17T15:11:55","modified_gmt":"2025-12-17T15:11:55","slug":"kazahstanas-gramatikas-vingrinajumi","status":"publish","type":"page","link":"https:\/\/talkpal.ai\/lv\/kazahstanas-gramatikas-vingrinajumi\/","title":{"rendered":"Kazahst\u0101nas gramatikas vingrin\u0101jumi"},"content":{"rendered":"\r\n\r\n\r\n<section class=\"languageChallengeSection\">\r\n    <div class=\"languageInfoWrapper\">\r\n        \r\n        <h1>Kazahst\u0101nas gramatikas vingrin\u0101jumi<\/h1>\r\n        <p>Vai esat gatavs nostiprin\u0101t savu p\u0101rliec\u012bbu par kazahu valodu? Koncentr\u0113\u0161an\u0101s uz gramatikas vingrin\u0101jumiem ir lielisks veids, k\u0101 apg\u016bt teikuma strukt\u016bru, darb\u012bbas v\u0101rdu formas un b\u016btisk\u0101kos <a href=\"https:\/\/talkpal.ai\/what-language-is-spoken-on-the-international-space-station\/\">valodas<\/a> mode\u013cus. S\u0101ciet praktiz\u0113t kazahu valodas gramatiku \u0161odien un redz\u0113siet re\u0101lu progresu, jo soli pa solim nostiprin\u0101siet savu izpratni!<\/p>\r\n\r\n                            <a class=\"getStartedHidden\" href=\"https:\/\/app.talkpal.ai\/lv\/signup?lng=\">S\u0101c<\/a>\r\n        \r\n    <\/div>\r\n\r\n    <figure>\r\n    <img decoding=\"async\" width=\"768\" height=\"768\" src=\"https:\/\/talkpal.ai\/wp-content\/uploads\/2023\/06\/Khazak-768x768.png\" class=\"languageImage no-lazy\" alt=\"Language learning for increased negotiation skills\" fetchpriority=\"high\" sizes=\"(max-width: 768px) 150px, 768px\" srcset=\"https:\/\/talkpal.ai\/wp-content\/uploads\/2023\/06\/Khazak-768x768.png 768w, https:\/\/talkpal.ai\/wp-content\/uploads\/2023\/06\/Khazak-300x300.png 300w\" \/>\r\n    \r\n\r\n    <\/figure>\r\n\r\n            <a class=\"getStartedVisible\" href=\"https:\/\/app.talkpal.ai\/lv\/signup?lng=\">S\u0101c<\/a>\r\n    \r\n<\/section>\r\n\r\n\r\n<!-- <section class=\"grammarSection\">\r\n    <div class=\"grammarLinks\">\r\n            <\/div>\r\n<\/section> -->\r\n\r\n\r\n\r\n\r\n<section class=\"promotionalBanner\">\r\n    <p class=\"promotionalText\">Visefekt\u012bv\u0101kais veids, k\u0101 apg\u016bt valodu<\/p>\r\n    <a class=\"promotionalLink\" href=\"https:\/\/app.talkpal.ai\/lv\/signup?lng=\">Izm\u0113\u0123iniet Talkpal bez maksas<\/a>\r\n<\/section>\n<div class=\"wp-block-group pageContainerStyle\"><div class=\"wp-block-group__inner-container is-layout-constrained wp-block-group-is-layout-constrained\">\n<h2 class=\"wp-block-heading\" id=\"h-kazakh-grammar-topics\">Kazahst\u0101nas gramatikas t\u0113mas<\/h2>\n\n\n\n<p>Jaunas valodas apguve var b\u016bt izaicino\u0161a, tom\u0113r atalgojo\u0161a pieredze, kas paver iesp\u0113jas person\u012bgai un profesion\u0101lai izaugsmei. Viena no valod\u0101m, kas k\u013c\u016bst arvien popul\u0101r\u0101ka valodu apguv\u0113ju vid\u016b, ir kazahu valoda, <a href=\"https:\/\/talkpal.ai\/locations\/language-courses-in-turku\/\">turku<\/a> valoda, kur\u0101 run\u0101 miljoniem cilv\u0113ku Kazahst\u0101n\u0101 un t\u0101s apk\u0101rt\u0113jos re\u0123ionos. <a href=\"https:\/\/talkpal.ai\/learn-kazakh\/\">Kazahst\u0101nas<\/a> gramatika ir unik\u0101la, ar bag\u0101t\u012bgu strukt\u016bru un da\u017e\u0101diem elementiem, kuriem nepiecie\u0161ama sistem\u0101tiska m\u0101c\u012b\u0161an\u0101s pieeja. \u0160aj\u0101 rokasgr\u0101mat\u0101 m\u0113s apspried\u012bsim vair\u0101kas b\u016btiskas Kazahst\u0101nas gramatikas t\u0113mas, tostarp laikus, lietv\u0101rdus, darb\u012bbas v\u0101rdus, rakstus, vietniekv\u0101rdus, \u012bpa\u0161\u012bbas v\u0101rdus, adverbus, nosac\u012bjumus, priev\u0101rdus un teikumu strukt\u016bras. Izprotot \u0161o t\u0113mu apguves sec\u012bbu, j\u016bs varat efekt\u012bvi virz\u012bties uz priek\u0161u ce\u013c\u0101 uz kazahu valodas apguvi.<\/p>\n\n\n\n<h3 class=\"wp-block-heading\" id=\"h-1-nouns\">1. Lietv\u0101rdi:<\/h3>\n\n\n\n<p>Jebkuras valodas pamats s\u0101kas ar t\u0101s lietv\u0101rdu apguvi. Kazahu valod\u0101 lietv\u0101rdiem nav dzimuma, bet vi\u0146iem ir gad\u012bjumi. Izpratne par da\u017e\u0101diem gad\u012bjumiem un to funkcij\u0101m ir b\u016btiska, lai veidotu v\u0101rdu kr\u0101jumu un veidotu pamata teikumus.<\/p>\n\n\n\n<h3 class=\"wp-block-heading\" id=\"h-2-articles\">2. Raksti:<\/h3>\n\n\n\n<p>Raksti nav sastopami kazahu valod\u0101, t\u0101p\u0113c izgl\u012btojamajiem ir viegl\u0101k koncentr\u0113ties uz citiem gramatikas aspektiem.<\/p>\n\n\n\n<h3 class=\"wp-block-heading\" id=\"h-3-pronouns-determiners\">3. Vietniekv\u0101rdi\/noteic\u0113ji:<\/h3>\n\n\n\n<p>Tie ir b\u016btiski, lai aizst\u0101tu lietv\u0101rdus un nor\u0101d\u012btu to daudzumu vai identit\u0101ti. Vietniekv\u0101rdu un noteic\u0113ju m\u0101c\u012b\u0161an\u0101s pal\u012bdz\u0113s jums izveidot sare\u017e\u0123\u012bt\u0101kus teikumus un uzlabot visp\u0101r\u0113jo prasmi.<\/p>\n\n\n\n<h3 class=\"wp-block-heading\" id=\"h-4-verbs\">4. Darb\u012bbas v\u0101rdi:<\/h3>\n\n\n\n<p>Darb\u012bbas v\u0101rdi ir jebkuras valodas mugurkauls, un to konjug\u0101cijas mode\u013cu apguve ir iz\u0161\u0137iro\u0161a. Kazahu valod\u0101 darb\u012bbas v\u0101rdi tiek konjug\u0113ti, pamatojoties uz sasprindzin\u0101jumu, noska\u0146ojumu un balsi. Iepaz\u012bstoties ar \u0161\u012bm konjug\u0101cij\u0101m, j\u016bs var\u0113siet prec\u012bzi izteikt darb\u012bbas un notikumus.<\/p>\n\n\n\n<h3 class=\"wp-block-heading\" id=\"h-5-tenses\">5. Sasprindzin\u0101jums:<\/h3>\n\n\n\n<p>Kazahst\u0101nai ir vair\u0101ki sasprindzin\u0101jumi, tostarp pag\u0101tne, tagadne un n\u0101kotne. M\u0101c\u012b\u0161an\u0101s, k\u0101 pareizi veidot un lietot \u0161os laikus, ir b\u016btiska, lai nodotu darb\u012bbu un notikumu laiku.<\/p>\n\n\n\n<h3 class=\"wp-block-heading\" id=\"h-6-tense-comparison\">6. Saspringts sal\u012bdzin\u0101jums:<\/h3>\n\n\n\n<p>Izpratne par at\u0161\u0137ir\u012bbu starp laiku un to, k\u0101 vi\u0146i mijiedarbojas viens ar otru, padzi\u013cin\u0101s j\u016bsu izpratni par Kazahst\u0101nas gramatiku.<\/p>\n\n\n\n<h3 class=\"wp-block-heading\" id=\"h-7-progressive\">7. Progres\u012bvs:<\/h3>\n\n\n\n<p>\u0160is aspekts nor\u0101da uz notieko\u0161aj\u0101m darb\u012bb\u0101m. Progres\u012bv\u0101s formas apguve kazahu valod\u0101 pal\u012bdz\u0113s jums izteikt darb\u012bbas, kas pa\u0161laik notiek vai notika noteikt\u0101 br\u012bd\u012b.<\/p>\n\n\n\n<h3 class=\"wp-block-heading\" id=\"h-8-perfect-progressive\">8. Ide\u0101ls progres\u012bvs:<\/h3>\n\n\n\n<p>Ide\u0101ls progres\u012bvais apvieno perfektus un progres\u012bvus aspektus, lai nor\u0101d\u012btu uz darb\u012bbu, kas s\u0101k\u0101s pag\u0101tn\u0113 un joproj\u0101m turpin\u0101s. \u0160\u012b aspekta apg\u016b\u0161ana uzlabos j\u016bsu sp\u0113ju izteikt sare\u017e\u0123\u012btas idejas kazahu valod\u0101.<\/p>\n\n\n\n<h3 class=\"wp-block-heading\" id=\"h-9-adjectives\">9. \u012apa\u0161\u012bbas v\u0101rdi:<\/h3>\n\n\n\n<p>\u012apa\u0161\u012bbas v\u0101rdi apraksta lietv\u0101rdu \u012bpa\u0161\u012bbas un iez\u012bmes. M\u0101c\u012b\u0161an\u0101s, k\u0101 pareizi lietot \u012bpa\u0161\u012bbas v\u0101rdus kazahu valod\u0101, bag\u0101tin\u0101s j\u016bsu v\u0101rdu kr\u0101jumu un \u013caus jums sniegt detaliz\u0113t\u0101kus aprakstus.<\/p>\n\n\n\n<h3 class=\"wp-block-heading\" id=\"h-10-adverbs\">10. Adverbi:<\/h3>\n\n\n\n<p>Adverbi modific\u0113 darb\u012bbas v\u0101rdus, \u012bpa\u0161\u012bbas v\u0101rdus un citus adverbus. Zin\u0101\u0161anu ieg\u016b\u0161ana par Kazahst\u0101nas adverbiem un to izmanto\u0161anu uzlabos j\u016bsu sp\u0113ju prec\u012bz\u0101k izteikt darb\u012bbas un notikumus.<\/p>\n\n\n\n<h3 class=\"wp-block-heading\" id=\"h-11-conditionals\">11. Nosac\u012bjumi:<\/h3>\n\n\n\n<p>Nosac\u012bjumi tiek izmantoti, lai izteiktu hipot\u0113tiskas situ\u0101cijas un to iesp\u0113jam\u0101s sekas. Nosac\u012bjumu lieto\u0161anas apg\u016b\u0161ana kazahu valod\u0101 pal\u012bdz\u0113s jums nodot sare\u017e\u0123\u012btas idejas un hipot\u0113tiskus scen\u0101rijus.<\/p>\n\n\n\n<h3 class=\"wp-block-heading\" id=\"h-12-prepositions\">12. Priev\u0101rdi:<\/h3>\n\n\n\n<p>Priev\u0101rdi nor\u0101da attiec\u012bbas starp lietv\u0101rdiem teikum\u0101. Kazahst\u0101nas priev\u0101rdu un to funkciju apguve \u013caus jums veidot sare\u017e\u0123\u012bt\u0101kus teikumus.<\/p>\n\n\n\n<h3 class=\"wp-block-heading\" id=\"h-13-sentences\">13. Teikumi:<\/h3>\n\n\n\n<p>Visbeidzot, izpratne par teikumu strukt\u016br\u0101m un da\u017e\u0101du gramatikas elementu apvieno\u0161anas noteikumiem ir b\u016btiska Kazahst\u0101nas valodas apguvei. \u0160\u012bs zin\u0101\u0161anas \u013caus jums efekt\u012bvi un prec\u012bzi sazin\u0101ties da\u017e\u0101d\u0101s situ\u0101cij\u0101s.<\/p>\n<\/div><\/div>\n\r\n<section class=\"learnNavigationSection\">\r\n            \r\n        <a href=\"https:\/\/talkpal.ai\/lv\/uzziniet-kazahu-valodu\/\">\r\n            <div class=\"learnNavigationWrapper\">\r\n                <div class=\"learnNavigationContent\">\r\n                    <img decoding=\"async\" src=\"https:\/\/talkpal.ai\/wp-content\/uploads\/2024\/08\/Kazakh.jpg\" alt=\"Kazakh Flag\">\r\n                    <div>\r\n                        <h4>Par kazahu valodas apguvi<\/h4>\r\n                        <p>Uzziniet visu par kazahu gramatiku.<\/p>\r\n                    <\/div>\r\n                <\/div>\r\n            <\/div>\r\n        <\/a>\r\n\r\n        \r\n        <a href=\"https:\/\/talkpal.ai\/lv\/kazahstanas-gramatika\/\">\r\n            <div class=\"learnNavigationWrapper\">\r\n                <div class=\"learnNavigationContent\">\r\n                    <img decoding=\"async\" src=\"https:\/\/talkpal.ai\/wp-content\/uploads\/2024\/08\/Kazakh.jpg\" alt=\"Kazakh Flag\">\r\n                    <div>\r\n                        <h4>Kazahu valodas gramatikas nodarb\u012bbas<\/h4>\r\n                        <p>Praktiz\u0113jiet Kazahst\u0101nas gramatiku.<\/p>\r\n                    <\/div>\r\n                <\/div>\r\n            <\/div>\r\n        <\/a>\r\n\r\n        \r\n        <a href=\"https:\/\/talkpal.ai\/vocabulary_language\/kazakh\/\">\r\n            <div class=\"learnNavigationWrapper\">\r\n                <div class=\"learnNavigationContent\">\r\n                    <img decoding=\"async\" src=\"https:\/\/talkpal.ai\/wp-content\/uploads\/2024\/08\/Kazakh.jpg\" alt=\"Kazakh Flag\">\r\n                    <div>\r\n                        <h4>Kazahu valodas v\u0101rdn\u012bca<\/h4>\r\n                        <p>Papla\u0161iniet savu kazahu valodas v\u0101rdu kr\u0101jumu.<\/p>\r\n                    <\/div>\r\n                <\/div>\r\n            <\/div>\r\n        <\/a>\r\n\r\n            <\/section>","protected":false},"excerpt":{"rendered":"<p>Kazahst\u0101nas gramatikas t\u0113mas Jaunas valodas apguve var b\u016bt izaicino\u0161a, tom\u0113r atalgojo\u0161a pieredze, kas paver iesp\u0113jas person\u012bgai un profesion\u0101lai izaugsmei. Viena no valod\u0101m, kas k\u013c\u016bst arvien popul\u0101r\u0101ka valodu apguv\u0113ju vid\u016b, ir kazahu valoda, turku valoda, kur\u0101 run\u0101 miljoniem cilv\u0113ku Kazahst\u0101n\u0101 un t\u0101s apk\u0101rt\u0113jos re\u0123ionos. Kazahst\u0101nas gramatika ir unik\u0101la, ar bag\u0101t\u012bgu strukt\u016bru un da\u017e\u0101diem elementiem, kuriem nepiecie\u0161ama [&hellip;]<\/p>\n","protected":false},"author":6,"featured_media":114182,"parent":0,"menu_order":0,"comment_status":"closed","ping_status":"closed","template":"LearningContentPage.php","meta":{"_acf_changed":false,"footnotes":""},"class_list":["post-160805","page","type-page","status-publish","has-post-thumbnail","hentry"],"acf":[],"yoast_head":"<!-- This site is optimized with the Yoast SEO Premium plugin v27.2 (Yoast SEO v27.2) - https:\/\/yoast.com\/product\/yoast-seo-premium-wordpress\/ -->\n<title>Kazahst\u0101nas gramatikas vingrin\u0101jumi - Talkpal<\/title>\n<meta name=\"description\" content=\"Uzlabojiet savas kazahu valodas gramatikas prasmes - uzlabojiet precizit\u0101ti, praktiz\u0113jiet interakt\u012bvos vingrin\u0101jumus un pilnveidojiet lietojumu!\" \/>\n<meta name=\"robots\" content=\"index, follow, max-snippet:-1, max-image-preview:large, max-video-preview:-1\" \/>\n<link rel=\"canonical\" href=\"https:\/\/talkpal.ai\/lv\/kazahstanas-gramatikas-vingrinajumi\/\" \/>\n<meta property=\"og:locale\" content=\"lv_LV\" \/>\n<meta property=\"og:type\" content=\"article\" \/>\n<meta property=\"og:title\" content=\"Kazahst\u0101nas gramatikas vingrin\u0101jumi\" \/>\n<meta property=\"og:description\" content=\"Kazahst\u0101nas gramatikas t\u0113mas Jaunas valodas apguve var b\u016bt izaicino\u0161a, tom\u0113r atalgojo\u0161a pieredze, kas paver iesp\u0113jas person\u012bgai un profesion\u0101lai\" \/>\n<meta property=\"og:url\" content=\"https:\/\/talkpal.ai\/lv\/kazahstanas-gramatikas-vingrinajumi\/\" \/>\n<meta property=\"og:site_name\" content=\"Talkpal\" \/>\n<meta property=\"article:publisher\" content=\"https:\/\/www.facebook.com\/profile.php?id=100090733639311\" \/>\n<meta property=\"article:modified_time\" content=\"2025-12-17T15:11:55+00:00\" \/>\n<meta property=\"og:image\" content=\"https:\/\/talkpal.ai\/wp-content\/uploads\/2023\/05\/kazakhstan.png\" \/>\n\t<meta property=\"og:image:width\" content=\"512\" \/>\n\t<meta property=\"og:image:height\" content=\"512\" \/>\n\t<meta property=\"og:image:type\" content=\"image\/png\" \/>\n<meta name=\"twitter:card\" content=\"summary_large_image\" \/>\n<meta name=\"twitter:site\" content=\"@talkpalai\" \/>\n<meta name=\"twitter:label1\" content=\"Est. reading time\" \/>\n\t<meta name=\"twitter:data1\" content=\"3 minutes\" \/>\n<script type=\"application\/ld+json\" class=\"yoast-schema-graph\">{\"@context\":\"https:\/\/schema.org\",\"@graph\":[{\"@type\":\"WebPage\",\"@id\":\"https:\/\/talkpal.ai\/lv\/kazahstanas-gramatikas-vingrinajumi\/\",\"url\":\"https:\/\/talkpal.ai\/lv\/kazahstanas-gramatikas-vingrinajumi\/\",\"name\":\"Kazahst\u0101nas gramatikas vingrin\u0101jumi - Talkpal\",\"isPartOf\":{\"@id\":\"https:\/\/talkpal.ai\/lv\/#website\"},\"primaryImageOfPage\":{\"@id\":\"https:\/\/talkpal.ai\/lv\/kazahstanas-gramatikas-vingrinajumi\/#primaryimage\"},\"image\":{\"@id\":\"https:\/\/talkpal.ai\/lv\/kazahstanas-gramatikas-vingrinajumi\/#primaryimage\"},\"thumbnailUrl\":\"https:\/\/talkpal.ai\/wp-content\/uploads\/2023\/05\/kazakhstan.png\",\"datePublished\":\"2023-06-22T08:01:09+00:00\",\"dateModified\":\"2025-12-17T15:11:55+00:00\",\"description\":\"Uzlabojiet savas kazahu valodas gramatikas prasmes - uzlabojiet precizit\u0101ti, praktiz\u0113jiet interakt\u012bvos vingrin\u0101jumus un pilnveidojiet lietojumu!\",\"breadcrumb\":{\"@id\":\"https:\/\/talkpal.ai\/lv\/kazahstanas-gramatikas-vingrinajumi\/#breadcrumb\"},\"inLanguage\":\"lv-LV\",\"potentialAction\":[{\"@type\":\"ReadAction\",\"target\":[\"https:\/\/talkpal.ai\/lv\/kazahstanas-gramatikas-vingrinajumi\/\"]}]},{\"@type\":\"ImageObject\",\"inLanguage\":\"lv-LV\",\"@id\":\"https:\/\/talkpal.ai\/lv\/kazahstanas-gramatikas-vingrinajumi\/#primaryimage\",\"url\":\"https:\/\/talkpal.ai\/wp-content\/uploads\/2023\/05\/kazakhstan.png\",\"contentUrl\":\"https:\/\/talkpal.ai\/wp-content\/uploads\/2023\/05\/kazakhstan.png\",\"width\":512,\"height\":512},{\"@type\":\"BreadcrumbList\",\"@id\":\"https:\/\/talkpal.ai\/lv\/kazahstanas-gramatikas-vingrinajumi\/#breadcrumb\",\"itemListElement\":[{\"@type\":\"ListItem\",\"position\":1,\"name\":\"Homepage\",\"item\":\"https:\/\/talkpal.ai\/lv\/\"},{\"@type\":\"ListItem\",\"position\":2,\"name\":\"Kazahst\u0101nas gramatikas vingrin\u0101jumi\"}]},{\"@type\":\"WebSite\",\"@id\":\"https:\/\/talkpal.ai\/lv\/#website\",\"url\":\"https:\/\/talkpal.ai\/lv\/\",\"name\":\"Talkpal\",\"description\":\"AI Language Learning\",\"publisher\":{\"@id\":\"https:\/\/talkpal.ai\/lv\/#organization\"},\"alternateName\":\"Talkpal AI\",\"potentialAction\":[{\"@type\":\"SearchAction\",\"target\":{\"@type\":\"EntryPoint\",\"urlTemplate\":\"https:\/\/talkpal.ai\/lv\/?s={search_term_string}\"},\"query-input\":{\"@type\":\"PropertyValueSpecification\",\"valueRequired\":true,\"valueName\":\"search_term_string\"}}],\"inLanguage\":\"lv-LV\"},{\"@type\":\"Organization\",\"@id\":\"https:\/\/talkpal.ai\/lv\/#organization\",\"name\":\"Talkpal, Inc.\",\"alternateName\":\"Talkpal AI\",\"url\":\"https:\/\/talkpal.ai\/lv\/\",\"logo\":{\"@type\":\"ImageObject\",\"inLanguage\":\"lv-LV\",\"@id\":\"https:\/\/talkpal.ai\/lv\/#\/schema\/logo\/image\/\",\"url\":\"https:\/\/talkpal.ai\/wp-content\/uploads\/2024\/03\/Talkpal-Logo-Icon.png\",\"contentUrl\":\"https:\/\/talkpal.ai\/wp-content\/uploads\/2024\/03\/Talkpal-Logo-Icon.png\",\"width\":2880,\"height\":2880,\"caption\":\"Talkpal, Inc.\"},\"image\":{\"@id\":\"https:\/\/talkpal.ai\/lv\/#\/schema\/logo\/image\/\"},\"sameAs\":[\"https:\/\/www.facebook.com\/profile.php?id=100090733639311\",\"https:\/\/x.com\/talkpalai\",\"https:\/\/www.linkedin.com\/company\/talkpal\/\",\"https:\/\/www.youtube.com\/@TalkPal\/\",\"https:\/\/www.tiktok.com\/@talkpal\",\"https:\/\/www.instagram.com\/talkpal_ai\/\",\"https:\/\/www.crunchbase.com\/organization\/talkpal-9cde\",\"https:\/\/www.g2.com\/products\/talkpal-for-business\/\",\"https:\/\/www.trustpilot.com\/review\/talkpal.ai\",\"https:\/\/www.capterra.com\/p\/10006800\/TalkPal\/\"],\"description\":\"Talkpal is a language learning web and mobile education app, powered by the latest AI technologies, that provides engaging experiences to its customers in many different languages to help them improve their language skills. Users can chat about unlimited amount of topics with the app and use other modes to practice their language learning.\",\"email\":\"support@talkpal.ai\",\"legalName\":\"Talkpal, Inc.\",\"foundingDate\":\"2023-04-03\",\"duns\":\"118989042\",\"numberOfEmployees\":{\"@type\":\"QuantitativeValue\",\"minValue\":\"11\",\"maxValue\":\"50\"},\"publishingPrinciples\":\"https:\/\/talkpal.ai\/publishing-principles\/\",\"actionableFeedbackPolicy\":\"https:\/\/talkpal.ai\/actionable-feedback-policy\/\",\"correctionsPolicy\":\"https:\/\/talkpal.ai\/corrections-policy\/\",\"ethicsPolicy\":\"https:\/\/talkpal.ai\/ethics-policy\/\",\"diversityPolicy\":\"https:\/\/talkpal.ai\/diversity-policy\/\",\"diversityStaffingReport\":\"https:\/\/talkpal.ai\/diversity-policy\/\"}]}<\/script>\n<!-- \/ Yoast SEO Premium plugin. -->","yoast_head_json":{"title":"Kazahst\u0101nas gramatikas vingrin\u0101jumi - Talkpal","description":"Uzlabojiet savas kazahu valodas gramatikas prasmes - uzlabojiet precizit\u0101ti, praktiz\u0113jiet interakt\u012bvos vingrin\u0101jumus un pilnveidojiet lietojumu!","robots":{"index":"index","follow":"follow","max-snippet":"max-snippet:-1","max-image-preview":"max-image-preview:large","max-video-preview":"max-video-preview:-1"},"canonical":"https:\/\/talkpal.ai\/lv\/kazahstanas-gramatikas-vingrinajumi\/","og_locale":"lv_LV","og_type":"article","og_title":"Kazahst\u0101nas gramatikas vingrin\u0101jumi","og_description":"Kazahst\u0101nas gramatikas t\u0113mas Jaunas valodas apguve var b\u016bt izaicino\u0161a, tom\u0113r atalgojo\u0161a pieredze, kas paver iesp\u0113jas person\u012bgai un profesion\u0101lai","og_url":"https:\/\/talkpal.ai\/lv\/kazahstanas-gramatikas-vingrinajumi\/","og_site_name":"Talkpal","article_publisher":"https:\/\/www.facebook.com\/profile.php?id=100090733639311","article_modified_time":"2025-12-17T15:11:55+00:00","og_image":[{"width":512,"height":512,"url":"https:\/\/talkpal.ai\/wp-content\/uploads\/2023\/05\/kazakhstan.png","type":"image\/png"}],"twitter_card":"summary_large_image","twitter_site":"@talkpalai","twitter_misc":{"Est. reading time":"3 minutes"},"schema":{"@context":"https:\/\/schema.org","@graph":[{"@type":"WebPage","@id":"https:\/\/talkpal.ai\/lv\/kazahstanas-gramatikas-vingrinajumi\/","url":"https:\/\/talkpal.ai\/lv\/kazahstanas-gramatikas-vingrinajumi\/","name":"Kazahst\u0101nas gramatikas vingrin\u0101jumi - Talkpal","isPartOf":{"@id":"https:\/\/talkpal.ai\/lv\/#website"},"primaryImageOfPage":{"@id":"https:\/\/talkpal.ai\/lv\/kazahstanas-gramatikas-vingrinajumi\/#primaryimage"},"image":{"@id":"https:\/\/talkpal.ai\/lv\/kazahstanas-gramatikas-vingrinajumi\/#primaryimage"},"thumbnailUrl":"https:\/\/talkpal.ai\/wp-content\/uploads\/2023\/05\/kazakhstan.png","datePublished":"2023-06-22T08:01:09+00:00","dateModified":"2025-12-17T15:11:55+00:00","description":"Uzlabojiet savas kazahu valodas gramatikas prasmes - uzlabojiet precizit\u0101ti, praktiz\u0113jiet interakt\u012bvos vingrin\u0101jumus un pilnveidojiet lietojumu!","breadcrumb":{"@id":"https:\/\/talkpal.ai\/lv\/kazahstanas-gramatikas-vingrinajumi\/#breadcrumb"},"inLanguage":"lv-LV","potentialAction":[{"@type":"ReadAction","target":["https:\/\/talkpal.ai\/lv\/kazahstanas-gramatikas-vingrinajumi\/"]}]},{"@type":"ImageObject","inLanguage":"lv-LV","@id":"https:\/\/talkpal.ai\/lv\/kazahstanas-gramatikas-vingrinajumi\/#primaryimage","url":"https:\/\/talkpal.ai\/wp-content\/uploads\/2023\/05\/kazakhstan.png","contentUrl":"https:\/\/talkpal.ai\/wp-content\/uploads\/2023\/05\/kazakhstan.png","width":512,"height":512},{"@type":"BreadcrumbList","@id":"https:\/\/talkpal.ai\/lv\/kazahstanas-gramatikas-vingrinajumi\/#breadcrumb","itemListElement":[{"@type":"ListItem","position":1,"name":"Homepage","item":"https:\/\/talkpal.ai\/lv\/"},{"@type":"ListItem","position":2,"name":"Kazahst\u0101nas gramatikas vingrin\u0101jumi"}]},{"@type":"WebSite","@id":"https:\/\/talkpal.ai\/lv\/#website","url":"https:\/\/talkpal.ai\/lv\/","name":"Talkpal","description":"AI Language Learning","publisher":{"@id":"https:\/\/talkpal.ai\/lv\/#organization"},"alternateName":"Talkpal AI","potentialAction":[{"@type":"SearchAction","target":{"@type":"EntryPoint","urlTemplate":"https:\/\/talkpal.ai\/lv\/?s={search_term_string}"},"query-input":{"@type":"PropertyValueSpecification","valueRequired":true,"valueName":"search_term_string"}}],"inLanguage":"lv-LV"},{"@type":"Organization","@id":"https:\/\/talkpal.ai\/lv\/#organization","name":"Talkpal, Inc.","alternateName":"Talkpal AI","url":"https:\/\/talkpal.ai\/lv\/","logo":{"@type":"ImageObject","inLanguage":"lv-LV","@id":"https:\/\/talkpal.ai\/lv\/#\/schema\/logo\/image\/","url":"https:\/\/talkpal.ai\/wp-content\/uploads\/2024\/03\/Talkpal-Logo-Icon.png","contentUrl":"https:\/\/talkpal.ai\/wp-content\/uploads\/2024\/03\/Talkpal-Logo-Icon.png","width":2880,"height":2880,"caption":"Talkpal, Inc."},"image":{"@id":"https:\/\/talkpal.ai\/lv\/#\/schema\/logo\/image\/"},"sameAs":["https:\/\/www.facebook.com\/profile.php?id=100090733639311","https:\/\/x.com\/talkpalai","https:\/\/www.linkedin.com\/company\/talkpal\/","https:\/\/www.youtube.com\/@TalkPal\/","https:\/\/www.tiktok.com\/@talkpal","https:\/\/www.instagram.com\/talkpal_ai\/","https:\/\/www.crunchbase.com\/organization\/talkpal-9cde","https:\/\/www.g2.com\/products\/talkpal-for-business\/","https:\/\/www.trustpilot.com\/review\/talkpal.ai","https:\/\/www.capterra.com\/p\/10006800\/TalkPal\/"],"description":"Talkpal is a language learning web and mobile education app, powered by the latest AI technologies, that provides engaging experiences to its customers in many different languages to help them improve their language skills. Users can chat about unlimited amount of topics with the app and use other modes to practice their language learning.","email":"support@talkpal.ai","legalName":"Talkpal, Inc.","foundingDate":"2023-04-03","duns":"118989042","numberOfEmployees":{"@type":"QuantitativeValue","minValue":"11","maxValue":"50"},"publishingPrinciples":"https:\/\/talkpal.ai\/publishing-principles\/","actionableFeedbackPolicy":"https:\/\/talkpal.ai\/actionable-feedback-policy\/","correctionsPolicy":"https:\/\/talkpal.ai\/corrections-policy\/","ethicsPolicy":"https:\/\/talkpal.ai\/ethics-policy\/","diversityPolicy":"https:\/\/talkpal.ai\/diversity-policy\/","diversityStaffingReport":"https:\/\/talkpal.ai\/diversity-policy\/"}]}},"_links":{"self":[{"href":"https:\/\/talkpal.ai\/lv\/wp-json\/wp\/v2\/pages\/160805","targetHints":{"allow":["GET"]}}],"collection":[{"href":"https:\/\/talkpal.ai\/lv\/wp-json\/wp\/v2\/pages"}],"about":[{"href":"https:\/\/talkpal.ai\/lv\/wp-json\/wp\/v2\/types\/page"}],"author":[{"embeddable":true,"href":"https:\/\/talkpal.ai\/lv\/wp-json\/wp\/v2\/users\/6"}],"replies":[{"embeddable":true,"href":"https:\/\/talkpal.ai\/lv\/wp-json\/wp\/v2\/comments?post=160805"}],"version-history":[{"count":0,"href":"https:\/\/talkpal.ai\/lv\/wp-json\/wp\/v2\/pages\/160805\/revisions"}],"wp:featuredmedia":[{"embeddable":true,"href":"https:\/\/talkpal.ai\/lv\/wp-json\/wp\/v2\/media\/114182"}],"wp:attachment":[{"href":"https:\/\/talkpal.ai\/lv\/wp-json\/wp\/v2\/media?parent=160805"}],"curies":[{"name":"wp","href":"https:\/\/api.w.org\/{rel}","templated":true}]}}