{"id":160186,"date":"2023-06-22T08:12:52","date_gmt":"2023-06-22T08:12:52","guid":{"rendered":"http:\/\/talkpal.ai\/lietuviesu-valodas-gramatikas-vingrinajumi\/"},"modified":"2025-12-17T15:53:13","modified_gmt":"2025-12-17T15:53:13","slug":"lietuviesu-valodas-gramatikas-vingrinajumi","status":"publish","type":"page","link":"https:\/\/talkpal.ai\/lv\/lietuviesu-valodas-gramatikas-vingrinajumi\/","title":{"rendered":"Lietuvie\u0161u valodas gramatikas vingrin\u0101jumi"},"content":{"rendered":"\r\n\r\n\r\n<section class=\"languageChallengeSection\">\r\n    <div class=\"languageInfoWrapper\">\r\n        \r\n        <h1>Lietuvie\u0161u valodas gramatikas vingrin\u0101jumi<\/h1>\r\n        <p>Vai esat gatavs pacelt <a href=\"https:\/\/talkpal.ai\/learn-lithuanian\/\">lietuvie\u0161u<\/a> <a href=\"https:\/\/talkpal.ai\/what-language-is-spoken-on-the-international-space-station\/\">valodas<\/a> zin\u0101\u0161anas n\u0101kamaj\u0101 l\u012bmen\u012b? Gramatikas vingrin\u0101jumu praktiz\u0113\u0161ana ir lielisks veids, k\u0101 apg\u016bt teikumu strukt\u016bru, darb\u012bbas v\u0101rdu formas un lietuvie\u0161u valodas unik\u0101los mode\u013cus. S\u0101ciet p\u0113t\u012bt lietuvie\u0161u valodas gramatiku \u0161odien un v\u0113rojiet, k\u0101 ar katru vingrin\u0101jumu pieaug j\u016bsu prasmes un p\u0101rliec\u012bba!<\/p>\r\n\r\n                            <a class=\"getStartedHidden\" href=\"https:\/\/app.talkpal.ai\/lv\/signup?lng=\">S\u0101c<\/a>\r\n        \r\n    <\/div>\r\n\r\n    <figure>\r\n    <img decoding=\"async\" width=\"768\" height=\"768\" src=\"https:\/\/talkpal.ai\/wp-content\/uploads\/2023\/06\/lithuenian-768x768.png\" class=\"languageImage no-lazy\" alt=\"Language learning for boosting creativity\" fetchpriority=\"high\" sizes=\"(max-width: 768px) 150px, 768px\" srcset=\"https:\/\/talkpal.ai\/wp-content\/uploads\/2023\/06\/lithuenian-768x768.png 768w, https:\/\/talkpal.ai\/wp-content\/uploads\/2023\/06\/lithuenian-300x300.png 300w\" \/>\r\n    \r\n\r\n    <\/figure>\r\n\r\n            <a class=\"getStartedVisible\" href=\"https:\/\/app.talkpal.ai\/lv\/signup?lng=\">S\u0101c<\/a>\r\n    \r\n<\/section>\r\n\r\n\r\n<!-- <section class=\"grammarSection\">\r\n    <div class=\"grammarLinks\">\r\n            <\/div>\r\n<\/section> -->\r\n\r\n\r\n\r\n\r\n<section class=\"promotionalBanner\">\r\n    <p class=\"promotionalText\">Visefekt\u012bv\u0101kais veids, k\u0101 apg\u016bt valodu<\/p>\r\n    <a class=\"promotionalLink\" href=\"https:\/\/app.talkpal.ai\/lv\/signup?lng=\">Izm\u0113\u0123iniet Talkpal bez maksas<\/a>\r\n<\/section>\n<div class=\"wp-block-group pageContainerStyle\"><div class=\"wp-block-group__inner-container is-layout-constrained wp-block-group-is-layout-constrained\">\n<h2 class=\"wp-block-heading\" id=\"h-lithuanian-grammar-topics\">Lietuvie\u0161u valodas gramatikas t\u0113mas<\/h2>\n\n\n\n<p>Lietuvie\u0161u valodas apguve ir ne tikai unik\u0101la un atalgojo\u0161a pieredze, bet t\u0101 ar\u012b paver piln\u012bgi jaunu kult\u016bras izp\u0113tes pasauli. Lietuvie\u0161u valoda k\u0101 baltu valoda ir saglab\u0101jusi daudzas seno indoeiropie\u0161u valodu iez\u012bmes, padarot to par noz\u012bm\u012bgu valodu v\u0113stures un valodas p\u0113t\u012bjumos. <a href=\"https:\/\/talkpal.ai\/lithuanian-grammar\/\">Lietuvie\u0161u valodas gramatika<\/a> var \u0161\u0137ist sare\u017e\u0123\u012bta, ta\u010du, sadalot to maz\u0101k\u0101s t\u0113m\u0101s un apg\u016bstot t\u0101s lo\u0123isk\u0101 sec\u012bb\u0101, j\u016bsu ce\u013cojums k\u013c\u016bs glud\u0101ks un pat\u012bkam\u0101ks. \u0160aj\u0101 ce\u013cved\u012b m\u0113s iepaz\u012bstin\u0101sim ar lietuvie\u0161u valodas gramatikas t\u0113m\u0101m t\u0101d\u0101 sec\u012bb\u0101, k\u0101d\u0101 jums t\u0101s vajadz\u0113tu apg\u016bt, sniedzot \u012bsu p\u0101rskatu par katru t\u0113mu.<\/p>\n\n\n\n<h3 class=\"wp-block-heading\" id=\"h-1-nouns\">1. Lietv\u0101rdi:<\/h3>\n\n\n\n<p>Lietv\u0101rdi veido liel\u0101k\u0101s da\u013cas teikumu mugurkaulu, t\u0101p\u0113c s\u0101ciet ar lietv\u0101rdu deklam\u0101ciju sist\u0113mas apguvi lietuvie\u0161u valod\u0101. Ir piecas lietv\u0101rdu deklin\u0101cijas, katrai no t\u0101m ir sava galot\u0146u kopa vienskait\u013ca un daudzskait\u013ca form\u0101m. Piev\u0113rsiet uzman\u012bbu lietv\u0101rdu dzimumam, jo tas ietekm\u0113s deklam\u0101cij\u0101 izmantot\u0101s galotnes.<\/p>\n\n\n\n<h3 class=\"wp-block-heading\" id=\"h-2-articles\">2. Raksti:<\/h3>\n\n\n\n<p>Lietuvie\u0161u valod\u0101 at\u0161\u0137ir\u012bb\u0101 no <a href=\"https:\/\/talkpal.ai\/learn-english-with-ai\/\">ang\u013cu<\/a> valodas nav nenoteikto un nenoteikto locek\u013cu, t\u0101p\u0113c jums b\u016bs par vienu gramatikas sast\u0101vda\u013cu maz\u0101k!<\/p>\n\n\n\n<h3 class=\"wp-block-heading\" id=\"h-3-adjectives\">3. \u012apa\u0161\u012bbas v\u0101rdi:<\/h3>\n\n\n\n<p>\u012apa\u0161\u012bbas v\u0101rdi sakr\u012bt ar lietv\u0101rdiem dzimt\u0113, gad\u012bjum\u0101 un skait\u0101. Uzziniet da\u017e\u0101das \u012bpa\u0161\u012bbas v\u0101rdu galotnes un to, k\u0101 t\u0101s main\u0101s atkar\u012bb\u0101 no lietv\u0101rda, ko t\u0101s modific\u0113.<\/p>\n\n\n\n<h3 class=\"wp-block-heading\" id=\"h-4-pronouns-determiners\">4. Vietniekv\u0101rdi\/noteic\u0113ji:<\/h3>\n\n\n\n<p>T\u0101pat k\u0101 cit\u0101s valod\u0101s, vietniekv\u0101rdi un noteic\u0113ji pal\u012bdz nodro\u0161in\u0101t skaidr\u012bbu un specifiku teikumos. Apg\u016bstiet da\u017e\u0101dus vietniekv\u0101rdu un noteic\u0113ju veidus, k\u0101 ar\u012b to da\u017e\u0101d\u0101s formas un lietojumus lietuvie\u0161u valod\u0101.<\/p>\n\n\n\n<h3 class=\"wp-block-heading\" id=\"h-5-verbs\">5. Darb\u012bbas v\u0101rdi:<\/h3>\n\n\n\n<p>Darb\u012bbas v\u0101rdi ir b\u016btiski, lai nodotu darb\u012bbas un es\u012bbas st\u0101vok\u013cus. S\u0101ciet ar pa\u0161reiz\u0113jo sasprindzin\u0101jumu un p\u0113c tam p\u0101rejiet pie pag\u0101tnes un n\u0101kotnes sasprindzin\u0101juma. Piev\u0113rsiet uzman\u012bbu konjug\u0101cijas mode\u013ciem, k\u0101 ar\u012b neregul\u0101riem darb\u012bbas v\u0101rdiem.<\/p>\n\n\n\n<h3 class=\"wp-block-heading\" id=\"h-6-tense-comparison\">6. Saspringts sal\u012bdzin\u0101jums:<\/h3>\n\n\n\n<p>P\u0113c pamata laiku apg\u016b\u0161anas uzziniet, k\u0101 tos sal\u012bdzin\u0101t un izprast to lieto\u0161anas nianses. Tas ietver izpratni par at\u0161\u0137ir\u012bb\u0101m starp vienk\u0101r\u0161iem un saliktiem laikiem, k\u0101 ar\u012b perfektu progres\u012bvu sasprindzin\u0101jumu.<\/p>\n\n\n\n<h3 class=\"wp-block-heading\" id=\"h-7-progressive-and-perfect-progressive\">7. Progres\u012bvs un ide\u0101ls progres\u012bvs:<\/h3>\n\n\n\n<p>Lietuvie\u0161u valodai nav \u012bpa\u0161u progres\u012bvu formu, piem\u0113ram, ang\u013cu valod\u0101, ta\u010du j\u016bs varat izteikt notieko\u0161\u0101s un pabeigt\u0101s darb\u012bbas, izmantojot \u012bpa\u0161as konstrukcijas. Uzziniet \u0161\u012bs konstrukcijas un to, k\u0101 t\u0101s efekt\u012bvi izmantot.<\/p>\n\n\n\n<h3 class=\"wp-block-heading\" id=\"h-8-adverbs\">8. Adverbi:<\/h3>\n\n\n\n<p>\u012apa\u0161\u012bbas v\u0101rdi modific\u0113 lietv\u0101rdus, bet adverbi modific\u0113 darb\u012bbas v\u0101rdus, \u012bpa\u0161\u012bbas v\u0101rdus vai citus adverbus. Uzziniet da\u017e\u0101dus adverbu veidus un to izvietojumu teikumos.<\/p>\n\n\n\n<h3 class=\"wp-block-heading\" id=\"h-9-prepositions\">9. Priev\u0101rdi:<\/h3>\n\n\n\n<p>Priev\u0101rdi par\u0101da attiec\u012bbas starp v\u0101rdiem teikum\u0101. Uzziniet da\u017e\u0101dus priev\u0101rdus un to lietojumu da\u017e\u0101dos kontekstos.<\/p>\n\n\n\n<h3 class=\"wp-block-heading\" id=\"h-10-conditionals\">10. Nosac\u012bjumi:<\/h3>\n\n\n\n<p>Nosac\u012bjumi izsaka hipot\u0113tiskas vai nere\u0101las situ\u0101cijas. Uzziniet da\u017e\u0101dus kondicionieru veidus un to attiec\u012bg\u0101s konstrukcijas lietuvie\u0161u valod\u0101.<\/p>\n\n\n\n<h3 class=\"wp-block-heading\" id=\"h-11-sentences\">11. Teikumi:<\/h3>\n\n\n\n<p>Visbeidzot, apvienojiet visu, apg\u016bstot teikumu strukt\u016bru lietuvie\u0161u valod\u0101. Izprotiet pamatv\u0101rdu sec\u012bbu un to, k\u0101 to var piel\u0101got uzsvaram vai skaidr\u012bbai. Praks\u0113 veidojiet teikumus, izmantojot visas l\u012bdz \u0161im apg\u016bt\u0101s gramatikas sast\u0101vda\u013cas.<\/p>\n\n\n\n<p>Iev\u0113rojot \u0161o t\u0113mu sec\u012bbu, j\u016bs ieg\u016bsiet stabilu izpratni par lietuvie\u0161u valodas gramatiku un b\u016bsiet ce\u013c\u0101 uz valodas prasmes uzlabo\u0161anu.<\/p>\n<\/div><\/div>\n\r\n<section class=\"learnNavigationSection\">\r\n            \r\n        <a href=\"https:\/\/talkpal.ai\/lv\/uzziniet-lietuviesu-valodu\/\">\r\n            <div class=\"learnNavigationWrapper\">\r\n                <div class=\"learnNavigationContent\">\r\n                    <img decoding=\"async\" src=\"https:\/\/talkpal.ai\/wp-content\/uploads\/2024\/08\/Lithuanian.jpg\" alt=\"Lithuanian Flag\">\r\n                    <div>\r\n                        <h4>Par lietuvie\u0161u valodas apguvi<\/h4>\r\n                        <p>Uzziniet visu par lietuvie\u0161u valodas gramatiku.<\/p>\r\n                    <\/div>\r\n                <\/div>\r\n            <\/div>\r\n        <\/a>\r\n\r\n        \r\n        <a href=\"https:\/\/talkpal.ai\/lv\/lietuviesu-valodas-gramatika\/\">\r\n            <div class=\"learnNavigationWrapper\">\r\n                <div class=\"learnNavigationContent\">\r\n                    <img decoding=\"async\" src=\"https:\/\/talkpal.ai\/wp-content\/uploads\/2024\/08\/Lithuanian.jpg\" alt=\"Lithuanian Flag\">\r\n                    <div>\r\n                        <h4>Lietuvie\u0161u valodas gramatikas nodarb\u012bbas<\/h4>\r\n                        <p>Praktiz\u0113jiet lietuvie\u0161u gramatiku.<\/p>\r\n                    <\/div>\r\n                <\/div>\r\n            <\/div>\r\n        <\/a>\r\n\r\n        \r\n        <a href=\"https:\/\/talkpal.ai\/vocabulary_language\/lithuanian\/\">\r\n            <div class=\"learnNavigationWrapper\">\r\n                <div class=\"learnNavigationContent\">\r\n                    <img decoding=\"async\" src=\"https:\/\/talkpal.ai\/wp-content\/uploads\/2024\/08\/Lithuanian.jpg\" alt=\"Lithuanian Flag\">\r\n                    <div>\r\n                        <h4>Lietuvie\u0161u valodas v\u0101rdn\u012bca<\/h4>\r\n                        <p>Papla\u0161iniet savu lietuvie\u0161u valodas v\u0101rdu kr\u0101jumu.<\/p>\r\n                    <\/div>\r\n                <\/div>\r\n            <\/div>\r\n        <\/a>\r\n\r\n            <\/section>","protected":false},"excerpt":{"rendered":"<p>Lietuvie\u0161u valodas gramatikas t\u0113mas Lietuvie\u0161u valodas apguve ir ne tikai unik\u0101la un atalgojo\u0161a pieredze, bet t\u0101 ar\u012b paver piln\u012bgi jaunu kult\u016bras izp\u0113tes pasauli. Lietuvie\u0161u valoda k\u0101 baltu valoda ir saglab\u0101jusi daudzas seno indoeiropie\u0161u valodu iez\u012bmes, padarot to par noz\u012bm\u012bgu valodu v\u0113stures un valodas p\u0113t\u012bjumos. Lietuvie\u0161u valodas gramatika var \u0161\u0137ist sare\u017e\u0123\u012bta, ta\u010du, sadalot to maz\u0101k\u0101s t\u0113m\u0101s [&hellip;]<\/p>\n","protected":false},"author":6,"featured_media":114746,"parent":0,"menu_order":0,"comment_status":"closed","ping_status":"closed","template":"LearningContentPage.php","meta":{"_acf_changed":false,"footnotes":""},"class_list":["post-160186","page","type-page","status-publish","has-post-thumbnail","hentry"],"acf":[],"yoast_head":"<!-- This site is optimized with the Yoast SEO Premium plugin v27.2 (Yoast SEO v27.2) - https:\/\/yoast.com\/product\/yoast-seo-premium-wordpress\/ -->\n<title>Lietuvie\u0161u valodas gramatikas vingrin\u0101jumi - Talkpal<\/title>\n<meta name=\"description\" content=\"Apg\u016bstiet valodas nianses, izmantojot aizraujo\u0161us lietuvie\u0161u valodas gramatikas vingrin\u0101jumus, kas uzlabo j\u016bsu valodas zin\u0101\u0161anas.\" \/>\n<meta name=\"robots\" content=\"index, follow, max-snippet:-1, max-image-preview:large, max-video-preview:-1\" \/>\n<link rel=\"canonical\" href=\"https:\/\/talkpal.ai\/lv\/lietuviesu-valodas-gramatikas-vingrinajumi\/\" \/>\n<meta property=\"og:locale\" content=\"lv_LV\" \/>\n<meta property=\"og:type\" content=\"article\" \/>\n<meta property=\"og:title\" content=\"Lietuvie\u0161u valodas gramatikas vingrin\u0101jumi\" \/>\n<meta property=\"og:description\" content=\"Lietuvie\u0161u valodas gramatikas t\u0113mas Lietuvie\u0161u valodas apguve ir ne tikai unik\u0101la un atalgojo\u0161a pieredze, bet t\u0101 ar\u012b paver piln\u012bgi jaunu kult\u016bras izp\u0113tes\" \/>\n<meta property=\"og:url\" content=\"https:\/\/talkpal.ai\/lv\/lietuviesu-valodas-gramatikas-vingrinajumi\/\" \/>\n<meta property=\"og:site_name\" content=\"Talkpal\" \/>\n<meta property=\"article:publisher\" content=\"https:\/\/www.facebook.com\/profile.php?id=100090733639311\" \/>\n<meta property=\"article:modified_time\" content=\"2025-12-17T15:53:13+00:00\" \/>\n<meta property=\"og:image\" content=\"https:\/\/talkpal.ai\/wp-content\/uploads\/2023\/05\/Lithuanian.png\" \/>\n\t<meta property=\"og:image:width\" content=\"512\" \/>\n\t<meta property=\"og:image:height\" content=\"512\" \/>\n\t<meta property=\"og:image:type\" content=\"image\/png\" \/>\n<meta name=\"twitter:card\" content=\"summary_large_image\" \/>\n<meta name=\"twitter:site\" content=\"@talkpalai\" \/>\n<meta name=\"twitter:label1\" content=\"Est. reading time\" \/>\n\t<meta name=\"twitter:data1\" content=\"3 minutes\" \/>\n<script type=\"application\/ld+json\" class=\"yoast-schema-graph\">{\"@context\":\"https:\/\/schema.org\",\"@graph\":[{\"@type\":\"WebPage\",\"@id\":\"https:\/\/talkpal.ai\/lv\/lietuviesu-valodas-gramatikas-vingrinajumi\/\",\"url\":\"https:\/\/talkpal.ai\/lv\/lietuviesu-valodas-gramatikas-vingrinajumi\/\",\"name\":\"Lietuvie\u0161u valodas gramatikas vingrin\u0101jumi - Talkpal\",\"isPartOf\":{\"@id\":\"https:\/\/talkpal.ai\/lv\/#website\"},\"primaryImageOfPage\":{\"@id\":\"https:\/\/talkpal.ai\/lv\/lietuviesu-valodas-gramatikas-vingrinajumi\/#primaryimage\"},\"image\":{\"@id\":\"https:\/\/talkpal.ai\/lv\/lietuviesu-valodas-gramatikas-vingrinajumi\/#primaryimage\"},\"thumbnailUrl\":\"https:\/\/talkpal.ai\/wp-content\/uploads\/2023\/05\/Lithuanian.png\",\"datePublished\":\"2023-06-22T08:12:52+00:00\",\"dateModified\":\"2025-12-17T15:53:13+00:00\",\"description\":\"Apg\u016bstiet valodas nianses, izmantojot aizraujo\u0161us lietuvie\u0161u valodas gramatikas vingrin\u0101jumus, kas uzlabo j\u016bsu valodas zin\u0101\u0161anas.\",\"breadcrumb\":{\"@id\":\"https:\/\/talkpal.ai\/lv\/lietuviesu-valodas-gramatikas-vingrinajumi\/#breadcrumb\"},\"inLanguage\":\"lv-LV\",\"potentialAction\":[{\"@type\":\"ReadAction\",\"target\":[\"https:\/\/talkpal.ai\/lv\/lietuviesu-valodas-gramatikas-vingrinajumi\/\"]}]},{\"@type\":\"ImageObject\",\"inLanguage\":\"lv-LV\",\"@id\":\"https:\/\/talkpal.ai\/lv\/lietuviesu-valodas-gramatikas-vingrinajumi\/#primaryimage\",\"url\":\"https:\/\/talkpal.ai\/wp-content\/uploads\/2023\/05\/Lithuanian.png\",\"contentUrl\":\"https:\/\/talkpal.ai\/wp-content\/uploads\/2023\/05\/Lithuanian.png\",\"width\":512,\"height\":512},{\"@type\":\"BreadcrumbList\",\"@id\":\"https:\/\/talkpal.ai\/lv\/lietuviesu-valodas-gramatikas-vingrinajumi\/#breadcrumb\",\"itemListElement\":[{\"@type\":\"ListItem\",\"position\":1,\"name\":\"Homepage\",\"item\":\"https:\/\/talkpal.ai\/lv\/\"},{\"@type\":\"ListItem\",\"position\":2,\"name\":\"Lietuvie\u0161u valodas gramatikas vingrin\u0101jumi\"}]},{\"@type\":\"WebSite\",\"@id\":\"https:\/\/talkpal.ai\/lv\/#website\",\"url\":\"https:\/\/talkpal.ai\/lv\/\",\"name\":\"Talkpal\",\"description\":\"AI Language Learning\",\"publisher\":{\"@id\":\"https:\/\/talkpal.ai\/lv\/#organization\"},\"alternateName\":\"Talkpal AI\",\"potentialAction\":[{\"@type\":\"SearchAction\",\"target\":{\"@type\":\"EntryPoint\",\"urlTemplate\":\"https:\/\/talkpal.ai\/lv\/?s={search_term_string}\"},\"query-input\":{\"@type\":\"PropertyValueSpecification\",\"valueRequired\":true,\"valueName\":\"search_term_string\"}}],\"inLanguage\":\"lv-LV\"},{\"@type\":\"Organization\",\"@id\":\"https:\/\/talkpal.ai\/lv\/#organization\",\"name\":\"Talkpal, Inc.\",\"alternateName\":\"Talkpal AI\",\"url\":\"https:\/\/talkpal.ai\/lv\/\",\"logo\":{\"@type\":\"ImageObject\",\"inLanguage\":\"lv-LV\",\"@id\":\"https:\/\/talkpal.ai\/lv\/#\/schema\/logo\/image\/\",\"url\":\"https:\/\/talkpal.ai\/wp-content\/uploads\/2024\/03\/Talkpal-Logo-Icon.png\",\"contentUrl\":\"https:\/\/talkpal.ai\/wp-content\/uploads\/2024\/03\/Talkpal-Logo-Icon.png\",\"width\":2880,\"height\":2880,\"caption\":\"Talkpal, Inc.\"},\"image\":{\"@id\":\"https:\/\/talkpal.ai\/lv\/#\/schema\/logo\/image\/\"},\"sameAs\":[\"https:\/\/www.facebook.com\/profile.php?id=100090733639311\",\"https:\/\/x.com\/talkpalai\",\"https:\/\/www.linkedin.com\/company\/talkpal\/\",\"https:\/\/www.youtube.com\/@TalkPal\/\",\"https:\/\/www.tiktok.com\/@talkpal\",\"https:\/\/www.instagram.com\/talkpal_ai\/\",\"https:\/\/www.crunchbase.com\/organization\/talkpal-9cde\",\"https:\/\/www.g2.com\/products\/talkpal-for-business\/\",\"https:\/\/www.trustpilot.com\/review\/talkpal.ai\",\"https:\/\/www.capterra.com\/p\/10006800\/TalkPal\/\"],\"description\":\"Talkpal is a language learning web and mobile education app, powered by the latest AI technologies, that provides engaging experiences to its customers in many different languages to help them improve their language skills. Users can chat about unlimited amount of topics with the app and use other modes to practice their language learning.\",\"email\":\"support@talkpal.ai\",\"legalName\":\"Talkpal, Inc.\",\"foundingDate\":\"2023-04-03\",\"duns\":\"118989042\",\"numberOfEmployees\":{\"@type\":\"QuantitativeValue\",\"minValue\":\"11\",\"maxValue\":\"50\"},\"publishingPrinciples\":\"https:\/\/talkpal.ai\/publishing-principles\/\",\"actionableFeedbackPolicy\":\"https:\/\/talkpal.ai\/actionable-feedback-policy\/\",\"correctionsPolicy\":\"https:\/\/talkpal.ai\/corrections-policy\/\",\"ethicsPolicy\":\"https:\/\/talkpal.ai\/ethics-policy\/\",\"diversityPolicy\":\"https:\/\/talkpal.ai\/diversity-policy\/\",\"diversityStaffingReport\":\"https:\/\/talkpal.ai\/diversity-policy\/\"}]}<\/script>\n<!-- \/ Yoast SEO Premium plugin. -->","yoast_head_json":{"title":"Lietuvie\u0161u valodas gramatikas vingrin\u0101jumi - Talkpal","description":"Apg\u016bstiet valodas nianses, izmantojot aizraujo\u0161us lietuvie\u0161u valodas gramatikas vingrin\u0101jumus, kas uzlabo j\u016bsu valodas zin\u0101\u0161anas.","robots":{"index":"index","follow":"follow","max-snippet":"max-snippet:-1","max-image-preview":"max-image-preview:large","max-video-preview":"max-video-preview:-1"},"canonical":"https:\/\/talkpal.ai\/lv\/lietuviesu-valodas-gramatikas-vingrinajumi\/","og_locale":"lv_LV","og_type":"article","og_title":"Lietuvie\u0161u valodas gramatikas vingrin\u0101jumi","og_description":"Lietuvie\u0161u valodas gramatikas t\u0113mas Lietuvie\u0161u valodas apguve ir ne tikai unik\u0101la un atalgojo\u0161a pieredze, bet t\u0101 ar\u012b paver piln\u012bgi jaunu kult\u016bras izp\u0113tes","og_url":"https:\/\/talkpal.ai\/lv\/lietuviesu-valodas-gramatikas-vingrinajumi\/","og_site_name":"Talkpal","article_publisher":"https:\/\/www.facebook.com\/profile.php?id=100090733639311","article_modified_time":"2025-12-17T15:53:13+00:00","og_image":[{"width":512,"height":512,"url":"https:\/\/talkpal.ai\/wp-content\/uploads\/2023\/05\/Lithuanian.png","type":"image\/png"}],"twitter_card":"summary_large_image","twitter_site":"@talkpalai","twitter_misc":{"Est. reading time":"3 minutes"},"schema":{"@context":"https:\/\/schema.org","@graph":[{"@type":"WebPage","@id":"https:\/\/talkpal.ai\/lv\/lietuviesu-valodas-gramatikas-vingrinajumi\/","url":"https:\/\/talkpal.ai\/lv\/lietuviesu-valodas-gramatikas-vingrinajumi\/","name":"Lietuvie\u0161u valodas gramatikas vingrin\u0101jumi - Talkpal","isPartOf":{"@id":"https:\/\/talkpal.ai\/lv\/#website"},"primaryImageOfPage":{"@id":"https:\/\/talkpal.ai\/lv\/lietuviesu-valodas-gramatikas-vingrinajumi\/#primaryimage"},"image":{"@id":"https:\/\/talkpal.ai\/lv\/lietuviesu-valodas-gramatikas-vingrinajumi\/#primaryimage"},"thumbnailUrl":"https:\/\/talkpal.ai\/wp-content\/uploads\/2023\/05\/Lithuanian.png","datePublished":"2023-06-22T08:12:52+00:00","dateModified":"2025-12-17T15:53:13+00:00","description":"Apg\u016bstiet valodas nianses, izmantojot aizraujo\u0161us lietuvie\u0161u valodas gramatikas vingrin\u0101jumus, kas uzlabo j\u016bsu valodas zin\u0101\u0161anas.","breadcrumb":{"@id":"https:\/\/talkpal.ai\/lv\/lietuviesu-valodas-gramatikas-vingrinajumi\/#breadcrumb"},"inLanguage":"lv-LV","potentialAction":[{"@type":"ReadAction","target":["https:\/\/talkpal.ai\/lv\/lietuviesu-valodas-gramatikas-vingrinajumi\/"]}]},{"@type":"ImageObject","inLanguage":"lv-LV","@id":"https:\/\/talkpal.ai\/lv\/lietuviesu-valodas-gramatikas-vingrinajumi\/#primaryimage","url":"https:\/\/talkpal.ai\/wp-content\/uploads\/2023\/05\/Lithuanian.png","contentUrl":"https:\/\/talkpal.ai\/wp-content\/uploads\/2023\/05\/Lithuanian.png","width":512,"height":512},{"@type":"BreadcrumbList","@id":"https:\/\/talkpal.ai\/lv\/lietuviesu-valodas-gramatikas-vingrinajumi\/#breadcrumb","itemListElement":[{"@type":"ListItem","position":1,"name":"Homepage","item":"https:\/\/talkpal.ai\/lv\/"},{"@type":"ListItem","position":2,"name":"Lietuvie\u0161u valodas gramatikas vingrin\u0101jumi"}]},{"@type":"WebSite","@id":"https:\/\/talkpal.ai\/lv\/#website","url":"https:\/\/talkpal.ai\/lv\/","name":"Talkpal","description":"AI Language Learning","publisher":{"@id":"https:\/\/talkpal.ai\/lv\/#organization"},"alternateName":"Talkpal AI","potentialAction":[{"@type":"SearchAction","target":{"@type":"EntryPoint","urlTemplate":"https:\/\/talkpal.ai\/lv\/?s={search_term_string}"},"query-input":{"@type":"PropertyValueSpecification","valueRequired":true,"valueName":"search_term_string"}}],"inLanguage":"lv-LV"},{"@type":"Organization","@id":"https:\/\/talkpal.ai\/lv\/#organization","name":"Talkpal, Inc.","alternateName":"Talkpal AI","url":"https:\/\/talkpal.ai\/lv\/","logo":{"@type":"ImageObject","inLanguage":"lv-LV","@id":"https:\/\/talkpal.ai\/lv\/#\/schema\/logo\/image\/","url":"https:\/\/talkpal.ai\/wp-content\/uploads\/2024\/03\/Talkpal-Logo-Icon.png","contentUrl":"https:\/\/talkpal.ai\/wp-content\/uploads\/2024\/03\/Talkpal-Logo-Icon.png","width":2880,"height":2880,"caption":"Talkpal, Inc."},"image":{"@id":"https:\/\/talkpal.ai\/lv\/#\/schema\/logo\/image\/"},"sameAs":["https:\/\/www.facebook.com\/profile.php?id=100090733639311","https:\/\/x.com\/talkpalai","https:\/\/www.linkedin.com\/company\/talkpal\/","https:\/\/www.youtube.com\/@TalkPal\/","https:\/\/www.tiktok.com\/@talkpal","https:\/\/www.instagram.com\/talkpal_ai\/","https:\/\/www.crunchbase.com\/organization\/talkpal-9cde","https:\/\/www.g2.com\/products\/talkpal-for-business\/","https:\/\/www.trustpilot.com\/review\/talkpal.ai","https:\/\/www.capterra.com\/p\/10006800\/TalkPal\/"],"description":"Talkpal is a language learning web and mobile education app, powered by the latest AI technologies, that provides engaging experiences to its customers in many different languages to help them improve their language skills. Users can chat about unlimited amount of topics with the app and use other modes to practice their language learning.","email":"support@talkpal.ai","legalName":"Talkpal, Inc.","foundingDate":"2023-04-03","duns":"118989042","numberOfEmployees":{"@type":"QuantitativeValue","minValue":"11","maxValue":"50"},"publishingPrinciples":"https:\/\/talkpal.ai\/publishing-principles\/","actionableFeedbackPolicy":"https:\/\/talkpal.ai\/actionable-feedback-policy\/","correctionsPolicy":"https:\/\/talkpal.ai\/corrections-policy\/","ethicsPolicy":"https:\/\/talkpal.ai\/ethics-policy\/","diversityPolicy":"https:\/\/talkpal.ai\/diversity-policy\/","diversityStaffingReport":"https:\/\/talkpal.ai\/diversity-policy\/"}]}},"_links":{"self":[{"href":"https:\/\/talkpal.ai\/lv\/wp-json\/wp\/v2\/pages\/160186","targetHints":{"allow":["GET"]}}],"collection":[{"href":"https:\/\/talkpal.ai\/lv\/wp-json\/wp\/v2\/pages"}],"about":[{"href":"https:\/\/talkpal.ai\/lv\/wp-json\/wp\/v2\/types\/page"}],"author":[{"embeddable":true,"href":"https:\/\/talkpal.ai\/lv\/wp-json\/wp\/v2\/users\/6"}],"replies":[{"embeddable":true,"href":"https:\/\/talkpal.ai\/lv\/wp-json\/wp\/v2\/comments?post=160186"}],"version-history":[{"count":0,"href":"https:\/\/talkpal.ai\/lv\/wp-json\/wp\/v2\/pages\/160186\/revisions"}],"wp:featuredmedia":[{"embeddable":true,"href":"https:\/\/talkpal.ai\/lv\/wp-json\/wp\/v2\/media\/114746"}],"wp:attachment":[{"href":"https:\/\/talkpal.ai\/lv\/wp-json\/wp\/v2\/media?parent=160186"}],"curies":[{"name":"wp","href":"https:\/\/api.w.org\/{rel}","templated":true}]}}