{"id":159916,"date":"2023-06-22T08:24:14","date_gmt":"2023-06-22T08:24:14","guid":{"rendered":"http:\/\/talkpal.ai\/makedoniesu-gramatikas-vingrinajumi\/"},"modified":"2025-12-17T15:56:33","modified_gmt":"2025-12-17T15:56:33","slug":"makedoniesu-gramatikas-vingrinajumi","status":"publish","type":"page","link":"https:\/\/talkpal.ai\/lv\/makedoniesu-gramatikas-vingrinajumi\/","title":{"rendered":"Ma\u0137edonie\u0161u gramatikas vingrin\u0101jumi"},"content":{"rendered":"\r\n\r\n\r\n<section class=\"languageChallengeSection\">\r\n    <div class=\"languageInfoWrapper\">\r\n        \r\n        <h1>Ma\u0137edonie\u0161u gramatikas vingrin\u0101jumi<\/h1>\r\n        <p>Vai v\u0113laties nostiprin\u0101t p\u0101rliec\u012bbu par savu <a href=\"https:\/\/talkpal.ai\/learn-macedonian\/\">ma\u0137edonie\u0161u<\/a> valodu? Gramatikas vingrin\u0101jumu praktiz\u0113\u0161ana ir lielisks veids, k\u0101 izprast teikuma strukt\u016bru, darb\u012bbas v\u0101rdu formas un ma\u0137edonie\u0161u <a href=\"https:\/\/talkpal.ai\/what-language-is-spoken-on-the-international-space-station\/\">valodas<\/a> unik\u0101l\u0101s iez\u012bmes. S\u0101ciet p\u0113t\u012bt ma\u0137edonie\u0161u valodas gramatiku jau \u0161odien un redz\u0113siet, k\u0101 ar katru vingrin\u0101jumu aug j\u016bsu prasmes un valodas zin\u0101\u0161anas!<\/p>\r\n\r\n                            <a class=\"getStartedHidden\" href=\"https:\/\/app.talkpal.ai\/lv\/signup?lng=\">S\u0101c<\/a>\r\n        \r\n    <\/div>\r\n\r\n    <figure>\r\n    <img decoding=\"async\" width=\"768\" height=\"768\" src=\"https:\/\/talkpal.ai\/wp-content\/uploads\/2023\/06\/macedonian-768x768.png\" class=\"languageImage no-lazy\" alt=\"Language learning through conversational practice\" fetchpriority=\"high\" sizes=\"(max-width: 768px) 150px, 768px\" srcset=\"https:\/\/talkpal.ai\/wp-content\/uploads\/2023\/06\/macedonian-768x768.png 768w, https:\/\/talkpal.ai\/wp-content\/uploads\/2023\/06\/macedonian-300x300.png 300w\" \/>\r\n    \r\n\r\n    <\/figure>\r\n\r\n            <a class=\"getStartedVisible\" href=\"https:\/\/app.talkpal.ai\/lv\/signup?lng=\">S\u0101c<\/a>\r\n    \r\n<\/section>\r\n\r\n\r\n<!-- <section class=\"grammarSection\">\r\n    <div class=\"grammarLinks\">\r\n            <\/div>\r\n<\/section> -->\r\n\r\n\r\n\r\n\r\n<section class=\"promotionalBanner\">\r\n    <p class=\"promotionalText\">Visefekt\u012bv\u0101kais veids, k\u0101 apg\u016bt valodu<\/p>\r\n    <a class=\"promotionalLink\" href=\"https:\/\/app.talkpal.ai\/lv\/signup?lng=\">Izm\u0113\u0123iniet Talkpal bez maksas<\/a>\r\n<\/section>\n<div class=\"wp-block-group pageContainerStyle\"><div class=\"wp-block-group__inner-container is-layout-constrained wp-block-group-is-layout-constrained\">\n<h2 class=\"wp-block-heading\" id=\"h-macedonian-grammar-topics\">Ma\u0137edonie\u0161u gramatikas t\u0113mas<\/h2>\n\n\n\n<header id=\"main-header\" data-height-onload=\"80\" data-height-loaded=\"true\" data-fixed-height-onload=\"80\">\n<p>Ma\u0137edonie\u0161u, dienvidsl\u0101vu valoda, ir Zieme\u013cma\u0137edonijas ofici\u0101l\u0101 valoda. To run\u0101 vair\u0101k nek\u0101 divi miljoni cilv\u0113ku vis\u0101 pasaul\u0113, un t\u0101 pied\u0101v\u0101 unik\u0101lu valodas pieredzi, pateicoties t\u0101s \u012bpa\u0161ajiem gramatikas noteikumiem un bag\u0101t\u012bgajam v\u0101rdu kr\u0101jumam. \u0160\u012b rokasgr\u0101mata sniegs jums p\u0101rskatu par b\u016btisk\u0101m ma\u0137edonie\u0161u gramatikas t\u0113m\u0101m, kas sak\u0101rtotas sec\u012bb\u0101, kas atvieglos j\u016bsu m\u0101c\u012bbu procesu. No sasprindzin\u0101juma l\u012bdz teikumu strukt\u016br\u0101m m\u0113s aptversim visu nepiecie\u0161amo inform\u0101ciju, lai pal\u012bdz\u0113tu jums s\u0101kt savu ce\u013cu uz ma\u0137edonie\u0161u valodas apguvi.<\/p>\n<h3>1. Lietv\u0101rdi:<\/h3>\n<p>T\u0101pat k\u0101 cit\u0101m sl\u0101vu valod\u0101m, ma\u0137edonie\u0161u lietv\u0101rdiem ir tr\u012bs dzimumi (v\u012bri\u0161\u0137ais, sievi\u0161\u0137ais un neitr\u0101ls), un tie ir inflekt\u0113ti par gad\u012bjumu un skaitu. Dzimuma un pareizo l\u0113cienu apguve ir b\u016btiska, lai veidotu gramatiski pareizus teikumus.<\/p>\n<h3>2. Raksti:<\/h3>\n<p>ma\u0137edonie\u0161u valod\u0101 ir tikai viens konkr\u0113ts raksts, kas at\u0161\u0137iras atkar\u012bb\u0101 no dzimuma un gad\u012bjuma. Ma\u0137edonie\u0161u valod\u0101 nav nenoteikto locek\u013cu, bet skait\u013ca &#8220;viens&#8221; var lietot l\u012bdz\u012bgi.<\/p>\n<h3>3. \u012apa\u0161\u012bbas v\u0101rdi:<\/h3>\n<p>\u012apa\u0161\u012bbas v\u0101rdi ma\u0137edonie\u0161u valod\u0101 piekr\u012bt lietv\u0101rdiem, kurus tie maina dzimum\u0101, skait\u0101 un gad\u012bjum\u0101. Vi\u0146iem ir gan garas, gan \u012bsas formas, kuras tiek izmantotas da\u017e\u0101dos kontekstos.<\/p>\n<h3>4. Vietniekv\u0101rdi\/noteic\u0113ji:<\/h3>\n<p>Ma\u0137edonie\u0161u valod\u0101 ir da\u017e\u0101di vietniekv\u0101rdi un noteic\u0113ji, kas ir b\u016btiski teikumu veido\u0161an\u0101. Vi\u0146i aizst\u0101j vai maina lietv\u0101rdus un piekr\u012bt tiem dzimum\u0101, skait\u0101 un gad\u012bjum\u0101.<\/p>\n<h3>5. Darb\u012bbas v\u0101rdi:<\/h3>\n<p>Darb\u012bbas v\u0101rdi ir ma\u0137edonie\u0161u gramatikas centr\u0101. Tie konjug\u0113 cilv\u0113ku un skaitu, un tiem ir da\u017e\u0101di sasprindzin\u0101jumi, aspekti un noska\u0146as.<\/p>\n<h3>6. Sasprindzin\u0101jums:<\/h3>\n<p>Ma\u0137edonie\u0161iem ir tr\u012bs pamata sasprindzin\u0101jumi \u2013 pag\u0101tne, tagadne un n\u0101kotne. Tie tiek veidoti, izmantojot da\u017e\u0101das darb\u012bbas v\u0101rdu konjug\u0101cijas un pal\u012bgv\u0101rdus. Ir svar\u012bgi izprast katra sasprindzin\u0101juma veido\u0161anos un izmanto\u0161anu, lai prec\u012bzi izteiktu darb\u012bbas un notikumus.<\/p>\n<h3>7. Saspringts sal\u012bdzin\u0101jums:<\/h3>\n<p>Lai nodotu noz\u012bmi, ir svar\u012bgi sal\u012bdzin\u0101t darb\u012bbas un notikumus da\u017e\u0101dos laikos. Ma\u0137edonie\u0161u valod\u0101 \u0161is sal\u012bdzin\u0101jums tiek pan\u0101kts, izmantojot \u012bpa\u0161as darb\u012bbas v\u0101rdu formas un pal\u012bgv\u0101rdus.<\/p>\n<h3>8. Progres\u012bvs:<\/h3>\n<p>Progres\u012bvais aspekts ma\u0137edonie\u0161u valod\u0101 tiek izmantots, lai nor\u0101d\u012btu uz notieko\u0161aj\u0101m darb\u012bb\u0101m. To veido, izmantojot darb\u012bbas v\u0101rda &#8220;b\u016bt&#8221; tagadnes laiku un galven\u0101 darb\u012bbas v\u0101rda tagadnes darb\u012bbas v\u0101rdu.<\/p>\n<h3>9. Ide\u0101ls progres\u012bvs:<\/h3>\n<p>\u0160is aspekts apvieno progres\u012bvos un perfektos aspektus, lai aprakst\u012btu darb\u012bbas, kas notika pag\u0101tn\u0113 un kur\u0101m ir saikne ar tagadni. To veido, izmantojot darb\u012bbas v\u0101rda &#8220;b\u016bt&#8221; tagadnes laiku un galven\u0101 darb\u012bbas v\u0101rda pag\u0101tnes darb\u012bbas v\u0101rdu.<\/p>\n<h3>10. Adverbi:<\/h3>\n<p>Adverbi ma\u0137edonie\u0161u valod\u0101 tiek izmantoti, lai modific\u0113tu darb\u012bbas v\u0101rdus, \u012bpa\u0161\u012bbas v\u0101rdus vai citus adverbus. Tie parasti nemaina formu un ir viegli atpaz\u012bstami p\u0113c tipiskaj\u0101m galotn\u0113m.<\/p>\n<h3>11. Nosac\u012bjumi:<\/h3>\n<p>Ma\u0137edonie\u0161u valodai ir tr\u012bs veidu nosac\u012bjumi \u2013 re\u0101ls, nere\u0101ls un potenci\u0101ls. Tos izmanto, lai izteiktu hipot\u0113tiskas situ\u0101cijas un to sekas.<\/p>\n<h3>12. Priev\u0101rdi:<\/h3>\n<p>Priev\u0101rdi ma\u0137edonie\u0161u valod\u0101 ir b\u016btiski, veidojot fr\u0101zes un teikumus. Tie nor\u0101da da\u017e\u0101das attiec\u012bbas starp v\u0101rdiem, piem\u0113ram, atra\u0161an\u0101s vietu, virzienu, laiku vai c\u0113loni.<\/p>\n<h3>13. Teikumi:<\/h3>\n<p>Ma\u0137edonie\u0161u teikumu strukt\u016bras izpratne ir b\u016btiska efekt\u012bvai komunik\u0101cijai. Ma\u0137edonie\u0161u teikumi parasti atbilst t\u0113mas-darb\u012bbas v\u0101rda-objekta (SVO) v\u0101rdu sec\u012bbai, bet vari\u0101cijas var rasties atkar\u012bb\u0101 no uzsvara un konteksta.<\/p>\n<\/header>\n\n\n\n<footer> <\/footer>\n<\/div><\/div>\n\r\n<section class=\"learnNavigationSection\">\r\n            \r\n        <a href=\"https:\/\/talkpal.ai\/lv\/uzziniet-makedoniesu-valodu\/\">\r\n            <div class=\"learnNavigationWrapper\">\r\n                <div class=\"learnNavigationContent\">\r\n                    <img decoding=\"async\" src=\"https:\/\/talkpal.ai\/wp-content\/uploads\/2024\/08\/Macedonian.jpg\" alt=\"Macedonian Flag\">\r\n                    <div>\r\n                        <h4>Par makedonie\u0161u valodas apguvi<\/h4>\r\n                        <p>Uzziniet visu par ma\u0137edonie\u0161u gramatiku.<\/p>\r\n                    <\/div>\r\n                <\/div>\r\n            <\/div>\r\n        <\/a>\r\n\r\n        \r\n        <a href=\"https:\/\/talkpal.ai\/lv\/makedoniesu-gramatika\/\">\r\n            <div class=\"learnNavigationWrapper\">\r\n                <div class=\"learnNavigationContent\">\r\n                    <img decoding=\"async\" src=\"https:\/\/talkpal.ai\/wp-content\/uploads\/2024\/08\/Macedonian.jpg\" alt=\"Macedonian Flag\">\r\n                    <div>\r\n                        <h4>Ma\u0137edonie\u0161u gramatikas stundas<\/h4>\r\n                        <p>Praktiz\u0113jiet ma\u0137edonie\u0161u gramatiku.<\/p>\r\n                    <\/div>\r\n                <\/div>\r\n            <\/div>\r\n        <\/a>\r\n\r\n        \r\n        <a href=\"https:\/\/talkpal.ai\/vocabulary_language\/macedonian\/\">\r\n            <div class=\"learnNavigationWrapper\">\r\n                <div class=\"learnNavigationContent\">\r\n                    <img decoding=\"async\" src=\"https:\/\/talkpal.ai\/wp-content\/uploads\/2024\/08\/Macedonian.jpg\" alt=\"Macedonian Flag\">\r\n                    <div>\r\n                        <h4>Ma\u0137edonie\u0161u valodas v\u0101rdn\u012bca<\/h4>\r\n                        <p>Papla\u0161iniet savu ma\u0137edonie\u0161u valodas v\u0101rdu kr\u0101jumu.<\/p>\r\n                    <\/div>\r\n                <\/div>\r\n            <\/div>\r\n        <\/a>\r\n\r\n            <\/section>","protected":false},"excerpt":{"rendered":"<p>Ma\u0137edonie\u0161u gramatikas t\u0113mas Ma\u0137edonie\u0161u, dienvidsl\u0101vu valoda, ir Zieme\u013cma\u0137edonijas ofici\u0101l\u0101 valoda. To run\u0101 vair\u0101k nek\u0101 divi miljoni cilv\u0113ku vis\u0101 pasaul\u0113, un t\u0101 pied\u0101v\u0101 unik\u0101lu valodas pieredzi, pateicoties t\u0101s \u012bpa\u0161ajiem gramatikas noteikumiem un bag\u0101t\u012bgajam v\u0101rdu kr\u0101jumam. \u0160\u012b rokasgr\u0101mata sniegs jums p\u0101rskatu par b\u016btisk\u0101m ma\u0137edonie\u0161u gramatikas t\u0113m\u0101m, kas sak\u0101rtotas sec\u012bb\u0101, kas atvieglos j\u016bsu m\u0101c\u012bbu procesu. No sasprindzin\u0101juma l\u012bdz [&hellip;]<\/p>\n","protected":false},"author":6,"featured_media":115307,"parent":0,"menu_order":0,"comment_status":"closed","ping_status":"closed","template":"LearningContentPage.php","meta":{"_acf_changed":false,"footnotes":""},"class_list":["post-159916","page","type-page","status-publish","has-post-thumbnail","hentry"],"acf":[],"yoast_head":"<!-- This site is optimized with the Yoast SEO Premium plugin v27.2 (Yoast SEO v27.2) - https:\/\/yoast.com\/product\/yoast-seo-premium-wordpress\/ -->\n<title>Ma\u0137edonie\u0161u gramatikas vingrin\u0101jumi - Talkpal<\/title>\n<meta name=\"description\" content=\"Apg\u016bstiet Ma\u0137edonie\u0161u valodas gramatiku ar interakt\u012bviem Ma\u0137edonie\u0161u valodas gramatikas vingrin\u0101jumiem no Talkpal, j\u016bsu m\u0101ksl\u012bg\u0101 intelekta darbin\u0101tais valodas skolot\u0101js.\" \/>\n<meta name=\"robots\" content=\"index, follow, max-snippet:-1, max-image-preview:large, max-video-preview:-1\" \/>\n<link rel=\"canonical\" href=\"https:\/\/talkpal.ai\/lv\/makedoniesu-gramatikas-vingrinajumi\/\" \/>\n<meta property=\"og:locale\" content=\"lv_LV\" \/>\n<meta property=\"og:type\" content=\"article\" \/>\n<meta property=\"og:title\" content=\"Ma\u0137edonie\u0161u gramatikas vingrin\u0101jumi\" \/>\n<meta property=\"og:description\" content=\"Ma\u0137edonie\u0161u gramatikas t\u0113mas Ma\u0137edonie\u0161u, dienvidsl\u0101vu valoda, ir Zieme\u013cma\u0137edonijas ofici\u0101l\u0101 valoda. To run\u0101 vair\u0101k nek\u0101 divi miljoni cilv\u0113ku vis\u0101\" \/>\n<meta property=\"og:url\" content=\"https:\/\/talkpal.ai\/lv\/makedoniesu-gramatikas-vingrinajumi\/\" \/>\n<meta property=\"og:site_name\" content=\"Talkpal\" \/>\n<meta property=\"article:publisher\" content=\"https:\/\/www.facebook.com\/profile.php?id=100090733639311\" \/>\n<meta property=\"article:modified_time\" content=\"2025-12-17T15:56:33+00:00\" \/>\n<meta property=\"og:image\" content=\"https:\/\/talkpal.ai\/wp-content\/uploads\/2023\/05\/republic-of-macedonia.png\" \/>\n\t<meta property=\"og:image:width\" content=\"512\" \/>\n\t<meta property=\"og:image:height\" content=\"512\" \/>\n\t<meta property=\"og:image:type\" content=\"image\/png\" \/>\n<meta name=\"twitter:card\" content=\"summary_large_image\" \/>\n<meta name=\"twitter:site\" content=\"@talkpalai\" \/>\n<meta name=\"twitter:label1\" content=\"Est. reading time\" \/>\n\t<meta name=\"twitter:data1\" content=\"3 minutes\" \/>\n<script type=\"application\/ld+json\" class=\"yoast-schema-graph\">{\"@context\":\"https:\/\/schema.org\",\"@graph\":[{\"@type\":\"WebPage\",\"@id\":\"https:\/\/talkpal.ai\/lv\/makedoniesu-gramatikas-vingrinajumi\/\",\"url\":\"https:\/\/talkpal.ai\/lv\/makedoniesu-gramatikas-vingrinajumi\/\",\"name\":\"Ma\u0137edonie\u0161u gramatikas vingrin\u0101jumi - Talkpal\",\"isPartOf\":{\"@id\":\"https:\/\/talkpal.ai\/lv\/#website\"},\"primaryImageOfPage\":{\"@id\":\"https:\/\/talkpal.ai\/lv\/makedoniesu-gramatikas-vingrinajumi\/#primaryimage\"},\"image\":{\"@id\":\"https:\/\/talkpal.ai\/lv\/makedoniesu-gramatikas-vingrinajumi\/#primaryimage\"},\"thumbnailUrl\":\"https:\/\/talkpal.ai\/wp-content\/uploads\/2023\/05\/republic-of-macedonia.png\",\"datePublished\":\"2023-06-22T08:24:14+00:00\",\"dateModified\":\"2025-12-17T15:56:33+00:00\",\"description\":\"Apg\u016bstiet Ma\u0137edonie\u0161u valodas gramatiku ar interakt\u012bviem Ma\u0137edonie\u0161u valodas gramatikas vingrin\u0101jumiem no Talkpal, j\u016bsu m\u0101ksl\u012bg\u0101 intelekta darbin\u0101tais valodas skolot\u0101js.\",\"breadcrumb\":{\"@id\":\"https:\/\/talkpal.ai\/lv\/makedoniesu-gramatikas-vingrinajumi\/#breadcrumb\"},\"inLanguage\":\"lv-LV\",\"potentialAction\":[{\"@type\":\"ReadAction\",\"target\":[\"https:\/\/talkpal.ai\/lv\/makedoniesu-gramatikas-vingrinajumi\/\"]}]},{\"@type\":\"ImageObject\",\"inLanguage\":\"lv-LV\",\"@id\":\"https:\/\/talkpal.ai\/lv\/makedoniesu-gramatikas-vingrinajumi\/#primaryimage\",\"url\":\"https:\/\/talkpal.ai\/wp-content\/uploads\/2023\/05\/republic-of-macedonia.png\",\"contentUrl\":\"https:\/\/talkpal.ai\/wp-content\/uploads\/2023\/05\/republic-of-macedonia.png\",\"width\":512,\"height\":512},{\"@type\":\"BreadcrumbList\",\"@id\":\"https:\/\/talkpal.ai\/lv\/makedoniesu-gramatikas-vingrinajumi\/#breadcrumb\",\"itemListElement\":[{\"@type\":\"ListItem\",\"position\":1,\"name\":\"Homepage\",\"item\":\"https:\/\/talkpal.ai\/lv\/\"},{\"@type\":\"ListItem\",\"position\":2,\"name\":\"Ma\u0137edonie\u0161u gramatikas vingrin\u0101jumi\"}]},{\"@type\":\"WebSite\",\"@id\":\"https:\/\/talkpal.ai\/lv\/#website\",\"url\":\"https:\/\/talkpal.ai\/lv\/\",\"name\":\"Talkpal\",\"description\":\"AI Language Learning\",\"publisher\":{\"@id\":\"https:\/\/talkpal.ai\/lv\/#organization\"},\"alternateName\":\"Talkpal AI\",\"potentialAction\":[{\"@type\":\"SearchAction\",\"target\":{\"@type\":\"EntryPoint\",\"urlTemplate\":\"https:\/\/talkpal.ai\/lv\/?s={search_term_string}\"},\"query-input\":{\"@type\":\"PropertyValueSpecification\",\"valueRequired\":true,\"valueName\":\"search_term_string\"}}],\"inLanguage\":\"lv-LV\"},{\"@type\":\"Organization\",\"@id\":\"https:\/\/talkpal.ai\/lv\/#organization\",\"name\":\"Talkpal, Inc.\",\"alternateName\":\"Talkpal AI\",\"url\":\"https:\/\/talkpal.ai\/lv\/\",\"logo\":{\"@type\":\"ImageObject\",\"inLanguage\":\"lv-LV\",\"@id\":\"https:\/\/talkpal.ai\/lv\/#\/schema\/logo\/image\/\",\"url\":\"https:\/\/talkpal.ai\/wp-content\/uploads\/2024\/03\/Talkpal-Logo-Icon.png\",\"contentUrl\":\"https:\/\/talkpal.ai\/wp-content\/uploads\/2024\/03\/Talkpal-Logo-Icon.png\",\"width\":2880,\"height\":2880,\"caption\":\"Talkpal, Inc.\"},\"image\":{\"@id\":\"https:\/\/talkpal.ai\/lv\/#\/schema\/logo\/image\/\"},\"sameAs\":[\"https:\/\/www.facebook.com\/profile.php?id=100090733639311\",\"https:\/\/x.com\/talkpalai\",\"https:\/\/www.linkedin.com\/company\/talkpal\/\",\"https:\/\/www.youtube.com\/@TalkPal\/\",\"https:\/\/www.tiktok.com\/@talkpal\",\"https:\/\/www.instagram.com\/talkpal_ai\/\",\"https:\/\/www.crunchbase.com\/organization\/talkpal-9cde\",\"https:\/\/www.g2.com\/products\/talkpal-for-business\/\",\"https:\/\/www.trustpilot.com\/review\/talkpal.ai\",\"https:\/\/www.capterra.com\/p\/10006800\/TalkPal\/\"],\"description\":\"Talkpal is a language learning web and mobile education app, powered by the latest AI technologies, that provides engaging experiences to its customers in many different languages to help them improve their language skills. Users can chat about unlimited amount of topics with the app and use other modes to practice their language learning.\",\"email\":\"support@talkpal.ai\",\"legalName\":\"Talkpal, Inc.\",\"foundingDate\":\"2023-04-03\",\"duns\":\"118989042\",\"numberOfEmployees\":{\"@type\":\"QuantitativeValue\",\"minValue\":\"11\",\"maxValue\":\"50\"},\"publishingPrinciples\":\"https:\/\/talkpal.ai\/publishing-principles\/\",\"actionableFeedbackPolicy\":\"https:\/\/talkpal.ai\/actionable-feedback-policy\/\",\"correctionsPolicy\":\"https:\/\/talkpal.ai\/corrections-policy\/\",\"ethicsPolicy\":\"https:\/\/talkpal.ai\/ethics-policy\/\",\"diversityPolicy\":\"https:\/\/talkpal.ai\/diversity-policy\/\",\"diversityStaffingReport\":\"https:\/\/talkpal.ai\/diversity-policy\/\"}]}<\/script>\n<!-- \/ Yoast SEO Premium plugin. -->","yoast_head_json":{"title":"Ma\u0137edonie\u0161u gramatikas vingrin\u0101jumi - Talkpal","description":"Apg\u016bstiet Ma\u0137edonie\u0161u valodas gramatiku ar interakt\u012bviem Ma\u0137edonie\u0161u valodas gramatikas vingrin\u0101jumiem no Talkpal, j\u016bsu m\u0101ksl\u012bg\u0101 intelekta darbin\u0101tais valodas skolot\u0101js.","robots":{"index":"index","follow":"follow","max-snippet":"max-snippet:-1","max-image-preview":"max-image-preview:large","max-video-preview":"max-video-preview:-1"},"canonical":"https:\/\/talkpal.ai\/lv\/makedoniesu-gramatikas-vingrinajumi\/","og_locale":"lv_LV","og_type":"article","og_title":"Ma\u0137edonie\u0161u gramatikas vingrin\u0101jumi","og_description":"Ma\u0137edonie\u0161u gramatikas t\u0113mas Ma\u0137edonie\u0161u, dienvidsl\u0101vu valoda, ir Zieme\u013cma\u0137edonijas ofici\u0101l\u0101 valoda. To run\u0101 vair\u0101k nek\u0101 divi miljoni cilv\u0113ku vis\u0101","og_url":"https:\/\/talkpal.ai\/lv\/makedoniesu-gramatikas-vingrinajumi\/","og_site_name":"Talkpal","article_publisher":"https:\/\/www.facebook.com\/profile.php?id=100090733639311","article_modified_time":"2025-12-17T15:56:33+00:00","og_image":[{"width":512,"height":512,"url":"https:\/\/talkpal.ai\/wp-content\/uploads\/2023\/05\/republic-of-macedonia.png","type":"image\/png"}],"twitter_card":"summary_large_image","twitter_site":"@talkpalai","twitter_misc":{"Est. reading time":"3 minutes"},"schema":{"@context":"https:\/\/schema.org","@graph":[{"@type":"WebPage","@id":"https:\/\/talkpal.ai\/lv\/makedoniesu-gramatikas-vingrinajumi\/","url":"https:\/\/talkpal.ai\/lv\/makedoniesu-gramatikas-vingrinajumi\/","name":"Ma\u0137edonie\u0161u gramatikas vingrin\u0101jumi - Talkpal","isPartOf":{"@id":"https:\/\/talkpal.ai\/lv\/#website"},"primaryImageOfPage":{"@id":"https:\/\/talkpal.ai\/lv\/makedoniesu-gramatikas-vingrinajumi\/#primaryimage"},"image":{"@id":"https:\/\/talkpal.ai\/lv\/makedoniesu-gramatikas-vingrinajumi\/#primaryimage"},"thumbnailUrl":"https:\/\/talkpal.ai\/wp-content\/uploads\/2023\/05\/republic-of-macedonia.png","datePublished":"2023-06-22T08:24:14+00:00","dateModified":"2025-12-17T15:56:33+00:00","description":"Apg\u016bstiet Ma\u0137edonie\u0161u valodas gramatiku ar interakt\u012bviem Ma\u0137edonie\u0161u valodas gramatikas vingrin\u0101jumiem no Talkpal, j\u016bsu m\u0101ksl\u012bg\u0101 intelekta darbin\u0101tais valodas skolot\u0101js.","breadcrumb":{"@id":"https:\/\/talkpal.ai\/lv\/makedoniesu-gramatikas-vingrinajumi\/#breadcrumb"},"inLanguage":"lv-LV","potentialAction":[{"@type":"ReadAction","target":["https:\/\/talkpal.ai\/lv\/makedoniesu-gramatikas-vingrinajumi\/"]}]},{"@type":"ImageObject","inLanguage":"lv-LV","@id":"https:\/\/talkpal.ai\/lv\/makedoniesu-gramatikas-vingrinajumi\/#primaryimage","url":"https:\/\/talkpal.ai\/wp-content\/uploads\/2023\/05\/republic-of-macedonia.png","contentUrl":"https:\/\/talkpal.ai\/wp-content\/uploads\/2023\/05\/republic-of-macedonia.png","width":512,"height":512},{"@type":"BreadcrumbList","@id":"https:\/\/talkpal.ai\/lv\/makedoniesu-gramatikas-vingrinajumi\/#breadcrumb","itemListElement":[{"@type":"ListItem","position":1,"name":"Homepage","item":"https:\/\/talkpal.ai\/lv\/"},{"@type":"ListItem","position":2,"name":"Ma\u0137edonie\u0161u gramatikas vingrin\u0101jumi"}]},{"@type":"WebSite","@id":"https:\/\/talkpal.ai\/lv\/#website","url":"https:\/\/talkpal.ai\/lv\/","name":"Talkpal","description":"AI Language Learning","publisher":{"@id":"https:\/\/talkpal.ai\/lv\/#organization"},"alternateName":"Talkpal AI","potentialAction":[{"@type":"SearchAction","target":{"@type":"EntryPoint","urlTemplate":"https:\/\/talkpal.ai\/lv\/?s={search_term_string}"},"query-input":{"@type":"PropertyValueSpecification","valueRequired":true,"valueName":"search_term_string"}}],"inLanguage":"lv-LV"},{"@type":"Organization","@id":"https:\/\/talkpal.ai\/lv\/#organization","name":"Talkpal, Inc.","alternateName":"Talkpal AI","url":"https:\/\/talkpal.ai\/lv\/","logo":{"@type":"ImageObject","inLanguage":"lv-LV","@id":"https:\/\/talkpal.ai\/lv\/#\/schema\/logo\/image\/","url":"https:\/\/talkpal.ai\/wp-content\/uploads\/2024\/03\/Talkpal-Logo-Icon.png","contentUrl":"https:\/\/talkpal.ai\/wp-content\/uploads\/2024\/03\/Talkpal-Logo-Icon.png","width":2880,"height":2880,"caption":"Talkpal, Inc."},"image":{"@id":"https:\/\/talkpal.ai\/lv\/#\/schema\/logo\/image\/"},"sameAs":["https:\/\/www.facebook.com\/profile.php?id=100090733639311","https:\/\/x.com\/talkpalai","https:\/\/www.linkedin.com\/company\/talkpal\/","https:\/\/www.youtube.com\/@TalkPal\/","https:\/\/www.tiktok.com\/@talkpal","https:\/\/www.instagram.com\/talkpal_ai\/","https:\/\/www.crunchbase.com\/organization\/talkpal-9cde","https:\/\/www.g2.com\/products\/talkpal-for-business\/","https:\/\/www.trustpilot.com\/review\/talkpal.ai","https:\/\/www.capterra.com\/p\/10006800\/TalkPal\/"],"description":"Talkpal is a language learning web and mobile education app, powered by the latest AI technologies, that provides engaging experiences to its customers in many different languages to help them improve their language skills. Users can chat about unlimited amount of topics with the app and use other modes to practice their language learning.","email":"support@talkpal.ai","legalName":"Talkpal, Inc.","foundingDate":"2023-04-03","duns":"118989042","numberOfEmployees":{"@type":"QuantitativeValue","minValue":"11","maxValue":"50"},"publishingPrinciples":"https:\/\/talkpal.ai\/publishing-principles\/","actionableFeedbackPolicy":"https:\/\/talkpal.ai\/actionable-feedback-policy\/","correctionsPolicy":"https:\/\/talkpal.ai\/corrections-policy\/","ethicsPolicy":"https:\/\/talkpal.ai\/ethics-policy\/","diversityPolicy":"https:\/\/talkpal.ai\/diversity-policy\/","diversityStaffingReport":"https:\/\/talkpal.ai\/diversity-policy\/"}]}},"_links":{"self":[{"href":"https:\/\/talkpal.ai\/lv\/wp-json\/wp\/v2\/pages\/159916","targetHints":{"allow":["GET"]}}],"collection":[{"href":"https:\/\/talkpal.ai\/lv\/wp-json\/wp\/v2\/pages"}],"about":[{"href":"https:\/\/talkpal.ai\/lv\/wp-json\/wp\/v2\/types\/page"}],"author":[{"embeddable":true,"href":"https:\/\/talkpal.ai\/lv\/wp-json\/wp\/v2\/users\/6"}],"replies":[{"embeddable":true,"href":"https:\/\/talkpal.ai\/lv\/wp-json\/wp\/v2\/comments?post=159916"}],"version-history":[{"count":0,"href":"https:\/\/talkpal.ai\/lv\/wp-json\/wp\/v2\/pages\/159916\/revisions"}],"wp:featuredmedia":[{"embeddable":true,"href":"https:\/\/talkpal.ai\/lv\/wp-json\/wp\/v2\/media\/115307"}],"wp:attachment":[{"href":"https:\/\/talkpal.ai\/lv\/wp-json\/wp\/v2\/media?parent=159916"}],"curies":[{"name":"wp","href":"https:\/\/api.w.org\/{rel}","templated":true}]}}