{"id":159645,"date":"2023-06-22T08:29:59","date_gmt":"2023-06-22T08:29:59","guid":{"rendered":"http:\/\/talkpal.ai\/malajiesu-gramatikas-vingrinajumi\/"},"modified":"2025-12-17T15:23:06","modified_gmt":"2025-12-17T15:23:06","slug":"malajiesu-gramatikas-vingrinajumi","status":"publish","type":"page","link":"https:\/\/talkpal.ai\/lv\/malajiesu-gramatikas-vingrinajumi\/","title":{"rendered":"Malajie\u0161u gramatikas vingrin\u0101jumi"},"content":{"rendered":"\r\n\r\n\r\n<section class=\"languageChallengeSection\">\r\n    <div class=\"languageInfoWrapper\">\r\n        \r\n        <h1>Malajie\u0161u gramatikas vingrin\u0101jumi<\/h1>\r\n        <p>Vai esat gatavs \u0113rt\u0101k lietot <a href=\"https:\/\/talkpal.ai\/learn-malay\/\">malajie\u0161u<\/a> valodu? Gramatikas vingrin\u0101jumu praktiz\u0113\u0161ana ir lielisks veids, k\u0101 apg\u016bt teikuma strukt\u016bru, darb\u012bbas v\u0101rdu formas un <a href=\"https:\/\/talkpal.ai\/what-language-is-spoken-on-the-international-space-station\/\">valodas<\/a> unik\u0101l\u0101s iez\u012bmes. S\u0101ciet p\u0113t\u012bt malajie\u0161u valodas gramatiku jau \u0161odien un redz\u0113siet, k\u0101 ar katru vingrin\u0101jumu pieaug j\u016bsu prasmes un p\u0101rliec\u012bba!<\/p>\r\n\r\n                            <a class=\"getStartedHidden\" href=\"https:\/\/app.talkpal.ai\/lv\/signup?lng=\">S\u0101c<\/a>\r\n        \r\n    <\/div>\r\n\r\n    <figure>\r\n    <img decoding=\"async\" width=\"768\" height=\"768\" src=\"https:\/\/talkpal.ai\/wp-content\/uploads\/2023\/06\/malay-768x768.png\" class=\"languageImage no-lazy\" alt=\"Language learning for personal accomplishments\" fetchpriority=\"high\" sizes=\"(max-width: 768px) 150px, 768px\" srcset=\"https:\/\/talkpal.ai\/wp-content\/uploads\/2023\/06\/malay-768x768.png 768w, https:\/\/talkpal.ai\/wp-content\/uploads\/2023\/06\/malay-300x300.png 300w\" \/>\r\n    \r\n\r\n    <\/figure>\r\n\r\n            <a class=\"getStartedVisible\" href=\"https:\/\/app.talkpal.ai\/lv\/signup?lng=\">S\u0101c<\/a>\r\n    \r\n<\/section>\r\n\r\n\r\n<!-- <section class=\"grammarSection\">\r\n    <div class=\"grammarLinks\">\r\n            <\/div>\r\n<\/section> -->\r\n\r\n\r\n\r\n\r\n<section class=\"promotionalBanner\">\r\n    <p class=\"promotionalText\">Visefekt\u012bv\u0101kais veids, k\u0101 apg\u016bt valodu<\/p>\r\n    <a class=\"promotionalLink\" href=\"https:\/\/app.talkpal.ai\/lv\/signup?lng=\">Izm\u0113\u0123iniet Talkpal bez maksas<\/a>\r\n<\/section>\n<div class=\"wp-block-group pageContainerStyle\"><div class=\"wp-block-group__inner-container is-layout-constrained wp-block-group-is-layout-constrained\">\n<h2 class=\"wp-block-heading\" id=\"h-malay-grammar-topics\">Malajie\u0161u gramatikas t\u0113mas<\/h2>\n\n\n\n<p>Malajie\u0161u valodas apguve var b\u016bt bag\u0101tino\u0161a pieredze, paverot iesp\u0113jas izprast Malaizijas, Indon\u0113zijas un kaimi\u0146valstu bag\u0101to kult\u016bras mantojumu. Valoda pieder austron\u0113zie\u0161u \u0123imenei, un taj\u0101 run\u0101 miljoniem cilv\u0113ku vis\u0101 Dienvidaustrum\u0101zij\u0101. T\u0101s <a href=\"https:\/\/talkpal.ai\/sq\/gramatika\/\">gramatika<\/a> ir sal\u012bdzino\u0161i vienk\u0101r\u0161a sal\u012bdzin\u0101jum\u0101 ar daudz\u0101m Eiropas valod\u0101m, padarot to par pievilc\u012bgu izv\u0113li valodu apguv\u0113jiem. Pirms piev\u0113rsties da\u017e\u0101diem malajie\u0161u valodas gramatikas aspektiem, ir svar\u012bgi iepaz\u012bties ar valodas pamatelementiem, kas veido \u0161o valodu. \u0160aj\u0101 ce\u013cved\u012b m\u0113s izp\u0113t\u012bsim \u0161\u012bs t\u0113mas t\u0101d\u0101 sec\u012bb\u0101, kas pal\u012bdz\u0113s jums efekt\u012bvi apg\u016bt valodu.<\/p>\n\n\n\n<h3 class=\"wp-block-heading\" id=\"h-1-nouns\">1. Lietv\u0101rdi:<\/h3>\n\n\n\n<p>S\u0101ciet ar malajie\u0161u lietv\u0101rdu apguvi, v\u0101rdiem, kas apz\u012bm\u0113 cilv\u0113kus, vietas, lietas un idejas. Malajie\u0161u valod\u0101 lietv\u0101rdiem nav dzimtes vai daudzskait\u013ca formas k\u0101 daudz\u0101s cit\u0101s valod\u0101s, t\u0101p\u0113c tos ir viegl\u0101k iem\u0101c\u012bties. Koncentr\u0113jieties uz sava v\u0101rdu kr\u0101juma veido\u0161anu, iegaum\u0113jot parastos lietv\u0101rdus un to noz\u012bmi.<\/p>\n\n\n\n<h3 class=\"wp-block-heading\" id=\"h-2-pronouns-determiners\">2. Vietniekv\u0101rdi\/noteic\u0113ji:<\/h3>\n\n\n\n<p>P\u0113c tam apg\u016bstiet malajie\u0161u vietniekv\u0101rdus un noteic\u0113jus, kurus izmanto, lai atsauktos uz lietv\u0101rdiem. Vietniekv\u0101rdi aizst\u0101j lietv\u0101rdus teikumos, savuk\u0101rt noteic\u0113ji sniedz inform\u0101ciju par lietv\u0101rdu, piem\u0113ram, daudzumu vai vald\u012bjumu. Iepaz\u012bstieties ar personv\u0101rdu vietniekv\u0101rdiem (piem\u0113ram, saya &#8211; &#8220;es&#8221; un kamu &#8211; &#8220;tu&#8221;) un \u012bpa\u0161v\u0101rdu noteic\u0113jiem (piem\u0113ram, ini &#8211; &#8220;\u0161is&#8221; un <a href=\"https:\/\/talkpal.ai\/locations\/language-courses-in-itu\/\">itu<\/a> &#8211; &#8220;tas&#8221;).<\/p>\n\n\n\n<h3 class=\"wp-block-heading\" id=\"h-3-articles\">3. Raksti:<\/h3>\n\n\n\n<p>At\u0161\u0137ir\u012bb\u0101 no <a href=\"https:\/\/talkpal.ai\/learn-english-with-ai\/\">ang\u013cu<\/a> valodas malajie\u0161u valod\u0101 nav noteiktu vai nenoteiktu artikuli (piem\u0113ram, &#8220;the&#8221; vai &#8220;a\/an&#8221;). Tom\u0113r joproj\u0101m ir svar\u012bgi saprast, k\u0101 valoda teikumos nor\u0101da uz konkr\u0113t\u012bbu un visp\u0101r\u012bbu.<\/p>\n\n\n\n<h3 class=\"wp-block-heading\" id=\"h-4-verbs\">4. Darb\u012bbas v\u0101rdi:<\/h3>\n\n\n\n<p>Darb\u012bbas v\u0101rdi ir iz\u0161\u0137iro\u0161i malajie\u0161u valod\u0101, jo tie izsaka darb\u012bbas, st\u0101vok\u013cus vai notikumus. Uzziniet darb\u012bbas v\u0101rdu pamatformas un to, k\u0101 t\u0101s konjug\u0113t atbilsto\u0161i sasprindzin\u0101jumam, personai un skaitlim.<\/p>\n\n\n\n<h3 class=\"wp-block-heading\" id=\"h-5-tenses\">5. Sasprindzin\u0101jums:<\/h3>\n\n\n\n<p>Malajie\u0161u valod\u0101 ir maz\u0101k laika nek\u0101 ang\u013cu valod\u0101, galveno uzsvaru liekot uz pag\u0101tnes, tagadnes un n\u0101kotnes darb\u012bb\u0101m. Uzziniet, k\u0101 izteikt laiku malajie\u0161u valod\u0101, izprotot at\u0161\u0137ir\u012bbas starp vienk\u0101r\u0161iem, progres\u012bviem un perfektiem laikiem.<\/p>\n\n\n\n<h3 class=\"wp-block-heading\" id=\"h-6-adjectives\">6. \u012apa\u0161\u012bbas v\u0101rdi:<\/h3>\n\n\n\n<p>\u012apa\u0161\u012bbas v\u0101rdi apraksta vai maina lietv\u0101rdus, sniedzot papildu inform\u0101ciju par to \u012bpa\u0161\u012bb\u0101m vai \u012bpa\u0161\u012bb\u0101m. Uzziniet parastos malajie\u0161u \u012bpa\u0161\u012bbas v\u0101rdus un to, k\u0101 tie main\u0101s teikumos atbilsto\u0161i lietv\u0101rdam, ko tie modific\u0113.<\/p>\n\n\n\n<h3 class=\"wp-block-heading\" id=\"h-7-adverbs\">7. Adverbi:<\/h3>\n\n\n\n<p>Adverbi modific\u0113 darb\u012bbas v\u0101rdus, \u012bpa\u0161\u012bbas v\u0101rdus vai citus adverbus, sniedzot inform\u0101ciju par laiku, veidu, vietu vai pak\u0101pi. Izp\u0113t\u012bt izplat\u012bt\u0101kos malajie\u0161u adverbus un to izvietojumu teikumos.<\/p>\n\n\n\n<h3 class=\"wp-block-heading\" id=\"h-8-prepositions\">8. Priev\u0101rdi:<\/h3>\n\n\n\n<p>Priev\u0101rdi tiek izmantoti, lai savienotu lietv\u0101rdus, vietniekv\u0101rdus vai fr\u0101zes ar citiem v\u0101rdiem teikum\u0101, par\u0101dot attiec\u012bbas, piem\u0113ram, atra\u0161an\u0101s vietu, virzienu vai laiku. Uzziniet izplat\u012bt\u0101kos malajie\u0161u priev\u0101rdus un to, k\u0101 tie darbojas teikumos.<\/p>\n\n\n\n<h3 class=\"wp-block-heading\" id=\"h-9-conditionals\">9. Nosac\u012bjumi:<\/h3>\n\n\n\n<p>Nosac\u012bti teikumi izsaka hipot\u0113tiskas situ\u0101cijas vai apst\u0101k\u013cus un to iesp\u0113jamos rezult\u0101tus. Uzziniet, k\u0101 veidot nosac\u012btus teikumus malajie\u0161u valod\u0101, izmantojot atbilsto\u0161as darb\u012bbas v\u0101rdu formas un savienojumus.<\/p>\n\n\n\n<h3 class=\"wp-block-heading\" id=\"h-10-sentences\">10. Teikumi:<\/h3>\n\n\n\n<p>Visbeidzot, praktiz\u0113jiet malajie\u0161u teikumu konstru\u0113\u0161anu, apvienojot lietv\u0101rdus, vietniekv\u0101rdus, darb\u012bbas v\u0101rdus, \u012bpa\u0161\u012bbas v\u0101rdus, adverbus un priev\u0101rdus. Izprotiet teikuma pamatstrukt\u016bru, piem\u0113ram, priek\u0161metu-darb\u012bbas v\u0101rdu-objektu, un praktiz\u0113jiet sare\u017e\u0123\u012btu teikumu izveidi, izmantojot savienojumus un relat\u012bv\u0101s klauzulas.<\/p>\n\n\n\n<p>Iev\u0113rojot \u0161o sec\u012bbu un veltot laiku katras t\u0113mas praktiz\u0113\u0161anai, j\u016bs izveidosit sp\u0113c\u012bgu pamatu malajie\u0161u gramatik\u0101 un b\u016bsiet ce\u013c\u0101 uz to, lai k\u013c\u016btu par valodas lietprat\u0113ju.<\/p>\n<\/div><\/div>\n\r\n<section class=\"learnNavigationSection\">\r\n            \r\n        <a href=\"https:\/\/talkpal.ai\/lv\/uzziniet-malajiesu-valodu\/\">\r\n            <div class=\"learnNavigationWrapper\">\r\n                <div class=\"learnNavigationContent\">\r\n                    <img decoding=\"async\" src=\"https:\/\/talkpal.ai\/wp-content\/uploads\/2024\/08\/Malay.jpg\" alt=\"Malaysian Flag\">\r\n                    <div>\r\n                        <h4>Par malajie\u0161u valodas apguvi<\/h4>\r\n                        <p>Uzziniet visu par malajie\u0161u gramatiku.<\/p>\r\n                    <\/div>\r\n                <\/div>\r\n            <\/div>\r\n        <\/a>\r\n\r\n        \r\n        <a href=\"https:\/\/talkpal.ai\/lv\/malajiesu-gramatika\/\">\r\n            <div class=\"learnNavigationWrapper\">\r\n                <div class=\"learnNavigationContent\">\r\n                    <img decoding=\"async\" src=\"https:\/\/talkpal.ai\/wp-content\/uploads\/2024\/08\/Malay.jpg\" alt=\"Malaysian Flag\">\r\n                    <div>\r\n                        <h4>Malajie\u0161u valodas gramatikas nodarb\u012bbas<\/h4>\r\n                        <p>Praktiz\u0113jiet malajie\u0161u gramatiku.<\/p>\r\n                    <\/div>\r\n                <\/div>\r\n            <\/div>\r\n        <\/a>\r\n\r\n        \r\n        <a href=\"https:\/\/talkpal.ai\/vocabulary_language\/malay\/\">\r\n            <div class=\"learnNavigationWrapper\">\r\n                <div class=\"learnNavigationContent\">\r\n                    <img decoding=\"async\" src=\"https:\/\/talkpal.ai\/wp-content\/uploads\/2024\/08\/Malay.jpg\" alt=\"Malaysian Flag\">\r\n                    <div>\r\n                        <h4>Malajie\u0161u valodas v\u0101rdn\u012bca<\/h4>\r\n                        <p>Papla\u0161iniet savu malajie\u0161u valodas v\u0101rdu kr\u0101jumu.<\/p>\r\n                    <\/div>\r\n                <\/div>\r\n            <\/div>\r\n        <\/a>\r\n\r\n            <\/section>","protected":false},"excerpt":{"rendered":"<p>Malajie\u0161u gramatikas t\u0113mas Malajie\u0161u valodas apguve var b\u016bt bag\u0101tino\u0161a pieredze, paverot iesp\u0113jas izprast Malaizijas, Indon\u0113zijas un kaimi\u0146valstu bag\u0101to kult\u016bras mantojumu. Valoda pieder austron\u0113zie\u0161u \u0123imenei, un taj\u0101 run\u0101 miljoniem cilv\u0113ku vis\u0101 Dienvidaustrum\u0101zij\u0101. T\u0101s gramatika ir sal\u012bdzino\u0161i vienk\u0101r\u0161a sal\u012bdzin\u0101jum\u0101 ar daudz\u0101m Eiropas valod\u0101m, padarot to par pievilc\u012bgu izv\u0113li valodu apguv\u0113jiem. Pirms piev\u0113rsties da\u017e\u0101diem malajie\u0161u valodas gramatikas aspektiem, [&hellip;]<\/p>\n","protected":false},"author":6,"featured_media":115825,"parent":0,"menu_order":0,"comment_status":"closed","ping_status":"closed","template":"LearningContentPage.php","meta":{"_acf_changed":false,"footnotes":""},"class_list":["post-159645","page","type-page","status-publish","has-post-thumbnail","hentry"],"acf":[],"yoast_head":"<!-- This site is optimized with the Yoast SEO Premium plugin v27.2 (Yoast SEO v27.2) - https:\/\/yoast.com\/product\/yoast-seo-premium-wordpress\/ -->\n<title>Malajie\u0161u gramatikas vingrin\u0101jumi - Talkpal<\/title>\n<meta name=\"description\" content=\"Uzlabojiet savas valodas prasmes ar malajie\u0161u valodas gramatikas vingrin\u0101jumiem. Uzziniet pamatus, lai lab\u0101k izprastu malajie\u0161u valodu.\" \/>\n<meta name=\"robots\" content=\"index, follow, max-snippet:-1, max-image-preview:large, max-video-preview:-1\" \/>\n<link rel=\"canonical\" href=\"https:\/\/talkpal.ai\/lv\/malajiesu-gramatikas-vingrinajumi\/\" \/>\n<meta property=\"og:locale\" content=\"lv_LV\" \/>\n<meta property=\"og:type\" content=\"article\" \/>\n<meta property=\"og:title\" content=\"Malajie\u0161u gramatikas vingrin\u0101jumi\" \/>\n<meta property=\"og:description\" content=\"Malajie\u0161u gramatikas t\u0113mas Malajie\u0161u valodas apguve var b\u016bt bag\u0101tino\u0161a pieredze, paverot iesp\u0113jas izprast Malaizijas, Indon\u0113zijas un kaimi\u0146valstu bag\u0101to\" \/>\n<meta property=\"og:url\" content=\"https:\/\/talkpal.ai\/lv\/malajiesu-gramatikas-vingrinajumi\/\" \/>\n<meta property=\"og:site_name\" content=\"Talkpal\" \/>\n<meta property=\"article:publisher\" content=\"https:\/\/www.facebook.com\/profile.php?id=100090733639311\" \/>\n<meta property=\"article:modified_time\" content=\"2025-12-17T15:23:06+00:00\" \/>\n<meta property=\"og:image\" content=\"https:\/\/talkpal.ai\/wp-content\/uploads\/2023\/05\/malaysia.png\" \/>\n\t<meta property=\"og:image:width\" content=\"512\" \/>\n\t<meta property=\"og:image:height\" content=\"512\" \/>\n\t<meta property=\"og:image:type\" content=\"image\/png\" \/>\n<meta name=\"twitter:card\" content=\"summary_large_image\" \/>\n<meta name=\"twitter:site\" content=\"@talkpalai\" \/>\n<meta name=\"twitter:label1\" content=\"Est. reading time\" \/>\n\t<meta name=\"twitter:data1\" content=\"3 minutes\" \/>\n<script type=\"application\/ld+json\" class=\"yoast-schema-graph\">{\"@context\":\"https:\/\/schema.org\",\"@graph\":[{\"@type\":\"WebPage\",\"@id\":\"https:\/\/talkpal.ai\/lv\/malajiesu-gramatikas-vingrinajumi\/\",\"url\":\"https:\/\/talkpal.ai\/lv\/malajiesu-gramatikas-vingrinajumi\/\",\"name\":\"Malajie\u0161u gramatikas vingrin\u0101jumi - Talkpal\",\"isPartOf\":{\"@id\":\"https:\/\/talkpal.ai\/lv\/#website\"},\"primaryImageOfPage\":{\"@id\":\"https:\/\/talkpal.ai\/lv\/malajiesu-gramatikas-vingrinajumi\/#primaryimage\"},\"image\":{\"@id\":\"https:\/\/talkpal.ai\/lv\/malajiesu-gramatikas-vingrinajumi\/#primaryimage\"},\"thumbnailUrl\":\"https:\/\/talkpal.ai\/wp-content\/uploads\/2023\/05\/malaysia.png\",\"datePublished\":\"2023-06-22T08:29:59+00:00\",\"dateModified\":\"2025-12-17T15:23:06+00:00\",\"description\":\"Uzlabojiet savas valodas prasmes ar malajie\u0161u valodas gramatikas vingrin\u0101jumiem. Uzziniet pamatus, lai lab\u0101k izprastu malajie\u0161u valodu.\",\"breadcrumb\":{\"@id\":\"https:\/\/talkpal.ai\/lv\/malajiesu-gramatikas-vingrinajumi\/#breadcrumb\"},\"inLanguage\":\"lv-LV\",\"potentialAction\":[{\"@type\":\"ReadAction\",\"target\":[\"https:\/\/talkpal.ai\/lv\/malajiesu-gramatikas-vingrinajumi\/\"]}]},{\"@type\":\"ImageObject\",\"inLanguage\":\"lv-LV\",\"@id\":\"https:\/\/talkpal.ai\/lv\/malajiesu-gramatikas-vingrinajumi\/#primaryimage\",\"url\":\"https:\/\/talkpal.ai\/wp-content\/uploads\/2023\/05\/malaysia.png\",\"contentUrl\":\"https:\/\/talkpal.ai\/wp-content\/uploads\/2023\/05\/malaysia.png\",\"width\":512,\"height\":512},{\"@type\":\"BreadcrumbList\",\"@id\":\"https:\/\/talkpal.ai\/lv\/malajiesu-gramatikas-vingrinajumi\/#breadcrumb\",\"itemListElement\":[{\"@type\":\"ListItem\",\"position\":1,\"name\":\"Homepage\",\"item\":\"https:\/\/talkpal.ai\/lv\/\"},{\"@type\":\"ListItem\",\"position\":2,\"name\":\"Malajie\u0161u gramatikas vingrin\u0101jumi\"}]},{\"@type\":\"WebSite\",\"@id\":\"https:\/\/talkpal.ai\/lv\/#website\",\"url\":\"https:\/\/talkpal.ai\/lv\/\",\"name\":\"Talkpal\",\"description\":\"AI Language Learning\",\"publisher\":{\"@id\":\"https:\/\/talkpal.ai\/lv\/#organization\"},\"alternateName\":\"Talkpal AI\",\"potentialAction\":[{\"@type\":\"SearchAction\",\"target\":{\"@type\":\"EntryPoint\",\"urlTemplate\":\"https:\/\/talkpal.ai\/lv\/?s={search_term_string}\"},\"query-input\":{\"@type\":\"PropertyValueSpecification\",\"valueRequired\":true,\"valueName\":\"search_term_string\"}}],\"inLanguage\":\"lv-LV\"},{\"@type\":\"Organization\",\"@id\":\"https:\/\/talkpal.ai\/lv\/#organization\",\"name\":\"Talkpal, Inc.\",\"alternateName\":\"Talkpal AI\",\"url\":\"https:\/\/talkpal.ai\/lv\/\",\"logo\":{\"@type\":\"ImageObject\",\"inLanguage\":\"lv-LV\",\"@id\":\"https:\/\/talkpal.ai\/lv\/#\/schema\/logo\/image\/\",\"url\":\"https:\/\/talkpal.ai\/wp-content\/uploads\/2024\/03\/Talkpal-Logo-Icon.png\",\"contentUrl\":\"https:\/\/talkpal.ai\/wp-content\/uploads\/2024\/03\/Talkpal-Logo-Icon.png\",\"width\":2880,\"height\":2880,\"caption\":\"Talkpal, Inc.\"},\"image\":{\"@id\":\"https:\/\/talkpal.ai\/lv\/#\/schema\/logo\/image\/\"},\"sameAs\":[\"https:\/\/www.facebook.com\/profile.php?id=100090733639311\",\"https:\/\/x.com\/talkpalai\",\"https:\/\/www.linkedin.com\/company\/talkpal\/\",\"https:\/\/www.youtube.com\/@TalkPal\/\",\"https:\/\/www.tiktok.com\/@talkpal\",\"https:\/\/www.instagram.com\/talkpal_ai\/\",\"https:\/\/www.crunchbase.com\/organization\/talkpal-9cde\",\"https:\/\/www.g2.com\/products\/talkpal-for-business\/\",\"https:\/\/www.trustpilot.com\/review\/talkpal.ai\",\"https:\/\/www.capterra.com\/p\/10006800\/TalkPal\/\"],\"description\":\"Talkpal is a language learning web and mobile education app, powered by the latest AI technologies, that provides engaging experiences to its customers in many different languages to help them improve their language skills. Users can chat about unlimited amount of topics with the app and use other modes to practice their language learning.\",\"email\":\"support@talkpal.ai\",\"legalName\":\"Talkpal, Inc.\",\"foundingDate\":\"2023-04-03\",\"duns\":\"118989042\",\"numberOfEmployees\":{\"@type\":\"QuantitativeValue\",\"minValue\":\"11\",\"maxValue\":\"50\"},\"publishingPrinciples\":\"https:\/\/talkpal.ai\/publishing-principles\/\",\"actionableFeedbackPolicy\":\"https:\/\/talkpal.ai\/actionable-feedback-policy\/\",\"correctionsPolicy\":\"https:\/\/talkpal.ai\/corrections-policy\/\",\"ethicsPolicy\":\"https:\/\/talkpal.ai\/ethics-policy\/\",\"diversityPolicy\":\"https:\/\/talkpal.ai\/diversity-policy\/\",\"diversityStaffingReport\":\"https:\/\/talkpal.ai\/diversity-policy\/\"}]}<\/script>\n<!-- \/ Yoast SEO Premium plugin. -->","yoast_head_json":{"title":"Malajie\u0161u gramatikas vingrin\u0101jumi - Talkpal","description":"Uzlabojiet savas valodas prasmes ar malajie\u0161u valodas gramatikas vingrin\u0101jumiem. Uzziniet pamatus, lai lab\u0101k izprastu malajie\u0161u valodu.","robots":{"index":"index","follow":"follow","max-snippet":"max-snippet:-1","max-image-preview":"max-image-preview:large","max-video-preview":"max-video-preview:-1"},"canonical":"https:\/\/talkpal.ai\/lv\/malajiesu-gramatikas-vingrinajumi\/","og_locale":"lv_LV","og_type":"article","og_title":"Malajie\u0161u gramatikas vingrin\u0101jumi","og_description":"Malajie\u0161u gramatikas t\u0113mas Malajie\u0161u valodas apguve var b\u016bt bag\u0101tino\u0161a pieredze, paverot iesp\u0113jas izprast Malaizijas, Indon\u0113zijas un kaimi\u0146valstu bag\u0101to","og_url":"https:\/\/talkpal.ai\/lv\/malajiesu-gramatikas-vingrinajumi\/","og_site_name":"Talkpal","article_publisher":"https:\/\/www.facebook.com\/profile.php?id=100090733639311","article_modified_time":"2025-12-17T15:23:06+00:00","og_image":[{"width":512,"height":512,"url":"https:\/\/talkpal.ai\/wp-content\/uploads\/2023\/05\/malaysia.png","type":"image\/png"}],"twitter_card":"summary_large_image","twitter_site":"@talkpalai","twitter_misc":{"Est. reading time":"3 minutes"},"schema":{"@context":"https:\/\/schema.org","@graph":[{"@type":"WebPage","@id":"https:\/\/talkpal.ai\/lv\/malajiesu-gramatikas-vingrinajumi\/","url":"https:\/\/talkpal.ai\/lv\/malajiesu-gramatikas-vingrinajumi\/","name":"Malajie\u0161u gramatikas vingrin\u0101jumi - Talkpal","isPartOf":{"@id":"https:\/\/talkpal.ai\/lv\/#website"},"primaryImageOfPage":{"@id":"https:\/\/talkpal.ai\/lv\/malajiesu-gramatikas-vingrinajumi\/#primaryimage"},"image":{"@id":"https:\/\/talkpal.ai\/lv\/malajiesu-gramatikas-vingrinajumi\/#primaryimage"},"thumbnailUrl":"https:\/\/talkpal.ai\/wp-content\/uploads\/2023\/05\/malaysia.png","datePublished":"2023-06-22T08:29:59+00:00","dateModified":"2025-12-17T15:23:06+00:00","description":"Uzlabojiet savas valodas prasmes ar malajie\u0161u valodas gramatikas vingrin\u0101jumiem. Uzziniet pamatus, lai lab\u0101k izprastu malajie\u0161u valodu.","breadcrumb":{"@id":"https:\/\/talkpal.ai\/lv\/malajiesu-gramatikas-vingrinajumi\/#breadcrumb"},"inLanguage":"lv-LV","potentialAction":[{"@type":"ReadAction","target":["https:\/\/talkpal.ai\/lv\/malajiesu-gramatikas-vingrinajumi\/"]}]},{"@type":"ImageObject","inLanguage":"lv-LV","@id":"https:\/\/talkpal.ai\/lv\/malajiesu-gramatikas-vingrinajumi\/#primaryimage","url":"https:\/\/talkpal.ai\/wp-content\/uploads\/2023\/05\/malaysia.png","contentUrl":"https:\/\/talkpal.ai\/wp-content\/uploads\/2023\/05\/malaysia.png","width":512,"height":512},{"@type":"BreadcrumbList","@id":"https:\/\/talkpal.ai\/lv\/malajiesu-gramatikas-vingrinajumi\/#breadcrumb","itemListElement":[{"@type":"ListItem","position":1,"name":"Homepage","item":"https:\/\/talkpal.ai\/lv\/"},{"@type":"ListItem","position":2,"name":"Malajie\u0161u gramatikas vingrin\u0101jumi"}]},{"@type":"WebSite","@id":"https:\/\/talkpal.ai\/lv\/#website","url":"https:\/\/talkpal.ai\/lv\/","name":"Talkpal","description":"AI Language Learning","publisher":{"@id":"https:\/\/talkpal.ai\/lv\/#organization"},"alternateName":"Talkpal AI","potentialAction":[{"@type":"SearchAction","target":{"@type":"EntryPoint","urlTemplate":"https:\/\/talkpal.ai\/lv\/?s={search_term_string}"},"query-input":{"@type":"PropertyValueSpecification","valueRequired":true,"valueName":"search_term_string"}}],"inLanguage":"lv-LV"},{"@type":"Organization","@id":"https:\/\/talkpal.ai\/lv\/#organization","name":"Talkpal, Inc.","alternateName":"Talkpal AI","url":"https:\/\/talkpal.ai\/lv\/","logo":{"@type":"ImageObject","inLanguage":"lv-LV","@id":"https:\/\/talkpal.ai\/lv\/#\/schema\/logo\/image\/","url":"https:\/\/talkpal.ai\/wp-content\/uploads\/2024\/03\/Talkpal-Logo-Icon.png","contentUrl":"https:\/\/talkpal.ai\/wp-content\/uploads\/2024\/03\/Talkpal-Logo-Icon.png","width":2880,"height":2880,"caption":"Talkpal, Inc."},"image":{"@id":"https:\/\/talkpal.ai\/lv\/#\/schema\/logo\/image\/"},"sameAs":["https:\/\/www.facebook.com\/profile.php?id=100090733639311","https:\/\/x.com\/talkpalai","https:\/\/www.linkedin.com\/company\/talkpal\/","https:\/\/www.youtube.com\/@TalkPal\/","https:\/\/www.tiktok.com\/@talkpal","https:\/\/www.instagram.com\/talkpal_ai\/","https:\/\/www.crunchbase.com\/organization\/talkpal-9cde","https:\/\/www.g2.com\/products\/talkpal-for-business\/","https:\/\/www.trustpilot.com\/review\/talkpal.ai","https:\/\/www.capterra.com\/p\/10006800\/TalkPal\/"],"description":"Talkpal is a language learning web and mobile education app, powered by the latest AI technologies, that provides engaging experiences to its customers in many different languages to help them improve their language skills. Users can chat about unlimited amount of topics with the app and use other modes to practice their language learning.","email":"support@talkpal.ai","legalName":"Talkpal, Inc.","foundingDate":"2023-04-03","duns":"118989042","numberOfEmployees":{"@type":"QuantitativeValue","minValue":"11","maxValue":"50"},"publishingPrinciples":"https:\/\/talkpal.ai\/publishing-principles\/","actionableFeedbackPolicy":"https:\/\/talkpal.ai\/actionable-feedback-policy\/","correctionsPolicy":"https:\/\/talkpal.ai\/corrections-policy\/","ethicsPolicy":"https:\/\/talkpal.ai\/ethics-policy\/","diversityPolicy":"https:\/\/talkpal.ai\/diversity-policy\/","diversityStaffingReport":"https:\/\/talkpal.ai\/diversity-policy\/"}]}},"_links":{"self":[{"href":"https:\/\/talkpal.ai\/lv\/wp-json\/wp\/v2\/pages\/159645","targetHints":{"allow":["GET"]}}],"collection":[{"href":"https:\/\/talkpal.ai\/lv\/wp-json\/wp\/v2\/pages"}],"about":[{"href":"https:\/\/talkpal.ai\/lv\/wp-json\/wp\/v2\/types\/page"}],"author":[{"embeddable":true,"href":"https:\/\/talkpal.ai\/lv\/wp-json\/wp\/v2\/users\/6"}],"replies":[{"embeddable":true,"href":"https:\/\/talkpal.ai\/lv\/wp-json\/wp\/v2\/comments?post=159645"}],"version-history":[{"count":0,"href":"https:\/\/talkpal.ai\/lv\/wp-json\/wp\/v2\/pages\/159645\/revisions"}],"wp:featuredmedia":[{"embeddable":true,"href":"https:\/\/talkpal.ai\/lv\/wp-json\/wp\/v2\/media\/115825"}],"wp:attachment":[{"href":"https:\/\/talkpal.ai\/lv\/wp-json\/wp\/v2\/media?parent=159645"}],"curies":[{"name":"wp","href":"https:\/\/api.w.org\/{rel}","templated":true}]}}