{"id":159332,"date":"2023-06-22T08:37:16","date_gmt":"2023-06-22T08:37:16","guid":{"rendered":"http:\/\/talkpal.ai\/marathi-gramatikas-vingrinajumi\/"},"modified":"2025-12-17T15:24:51","modified_gmt":"2025-12-17T15:24:51","slug":"marathi-gramatikas-vingrinajumi","status":"publish","type":"page","link":"https:\/\/talkpal.ai\/lv\/marathi-gramatikas-vingrinajumi\/","title":{"rendered":"Marathi gramatikas vingrin\u0101jumi"},"content":{"rendered":"\r\n\r\n\r\n<section class=\"languageChallengeSection\">\r\n    <div class=\"languageInfoWrapper\">\r\n        \r\n        <h1>Marathi gramatikas vingrin\u0101jumi<\/h1>\r\n        <p>Vai esat gatavi nostiprin\u0101t savas marati <a href=\"https:\/\/talkpal.ai\/what-language-is-spoken-on-the-international-space-station\/\">valodas<\/a> prasmes? Gramatikas vingrin\u0101jumu praktiz\u0113\u0161ana ir lielisks veids, k\u0101 apg\u016bt teikuma uzb\u016bvi, darb\u012bbas v\u0101rdu formas un galvenos valodas gramatiskos mode\u013cus. S\u0101ciet p\u0113t\u012bt marati gramatiku \u0161odien un skatieties, k\u0101 ar katru vingrin\u0101jumu aug j\u016bsu p\u0101rliec\u012bba un pl\u016bdums!<\/p>\r\n\r\n                            <a class=\"getStartedHidden\" href=\"https:\/\/app.talkpal.ai\/lv\/signup?lng=\">S\u0101c<\/a>\r\n        \r\n    <\/div>\r\n\r\n    <figure>\r\n    <img decoding=\"async\" width=\"768\" height=\"768\" src=\"https:\/\/talkpal.ai\/wp-content\/uploads\/2023\/06\/marathi-768x768.png\" class=\"languageImage no-lazy\" alt=\"Fun ways to make language learning interesting\" fetchpriority=\"high\" sizes=\"(max-width: 768px) 150px, 768px\" srcset=\"https:\/\/talkpal.ai\/wp-content\/uploads\/2023\/06\/marathi-768x768.png 768w, https:\/\/talkpal.ai\/wp-content\/uploads\/2023\/06\/marathi-300x300.png 300w\" \/>\r\n    \r\n\r\n    <\/figure>\r\n\r\n            <a class=\"getStartedVisible\" href=\"https:\/\/app.talkpal.ai\/lv\/signup?lng=\">S\u0101c<\/a>\r\n    \r\n<\/section>\r\n\r\n\r\n<!-- <section class=\"grammarSection\">\r\n    <div class=\"grammarLinks\">\r\n            <\/div>\r\n<\/section> -->\r\n\r\n\r\n\r\n\r\n<section class=\"promotionalBanner\">\r\n    <p class=\"promotionalText\">Visefekt\u012bv\u0101kais veids, k\u0101 apg\u016bt valodu<\/p>\r\n    <a class=\"promotionalLink\" href=\"https:\/\/app.talkpal.ai\/lv\/signup?lng=\">Izm\u0113\u0123iniet Talkpal bez maksas<\/a>\r\n<\/section>\n<div class=\"wp-block-group pageContainerStyle\"><div class=\"wp-block-group__inner-container is-layout-constrained wp-block-group-is-layout-constrained\">\n<h2 class=\"wp-block-heading\" id=\"h-marathi-grammar-topics\">Marathu Gramatikas t\u0113mas<\/h2>\n\n\n\n<p><a href=\"https:\/\/talkpal.ai\/learn-marathi\/\">Marathi<\/a>, indo\u0101rie\u0161u valoda, p\u0101rsvar\u0101 run\u0101 Indijas Mahara\u0161tras \u0161tat\u0101 un ir re\u0123iona ofici\u0101l\u0101 valoda. Marathi m\u0101c\u012b\u0161an\u0101s var b\u016bt bag\u0101tino\u0161a pieredze, jo t\u0101 paver durvis uz bag\u0101tu kult\u016bru, v\u0113sturi un literat\u016bru. Lai efekt\u012bvi apg\u016btu Marathi, ir svar\u012bgi, lai b\u016btu struktur\u0113ta pieeja, kas koncentr\u0113jas uz da\u017e\u0101diem valodas aspektiem, piem\u0113ram, gramatiku, v\u0101rdu kr\u0101jumu un izrunu. \u0160is raksts pal\u012bdz\u0113s jums apg\u016bt Marathi gramatikas t\u0113mu apguves sec\u012bbu, s\u0101kot ar sasprindzin\u0101jumu, darb\u012bbas v\u0101rdiem, lietv\u0101rdiem un p\u0101rejot uz progres\u012bv\u0101kiem j\u0113dzieniem, piem\u0113ram, nosac\u012bjumiem un priev\u0101rdiem.<\/p>\n\n\n\n<h3 class=\"wp-block-heading\" id=\"h-1-tenses\">1. Sasprindzin\u0101jums:<\/h3>\n\n\n\n<p>Sasprindzin\u0101jums ir jebkuras valodas mugurkauls, jo tie pal\u012bdz izteikt darb\u012bbas vai st\u0101vok\u013cus attiec\u012bb\u0101 pret laiku. Marathi ir tr\u012bs pamata sasprindzin\u0101jumi \u2013 pag\u0101tne, tagadne un n\u0101kotne. Katram sasprindzin\u0101jumam ir da\u017e\u0101das formas, pamatojoties uz darb\u012bbas veidu (vienk\u0101r\u0161s, nep\u0101rtraukts, ide\u0101ls vai ide\u0101ls nep\u0101rtraukts). S\u0101ciet, apg\u016bstot vienk\u0101r\u0161os laikus un p\u0113c tam p\u0101rejiet pie sare\u017e\u0123\u012bt\u0101kiem.<\/p>\n\n\n\n<h3 class=\"wp-block-heading\" id=\"h-2-tense-comparison\">2. Saspringts sal\u012bdzin\u0101jums:<\/h3>\n\n\n\n<p>P\u0113c tam, kad ir izprasti pamata sasprindzin\u0101jumi, ir \u013coti svar\u012bgi iem\u0101c\u012bties tos sal\u012bdzin\u0101t. Saspringts sal\u012bdzin\u0101jums \u013cauj run\u0101t par vair\u0101k\u0101m darb\u012bb\u0101m vai notikumiem, kas notiek vienlaikus vai da\u017e\u0101dos laika periodos. Tas pal\u012bdz veidot sare\u017e\u0123\u012btus teikumus un izteikt pla\u0161\u0101ku ideju kl\u0101stu.<\/p>\n\n\n\n<h3 class=\"wp-block-heading\" id=\"h-3-verbs\">3. Darb\u012bbas v\u0101rdi:<\/h3>\n\n\n\n<p>Darb\u012bbas v\u0101rdi ir darb\u012bbas v\u0101rdi, kas teikum\u0101 att\u0113lo darb\u012bbu vai st\u0101vokli. Marathi darb\u012bbas v\u0101rdi tiek inflekt\u0113ti, lai nor\u0101d\u012btu uz sasprindzin\u0101jumu, aspektu, noska\u0146ojumu un balsi. Apg\u016bstiet darb\u012bbas v\u0101rdu konjug\u0101cijas pamatnoteikumus un da\u017e\u0101das darb\u012bbas v\u0101rdu formas, lai uzlabotu teikuma uzb\u016bves prasmes.<\/p>\n\n\n\n<h3 class=\"wp-block-heading\" id=\"h-4-nouns\">4. Lietv\u0101rdi:<\/h3>\n\n\n\n<p>Lietv\u0101rdi ir v\u0101rdi, kas att\u0113lo cilv\u0113kus, vietas, lietas vai idejas. Marathi lietv\u0101rdiem ir dzimums (v\u012bri\u0161\u0137\u012bgs, sievi\u0161\u0137\u012bgs vai neitr\u0101ls), un tie ir inflekt\u0113ti p\u0113c skait\u013ca (vienskait\u013ca vai daudzskait\u013ca) un gad\u012bjuma (tie\u0161a, sl\u012bpa vai piedero\u0161a). Iepaz\u012bstieties ar da\u017e\u0101d\u0101m lietv\u0101rdu form\u0101m un to lietojumu teikumos.<\/p>\n\n\n\n<h3 class=\"wp-block-heading\" id=\"h-5-articles\">5. Raksti:<\/h3>\n\n\n\n<p>Marati valod\u0101 nav t\u0101du artikulu k\u0101 &#8216;a&#8217;, &#8216;an&#8217; vai &#8216;the&#8217;. Tom\u0113r ir demonstrat\u012bvi vietniekv\u0101rdi un noteic\u0113ji, kas kalpo l\u012bdz\u012bgam m\u0113r\u0137im. Uzziniet, k\u0101 izmantot \u0161os vietniekv\u0101rdus un noteic\u0113jus, lai teikum\u0101 nor\u0101d\u012btu vai identific\u0113tu lietv\u0101rdus.<\/p>\n\n\n\n<h3 class=\"wp-block-heading\" id=\"h-6-pronouns-determiners\">6. Vietniekv\u0101rdi\/noteic\u0113ji:<\/h3>\n\n\n\n<p>Vietniekv\u0101rdi aizst\u0101j lietv\u0101rdus, lai izvair\u012btos no atk\u0101rto\u0161an\u0101s, savuk\u0101rt noteic\u0113ji nor\u0101da vai ierobe\u017eo lietv\u0101rdu noz\u012bmi. Marathi vietniekv\u0101rdi un noteic\u0113ji p\u0113c dzimuma un skaita sakr\u012bt ar lietv\u0101rdu, ko tie aizst\u0101j vai maina. Uzziniet da\u017e\u0101das formas un to atbilsto\u0161u lietojumu, lai uzlabotu teikuma uzb\u016bvi.<\/p>\n\n\n\n<h3 class=\"wp-block-heading\" id=\"h-7-adjectives\">7. \u012apa\u0161\u012bbas v\u0101rdi:<\/h3>\n\n\n\n<p>\u012apa\u0161\u012bbas v\u0101rdi apraksta vai maina lietv\u0101rdus, sniedzot papildu inform\u0101ciju par to \u012bpa\u0161\u012bb\u0101m vai atrib\u016btiem. Marathi \u012bpa\u0161\u012bbas v\u0101rdi p\u0113c dzimuma un skaita sakr\u012bt ar lietv\u0101rdu, ko tie maina. Apg\u016bstiet da\u017e\u0101das \u012bpa\u0161\u012bbas v\u0101rdu formas un to pareizu lieto\u0161anu teikumos.<\/p>\n\n\n\n<h3 class=\"wp-block-heading\" id=\"h-8-adverbs\">8. Adverbi:<\/h3>\n\n\n\n<p>Adverbi sniedz papildu inform\u0101ciju par darb\u012bbas v\u0101rdiem, \u012bpa\u0161\u012bbas v\u0101rdiem vai citiem adverbiem, aprakstot, k\u0101, kad, kur vai cik liel\u0101 m\u0113r\u0101 kaut kas notiek. Uzziniet da\u017e\u0101dus adverbu veidus un to izvietojumu teikumos, lai uzlabotu savas valodas prasmes.<\/p>\n\n\n\n<h3 class=\"wp-block-heading\" id=\"h-9-conditionals\">9. Nosac\u012bjumi:<\/h3>\n\n\n\n<p>Nosac\u012bjumi izsaka hipot\u0113tiskas situ\u0101cijas vai apst\u0101k\u013cus un to iesp\u0113jam\u0101s sekas. Marathi ir tr\u012bs veidu nosac\u012bjumi \u2013 re\u0101li, nere\u0101li un jaukti. Uzziniet katra veida strukt\u016bru un lietojumu, lai izteiktu sare\u017e\u0123\u012btas idejas un situ\u0101cijas.<\/p>\n\n\n\n<h3 class=\"wp-block-heading\" id=\"h-10-prepositions\">10. Priev\u0101rdi:<\/h3>\n\n\n\n<p>Priev\u0101rdi ir v\u0101rdi, kas par\u0101da attiec\u012bbas starp lietv\u0101rdiem (vai vietniekv\u0101rdiem) un citiem v\u0101rdiem teikum\u0101. Tie nor\u0101da atra\u0161an\u0101s vietu, virzienu, laiku vai citas attiec\u012bbas. Uzziniet marathi izplat\u012bt\u0101kos priev\u0101rdus un to lietojumu teikumos.<\/p>\n\n\n\n<h3 class=\"wp-block-heading\" id=\"h-11-sentences\">11. Teikumi:<\/h3>\n\n\n\n<p>Visbeidzot, praktiz\u0113jiet vienk\u0101r\u0161u un sare\u017e\u0123\u012btu teikumu veido\u0161anu, izmantojot apg\u016btos gramatikas noteikumus un v\u0101rdu kr\u0101jumu. Koncentr\u0113jieties uz teikuma strukt\u016bru.<\/p>\n<\/div><\/div>\n\r\n<section class=\"learnNavigationSection\">\r\n            \r\n        <a href=\"https:\/\/talkpal.ai\/lv\/macies-marathi\/\">\r\n            <div class=\"learnNavigationWrapper\">\r\n                <div class=\"learnNavigationContent\">\r\n                    <img decoding=\"async\" src=\"https:\/\/talkpal.ai\/wp-content\/uploads\/2023\/05\/Marathi-india.png\" alt=\"TalkPal Marathi Flag\">\r\n                    <div>\r\n                        <h4>Par marati m\u0101c\u012b\u0161anos<\/h4>\r\n                        <p>Uzziniet visu par Marathi gramatiku.<\/p>\r\n                    <\/div>\r\n                <\/div>\r\n            <\/div>\r\n        <\/a>\r\n\r\n        \r\n        <a href=\"https:\/\/talkpal.ai\/lv\/marathi-gramatika\/\">\r\n            <div class=\"learnNavigationWrapper\">\r\n                <div class=\"learnNavigationContent\">\r\n                    <img decoding=\"async\" src=\"https:\/\/talkpal.ai\/wp-content\/uploads\/2023\/05\/Marathi-india.png\" alt=\"TalkPal Marathi Flag\">\r\n                    <div>\r\n                        <h4>Marati gramatikas nodarb\u012bbas<\/h4>\r\n                        <p>Praktiz\u0113jiet Marathi gramatiku.<\/p>\r\n                    <\/div>\r\n                <\/div>\r\n            <\/div>\r\n        <\/a>\r\n\r\n        \r\n        <a href=\"https:\/\/talkpal.ai\/vocabulary_language\/marathi\/\">\r\n            <div class=\"learnNavigationWrapper\">\r\n                <div class=\"learnNavigationContent\">\r\n                    <img decoding=\"async\" src=\"https:\/\/talkpal.ai\/wp-content\/uploads\/2023\/05\/Marathi-india.png\" alt=\"TalkPal Marathi Flag\">\r\n                    <div>\r\n                        <h4>Marati v\u0101rdu kr\u0101jums<\/h4>\r\n                        <p>Papla\u0161iniet savu marati v\u0101rdu kr\u0101jumu.<\/p>\r\n                    <\/div>\r\n                <\/div>\r\n            <\/div>\r\n        <\/a>\r\n\r\n            <\/section>","protected":false},"excerpt":{"rendered":"<p>Marathu Gramatikas t\u0113mas Marathi, indo\u0101rie\u0161u valoda, p\u0101rsvar\u0101 run\u0101 Indijas Mahara\u0161tras \u0161tat\u0101 un ir re\u0123iona ofici\u0101l\u0101 valoda. Marathi m\u0101c\u012b\u0161an\u0101s var b\u016bt bag\u0101tino\u0161a pieredze, jo t\u0101 paver durvis uz bag\u0101tu kult\u016bru, v\u0113sturi un literat\u016bru. Lai efekt\u012bvi apg\u016btu Marathi, ir svar\u012bgi, lai b\u016btu struktur\u0113ta pieeja, kas koncentr\u0113jas uz da\u017e\u0101diem valodas aspektiem, piem\u0113ram, gramatiku, v\u0101rdu kr\u0101jumu un izrunu. \u0160is [&hellip;]<\/p>\n","protected":false},"author":6,"featured_media":116344,"parent":0,"menu_order":0,"comment_status":"closed","ping_status":"closed","template":"LearningContentPage.php","meta":{"_acf_changed":false,"footnotes":""},"class_list":["post-159332","page","type-page","status-publish","has-post-thumbnail","hentry"],"acf":[],"yoast_head":"<!-- This site is optimized with the Yoast SEO Premium plugin v27.2 (Yoast SEO v27.2) - https:\/\/yoast.com\/product\/yoast-seo-premium-wordpress\/ -->\n<title>Marathi gramatikas vingrin\u0101jumi - Talkpal<\/title>\n<meta name=\"description\" content=\"Uzlabojiet savas marathu valodas prasmes, izmantojot aizraujo\u0161us marathu gramatikas vingrin\u0101jumus, kas paredz\u0113ti visu l\u012bme\u0146u studentiem.\" \/>\n<meta name=\"robots\" content=\"index, follow, max-snippet:-1, max-image-preview:large, max-video-preview:-1\" \/>\n<link rel=\"canonical\" href=\"https:\/\/talkpal.ai\/lv\/marathi-gramatikas-vingrinajumi\/\" \/>\n<meta property=\"og:locale\" content=\"lv_LV\" \/>\n<meta property=\"og:type\" content=\"article\" \/>\n<meta property=\"og:title\" content=\"Marathi gramatikas vingrin\u0101jumi\" \/>\n<meta property=\"og:description\" content=\"Marathu Gramatikas t\u0113mas Marathi, indo\u0101rie\u0161u valoda, p\u0101rsvar\u0101 run\u0101 Indijas Mahara\u0161tras \u0161tat\u0101 un ir re\u0123iona ofici\u0101l\u0101 valoda. Marathi m\u0101c\u012b\u0161an\u0101s var b\u016bt\" \/>\n<meta property=\"og:url\" content=\"https:\/\/talkpal.ai\/lv\/marathi-gramatikas-vingrinajumi\/\" \/>\n<meta property=\"og:site_name\" content=\"Talkpal\" \/>\n<meta property=\"article:publisher\" content=\"https:\/\/www.facebook.com\/profile.php?id=100090733639311\" \/>\n<meta property=\"article:modified_time\" content=\"2025-12-17T15:24:51+00:00\" \/>\n<meta property=\"og:image\" content=\"https:\/\/talkpal.ai\/wp-content\/uploads\/2023\/05\/Marathi-india.png\" \/>\n\t<meta property=\"og:image:width\" content=\"512\" \/>\n\t<meta property=\"og:image:height\" content=\"512\" \/>\n\t<meta property=\"og:image:type\" content=\"image\/png\" \/>\n<meta name=\"twitter:card\" content=\"summary_large_image\" \/>\n<meta name=\"twitter:site\" content=\"@talkpalai\" \/>\n<meta name=\"twitter:label1\" content=\"Est. reading time\" \/>\n\t<meta name=\"twitter:data1\" content=\"4 minutes\" \/>\n<script type=\"application\/ld+json\" class=\"yoast-schema-graph\">{\"@context\":\"https:\/\/schema.org\",\"@graph\":[{\"@type\":\"WebPage\",\"@id\":\"https:\/\/talkpal.ai\/lv\/marathi-gramatikas-vingrinajumi\/\",\"url\":\"https:\/\/talkpal.ai\/lv\/marathi-gramatikas-vingrinajumi\/\",\"name\":\"Marathi gramatikas vingrin\u0101jumi - Talkpal\",\"isPartOf\":{\"@id\":\"https:\/\/talkpal.ai\/lv\/#website\"},\"primaryImageOfPage\":{\"@id\":\"https:\/\/talkpal.ai\/lv\/marathi-gramatikas-vingrinajumi\/#primaryimage\"},\"image\":{\"@id\":\"https:\/\/talkpal.ai\/lv\/marathi-gramatikas-vingrinajumi\/#primaryimage\"},\"thumbnailUrl\":\"https:\/\/talkpal.ai\/wp-content\/uploads\/2023\/05\/Marathi-india.png\",\"datePublished\":\"2023-06-22T08:37:16+00:00\",\"dateModified\":\"2025-12-17T15:24:51+00:00\",\"description\":\"Uzlabojiet savas marathu valodas prasmes, izmantojot aizraujo\u0161us marathu gramatikas vingrin\u0101jumus, kas paredz\u0113ti visu l\u012bme\u0146u studentiem.\",\"breadcrumb\":{\"@id\":\"https:\/\/talkpal.ai\/lv\/marathi-gramatikas-vingrinajumi\/#breadcrumb\"},\"inLanguage\":\"lv-LV\",\"potentialAction\":[{\"@type\":\"ReadAction\",\"target\":[\"https:\/\/talkpal.ai\/lv\/marathi-gramatikas-vingrinajumi\/\"]}]},{\"@type\":\"ImageObject\",\"inLanguage\":\"lv-LV\",\"@id\":\"https:\/\/talkpal.ai\/lv\/marathi-gramatikas-vingrinajumi\/#primaryimage\",\"url\":\"https:\/\/talkpal.ai\/wp-content\/uploads\/2023\/05\/Marathi-india.png\",\"contentUrl\":\"https:\/\/talkpal.ai\/wp-content\/uploads\/2023\/05\/Marathi-india.png\",\"width\":512,\"height\":512},{\"@type\":\"BreadcrumbList\",\"@id\":\"https:\/\/talkpal.ai\/lv\/marathi-gramatikas-vingrinajumi\/#breadcrumb\",\"itemListElement\":[{\"@type\":\"ListItem\",\"position\":1,\"name\":\"Homepage\",\"item\":\"https:\/\/talkpal.ai\/lv\/\"},{\"@type\":\"ListItem\",\"position\":2,\"name\":\"Marathi gramatikas vingrin\u0101jumi\"}]},{\"@type\":\"WebSite\",\"@id\":\"https:\/\/talkpal.ai\/lv\/#website\",\"url\":\"https:\/\/talkpal.ai\/lv\/\",\"name\":\"Talkpal\",\"description\":\"AI Language Learning\",\"publisher\":{\"@id\":\"https:\/\/talkpal.ai\/lv\/#organization\"},\"alternateName\":\"Talkpal AI\",\"potentialAction\":[{\"@type\":\"SearchAction\",\"target\":{\"@type\":\"EntryPoint\",\"urlTemplate\":\"https:\/\/talkpal.ai\/lv\/?s={search_term_string}\"},\"query-input\":{\"@type\":\"PropertyValueSpecification\",\"valueRequired\":true,\"valueName\":\"search_term_string\"}}],\"inLanguage\":\"lv-LV\"},{\"@type\":\"Organization\",\"@id\":\"https:\/\/talkpal.ai\/lv\/#organization\",\"name\":\"Talkpal, Inc.\",\"alternateName\":\"Talkpal AI\",\"url\":\"https:\/\/talkpal.ai\/lv\/\",\"logo\":{\"@type\":\"ImageObject\",\"inLanguage\":\"lv-LV\",\"@id\":\"https:\/\/talkpal.ai\/lv\/#\/schema\/logo\/image\/\",\"url\":\"https:\/\/talkpal.ai\/wp-content\/uploads\/2024\/03\/Talkpal-Logo-Icon.png\",\"contentUrl\":\"https:\/\/talkpal.ai\/wp-content\/uploads\/2024\/03\/Talkpal-Logo-Icon.png\",\"width\":2880,\"height\":2880,\"caption\":\"Talkpal, Inc.\"},\"image\":{\"@id\":\"https:\/\/talkpal.ai\/lv\/#\/schema\/logo\/image\/\"},\"sameAs\":[\"https:\/\/www.facebook.com\/profile.php?id=100090733639311\",\"https:\/\/x.com\/talkpalai\",\"https:\/\/www.linkedin.com\/company\/talkpal\/\",\"https:\/\/www.youtube.com\/@TalkPal\/\",\"https:\/\/www.tiktok.com\/@talkpal\",\"https:\/\/www.instagram.com\/talkpal_ai\/\",\"https:\/\/www.crunchbase.com\/organization\/talkpal-9cde\",\"https:\/\/www.g2.com\/products\/talkpal-for-business\/\",\"https:\/\/www.trustpilot.com\/review\/talkpal.ai\",\"https:\/\/www.capterra.com\/p\/10006800\/TalkPal\/\"],\"description\":\"Talkpal is a language learning web and mobile education app, powered by the latest AI technologies, that provides engaging experiences to its customers in many different languages to help them improve their language skills. Users can chat about unlimited amount of topics with the app and use other modes to practice their language learning.\",\"email\":\"support@talkpal.ai\",\"legalName\":\"Talkpal, Inc.\",\"foundingDate\":\"2023-04-03\",\"duns\":\"118989042\",\"numberOfEmployees\":{\"@type\":\"QuantitativeValue\",\"minValue\":\"11\",\"maxValue\":\"50\"},\"publishingPrinciples\":\"https:\/\/talkpal.ai\/publishing-principles\/\",\"actionableFeedbackPolicy\":\"https:\/\/talkpal.ai\/actionable-feedback-policy\/\",\"correctionsPolicy\":\"https:\/\/talkpal.ai\/corrections-policy\/\",\"ethicsPolicy\":\"https:\/\/talkpal.ai\/ethics-policy\/\",\"diversityPolicy\":\"https:\/\/talkpal.ai\/diversity-policy\/\",\"diversityStaffingReport\":\"https:\/\/talkpal.ai\/diversity-policy\/\"}]}<\/script>\n<!-- \/ Yoast SEO Premium plugin. -->","yoast_head_json":{"title":"Marathi gramatikas vingrin\u0101jumi - Talkpal","description":"Uzlabojiet savas marathu valodas prasmes, izmantojot aizraujo\u0161us marathu gramatikas vingrin\u0101jumus, kas paredz\u0113ti visu l\u012bme\u0146u studentiem.","robots":{"index":"index","follow":"follow","max-snippet":"max-snippet:-1","max-image-preview":"max-image-preview:large","max-video-preview":"max-video-preview:-1"},"canonical":"https:\/\/talkpal.ai\/lv\/marathi-gramatikas-vingrinajumi\/","og_locale":"lv_LV","og_type":"article","og_title":"Marathi gramatikas vingrin\u0101jumi","og_description":"Marathu Gramatikas t\u0113mas Marathi, indo\u0101rie\u0161u valoda, p\u0101rsvar\u0101 run\u0101 Indijas Mahara\u0161tras \u0161tat\u0101 un ir re\u0123iona ofici\u0101l\u0101 valoda. Marathi m\u0101c\u012b\u0161an\u0101s var b\u016bt","og_url":"https:\/\/talkpal.ai\/lv\/marathi-gramatikas-vingrinajumi\/","og_site_name":"Talkpal","article_publisher":"https:\/\/www.facebook.com\/profile.php?id=100090733639311","article_modified_time":"2025-12-17T15:24:51+00:00","og_image":[{"width":512,"height":512,"url":"https:\/\/talkpal.ai\/wp-content\/uploads\/2023\/05\/Marathi-india.png","type":"image\/png"}],"twitter_card":"summary_large_image","twitter_site":"@talkpalai","twitter_misc":{"Est. reading time":"4 minutes"},"schema":{"@context":"https:\/\/schema.org","@graph":[{"@type":"WebPage","@id":"https:\/\/talkpal.ai\/lv\/marathi-gramatikas-vingrinajumi\/","url":"https:\/\/talkpal.ai\/lv\/marathi-gramatikas-vingrinajumi\/","name":"Marathi gramatikas vingrin\u0101jumi - Talkpal","isPartOf":{"@id":"https:\/\/talkpal.ai\/lv\/#website"},"primaryImageOfPage":{"@id":"https:\/\/talkpal.ai\/lv\/marathi-gramatikas-vingrinajumi\/#primaryimage"},"image":{"@id":"https:\/\/talkpal.ai\/lv\/marathi-gramatikas-vingrinajumi\/#primaryimage"},"thumbnailUrl":"https:\/\/talkpal.ai\/wp-content\/uploads\/2023\/05\/Marathi-india.png","datePublished":"2023-06-22T08:37:16+00:00","dateModified":"2025-12-17T15:24:51+00:00","description":"Uzlabojiet savas marathu valodas prasmes, izmantojot aizraujo\u0161us marathu gramatikas vingrin\u0101jumus, kas paredz\u0113ti visu l\u012bme\u0146u studentiem.","breadcrumb":{"@id":"https:\/\/talkpal.ai\/lv\/marathi-gramatikas-vingrinajumi\/#breadcrumb"},"inLanguage":"lv-LV","potentialAction":[{"@type":"ReadAction","target":["https:\/\/talkpal.ai\/lv\/marathi-gramatikas-vingrinajumi\/"]}]},{"@type":"ImageObject","inLanguage":"lv-LV","@id":"https:\/\/talkpal.ai\/lv\/marathi-gramatikas-vingrinajumi\/#primaryimage","url":"https:\/\/talkpal.ai\/wp-content\/uploads\/2023\/05\/Marathi-india.png","contentUrl":"https:\/\/talkpal.ai\/wp-content\/uploads\/2023\/05\/Marathi-india.png","width":512,"height":512},{"@type":"BreadcrumbList","@id":"https:\/\/talkpal.ai\/lv\/marathi-gramatikas-vingrinajumi\/#breadcrumb","itemListElement":[{"@type":"ListItem","position":1,"name":"Homepage","item":"https:\/\/talkpal.ai\/lv\/"},{"@type":"ListItem","position":2,"name":"Marathi gramatikas vingrin\u0101jumi"}]},{"@type":"WebSite","@id":"https:\/\/talkpal.ai\/lv\/#website","url":"https:\/\/talkpal.ai\/lv\/","name":"Talkpal","description":"AI Language Learning","publisher":{"@id":"https:\/\/talkpal.ai\/lv\/#organization"},"alternateName":"Talkpal AI","potentialAction":[{"@type":"SearchAction","target":{"@type":"EntryPoint","urlTemplate":"https:\/\/talkpal.ai\/lv\/?s={search_term_string}"},"query-input":{"@type":"PropertyValueSpecification","valueRequired":true,"valueName":"search_term_string"}}],"inLanguage":"lv-LV"},{"@type":"Organization","@id":"https:\/\/talkpal.ai\/lv\/#organization","name":"Talkpal, Inc.","alternateName":"Talkpal AI","url":"https:\/\/talkpal.ai\/lv\/","logo":{"@type":"ImageObject","inLanguage":"lv-LV","@id":"https:\/\/talkpal.ai\/lv\/#\/schema\/logo\/image\/","url":"https:\/\/talkpal.ai\/wp-content\/uploads\/2024\/03\/Talkpal-Logo-Icon.png","contentUrl":"https:\/\/talkpal.ai\/wp-content\/uploads\/2024\/03\/Talkpal-Logo-Icon.png","width":2880,"height":2880,"caption":"Talkpal, Inc."},"image":{"@id":"https:\/\/talkpal.ai\/lv\/#\/schema\/logo\/image\/"},"sameAs":["https:\/\/www.facebook.com\/profile.php?id=100090733639311","https:\/\/x.com\/talkpalai","https:\/\/www.linkedin.com\/company\/talkpal\/","https:\/\/www.youtube.com\/@TalkPal\/","https:\/\/www.tiktok.com\/@talkpal","https:\/\/www.instagram.com\/talkpal_ai\/","https:\/\/www.crunchbase.com\/organization\/talkpal-9cde","https:\/\/www.g2.com\/products\/talkpal-for-business\/","https:\/\/www.trustpilot.com\/review\/talkpal.ai","https:\/\/www.capterra.com\/p\/10006800\/TalkPal\/"],"description":"Talkpal is a language learning web and mobile education app, powered by the latest AI technologies, that provides engaging experiences to its customers in many different languages to help them improve their language skills. Users can chat about unlimited amount of topics with the app and use other modes to practice their language learning.","email":"support@talkpal.ai","legalName":"Talkpal, Inc.","foundingDate":"2023-04-03","duns":"118989042","numberOfEmployees":{"@type":"QuantitativeValue","minValue":"11","maxValue":"50"},"publishingPrinciples":"https:\/\/talkpal.ai\/publishing-principles\/","actionableFeedbackPolicy":"https:\/\/talkpal.ai\/actionable-feedback-policy\/","correctionsPolicy":"https:\/\/talkpal.ai\/corrections-policy\/","ethicsPolicy":"https:\/\/talkpal.ai\/ethics-policy\/","diversityPolicy":"https:\/\/talkpal.ai\/diversity-policy\/","diversityStaffingReport":"https:\/\/talkpal.ai\/diversity-policy\/"}]}},"_links":{"self":[{"href":"https:\/\/talkpal.ai\/lv\/wp-json\/wp\/v2\/pages\/159332","targetHints":{"allow":["GET"]}}],"collection":[{"href":"https:\/\/talkpal.ai\/lv\/wp-json\/wp\/v2\/pages"}],"about":[{"href":"https:\/\/talkpal.ai\/lv\/wp-json\/wp\/v2\/types\/page"}],"author":[{"embeddable":true,"href":"https:\/\/talkpal.ai\/lv\/wp-json\/wp\/v2\/users\/6"}],"replies":[{"embeddable":true,"href":"https:\/\/talkpal.ai\/lv\/wp-json\/wp\/v2\/comments?post=159332"}],"version-history":[{"count":0,"href":"https:\/\/talkpal.ai\/lv\/wp-json\/wp\/v2\/pages\/159332\/revisions"}],"wp:featuredmedia":[{"embeddable":true,"href":"https:\/\/talkpal.ai\/lv\/wp-json\/wp\/v2\/media\/116344"}],"wp:attachment":[{"href":"https:\/\/talkpal.ai\/lv\/wp-json\/wp\/v2\/media?parent=159332"}],"curies":[{"name":"wp","href":"https:\/\/api.w.org\/{rel}","templated":true}]}}