{"id":159044,"date":"2023-06-22T08:43:13","date_gmt":"2023-06-22T08:43:13","guid":{"rendered":"http:\/\/talkpal.ai\/maoru-gramatikas-vingrinajumi\/"},"modified":"2025-12-17T14:40:06","modified_gmt":"2025-12-17T14:40:06","slug":"maoru-gramatikas-vingrinajumi","status":"publish","type":"page","link":"https:\/\/talkpal.ai\/lv\/maoru-gramatikas-vingrinajumi\/","title":{"rendered":"Maoru gramatikas vingrin\u0101jumi"},"content":{"rendered":"\r\n\r\n\r\n<section class=\"languageChallengeSection\">\r\n    <div class=\"languageInfoWrapper\">\r\n        \r\n        <h1>Maoru gramatikas vingrin\u0101jumi<\/h1>\r\n        <p>V\u0113laties nostiprin\u0101t savas <a href=\"https:\/\/talkpal.ai\/culture\/how-do-i-start-learning-te-reo-maori-as-a-beginner\/\">te reo M\u0101ori<\/a> prasmes? Gramatikas vingrin\u0101jumu praktiz\u0113\u0161ana ir lielisks veids, k\u0101 izprast teikuma strukt\u016bru, darb\u012bbas v\u0101rdu formas un galvenos <a href=\"https:\/\/talkpal.ai\/what-language-is-spoken-on-the-international-space-station\/\">valodas<\/a> mode\u013cus. S\u0101ciet apg\u016bt maoru valodas gramatiku jau \u0161odien un v\u0113rojiet, k\u0101 ar katru jaunu vingrin\u0101jumu pieaug j\u016bsu p\u0101rliec\u012bba un prasmes!<\/p>\r\n\r\n                            <a class=\"getStartedHidden\" href=\"https:\/\/app.talkpal.ai\/lv\/signup?lng=\">S\u0101c<\/a>\r\n        \r\n    <\/div>\r\n\r\n    <figure>\r\n    <img decoding=\"async\" width=\"768\" height=\"768\" src=\"https:\/\/talkpal.ai\/wp-content\/uploads\/2023\/06\/maori-768x768.png\" class=\"languageImage no-lazy\" alt=\"Language learning for social and professional settings\" fetchpriority=\"high\" sizes=\"(max-width: 768px) 150px, 768px\" srcset=\"https:\/\/talkpal.ai\/wp-content\/uploads\/2023\/06\/maori-768x768.png 768w, https:\/\/talkpal.ai\/wp-content\/uploads\/2023\/06\/maori-300x300.png 300w\" \/>\r\n    \r\n\r\n    <\/figure>\r\n\r\n            <a class=\"getStartedVisible\" href=\"https:\/\/app.talkpal.ai\/lv\/signup?lng=\">S\u0101c<\/a>\r\n    \r\n<\/section>\r\n\r\n\r\n<!-- <section class=\"grammarSection\">\r\n    <div class=\"grammarLinks\">\r\n            <\/div>\r\n<\/section> -->\r\n\r\n\r\n\r\n\r\n<section class=\"promotionalBanner\">\r\n    <p class=\"promotionalText\">Visefekt\u012bv\u0101kais veids, k\u0101 apg\u016bt valodu<\/p>\r\n    <a class=\"promotionalLink\" href=\"https:\/\/app.talkpal.ai\/lv\/signup?lng=\">Izm\u0113\u0123iniet Talkpal bez maksas<\/a>\r\n<\/section>\n<div class=\"wp-block-group pageContainerStyle\"><div class=\"wp-block-group__inner-container is-layout-constrained wp-block-group-is-layout-constrained\">\n<h2 class=\"wp-block-heading\" id=\"h-maori-grammar-topics\">Maoru gramatikas t\u0113mas<\/h2>\n\n\n\n<p>Maoru valoda, paz\u012bstama k\u0101 te reo M\u0101ori, ir austrumpolin\u0113zie\u0161u valoda, kuras dzimtene ir Jaunz\u0113lande. K\u0101 valsts ofici\u0101lajai valodai <a href=\"https:\/\/talkpal.ai\/learn-thai\/\">tai<\/a> ir bag\u0101ts kult\u016bras mantojums un unik\u0101las valodas iez\u012bmes. Maoru gramatikas apguve ir b\u016btiska, lai saprastu un efekt\u012bvi sazin\u0101tos valod\u0101. \u0160aj\u0101 ce\u013cved\u012b ir sniegts p\u0101rskats par b\u016btisk\u0101m maoru gramatikas t\u0113m\u0101m, kas sak\u0101rtotas sec\u012bb\u0101, kas paredz\u0113ta, lai atvieglotu j\u016bsu m\u0101c\u012bbu procesu. No sasprindzin\u0101jumiem un darb\u012bbas v\u0101rdiem l\u012bdz \u012bpa\u0161\u012bbas v\u0101rdiem un priev\u0101rdiem \u2014 \u0161\u012b rokasgr\u0101mata pal\u012bdz\u0113s jums izprast maoru gramatikas b\u016btiskos elementus un uzs\u0101kt valodu apguves ce\u013cojumu.<\/p>\n\n\n\n<h3 class=\"wp-block-heading\" id=\"h-1-tenses\">1. Sasprindzin\u0101jums:<\/h3>\n\n\n\n<p><a href=\"https:\/\/talkpal.ai\/learn-maori\/\">Maori<\/a> ir divi prim\u0101rie sasprindzin\u0101jumi \u2013 pag\u0101tne un ne-pag\u0101tne. Pag\u0101tnes sasprindzin\u0101jums nor\u0101da uz darb\u012bb\u0101m vai notikumiem, kas jau ir notiku\u0161i, savuk\u0101rt pag\u0101tnes sasprindzin\u0101jums ietver gan pa\u0161reiz\u0113j\u0101s, gan n\u0101kotnes darb\u012bbas. \u0160o laiku izpratne ir b\u016btiska, lai veidotu teikumus un prec\u012bzi nodotu noz\u012bmi.<\/p>\n\n\n\n<h3 class=\"wp-block-heading\" id=\"h-2-tense-comparison\">2. Saspringts sal\u012bdzin\u0101jums:<\/h3>\n\n\n\n<p>Sal\u012bdzinot laikus maoru valod\u0101, ir svar\u012bgi saprast, k\u0101 veidot teikumus, izmantojot da\u017e\u0101dus laikus, un veikt atbilsto\u0161us sal\u012bdzin\u0101jumus starp tiem. \u0160\u012bs zin\u0101\u0161anas pal\u012bdz\u0113s jums izteikt r\u012bc\u012bbu un notikumus da\u017e\u0101dos laic\u012bgos kontekstos.<\/p>\n\n\n\n<h3 class=\"wp-block-heading\" id=\"h-3-progressive\">3. Progres\u012bvs:<\/h3>\n\n\n\n<p>Maoru progres\u012bvais aspekts nor\u0101da uz notieko\u0161\u0101m vai nep\u0101rtraukt\u0101m darb\u012bb\u0101m. M\u0101coties izmantot progres\u012bvo aspektu, j\u016bs var\u0113siet aprakst\u012bt darb\u012bbas, kas notiek \u0161obr\u012bd, pievienojot dzi\u013cumu j\u016bsu komunik\u0101cijai.<\/p>\n\n\n\n<h3 class=\"wp-block-heading\" id=\"h-4-perfect-progressive\">4. Ide\u0101ls progres\u012bvs:<\/h3>\n\n\n\n<p>Ide\u0101lais progres\u012bvais aspekts apvieno gan perfektu, gan progres\u012bvu aspektu elementus, nor\u0101dot uz darb\u012bb\u0101m, kas ir notiku\u0161as, bet tagad ir pabeigtas. \u0160\u012b aspekta apg\u016b\u0161ana pal\u012bdz\u0113s jums nodot sare\u017e\u0123\u012bt\u0101kas idejas un situ\u0101cijas.<\/p>\n\n\n\n<h3 class=\"wp-block-heading\" id=\"h-5-verbs\">5. Darb\u012bbas v\u0101rdi:<\/h3>\n\n\n\n<p>Darb\u012bbas v\u0101rdi ir b\u016btiski, lai konstru\u0113tu teikumus un izteiktu darb\u012bbas vai st\u0101vok\u013cus, kas atrodas <a href=\"https:\/\/talkpal.ai\/learn-maori\/\">maori<\/a>. Efekt\u012bvas komunik\u0101cijas labad ir svar\u012bgi iepaz\u012bties ar darb\u012bbas v\u0101rdu konjug\u0101ciju, parastajiem darb\u012bbas v\u0101rdiem un to lieto\u0161anu.<\/p>\n\n\n\n<h3 class=\"wp-block-heading\" id=\"h-6-nouns\">6. Lietv\u0101rdi:<\/h3>\n\n\n\n<p>Lietv\u0101rdi ir jebkuras valodas pamats, kas p\u0101rst\u0101v cilv\u0113kus, vietas, lietas vai idejas. Maoru lietv\u0101rdu apguve pal\u012bdz\u0113s jums veidot savu v\u0101rdu kr\u0101jumu un uzlabot visp\u0101r\u0113jo valodas izpratni.<\/p>\n\n\n\n<h3 class=\"wp-block-heading\" id=\"h-7-articles\">7. Raksti:<\/h3>\n\n\n\n<p>Maori izmanto rakstus, lai nor\u0101d\u012btu lietv\u0101rda noteikt\u012bbu vai nenoteikt\u012bbu. Izpratne par rakstu izmanto\u0161anu pal\u012bdz\u0113s jums veidot teikumus ar skaidr\u012bbu un precizit\u0101ti.<\/p>\n\n\n\n<h3 class=\"wp-block-heading\" id=\"h-8-pronouns-determiners\">8. Vietniekv\u0101rdi\/noteic\u0113ji:<\/h3>\n\n\n\n<p>Vietniekv\u0101rdiem un noteic\u0113jiem ir b\u016btiska loma maoru gramatik\u0101, pal\u012bdzot identific\u0113t vai preciz\u0113t lietv\u0101rdu. Iepaz\u012bstieties ar da\u017e\u0101diem vietniekv\u0101rdiem un noteic\u0113jiem, lai uzlabotu savas valodas prasmes.<\/p>\n\n\n\n<h3 class=\"wp-block-heading\" id=\"h-9-adjectives\">9. \u012apa\u0161\u012bbas v\u0101rdi:<\/h3>\n\n\n\n<p>\u012apa\u0161\u012bbas v\u0101rdi sniedz lietv\u0101rdu aprakstus, \u012bpa\u0161\u012bbas vai atrib\u016btus. Maoru \u012bpa\u0161\u012bbas v\u0101rdu apguve \u013caus jums izteikt detaliz\u0113t\u0101kas un nians\u0113t\u0101kas idejas.<\/p>\n\n\n\n<h3 class=\"wp-block-heading\" id=\"h-10-adverbs\">10. Adverbi:<\/h3>\n\n\n\n<p>Adverbi modific\u0113 darb\u012bbas v\u0101rdus, \u012bpa\u0161\u012bbas v\u0101rdus vai citus adverbus, sniedzot papildu inform\u0101ciju par darb\u012bb\u0101m vai \u012bpa\u0161\u012bb\u0101m. Maoru adverbu apg\u016b\u0161ana pal\u012bdz\u0113s jums efekt\u012bv\u0101k nodot noz\u012bmi un pievienot teikumos da\u017e\u0101d\u012bbu.<\/p>\n\n\n\n<h3 class=\"wp-block-heading\" id=\"h-11-conditionals\">11. Nosac\u012bjumi:<\/h3>\n\n\n\n<p>Nosac\u012bjumi tiek izmantoti, lai izteiktu hipot\u0113tiskas situ\u0101cijas vai sekas maoru valod\u0101. Nosac\u012bto formu izpratne pal\u012bdz\u0113s jums sazin\u0101ties ar sare\u017e\u0123\u012bt\u0101m idej\u0101m un iesp\u0113j\u0101m.<\/p>\n\n\n\n<h3 class=\"wp-block-heading\" id=\"h-12-prepositions\">12. Priev\u0101rdi:<\/h3>\n\n\n\n<p>Priev\u0101rdi ir b\u016btiski, lai nor\u0101d\u012btu attiec\u012bbas starp v\u0101rdiem, piem\u0113ram, atra\u0161an\u0101s vietu, virzienu vai laiku. Maoru priev\u0101rdu apguve pal\u012bdz\u0113s jums izveidot sare\u017e\u0123\u012bt\u0101kus un j\u0113gpiln\u0101kus teikumus.<\/p>\n\n\n\n<h3 class=\"wp-block-heading\" id=\"h-13-sentences\">13. Teikumi:<\/h3>\n\n\n\n<p>Visbeidzot, izpratne par teikuma strukt\u016bru un v\u0101rdu sec\u012bbu ir b\u016btiska efekt\u012bvai komunik\u0101cijai maoru valod\u0101. Iepaz\u012bstieties ar da\u017e\u0101diem teikumu mode\u013ciem un praktiz\u0113jiet teikumu veido\u0161anu, izmantojot \u0161aj\u0101 rokasgr\u0101mat\u0101 apl\u016bkot\u0101s gramatikas t\u0113mas.<\/p>\n<\/div><\/div>\n\r\n<section class=\"learnNavigationSection\">\r\n            \r\n        <a href=\"https:\/\/talkpal.ai\/lv\/uzziniet-maoru-valodu\/\">\r\n            <div class=\"learnNavigationWrapper\">\r\n                <div class=\"learnNavigationContent\">\r\n                    <img decoding=\"async\" src=\"https:\/\/talkpal.ai\/wp-content\/uploads\/2024\/08\/Maori.jpg\" alt=\"New Zealand Flag\">\r\n                    <div>\r\n                        <h4>Maoru valodas gramatikas nodarb\u012bbas<\/h4>\r\n                        <p>Uzziniet visu par maoru valodas gramatiku.<\/p>\r\n                    <\/div>\r\n                <\/div>\r\n            <\/div>\r\n        <\/a>\r\n\r\n        \r\n        <a href=\"https:\/\/talkpal.ai\/lv\/maoru-gramatika\/\">\r\n            <div class=\"learnNavigationWrapper\">\r\n                <div class=\"learnNavigationContent\">\r\n                    <img decoding=\"async\" src=\"https:\/\/talkpal.ai\/wp-content\/uploads\/2024\/08\/Maori.jpg\" alt=\"New Zealand Flag\">\r\n                    <div>\r\n                        <h4>Maoru valodas gramatikas nodarb\u012bbas<\/h4>\r\n                        <p>Praktiz\u0113jiet maoru valodas gramatiku.<\/p>\r\n                    <\/div>\r\n                <\/div>\r\n            <\/div>\r\n        <\/a>\r\n\r\n        \r\n        <a href=\"https:\/\/talkpal.ai\/vocabulary_language\/maori\/\">\r\n            <div class=\"learnNavigationWrapper\">\r\n                <div class=\"learnNavigationContent\">\r\n                    <img decoding=\"async\" src=\"https:\/\/talkpal.ai\/wp-content\/uploads\/2024\/08\/Maori.jpg\" alt=\"New Zealand Flag\">\r\n                    <div>\r\n                        <h4>Maoru valodas v\u0101rdn\u012bca<\/h4>\r\n                        <p>Papla\u0161iniet maoru valodas v\u0101rdu kr\u0101jumu.<\/p>\r\n                    <\/div>\r\n                <\/div>\r\n            <\/div>\r\n        <\/a>\r\n\r\n            <\/section>","protected":false},"excerpt":{"rendered":"<p>Maoru gramatikas t\u0113mas Maoru valoda, paz\u012bstama k\u0101 te reo M\u0101ori, ir austrumpolin\u0113zie\u0161u valoda, kuras dzimtene ir Jaunz\u0113lande. K\u0101 valsts ofici\u0101lajai valodai tai ir bag\u0101ts kult\u016bras mantojums un unik\u0101las valodas iez\u012bmes. Maoru gramatikas apguve ir b\u016btiska, lai saprastu un efekt\u012bvi sazin\u0101tos valod\u0101. \u0160aj\u0101 ce\u013cved\u012b ir sniegts p\u0101rskats par b\u016btisk\u0101m maoru gramatikas t\u0113m\u0101m, kas sak\u0101rtotas sec\u012bb\u0101, kas [&hellip;]<\/p>\n","protected":false},"author":6,"featured_media":116612,"parent":0,"menu_order":0,"comment_status":"closed","ping_status":"closed","template":"LearningContentPage.php","meta":{"_acf_changed":false,"footnotes":""},"class_list":["post-159044","page","type-page","status-publish","has-post-thumbnail","hentry"],"acf":[],"yoast_head":"<!-- This site is optimized with the Yoast SEO Premium plugin v27.2 (Yoast SEO v27.2) - https:\/\/yoast.com\/product\/yoast-seo-premium-wordpress\/ -->\n<title>Maoru gramatikas vingrin\u0101jumi - Talkpal<\/title>\n<meta name=\"description\" content=\"Uzlabojiet savas valodas prasmes, izmantojot maoru valodas gramatikas vingrin\u0101jumus, kas paredz\u0113ti, lai uzlabotu j\u016bsu izpratni par maoru valodu un t\u0101s teko\u0161u lieto\u0161anu.\" \/>\n<meta name=\"robots\" content=\"index, follow, max-snippet:-1, max-image-preview:large, max-video-preview:-1\" \/>\n<link rel=\"canonical\" href=\"https:\/\/talkpal.ai\/lv\/maoru-gramatikas-vingrinajumi\/\" \/>\n<meta property=\"og:locale\" content=\"lv_LV\" \/>\n<meta property=\"og:type\" content=\"article\" \/>\n<meta property=\"og:title\" content=\"Maoru gramatikas vingrin\u0101jumi\" \/>\n<meta property=\"og:description\" content=\"Maoru gramatikas t\u0113mas Maoru valoda, paz\u012bstama k\u0101 te reo M\u0101ori, ir austrumpolin\u0113zie\u0161u valoda, kuras dzimtene ir Jaunz\u0113lande. K\u0101 valsts ofici\u0101lajai valodai\" \/>\n<meta property=\"og:url\" content=\"https:\/\/talkpal.ai\/lv\/maoru-gramatikas-vingrinajumi\/\" \/>\n<meta property=\"og:site_name\" content=\"Talkpal\" \/>\n<meta property=\"article:publisher\" content=\"https:\/\/www.facebook.com\/profile.php?id=100090733639311\" \/>\n<meta property=\"article:modified_time\" content=\"2025-12-17T14:40:06+00:00\" \/>\n<meta property=\"og:image\" content=\"https:\/\/talkpal.ai\/wp-content\/uploads\/2023\/05\/Maori-new-zealand.png\" \/>\n\t<meta property=\"og:image:width\" content=\"512\" \/>\n\t<meta property=\"og:image:height\" content=\"512\" \/>\n\t<meta property=\"og:image:type\" content=\"image\/png\" \/>\n<meta name=\"twitter:card\" content=\"summary_large_image\" \/>\n<meta name=\"twitter:site\" content=\"@talkpalai\" \/>\n<meta name=\"twitter:label1\" content=\"Est. reading time\" \/>\n\t<meta name=\"twitter:data1\" content=\"3 minutes\" \/>\n<script type=\"application\/ld+json\" class=\"yoast-schema-graph\">{\"@context\":\"https:\/\/schema.org\",\"@graph\":[{\"@type\":\"WebPage\",\"@id\":\"https:\/\/talkpal.ai\/lv\/maoru-gramatikas-vingrinajumi\/\",\"url\":\"https:\/\/talkpal.ai\/lv\/maoru-gramatikas-vingrinajumi\/\",\"name\":\"Maoru gramatikas vingrin\u0101jumi - Talkpal\",\"isPartOf\":{\"@id\":\"https:\/\/talkpal.ai\/lv\/#website\"},\"primaryImageOfPage\":{\"@id\":\"https:\/\/talkpal.ai\/lv\/maoru-gramatikas-vingrinajumi\/#primaryimage\"},\"image\":{\"@id\":\"https:\/\/talkpal.ai\/lv\/maoru-gramatikas-vingrinajumi\/#primaryimage\"},\"thumbnailUrl\":\"https:\/\/talkpal.ai\/wp-content\/uploads\/2023\/05\/Maori-new-zealand.png\",\"datePublished\":\"2023-06-22T08:43:13+00:00\",\"dateModified\":\"2025-12-17T14:40:06+00:00\",\"description\":\"Uzlabojiet savas valodas prasmes, izmantojot maoru valodas gramatikas vingrin\u0101jumus, kas paredz\u0113ti, lai uzlabotu j\u016bsu izpratni par maoru valodu un t\u0101s teko\u0161u lieto\u0161anu.\",\"breadcrumb\":{\"@id\":\"https:\/\/talkpal.ai\/lv\/maoru-gramatikas-vingrinajumi\/#breadcrumb\"},\"inLanguage\":\"lv-LV\",\"potentialAction\":[{\"@type\":\"ReadAction\",\"target\":[\"https:\/\/talkpal.ai\/lv\/maoru-gramatikas-vingrinajumi\/\"]}]},{\"@type\":\"ImageObject\",\"inLanguage\":\"lv-LV\",\"@id\":\"https:\/\/talkpal.ai\/lv\/maoru-gramatikas-vingrinajumi\/#primaryimage\",\"url\":\"https:\/\/talkpal.ai\/wp-content\/uploads\/2023\/05\/Maori-new-zealand.png\",\"contentUrl\":\"https:\/\/talkpal.ai\/wp-content\/uploads\/2023\/05\/Maori-new-zealand.png\",\"width\":512,\"height\":512},{\"@type\":\"BreadcrumbList\",\"@id\":\"https:\/\/talkpal.ai\/lv\/maoru-gramatikas-vingrinajumi\/#breadcrumb\",\"itemListElement\":[{\"@type\":\"ListItem\",\"position\":1,\"name\":\"Homepage\",\"item\":\"https:\/\/talkpal.ai\/lv\/\"},{\"@type\":\"ListItem\",\"position\":2,\"name\":\"Maoru gramatikas vingrin\u0101jumi\"}]},{\"@type\":\"WebSite\",\"@id\":\"https:\/\/talkpal.ai\/lv\/#website\",\"url\":\"https:\/\/talkpal.ai\/lv\/\",\"name\":\"Talkpal\",\"description\":\"AI Language Learning\",\"publisher\":{\"@id\":\"https:\/\/talkpal.ai\/lv\/#organization\"},\"alternateName\":\"Talkpal AI\",\"potentialAction\":[{\"@type\":\"SearchAction\",\"target\":{\"@type\":\"EntryPoint\",\"urlTemplate\":\"https:\/\/talkpal.ai\/lv\/?s={search_term_string}\"},\"query-input\":{\"@type\":\"PropertyValueSpecification\",\"valueRequired\":true,\"valueName\":\"search_term_string\"}}],\"inLanguage\":\"lv-LV\"},{\"@type\":\"Organization\",\"@id\":\"https:\/\/talkpal.ai\/lv\/#organization\",\"name\":\"Talkpal, Inc.\",\"alternateName\":\"Talkpal AI\",\"url\":\"https:\/\/talkpal.ai\/lv\/\",\"logo\":{\"@type\":\"ImageObject\",\"inLanguage\":\"lv-LV\",\"@id\":\"https:\/\/talkpal.ai\/lv\/#\/schema\/logo\/image\/\",\"url\":\"https:\/\/talkpal.ai\/wp-content\/uploads\/2024\/03\/Talkpal-Logo-Icon.png\",\"contentUrl\":\"https:\/\/talkpal.ai\/wp-content\/uploads\/2024\/03\/Talkpal-Logo-Icon.png\",\"width\":2880,\"height\":2880,\"caption\":\"Talkpal, Inc.\"},\"image\":{\"@id\":\"https:\/\/talkpal.ai\/lv\/#\/schema\/logo\/image\/\"},\"sameAs\":[\"https:\/\/www.facebook.com\/profile.php?id=100090733639311\",\"https:\/\/x.com\/talkpalai\",\"https:\/\/www.linkedin.com\/company\/talkpal\/\",\"https:\/\/www.youtube.com\/@TalkPal\/\",\"https:\/\/www.tiktok.com\/@talkpal\",\"https:\/\/www.instagram.com\/talkpal_ai\/\",\"https:\/\/www.crunchbase.com\/organization\/talkpal-9cde\",\"https:\/\/www.g2.com\/products\/talkpal-for-business\/\",\"https:\/\/www.trustpilot.com\/review\/talkpal.ai\",\"https:\/\/www.capterra.com\/p\/10006800\/TalkPal\/\"],\"description\":\"Talkpal is a language learning web and mobile education app, powered by the latest AI technologies, that provides engaging experiences to its customers in many different languages to help them improve their language skills. Users can chat about unlimited amount of topics with the app and use other modes to practice their language learning.\",\"email\":\"support@talkpal.ai\",\"legalName\":\"Talkpal, Inc.\",\"foundingDate\":\"2023-04-03\",\"duns\":\"118989042\",\"numberOfEmployees\":{\"@type\":\"QuantitativeValue\",\"minValue\":\"11\",\"maxValue\":\"50\"},\"publishingPrinciples\":\"https:\/\/talkpal.ai\/publishing-principles\/\",\"actionableFeedbackPolicy\":\"https:\/\/talkpal.ai\/actionable-feedback-policy\/\",\"correctionsPolicy\":\"https:\/\/talkpal.ai\/corrections-policy\/\",\"ethicsPolicy\":\"https:\/\/talkpal.ai\/ethics-policy\/\",\"diversityPolicy\":\"https:\/\/talkpal.ai\/diversity-policy\/\",\"diversityStaffingReport\":\"https:\/\/talkpal.ai\/diversity-policy\/\"}]}<\/script>\n<!-- \/ Yoast SEO Premium plugin. -->","yoast_head_json":{"title":"Maoru gramatikas vingrin\u0101jumi - Talkpal","description":"Uzlabojiet savas valodas prasmes, izmantojot maoru valodas gramatikas vingrin\u0101jumus, kas paredz\u0113ti, lai uzlabotu j\u016bsu izpratni par maoru valodu un t\u0101s teko\u0161u lieto\u0161anu.","robots":{"index":"index","follow":"follow","max-snippet":"max-snippet:-1","max-image-preview":"max-image-preview:large","max-video-preview":"max-video-preview:-1"},"canonical":"https:\/\/talkpal.ai\/lv\/maoru-gramatikas-vingrinajumi\/","og_locale":"lv_LV","og_type":"article","og_title":"Maoru gramatikas vingrin\u0101jumi","og_description":"Maoru gramatikas t\u0113mas Maoru valoda, paz\u012bstama k\u0101 te reo M\u0101ori, ir austrumpolin\u0113zie\u0161u valoda, kuras dzimtene ir Jaunz\u0113lande. K\u0101 valsts ofici\u0101lajai valodai","og_url":"https:\/\/talkpal.ai\/lv\/maoru-gramatikas-vingrinajumi\/","og_site_name":"Talkpal","article_publisher":"https:\/\/www.facebook.com\/profile.php?id=100090733639311","article_modified_time":"2025-12-17T14:40:06+00:00","og_image":[{"width":512,"height":512,"url":"https:\/\/talkpal.ai\/wp-content\/uploads\/2023\/05\/Maori-new-zealand.png","type":"image\/png"}],"twitter_card":"summary_large_image","twitter_site":"@talkpalai","twitter_misc":{"Est. reading time":"3 minutes"},"schema":{"@context":"https:\/\/schema.org","@graph":[{"@type":"WebPage","@id":"https:\/\/talkpal.ai\/lv\/maoru-gramatikas-vingrinajumi\/","url":"https:\/\/talkpal.ai\/lv\/maoru-gramatikas-vingrinajumi\/","name":"Maoru gramatikas vingrin\u0101jumi - Talkpal","isPartOf":{"@id":"https:\/\/talkpal.ai\/lv\/#website"},"primaryImageOfPage":{"@id":"https:\/\/talkpal.ai\/lv\/maoru-gramatikas-vingrinajumi\/#primaryimage"},"image":{"@id":"https:\/\/talkpal.ai\/lv\/maoru-gramatikas-vingrinajumi\/#primaryimage"},"thumbnailUrl":"https:\/\/talkpal.ai\/wp-content\/uploads\/2023\/05\/Maori-new-zealand.png","datePublished":"2023-06-22T08:43:13+00:00","dateModified":"2025-12-17T14:40:06+00:00","description":"Uzlabojiet savas valodas prasmes, izmantojot maoru valodas gramatikas vingrin\u0101jumus, kas paredz\u0113ti, lai uzlabotu j\u016bsu izpratni par maoru valodu un t\u0101s teko\u0161u lieto\u0161anu.","breadcrumb":{"@id":"https:\/\/talkpal.ai\/lv\/maoru-gramatikas-vingrinajumi\/#breadcrumb"},"inLanguage":"lv-LV","potentialAction":[{"@type":"ReadAction","target":["https:\/\/talkpal.ai\/lv\/maoru-gramatikas-vingrinajumi\/"]}]},{"@type":"ImageObject","inLanguage":"lv-LV","@id":"https:\/\/talkpal.ai\/lv\/maoru-gramatikas-vingrinajumi\/#primaryimage","url":"https:\/\/talkpal.ai\/wp-content\/uploads\/2023\/05\/Maori-new-zealand.png","contentUrl":"https:\/\/talkpal.ai\/wp-content\/uploads\/2023\/05\/Maori-new-zealand.png","width":512,"height":512},{"@type":"BreadcrumbList","@id":"https:\/\/talkpal.ai\/lv\/maoru-gramatikas-vingrinajumi\/#breadcrumb","itemListElement":[{"@type":"ListItem","position":1,"name":"Homepage","item":"https:\/\/talkpal.ai\/lv\/"},{"@type":"ListItem","position":2,"name":"Maoru gramatikas vingrin\u0101jumi"}]},{"@type":"WebSite","@id":"https:\/\/talkpal.ai\/lv\/#website","url":"https:\/\/talkpal.ai\/lv\/","name":"Talkpal","description":"AI Language Learning","publisher":{"@id":"https:\/\/talkpal.ai\/lv\/#organization"},"alternateName":"Talkpal AI","potentialAction":[{"@type":"SearchAction","target":{"@type":"EntryPoint","urlTemplate":"https:\/\/talkpal.ai\/lv\/?s={search_term_string}"},"query-input":{"@type":"PropertyValueSpecification","valueRequired":true,"valueName":"search_term_string"}}],"inLanguage":"lv-LV"},{"@type":"Organization","@id":"https:\/\/talkpal.ai\/lv\/#organization","name":"Talkpal, Inc.","alternateName":"Talkpal AI","url":"https:\/\/talkpal.ai\/lv\/","logo":{"@type":"ImageObject","inLanguage":"lv-LV","@id":"https:\/\/talkpal.ai\/lv\/#\/schema\/logo\/image\/","url":"https:\/\/talkpal.ai\/wp-content\/uploads\/2024\/03\/Talkpal-Logo-Icon.png","contentUrl":"https:\/\/talkpal.ai\/wp-content\/uploads\/2024\/03\/Talkpal-Logo-Icon.png","width":2880,"height":2880,"caption":"Talkpal, Inc."},"image":{"@id":"https:\/\/talkpal.ai\/lv\/#\/schema\/logo\/image\/"},"sameAs":["https:\/\/www.facebook.com\/profile.php?id=100090733639311","https:\/\/x.com\/talkpalai","https:\/\/www.linkedin.com\/company\/talkpal\/","https:\/\/www.youtube.com\/@TalkPal\/","https:\/\/www.tiktok.com\/@talkpal","https:\/\/www.instagram.com\/talkpal_ai\/","https:\/\/www.crunchbase.com\/organization\/talkpal-9cde","https:\/\/www.g2.com\/products\/talkpal-for-business\/","https:\/\/www.trustpilot.com\/review\/talkpal.ai","https:\/\/www.capterra.com\/p\/10006800\/TalkPal\/"],"description":"Talkpal is a language learning web and mobile education app, powered by the latest AI technologies, that provides engaging experiences to its customers in many different languages to help them improve their language skills. Users can chat about unlimited amount of topics with the app and use other modes to practice their language learning.","email":"support@talkpal.ai","legalName":"Talkpal, Inc.","foundingDate":"2023-04-03","duns":"118989042","numberOfEmployees":{"@type":"QuantitativeValue","minValue":"11","maxValue":"50"},"publishingPrinciples":"https:\/\/talkpal.ai\/publishing-principles\/","actionableFeedbackPolicy":"https:\/\/talkpal.ai\/actionable-feedback-policy\/","correctionsPolicy":"https:\/\/talkpal.ai\/corrections-policy\/","ethicsPolicy":"https:\/\/talkpal.ai\/ethics-policy\/","diversityPolicy":"https:\/\/talkpal.ai\/diversity-policy\/","diversityStaffingReport":"https:\/\/talkpal.ai\/diversity-policy\/"}]}},"_links":{"self":[{"href":"https:\/\/talkpal.ai\/lv\/wp-json\/wp\/v2\/pages\/159044","targetHints":{"allow":["GET"]}}],"collection":[{"href":"https:\/\/talkpal.ai\/lv\/wp-json\/wp\/v2\/pages"}],"about":[{"href":"https:\/\/talkpal.ai\/lv\/wp-json\/wp\/v2\/types\/page"}],"author":[{"embeddable":true,"href":"https:\/\/talkpal.ai\/lv\/wp-json\/wp\/v2\/users\/6"}],"replies":[{"embeddable":true,"href":"https:\/\/talkpal.ai\/lv\/wp-json\/wp\/v2\/comments?post=159044"}],"version-history":[{"count":0,"href":"https:\/\/talkpal.ai\/lv\/wp-json\/wp\/v2\/pages\/159044\/revisions"}],"wp:featuredmedia":[{"embeddable":true,"href":"https:\/\/talkpal.ai\/lv\/wp-json\/wp\/v2\/media\/116612"}],"wp:attachment":[{"href":"https:\/\/talkpal.ai\/lv\/wp-json\/wp\/v2\/media?parent=159044"}],"curies":[{"name":"wp","href":"https:\/\/api.w.org\/{rel}","templated":true}]}}