{"id":158769,"date":"2023-06-22T08:52:21","date_gmt":"2023-06-22T08:52:21","guid":{"rendered":"http:\/\/talkpal.ai\/nepalas-gramatikas-vingrinajumi\/"},"modified":"2025-12-17T14:35:51","modified_gmt":"2025-12-17T14:35:51","slug":"nepalas-gramatikas-vingrinajumi","status":"publish","type":"page","link":"https:\/\/talkpal.ai\/lv\/nepalas-gramatikas-vingrinajumi\/","title":{"rendered":"Nep\u0101las gramatikas vingrin\u0101jumi"},"content":{"rendered":"\r\n\r\n\r\n<section class=\"languageChallengeSection\">\r\n    <div class=\"languageInfoWrapper\">\r\n        \r\n        <h1>Nep\u0101las gramatikas vingrin\u0101jumi<\/h1>\r\n        <p>Vai v\u0113laties ieg\u016bt liel\u0101ku p\u0101rliec\u012bbu par sp\u0101\u0146u valodu? Gramatikas vingrin\u0101jumu praktiz\u0113\u0161ana ir lielisks veids, k\u0101 izprast teikuma strukt\u016bru, darb\u012bbas v\u0101rdu formas un <a href=\"https:\/\/talkpal.ai\/what-language-is-spoken-on-the-international-space-station\/\">valodas<\/a> unik\u0101los mode\u013cus. S\u0101ciet str\u0101d\u0101t ar nep\u0101\u013cu valodas gramatiku jau \u0161odien un skatieties, k\u0101 ar katru vingrin\u0101jumu pieaug j\u016bsu prasmes un zin\u0101\u0161anas!<\/p>\r\n\r\n                            <a class=\"getStartedHidden\" href=\"https:\/\/app.talkpal.ai\/lv\/signup?lng=\">S\u0101c<\/a>\r\n        \r\n    <\/div>\r\n\r\n    <figure>\r\n    <img decoding=\"async\" width=\"768\" height=\"768\" src=\"https:\/\/talkpal.ai\/wp-content\/uploads\/2023\/06\/nepali-768x768.png\" class=\"languageImage no-lazy\" alt=\"Practical language learning for real-life application\" fetchpriority=\"high\" sizes=\"(max-width: 768px) 150px, 768px\" srcset=\"https:\/\/talkpal.ai\/wp-content\/uploads\/2023\/06\/nepali-768x768.png 768w, https:\/\/talkpal.ai\/wp-content\/uploads\/2023\/06\/nepali-300x300.png 300w\" \/>\r\n    \r\n\r\n    <\/figure>\r\n\r\n            <a class=\"getStartedVisible\" href=\"https:\/\/app.talkpal.ai\/lv\/signup?lng=\">S\u0101c<\/a>\r\n    \r\n<\/section>\r\n\r\n\r\n<!-- <section class=\"grammarSection\">\r\n    <div class=\"grammarLinks\">\r\n            <\/div>\r\n<\/section> -->\r\n\r\n\r\n\r\n\r\n<section class=\"promotionalBanner\">\r\n    <p class=\"promotionalText\">Visefekt\u012bv\u0101kais veids, k\u0101 apg\u016bt valodu<\/p>\r\n    <a class=\"promotionalLink\" href=\"https:\/\/app.talkpal.ai\/lv\/signup?lng=\">Izm\u0113\u0123iniet Talkpal bez maksas<\/a>\r\n<\/section>\n<div class=\"wp-block-group pageContainerStyle\"><div class=\"wp-block-group__inner-container is-layout-constrained wp-block-group-is-layout-constrained\">\n<h2 class=\"wp-block-heading\" id=\"h-nepali-grammar-topics\">Nep\u0101lie\u0161u Gramatikas t\u0113mas<\/h2>\n\n\n\n<p><a href=\"https:\/\/talkpal.ai\/learn-nepali\/\">Nep\u0101lie\u0161u<\/a> valodas apguve var b\u016bt aizraujo\u0161a un atalgojo\u0161a pieredze ikvienam, kur\u0161 v\u0113las ienirt Nep\u0101las bag\u0101taj\u0101 kult\u016br\u0101 un v\u0113stur\u0113. T\u0101pat k\u0101 ar jebkuru valodu, nep\u0101lie\u0161u gramatikas apguve ir b\u016btiska efekt\u012bvai sazi\u0146ai. \u0160is raksts pal\u012bdz\u0113s jums iepaz\u012bties ar nep\u0101lie\u0161u gramatikas t\u0113m\u0101m, kas sagrup\u0113tas sec\u012bb\u0101, kas atvieglos j\u016bsu valodu apguves ce\u013cojumu. No sasprindzin\u0101juma l\u012bdz teikumu strukt\u016br\u0101m \u0161\u012b rokasgr\u0101mata sniegs jums p\u0101rskatu par svar\u012bgiem gramatikas j\u0113dzieniem, kas liks sp\u0113c\u012bgu pamatu j\u016bsu nep\u0101lie\u0161u valodas prasm\u0113m.<\/p>\n\n\n\n<h3 class=\"wp-block-heading\" id=\"h-1-tenses\">1. Sasprindzin\u0101jums:<\/h3>\n\n\n\n<p>Sasprindzin\u0101juma izpratne ir b\u016btiska, apg\u016bstot jebkuru valodu, jo tie pal\u012bdz nodot darb\u012bbas vai notikuma laiku. Nep\u0101l\u0101 ir tr\u012bs galvenie sasprindzin\u0101jumi: pag\u0101tne, tagadne un n\u0101kotne. Katram sasprindzin\u0101jumam ir savs darb\u012bbas v\u0101rdu konjug\u0101cijas noteikumu kopums, ar kuru jums vajadz\u0113tu iepaz\u012bties, lai prec\u012bzi aprakst\u012btu darb\u012bbas da\u017e\u0101dos laika periodos.<\/p>\n\n\n\n<h3 class=\"wp-block-heading\" id=\"h-2-tense-comparison\">2. Saspringts sal\u012bdzin\u0101jums:<\/h3>\n\n\n\n<p>Laiku sal\u012bdzin\u0101\u0161ana nep\u0101lie\u0161u valod\u0101 ir b\u016btisks <a href=\"https:\/\/talkpal.ai\/lv\/portugalu-valodas-apguves-nodarbibas\/\">valodas apguves<\/a> aspekts. Tas ietver izpratni par to, k\u0101 da\u017e\u0101di sasprindzin\u0101jumi ir saist\u012bti viens ar otru un k\u0101 tos izmantot kop\u0101 skaidrai sazi\u0146ai. Tas pal\u012bdz\u0113s jums izvair\u012bties no neskaidr\u012bb\u0101m, apsprie\u017eot notikumus, kas notiek pag\u0101tn\u0113, tagadn\u0113 vai n\u0101kotn\u0113.<\/p>\n\n\n\n<h3 class=\"wp-block-heading\" id=\"h-3-progressive\">3. Progres\u012bvs:<\/h3>\n\n\n\n<p>Nep\u0101las gramatikas progres\u012bvais aspekts nor\u0101da uz notieko\u0161aj\u0101m darb\u012bb\u0101m. Darb\u012bbas v\u0101rdu progres\u012bv\u0101s formas apguve ir svar\u012bga, lai izteiktu darb\u012bbas, kas pa\u0161laik notiek vai notiek noteikt\u0101 br\u012bd\u012b. Tas pal\u012bdz\u0113s jums izveidot dinamisk\u0101kas un saisto\u0161\u0101kas sarunas nep\u0101lie\u0161u valod\u0101.<\/p>\n\n\n\n<h3 class=\"wp-block-heading\" id=\"h-4-perfect-progressive\">4. Ide\u0101ls progres\u012bvs:<\/h3>\n\n\n\n<p>\u0160is sasprindzin\u0101jums apvieno perfektu un progres\u012bvu laiku j\u0113dzienus. Ide\u0101ls progres\u012bvs sasprindzin\u0101jums tiek izmantots, lai aprakst\u012btu darb\u012bbu, kas s\u0101k\u0101s pag\u0101tn\u0113 un turpin\u0101j\u0101s l\u012bdz citam br\u012bdim pag\u0101tn\u0113. Apg\u016bstot \u0161o sasprindzin\u0101jumu, j\u016bs var\u0113siet sniegt detaliz\u0113tu inform\u0101ciju par iepriek\u0161\u0113j\u0101m darb\u012bb\u0101m un to ilgumu.<\/p>\n\n\n\n<h3 class=\"wp-block-heading\" id=\"h-5-verbs\">5. Darb\u012bbas v\u0101rdi:<\/h3>\n\n\n\n<p>Darb\u012bbas v\u0101rdi ir jebkuras valodas mugurkauls, un nep\u0101lie\u0161u valoda nav iz\u0146\u0113mums. Lai efekt\u012bvi run\u0101tu un saprastu <a href=\"https:\/\/talkpal.ai\/lv\/uzziniet-nepaliesu-valodu\/\">nep\u0101lie\u0161u valodu<\/a>, ir svar\u012bgi apg\u016bt da\u017e\u0101das darb\u012bbas v\u0101rdu formas, to konjug\u0101cijas un to, k\u0101 t\u0101s darbojas teikumos.<\/p>\n\n\n\n<h3 class=\"wp-block-heading\" id=\"h-6-nouns\">6. Lietv\u0101rdi:<\/h3>\n\n\n\n<p>Lai izveidotu stabilu v\u0101rdu kr\u0101jumu, ir nepiecie\u0161ama sp\u0113c\u012bga nep\u0101lie\u0161u lietv\u0101rdu izpratne. M\u0101c\u012b\u0161an\u0101s par parastajiem un pareizajiem lietv\u0101rdiem, k\u0101 ar\u012b saskait\u0101miem un neskait\u0101miem lietv\u0101rdiem pal\u012bdz\u0113s pareizi identific\u0113t un izmantot \u0161\u012bs b\u016btisk\u0101s runas da\u013cas sarun\u0101s.<\/p>\n\n\n\n<h3 class=\"wp-block-heading\" id=\"h-7-articles\">7. Raksti:<\/h3>\n\n\n\n<p>Nep\u0101lie\u0161u valod\u0101 raksti nav tik paman\u0101mi k\u0101 <a href=\"https:\/\/talkpal.ai\/learn-english-with-ai\/\">ang\u013cu<\/a> valod\u0101, ta\u010du joproj\u0101m ir svar\u012bgi uzzin\u0101t to lietojumu. Rakstu izmanto\u0161anas apg\u016b\u0161ana pal\u012bdz\u0113s jums prec\u012bzi identific\u0113t un aprakst\u012bt objektus, cilv\u0113kus un j\u0113dzienus j\u016bsu sarun\u0101s.<\/p>\n\n\n\n<h3 class=\"wp-block-heading\" id=\"h-8-pronouns-determiners\">8. Vietniekv\u0101rdi\/noteic\u0113ji:<\/h3>\n\n\n\n<p>Iepaz\u012b\u0161an\u0101s ar nep\u0101lie\u0161u vietniekv\u0101rdiem un noteic\u0113jiem ir iz\u0161\u0137iro\u0161a skaidrai un kodol\u012bgai sazi\u0146ai. \u0160\u012bs runas da\u013cas pal\u012bdz aizst\u0101t vai nor\u0101d\u012bt lietv\u0101rdus teikumos, padarot sarunas efekt\u012bv\u0101kas un dabisk\u0101kas.<\/p>\n\n\n\n<h3 class=\"wp-block-heading\" id=\"h-9-adjectives\">9. \u012apa\u0161\u012bbas v\u0101rdi:<\/h3>\n\n\n\n<p>\u012apa\u0161\u012bbas v\u0101rdi ir b\u016btiski, lai j\u016bsu nep\u0101lie\u0161u sarun\u0101m pievienotu dzi\u013cumu un deta\u013cas. M\u0101coties pareizi lietot \u012bpa\u0161\u012bbas v\u0101rdus, j\u016bs var\u0113sit prec\u012bzi aprakst\u012bt cilv\u0113kus, vietas un lietas, padarot runu saisto\u0161\u0101ku un informat\u012bv\u0101ku.<\/p>\n\n\n\n<h3 class=\"wp-block-heading\" id=\"h-10-adverbs\">10. Adverbi<\/h3>\n\n\n\n<p>: Nep\u0101lie\u0161u valod\u0101 adverbiem ir iz\u0161\u0137iro\u0161a loma darb\u012bbas v\u0101rdu, \u012bpa\u0161\u012bbas v\u0101rdu vai citu adverbu modific\u0113\u0161an\u0101. Izpratne par to, k\u0101 izmantot adverbus, \u013caus jums sniegt papildu inform\u0101ciju par darb\u012bb\u0101m, st\u0101vok\u013ciem vai \u012bpa\u0161\u012bb\u0101m j\u016bsu sarun\u0101s.<\/p>\n\n\n\n<h3 class=\"wp-block-heading\" id=\"h-11-conditionals\">11. Nosac\u012bjumi:<\/h3>\n\n\n\n<p>Nep\u0101las nosac\u012bjumu apg\u016b\u0161ana \u013caus jums izteikt hipot\u0113tiskas situ\u0101cijas un to sekas. Tas ir svar\u012bgi, lai rad\u012btu sare\u017e\u0123\u012btas, nians\u0113tas diskusijas valod\u0101.<\/p>\n\n\n\n<h3 class=\"wp-block-heading\" id=\"h-12-prepositions\">12. Priev\u0101rdi:<\/h3>\n\n\n\n<p>Priev\u0101rdi ir b\u016btiski, lai nor\u0101d\u012btu attiec\u012bbas starp v\u0101rdiem teikum\u0101. Pareizas priev\u0101rdu lieto\u0161anas apg\u016b\u0161ana pal\u012bdz\u0113s jums izveidot skaidrus un saska\u0146otus teikumus nep\u0101lie\u0161u valod\u0101.<\/p>\n\n\n\n<h3 class=\"wp-block-heading\" id=\"h-13-sentences\">13. Teikumi:<\/h3>\n\n\n\n<p>Visbeidzot, efekt\u012bvas komunik\u0101cijas labad ir \u013coti svar\u012bgi izprast nep\u0101lie\u0161u teikumu strukt\u016bru un veidus. Iepaz\u012bstieties ar vienk\u0101r\u0161iem, saliktiem un sare\u017e\u0123\u012btiem teikumiem un uzziniet, k\u0101 tos pareizi konstru\u0113t, lai nodotu savas domas un idejas valod\u0101.<\/p>\n<\/div><\/div>\n\r\n<section class=\"learnNavigationSection\">\r\n            \r\n        <a href=\"https:\/\/talkpal.ai\/lv\/uzziniet-nepaliesu-valodu\/\">\r\n            <div class=\"learnNavigationWrapper\">\r\n                <div class=\"learnNavigationContent\">\r\n                    <img decoding=\"async\" src=\"https:\/\/talkpal.ai\/wp-content\/uploads\/2024\/08\/Nepali.jpg\" alt=\"Nepali Flag\">\r\n                    <div>\r\n                        <h4>Par Nep\u0101\u013cu valodas apguvi<\/h4>\r\n                        <p>Uzziniet visu par nep\u0101lie\u0161u gramatiku.<\/p>\r\n                    <\/div>\r\n                <\/div>\r\n            <\/div>\r\n        <\/a>\r\n\r\n        \r\n        <a href=\"https:\/\/talkpal.ai\/lv\/nepalas-gramatika\/\">\r\n            <div class=\"learnNavigationWrapper\">\r\n                <div class=\"learnNavigationContent\">\r\n                    <img decoding=\"async\" src=\"https:\/\/talkpal.ai\/wp-content\/uploads\/2024\/08\/Nepali.jpg\" alt=\"Nepali Flag\">\r\n                    <div>\r\n                        <h4>Nep\u0101las gramatikas nodarb\u012bbas<\/h4>\r\n                        <p>Nep\u0101\u013cu valodas gramatikas prakse.<\/p>\r\n                    <\/div>\r\n                <\/div>\r\n            <\/div>\r\n        <\/a>\r\n\r\n        \r\n        <a href=\"https:\/\/talkpal.ai\/vocabulary_language\/nepali\/\">\r\n            <div class=\"learnNavigationWrapper\">\r\n                <div class=\"learnNavigationContent\">\r\n                    <img decoding=\"async\" src=\"https:\/\/talkpal.ai\/wp-content\/uploads\/2024\/08\/Nepali.jpg\" alt=\"Nepali Flag\">\r\n                    <div>\r\n                        <h4>Nep\u0101\u013cu valodas v\u0101rdn\u012bca<\/h4>\r\n                        <p>Papla\u0161iniet savu v\u0101rdu kr\u0101jumu nep\u0101lie\u0161u valod\u0101.<\/p>\r\n                    <\/div>\r\n                <\/div>\r\n            <\/div>\r\n        <\/a>\r\n\r\n            <\/section>","protected":false},"excerpt":{"rendered":"<p>Nep\u0101lie\u0161u Gramatikas t\u0113mas Nep\u0101lie\u0161u valodas apguve var b\u016bt aizraujo\u0161a un atalgojo\u0161a pieredze ikvienam, kur\u0161 v\u0113las ienirt Nep\u0101las bag\u0101taj\u0101 kult\u016br\u0101 un v\u0113stur\u0113. T\u0101pat k\u0101 ar jebkuru valodu, nep\u0101lie\u0161u gramatikas apguve ir b\u016btiska efekt\u012bvai sazi\u0146ai. \u0160is raksts pal\u012bdz\u0113s jums iepaz\u012bties ar nep\u0101lie\u0161u gramatikas t\u0113m\u0101m, kas sagrup\u0113tas sec\u012bb\u0101, kas atvieglos j\u016bsu valodu apguves ce\u013cojumu. No sasprindzin\u0101juma l\u012bdz teikumu [&hellip;]<\/p>\n","protected":false},"author":6,"featured_media":116078,"parent":0,"menu_order":0,"comment_status":"closed","ping_status":"closed","template":"LearningContentPage.php","meta":{"_acf_changed":false,"footnotes":""},"class_list":["post-158769","page","type-page","status-publish","has-post-thumbnail","hentry"],"acf":[],"yoast_head":"<!-- This site is optimized with the Yoast SEO Premium plugin v27.2 (Yoast SEO v27.2) - https:\/\/yoast.com\/product\/yoast-seo-premium-wordpress\/ -->\n<title>Nep\u0101las gramatikas vingrin\u0101jumi - Talkpal<\/title>\n<meta name=\"description\" content=\"Apg\u016bstiet nep\u0101lie\u0161u valodas gramatikas vingrin\u0101jumus efekt\u012bvai sazi\u0146ai. Izp\u0113t\u012bt laikus un teikumu strukt\u016bras, lai nodro\u0161in\u0101tu valodas pl\u016bsmu.\" \/>\n<meta name=\"robots\" content=\"index, follow, max-snippet:-1, max-image-preview:large, max-video-preview:-1\" \/>\n<link rel=\"canonical\" href=\"https:\/\/talkpal.ai\/lv\/nepalas-gramatikas-vingrinajumi\/\" \/>\n<meta property=\"og:locale\" content=\"lv_LV\" \/>\n<meta property=\"og:type\" content=\"article\" \/>\n<meta property=\"og:title\" content=\"Nep\u0101las gramatikas vingrin\u0101jumi\" \/>\n<meta property=\"og:description\" content=\"Nep\u0101lie\u0161u Gramatikas t\u0113mas Nep\u0101lie\u0161u valodas apguve var b\u016bt aizraujo\u0161a un atalgojo\u0161a pieredze ikvienam, kur\u0161 v\u0113las ienirt Nep\u0101las bag\u0101taj\u0101 kult\u016br\u0101 un\" \/>\n<meta property=\"og:url\" content=\"https:\/\/talkpal.ai\/lv\/nepalas-gramatikas-vingrinajumi\/\" \/>\n<meta property=\"og:site_name\" content=\"Talkpal\" \/>\n<meta property=\"article:publisher\" content=\"https:\/\/www.facebook.com\/profile.php?id=100090733639311\" \/>\n<meta property=\"article:modified_time\" content=\"2025-12-17T14:35:51+00:00\" \/>\n<meta property=\"og:image\" content=\"https:\/\/talkpal.ai\/wp-content\/uploads\/2023\/05\/nepal.png\" \/>\n\t<meta property=\"og:image:width\" content=\"512\" \/>\n\t<meta property=\"og:image:height\" content=\"512\" \/>\n\t<meta property=\"og:image:type\" content=\"image\/png\" \/>\n<meta name=\"twitter:card\" content=\"summary_large_image\" \/>\n<meta name=\"twitter:site\" content=\"@talkpalai\" \/>\n<meta name=\"twitter:label1\" content=\"Est. reading time\" \/>\n\t<meta name=\"twitter:data1\" content=\"4 minutes\" \/>\n<script type=\"application\/ld+json\" class=\"yoast-schema-graph\">{\"@context\":\"https:\/\/schema.org\",\"@graph\":[{\"@type\":\"WebPage\",\"@id\":\"https:\/\/talkpal.ai\/lv\/nepalas-gramatikas-vingrinajumi\/\",\"url\":\"https:\/\/talkpal.ai\/lv\/nepalas-gramatikas-vingrinajumi\/\",\"name\":\"Nep\u0101las gramatikas vingrin\u0101jumi - Talkpal\",\"isPartOf\":{\"@id\":\"https:\/\/talkpal.ai\/lv\/#website\"},\"primaryImageOfPage\":{\"@id\":\"https:\/\/talkpal.ai\/lv\/nepalas-gramatikas-vingrinajumi\/#primaryimage\"},\"image\":{\"@id\":\"https:\/\/talkpal.ai\/lv\/nepalas-gramatikas-vingrinajumi\/#primaryimage\"},\"thumbnailUrl\":\"https:\/\/talkpal.ai\/wp-content\/uploads\/2023\/05\/nepal.png\",\"datePublished\":\"2023-06-22T08:52:21+00:00\",\"dateModified\":\"2025-12-17T14:35:51+00:00\",\"description\":\"Apg\u016bstiet nep\u0101lie\u0161u valodas gramatikas vingrin\u0101jumus efekt\u012bvai sazi\u0146ai. Izp\u0113t\u012bt laikus un teikumu strukt\u016bras, lai nodro\u0161in\u0101tu valodas pl\u016bsmu.\",\"breadcrumb\":{\"@id\":\"https:\/\/talkpal.ai\/lv\/nepalas-gramatikas-vingrinajumi\/#breadcrumb\"},\"inLanguage\":\"lv-LV\",\"potentialAction\":[{\"@type\":\"ReadAction\",\"target\":[\"https:\/\/talkpal.ai\/lv\/nepalas-gramatikas-vingrinajumi\/\"]}]},{\"@type\":\"ImageObject\",\"inLanguage\":\"lv-LV\",\"@id\":\"https:\/\/talkpal.ai\/lv\/nepalas-gramatikas-vingrinajumi\/#primaryimage\",\"url\":\"https:\/\/talkpal.ai\/wp-content\/uploads\/2023\/05\/nepal.png\",\"contentUrl\":\"https:\/\/talkpal.ai\/wp-content\/uploads\/2023\/05\/nepal.png\",\"width\":512,\"height\":512},{\"@type\":\"BreadcrumbList\",\"@id\":\"https:\/\/talkpal.ai\/lv\/nepalas-gramatikas-vingrinajumi\/#breadcrumb\",\"itemListElement\":[{\"@type\":\"ListItem\",\"position\":1,\"name\":\"Homepage\",\"item\":\"https:\/\/talkpal.ai\/lv\/\"},{\"@type\":\"ListItem\",\"position\":2,\"name\":\"Nep\u0101las gramatikas vingrin\u0101jumi\"}]},{\"@type\":\"WebSite\",\"@id\":\"https:\/\/talkpal.ai\/lv\/#website\",\"url\":\"https:\/\/talkpal.ai\/lv\/\",\"name\":\"Talkpal\",\"description\":\"AI Language Learning\",\"publisher\":{\"@id\":\"https:\/\/talkpal.ai\/lv\/#organization\"},\"alternateName\":\"Talkpal AI\",\"potentialAction\":[{\"@type\":\"SearchAction\",\"target\":{\"@type\":\"EntryPoint\",\"urlTemplate\":\"https:\/\/talkpal.ai\/lv\/?s={search_term_string}\"},\"query-input\":{\"@type\":\"PropertyValueSpecification\",\"valueRequired\":true,\"valueName\":\"search_term_string\"}}],\"inLanguage\":\"lv-LV\"},{\"@type\":\"Organization\",\"@id\":\"https:\/\/talkpal.ai\/lv\/#organization\",\"name\":\"Talkpal, Inc.\",\"alternateName\":\"Talkpal AI\",\"url\":\"https:\/\/talkpal.ai\/lv\/\",\"logo\":{\"@type\":\"ImageObject\",\"inLanguage\":\"lv-LV\",\"@id\":\"https:\/\/talkpal.ai\/lv\/#\/schema\/logo\/image\/\",\"url\":\"https:\/\/talkpal.ai\/wp-content\/uploads\/2024\/03\/Talkpal-Logo-Icon.png\",\"contentUrl\":\"https:\/\/talkpal.ai\/wp-content\/uploads\/2024\/03\/Talkpal-Logo-Icon.png\",\"width\":2880,\"height\":2880,\"caption\":\"Talkpal, Inc.\"},\"image\":{\"@id\":\"https:\/\/talkpal.ai\/lv\/#\/schema\/logo\/image\/\"},\"sameAs\":[\"https:\/\/www.facebook.com\/profile.php?id=100090733639311\",\"https:\/\/x.com\/talkpalai\",\"https:\/\/www.linkedin.com\/company\/talkpal\/\",\"https:\/\/www.youtube.com\/@TalkPal\/\",\"https:\/\/www.tiktok.com\/@talkpal\",\"https:\/\/www.instagram.com\/talkpal_ai\/\",\"https:\/\/www.crunchbase.com\/organization\/talkpal-9cde\",\"https:\/\/www.g2.com\/products\/talkpal-for-business\/\",\"https:\/\/www.trustpilot.com\/review\/talkpal.ai\",\"https:\/\/www.capterra.com\/p\/10006800\/TalkPal\/\"],\"description\":\"Talkpal is a language learning web and mobile education app, powered by the latest AI technologies, that provides engaging experiences to its customers in many different languages to help them improve their language skills. Users can chat about unlimited amount of topics with the app and use other modes to practice their language learning.\",\"email\":\"support@talkpal.ai\",\"legalName\":\"Talkpal, Inc.\",\"foundingDate\":\"2023-04-03\",\"duns\":\"118989042\",\"numberOfEmployees\":{\"@type\":\"QuantitativeValue\",\"minValue\":\"11\",\"maxValue\":\"50\"},\"publishingPrinciples\":\"https:\/\/talkpal.ai\/publishing-principles\/\",\"actionableFeedbackPolicy\":\"https:\/\/talkpal.ai\/actionable-feedback-policy\/\",\"correctionsPolicy\":\"https:\/\/talkpal.ai\/corrections-policy\/\",\"ethicsPolicy\":\"https:\/\/talkpal.ai\/ethics-policy\/\",\"diversityPolicy\":\"https:\/\/talkpal.ai\/diversity-policy\/\",\"diversityStaffingReport\":\"https:\/\/talkpal.ai\/diversity-policy\/\"}]}<\/script>\n<!-- \/ Yoast SEO Premium plugin. -->","yoast_head_json":{"title":"Nep\u0101las gramatikas vingrin\u0101jumi - Talkpal","description":"Apg\u016bstiet nep\u0101lie\u0161u valodas gramatikas vingrin\u0101jumus efekt\u012bvai sazi\u0146ai. Izp\u0113t\u012bt laikus un teikumu strukt\u016bras, lai nodro\u0161in\u0101tu valodas pl\u016bsmu.","robots":{"index":"index","follow":"follow","max-snippet":"max-snippet:-1","max-image-preview":"max-image-preview:large","max-video-preview":"max-video-preview:-1"},"canonical":"https:\/\/talkpal.ai\/lv\/nepalas-gramatikas-vingrinajumi\/","og_locale":"lv_LV","og_type":"article","og_title":"Nep\u0101las gramatikas vingrin\u0101jumi","og_description":"Nep\u0101lie\u0161u Gramatikas t\u0113mas Nep\u0101lie\u0161u valodas apguve var b\u016bt aizraujo\u0161a un atalgojo\u0161a pieredze ikvienam, kur\u0161 v\u0113las ienirt Nep\u0101las bag\u0101taj\u0101 kult\u016br\u0101 un","og_url":"https:\/\/talkpal.ai\/lv\/nepalas-gramatikas-vingrinajumi\/","og_site_name":"Talkpal","article_publisher":"https:\/\/www.facebook.com\/profile.php?id=100090733639311","article_modified_time":"2025-12-17T14:35:51+00:00","og_image":[{"width":512,"height":512,"url":"https:\/\/talkpal.ai\/wp-content\/uploads\/2023\/05\/nepal.png","type":"image\/png"}],"twitter_card":"summary_large_image","twitter_site":"@talkpalai","twitter_misc":{"Est. reading time":"4 minutes"},"schema":{"@context":"https:\/\/schema.org","@graph":[{"@type":"WebPage","@id":"https:\/\/talkpal.ai\/lv\/nepalas-gramatikas-vingrinajumi\/","url":"https:\/\/talkpal.ai\/lv\/nepalas-gramatikas-vingrinajumi\/","name":"Nep\u0101las gramatikas vingrin\u0101jumi - Talkpal","isPartOf":{"@id":"https:\/\/talkpal.ai\/lv\/#website"},"primaryImageOfPage":{"@id":"https:\/\/talkpal.ai\/lv\/nepalas-gramatikas-vingrinajumi\/#primaryimage"},"image":{"@id":"https:\/\/talkpal.ai\/lv\/nepalas-gramatikas-vingrinajumi\/#primaryimage"},"thumbnailUrl":"https:\/\/talkpal.ai\/wp-content\/uploads\/2023\/05\/nepal.png","datePublished":"2023-06-22T08:52:21+00:00","dateModified":"2025-12-17T14:35:51+00:00","description":"Apg\u016bstiet nep\u0101lie\u0161u valodas gramatikas vingrin\u0101jumus efekt\u012bvai sazi\u0146ai. Izp\u0113t\u012bt laikus un teikumu strukt\u016bras, lai nodro\u0161in\u0101tu valodas pl\u016bsmu.","breadcrumb":{"@id":"https:\/\/talkpal.ai\/lv\/nepalas-gramatikas-vingrinajumi\/#breadcrumb"},"inLanguage":"lv-LV","potentialAction":[{"@type":"ReadAction","target":["https:\/\/talkpal.ai\/lv\/nepalas-gramatikas-vingrinajumi\/"]}]},{"@type":"ImageObject","inLanguage":"lv-LV","@id":"https:\/\/talkpal.ai\/lv\/nepalas-gramatikas-vingrinajumi\/#primaryimage","url":"https:\/\/talkpal.ai\/wp-content\/uploads\/2023\/05\/nepal.png","contentUrl":"https:\/\/talkpal.ai\/wp-content\/uploads\/2023\/05\/nepal.png","width":512,"height":512},{"@type":"BreadcrumbList","@id":"https:\/\/talkpal.ai\/lv\/nepalas-gramatikas-vingrinajumi\/#breadcrumb","itemListElement":[{"@type":"ListItem","position":1,"name":"Homepage","item":"https:\/\/talkpal.ai\/lv\/"},{"@type":"ListItem","position":2,"name":"Nep\u0101las gramatikas vingrin\u0101jumi"}]},{"@type":"WebSite","@id":"https:\/\/talkpal.ai\/lv\/#website","url":"https:\/\/talkpal.ai\/lv\/","name":"Talkpal","description":"AI Language Learning","publisher":{"@id":"https:\/\/talkpal.ai\/lv\/#organization"},"alternateName":"Talkpal AI","potentialAction":[{"@type":"SearchAction","target":{"@type":"EntryPoint","urlTemplate":"https:\/\/talkpal.ai\/lv\/?s={search_term_string}"},"query-input":{"@type":"PropertyValueSpecification","valueRequired":true,"valueName":"search_term_string"}}],"inLanguage":"lv-LV"},{"@type":"Organization","@id":"https:\/\/talkpal.ai\/lv\/#organization","name":"Talkpal, Inc.","alternateName":"Talkpal AI","url":"https:\/\/talkpal.ai\/lv\/","logo":{"@type":"ImageObject","inLanguage":"lv-LV","@id":"https:\/\/talkpal.ai\/lv\/#\/schema\/logo\/image\/","url":"https:\/\/talkpal.ai\/wp-content\/uploads\/2024\/03\/Talkpal-Logo-Icon.png","contentUrl":"https:\/\/talkpal.ai\/wp-content\/uploads\/2024\/03\/Talkpal-Logo-Icon.png","width":2880,"height":2880,"caption":"Talkpal, Inc."},"image":{"@id":"https:\/\/talkpal.ai\/lv\/#\/schema\/logo\/image\/"},"sameAs":["https:\/\/www.facebook.com\/profile.php?id=100090733639311","https:\/\/x.com\/talkpalai","https:\/\/www.linkedin.com\/company\/talkpal\/","https:\/\/www.youtube.com\/@TalkPal\/","https:\/\/www.tiktok.com\/@talkpal","https:\/\/www.instagram.com\/talkpal_ai\/","https:\/\/www.crunchbase.com\/organization\/talkpal-9cde","https:\/\/www.g2.com\/products\/talkpal-for-business\/","https:\/\/www.trustpilot.com\/review\/talkpal.ai","https:\/\/www.capterra.com\/p\/10006800\/TalkPal\/"],"description":"Talkpal is a language learning web and mobile education app, powered by the latest AI technologies, that provides engaging experiences to its customers in many different languages to help them improve their language skills. Users can chat about unlimited amount of topics with the app and use other modes to practice their language learning.","email":"support@talkpal.ai","legalName":"Talkpal, Inc.","foundingDate":"2023-04-03","duns":"118989042","numberOfEmployees":{"@type":"QuantitativeValue","minValue":"11","maxValue":"50"},"publishingPrinciples":"https:\/\/talkpal.ai\/publishing-principles\/","actionableFeedbackPolicy":"https:\/\/talkpal.ai\/actionable-feedback-policy\/","correctionsPolicy":"https:\/\/talkpal.ai\/corrections-policy\/","ethicsPolicy":"https:\/\/talkpal.ai\/ethics-policy\/","diversityPolicy":"https:\/\/talkpal.ai\/diversity-policy\/","diversityStaffingReport":"https:\/\/talkpal.ai\/diversity-policy\/"}]}},"_links":{"self":[{"href":"https:\/\/talkpal.ai\/lv\/wp-json\/wp\/v2\/pages\/158769","targetHints":{"allow":["GET"]}}],"collection":[{"href":"https:\/\/talkpal.ai\/lv\/wp-json\/wp\/v2\/pages"}],"about":[{"href":"https:\/\/talkpal.ai\/lv\/wp-json\/wp\/v2\/types\/page"}],"author":[{"embeddable":true,"href":"https:\/\/talkpal.ai\/lv\/wp-json\/wp\/v2\/users\/6"}],"replies":[{"embeddable":true,"href":"https:\/\/talkpal.ai\/lv\/wp-json\/wp\/v2\/comments?post=158769"}],"version-history":[{"count":0,"href":"https:\/\/talkpal.ai\/lv\/wp-json\/wp\/v2\/pages\/158769\/revisions"}],"wp:featuredmedia":[{"embeddable":true,"href":"https:\/\/talkpal.ai\/lv\/wp-json\/wp\/v2\/media\/116078"}],"wp:attachment":[{"href":"https:\/\/talkpal.ai\/lv\/wp-json\/wp\/v2\/media?parent=158769"}],"curies":[{"name":"wp","href":"https:\/\/api.w.org\/{rel}","templated":true}]}}