{"id":158478,"date":"2023-06-27T08:41:59","date_gmt":"2023-06-27T08:41:59","guid":{"rendered":"http:\/\/talkpal.ai\/norvegu-valodas-gramatikas-vingrinajumi\/"},"modified":"2025-12-17T14:38:13","modified_gmt":"2025-12-17T14:38:13","slug":"norvegu-valodas-gramatikas-vingrinajumi","status":"publish","type":"page","link":"https:\/\/talkpal.ai\/lv\/norvegu-valodas-gramatikas-vingrinajumi\/","title":{"rendered":"Norv\u0113\u0123u valodas gramatikas vingrin\u0101jumi"},"content":{"rendered":"\r\n\r\n\r\n<section class=\"languageChallengeSection\">\r\n    <div class=\"languageInfoWrapper\">\r\n        \r\n        <h1>Norv\u0113\u0123u valodas gramatikas vingrin\u0101jumi<\/h1>\r\n        <p>V\u0113laties p\u0101rliecino\u0161\u0101k run\u0101t <a href=\"https:\/\/talkpal.ai\/learn-norwegian\/\">norv\u0113\u0123u<\/a> valod\u0101? Gramatikas vingrin\u0101jumu praktiz\u0113\u0161ana ir lielisks veids, k\u0101 apg\u016bt teikuma strukt\u016bru, darb\u012bbas v\u0101rdu formas un norv\u0113\u0123u <a href=\"https:\/\/talkpal.ai\/what-language-is-spoken-on-the-international-space-station\/\">valodas<\/a> unik\u0101los mode\u013cus. S\u0101ciet str\u0101d\u0101t ar norv\u0113\u0123u valodas gramatiku jau \u0161odien un v\u0113rojiet, k\u0101 ar katru vingrin\u0101jumu aug j\u016bsu prasmes un valodas zin\u0101\u0161anas!\n\n<\/p>\r\n\r\n                            <a class=\"getStartedHidden\" href=\"https:\/\/app.talkpal.ai\/lv\/signup?lng=\">S\u0101c<\/a>\r\n        \r\n    <\/div>\r\n\r\n    <figure>\r\n    <img decoding=\"async\" width=\"768\" height=\"768\" src=\"https:\/\/talkpal.ai\/wp-content\/uploads\/2023\/06\/norwegian-768x768.png\" class=\"languageImage no-lazy\" alt=\"Language learning for extensive vocabulary\" fetchpriority=\"high\" sizes=\"(max-width: 768px) 150px, 768px\" srcset=\"https:\/\/talkpal.ai\/wp-content\/uploads\/2023\/06\/norwegian-768x768.png 768w, https:\/\/talkpal.ai\/wp-content\/uploads\/2023\/06\/norwegian-300x300.png 300w\" \/>\r\n    \r\n\r\n    <\/figure>\r\n\r\n            <a class=\"getStartedVisible\" href=\"https:\/\/app.talkpal.ai\/lv\/signup?lng=\">S\u0101c<\/a>\r\n    \r\n<\/section>\r\n\r\n\r\n<!-- <section class=\"grammarSection\">\r\n    <div class=\"grammarLinks\">\r\n            <\/div>\r\n<\/section> -->\r\n\r\n\r\n\r\n\r\n<section class=\"promotionalBanner\">\r\n    <p class=\"promotionalText\">Visefekt\u012bv\u0101kais veids, k\u0101 apg\u016bt valodu<\/p>\r\n    <a class=\"promotionalLink\" href=\"https:\/\/app.talkpal.ai\/lv\/signup?lng=\">Izm\u0113\u0123iniet Talkpal bez maksas<\/a>\r\n<\/section>\n<div class=\"wp-block-group pageContainerStyle\"><div class=\"wp-block-group__inner-container is-layout-constrained wp-block-group-is-layout-constrained\">\n<h2 class=\"wp-block-heading\" id=\"h-norwegian-grammar-topics\">Norv\u0113\u0123u valodas gramatikas t\u0113mas<\/h2>\n\n\n\n<p>Norv\u0113\u0123u valodas apguve var b\u016bt aizraujo\u0161a un atalgojo\u0161a pieredze, jo t\u0101 paver durvis uz bag\u0101tu kult\u016bras v\u0113sturi, satrieco\u0161\u0101m ainav\u0101m un unik\u0101lu dz\u012bvesveidu Norv\u0113\u0123ij\u0101. K\u0101 zieme\u013c\u0123erm\u0101\u0146u valodai norv\u0113\u0123u valodai ir daudz l\u012bdz\u012bbu ar kaimi\u0146u valod\u0101m &#8211; <a href=\"https:\/\/talkpal.ai\/learn-swedish\/\">zviedru<\/a> un <a href=\"https:\/\/talkpal.ai\/learn-danish\/\">d\u0101\u0146u<\/a>. Tom\u0113r t\u0101 lepojas ar savu at\u0161\u0137ir\u012bgo gramatiku, izrunu un v\u0101rdu kr\u0101jumu. Lai apg\u016btu \u0161o skaisto valodu, ir svar\u012bgi saprast norv\u0113\u0123u valodas gramatiku un t\u0101s da\u017e\u0101d\u0101s sast\u0101vda\u013cas. \u0160aj\u0101 rokasgr\u0101mat\u0101 m\u0113s apl\u016bkosim galvenos norv\u0113\u0123u valodas gramatikas aspektus, tostarp laikus, darb\u012bbas v\u0101rdus, lietv\u0101rdus, lietv\u0101rdus, lietv\u0101rdus, vietniekv\u0101rdus, \u012bpa\u0161\u012bbas v\u0101rdus, apst\u0101k\u013ca v\u0101rdus, priev\u0101rdus un teikumus, lai pal\u012bdz\u0113tu jums izveidot sp\u0113c\u012bgu pamatu j\u016bsu <a href=\"https:\/\/talkpal.ai\/lv\/portugalu-valodas-apguves-nodarbibas\/\">valodas apguves<\/a> ce\u013cojumam.<\/p>\n\n\n\n<h3 class=\"wp-block-heading\" id=\"h-1-tenses\">1. Sasprindzin\u0101jums:<\/h3>\n\n\n\n<p>K\u0101 s\u0101kumpunktu koncentr\u0113jieties uz norv\u0113\u0123u laiku izpratni. Norv\u0113\u0123u valodai ir tr\u012bs galvenie sasprindzin\u0101jumi: tagadne, pag\u0101tne un n\u0101kotne, kas ir iz\u0161\u0137iro\u0161i, lai izteiktu darb\u012bbas un notikumus da\u017e\u0101dos laika posmos. Iepaz\u012bstieties ar to, k\u0101 darb\u012bbas v\u0101rdi tiek konjug\u0113ti un k\u0101 tie main\u0101s da\u017e\u0101dos laikos.<\/p>\n\n\n\n<h3 class=\"wp-block-heading\" id=\"h-2-tense-comparison\">2. Saspringts sal\u012bdzin\u0101jums:<\/h3>\n\n\n\n<p>Kad esat izpratis pamata laikus, izp\u0113tiet, k\u0101 tie sal\u012bdzina un kontrast\u0113 viens ar otru. Tas pal\u012bdz\u0113s jums izprast noz\u012bmes nianses un uzlabot izpratni un komunik\u0101cijas prasmes.<\/p>\n\n\n\n<h3 class=\"wp-block-heading\" id=\"h-3-verbs\">3. Darb\u012bbas v\u0101rdi:<\/h3>\n\n\n\n<p>Norv\u0113\u0123u darb\u012bbas v\u0101rdi ir b\u016btiski teikumu konstru\u0113\u0161anai un noz\u012bmes nodo\u0161anai. Uzziniet par da\u017e\u0101diem darb\u012bbas v\u0101rdu veidiem un to, k\u0101 tie mijiedarbojas ar priek\u0161metiem un objektiem teikum\u0101. Turkl\u0101t izprotiet mod\u0101lo darb\u012bbas v\u0101rdu j\u0113dzienu un to, k\u0101 tie izsaka nepiecie\u0161am\u012bbu, iesp\u0113ju un pien\u0101kumu.<\/p>\n\n\n\n<h3 class=\"wp-block-heading\" id=\"h-4-nouns\">4. Lietv\u0101rdi:<\/h3>\n\n\n\n<p>Norv\u0113\u0123u lietv\u0101rdi tiek iedal\u012bti tr\u012bs dzimumos: v\u012bri\u0161\u0137ais, sievi\u0161\u0137ais un neitr\u0101ls. Tas ietekm\u0113 veidu, k\u0101 ar tiem tiek lietoti raksti, \u012bpa\u0161\u012bbas v\u0101rdi un vietniekv\u0101rdi. Uzziniet daudzskait\u013ca veido\u0161anas noteikumus un lietv\u0101rdu noteikt\u0101s un nenoteikt\u0101s formas.<\/p>\n\n\n\n<h3 class=\"wp-block-heading\" id=\"h-5-articles\">5. Raksti:<\/h3>\n\n\n\n<p>Raksti ir \u012bsi v\u0101rdi, kas pavada lietv\u0101rdus un nor\u0101da to dzimumu un skaitu. Norv\u0113\u0123u valod\u0101 ir noteikti un nenoteikti raksti, kas ir b\u016btiski, lai pareizi veidotu teikumus.<\/p>\n\n\n\n<h3 class=\"wp-block-heading\" id=\"h-6-pronouns-determiners\">6. Vietniekv\u0101rdi\/noteic\u0113ji:<\/h3>\n\n\n\n<p>\u0160ie v\u0101rdi aizst\u0101j vai maina lietv\u0101rdus, un tiem p\u0113c dzimuma un skaita ir j\u0101sakr\u012bt ar lietv\u0101rdu, uz kuru tie attiecas. Izp\u0113tiet da\u017e\u0101da veida vietniekv\u0101rdus un noteic\u0113jus, tostarp personiskos, piedero\u0161os, demonstrat\u012bvos un relat\u012bvos vietniekv\u0101rdus.<\/p>\n\n\n\n<h3 class=\"wp-block-heading\" id=\"h-7-adjectives\">7. \u012apa\u0161\u012bbas v\u0101rdi:<\/h3>\n\n\n\n<p>\u012apa\u0161\u012bbas v\u0101rdi apraksta vai modific\u0113 lietv\u0101rdus un vietniekv\u0101rdus. Uzziniet, k\u0101 pareizi lietot \u012bpa\u0161\u012bbas v\u0101rdus, izprotot to vieno\u0161an\u0101s noteikumus ar to modific\u0113to lietv\u0101rdu dzimumu un skaitu.<\/p>\n\n\n\n<h3 class=\"wp-block-heading\" id=\"h-8-adverbs\">8. Adverbi:<\/h3>\n\n\n\n<p>Adverbi modific\u0113 darb\u012bbas v\u0101rdus, \u012bpa\u0161\u012bbas v\u0101rdus vai citus adverbus, sniedzot papildu inform\u0101ciju par darb\u012bb\u0101m vai \u012bpa\u0161\u012bb\u0101m. Uzziniet da\u017e\u0101dus adverbu veidus un to, k\u0101 tos efekt\u012bvi izmantot teikumos.<\/p>\n\n\n\n<h3 class=\"wp-block-heading\" id=\"h-9-conditionals\">9. Nosac\u012bjumi:<\/h3>\n\n\n\n<p>Nosac\u012bjumi tiek izmantoti, lai izteiktu hipot\u0113tiskas situ\u0101cijas un to sekas. Izp\u0113tiet da\u017e\u0101dus nosac\u012bjumu veidus un to, k\u0101 tos veidot, izmantojot pareiz\u0101s darb\u012bbas v\u0101rdu formas un savienojumus.<\/p>\n\n\n\n<h3 class=\"wp-block-heading\" id=\"h-10-prepositions\">10. Priev\u0101rdi:<\/h3>\n\n\n\n<p>Priev\u0101rdi ir \u012bsi v\u0101rdi, kas nor\u0101da uz attiec\u012bb\u0101m starp lietv\u0101rdiem, vietniekv\u0101rdiem un citiem v\u0101rdiem teikum\u0101. Priev\u0101rdu lieto\u0161anas apg\u016b\u0161ana ir b\u016btiska, lai saprastu un veidotu prec\u012bzus teikumus norv\u0113\u0123u valod\u0101.<\/p>\n\n\n\n<h3 class=\"wp-block-heading\" id=\"h-11-sentences\">11. Teikumi:<\/h3>\n\n\n\n<p>Visbeidzot, praktiz\u0113jiet teikumu konstru\u0113\u0161anu norv\u0113\u0123u valod\u0101, apvienojot savas zin\u0101\u0161anas par darb\u012bbas v\u0101rdiem, lietv\u0101rdiem, rakstiem, vietniekv\u0101rdiem, \u012bpa\u0161\u012bbas v\u0101rdiem, adverbiem, nosac\u012bjumiem un priev\u0101rdiem. Eksperiment\u0113jiet ar da\u017e\u0101d\u0101m teikumu strukt\u016br\u0101m un praktiz\u0113jiet jaut\u0101jumu, pazi\u0146ojumu un komandu veido\u0161anu, lai k\u013c\u016btu par valodas lietprat\u0113ju.<\/p>\n<\/div><\/div>\n\r\n<section class=\"learnNavigationSection\">\r\n            \r\n        <a href=\"https:\/\/talkpal.ai\/lv\/uzziniet-norvegu-valodu\/\">\r\n            <div class=\"learnNavigationWrapper\">\r\n                <div class=\"learnNavigationContent\">\r\n                    <img decoding=\"async\" src=\"https:\/\/talkpal.ai\/wp-content\/uploads\/2024\/08\/Norwegian.jpg\" alt=\"Norwegian Flag\">\r\n                    <div>\r\n                        <h4>Par norv\u0113\u0123u valodas apguvi<\/h4>\r\n                        <p>Uzziniet visu par norv\u0113\u0123u valodas gramatiku.<\/p>\r\n                    <\/div>\r\n                <\/div>\r\n            <\/div>\r\n        <\/a>\r\n\r\n        \r\n        <a href=\"https:\/\/talkpal.ai\/lv\/norvegu-valodas-gramatika\/\">\r\n            <div class=\"learnNavigationWrapper\">\r\n                <div class=\"learnNavigationContent\">\r\n                    <img decoding=\"async\" src=\"https:\/\/talkpal.ai\/wp-content\/uploads\/2024\/08\/Norwegian.jpg\" alt=\"Norwegian Flag\">\r\n                    <div>\r\n                        <h4>Norv\u0113\u0123u valodas gramatikas stundas<\/h4>\r\n                        <p>Praktiz\u0113jiet norv\u0113\u0123u gramatiku.<\/p>\r\n                    <\/div>\r\n                <\/div>\r\n            <\/div>\r\n        <\/a>\r\n\r\n        \r\n        <a href=\"https:\/\/talkpal.ai\/vocabulary_language\/norwegian\/\">\r\n            <div class=\"learnNavigationWrapper\">\r\n                <div class=\"learnNavigationContent\">\r\n                    <img decoding=\"async\" src=\"https:\/\/talkpal.ai\/wp-content\/uploads\/2024\/08\/Norwegian.jpg\" alt=\"Norwegian Flag\">\r\n                    <div>\r\n                        <h4>Norv\u0113\u0123u valodas v\u0101rdn\u012bca<\/h4>\r\n                        <p>Papla\u0161iniet savu norv\u0113\u0123u valodas v\u0101rdu kr\u0101jumu.<\/p>\r\n                    <\/div>\r\n                <\/div>\r\n            <\/div>\r\n        <\/a>\r\n\r\n            <\/section>","protected":false},"excerpt":{"rendered":"<p>Norv\u0113\u0123u valodas gramatikas t\u0113mas Norv\u0113\u0123u valodas apguve var b\u016bt aizraujo\u0161a un atalgojo\u0161a pieredze, jo t\u0101 paver durvis uz bag\u0101tu kult\u016bras v\u0113sturi, satrieco\u0161\u0101m ainav\u0101m un unik\u0101lu dz\u012bvesveidu Norv\u0113\u0123ij\u0101. K\u0101 zieme\u013c\u0123erm\u0101\u0146u valodai norv\u0113\u0123u valodai ir daudz l\u012bdz\u012bbu ar kaimi\u0146u valod\u0101m &#8211; zviedru un d\u0101\u0146u. Tom\u0113r t\u0101 lepojas ar savu at\u0161\u0137ir\u012bgo gramatiku, izrunu un v\u0101rdu kr\u0101jumu. Lai apg\u016btu [&hellip;]<\/p>\n","protected":false},"author":6,"featured_media":116845,"parent":0,"menu_order":0,"comment_status":"closed","ping_status":"closed","template":"LearningContentPage.php","meta":{"_acf_changed":false,"footnotes":""},"class_list":["post-158478","page","type-page","status-publish","has-post-thumbnail","hentry"],"acf":[],"yoast_head":"<!-- This site is optimized with the Yoast SEO Premium plugin v27.2 (Yoast SEO v27.2) - https:\/\/yoast.com\/product\/yoast-seo-premium-wordpress\/ -->\n<title>Norv\u0113\u0123u valodas gramatikas vingrin\u0101jumi - Talkpal<\/title>\n<meta name=\"description\" content=\"Uzlabojiet savas prasmes ar aizraujo\u0161iem norv\u0113\u0123u valodas gramatikas vingrin\u0101jumiem. Ide\u0101li piem\u0113rots visu l\u012bme\u0146u audz\u0113k\u0146iem, lai efekt\u012bvi praktiz\u0113tos.\" \/>\n<meta name=\"robots\" content=\"index, follow, max-snippet:-1, max-image-preview:large, max-video-preview:-1\" \/>\n<link rel=\"canonical\" href=\"https:\/\/talkpal.ai\/lv\/norvegu-valodas-gramatikas-vingrinajumi\/\" \/>\n<meta property=\"og:locale\" content=\"lv_LV\" \/>\n<meta property=\"og:type\" content=\"article\" \/>\n<meta property=\"og:title\" content=\"Norv\u0113\u0123u valodas gramatikas vingrin\u0101jumi\" \/>\n<meta property=\"og:description\" content=\"Norv\u0113\u0123u valodas gramatikas t\u0113mas Norv\u0113\u0123u valodas apguve var b\u016bt aizraujo\u0161a un atalgojo\u0161a pieredze, jo t\u0101 paver durvis uz bag\u0101tu kult\u016bras v\u0113sturi,\" \/>\n<meta property=\"og:url\" content=\"https:\/\/talkpal.ai\/lv\/norvegu-valodas-gramatikas-vingrinajumi\/\" \/>\n<meta property=\"og:site_name\" content=\"Talkpal\" \/>\n<meta property=\"article:publisher\" content=\"https:\/\/www.facebook.com\/profile.php?id=100090733639311\" \/>\n<meta property=\"article:modified_time\" content=\"2025-12-17T14:38:13+00:00\" \/>\n<meta property=\"og:image\" content=\"https:\/\/talkpal.ai\/wp-content\/uploads\/2023\/05\/norway.png\" \/>\n\t<meta property=\"og:image:width\" content=\"512\" \/>\n\t<meta property=\"og:image:height\" content=\"512\" \/>\n\t<meta property=\"og:image:type\" content=\"image\/png\" \/>\n<meta name=\"twitter:card\" content=\"summary_large_image\" \/>\n<meta name=\"twitter:site\" content=\"@talkpalai\" \/>\n<meta name=\"twitter:label1\" content=\"Est. reading time\" \/>\n\t<meta name=\"twitter:data1\" content=\"3 minutes\" \/>\n<script type=\"application\/ld+json\" class=\"yoast-schema-graph\">{\"@context\":\"https:\/\/schema.org\",\"@graph\":[{\"@type\":\"WebPage\",\"@id\":\"https:\/\/talkpal.ai\/lv\/norvegu-valodas-gramatikas-vingrinajumi\/\",\"url\":\"https:\/\/talkpal.ai\/lv\/norvegu-valodas-gramatikas-vingrinajumi\/\",\"name\":\"Norv\u0113\u0123u valodas gramatikas vingrin\u0101jumi - Talkpal\",\"isPartOf\":{\"@id\":\"https:\/\/talkpal.ai\/lv\/#website\"},\"primaryImageOfPage\":{\"@id\":\"https:\/\/talkpal.ai\/lv\/norvegu-valodas-gramatikas-vingrinajumi\/#primaryimage\"},\"image\":{\"@id\":\"https:\/\/talkpal.ai\/lv\/norvegu-valodas-gramatikas-vingrinajumi\/#primaryimage\"},\"thumbnailUrl\":\"https:\/\/talkpal.ai\/wp-content\/uploads\/2023\/05\/norway.png\",\"datePublished\":\"2023-06-27T08:41:59+00:00\",\"dateModified\":\"2025-12-17T14:38:13+00:00\",\"description\":\"Uzlabojiet savas prasmes ar aizraujo\u0161iem norv\u0113\u0123u valodas gramatikas vingrin\u0101jumiem. Ide\u0101li piem\u0113rots visu l\u012bme\u0146u audz\u0113k\u0146iem, lai efekt\u012bvi praktiz\u0113tos.\",\"breadcrumb\":{\"@id\":\"https:\/\/talkpal.ai\/lv\/norvegu-valodas-gramatikas-vingrinajumi\/#breadcrumb\"},\"inLanguage\":\"lv-LV\",\"potentialAction\":[{\"@type\":\"ReadAction\",\"target\":[\"https:\/\/talkpal.ai\/lv\/norvegu-valodas-gramatikas-vingrinajumi\/\"]}]},{\"@type\":\"ImageObject\",\"inLanguage\":\"lv-LV\",\"@id\":\"https:\/\/talkpal.ai\/lv\/norvegu-valodas-gramatikas-vingrinajumi\/#primaryimage\",\"url\":\"https:\/\/talkpal.ai\/wp-content\/uploads\/2023\/05\/norway.png\",\"contentUrl\":\"https:\/\/talkpal.ai\/wp-content\/uploads\/2023\/05\/norway.png\",\"width\":512,\"height\":512},{\"@type\":\"BreadcrumbList\",\"@id\":\"https:\/\/talkpal.ai\/lv\/norvegu-valodas-gramatikas-vingrinajumi\/#breadcrumb\",\"itemListElement\":[{\"@type\":\"ListItem\",\"position\":1,\"name\":\"Homepage\",\"item\":\"https:\/\/talkpal.ai\/lv\/\"},{\"@type\":\"ListItem\",\"position\":2,\"name\":\"Norv\u0113\u0123u valodas gramatikas vingrin\u0101jumi\"}]},{\"@type\":\"WebSite\",\"@id\":\"https:\/\/talkpal.ai\/lv\/#website\",\"url\":\"https:\/\/talkpal.ai\/lv\/\",\"name\":\"Talkpal\",\"description\":\"AI Language Learning\",\"publisher\":{\"@id\":\"https:\/\/talkpal.ai\/lv\/#organization\"},\"alternateName\":\"Talkpal AI\",\"potentialAction\":[{\"@type\":\"SearchAction\",\"target\":{\"@type\":\"EntryPoint\",\"urlTemplate\":\"https:\/\/talkpal.ai\/lv\/?s={search_term_string}\"},\"query-input\":{\"@type\":\"PropertyValueSpecification\",\"valueRequired\":true,\"valueName\":\"search_term_string\"}}],\"inLanguage\":\"lv-LV\"},{\"@type\":\"Organization\",\"@id\":\"https:\/\/talkpal.ai\/lv\/#organization\",\"name\":\"Talkpal, Inc.\",\"alternateName\":\"Talkpal AI\",\"url\":\"https:\/\/talkpal.ai\/lv\/\",\"logo\":{\"@type\":\"ImageObject\",\"inLanguage\":\"lv-LV\",\"@id\":\"https:\/\/talkpal.ai\/lv\/#\/schema\/logo\/image\/\",\"url\":\"https:\/\/talkpal.ai\/wp-content\/uploads\/2024\/03\/Talkpal-Logo-Icon.png\",\"contentUrl\":\"https:\/\/talkpal.ai\/wp-content\/uploads\/2024\/03\/Talkpal-Logo-Icon.png\",\"width\":2880,\"height\":2880,\"caption\":\"Talkpal, Inc.\"},\"image\":{\"@id\":\"https:\/\/talkpal.ai\/lv\/#\/schema\/logo\/image\/\"},\"sameAs\":[\"https:\/\/www.facebook.com\/profile.php?id=100090733639311\",\"https:\/\/x.com\/talkpalai\",\"https:\/\/www.linkedin.com\/company\/talkpal\/\",\"https:\/\/www.youtube.com\/@TalkPal\/\",\"https:\/\/www.tiktok.com\/@talkpal\",\"https:\/\/www.instagram.com\/talkpal_ai\/\",\"https:\/\/www.crunchbase.com\/organization\/talkpal-9cde\",\"https:\/\/www.g2.com\/products\/talkpal-for-business\/\",\"https:\/\/www.trustpilot.com\/review\/talkpal.ai\",\"https:\/\/www.capterra.com\/p\/10006800\/TalkPal\/\"],\"description\":\"Talkpal is a language learning web and mobile education app, powered by the latest AI technologies, that provides engaging experiences to its customers in many different languages to help them improve their language skills. Users can chat about unlimited amount of topics with the app and use other modes to practice their language learning.\",\"email\":\"support@talkpal.ai\",\"legalName\":\"Talkpal, Inc.\",\"foundingDate\":\"2023-04-03\",\"duns\":\"118989042\",\"numberOfEmployees\":{\"@type\":\"QuantitativeValue\",\"minValue\":\"11\",\"maxValue\":\"50\"},\"publishingPrinciples\":\"https:\/\/talkpal.ai\/publishing-principles\/\",\"actionableFeedbackPolicy\":\"https:\/\/talkpal.ai\/actionable-feedback-policy\/\",\"correctionsPolicy\":\"https:\/\/talkpal.ai\/corrections-policy\/\",\"ethicsPolicy\":\"https:\/\/talkpal.ai\/ethics-policy\/\",\"diversityPolicy\":\"https:\/\/talkpal.ai\/diversity-policy\/\",\"diversityStaffingReport\":\"https:\/\/talkpal.ai\/diversity-policy\/\"}]}<\/script>\n<!-- \/ Yoast SEO Premium plugin. -->","yoast_head_json":{"title":"Norv\u0113\u0123u valodas gramatikas vingrin\u0101jumi - Talkpal","description":"Uzlabojiet savas prasmes ar aizraujo\u0161iem norv\u0113\u0123u valodas gramatikas vingrin\u0101jumiem. Ide\u0101li piem\u0113rots visu l\u012bme\u0146u audz\u0113k\u0146iem, lai efekt\u012bvi praktiz\u0113tos.","robots":{"index":"index","follow":"follow","max-snippet":"max-snippet:-1","max-image-preview":"max-image-preview:large","max-video-preview":"max-video-preview:-1"},"canonical":"https:\/\/talkpal.ai\/lv\/norvegu-valodas-gramatikas-vingrinajumi\/","og_locale":"lv_LV","og_type":"article","og_title":"Norv\u0113\u0123u valodas gramatikas vingrin\u0101jumi","og_description":"Norv\u0113\u0123u valodas gramatikas t\u0113mas Norv\u0113\u0123u valodas apguve var b\u016bt aizraujo\u0161a un atalgojo\u0161a pieredze, jo t\u0101 paver durvis uz bag\u0101tu kult\u016bras v\u0113sturi,","og_url":"https:\/\/talkpal.ai\/lv\/norvegu-valodas-gramatikas-vingrinajumi\/","og_site_name":"Talkpal","article_publisher":"https:\/\/www.facebook.com\/profile.php?id=100090733639311","article_modified_time":"2025-12-17T14:38:13+00:00","og_image":[{"width":512,"height":512,"url":"https:\/\/talkpal.ai\/wp-content\/uploads\/2023\/05\/norway.png","type":"image\/png"}],"twitter_card":"summary_large_image","twitter_site":"@talkpalai","twitter_misc":{"Est. reading time":"3 minutes"},"schema":{"@context":"https:\/\/schema.org","@graph":[{"@type":"WebPage","@id":"https:\/\/talkpal.ai\/lv\/norvegu-valodas-gramatikas-vingrinajumi\/","url":"https:\/\/talkpal.ai\/lv\/norvegu-valodas-gramatikas-vingrinajumi\/","name":"Norv\u0113\u0123u valodas gramatikas vingrin\u0101jumi - Talkpal","isPartOf":{"@id":"https:\/\/talkpal.ai\/lv\/#website"},"primaryImageOfPage":{"@id":"https:\/\/talkpal.ai\/lv\/norvegu-valodas-gramatikas-vingrinajumi\/#primaryimage"},"image":{"@id":"https:\/\/talkpal.ai\/lv\/norvegu-valodas-gramatikas-vingrinajumi\/#primaryimage"},"thumbnailUrl":"https:\/\/talkpal.ai\/wp-content\/uploads\/2023\/05\/norway.png","datePublished":"2023-06-27T08:41:59+00:00","dateModified":"2025-12-17T14:38:13+00:00","description":"Uzlabojiet savas prasmes ar aizraujo\u0161iem norv\u0113\u0123u valodas gramatikas vingrin\u0101jumiem. Ide\u0101li piem\u0113rots visu l\u012bme\u0146u audz\u0113k\u0146iem, lai efekt\u012bvi praktiz\u0113tos.","breadcrumb":{"@id":"https:\/\/talkpal.ai\/lv\/norvegu-valodas-gramatikas-vingrinajumi\/#breadcrumb"},"inLanguage":"lv-LV","potentialAction":[{"@type":"ReadAction","target":["https:\/\/talkpal.ai\/lv\/norvegu-valodas-gramatikas-vingrinajumi\/"]}]},{"@type":"ImageObject","inLanguage":"lv-LV","@id":"https:\/\/talkpal.ai\/lv\/norvegu-valodas-gramatikas-vingrinajumi\/#primaryimage","url":"https:\/\/talkpal.ai\/wp-content\/uploads\/2023\/05\/norway.png","contentUrl":"https:\/\/talkpal.ai\/wp-content\/uploads\/2023\/05\/norway.png","width":512,"height":512},{"@type":"BreadcrumbList","@id":"https:\/\/talkpal.ai\/lv\/norvegu-valodas-gramatikas-vingrinajumi\/#breadcrumb","itemListElement":[{"@type":"ListItem","position":1,"name":"Homepage","item":"https:\/\/talkpal.ai\/lv\/"},{"@type":"ListItem","position":2,"name":"Norv\u0113\u0123u valodas gramatikas vingrin\u0101jumi"}]},{"@type":"WebSite","@id":"https:\/\/talkpal.ai\/lv\/#website","url":"https:\/\/talkpal.ai\/lv\/","name":"Talkpal","description":"AI Language Learning","publisher":{"@id":"https:\/\/talkpal.ai\/lv\/#organization"},"alternateName":"Talkpal AI","potentialAction":[{"@type":"SearchAction","target":{"@type":"EntryPoint","urlTemplate":"https:\/\/talkpal.ai\/lv\/?s={search_term_string}"},"query-input":{"@type":"PropertyValueSpecification","valueRequired":true,"valueName":"search_term_string"}}],"inLanguage":"lv-LV"},{"@type":"Organization","@id":"https:\/\/talkpal.ai\/lv\/#organization","name":"Talkpal, Inc.","alternateName":"Talkpal AI","url":"https:\/\/talkpal.ai\/lv\/","logo":{"@type":"ImageObject","inLanguage":"lv-LV","@id":"https:\/\/talkpal.ai\/lv\/#\/schema\/logo\/image\/","url":"https:\/\/talkpal.ai\/wp-content\/uploads\/2024\/03\/Talkpal-Logo-Icon.png","contentUrl":"https:\/\/talkpal.ai\/wp-content\/uploads\/2024\/03\/Talkpal-Logo-Icon.png","width":2880,"height":2880,"caption":"Talkpal, Inc."},"image":{"@id":"https:\/\/talkpal.ai\/lv\/#\/schema\/logo\/image\/"},"sameAs":["https:\/\/www.facebook.com\/profile.php?id=100090733639311","https:\/\/x.com\/talkpalai","https:\/\/www.linkedin.com\/company\/talkpal\/","https:\/\/www.youtube.com\/@TalkPal\/","https:\/\/www.tiktok.com\/@talkpal","https:\/\/www.instagram.com\/talkpal_ai\/","https:\/\/www.crunchbase.com\/organization\/talkpal-9cde","https:\/\/www.g2.com\/products\/talkpal-for-business\/","https:\/\/www.trustpilot.com\/review\/talkpal.ai","https:\/\/www.capterra.com\/p\/10006800\/TalkPal\/"],"description":"Talkpal is a language learning web and mobile education app, powered by the latest AI technologies, that provides engaging experiences to its customers in many different languages to help them improve their language skills. Users can chat about unlimited amount of topics with the app and use other modes to practice their language learning.","email":"support@talkpal.ai","legalName":"Talkpal, Inc.","foundingDate":"2023-04-03","duns":"118989042","numberOfEmployees":{"@type":"QuantitativeValue","minValue":"11","maxValue":"50"},"publishingPrinciples":"https:\/\/talkpal.ai\/publishing-principles\/","actionableFeedbackPolicy":"https:\/\/talkpal.ai\/actionable-feedback-policy\/","correctionsPolicy":"https:\/\/talkpal.ai\/corrections-policy\/","ethicsPolicy":"https:\/\/talkpal.ai\/ethics-policy\/","diversityPolicy":"https:\/\/talkpal.ai\/diversity-policy\/","diversityStaffingReport":"https:\/\/talkpal.ai\/diversity-policy\/"}]}},"_links":{"self":[{"href":"https:\/\/talkpal.ai\/lv\/wp-json\/wp\/v2\/pages\/158478","targetHints":{"allow":["GET"]}}],"collection":[{"href":"https:\/\/talkpal.ai\/lv\/wp-json\/wp\/v2\/pages"}],"about":[{"href":"https:\/\/talkpal.ai\/lv\/wp-json\/wp\/v2\/types\/page"}],"author":[{"embeddable":true,"href":"https:\/\/talkpal.ai\/lv\/wp-json\/wp\/v2\/users\/6"}],"replies":[{"embeddable":true,"href":"https:\/\/talkpal.ai\/lv\/wp-json\/wp\/v2\/comments?post=158478"}],"version-history":[{"count":0,"href":"https:\/\/talkpal.ai\/lv\/wp-json\/wp\/v2\/pages\/158478\/revisions"}],"wp:featuredmedia":[{"embeddable":true,"href":"https:\/\/talkpal.ai\/lv\/wp-json\/wp\/v2\/media\/116845"}],"wp:attachment":[{"href":"https:\/\/talkpal.ai\/lv\/wp-json\/wp\/v2\/media?parent=158478"}],"curies":[{"name":"wp","href":"https:\/\/api.w.org\/{rel}","templated":true}]}}