{"id":157903,"date":"2023-06-27T09:07:34","date_gmt":"2023-06-27T09:07:34","guid":{"rendered":"http:\/\/talkpal.ai\/polu-valodas-gramatikas-vingrinajumi\/"},"modified":"2025-12-17T09:57:21","modified_gmt":"2025-12-17T09:57:21","slug":"polu-valodas-gramatikas-vingrinajumi","status":"publish","type":"page","link":"https:\/\/talkpal.ai\/lv\/polu-valodas-gramatikas-vingrinajumi\/","title":{"rendered":"Po\u013cu valodas gramatikas vingrin\u0101jumi"},"content":{"rendered":"\r\n\r\n\r\n<section class=\"languageChallengeSection\">\r\n    <div class=\"languageInfoWrapper\">\r\n        \r\n        <h1>Po\u013cu valodas gramatikas vingrin\u0101jumi<\/h1>\r\n        <p>Vai esat gatavs uzlabot savas <a href=\"https:\/\/talkpal.ai\/learn-polish\/\">po\u013cu<\/a> <a href=\"https:\/\/talkpal.ai\/what-language-is-spoken-on-the-international-space-station\/\">valodas<\/a> prasmes? Gramatikas vingrin\u0101jumu praktiz\u0113\u0161ana ir lielisks veids, k\u0101 apg\u016bt teikuma strukt\u016bru, darb\u012bbas v\u0101rdu loc\u012bjumus un unik\u0101los po\u013cu valodas mode\u013cus. S\u0101ciet str\u0101d\u0101t ar po\u013cu valodas gramatiku jau \u0161odien un redz\u0113siet, k\u0101 ar katru vingrin\u0101jumu uzlabojas j\u016bsu p\u0101rliec\u012bba un valodas pl\u016bdums!\n\n<\/p>\r\n\r\n                            <a class=\"getStartedHidden\" href=\"https:\/\/app.talkpal.ai\/lv\/signup?lng=\">S\u0101c<\/a>\r\n        \r\n    <\/div>\r\n\r\n    <figure>\r\n    <img decoding=\"async\" width=\"768\" height=\"768\" src=\"https:\/\/talkpal.ai\/wp-content\/uploads\/2023\/06\/polish-768x768.png\" class=\"languageImage no-lazy\" alt=\"Practical tips on language learning techniques\" fetchpriority=\"high\" sizes=\"(max-width: 768px) 150px, 768px\" srcset=\"https:\/\/talkpal.ai\/wp-content\/uploads\/2023\/06\/polish-768x768.png 768w, https:\/\/talkpal.ai\/wp-content\/uploads\/2023\/06\/polish-300x300.png 300w\" \/>\r\n    \r\n\r\n    <\/figure>\r\n\r\n            <a class=\"getStartedVisible\" href=\"https:\/\/app.talkpal.ai\/lv\/signup?lng=\">S\u0101c<\/a>\r\n    \r\n<\/section>\r\n\r\n\r\n<!-- <section class=\"grammarSection\">\r\n    <div class=\"grammarLinks\">\r\n            <\/div>\r\n<\/section> -->\r\n\r\n\r\n\r\n\r\n<section class=\"promotionalBanner\">\r\n    <p class=\"promotionalText\">Visefekt\u012bv\u0101kais veids, k\u0101 apg\u016bt valodu<\/p>\r\n    <a class=\"promotionalLink\" href=\"https:\/\/app.talkpal.ai\/lv\/signup?lng=\">Izm\u0113\u0123iniet Talkpal bez maksas<\/a>\r\n<\/section>\n<div class=\"wp-block-group pageContainerStyle\"><div class=\"wp-block-group__inner-container is-layout-constrained wp-block-group-is-layout-constrained\">\n<h2 class=\"wp-block-heading\" id=\"h-polish-grammar-topics\">Po\u013cu valodas gramatikas t\u0113mas<\/h2>\n\n\n\n<p>Po\u013cu valoda, rietumsl\u0101vu valoda, ir dzimt\u0101 valoda Polij\u0101, un taj\u0101 run\u0101 miljoniem cilv\u0113ku vis\u0101 pasaul\u0113. Pateicoties sare\u017e\u0123\u012btajai gramatikas sist\u0113mai un unik\u0101lajai izrunai, po\u013cu valodas apguve var b\u016bt diezgan izaicino\u0161a, bet ar\u012b atalgojo\u0161a. Lai labi izprastu un apg\u016btu valodu, ir svar\u012bgi apg\u016bt t\u0101s gramatikas noteikumus struktur\u0113t\u0101 un lo\u0123isk\u0101 sec\u012bb\u0101. \u0160aj\u0101 rokasgr\u0101mat\u0101 m\u0113s izp\u0113t\u012bsim galven\u0101s gramatikas t\u0113mas po\u013cu valod\u0101, piem\u0113ram, laikus, darb\u012bbas v\u0101rdus, lietv\u0101rdus, rakstus, vietniekv\u0101rdus, \u012bpa\u0161\u012bbas v\u0101rdus, adverbus, nosac\u012bjumus, priev\u0101rdus un teikumu strukt\u016bras. Iev\u0113rojot \u0161o sec\u012bbu, j\u016bs var\u0113siet pak\u0101peniski att\u012bst\u012bt savas po\u013cu valodas prasmes un efekt\u012bvi sazin\u0101ties.<\/p>\n\n\n\n<h3 class=\"wp-block-heading\" id=\"h-1-nouns\">1. Lietv\u0101rdi:<\/h3>\n\n\n\n<p>Po\u013cu valod\u0101 lietv\u0101rdi ir sadal\u012bti tr\u012bs dzimumos: v\u012bri\u0161\u0137ais, sievi\u0161\u0137ais un neitr\u0101ls. Vi\u0146iem ir ar\u012b septi\u0146i gad\u012bjumi: nominat\u012bvs, \u0123enit\u012bvs, dat\u012bvs, akuzat\u012bvs, instrument\u0101ls, lokat\u012bvs un aicino\u0161s. Dzimtes un lietu sist\u0113mas apguve ir b\u016btiska, lai izprastu teikumu strukt\u016bras un izmantotu citu gramatikas elementu, piem\u0113ram, \u012bpa\u0161\u012bbas v\u0101rdu un vietniekv\u0101rdu, pareiz\u0101s formas.<\/p>\n\n\n\n<h3 class=\"wp-block-heading\" id=\"h-2-pronouns-determiners\">2. Vietniekv\u0101rdi\/noteic\u0113ji:<\/h3>\n\n\n\n<p>Po\u013cu vietniekv\u0101rdi un noteic\u0113ji piekr\u012bt lietv\u0101rdiem dzimt\u0113, skait\u0101 un gad\u012bjum\u0101. Tie ietver personiskus, piedero\u0161us, demonstrat\u012bvus, aizdom\u012bgus un relat\u012bvus vietniekv\u0101rdus. Vietniekv\u0101rdu un noteic\u0113ju lieto\u0161anas apg\u016b\u0161ana pal\u012bdz veidot sare\u017e\u0123\u012bt\u0101kus teikumus un izteikt da\u017e\u0101das attiec\u012bbas starp v\u0101rdiem.<\/p>\n\n\n\n<h3 class=\"wp-block-heading\" id=\"h-3-adjectives\">3. \u012apa\u0161\u012bbas v\u0101rdi:<\/h3>\n\n\n\n<p>\u012apa\u0161\u012bbas v\u0101rdi po\u013cu valod\u0101 sakr\u012bt ar lietv\u0101rdiem dzimt\u0113, skait\u0101 un gad\u012bjum\u0101. Vi\u0146iem ir da\u017e\u0101das formas, pamatojoties uz \u0161iem faktoriem, t\u0101p\u0113c \u012bpa\u0161\u012bbas v\u0101rdu deklam\u0101cijas mode\u013cu apguve ir b\u016btiska, lai pareizi lietotu un izprastu apraksto\u0161\u0101s fr\u0101zes.<\/p>\n\n\n\n<h3 class=\"wp-block-heading\" id=\"h-4-verbs\">4. Darb\u012bbas v\u0101rdi:<\/h3>\n\n\n\n<p>Po\u013cu darb\u012bbas v\u0101rdu sist\u0113ma sast\u0101v no trim sasprindzin\u0101jumiem: pag\u0101tnes, tagadnes un n\u0101kotnes. Darb\u012bbas v\u0101rdiem ir ar\u012b da\u017e\u0101das formas, kuru pamat\u0101 ir aspekts (perfekcion\u0101ls vai nepiln\u012bgs) un konjug\u0101cijas mode\u013ci. Darb\u012bbas v\u0101rdu konjug\u0101cijas un aspekta pamatu apguve ir b\u016btiska, lai izteiktu darb\u012bbas, notikumus un st\u0101vok\u013cus da\u017e\u0101dos laika periodos.<\/p>\n\n\n\n<h3 class=\"wp-block-heading\" id=\"h-5-tense-comparison\">5. Saspringts sal\u012bdzin\u0101jums:<\/h3>\n\n\n\n<p>Izpratne par at\u0161\u0137ir\u012bb\u0101m un l\u012bdz\u012bb\u0101m starp trim laikiem po\u013cu valod\u0101 \u013cauj prec\u012bzi izteikt laika attiec\u012bbas. Tas ietver vienk\u0101r\u0161u, progres\u012bvu un perfektu progres\u012bvu formu veido\u0161anu un izmanto\u0161anu.<\/p>\n\n\n\n<h3 class=\"wp-block-heading\" id=\"h-6-adverbs\">6. Adverbi:<\/h3>\n\n\n\n<p>Adverbi po\u013cu valod\u0101 sniedz papildu inform\u0101ciju par darb\u012bbas v\u0101rdiem, \u012bpa\u0161\u012bbas v\u0101rdiem vai citiem adverbiem. Tie parasti nemaina savu formu, t\u0101p\u0113c tos ir sal\u012bdzino\u0161i viegli apg\u016bt. Zinot, k\u0101 pareizi lietot adverbus, tiek uzlabota j\u016bsu valodas izteiksm\u012bgums.<\/p>\n\n\n\n<h3 class=\"wp-block-heading\" id=\"h-7-prepositions\">7. Priev\u0101rdi:<\/h3>\n\n\n\n<p>Po\u013cu priev\u0101rdi regul\u0113 konkr\u0113tus gad\u012bjumus un par\u0101da attiec\u012bbas starp v\u0101rdiem teikum\u0101. Priev\u0101rdu un to atbilsto\u0161o gad\u012bjumu pareizas lieto\u0161anas apg\u016b\u0161ana ir b\u016btiska, lai izveidotu sare\u017e\u0123\u012bt\u0101kus teikumus un izteiktu da\u017e\u0101das attiec\u012bbas starp v\u0101rdiem.<\/p>\n\n\n\n<h3 class=\"wp-block-heading\" id=\"h-8-conditionals\">8. Nosac\u012bjumi:<\/h3>\n\n\n\n<p>Nosac\u012bti noties\u0101tie po\u013cu valod\u0101 pau\u017e hipot\u0113tiskas situ\u0101cijas un to sekas. Tie parasti sast\u0101v no div\u0101m klauzul\u0101m: nosac\u012bjuma (ja-klauzula) un rezult\u0101ta (galven\u0101 klauzula). Nosac\u012bjumu veido\u0161an\u0101s un lieto\u0161anas apg\u016b\u0161ana \u013cauj prec\u012bzi izteikt hipot\u0113tiskas situ\u0101cijas un to sekas.<\/p>\n\n\n\n<h3 class=\"wp-block-heading\" id=\"h-9-sentences\">9. Teikumi:<\/h3>\n\n\n\n<p>Lai efekt\u012bvi sazin\u0101tos po\u013cu valod\u0101, ir svar\u012bgi izprast pamata teikumu strukt\u016bras, tostarp deklarat\u012bvos, jaut\u0101jamos, imperat\u012bvos un izsaucamos teikumus. Teikumu strukt\u016bru apg\u016b\u0161ana pal\u012bdz izteikt domas, uzdot jaut\u0101jumus, dot r\u012bkojumus un nodot emocijas po\u013cu valod\u0101.<\/p>\n<\/div><\/div>\n\r\n<section class=\"learnNavigationSection\">\r\n            \r\n        <a href=\"https:\/\/talkpal.ai\/lv\/apgustiet-polu-valodu\/\">\r\n            <div class=\"learnNavigationWrapper\">\r\n                <div class=\"learnNavigationContent\">\r\n                    <img decoding=\"async\" src=\"https:\/\/talkpal.ai\/wp-content\/uploads\/2024\/08\/Polish.jpg\" alt=\"Polish Flag\">\r\n                    <div>\r\n                        <h4>Par po\u013cu valodas apguvi<\/h4>\r\n                        <p>Uzziniet visu par po\u013cu valodas gramatiku.<\/p>\r\n                    <\/div>\r\n                <\/div>\r\n            <\/div>\r\n        <\/a>\r\n\r\n        \r\n        <a href=\"https:\/\/talkpal.ai\/lv\/polu-valodas-gramatika\/\">\r\n            <div class=\"learnNavigationWrapper\">\r\n                <div class=\"learnNavigationContent\">\r\n                    <img decoding=\"async\" src=\"https:\/\/talkpal.ai\/wp-content\/uploads\/2024\/08\/Polish.jpg\" alt=\"Polish Flag\">\r\n                    <div>\r\n                        <h4>Po\u013cu valodas gramatikas stundas<\/h4>\r\n                        <p>Praktiz\u0113jiet po\u013cu valodas gramatiku.<\/p>\r\n                    <\/div>\r\n                <\/div>\r\n            <\/div>\r\n        <\/a>\r\n\r\n        \r\n        <a href=\"https:\/\/talkpal.ai\/vocabulary_language\/polish\/\">\r\n            <div class=\"learnNavigationWrapper\">\r\n                <div class=\"learnNavigationContent\">\r\n                    <img decoding=\"async\" src=\"https:\/\/talkpal.ai\/wp-content\/uploads\/2024\/08\/Polish.jpg\" alt=\"Polish Flag\">\r\n                    <div>\r\n                        <h4>Po\u013cu valodas v\u0101rdn\u012bca<\/h4>\r\n                        <p>Papla\u0161iniet savu po\u013cu valodas v\u0101rdu kr\u0101jumu.<\/p>\r\n                    <\/div>\r\n                <\/div>\r\n            <\/div>\r\n        <\/a>\r\n\r\n            <\/section>","protected":false},"excerpt":{"rendered":"<p>Po\u013cu valodas gramatikas t\u0113mas Po\u013cu valoda, rietumsl\u0101vu valoda, ir dzimt\u0101 valoda Polij\u0101, un taj\u0101 run\u0101 miljoniem cilv\u0113ku vis\u0101 pasaul\u0113. Pateicoties sare\u017e\u0123\u012btajai gramatikas sist\u0113mai un unik\u0101lajai izrunai, po\u013cu valodas apguve var b\u016bt diezgan izaicino\u0161a, bet ar\u012b atalgojo\u0161a. Lai labi izprastu un apg\u016btu valodu, ir svar\u012bgi apg\u016bt t\u0101s gramatikas noteikumus struktur\u0113t\u0101 un lo\u0123isk\u0101 sec\u012bb\u0101. \u0160aj\u0101 rokasgr\u0101mat\u0101 m\u0113s [&hellip;]<\/p>\n","protected":false},"author":6,"featured_media":117404,"parent":0,"menu_order":0,"comment_status":"closed","ping_status":"closed","template":"LearningContentPage.php","meta":{"_acf_changed":false,"footnotes":""},"class_list":["post-157903","page","type-page","status-publish","has-post-thumbnail","hentry"],"acf":[],"yoast_head":"<!-- This site is optimized with the Yoast SEO Premium plugin v27.2 (Yoast SEO v27.2) - https:\/\/yoast.com\/product\/yoast-seo-premium-wordpress\/ -->\n<title>Po\u013cu valodas gramatikas vingrin\u0101jumi - Talkpal<\/title>\n<meta name=\"description\" content=\"Apg\u016bstiet po\u013cu valodas gramatiku ar interakt\u012bviem vingrin\u0101jumiem, kas paredz\u0113ti visiem l\u012bme\u0146iem. Praktiz\u0113jieties un uzlabojiet savas valodas prasmes!\" \/>\n<meta name=\"robots\" content=\"index, follow, max-snippet:-1, max-image-preview:large, max-video-preview:-1\" \/>\n<link rel=\"canonical\" href=\"https:\/\/talkpal.ai\/lv\/polu-valodas-gramatikas-vingrinajumi\/\" \/>\n<meta property=\"og:locale\" content=\"lv_LV\" \/>\n<meta property=\"og:type\" content=\"article\" \/>\n<meta property=\"og:title\" content=\"Po\u013cu valodas gramatikas vingrin\u0101jumi\" \/>\n<meta property=\"og:description\" content=\"Po\u013cu valodas gramatikas t\u0113mas Po\u013cu valoda, rietumsl\u0101vu valoda, ir dzimt\u0101 valoda Polij\u0101, un taj\u0101 run\u0101 miljoniem cilv\u0113ku vis\u0101 pasaul\u0113. Pateicoties\" \/>\n<meta property=\"og:url\" content=\"https:\/\/talkpal.ai\/lv\/polu-valodas-gramatikas-vingrinajumi\/\" \/>\n<meta property=\"og:site_name\" content=\"Talkpal\" \/>\n<meta property=\"article:publisher\" content=\"https:\/\/www.facebook.com\/profile.php?id=100090733639311\" \/>\n<meta property=\"article:modified_time\" content=\"2025-12-17T09:57:21+00:00\" \/>\n<meta property=\"og:image\" content=\"https:\/\/talkpal.ai\/wp-content\/uploads\/2023\/05\/poland.png\" \/>\n\t<meta property=\"og:image:width\" content=\"512\" \/>\n\t<meta property=\"og:image:height\" content=\"512\" \/>\n\t<meta property=\"og:image:type\" content=\"image\/png\" \/>\n<meta name=\"twitter:card\" content=\"summary_large_image\" \/>\n<meta name=\"twitter:site\" content=\"@talkpalai\" \/>\n<meta name=\"twitter:label1\" content=\"Est. reading time\" \/>\n\t<meta name=\"twitter:data1\" content=\"3 minutes\" \/>\n<script type=\"application\/ld+json\" class=\"yoast-schema-graph\">{\"@context\":\"https:\/\/schema.org\",\"@graph\":[{\"@type\":\"WebPage\",\"@id\":\"https:\/\/talkpal.ai\/lv\/polu-valodas-gramatikas-vingrinajumi\/\",\"url\":\"https:\/\/talkpal.ai\/lv\/polu-valodas-gramatikas-vingrinajumi\/\",\"name\":\"Po\u013cu valodas gramatikas vingrin\u0101jumi - Talkpal\",\"isPartOf\":{\"@id\":\"https:\/\/talkpal.ai\/lv\/#website\"},\"primaryImageOfPage\":{\"@id\":\"https:\/\/talkpal.ai\/lv\/polu-valodas-gramatikas-vingrinajumi\/#primaryimage\"},\"image\":{\"@id\":\"https:\/\/talkpal.ai\/lv\/polu-valodas-gramatikas-vingrinajumi\/#primaryimage\"},\"thumbnailUrl\":\"https:\/\/talkpal.ai\/wp-content\/uploads\/2023\/05\/poland.png\",\"datePublished\":\"2023-06-27T09:07:34+00:00\",\"dateModified\":\"2025-12-17T09:57:21+00:00\",\"description\":\"Apg\u016bstiet po\u013cu valodas gramatiku ar interakt\u012bviem vingrin\u0101jumiem, kas paredz\u0113ti visiem l\u012bme\u0146iem. Praktiz\u0113jieties un uzlabojiet savas valodas prasmes!\",\"breadcrumb\":{\"@id\":\"https:\/\/talkpal.ai\/lv\/polu-valodas-gramatikas-vingrinajumi\/#breadcrumb\"},\"inLanguage\":\"lv-LV\",\"potentialAction\":[{\"@type\":\"ReadAction\",\"target\":[\"https:\/\/talkpal.ai\/lv\/polu-valodas-gramatikas-vingrinajumi\/\"]}]},{\"@type\":\"ImageObject\",\"inLanguage\":\"lv-LV\",\"@id\":\"https:\/\/talkpal.ai\/lv\/polu-valodas-gramatikas-vingrinajumi\/#primaryimage\",\"url\":\"https:\/\/talkpal.ai\/wp-content\/uploads\/2023\/05\/poland.png\",\"contentUrl\":\"https:\/\/talkpal.ai\/wp-content\/uploads\/2023\/05\/poland.png\",\"width\":512,\"height\":512},{\"@type\":\"BreadcrumbList\",\"@id\":\"https:\/\/talkpal.ai\/lv\/polu-valodas-gramatikas-vingrinajumi\/#breadcrumb\",\"itemListElement\":[{\"@type\":\"ListItem\",\"position\":1,\"name\":\"Homepage\",\"item\":\"https:\/\/talkpal.ai\/lv\/\"},{\"@type\":\"ListItem\",\"position\":2,\"name\":\"Po\u013cu valodas gramatikas vingrin\u0101jumi\"}]},{\"@type\":\"WebSite\",\"@id\":\"https:\/\/talkpal.ai\/lv\/#website\",\"url\":\"https:\/\/talkpal.ai\/lv\/\",\"name\":\"Talkpal\",\"description\":\"AI Language Learning\",\"publisher\":{\"@id\":\"https:\/\/talkpal.ai\/lv\/#organization\"},\"alternateName\":\"Talkpal AI\",\"potentialAction\":[{\"@type\":\"SearchAction\",\"target\":{\"@type\":\"EntryPoint\",\"urlTemplate\":\"https:\/\/talkpal.ai\/lv\/?s={search_term_string}\"},\"query-input\":{\"@type\":\"PropertyValueSpecification\",\"valueRequired\":true,\"valueName\":\"search_term_string\"}}],\"inLanguage\":\"lv-LV\"},{\"@type\":\"Organization\",\"@id\":\"https:\/\/talkpal.ai\/lv\/#organization\",\"name\":\"Talkpal, Inc.\",\"alternateName\":\"Talkpal AI\",\"url\":\"https:\/\/talkpal.ai\/lv\/\",\"logo\":{\"@type\":\"ImageObject\",\"inLanguage\":\"lv-LV\",\"@id\":\"https:\/\/talkpal.ai\/lv\/#\/schema\/logo\/image\/\",\"url\":\"https:\/\/talkpal.ai\/wp-content\/uploads\/2024\/03\/Talkpal-Logo-Icon.png\",\"contentUrl\":\"https:\/\/talkpal.ai\/wp-content\/uploads\/2024\/03\/Talkpal-Logo-Icon.png\",\"width\":2880,\"height\":2880,\"caption\":\"Talkpal, Inc.\"},\"image\":{\"@id\":\"https:\/\/talkpal.ai\/lv\/#\/schema\/logo\/image\/\"},\"sameAs\":[\"https:\/\/www.facebook.com\/profile.php?id=100090733639311\",\"https:\/\/x.com\/talkpalai\",\"https:\/\/www.linkedin.com\/company\/talkpal\/\",\"https:\/\/www.youtube.com\/@TalkPal\/\",\"https:\/\/www.tiktok.com\/@talkpal\",\"https:\/\/www.instagram.com\/talkpal_ai\/\",\"https:\/\/www.crunchbase.com\/organization\/talkpal-9cde\",\"https:\/\/www.g2.com\/products\/talkpal-for-business\/\",\"https:\/\/www.trustpilot.com\/review\/talkpal.ai\",\"https:\/\/www.capterra.com\/p\/10006800\/TalkPal\/\"],\"description\":\"Talkpal is a language learning web and mobile education app, powered by the latest AI technologies, that provides engaging experiences to its customers in many different languages to help them improve their language skills. Users can chat about unlimited amount of topics with the app and use other modes to practice their language learning.\",\"email\":\"support@talkpal.ai\",\"legalName\":\"Talkpal, Inc.\",\"foundingDate\":\"2023-04-03\",\"duns\":\"118989042\",\"numberOfEmployees\":{\"@type\":\"QuantitativeValue\",\"minValue\":\"11\",\"maxValue\":\"50\"},\"publishingPrinciples\":\"https:\/\/talkpal.ai\/publishing-principles\/\",\"actionableFeedbackPolicy\":\"https:\/\/talkpal.ai\/actionable-feedback-policy\/\",\"correctionsPolicy\":\"https:\/\/talkpal.ai\/corrections-policy\/\",\"ethicsPolicy\":\"https:\/\/talkpal.ai\/ethics-policy\/\",\"diversityPolicy\":\"https:\/\/talkpal.ai\/diversity-policy\/\",\"diversityStaffingReport\":\"https:\/\/talkpal.ai\/diversity-policy\/\"}]}<\/script>\n<!-- \/ Yoast SEO Premium plugin. -->","yoast_head_json":{"title":"Po\u013cu valodas gramatikas vingrin\u0101jumi - Talkpal","description":"Apg\u016bstiet po\u013cu valodas gramatiku ar interakt\u012bviem vingrin\u0101jumiem, kas paredz\u0113ti visiem l\u012bme\u0146iem. Praktiz\u0113jieties un uzlabojiet savas valodas prasmes!","robots":{"index":"index","follow":"follow","max-snippet":"max-snippet:-1","max-image-preview":"max-image-preview:large","max-video-preview":"max-video-preview:-1"},"canonical":"https:\/\/talkpal.ai\/lv\/polu-valodas-gramatikas-vingrinajumi\/","og_locale":"lv_LV","og_type":"article","og_title":"Po\u013cu valodas gramatikas vingrin\u0101jumi","og_description":"Po\u013cu valodas gramatikas t\u0113mas Po\u013cu valoda, rietumsl\u0101vu valoda, ir dzimt\u0101 valoda Polij\u0101, un taj\u0101 run\u0101 miljoniem cilv\u0113ku vis\u0101 pasaul\u0113. Pateicoties","og_url":"https:\/\/talkpal.ai\/lv\/polu-valodas-gramatikas-vingrinajumi\/","og_site_name":"Talkpal","article_publisher":"https:\/\/www.facebook.com\/profile.php?id=100090733639311","article_modified_time":"2025-12-17T09:57:21+00:00","og_image":[{"width":512,"height":512,"url":"https:\/\/talkpal.ai\/wp-content\/uploads\/2023\/05\/poland.png","type":"image\/png"}],"twitter_card":"summary_large_image","twitter_site":"@talkpalai","twitter_misc":{"Est. reading time":"3 minutes"},"schema":{"@context":"https:\/\/schema.org","@graph":[{"@type":"WebPage","@id":"https:\/\/talkpal.ai\/lv\/polu-valodas-gramatikas-vingrinajumi\/","url":"https:\/\/talkpal.ai\/lv\/polu-valodas-gramatikas-vingrinajumi\/","name":"Po\u013cu valodas gramatikas vingrin\u0101jumi - Talkpal","isPartOf":{"@id":"https:\/\/talkpal.ai\/lv\/#website"},"primaryImageOfPage":{"@id":"https:\/\/talkpal.ai\/lv\/polu-valodas-gramatikas-vingrinajumi\/#primaryimage"},"image":{"@id":"https:\/\/talkpal.ai\/lv\/polu-valodas-gramatikas-vingrinajumi\/#primaryimage"},"thumbnailUrl":"https:\/\/talkpal.ai\/wp-content\/uploads\/2023\/05\/poland.png","datePublished":"2023-06-27T09:07:34+00:00","dateModified":"2025-12-17T09:57:21+00:00","description":"Apg\u016bstiet po\u013cu valodas gramatiku ar interakt\u012bviem vingrin\u0101jumiem, kas paredz\u0113ti visiem l\u012bme\u0146iem. Praktiz\u0113jieties un uzlabojiet savas valodas prasmes!","breadcrumb":{"@id":"https:\/\/talkpal.ai\/lv\/polu-valodas-gramatikas-vingrinajumi\/#breadcrumb"},"inLanguage":"lv-LV","potentialAction":[{"@type":"ReadAction","target":["https:\/\/talkpal.ai\/lv\/polu-valodas-gramatikas-vingrinajumi\/"]}]},{"@type":"ImageObject","inLanguage":"lv-LV","@id":"https:\/\/talkpal.ai\/lv\/polu-valodas-gramatikas-vingrinajumi\/#primaryimage","url":"https:\/\/talkpal.ai\/wp-content\/uploads\/2023\/05\/poland.png","contentUrl":"https:\/\/talkpal.ai\/wp-content\/uploads\/2023\/05\/poland.png","width":512,"height":512},{"@type":"BreadcrumbList","@id":"https:\/\/talkpal.ai\/lv\/polu-valodas-gramatikas-vingrinajumi\/#breadcrumb","itemListElement":[{"@type":"ListItem","position":1,"name":"Homepage","item":"https:\/\/talkpal.ai\/lv\/"},{"@type":"ListItem","position":2,"name":"Po\u013cu valodas gramatikas vingrin\u0101jumi"}]},{"@type":"WebSite","@id":"https:\/\/talkpal.ai\/lv\/#website","url":"https:\/\/talkpal.ai\/lv\/","name":"Talkpal","description":"AI Language Learning","publisher":{"@id":"https:\/\/talkpal.ai\/lv\/#organization"},"alternateName":"Talkpal AI","potentialAction":[{"@type":"SearchAction","target":{"@type":"EntryPoint","urlTemplate":"https:\/\/talkpal.ai\/lv\/?s={search_term_string}"},"query-input":{"@type":"PropertyValueSpecification","valueRequired":true,"valueName":"search_term_string"}}],"inLanguage":"lv-LV"},{"@type":"Organization","@id":"https:\/\/talkpal.ai\/lv\/#organization","name":"Talkpal, Inc.","alternateName":"Talkpal AI","url":"https:\/\/talkpal.ai\/lv\/","logo":{"@type":"ImageObject","inLanguage":"lv-LV","@id":"https:\/\/talkpal.ai\/lv\/#\/schema\/logo\/image\/","url":"https:\/\/talkpal.ai\/wp-content\/uploads\/2024\/03\/Talkpal-Logo-Icon.png","contentUrl":"https:\/\/talkpal.ai\/wp-content\/uploads\/2024\/03\/Talkpal-Logo-Icon.png","width":2880,"height":2880,"caption":"Talkpal, Inc."},"image":{"@id":"https:\/\/talkpal.ai\/lv\/#\/schema\/logo\/image\/"},"sameAs":["https:\/\/www.facebook.com\/profile.php?id=100090733639311","https:\/\/x.com\/talkpalai","https:\/\/www.linkedin.com\/company\/talkpal\/","https:\/\/www.youtube.com\/@TalkPal\/","https:\/\/www.tiktok.com\/@talkpal","https:\/\/www.instagram.com\/talkpal_ai\/","https:\/\/www.crunchbase.com\/organization\/talkpal-9cde","https:\/\/www.g2.com\/products\/talkpal-for-business\/","https:\/\/www.trustpilot.com\/review\/talkpal.ai","https:\/\/www.capterra.com\/p\/10006800\/TalkPal\/"],"description":"Talkpal is a language learning web and mobile education app, powered by the latest AI technologies, that provides engaging experiences to its customers in many different languages to help them improve their language skills. Users can chat about unlimited amount of topics with the app and use other modes to practice their language learning.","email":"support@talkpal.ai","legalName":"Talkpal, Inc.","foundingDate":"2023-04-03","duns":"118989042","numberOfEmployees":{"@type":"QuantitativeValue","minValue":"11","maxValue":"50"},"publishingPrinciples":"https:\/\/talkpal.ai\/publishing-principles\/","actionableFeedbackPolicy":"https:\/\/talkpal.ai\/actionable-feedback-policy\/","correctionsPolicy":"https:\/\/talkpal.ai\/corrections-policy\/","ethicsPolicy":"https:\/\/talkpal.ai\/ethics-policy\/","diversityPolicy":"https:\/\/talkpal.ai\/diversity-policy\/","diversityStaffingReport":"https:\/\/talkpal.ai\/diversity-policy\/"}]}},"_links":{"self":[{"href":"https:\/\/talkpal.ai\/lv\/wp-json\/wp\/v2\/pages\/157903","targetHints":{"allow":["GET"]}}],"collection":[{"href":"https:\/\/talkpal.ai\/lv\/wp-json\/wp\/v2\/pages"}],"about":[{"href":"https:\/\/talkpal.ai\/lv\/wp-json\/wp\/v2\/types\/page"}],"author":[{"embeddable":true,"href":"https:\/\/talkpal.ai\/lv\/wp-json\/wp\/v2\/users\/6"}],"replies":[{"embeddable":true,"href":"https:\/\/talkpal.ai\/lv\/wp-json\/wp\/v2\/comments?post=157903"}],"version-history":[{"count":0,"href":"https:\/\/talkpal.ai\/lv\/wp-json\/wp\/v2\/pages\/157903\/revisions"}],"wp:featuredmedia":[{"embeddable":true,"href":"https:\/\/talkpal.ai\/lv\/wp-json\/wp\/v2\/media\/117404"}],"wp:attachment":[{"href":"https:\/\/talkpal.ai\/lv\/wp-json\/wp\/v2\/media?parent=157903"}],"curies":[{"name":"wp","href":"https:\/\/api.w.org\/{rel}","templated":true}]}}