{"id":157622,"date":"2023-06-28T09:53:38","date_gmt":"2023-06-28T09:53:38","guid":{"rendered":"http:\/\/talkpal.ai\/rumanu-valodas-gramatikas-vingrinajumi\/"},"modified":"2025-12-17T09:57:41","modified_gmt":"2025-12-17T09:57:41","slug":"rumanu-valodas-gramatikas-vingrinajumi","status":"publish","type":"page","link":"https:\/\/talkpal.ai\/lv\/rumanu-valodas-gramatikas-vingrinajumi\/","title":{"rendered":"Rum\u0101\u0146u valodas gramatikas vingrin\u0101jumi"},"content":{"rendered":"\r\n\r\n\r\n<section class=\"languageChallengeSection\">\r\n    <div class=\"languageInfoWrapper\">\r\n        \r\n        <h1>Rum\u0101\u0146u valodas gramatikas vingrin\u0101jumi<\/h1>\r\n        <p>V\u0113laties uzlabot <a href=\"https:\/\/talkpal.ai\/learn-romanian\/\">rum\u0101\u0146u<\/a> <a href=\"https:\/\/talkpal.ai\/what-language-is-spoken-on-the-international-space-station\/\">valodas<\/a> prasmes? Gramatikas vingrin\u0101jumu praktiz\u0113\u0161ana ir dro\u0161s veids, k\u0101 apg\u016bt teikuma strukt\u016bru, darb\u012bbas v\u0101rdu loc\u012bjumus un rum\u0101\u0146u valodas unik\u0101l\u0101s iez\u012bmes. S\u0101ciet str\u0101d\u0101t ar rum\u0101\u0146u valodas gramatiku jau \u0161odien un v\u0113rojiet, k\u0101 ar katru vingrin\u0101jumu aug j\u016bsu p\u0101rliec\u012bba un pl\u016bdums!\n\n<\/p>\r\n\r\n                            <a class=\"getStartedHidden\" href=\"https:\/\/app.talkpal.ai\/lv\/signup?lng=\">S\u0101c<\/a>\r\n        \r\n    <\/div>\r\n\r\n    <figure>\r\n    <img decoding=\"async\" width=\"768\" height=\"768\" src=\"https:\/\/talkpal.ai\/wp-content\/uploads\/2023\/06\/romanian-768x768.png\" class=\"languageImage no-lazy\" alt=\"Language learning for intellectual challenge\" fetchpriority=\"high\" sizes=\"(max-width: 768px) 150px, 768px\" srcset=\"https:\/\/talkpal.ai\/wp-content\/uploads\/2023\/06\/romanian-768x768.png 768w, https:\/\/talkpal.ai\/wp-content\/uploads\/2023\/06\/romanian-300x300.png 300w\" \/>\r\n    \r\n\r\n    <\/figure>\r\n\r\n            <a class=\"getStartedVisible\" href=\"https:\/\/app.talkpal.ai\/lv\/signup?lng=\">S\u0101c<\/a>\r\n    \r\n<\/section>\r\n\r\n\r\n<!-- <section class=\"grammarSection\">\r\n    <div class=\"grammarLinks\">\r\n            <\/div>\r\n<\/section> -->\r\n\r\n\r\n\r\n\r\n<section class=\"promotionalBanner\">\r\n    <p class=\"promotionalText\">Visefekt\u012bv\u0101kais veids, k\u0101 apg\u016bt valodu<\/p>\r\n    <a class=\"promotionalLink\" href=\"https:\/\/app.talkpal.ai\/lv\/signup?lng=\">Izm\u0113\u0123iniet Talkpal bez maksas<\/a>\r\n<\/section>\n<div class=\"wp-block-group pageContainerStyle\"><div class=\"wp-block-group__inner-container is-layout-constrained wp-block-group-is-layout-constrained\">\n<h2 class=\"wp-block-heading\" id=\"h-romanian-grammar-topics\">Rum\u0101\u0146u valodas gramatikas t\u0113mas<\/h2>\n\n\n\n<p>Rum\u0101\u0146u valodas apguve ir atalgojo\u0161s darbs, kas sniedz ieskatu bag\u0101t\u0101 kult\u016br\u0101 un v\u0113stur\u0113. Lai gan <a href=\"https:\/\/talkpal.ai\/romanian-grammar\/\">rum\u0101\u0146u valodas gramatika<\/a> ir sare\u017e\u0123\u012bta, sistem\u0101tiska pieeja var padar\u012bt to p\u0101rvald\u0101mu. Galvenais ir saprast t\u0101s strukt\u016bru un noteikumus, s\u0101kot ar pamatelementiem un pak\u0101peniski virzoties uz progres\u012bv\u0101m t\u0113m\u0101m. \u0160\u012b rokasgr\u0101mata nodro\u0161ina optim\u0101lu sec\u012bbu rum\u0101\u0146u valodas gramatikas apguvei, koncentr\u0113joties uz laiku, darb\u012bbas v\u0101rdiem, lietv\u0101rdiem, rakstiem, vietniekv\u0101rdiem \/ noteic\u0113jiem, \u012bpa\u0161\u012bbas v\u0101rdiem, adverbiem, nosac\u012bjumiem, priev\u0101rdiem un teikumu konstrukciju.<\/p>\n\n\n\n<h3 class=\"wp-block-heading\" id=\"h-1-nouns\">1. Lietv\u0101rdi:<\/h3>\n\n\n\n<p>S\u0101ciet, m\u0101coties rum\u0101\u0146u lietv\u0101rdus, kuriem ir dzimumi un gad\u012bjumi. Lietv\u0101rdu formu iepaz\u012b\u0161ana pal\u012bdz izprast valodas pamatus.<\/p>\n\n\n\n<h3 class=\"wp-block-heading\" id=\"h-2-articles\">2. Raksti:<\/h3>\n\n\n\n<p>T\u0101l\u0101k uzziniet par rakstiem, kurus izmanto ar lietv\u0101rdiem. Rum\u0101\u0146u valod\u0101 ir noteikti un nenoteikti raksti, kas atbilst lietv\u0101rda dzimtei, skaitam un gad\u012bjumam.<\/p>\n\n\n\n<h3 class=\"wp-block-heading\" id=\"h-3-adjectives\">3. \u012apa\u0161\u012bbas v\u0101rdi:<\/h3>\n\n\n\n<p>\u012apa\u0161\u012bbas v\u0101rdi rum\u0101\u0146u valod\u0101 p\u0113c dzimuma, skaita un gad\u012bjuma sakr\u012bt ar lietv\u0101rdu, ko tie maina. \u0160\u012bs t\u0113mas apguve pal\u012bdz\u0113s uzlabot v\u0101rdu kr\u0101jumu un teikumu veido\u0161anu.<\/p>\n\n\n\n<h3 class=\"wp-block-heading\" id=\"h-4-pronouns-determiners\">4. Vietniekv\u0101rdi\/noteic\u0113ji:<\/h3>\n\n\n\n<p>Tie aizst\u0101j vai pavada lietv\u0101rdus. To apg\u016b\u0161ana pal\u012bdz\u0113s izvair\u012bties no atk\u0101rto\u0161an\u0101s un padar\u012bs teikumus daudzveid\u012bg\u0101kus.<\/p>\n\n\n\n<h3 class=\"wp-block-heading\" id=\"h-5-verbs\">5. Darb\u012bbas v\u0101rdi:<\/h3>\n\n\n\n<p>Darb\u012bbas v\u0101rdi ir teikumu pamat\u0101. Tie nor\u0101da uz darb\u012bb\u0101m vai es\u012bbas st\u0101vok\u013ciem. Rum\u0101\u0146u darb\u012bbas v\u0101rdi tiek konjug\u0113ti atbilsto\u0161i noska\u0146ojumam, sasprindzin\u0101jumam, personai un skaitlim.<\/p>\n\n\n\n<h3 class=\"wp-block-heading\" id=\"h-6-tenses\">6. Sasprindzin\u0101jums:<\/h3>\n\n\n\n<p>Rum\u0101\u0146u valodai ir vair\u0101ki sasprindzin\u0101jumi, lai izteiktu pag\u0101tnes, tagadnes un n\u0101kotnes darb\u012bbas. To apg\u016b\u0161ana k\u0101rt\u012bb\u0101 \u2013 tagadn\u0113, pag\u0101tn\u0113 un n\u0101kotn\u0113 \u2013 pal\u012bdz\u0113s jums saprast un izteikt da\u017e\u0101dus laika posmus.<\/p>\n\n\n\n<h3 class=\"wp-block-heading\" id=\"h-7-tense-comparison\">7. Saspringts sal\u012bdzin\u0101jums:<\/h3>\n\n\n\n<p>Izpratne par to, k\u0101 da\u017e\u0101di laiki sal\u012bdzina un kontrast\u0113, ir galvenais, lai tos pareizi izmantotu. \u0160\u012b darb\u012bba pal\u012bdz\u0113s uzlabot j\u016bsu darb\u012bbas v\u0101rdu lietojumu.<\/p>\n\n\n\n<h3 class=\"wp-block-heading\" id=\"h-8-progressive-and-perfect-progressive\">8. Progres\u012bvs un ide\u0101ls progres\u012bvs:<\/h3>\n\n\n\n<p>T\u0101s ir uzlabotas darb\u012bbas v\u0101rdu formas, kas \u013cauj izteikt notieko\u0161\u0101s vai pabeigt\u0101s darb\u012bbas.<\/p>\n\n\n\n<h3 class=\"wp-block-heading\" id=\"h-9-adverbs\">9. Adverbi:<\/h3>\n\n\n\n<p>Adverbi modific\u0113 darb\u012bbas v\u0101rdus, \u012bpa\u0161\u012bbas v\u0101rdus vai citus adverbus. Tie j\u016bsu teikumiem pie\u0161\u0137ir deta\u013cas, \u013caujot jums izteikt veidu, vietu, laiku, bie\u017eumu, pak\u0101pi un daudz ko citu.<\/p>\n\n\n\n<h3 class=\"wp-block-heading\" id=\"h-10-conditionals\">10. Nosac\u012bjumi:<\/h3>\n\n\n\n<p>Nosac\u012bjumi izsaka hipot\u0113tiskas situ\u0101cijas un to iesp\u0113jamos rezult\u0101tus. Tie ir b\u016btiski sare\u017e\u0123\u012btu ideju izteik\u0161anai.<\/p>\n\n\n\n<h3 class=\"wp-block-heading\" id=\"h-11-prepositions\">11. Priev\u0101rdi:<\/h3>\n\n\n\n<p>Priev\u0101rdi saista v\u0101rdus un fr\u0101zes, nodro\u0161inot kontekstu. Tie nor\u0101da atra\u0161an\u0101s vietu, virzienu, laiku un citas attiec\u012bbas.<\/p>\n\n\n\n<h3 class=\"wp-block-heading\" id=\"h-12-sentences\">12. Teikumi:<\/h3>\n\n\n\n<p>Visbeidzot, izpratne par to, k\u0101 visi \u0161ie elementi apvienojas, lai veidotu teikumus, nostiprin\u0101s j\u016bsu izpratni par rum\u0101\u0146u gramatiku. \u0160is p\u0113d\u0113jais posms ietver m\u0101c\u012b\u0161anos par teikuma strukt\u016bru, teikumu veidiem un pieturz\u012bm\u0113m.<\/p>\n<\/div><\/div>\n\r\n<section class=\"learnNavigationSection\">\r\n            \r\n        <a href=\"https:\/\/talkpal.ai\/lv\/apgustiet-rumanu-valodu\/\">\r\n            <div class=\"learnNavigationWrapper\">\r\n                <div class=\"learnNavigationContent\">\r\n                    <img decoding=\"async\" src=\"https:\/\/talkpal.ai\/wp-content\/uploads\/2024\/08\/Romanian.jpg\" alt=\"Romanian Flag\">\r\n                    <div>\r\n                        <h4>Par rum\u0101\u0146u valodas apguvi<\/h4>\r\n                        <p>Uzziniet visu par rum\u0101\u0146u valodas gramatiku.<\/p>\r\n                    <\/div>\r\n                <\/div>\r\n            <\/div>\r\n        <\/a>\r\n\r\n        \r\n        <a href=\"https:\/\/talkpal.ai\/lv\/rumanu-valodas-gramatika\/\">\r\n            <div class=\"learnNavigationWrapper\">\r\n                <div class=\"learnNavigationContent\">\r\n                    <img decoding=\"async\" src=\"https:\/\/talkpal.ai\/wp-content\/uploads\/2024\/08\/Romanian.jpg\" alt=\"Romanian Flag\">\r\n                    <div>\r\n                        <h4>Rum\u0101\u0146u valodas gramatikas stundas<\/h4>\r\n                        <p>Praktiz\u0113jiet rum\u0101\u0146u gramatiku.<\/p>\r\n                    <\/div>\r\n                <\/div>\r\n            <\/div>\r\n        <\/a>\r\n\r\n        \r\n        <a href=\"https:\/\/talkpal.ai\/vocabulary_language\/romanian\/\">\r\n            <div class=\"learnNavigationWrapper\">\r\n                <div class=\"learnNavigationContent\">\r\n                    <img decoding=\"async\" src=\"https:\/\/talkpal.ai\/wp-content\/uploads\/2024\/08\/Romanian.jpg\" alt=\"Romanian Flag\">\r\n                    <div>\r\n                        <h4>Rum\u0101\u0146u valodas v\u0101rdn\u012bca<\/h4>\r\n                        <p>Papla\u0161iniet savu rum\u0101\u0146u valodas v\u0101rdu kr\u0101jumu.<\/p>\r\n                    <\/div>\r\n                <\/div>\r\n            <\/div>\r\n        <\/a>\r\n\r\n            <\/section>","protected":false},"excerpt":{"rendered":"<p>Rum\u0101\u0146u valodas gramatikas t\u0113mas Rum\u0101\u0146u valodas apguve ir atalgojo\u0161s darbs, kas sniedz ieskatu bag\u0101t\u0101 kult\u016br\u0101 un v\u0113stur\u0113. Lai gan rum\u0101\u0146u valodas gramatika ir sare\u017e\u0123\u012bta, sistem\u0101tiska pieeja var padar\u012bt to p\u0101rvald\u0101mu. Galvenais ir saprast t\u0101s strukt\u016bru un noteikumus, s\u0101kot ar pamatelementiem un pak\u0101peniski virzoties uz progres\u012bv\u0101m t\u0113m\u0101m. \u0160\u012b rokasgr\u0101mata nodro\u0161ina optim\u0101lu sec\u012bbu rum\u0101\u0146u valodas gramatikas apguvei, [&hellip;]<\/p>\n","protected":false},"author":6,"featured_media":117869,"parent":0,"menu_order":0,"comment_status":"closed","ping_status":"closed","template":"LearningContentPage.php","meta":{"_acf_changed":false,"footnotes":""},"class_list":["post-157622","page","type-page","status-publish","has-post-thumbnail","hentry"],"acf":[],"yoast_head":"<!-- This site is optimized with the Yoast SEO Premium plugin v27.2 (Yoast SEO v27.2) - https:\/\/yoast.com\/product\/yoast-seo-premium-wordpress\/ -->\n<title>Rum\u0101\u0146u valodas gramatikas vingrin\u0101jumi - Talkpal<\/title>\n<meta name=\"description\" content=\"Apg\u016bstiet rum\u0101\u0146u valodas gramatiku ar m\u0113r\u0137tiec\u012bgiem vingrin\u0101jumiem. M\u016bsu rum\u0101\u0146u valodas gramatikas vingrin\u0101jumi padara m\u0101c\u012b\u0161anos sistem\u0101tisku un efekt\u012bvu.\" \/>\n<meta name=\"robots\" content=\"index, follow, max-snippet:-1, max-image-preview:large, max-video-preview:-1\" \/>\n<link rel=\"canonical\" href=\"https:\/\/talkpal.ai\/lv\/rumanu-valodas-gramatikas-vingrinajumi\/\" \/>\n<meta property=\"og:locale\" content=\"lv_LV\" \/>\n<meta property=\"og:type\" content=\"article\" \/>\n<meta property=\"og:title\" content=\"Rum\u0101\u0146u valodas gramatikas vingrin\u0101jumi\" \/>\n<meta property=\"og:description\" content=\"Rum\u0101\u0146u valodas gramatikas t\u0113mas Rum\u0101\u0146u valodas apguve ir atalgojo\u0161s darbs, kas sniedz ieskatu bag\u0101t\u0101 kult\u016br\u0101 un v\u0113stur\u0113. Lai gan rum\u0101\u0146u valodas gramatika\" \/>\n<meta property=\"og:url\" content=\"https:\/\/talkpal.ai\/lv\/rumanu-valodas-gramatikas-vingrinajumi\/\" \/>\n<meta property=\"og:site_name\" content=\"Talkpal\" \/>\n<meta property=\"article:publisher\" content=\"https:\/\/www.facebook.com\/profile.php?id=100090733639311\" \/>\n<meta property=\"article:modified_time\" content=\"2025-12-17T09:57:41+00:00\" \/>\n<meta property=\"og:image\" content=\"https:\/\/talkpal.ai\/wp-content\/uploads\/2023\/05\/romania.png\" \/>\n\t<meta property=\"og:image:width\" content=\"512\" \/>\n\t<meta property=\"og:image:height\" content=\"512\" \/>\n\t<meta property=\"og:image:type\" content=\"image\/png\" \/>\n<meta name=\"twitter:card\" content=\"summary_large_image\" \/>\n<meta name=\"twitter:site\" content=\"@talkpalai\" \/>\n<meta name=\"twitter:label1\" content=\"Est. reading time\" \/>\n\t<meta name=\"twitter:data1\" content=\"3 minutes\" \/>\n<script type=\"application\/ld+json\" class=\"yoast-schema-graph\">{\"@context\":\"https:\/\/schema.org\",\"@graph\":[{\"@type\":\"WebPage\",\"@id\":\"https:\/\/talkpal.ai\/lv\/rumanu-valodas-gramatikas-vingrinajumi\/\",\"url\":\"https:\/\/talkpal.ai\/lv\/rumanu-valodas-gramatikas-vingrinajumi\/\",\"name\":\"Rum\u0101\u0146u valodas gramatikas vingrin\u0101jumi - Talkpal\",\"isPartOf\":{\"@id\":\"https:\/\/talkpal.ai\/lv\/#website\"},\"primaryImageOfPage\":{\"@id\":\"https:\/\/talkpal.ai\/lv\/rumanu-valodas-gramatikas-vingrinajumi\/#primaryimage\"},\"image\":{\"@id\":\"https:\/\/talkpal.ai\/lv\/rumanu-valodas-gramatikas-vingrinajumi\/#primaryimage\"},\"thumbnailUrl\":\"https:\/\/talkpal.ai\/wp-content\/uploads\/2023\/05\/romania.png\",\"datePublished\":\"2023-06-28T09:53:38+00:00\",\"dateModified\":\"2025-12-17T09:57:41+00:00\",\"description\":\"Apg\u016bstiet rum\u0101\u0146u valodas gramatiku ar m\u0113r\u0137tiec\u012bgiem vingrin\u0101jumiem. M\u016bsu rum\u0101\u0146u valodas gramatikas vingrin\u0101jumi padara m\u0101c\u012b\u0161anos sistem\u0101tisku un efekt\u012bvu.\",\"breadcrumb\":{\"@id\":\"https:\/\/talkpal.ai\/lv\/rumanu-valodas-gramatikas-vingrinajumi\/#breadcrumb\"},\"inLanguage\":\"lv-LV\",\"potentialAction\":[{\"@type\":\"ReadAction\",\"target\":[\"https:\/\/talkpal.ai\/lv\/rumanu-valodas-gramatikas-vingrinajumi\/\"]}]},{\"@type\":\"ImageObject\",\"inLanguage\":\"lv-LV\",\"@id\":\"https:\/\/talkpal.ai\/lv\/rumanu-valodas-gramatikas-vingrinajumi\/#primaryimage\",\"url\":\"https:\/\/talkpal.ai\/wp-content\/uploads\/2023\/05\/romania.png\",\"contentUrl\":\"https:\/\/talkpal.ai\/wp-content\/uploads\/2023\/05\/romania.png\",\"width\":512,\"height\":512},{\"@type\":\"BreadcrumbList\",\"@id\":\"https:\/\/talkpal.ai\/lv\/rumanu-valodas-gramatikas-vingrinajumi\/#breadcrumb\",\"itemListElement\":[{\"@type\":\"ListItem\",\"position\":1,\"name\":\"Homepage\",\"item\":\"https:\/\/talkpal.ai\/lv\/\"},{\"@type\":\"ListItem\",\"position\":2,\"name\":\"Rum\u0101\u0146u valodas gramatikas vingrin\u0101jumi\"}]},{\"@type\":\"WebSite\",\"@id\":\"https:\/\/talkpal.ai\/lv\/#website\",\"url\":\"https:\/\/talkpal.ai\/lv\/\",\"name\":\"Talkpal\",\"description\":\"AI Language Learning\",\"publisher\":{\"@id\":\"https:\/\/talkpal.ai\/lv\/#organization\"},\"alternateName\":\"Talkpal AI\",\"potentialAction\":[{\"@type\":\"SearchAction\",\"target\":{\"@type\":\"EntryPoint\",\"urlTemplate\":\"https:\/\/talkpal.ai\/lv\/?s={search_term_string}\"},\"query-input\":{\"@type\":\"PropertyValueSpecification\",\"valueRequired\":true,\"valueName\":\"search_term_string\"}}],\"inLanguage\":\"lv-LV\"},{\"@type\":\"Organization\",\"@id\":\"https:\/\/talkpal.ai\/lv\/#organization\",\"name\":\"Talkpal, Inc.\",\"alternateName\":\"Talkpal AI\",\"url\":\"https:\/\/talkpal.ai\/lv\/\",\"logo\":{\"@type\":\"ImageObject\",\"inLanguage\":\"lv-LV\",\"@id\":\"https:\/\/talkpal.ai\/lv\/#\/schema\/logo\/image\/\",\"url\":\"https:\/\/talkpal.ai\/wp-content\/uploads\/2024\/03\/Talkpal-Logo-Icon.png\",\"contentUrl\":\"https:\/\/talkpal.ai\/wp-content\/uploads\/2024\/03\/Talkpal-Logo-Icon.png\",\"width\":2880,\"height\":2880,\"caption\":\"Talkpal, Inc.\"},\"image\":{\"@id\":\"https:\/\/talkpal.ai\/lv\/#\/schema\/logo\/image\/\"},\"sameAs\":[\"https:\/\/www.facebook.com\/profile.php?id=100090733639311\",\"https:\/\/x.com\/talkpalai\",\"https:\/\/www.linkedin.com\/company\/talkpal\/\",\"https:\/\/www.youtube.com\/@TalkPal\/\",\"https:\/\/www.tiktok.com\/@talkpal\",\"https:\/\/www.instagram.com\/talkpal_ai\/\",\"https:\/\/www.crunchbase.com\/organization\/talkpal-9cde\",\"https:\/\/www.g2.com\/products\/talkpal-for-business\/\",\"https:\/\/www.trustpilot.com\/review\/talkpal.ai\",\"https:\/\/www.capterra.com\/p\/10006800\/TalkPal\/\"],\"description\":\"Talkpal is a language learning web and mobile education app, powered by the latest AI technologies, that provides engaging experiences to its customers in many different languages to help them improve their language skills. Users can chat about unlimited amount of topics with the app and use other modes to practice their language learning.\",\"email\":\"support@talkpal.ai\",\"legalName\":\"Talkpal, Inc.\",\"foundingDate\":\"2023-04-03\",\"duns\":\"118989042\",\"numberOfEmployees\":{\"@type\":\"QuantitativeValue\",\"minValue\":\"11\",\"maxValue\":\"50\"},\"publishingPrinciples\":\"https:\/\/talkpal.ai\/publishing-principles\/\",\"actionableFeedbackPolicy\":\"https:\/\/talkpal.ai\/actionable-feedback-policy\/\",\"correctionsPolicy\":\"https:\/\/talkpal.ai\/corrections-policy\/\",\"ethicsPolicy\":\"https:\/\/talkpal.ai\/ethics-policy\/\",\"diversityPolicy\":\"https:\/\/talkpal.ai\/diversity-policy\/\",\"diversityStaffingReport\":\"https:\/\/talkpal.ai\/diversity-policy\/\"}]}<\/script>\n<!-- \/ Yoast SEO Premium plugin. -->","yoast_head_json":{"title":"Rum\u0101\u0146u valodas gramatikas vingrin\u0101jumi - Talkpal","description":"Apg\u016bstiet rum\u0101\u0146u valodas gramatiku ar m\u0113r\u0137tiec\u012bgiem vingrin\u0101jumiem. M\u016bsu rum\u0101\u0146u valodas gramatikas vingrin\u0101jumi padara m\u0101c\u012b\u0161anos sistem\u0101tisku un efekt\u012bvu.","robots":{"index":"index","follow":"follow","max-snippet":"max-snippet:-1","max-image-preview":"max-image-preview:large","max-video-preview":"max-video-preview:-1"},"canonical":"https:\/\/talkpal.ai\/lv\/rumanu-valodas-gramatikas-vingrinajumi\/","og_locale":"lv_LV","og_type":"article","og_title":"Rum\u0101\u0146u valodas gramatikas vingrin\u0101jumi","og_description":"Rum\u0101\u0146u valodas gramatikas t\u0113mas Rum\u0101\u0146u valodas apguve ir atalgojo\u0161s darbs, kas sniedz ieskatu bag\u0101t\u0101 kult\u016br\u0101 un v\u0113stur\u0113. Lai gan rum\u0101\u0146u valodas gramatika","og_url":"https:\/\/talkpal.ai\/lv\/rumanu-valodas-gramatikas-vingrinajumi\/","og_site_name":"Talkpal","article_publisher":"https:\/\/www.facebook.com\/profile.php?id=100090733639311","article_modified_time":"2025-12-17T09:57:41+00:00","og_image":[{"width":512,"height":512,"url":"https:\/\/talkpal.ai\/wp-content\/uploads\/2023\/05\/romania.png","type":"image\/png"}],"twitter_card":"summary_large_image","twitter_site":"@talkpalai","twitter_misc":{"Est. reading time":"3 minutes"},"schema":{"@context":"https:\/\/schema.org","@graph":[{"@type":"WebPage","@id":"https:\/\/talkpal.ai\/lv\/rumanu-valodas-gramatikas-vingrinajumi\/","url":"https:\/\/talkpal.ai\/lv\/rumanu-valodas-gramatikas-vingrinajumi\/","name":"Rum\u0101\u0146u valodas gramatikas vingrin\u0101jumi - Talkpal","isPartOf":{"@id":"https:\/\/talkpal.ai\/lv\/#website"},"primaryImageOfPage":{"@id":"https:\/\/talkpal.ai\/lv\/rumanu-valodas-gramatikas-vingrinajumi\/#primaryimage"},"image":{"@id":"https:\/\/talkpal.ai\/lv\/rumanu-valodas-gramatikas-vingrinajumi\/#primaryimage"},"thumbnailUrl":"https:\/\/talkpal.ai\/wp-content\/uploads\/2023\/05\/romania.png","datePublished":"2023-06-28T09:53:38+00:00","dateModified":"2025-12-17T09:57:41+00:00","description":"Apg\u016bstiet rum\u0101\u0146u valodas gramatiku ar m\u0113r\u0137tiec\u012bgiem vingrin\u0101jumiem. M\u016bsu rum\u0101\u0146u valodas gramatikas vingrin\u0101jumi padara m\u0101c\u012b\u0161anos sistem\u0101tisku un efekt\u012bvu.","breadcrumb":{"@id":"https:\/\/talkpal.ai\/lv\/rumanu-valodas-gramatikas-vingrinajumi\/#breadcrumb"},"inLanguage":"lv-LV","potentialAction":[{"@type":"ReadAction","target":["https:\/\/talkpal.ai\/lv\/rumanu-valodas-gramatikas-vingrinajumi\/"]}]},{"@type":"ImageObject","inLanguage":"lv-LV","@id":"https:\/\/talkpal.ai\/lv\/rumanu-valodas-gramatikas-vingrinajumi\/#primaryimage","url":"https:\/\/talkpal.ai\/wp-content\/uploads\/2023\/05\/romania.png","contentUrl":"https:\/\/talkpal.ai\/wp-content\/uploads\/2023\/05\/romania.png","width":512,"height":512},{"@type":"BreadcrumbList","@id":"https:\/\/talkpal.ai\/lv\/rumanu-valodas-gramatikas-vingrinajumi\/#breadcrumb","itemListElement":[{"@type":"ListItem","position":1,"name":"Homepage","item":"https:\/\/talkpal.ai\/lv\/"},{"@type":"ListItem","position":2,"name":"Rum\u0101\u0146u valodas gramatikas vingrin\u0101jumi"}]},{"@type":"WebSite","@id":"https:\/\/talkpal.ai\/lv\/#website","url":"https:\/\/talkpal.ai\/lv\/","name":"Talkpal","description":"AI Language Learning","publisher":{"@id":"https:\/\/talkpal.ai\/lv\/#organization"},"alternateName":"Talkpal AI","potentialAction":[{"@type":"SearchAction","target":{"@type":"EntryPoint","urlTemplate":"https:\/\/talkpal.ai\/lv\/?s={search_term_string}"},"query-input":{"@type":"PropertyValueSpecification","valueRequired":true,"valueName":"search_term_string"}}],"inLanguage":"lv-LV"},{"@type":"Organization","@id":"https:\/\/talkpal.ai\/lv\/#organization","name":"Talkpal, Inc.","alternateName":"Talkpal AI","url":"https:\/\/talkpal.ai\/lv\/","logo":{"@type":"ImageObject","inLanguage":"lv-LV","@id":"https:\/\/talkpal.ai\/lv\/#\/schema\/logo\/image\/","url":"https:\/\/talkpal.ai\/wp-content\/uploads\/2024\/03\/Talkpal-Logo-Icon.png","contentUrl":"https:\/\/talkpal.ai\/wp-content\/uploads\/2024\/03\/Talkpal-Logo-Icon.png","width":2880,"height":2880,"caption":"Talkpal, Inc."},"image":{"@id":"https:\/\/talkpal.ai\/lv\/#\/schema\/logo\/image\/"},"sameAs":["https:\/\/www.facebook.com\/profile.php?id=100090733639311","https:\/\/x.com\/talkpalai","https:\/\/www.linkedin.com\/company\/talkpal\/","https:\/\/www.youtube.com\/@TalkPal\/","https:\/\/www.tiktok.com\/@talkpal","https:\/\/www.instagram.com\/talkpal_ai\/","https:\/\/www.crunchbase.com\/organization\/talkpal-9cde","https:\/\/www.g2.com\/products\/talkpal-for-business\/","https:\/\/www.trustpilot.com\/review\/talkpal.ai","https:\/\/www.capterra.com\/p\/10006800\/TalkPal\/"],"description":"Talkpal is a language learning web and mobile education app, powered by the latest AI technologies, that provides engaging experiences to its customers in many different languages to help them improve their language skills. Users can chat about unlimited amount of topics with the app and use other modes to practice their language learning.","email":"support@talkpal.ai","legalName":"Talkpal, Inc.","foundingDate":"2023-04-03","duns":"118989042","numberOfEmployees":{"@type":"QuantitativeValue","minValue":"11","maxValue":"50"},"publishingPrinciples":"https:\/\/talkpal.ai\/publishing-principles\/","actionableFeedbackPolicy":"https:\/\/talkpal.ai\/actionable-feedback-policy\/","correctionsPolicy":"https:\/\/talkpal.ai\/corrections-policy\/","ethicsPolicy":"https:\/\/talkpal.ai\/ethics-policy\/","diversityPolicy":"https:\/\/talkpal.ai\/diversity-policy\/","diversityStaffingReport":"https:\/\/talkpal.ai\/diversity-policy\/"}]}},"_links":{"self":[{"href":"https:\/\/talkpal.ai\/lv\/wp-json\/wp\/v2\/pages\/157622","targetHints":{"allow":["GET"]}}],"collection":[{"href":"https:\/\/talkpal.ai\/lv\/wp-json\/wp\/v2\/pages"}],"about":[{"href":"https:\/\/talkpal.ai\/lv\/wp-json\/wp\/v2\/types\/page"}],"author":[{"embeddable":true,"href":"https:\/\/talkpal.ai\/lv\/wp-json\/wp\/v2\/users\/6"}],"replies":[{"embeddable":true,"href":"https:\/\/talkpal.ai\/lv\/wp-json\/wp\/v2\/comments?post=157622"}],"version-history":[{"count":0,"href":"https:\/\/talkpal.ai\/lv\/wp-json\/wp\/v2\/pages\/157622\/revisions"}],"wp:featuredmedia":[{"embeddable":true,"href":"https:\/\/talkpal.ai\/lv\/wp-json\/wp\/v2\/media\/117869"}],"wp:attachment":[{"href":"https:\/\/talkpal.ai\/lv\/wp-json\/wp\/v2\/media?parent=157622"}],"curies":[{"name":"wp","href":"https:\/\/api.w.org\/{rel}","templated":true}]}}