{"id":156662,"date":"2023-06-28T14:00:55","date_gmt":"2023-06-28T14:00:55","guid":{"rendered":"http:\/\/talkpal.ai\/svahili-gramatikas-vingrinajumi\/"},"modified":"2025-12-17T09:59:42","modified_gmt":"2025-12-17T09:59:42","slug":"svahili-gramatikas-vingrinajumi","status":"publish","type":"page","link":"https:\/\/talkpal.ai\/lv\/svahili-gramatikas-vingrinajumi\/","title":{"rendered":"Svahili gramatikas vingrin\u0101jumi"},"content":{"rendered":"\r\n\r\n\r\n<section class=\"languageChallengeSection\">\r\n    <div class=\"languageInfoWrapper\">\r\n        \r\n        <h1>Svahili gramatikas vingrin\u0101jumi<\/h1>\r\n        <p>Vai esat gatavs nostiprin\u0101t savas <a href=\"https:\/\/talkpal.ai\/learn-swahili\/\">svahili<\/a> <a href=\"https:\/\/talkpal.ai\/what-language-is-spoken-on-the-international-space-station\/\">valodas<\/a> prasmes? M\u0113r\u0137tiec\u012bgi gramatikas vingrin\u0101jumi ir lielisks veids, k\u0101 izprast teikuma uzb\u016bvi, darb\u012bbas v\u0101rdu veidus un b\u016btiskas v\u0101rdu formas. Iegremd\u0113jiet svahili gramatikas praksi, lai vairotu p\u0101rliec\u012bbu, papla\u0161in\u0101tu v\u0101rdu kr\u0101jumu un padar\u012btu katru sarunu dabisk\u0101ku. S\u0101ciet praktiz\u0113t jau \u0161odien un redz\u0113siet, cik \u0101tri uzlabosies j\u016bsu svahili valodas zin\u0101\u0161anas!<\/p>\r\n\r\n                            <a class=\"getStartedHidden\" href=\"https:\/\/app.talkpal.ai\/lv\/signup?lng=\">S\u0101c<\/a>\r\n        \r\n    <\/div>\r\n\r\n    <figure>\r\n    <img decoding=\"async\" width=\"768\" height=\"768\" src=\"https:\/\/talkpal.ai\/wp-content\/uploads\/2023\/06\/Swahili-768x768.png\" class=\"languageImage no-lazy\" alt=\"Secrets to master language learning\" fetchpriority=\"high\" sizes=\"(max-width: 768px) 150px, 768px\" srcset=\"https:\/\/talkpal.ai\/wp-content\/uploads\/2023\/06\/Swahili-768x768.png 768w, https:\/\/talkpal.ai\/wp-content\/uploads\/2023\/06\/Swahili-300x300.png 300w\" \/>\r\n    \r\n\r\n    <\/figure>\r\n\r\n            <a class=\"getStartedVisible\" href=\"https:\/\/app.talkpal.ai\/lv\/signup?lng=\">S\u0101c<\/a>\r\n    \r\n<\/section>\r\n\r\n\r\n<!-- <section class=\"grammarSection\">\r\n    <div class=\"grammarLinks\">\r\n            <\/div>\r\n<\/section> -->\r\n\r\n\r\n\r\n\r\n<section class=\"promotionalBanner\">\r\n    <p class=\"promotionalText\">Visefekt\u012bv\u0101kais veids, k\u0101 apg\u016bt valodu<\/p>\r\n    <a class=\"promotionalLink\" href=\"https:\/\/app.talkpal.ai\/lv\/signup?lng=\">Izm\u0113\u0123iniet Talkpal bez maksas<\/a>\r\n<\/section>\n<div class=\"wp-block-group pageContainerStyle\"><div class=\"wp-block-group__inner-container is-layout-constrained wp-block-group-is-layout-constrained\">\n<h2 class=\"wp-block-heading\" id=\"h-swahili-grammar-topics\">Svahili gramatikas t\u0113mas<\/h2>\n\n\n\n<p>Svahili valodas apguve ir aizraujo\u0161s ce\u013cojums uz vienu no vispla\u0161\u0101k lietotaj\u0101m valod\u0101m \u0100frik\u0101. T\u0101 ir bantu valoda, kur\u0101 galvenok\u0101rt run\u0101 Austrum\u0101frik\u0101, un tiek l\u0113sts, ka vis\u0101 pasaul\u0113 taj\u0101 run\u0101 50\u2013100 miljoni cilv\u0113ku. <a href=\"https:\/\/talkpal.ai\/swahili-grammar\/\">Svahili gramatika<\/a> ir at\u0161\u0137ir\u012bga un pied\u0101v\u0101 aizraujo\u0161u skat\u012bjumu uz valodas strukt\u016bru. Lai efekt\u012bvi apg\u016btu svahili valodu, ir svar\u012bgi iev\u0113rot struktur\u0113tu pieeju, koncentr\u0113joties uz galvenaj\u0101m gramatikas t\u0113m\u0101m, piem\u0113ram, laiku, darb\u012bbas v\u0101rdiem, lietv\u0101rdiem, rakstiem, vietniekv\u0101rdiem \/ noteic\u0113jiem, \u012bpa\u0161\u012bbas v\u0101rdiem, adverbiem, nosac\u012bjumiem, priev\u0101rdiem un teikumu uzb\u016bvi. Katrs no \u0161iem komponentiem ir neat\u0146emams valodas izpratnes un apguves elements.<\/p>\n\n\n\n<h3 class=\"wp-block-heading\" id=\"h-1-nouns\">1. Lietv\u0101rdi:<\/h3>\n\n\n\n<p>S\u0101ciet ar svahili lietv\u0101rdu apguvi. Svahili valod\u0101 lietv\u0101rdi tiek klasific\u0113ti p\u0113c lietv\u0101rdu klas\u0113m, kas ietekm\u0113 \u012bpa\u0161\u012bbas v\u0101rdu, vietniekv\u0101rdu un darb\u012bbas v\u0101rdu formu, kas uz tiem attiecas. \u0160o lietv\u0101rdu kla\u0161u izpratne ir pamats citu svahili gramatikas aspektu apguvei.<\/p>\n\n\n\n<h3 class=\"wp-block-heading\" id=\"h-2-articles\">2. Raksti:<\/h3>\n\n\n\n<p>Kad esat ieguvis izpratni par lietv\u0101rdiem, p\u0101rejiet pie rakstiem. Svahili valod\u0101 nav noteiktu vai nenoteiktu artikulu, piem\u0113ram, &#8220;a&#8221;, &#8220;an&#8221; vai &#8220;the&#8221;. Tom\u0113r l\u012bdz\u012bga noz\u012bme ir ar\u012b lietv\u0101rdu kla\u0161u sist\u0113mai, t\u0101p\u0113c ir svar\u012bgi to apg\u016bt.<\/p>\n\n\n\n<h3 class=\"wp-block-heading\" id=\"h-3-pronouns-determiners\">3. Vietniekv\u0101rdi\/noteic\u0113ji:<\/h3>\n\n\n\n<p>Vietniekv\u0101rdi un noteic\u0113ji svahili valod\u0101 main\u0101s, pamatojoties uz lietv\u0101rda lietv\u0101rdu klasi, uz kuru vi\u0146i atsaucas. \u0160o izmai\u0146u apg\u016b\u0161ana pal\u012bdz\u0113s veidot pilnus teikumus.<\/p>\n\n\n\n<h3 class=\"wp-block-heading\" id=\"h-4-adjectives\">4. \u012apa\u0161\u012bbas v\u0101rdi:<\/h3>\n\n\n\n<p>Svahili \u012bpa\u0161\u012bbas v\u0101rdi piekr\u012bt lietv\u0101rdam, ko tie apraksta. Tas noz\u012bm\u0113, ka \u012bpa\u0161\u012bbas v\u0101rds maina formu, lai atbilstu lietv\u0101rda klasei. Izpratne par to uzlabos j\u016bsu teikuma uzb\u016bvi.<\/p>\n\n\n\n<h3 class=\"wp-block-heading\" id=\"h-5-verbs\">5. Darb\u012bbas v\u0101rdi:<\/h3>\n\n\n\n<p>Svahili darb\u012bbas v\u0101rdi ir b\u016btiski, lai izteiktu darb\u012bbas un st\u0101vok\u013cus. Vi\u0146iem ir ar\u012b saspringta, aspektu un garast\u0101vok\u013ca inform\u0101cija. Darb\u012bbas v\u0101rdu konjug\u0101cijas noteikumu zin\u0101\u0161ana ir b\u016btiska efekt\u012bvai komunik\u0101cijai.<\/p>\n\n\n\n<h3 class=\"wp-block-heading\" id=\"h-6-tenses\">6. Sasprindzin\u0101jums:<\/h3>\n\n\n\n<p>Izpratne par sasprindzin\u0101jumu ir b\u016btiska, lai pazi\u0146otu notikumus, kas notiek da\u017e\u0101dos laikos. Svahili ir da\u017e\u0101di pag\u0101tnes, tagadnes un n\u0101kotnes notikumu laiki.<\/p>\n\n\n\n<h3 class=\"wp-block-heading\" id=\"h-7-tense-comparison\">7. Saspringts sal\u012bdzin\u0101jums:<\/h3>\n\n\n\n<p>P\u0113c tam, kad esat izpratis pamata laikus, jums j\u0101iem\u0101c\u0101s tos sal\u012bdzin\u0101t. Tas pal\u012bdz\u0113s jums izteikt sare\u017e\u0123\u012btas domas un situ\u0101cijas.<\/p>\n\n\n\n<h3 class=\"wp-block-heading\" id=\"h-8-progressive-and-perfect-progressive\">8. Progres\u012bvs un ide\u0101ls progres\u012bvs:<\/h3>\n\n\n\n<p>\u0160ie sasprindzin\u0101juma aspekti izsaka notieko\u0161\u0101s darb\u012bbas vai darb\u012bbas, kas ir pabeigtas. To izpratne bag\u0101tin\u0101s j\u016bsu izteiksmes sp\u0113jas svahili valod\u0101.<\/p>\n\n\n\n<h3 class=\"wp-block-heading\" id=\"h-9-adverbs\">9. Adverbi:<\/h3>\n\n\n\n<p>Adverbi modific\u0113 darb\u012bbas v\u0101rdus, \u012bpa\u0161\u012bbas v\u0101rdus un citus adverbus. Tie sniedz papildu inform\u0101ciju par darb\u012bb\u0101m, \u012bpa\u0161\u012bb\u0101m vai citiem apst\u0101k\u013ciem.<\/p>\n\n\n\n<h3 class=\"wp-block-heading\" id=\"h-10-conditionals\">10. Nosac\u012bjumi:<\/h3>\n\n\n\n<p>Nosac\u012bjumi izsaka hipot\u0113tiskas situ\u0101cijas vai atkar\u012bbas starp notikumiem. Tie ir noder\u012bgi uzlabotai sazi\u0146ai svahili valod\u0101.<\/p>\n\n\n\n<h3 class=\"wp-block-heading\" id=\"h-11-prepositions\">11. Priev\u0101rdi:<\/h3>\n\n\n\n<p>Priev\u0101rdi \u013caus jums izteikt attiec\u012bbas starp da\u017e\u0101d\u0101m teikuma da\u013c\u0101m, piem\u0113ram, atra\u0161an\u0101s vietu, virzienu, laiku, c\u0113loni utt.<\/p>\n\n\n\n<h3 class=\"wp-block-heading\" id=\"h-12-sentences\">12. Teikumi:<\/h3>\n\n\n\n<p>Visbeidzot, izpratne par to, k\u0101 veidot teikumus, izmantojot visas iem\u0101c\u012bt\u0101s runas da\u013cas, ir j\u016bsu svahili m\u0101c\u012bbu ce\u013cojuma kulmin\u0101cija. Tas ietver v\u0101rdu un fr\u0101\u017eu sak\u0101rto\u0161anu, lai rad\u012btu piln\u012bgas domas.<\/p>\n<\/div><\/div>\n\r\n<section class=\"learnNavigationSection\">\r\n            \r\n        <a href=\"https:\/\/talkpal.ai\/lv\/uzziniet-svahili-valodu\/\">\r\n            <div class=\"learnNavigationWrapper\">\r\n                <div class=\"learnNavigationContent\">\r\n                    <img decoding=\"async\" src=\"https:\/\/talkpal.ai\/wp-content\/uploads\/2024\/08\/Swahili.jpg\" alt=\"Kenya and Tanzania Flags\">\r\n                    <div>\r\n                        <h4>Par svahili valodas apguvi<\/h4>\r\n                        <p>Uzziniet visu par svahili gramatiku.<\/p>\r\n                    <\/div>\r\n                <\/div>\r\n            <\/div>\r\n        <\/a>\r\n\r\n        \r\n        <a href=\"https:\/\/talkpal.ai\/lv\/svahili-gramatika\/\">\r\n            <div class=\"learnNavigationWrapper\">\r\n                <div class=\"learnNavigationContent\">\r\n                    <img decoding=\"async\" src=\"https:\/\/talkpal.ai\/wp-content\/uploads\/2024\/08\/Swahili.jpg\" alt=\"Kenya and Tanzania Flags\">\r\n                    <div>\r\n                        <h4>Svahili gramatikas nodarb\u012bbas<\/h4>\r\n                        <p>Praktiz\u0113jiet svahili gramatiku.<\/p>\r\n                    <\/div>\r\n                <\/div>\r\n            <\/div>\r\n        <\/a>\r\n\r\n        \r\n        <a href=\"https:\/\/talkpal.ai\/vocabulary_language\/swahili\/\">\r\n            <div class=\"learnNavigationWrapper\">\r\n                <div class=\"learnNavigationContent\">\r\n                    <img decoding=\"async\" src=\"https:\/\/talkpal.ai\/wp-content\/uploads\/2024\/08\/Swahili.jpg\" alt=\"Kenya and Tanzania Flags\">\r\n                    <div>\r\n                        <h4>Svahili v\u0101rdu kr\u0101jums<\/h4>\r\n                        <p>Papla\u0161iniet savu svahili v\u0101rdu kr\u0101jumu.<\/p>\r\n                    <\/div>\r\n                <\/div>\r\n            <\/div>\r\n        <\/a>\r\n\r\n            <\/section>","protected":false},"excerpt":{"rendered":"<p>Svahili gramatikas t\u0113mas Svahili valodas apguve ir aizraujo\u0161s ce\u013cojums uz vienu no vispla\u0161\u0101k lietotaj\u0101m valod\u0101m \u0100frik\u0101. T\u0101 ir bantu valoda, kur\u0101 galvenok\u0101rt run\u0101 Austrum\u0101frik\u0101, un tiek l\u0113sts, ka vis\u0101 pasaul\u0113 taj\u0101 run\u0101 50\u2013100 miljoni cilv\u0113ku. Svahili gramatika ir at\u0161\u0137ir\u012bga un pied\u0101v\u0101 aizraujo\u0161u skat\u012bjumu uz valodas strukt\u016bru. Lai efekt\u012bvi apg\u016btu svahili valodu, ir svar\u012bgi iev\u0113rot struktur\u0113tu [&hellip;]<\/p>\n","protected":false},"author":6,"featured_media":119157,"parent":0,"menu_order":0,"comment_status":"closed","ping_status":"closed","template":"LearningContentPage.php","meta":{"_acf_changed":false,"footnotes":""},"class_list":["post-156662","page","type-page","status-publish","has-post-thumbnail","hentry"],"acf":[],"yoast_head":"<!-- This site is optimized with the Yoast SEO Premium plugin v27.2 (Yoast SEO v27.2) - https:\/\/yoast.com\/product\/yoast-seo-premium-wordpress\/ -->\n<title>Svahili gramatikas vingrin\u0101jumi - Talkpal<\/title>\n<meta name=\"description\" content=\"Izp\u0113tiet saisto\u0161us svahili valodas gramatikas vingrin\u0101jumus, lai uzlabotu savas valodas prasmes un uzlabotu svahili valodas izpratni.\" \/>\n<meta name=\"robots\" content=\"index, follow, max-snippet:-1, max-image-preview:large, max-video-preview:-1\" \/>\n<link rel=\"canonical\" href=\"https:\/\/talkpal.ai\/lv\/svahili-gramatikas-vingrinajumi\/\" \/>\n<meta property=\"og:locale\" content=\"lv_LV\" \/>\n<meta property=\"og:type\" content=\"article\" \/>\n<meta property=\"og:title\" content=\"Svahili gramatikas vingrin\u0101jumi\" \/>\n<meta property=\"og:description\" content=\"Svahili gramatikas t\u0113mas Svahili valodas apguve ir aizraujo\u0161s ce\u013cojums uz vienu no vispla\u0161\u0101k lietotaj\u0101m valod\u0101m \u0100frik\u0101. T\u0101 ir bantu valoda, kur\u0101\" \/>\n<meta property=\"og:url\" content=\"https:\/\/talkpal.ai\/lv\/svahili-gramatikas-vingrinajumi\/\" \/>\n<meta property=\"og:site_name\" content=\"Talkpal\" \/>\n<meta property=\"article:publisher\" content=\"https:\/\/www.facebook.com\/profile.php?id=100090733639311\" \/>\n<meta property=\"article:modified_time\" content=\"2025-12-17T09:59:42+00:00\" \/>\n<meta property=\"og:image\" content=\"https:\/\/talkpal.ai\/wp-content\/uploads\/2023\/05\/Swahili-tanzania.png\" \/>\n\t<meta property=\"og:image:width\" content=\"512\" \/>\n\t<meta property=\"og:image:height\" content=\"512\" \/>\n\t<meta property=\"og:image:type\" content=\"image\/png\" \/>\n<meta name=\"twitter:card\" content=\"summary_large_image\" \/>\n<meta name=\"twitter:site\" content=\"@talkpalai\" \/>\n<meta name=\"twitter:label1\" content=\"Est. reading time\" \/>\n\t<meta name=\"twitter:data1\" content=\"3 minutes\" \/>\n<script type=\"application\/ld+json\" class=\"yoast-schema-graph\">{\"@context\":\"https:\/\/schema.org\",\"@graph\":[{\"@type\":\"WebPage\",\"@id\":\"https:\/\/talkpal.ai\/lv\/svahili-gramatikas-vingrinajumi\/\",\"url\":\"https:\/\/talkpal.ai\/lv\/svahili-gramatikas-vingrinajumi\/\",\"name\":\"Svahili gramatikas vingrin\u0101jumi - Talkpal\",\"isPartOf\":{\"@id\":\"https:\/\/talkpal.ai\/lv\/#website\"},\"primaryImageOfPage\":{\"@id\":\"https:\/\/talkpal.ai\/lv\/svahili-gramatikas-vingrinajumi\/#primaryimage\"},\"image\":{\"@id\":\"https:\/\/talkpal.ai\/lv\/svahili-gramatikas-vingrinajumi\/#primaryimage\"},\"thumbnailUrl\":\"https:\/\/talkpal.ai\/wp-content\/uploads\/2023\/05\/Swahili-tanzania.png\",\"datePublished\":\"2023-06-28T14:00:55+00:00\",\"dateModified\":\"2025-12-17T09:59:42+00:00\",\"description\":\"Izp\u0113tiet saisto\u0161us svahili valodas gramatikas vingrin\u0101jumus, lai uzlabotu savas valodas prasmes un uzlabotu svahili valodas izpratni.\",\"breadcrumb\":{\"@id\":\"https:\/\/talkpal.ai\/lv\/svahili-gramatikas-vingrinajumi\/#breadcrumb\"},\"inLanguage\":\"lv-LV\",\"potentialAction\":[{\"@type\":\"ReadAction\",\"target\":[\"https:\/\/talkpal.ai\/lv\/svahili-gramatikas-vingrinajumi\/\"]}]},{\"@type\":\"ImageObject\",\"inLanguage\":\"lv-LV\",\"@id\":\"https:\/\/talkpal.ai\/lv\/svahili-gramatikas-vingrinajumi\/#primaryimage\",\"url\":\"https:\/\/talkpal.ai\/wp-content\/uploads\/2023\/05\/Swahili-tanzania.png\",\"contentUrl\":\"https:\/\/talkpal.ai\/wp-content\/uploads\/2023\/05\/Swahili-tanzania.png\",\"width\":512,\"height\":512},{\"@type\":\"BreadcrumbList\",\"@id\":\"https:\/\/talkpal.ai\/lv\/svahili-gramatikas-vingrinajumi\/#breadcrumb\",\"itemListElement\":[{\"@type\":\"ListItem\",\"position\":1,\"name\":\"Homepage\",\"item\":\"https:\/\/talkpal.ai\/lv\/\"},{\"@type\":\"ListItem\",\"position\":2,\"name\":\"Svahili gramatikas vingrin\u0101jumi\"}]},{\"@type\":\"WebSite\",\"@id\":\"https:\/\/talkpal.ai\/lv\/#website\",\"url\":\"https:\/\/talkpal.ai\/lv\/\",\"name\":\"Talkpal\",\"description\":\"AI Language Learning\",\"publisher\":{\"@id\":\"https:\/\/talkpal.ai\/lv\/#organization\"},\"alternateName\":\"Talkpal AI\",\"potentialAction\":[{\"@type\":\"SearchAction\",\"target\":{\"@type\":\"EntryPoint\",\"urlTemplate\":\"https:\/\/talkpal.ai\/lv\/?s={search_term_string}\"},\"query-input\":{\"@type\":\"PropertyValueSpecification\",\"valueRequired\":true,\"valueName\":\"search_term_string\"}}],\"inLanguage\":\"lv-LV\"},{\"@type\":\"Organization\",\"@id\":\"https:\/\/talkpal.ai\/lv\/#organization\",\"name\":\"Talkpal, Inc.\",\"alternateName\":\"Talkpal AI\",\"url\":\"https:\/\/talkpal.ai\/lv\/\",\"logo\":{\"@type\":\"ImageObject\",\"inLanguage\":\"lv-LV\",\"@id\":\"https:\/\/talkpal.ai\/lv\/#\/schema\/logo\/image\/\",\"url\":\"https:\/\/talkpal.ai\/wp-content\/uploads\/2024\/03\/Talkpal-Logo-Icon.png\",\"contentUrl\":\"https:\/\/talkpal.ai\/wp-content\/uploads\/2024\/03\/Talkpal-Logo-Icon.png\",\"width\":2880,\"height\":2880,\"caption\":\"Talkpal, Inc.\"},\"image\":{\"@id\":\"https:\/\/talkpal.ai\/lv\/#\/schema\/logo\/image\/\"},\"sameAs\":[\"https:\/\/www.facebook.com\/profile.php?id=100090733639311\",\"https:\/\/x.com\/talkpalai\",\"https:\/\/www.linkedin.com\/company\/talkpal\/\",\"https:\/\/www.youtube.com\/@TalkPal\/\",\"https:\/\/www.tiktok.com\/@talkpal\",\"https:\/\/www.instagram.com\/talkpal_ai\/\",\"https:\/\/www.crunchbase.com\/organization\/talkpal-9cde\",\"https:\/\/www.g2.com\/products\/talkpal-for-business\/\",\"https:\/\/www.trustpilot.com\/review\/talkpal.ai\",\"https:\/\/www.capterra.com\/p\/10006800\/TalkPal\/\"],\"description\":\"Talkpal is a language learning web and mobile education app, powered by the latest AI technologies, that provides engaging experiences to its customers in many different languages to help them improve their language skills. Users can chat about unlimited amount of topics with the app and use other modes to practice their language learning.\",\"email\":\"support@talkpal.ai\",\"legalName\":\"Talkpal, Inc.\",\"foundingDate\":\"2023-04-03\",\"duns\":\"118989042\",\"numberOfEmployees\":{\"@type\":\"QuantitativeValue\",\"minValue\":\"11\",\"maxValue\":\"50\"},\"publishingPrinciples\":\"https:\/\/talkpal.ai\/publishing-principles\/\",\"actionableFeedbackPolicy\":\"https:\/\/talkpal.ai\/actionable-feedback-policy\/\",\"correctionsPolicy\":\"https:\/\/talkpal.ai\/corrections-policy\/\",\"ethicsPolicy\":\"https:\/\/talkpal.ai\/ethics-policy\/\",\"diversityPolicy\":\"https:\/\/talkpal.ai\/diversity-policy\/\",\"diversityStaffingReport\":\"https:\/\/talkpal.ai\/diversity-policy\/\"}]}<\/script>\n<!-- \/ Yoast SEO Premium plugin. -->","yoast_head_json":{"title":"Svahili gramatikas vingrin\u0101jumi - Talkpal","description":"Izp\u0113tiet saisto\u0161us svahili valodas gramatikas vingrin\u0101jumus, lai uzlabotu savas valodas prasmes un uzlabotu svahili valodas izpratni.","robots":{"index":"index","follow":"follow","max-snippet":"max-snippet:-1","max-image-preview":"max-image-preview:large","max-video-preview":"max-video-preview:-1"},"canonical":"https:\/\/talkpal.ai\/lv\/svahili-gramatikas-vingrinajumi\/","og_locale":"lv_LV","og_type":"article","og_title":"Svahili gramatikas vingrin\u0101jumi","og_description":"Svahili gramatikas t\u0113mas Svahili valodas apguve ir aizraujo\u0161s ce\u013cojums uz vienu no vispla\u0161\u0101k lietotaj\u0101m valod\u0101m \u0100frik\u0101. T\u0101 ir bantu valoda, kur\u0101","og_url":"https:\/\/talkpal.ai\/lv\/svahili-gramatikas-vingrinajumi\/","og_site_name":"Talkpal","article_publisher":"https:\/\/www.facebook.com\/profile.php?id=100090733639311","article_modified_time":"2025-12-17T09:59:42+00:00","og_image":[{"width":512,"height":512,"url":"https:\/\/talkpal.ai\/wp-content\/uploads\/2023\/05\/Swahili-tanzania.png","type":"image\/png"}],"twitter_card":"summary_large_image","twitter_site":"@talkpalai","twitter_misc":{"Est. reading time":"3 minutes"},"schema":{"@context":"https:\/\/schema.org","@graph":[{"@type":"WebPage","@id":"https:\/\/talkpal.ai\/lv\/svahili-gramatikas-vingrinajumi\/","url":"https:\/\/talkpal.ai\/lv\/svahili-gramatikas-vingrinajumi\/","name":"Svahili gramatikas vingrin\u0101jumi - Talkpal","isPartOf":{"@id":"https:\/\/talkpal.ai\/lv\/#website"},"primaryImageOfPage":{"@id":"https:\/\/talkpal.ai\/lv\/svahili-gramatikas-vingrinajumi\/#primaryimage"},"image":{"@id":"https:\/\/talkpal.ai\/lv\/svahili-gramatikas-vingrinajumi\/#primaryimage"},"thumbnailUrl":"https:\/\/talkpal.ai\/wp-content\/uploads\/2023\/05\/Swahili-tanzania.png","datePublished":"2023-06-28T14:00:55+00:00","dateModified":"2025-12-17T09:59:42+00:00","description":"Izp\u0113tiet saisto\u0161us svahili valodas gramatikas vingrin\u0101jumus, lai uzlabotu savas valodas prasmes un uzlabotu svahili valodas izpratni.","breadcrumb":{"@id":"https:\/\/talkpal.ai\/lv\/svahili-gramatikas-vingrinajumi\/#breadcrumb"},"inLanguage":"lv-LV","potentialAction":[{"@type":"ReadAction","target":["https:\/\/talkpal.ai\/lv\/svahili-gramatikas-vingrinajumi\/"]}]},{"@type":"ImageObject","inLanguage":"lv-LV","@id":"https:\/\/talkpal.ai\/lv\/svahili-gramatikas-vingrinajumi\/#primaryimage","url":"https:\/\/talkpal.ai\/wp-content\/uploads\/2023\/05\/Swahili-tanzania.png","contentUrl":"https:\/\/talkpal.ai\/wp-content\/uploads\/2023\/05\/Swahili-tanzania.png","width":512,"height":512},{"@type":"BreadcrumbList","@id":"https:\/\/talkpal.ai\/lv\/svahili-gramatikas-vingrinajumi\/#breadcrumb","itemListElement":[{"@type":"ListItem","position":1,"name":"Homepage","item":"https:\/\/talkpal.ai\/lv\/"},{"@type":"ListItem","position":2,"name":"Svahili gramatikas vingrin\u0101jumi"}]},{"@type":"WebSite","@id":"https:\/\/talkpal.ai\/lv\/#website","url":"https:\/\/talkpal.ai\/lv\/","name":"Talkpal","description":"AI Language Learning","publisher":{"@id":"https:\/\/talkpal.ai\/lv\/#organization"},"alternateName":"Talkpal AI","potentialAction":[{"@type":"SearchAction","target":{"@type":"EntryPoint","urlTemplate":"https:\/\/talkpal.ai\/lv\/?s={search_term_string}"},"query-input":{"@type":"PropertyValueSpecification","valueRequired":true,"valueName":"search_term_string"}}],"inLanguage":"lv-LV"},{"@type":"Organization","@id":"https:\/\/talkpal.ai\/lv\/#organization","name":"Talkpal, Inc.","alternateName":"Talkpal AI","url":"https:\/\/talkpal.ai\/lv\/","logo":{"@type":"ImageObject","inLanguage":"lv-LV","@id":"https:\/\/talkpal.ai\/lv\/#\/schema\/logo\/image\/","url":"https:\/\/talkpal.ai\/wp-content\/uploads\/2024\/03\/Talkpal-Logo-Icon.png","contentUrl":"https:\/\/talkpal.ai\/wp-content\/uploads\/2024\/03\/Talkpal-Logo-Icon.png","width":2880,"height":2880,"caption":"Talkpal, Inc."},"image":{"@id":"https:\/\/talkpal.ai\/lv\/#\/schema\/logo\/image\/"},"sameAs":["https:\/\/www.facebook.com\/profile.php?id=100090733639311","https:\/\/x.com\/talkpalai","https:\/\/www.linkedin.com\/company\/talkpal\/","https:\/\/www.youtube.com\/@TalkPal\/","https:\/\/www.tiktok.com\/@talkpal","https:\/\/www.instagram.com\/talkpal_ai\/","https:\/\/www.crunchbase.com\/organization\/talkpal-9cde","https:\/\/www.g2.com\/products\/talkpal-for-business\/","https:\/\/www.trustpilot.com\/review\/talkpal.ai","https:\/\/www.capterra.com\/p\/10006800\/TalkPal\/"],"description":"Talkpal is a language learning web and mobile education app, powered by the latest AI technologies, that provides engaging experiences to its customers in many different languages to help them improve their language skills. Users can chat about unlimited amount of topics with the app and use other modes to practice their language learning.","email":"support@talkpal.ai","legalName":"Talkpal, Inc.","foundingDate":"2023-04-03","duns":"118989042","numberOfEmployees":{"@type":"QuantitativeValue","minValue":"11","maxValue":"50"},"publishingPrinciples":"https:\/\/talkpal.ai\/publishing-principles\/","actionableFeedbackPolicy":"https:\/\/talkpal.ai\/actionable-feedback-policy\/","correctionsPolicy":"https:\/\/talkpal.ai\/corrections-policy\/","ethicsPolicy":"https:\/\/talkpal.ai\/ethics-policy\/","diversityPolicy":"https:\/\/talkpal.ai\/diversity-policy\/","diversityStaffingReport":"https:\/\/talkpal.ai\/diversity-policy\/"}]}},"_links":{"self":[{"href":"https:\/\/talkpal.ai\/lv\/wp-json\/wp\/v2\/pages\/156662","targetHints":{"allow":["GET"]}}],"collection":[{"href":"https:\/\/talkpal.ai\/lv\/wp-json\/wp\/v2\/pages"}],"about":[{"href":"https:\/\/talkpal.ai\/lv\/wp-json\/wp\/v2\/types\/page"}],"author":[{"embeddable":true,"href":"https:\/\/talkpal.ai\/lv\/wp-json\/wp\/v2\/users\/6"}],"replies":[{"embeddable":true,"href":"https:\/\/talkpal.ai\/lv\/wp-json\/wp\/v2\/comments?post=156662"}],"version-history":[{"count":0,"href":"https:\/\/talkpal.ai\/lv\/wp-json\/wp\/v2\/pages\/156662\/revisions"}],"wp:featuredmedia":[{"embeddable":true,"href":"https:\/\/talkpal.ai\/lv\/wp-json\/wp\/v2\/media\/119157"}],"wp:attachment":[{"href":"https:\/\/talkpal.ai\/lv\/wp-json\/wp\/v2\/media?parent=156662"}],"curies":[{"name":"wp","href":"https:\/\/api.w.org\/{rel}","templated":true}]}}