{"id":156095,"date":"2023-07-05T10:17:13","date_gmt":"2023-07-05T10:17:13","guid":{"rendered":"http:\/\/talkpal.ai\/tamilu-gramatikas-vingrinajumi\/"},"modified":"2025-12-17T14:44:46","modified_gmt":"2025-12-17T14:44:46","slug":"tamilu-gramatikas-vingrinajumi","status":"publish","type":"page","link":"https:\/\/talkpal.ai\/lv\/tamilu-gramatikas-vingrinajumi\/","title":{"rendered":"Tamilu gramatikas vingrin\u0101jumi"},"content":{"rendered":"\r\n\r\n\r\n<section class=\"languageChallengeSection\">\r\n    <div class=\"languageInfoWrapper\">\r\n        \r\n        <h1>Tamilu gramatikas vingrin\u0101jumi<\/h1>\r\n        <p>Ja v\u0113laties apg\u016bt <a href=\"https:\/\/talkpal.ai\/learn-tamil\/\">tamilu<\/a> valodu, gramatikas praktiz\u0113\u0161ana, izmantojot m\u0113r\u0137tiec\u012bgus vingrin\u0101jumus, ir galvenais solis j\u016bsu ce\u013c\u0101. S\u0101ciet jau \u0161odien, izaiciniet sevi ar jauniem gramatikas mode\u013ciem un v\u0113rojiet, k\u0101 ar katru vingrin\u0101jumu aug j\u016bsu tamilu <a href=\"https:\/\/talkpal.ai\/what-language-is-spoken-on-the-international-space-station\/\">valodas<\/a> prasmes!<\/p>\r\n\r\n                            <a class=\"getStartedHidden\" href=\"https:\/\/app.talkpal.ai\/lv\/signup?lng=\">S\u0101c<\/a>\r\n        \r\n    <\/div>\r\n\r\n    <figure>\r\n    <img decoding=\"async\" width=\"768\" height=\"768\" src=\"https:\/\/talkpal.ai\/wp-content\/uploads\/2023\/06\/tamil-768x768.png\" class=\"languageImage no-lazy\" alt=\"Language learning for enhanced creativity\" fetchpriority=\"high\" sizes=\"(max-width: 768px) 150px, 768px\" srcset=\"https:\/\/talkpal.ai\/wp-content\/uploads\/2023\/06\/tamil-768x768.png 768w, https:\/\/talkpal.ai\/wp-content\/uploads\/2023\/06\/tamil-300x300.png 300w\" \/>\r\n    \r\n\r\n    <\/figure>\r\n\r\n            <a class=\"getStartedVisible\" href=\"https:\/\/app.talkpal.ai\/lv\/signup?lng=\">S\u0101c<\/a>\r\n    \r\n<\/section>\r\n\r\n\r\n<!-- <section class=\"grammarSection\">\r\n    <div class=\"grammarLinks\">\r\n            <\/div>\r\n<\/section> -->\r\n\r\n\r\n\r\n\r\n<section class=\"promotionalBanner\">\r\n    <p class=\"promotionalText\">Visefekt\u012bv\u0101kais veids, k\u0101 apg\u016bt valodu<\/p>\r\n    <a class=\"promotionalLink\" href=\"https:\/\/app.talkpal.ai\/lv\/signup?lng=\">Izm\u0113\u0123iniet Talkpal bez maksas<\/a>\r\n<\/section>\n<div class=\"wp-block-group pageContainerStyle\"><div class=\"wp-block-group__inner-container is-layout-constrained wp-block-group-is-layout-constrained\">\n<h2 class=\"wp-block-heading\" id=\"h-tamil-grammar-topics\">Tamilu gramatikas t\u0113mas<\/h2>\n\n\n\n<p>Tamilu valoda ir dinamiska un bag\u0101ta valoda, kur\u0101 run\u0101 galvenok\u0101rt Dienvidindij\u0101 un \u0160rilank\u0101. Tas ir paz\u012bstams ar savu unik\u0101lo skriptu un sare\u017e\u0123\u012bto gramatikas sist\u0113mu. Tamilu valodas apguve var b\u016bt aizraujo\u0161a pieredze, ta\u010du, lai izprastu t\u0101s gramatiku, ir nepiecie\u0161ama struktur\u0113ta pieeja. Tas ietver laiku, darb\u012bbas v\u0101rdu, lietv\u0101rdu, rakstu, vietniekv\u0101rdu\/ noteic\u0113ju, \u012bpa\u0161\u012bbas v\u0101rdu, adverbu, nosac\u012bjumu, priev\u0101rdu un teikumu strukt\u016bru izpratni.<\/p>\n\n\n\n<h3 class=\"wp-block-heading\" id=\"h-1-nouns\">1. Lietv\u0101rdi:<\/h3>\n\n\n\n<p>S\u0101ciet savu tamilu m\u0101c\u012b\u0161anos ar lietv\u0101rdiem, jo tie ir jebkuras valodas pamatelementi. Tamilu valod\u0101 lietv\u0101rdi tiek iedal\u012bti div\u0101s kategorij\u0101s: uyirmei (dz\u012bvs) un mei (nedz\u012bvs). Vi\u0146iem ir ar\u012b da\u017e\u0101das deklam\u0101cijas, pamatojoties uz skaitu un lietu.<\/p>\n\n\n\n<h3 class=\"wp-block-heading\" id=\"h-2-pronouns-determiners\">2. Vietniekv\u0101rdi\/noteic\u0113ji:<\/h3>\n\n\n\n<p>P\u0113c lietv\u0101rdu apg\u016b\u0161anas p\u0101rejiet pie vietniekv\u0101rdiem un noteic\u0113jiem. Tos izmanto, lai atsauktos uz k\u0101du vai kaut ko jau min\u0113tu vai viegli identific\u0113jamu. Tamilu valod\u0101 vietniekv\u0101rdi ir dzimumneitr\u0101li un attiecas uz skaitli un gad\u012bjumu.<\/p>\n\n\n\n<h3 class=\"wp-block-heading\" id=\"h-3-verbs\">3. Darb\u012bbas v\u0101rdi:<\/h3>\n\n\n\n<p>Darb\u012bbas v\u0101rdi tamilu valod\u0101 ir sadal\u012bti div\u0101s kategorij\u0101s: p\u0101rejo\u0161i un nep\u0101rejo\u0161i darb\u012bbas v\u0101rdi. Izpratne par to, k\u0101 tie darbojas, ir b\u016btiska, jo tie apz\u012bm\u0113 darb\u012bbu teikum\u0101.<\/p>\n\n\n\n<h3 class=\"wp-block-heading\" id=\"h-4-tenses\">4. Sasprindzin\u0101jums:<\/h3>\n\n\n\n<p>Tamilu grup\u0113jumam ir tr\u012bs pamata sasprindzin\u0101jumi: pag\u0101tne, tagadne un n\u0101kotne. Katram sasprindzin\u0101jumam ir at\u0161\u0137ir\u012bgas formas vienskaitlim un daudzskaitlim, k\u0101 ar\u012b da\u017e\u0101d\u0101m person\u0101m. \u0160o izmai\u0146u izpratne ir svar\u012bga pareizai teikuma veido\u0161anai.<\/p>\n\n\n\n<h3 class=\"wp-block-heading\" id=\"h-5-tense-comparison\">5. Saspringts sal\u012bdzin\u0101jums:<\/h3>\n\n\n\n<p>Kad esat sapratis pamata laikus, varat p\u0101riet uz saspringtu sal\u012bdzin\u0101jumu. Tas prasa sal\u012bdzin\u0101t da\u017e\u0101das darb\u012bbas da\u017e\u0101dos laikos, kas ir \u013coti svar\u012bgi uzlabotai valodas lieto\u0161anai.<\/p>\n\n\n\n<h3 class=\"wp-block-heading\" id=\"h-6-adjectives\">6. \u012apa\u0161\u012bbas v\u0101rdi:<\/h3>\n\n\n\n<p>\u012apa\u0161\u012bbas v\u0101rdi tamilu, t\u0101pat k\u0101 <a href=\"https:\/\/talkpal.ai\/learn-english-with-ai\/\">ang\u013cu<\/a> valod\u0101, apraksta vai maina lietv\u0101rdus. Vi\u0146i piekr\u012bt lietv\u0101rdam, ko vi\u0146i maina gad\u012bjum\u0101, skait\u0101 un dzimum\u0101.<\/p>\n\n\n\n<h3 class=\"wp-block-heading\" id=\"h-7-articles\">7. Raksti:<\/h3>\n\n\n\n<p>Tamilu valod\u0101 nav noteiktu vai nenoteiktu artikulu, piem\u0113ram, &#8216;a&#8217;, &#8216;an&#8217; vai &#8216;the&#8217;. Tom\u0113r izpratne par to, k\u0101 tos aizst\u0101t, ir svar\u012bga teikuma veido\u0161anai.<\/p>\n\n\n\n<h3 class=\"wp-block-heading\" id=\"h-8-adverbs\">8. Adverbi:<\/h3>\n\n\n\n<p>Adverbi modific\u0113 darb\u012bbas v\u0101rdus, \u012bpa\u0161\u012bbas v\u0101rdus vai citus adverbus. Vi\u0146i var izteikt veidu, vietu, laiku, bie\u017eumu, pak\u0101pi un daudz ko citu.<\/p>\n\n\n\n<h3 class=\"wp-block-heading\" id=\"h-9-prepositions\">9. Priev\u0101rdi:<\/h3>\n\n\n\n<p>Priev\u0101rdi tiek izmantoti, lai saist\u012btu lietv\u0101rdus, vietniekv\u0101rdus vai fr\u0101zes ar citiem v\u0101rdiem teikum\u0101. Tie izsaka vietas, virziena, laika, veida, c\u0113lo\u0146a un pak\u0101pes attiec\u012bbas.<\/p>\n\n\n\n<h3 class=\"wp-block-heading\" id=\"h-10-conditionals\">10. Nosac\u012bjumi:<\/h3>\n\n\n\n<p>Nosac\u012bjumi ir teikumi, kas izsaka hipot\u0113tiskas situ\u0101cijas un to sekas. Tamilu valod\u0101 nosac\u012bjumus veido \u012bpa\u0161as darb\u012bbas v\u0101rdu formas un savienojumi.<\/p>\n\n\n\n<h3 class=\"wp-block-heading\" id=\"h-11-progressive-and-perfect-progressive\">11. Progres\u012bvs un ide\u0101ls progres\u012bvs:<\/h3>\n\n\n\n<p>Tie ir sasprindzin\u0101juma aspekti, kas apz\u012bm\u0113 notieko\u0161\u0101s darb\u012bbas vai darb\u012bbas, kas notika, bet tagad ir pabeigtas. Tie ir b\u016btiski, lai izteiktu darb\u012bbu ilgumu un nep\u0101rtraukt\u012bbu.<\/p>\n\n\n\n<h3 class=\"wp-block-heading\" id=\"h-12-sentences\">12. Teikumi:<\/h3>\n\n\n\n<p>Visbeidzot, ir svar\u012bgi izprast teikumu strukt\u016bru tamilu valod\u0101. Tamilu valoda seko subjekta-objekta-darb\u012bbas v\u0101rda (SOV) v\u0101rdu sec\u012bbai. Ar\u012b saliktu un sare\u017e\u0123\u012btu teikumu izpratne uzlabos j\u016bsu visp\u0101r\u0113j\u0101s valodas zin\u0101\u0161anas.<\/p>\n<\/div><\/div>\n\r\n<section class=\"learnNavigationSection\">\r\n            \r\n        <a href=\"https:\/\/talkpal.ai\/lv\/apgustiet-tamilu-valodu\/\">\r\n            <div class=\"learnNavigationWrapper\">\r\n                <div class=\"learnNavigationContent\">\r\n                    <img decoding=\"async\" src=\"https:\/\/talkpal.ai\/wp-content\/uploads\/2024\/08\/Tamil.jpg\" alt=\"Indian Simplified Flag\">\r\n                    <div>\r\n                        <h4>Par tamilu valodas apguvi<\/h4>\r\n                        <p>Uzziniet visu par tamilu gramatiku.<\/p>\r\n                    <\/div>\r\n                <\/div>\r\n            <\/div>\r\n        <\/a>\r\n\r\n        \r\n        <a href=\"https:\/\/talkpal.ai\/lv\/tamilu-gramatika\/\">\r\n            <div class=\"learnNavigationWrapper\">\r\n                <div class=\"learnNavigationContent\">\r\n                    <img decoding=\"async\" src=\"https:\/\/talkpal.ai\/wp-content\/uploads\/2024\/08\/Tamil.jpg\" alt=\"Indian Simplified Flag\">\r\n                    <div>\r\n                        <h4>Tamilu gramatikas nodarb\u012bbas<\/h4>\r\n                        <p>Praktiz\u0113jiet tamilu gramatiku.<\/p>\r\n                    <\/div>\r\n                <\/div>\r\n            <\/div>\r\n        <\/a>\r\n\r\n        \r\n        <a href=\"https:\/\/talkpal.ai\/vocabulary_language\/tamil\/\">\r\n            <div class=\"learnNavigationWrapper\">\r\n                <div class=\"learnNavigationContent\">\r\n                    <img decoding=\"async\" src=\"https:\/\/talkpal.ai\/wp-content\/uploads\/2024\/08\/Tamil.jpg\" alt=\"Indian Simplified Flag\">\r\n                    <div>\r\n                        <h4>Tamilu valodas v\u0101rdn\u012bca<\/h4>\r\n                        <p>Papla\u0161iniet savu tamilu valodas v\u0101rdu kr\u0101jumu.<\/p>\r\n                    <\/div>\r\n                <\/div>\r\n            <\/div>\r\n        <\/a>\r\n\r\n            <\/section>","protected":false},"excerpt":{"rendered":"<p>Tamilu gramatikas t\u0113mas Tamilu valoda ir dinamiska un bag\u0101ta valoda, kur\u0101 run\u0101 galvenok\u0101rt Dienvidindij\u0101 un \u0160rilank\u0101. Tas ir paz\u012bstams ar savu unik\u0101lo skriptu un sare\u017e\u0123\u012bto gramatikas sist\u0113mu. Tamilu valodas apguve var b\u016bt aizraujo\u0161a pieredze, ta\u010du, lai izprastu t\u0101s gramatiku, ir nepiecie\u0161ama struktur\u0113ta pieeja. Tas ietver laiku, darb\u012bbas v\u0101rdu, lietv\u0101rdu, rakstu, vietniekv\u0101rdu\/ noteic\u0113ju, \u012bpa\u0161\u012bbas v\u0101rdu, adverbu, [&hellip;]<\/p>\n","protected":false},"author":6,"featured_media":120257,"parent":0,"menu_order":0,"comment_status":"closed","ping_status":"closed","template":"LearningContentPage.php","meta":{"_acf_changed":false,"footnotes":""},"class_list":["post-156095","page","type-page","status-publish","has-post-thumbnail","hentry"],"acf":[],"yoast_head":"<!-- This site is optimized with the Yoast SEO Premium plugin v27.2 (Yoast SEO v27.2) - https:\/\/yoast.com\/product\/yoast-seo-premium-wordpress\/ -->\n<title>Tamilu gramatikas vingrin\u0101jumi - Talkpal<\/title>\n<meta name=\"description\" content=\"Izp\u0113tiet efekt\u012bvus tamilu valodas gramatikas vingrin\u0101jumus, lai uzlabotu savas valodas prasmes un veicin\u0101tu izpratni.\" \/>\n<meta name=\"robots\" content=\"index, follow, max-snippet:-1, max-image-preview:large, max-video-preview:-1\" \/>\n<link rel=\"canonical\" href=\"https:\/\/talkpal.ai\/lv\/tamilu-gramatikas-vingrinajumi\/\" \/>\n<meta property=\"og:locale\" content=\"lv_LV\" \/>\n<meta property=\"og:type\" content=\"article\" \/>\n<meta property=\"og:title\" content=\"Tamilu gramatikas vingrin\u0101jumi\" \/>\n<meta property=\"og:description\" content=\"Tamilu gramatikas t\u0113mas Tamilu valoda ir dinamiska un bag\u0101ta valoda, kur\u0101 run\u0101 galvenok\u0101rt Dienvidindij\u0101 un \u0160rilank\u0101. Tas ir paz\u012bstams ar savu unik\u0101lo\" \/>\n<meta property=\"og:url\" content=\"https:\/\/talkpal.ai\/lv\/tamilu-gramatikas-vingrinajumi\/\" \/>\n<meta property=\"og:site_name\" content=\"Talkpal\" \/>\n<meta property=\"article:publisher\" content=\"https:\/\/www.facebook.com\/profile.php?id=100090733639311\" \/>\n<meta property=\"article:modified_time\" content=\"2025-12-17T14:44:46+00:00\" \/>\n<meta property=\"og:image\" content=\"https:\/\/talkpal.ai\/wp-content\/uploads\/2023\/05\/Tamil-india.png\" \/>\n\t<meta property=\"og:image:width\" content=\"512\" \/>\n\t<meta property=\"og:image:height\" content=\"512\" \/>\n\t<meta property=\"og:image:type\" content=\"image\/png\" \/>\n<meta name=\"twitter:card\" content=\"summary_large_image\" \/>\n<meta name=\"twitter:site\" content=\"@talkpalai\" \/>\n<meta name=\"twitter:label1\" content=\"Est. reading time\" \/>\n\t<meta name=\"twitter:data1\" content=\"3 minutes\" \/>\n<script type=\"application\/ld+json\" class=\"yoast-schema-graph\">{\"@context\":\"https:\/\/schema.org\",\"@graph\":[{\"@type\":\"WebPage\",\"@id\":\"https:\/\/talkpal.ai\/lv\/tamilu-gramatikas-vingrinajumi\/\",\"url\":\"https:\/\/talkpal.ai\/lv\/tamilu-gramatikas-vingrinajumi\/\",\"name\":\"Tamilu gramatikas vingrin\u0101jumi - Talkpal\",\"isPartOf\":{\"@id\":\"https:\/\/talkpal.ai\/lv\/#website\"},\"primaryImageOfPage\":{\"@id\":\"https:\/\/talkpal.ai\/lv\/tamilu-gramatikas-vingrinajumi\/#primaryimage\"},\"image\":{\"@id\":\"https:\/\/talkpal.ai\/lv\/tamilu-gramatikas-vingrinajumi\/#primaryimage\"},\"thumbnailUrl\":\"https:\/\/talkpal.ai\/wp-content\/uploads\/2023\/05\/Tamil-india.png\",\"datePublished\":\"2023-07-05T10:17:13+00:00\",\"dateModified\":\"2025-12-17T14:44:46+00:00\",\"description\":\"Izp\u0113tiet efekt\u012bvus tamilu valodas gramatikas vingrin\u0101jumus, lai uzlabotu savas valodas prasmes un veicin\u0101tu izpratni.\",\"breadcrumb\":{\"@id\":\"https:\/\/talkpal.ai\/lv\/tamilu-gramatikas-vingrinajumi\/#breadcrumb\"},\"inLanguage\":\"lv-LV\",\"potentialAction\":[{\"@type\":\"ReadAction\",\"target\":[\"https:\/\/talkpal.ai\/lv\/tamilu-gramatikas-vingrinajumi\/\"]}]},{\"@type\":\"ImageObject\",\"inLanguage\":\"lv-LV\",\"@id\":\"https:\/\/talkpal.ai\/lv\/tamilu-gramatikas-vingrinajumi\/#primaryimage\",\"url\":\"https:\/\/talkpal.ai\/wp-content\/uploads\/2023\/05\/Tamil-india.png\",\"contentUrl\":\"https:\/\/talkpal.ai\/wp-content\/uploads\/2023\/05\/Tamil-india.png\",\"width\":512,\"height\":512},{\"@type\":\"BreadcrumbList\",\"@id\":\"https:\/\/talkpal.ai\/lv\/tamilu-gramatikas-vingrinajumi\/#breadcrumb\",\"itemListElement\":[{\"@type\":\"ListItem\",\"position\":1,\"name\":\"Homepage\",\"item\":\"https:\/\/talkpal.ai\/lv\/\"},{\"@type\":\"ListItem\",\"position\":2,\"name\":\"Tamilu gramatikas vingrin\u0101jumi\"}]},{\"@type\":\"WebSite\",\"@id\":\"https:\/\/talkpal.ai\/lv\/#website\",\"url\":\"https:\/\/talkpal.ai\/lv\/\",\"name\":\"Talkpal\",\"description\":\"AI Language Learning\",\"publisher\":{\"@id\":\"https:\/\/talkpal.ai\/lv\/#organization\"},\"alternateName\":\"Talkpal AI\",\"potentialAction\":[{\"@type\":\"SearchAction\",\"target\":{\"@type\":\"EntryPoint\",\"urlTemplate\":\"https:\/\/talkpal.ai\/lv\/?s={search_term_string}\"},\"query-input\":{\"@type\":\"PropertyValueSpecification\",\"valueRequired\":true,\"valueName\":\"search_term_string\"}}],\"inLanguage\":\"lv-LV\"},{\"@type\":\"Organization\",\"@id\":\"https:\/\/talkpal.ai\/lv\/#organization\",\"name\":\"Talkpal, Inc.\",\"alternateName\":\"Talkpal AI\",\"url\":\"https:\/\/talkpal.ai\/lv\/\",\"logo\":{\"@type\":\"ImageObject\",\"inLanguage\":\"lv-LV\",\"@id\":\"https:\/\/talkpal.ai\/lv\/#\/schema\/logo\/image\/\",\"url\":\"https:\/\/talkpal.ai\/wp-content\/uploads\/2024\/03\/Talkpal-Logo-Icon.png\",\"contentUrl\":\"https:\/\/talkpal.ai\/wp-content\/uploads\/2024\/03\/Talkpal-Logo-Icon.png\",\"width\":2880,\"height\":2880,\"caption\":\"Talkpal, Inc.\"},\"image\":{\"@id\":\"https:\/\/talkpal.ai\/lv\/#\/schema\/logo\/image\/\"},\"sameAs\":[\"https:\/\/www.facebook.com\/profile.php?id=100090733639311\",\"https:\/\/x.com\/talkpalai\",\"https:\/\/www.linkedin.com\/company\/talkpal\/\",\"https:\/\/www.youtube.com\/@TalkPal\/\",\"https:\/\/www.tiktok.com\/@talkpal\",\"https:\/\/www.instagram.com\/talkpal_ai\/\",\"https:\/\/www.crunchbase.com\/organization\/talkpal-9cde\",\"https:\/\/www.g2.com\/products\/talkpal-for-business\/\",\"https:\/\/www.trustpilot.com\/review\/talkpal.ai\",\"https:\/\/www.capterra.com\/p\/10006800\/TalkPal\/\"],\"description\":\"Talkpal is a language learning web and mobile education app, powered by the latest AI technologies, that provides engaging experiences to its customers in many different languages to help them improve their language skills. Users can chat about unlimited amount of topics with the app and use other modes to practice their language learning.\",\"email\":\"support@talkpal.ai\",\"legalName\":\"Talkpal, Inc.\",\"foundingDate\":\"2023-04-03\",\"duns\":\"118989042\",\"numberOfEmployees\":{\"@type\":\"QuantitativeValue\",\"minValue\":\"11\",\"maxValue\":\"50\"},\"publishingPrinciples\":\"https:\/\/talkpal.ai\/publishing-principles\/\",\"actionableFeedbackPolicy\":\"https:\/\/talkpal.ai\/actionable-feedback-policy\/\",\"correctionsPolicy\":\"https:\/\/talkpal.ai\/corrections-policy\/\",\"ethicsPolicy\":\"https:\/\/talkpal.ai\/ethics-policy\/\",\"diversityPolicy\":\"https:\/\/talkpal.ai\/diversity-policy\/\",\"diversityStaffingReport\":\"https:\/\/talkpal.ai\/diversity-policy\/\"}]}<\/script>\n<!-- \/ Yoast SEO Premium plugin. -->","yoast_head_json":{"title":"Tamilu gramatikas vingrin\u0101jumi - Talkpal","description":"Izp\u0113tiet efekt\u012bvus tamilu valodas gramatikas vingrin\u0101jumus, lai uzlabotu savas valodas prasmes un veicin\u0101tu izpratni.","robots":{"index":"index","follow":"follow","max-snippet":"max-snippet:-1","max-image-preview":"max-image-preview:large","max-video-preview":"max-video-preview:-1"},"canonical":"https:\/\/talkpal.ai\/lv\/tamilu-gramatikas-vingrinajumi\/","og_locale":"lv_LV","og_type":"article","og_title":"Tamilu gramatikas vingrin\u0101jumi","og_description":"Tamilu gramatikas t\u0113mas Tamilu valoda ir dinamiska un bag\u0101ta valoda, kur\u0101 run\u0101 galvenok\u0101rt Dienvidindij\u0101 un \u0160rilank\u0101. Tas ir paz\u012bstams ar savu unik\u0101lo","og_url":"https:\/\/talkpal.ai\/lv\/tamilu-gramatikas-vingrinajumi\/","og_site_name":"Talkpal","article_publisher":"https:\/\/www.facebook.com\/profile.php?id=100090733639311","article_modified_time":"2025-12-17T14:44:46+00:00","og_image":[{"width":512,"height":512,"url":"https:\/\/talkpal.ai\/wp-content\/uploads\/2023\/05\/Tamil-india.png","type":"image\/png"}],"twitter_card":"summary_large_image","twitter_site":"@talkpalai","twitter_misc":{"Est. reading time":"3 minutes"},"schema":{"@context":"https:\/\/schema.org","@graph":[{"@type":"WebPage","@id":"https:\/\/talkpal.ai\/lv\/tamilu-gramatikas-vingrinajumi\/","url":"https:\/\/talkpal.ai\/lv\/tamilu-gramatikas-vingrinajumi\/","name":"Tamilu gramatikas vingrin\u0101jumi - Talkpal","isPartOf":{"@id":"https:\/\/talkpal.ai\/lv\/#website"},"primaryImageOfPage":{"@id":"https:\/\/talkpal.ai\/lv\/tamilu-gramatikas-vingrinajumi\/#primaryimage"},"image":{"@id":"https:\/\/talkpal.ai\/lv\/tamilu-gramatikas-vingrinajumi\/#primaryimage"},"thumbnailUrl":"https:\/\/talkpal.ai\/wp-content\/uploads\/2023\/05\/Tamil-india.png","datePublished":"2023-07-05T10:17:13+00:00","dateModified":"2025-12-17T14:44:46+00:00","description":"Izp\u0113tiet efekt\u012bvus tamilu valodas gramatikas vingrin\u0101jumus, lai uzlabotu savas valodas prasmes un veicin\u0101tu izpratni.","breadcrumb":{"@id":"https:\/\/talkpal.ai\/lv\/tamilu-gramatikas-vingrinajumi\/#breadcrumb"},"inLanguage":"lv-LV","potentialAction":[{"@type":"ReadAction","target":["https:\/\/talkpal.ai\/lv\/tamilu-gramatikas-vingrinajumi\/"]}]},{"@type":"ImageObject","inLanguage":"lv-LV","@id":"https:\/\/talkpal.ai\/lv\/tamilu-gramatikas-vingrinajumi\/#primaryimage","url":"https:\/\/talkpal.ai\/wp-content\/uploads\/2023\/05\/Tamil-india.png","contentUrl":"https:\/\/talkpal.ai\/wp-content\/uploads\/2023\/05\/Tamil-india.png","width":512,"height":512},{"@type":"BreadcrumbList","@id":"https:\/\/talkpal.ai\/lv\/tamilu-gramatikas-vingrinajumi\/#breadcrumb","itemListElement":[{"@type":"ListItem","position":1,"name":"Homepage","item":"https:\/\/talkpal.ai\/lv\/"},{"@type":"ListItem","position":2,"name":"Tamilu gramatikas vingrin\u0101jumi"}]},{"@type":"WebSite","@id":"https:\/\/talkpal.ai\/lv\/#website","url":"https:\/\/talkpal.ai\/lv\/","name":"Talkpal","description":"AI Language Learning","publisher":{"@id":"https:\/\/talkpal.ai\/lv\/#organization"},"alternateName":"Talkpal AI","potentialAction":[{"@type":"SearchAction","target":{"@type":"EntryPoint","urlTemplate":"https:\/\/talkpal.ai\/lv\/?s={search_term_string}"},"query-input":{"@type":"PropertyValueSpecification","valueRequired":true,"valueName":"search_term_string"}}],"inLanguage":"lv-LV"},{"@type":"Organization","@id":"https:\/\/talkpal.ai\/lv\/#organization","name":"Talkpal, Inc.","alternateName":"Talkpal AI","url":"https:\/\/talkpal.ai\/lv\/","logo":{"@type":"ImageObject","inLanguage":"lv-LV","@id":"https:\/\/talkpal.ai\/lv\/#\/schema\/logo\/image\/","url":"https:\/\/talkpal.ai\/wp-content\/uploads\/2024\/03\/Talkpal-Logo-Icon.png","contentUrl":"https:\/\/talkpal.ai\/wp-content\/uploads\/2024\/03\/Talkpal-Logo-Icon.png","width":2880,"height":2880,"caption":"Talkpal, Inc."},"image":{"@id":"https:\/\/talkpal.ai\/lv\/#\/schema\/logo\/image\/"},"sameAs":["https:\/\/www.facebook.com\/profile.php?id=100090733639311","https:\/\/x.com\/talkpalai","https:\/\/www.linkedin.com\/company\/talkpal\/","https:\/\/www.youtube.com\/@TalkPal\/","https:\/\/www.tiktok.com\/@talkpal","https:\/\/www.instagram.com\/talkpal_ai\/","https:\/\/www.crunchbase.com\/organization\/talkpal-9cde","https:\/\/www.g2.com\/products\/talkpal-for-business\/","https:\/\/www.trustpilot.com\/review\/talkpal.ai","https:\/\/www.capterra.com\/p\/10006800\/TalkPal\/"],"description":"Talkpal is a language learning web and mobile education app, powered by the latest AI technologies, that provides engaging experiences to its customers in many different languages to help them improve their language skills. Users can chat about unlimited amount of topics with the app and use other modes to practice their language learning.","email":"support@talkpal.ai","legalName":"Talkpal, Inc.","foundingDate":"2023-04-03","duns":"118989042","numberOfEmployees":{"@type":"QuantitativeValue","minValue":"11","maxValue":"50"},"publishingPrinciples":"https:\/\/talkpal.ai\/publishing-principles\/","actionableFeedbackPolicy":"https:\/\/talkpal.ai\/actionable-feedback-policy\/","correctionsPolicy":"https:\/\/talkpal.ai\/corrections-policy\/","ethicsPolicy":"https:\/\/talkpal.ai\/ethics-policy\/","diversityPolicy":"https:\/\/talkpal.ai\/diversity-policy\/","diversityStaffingReport":"https:\/\/talkpal.ai\/diversity-policy\/"}]}},"_links":{"self":[{"href":"https:\/\/talkpal.ai\/lv\/wp-json\/wp\/v2\/pages\/156095","targetHints":{"allow":["GET"]}}],"collection":[{"href":"https:\/\/talkpal.ai\/lv\/wp-json\/wp\/v2\/pages"}],"about":[{"href":"https:\/\/talkpal.ai\/lv\/wp-json\/wp\/v2\/types\/page"}],"author":[{"embeddable":true,"href":"https:\/\/talkpal.ai\/lv\/wp-json\/wp\/v2\/users\/6"}],"replies":[{"embeddable":true,"href":"https:\/\/talkpal.ai\/lv\/wp-json\/wp\/v2\/comments?post=156095"}],"version-history":[{"count":0,"href":"https:\/\/talkpal.ai\/lv\/wp-json\/wp\/v2\/pages\/156095\/revisions"}],"wp:featuredmedia":[{"embeddable":true,"href":"https:\/\/talkpal.ai\/lv\/wp-json\/wp\/v2\/media\/120257"}],"wp:attachment":[{"href":"https:\/\/talkpal.ai\/lv\/wp-json\/wp\/v2\/media?parent=156095"}],"curies":[{"name":"wp","href":"https:\/\/api.w.org\/{rel}","templated":true}]}}