{"id":155825,"date":"2023-07-05T10:24:06","date_gmt":"2023-07-05T10:24:06","guid":{"rendered":"http:\/\/talkpal.ai\/taizemes-gramatikas-vingrinajumi\/"},"modified":"2025-12-17T15:04:01","modified_gmt":"2025-12-17T15:04:01","slug":"taizemes-gramatikas-vingrinajumi","status":"publish","type":"page","link":"https:\/\/talkpal.ai\/lv\/taizemes-gramatikas-vingrinajumi\/","title":{"rendered":"Taizemes gramatikas vingrin\u0101jumi"},"content":{"rendered":"\r\n\r\n\r\n<section class=\"languageChallengeSection\">\r\n    <div class=\"languageInfoWrapper\">\r\n        \r\n        <h1>Taizemes gramatikas vingrin\u0101jumi<\/h1>\r\n        <p>Vai esat gatavi padar\u012bt <a href=\"https:\/\/talkpal.ai\/learn-thai\/\">taju<\/a> <a href=\"https:\/\/talkpal.ai\/what-language-is-spoken-on-the-international-space-station\/\">valodas<\/a> apguvi jautru un praktisku? M\u016bsu interakt\u012bvie vingrin\u0101jumi ir izstr\u0101d\u0101ti, lai pal\u012bdz\u0113tu jums apg\u016bt Taizemes gramatikas pamatus, vairot p\u0101rliec\u012bbu un s\u0101kt veidot re\u0101lus teikumus. Iesaistieties, praktiz\u0113jiet tik daudz, cik v\u0113laties, un v\u0113rojiet, k\u0101 aug j\u016bsu taizemie\u0161u valodas prasmes &#8211; s\u0101ksim m\u0101c\u012bties!<\/p>\r\n\r\n                            <a class=\"getStartedHidden\" href=\"https:\/\/app.talkpal.ai\/lv\/signup?lng=\">S\u0101c<\/a>\r\n        \r\n    <\/div>\r\n\r\n    <figure>\r\n    <img decoding=\"async\" width=\"768\" height=\"768\" src=\"https:\/\/talkpal.ai\/wp-content\/uploads\/2023\/06\/thai-768x768.png\" class=\"languageImage no-lazy\" alt=\"Language learning for improved thought process\" fetchpriority=\"high\" sizes=\"(max-width: 768px) 150px, 768px\" srcset=\"https:\/\/talkpal.ai\/wp-content\/uploads\/2023\/06\/thai-768x768.png 768w, https:\/\/talkpal.ai\/wp-content\/uploads\/2023\/06\/thai-300x300.png 300w\" \/>\r\n    \r\n\r\n    <\/figure>\r\n\r\n            <a class=\"getStartedVisible\" href=\"https:\/\/app.talkpal.ai\/lv\/signup?lng=\">S\u0101c<\/a>\r\n    \r\n<\/section>\r\n\r\n\r\n<!-- <section class=\"grammarSection\">\r\n    <div class=\"grammarLinks\">\r\n            <\/div>\r\n<\/section> -->\r\n\r\n\r\n\r\n\r\n<section class=\"promotionalBanner\">\r\n    <p class=\"promotionalText\">Visefekt\u012bv\u0101kais veids, k\u0101 apg\u016bt valodu<\/p>\r\n    <a class=\"promotionalLink\" href=\"https:\/\/app.talkpal.ai\/lv\/signup?lng=\">Izm\u0113\u0123iniet Talkpal bez maksas<\/a>\r\n<\/section>\n<div class=\"wp-block-group pageContainerStyle\"><div class=\"wp-block-group__inner-container is-layout-constrained wp-block-group-is-layout-constrained\">\n<h2 class=\"wp-block-heading\" id=\"h-thai-grammar-topics\">Taizemes gramatikas t\u0113mas<\/h2>\n\n\n\n<p>Taizemes valodas apguve var b\u016bt aizraujo\u0161s ce\u013cojums. Tom\u0113r ir svar\u012bgi saprast taju gramatiku, lai piln\u012bb\u0101 izprastu valodu un k\u013c\u016btu teko\u0161s. \u0160aj\u0101 sarakst\u0101 ir sniegta taju valodas gramatikas t\u0113mu sec\u012bba, kas j\u0101\u0146em v\u0113r\u0101, apg\u016bstot valodu. \u0160is saraksts s\u0101kas ar pamatt\u0113m\u0101m un virz\u0101s uz sare\u017e\u0123\u012bt\u0101kiem priek\u0161metiem.<\/p>\n\n\n\n<h3 class=\"wp-block-heading\" id=\"h-1-nouns\">1. Lietv\u0101rdi:<\/h3>\n\n\n\n<p>S\u0101ciet ar taizemie\u0161u lietv\u0101rdu apguvi, jo tie ir valodas pamatelementi. Iepaz\u012bstieties ar parastajiem lietv\u0101rdiem un to modifikatoriem, jo taju lietv\u0101rdi nemaina formas, lai nor\u0101d\u012btu numuru vai dzimumu.<\/p>\n\n\n\n<h3 class=\"wp-block-heading\" id=\"h-2-pronouns-determiners\">2. Vietniekv\u0101rdi\/noteic\u0113ji:<\/h3>\n\n\n\n<p>P\u0113c lietv\u0101rdu apg\u016b\u0161anas novirziet uzman\u012bbu uz vietniekv\u0101rdiem un noteic\u0113jiem. Taizemie\u0161u vietniekv\u0101rdi bie\u017ei tiek atmesti sarun\u0101, bet to izpratne ir b\u016btiska form\u0101lajai taju valodai.<\/p>\n\n\n\n<h3 class=\"wp-block-heading\" id=\"h-3-verbs\">3. Darb\u012bbas v\u0101rdi:<\/h3>\n\n\n\n<p>Darb\u012bbas v\u0101rdi taju valod\u0101 ir neinflekt\u0113ti, kas noz\u012bm\u0113, ka tie nemain\u0101s, lai nor\u0101d\u012btu uz sasprindzin\u0101jumu, skaitu vai personu. Tas padara tos sal\u012bdzino\u0161i viegli apg\u016bstamus p\u0113c lietv\u0101rdu un vietniekv\u0101rdu izpratnes.<\/p>\n\n\n\n<h3 class=\"wp-block-heading\" id=\"h-4-adjectives\">4. \u012apa\u0161\u012bbas v\u0101rdi:<\/h3>\n\n\n\n<p>Taju \u012bpa\u0161\u012bbas v\u0101rdi n\u0101k p\u0113c lietv\u0101rdiem, kurus tie p\u0101rveido, at\u0161\u0137ir\u012bb\u0101 no <a href=\"https:\/\/talkpal.ai\/learn-english-with-ai\/\">ang\u013cu<\/a> valodas. \u012apa\u0161\u012bbas v\u0101rdu apguve pal\u012bdz\u0113s prec\u012bz\u0101k aprakst\u012bt objektus, cilv\u0113kus un situ\u0101cijas.<\/p>\n\n\n\n<h3 class=\"wp-block-heading\" id=\"h-5-prepositions\">5. Priev\u0101rdi:<\/h3>\n\n\n\n<p>Priev\u0101rdi taju valod\u0101 bie\u017ei n\u0101k pirms lietv\u0101rda vai vietniekv\u0101rda, lai nor\u0101d\u012btu virzienu, atra\u0161an\u0101s vietu, laiku vai metodi.<\/p>\n\n\n\n<h3 class=\"wp-block-heading\" id=\"h-6-adverbs\">6. Adverbi:<\/h3>\n\n\n\n<p>Apg\u016bstiet taju valodas adverbus, lai modific\u0113tu darb\u012bbas v\u0101rdus, \u012bpa\u0161\u012bbas v\u0101rdus vai citus adverbus. Tie var sniegt s\u012bk\u0101ku inform\u0101ciju par darb\u012bb\u0101m vai situ\u0101cij\u0101m.<\/p>\n\n\n\n<h3 class=\"wp-block-heading\" id=\"h-7-sentences\">7. Teikumi:<\/h3>\n\n\n\n<p>Kad esat apguvis pamatus, varat s\u0101kt veidot teikumus taju valod\u0101. Izpratne par teikuma strukt\u016bru ir b\u016btiska, lai pareizi nodotu savas domas.<\/p>\n\n\n\n<h3 class=\"wp-block-heading\" id=\"h-8-conditionals\">8. Nosac\u012bjumi:<\/h3>\n\n\n\n<p>Taizemes nosac\u012bjumi izsaka hipot\u0113tiskas situ\u0101cijas un to sekas. Tie ir progres\u012bv\u0101ki, bet nepiecie\u0161ami sare\u017e\u0123\u012bt\u0101m sarun\u0101m.<\/p>\n\n\n\n<h3 class=\"wp-block-heading\" id=\"h-9-tenses\">9. Sasprindzin\u0101jums:<\/h3>\n\n\n\n<p>Taju valoda neizmanto laikus t\u0101pat k\u0101 ang\u013cu valoda. Tom\u0113r ir fr\u0101zes un v\u0101rdi, kas var nor\u0101d\u012bt uz pag\u0101tni, tagadni vai n\u0101kotni.<\/p>\n\n\n\n<h3 class=\"wp-block-heading\" id=\"h-10-tense-comparison\">10. Saspringts sal\u012bdzin\u0101jums:<\/h3>\n\n\n\n<p>\u0160\u012b ir uzlabota t\u0113ma, kur\u0101 j\u016bs sal\u012bdzin\u0101t da\u017e\u0101dus laikus. Tas pal\u012bdz\u0113s jums saprast smalkas at\u0161\u0137ir\u012bbas laika izteiksm\u0113s.<\/p>\n\n\n\n<h3 class=\"wp-block-heading\" id=\"h-11-progressive\">11. Progres\u012bvs:<\/h3>\n\n\n\n<p>\u0160\u012b t\u0113ma ietver notieko\u0161o darb\u012bbu izteik\u0161anu. Tas ir progres\u012bv\u0101ks, bet pal\u012bdz\u0113s jums teko\u0161\u0101k run\u0101t taju valod\u0101.<\/p>\n\n\n\n<h3 class=\"wp-block-heading\" id=\"h-12-perfect-progressive\">12. Ide\u0101ls progres\u012bvs:<\/h3>\n\n\n\n<p>Ide\u0101ls progres\u012bvs sasprindzin\u0101jums ir sare\u017e\u0123\u012bts taju gramatikas aspekts. To izmanto, lai aprakst\u012btu darb\u012bbas, kas ir notiku\u0161as l\u012bdz noteiktam br\u012bdim.<\/p>\n\n\n\n<h3 class=\"wp-block-heading\" id=\"h-13-articles\">13. Raksti:<\/h3>\n\n\n\n<p>Taizemes valodai nav noteiktu vai nenoteiktu rakstu, piem\u0113ram, ang\u013cu valodas. Tom\u0113r ir ar\u012b citi veidi, k\u0101 nor\u0101d\u012bt vai visp\u0101rin\u0101t lietv\u0101rdus, kurus varat iem\u0101c\u012bties augst\u0101k\u0101 posm\u0101.<\/p>\n<\/div><\/div>\n\r\n<section class=\"learnNavigationSection\">\r\n            \r\n        <a href=\"https:\/\/talkpal.ai\/lv\/uzziniet-taju-valodu\/\">\r\n            <div class=\"learnNavigationWrapper\">\r\n                <div class=\"learnNavigationContent\">\r\n                    <img decoding=\"async\" src=\"https:\/\/talkpal.ai\/wp-content\/uploads\/2024\/08\/Thai.jpg\" alt=\"Thai Flag\">\r\n                    <div>\r\n                        <h4>Par Taizemes m\u0101c\u012bbu<\/h4>\r\n                        <p>Uzziniet visu par taju gramatiku.<\/p>\r\n                    <\/div>\r\n                <\/div>\r\n            <\/div>\r\n        <\/a>\r\n\r\n        \r\n        <a href=\"https:\/\/talkpal.ai\/lv\/taizemes-gramatika\/\">\r\n            <div class=\"learnNavigationWrapper\">\r\n                <div class=\"learnNavigationContent\">\r\n                    <img decoding=\"async\" src=\"https:\/\/talkpal.ai\/wp-content\/uploads\/2024\/08\/Thai.jpg\" alt=\"Thai Flag\">\r\n                    <div>\r\n                        <h4>Taizemes gramatikas stundas<\/h4>\r\n                        <p>Praktiz\u0113jiet taju gramatiku.<\/p>\r\n                    <\/div>\r\n                <\/div>\r\n            <\/div>\r\n        <\/a>\r\n\r\n        \r\n        <a href=\"https:\/\/talkpal.ai\/vocabulary_language\/thai\/\">\r\n            <div class=\"learnNavigationWrapper\">\r\n                <div class=\"learnNavigationContent\">\r\n                    <img decoding=\"async\" src=\"https:\/\/talkpal.ai\/wp-content\/uploads\/2024\/08\/Thai.jpg\" alt=\"Thai Flag\">\r\n                    <div>\r\n                        <h4>Taizemes v\u0101rdn\u012bca<\/h4>\r\n                        <p>Papla\u0161ini savu taju valodas v\u0101rdu kr\u0101jumu.<\/p>\r\n                    <\/div>\r\n                <\/div>\r\n            <\/div>\r\n        <\/a>\r\n\r\n            <\/section>","protected":false},"excerpt":{"rendered":"<p>Taizemes gramatikas t\u0113mas Taizemes valodas apguve var b\u016bt aizraujo\u0161s ce\u013cojums. Tom\u0113r ir svar\u012bgi saprast taju gramatiku, lai piln\u012bb\u0101 izprastu valodu un k\u013c\u016btu teko\u0161s. \u0160aj\u0101 sarakst\u0101 ir sniegta taju valodas gramatikas t\u0113mu sec\u012bba, kas j\u0101\u0146em v\u0113r\u0101, apg\u016bstot valodu. \u0160is saraksts s\u0101kas ar pamatt\u0113m\u0101m un virz\u0101s uz sare\u017e\u0123\u012bt\u0101kiem priek\u0161metiem. 1. Lietv\u0101rdi: S\u0101ciet ar taizemie\u0161u lietv\u0101rdu apguvi, jo [&hellip;]<\/p>\n","protected":false},"author":6,"featured_media":120734,"parent":0,"menu_order":0,"comment_status":"closed","ping_status":"closed","template":"LearningContentPage.php","meta":{"_acf_changed":false,"footnotes":""},"class_list":["post-155825","page","type-page","status-publish","has-post-thumbnail","hentry"],"acf":[],"yoast_head":"<!-- This site is optimized with the Yoast SEO Premium plugin v27.2 (Yoast SEO v27.2) - https:\/\/yoast.com\/product\/yoast-seo-premium-wordpress\/ -->\n<title>Taizemes gramatikas vingrin\u0101jumi - Talkpal<\/title>\n<meta name=\"description\" content=\"Uzlabojiet savas taju valodas prasmes ar m\u016bsu taju valodas gramatikas vingrin\u0101jumiem un s\u0101ciet apg\u016bt valodas pamatelementus.\" \/>\n<meta name=\"robots\" content=\"index, follow, max-snippet:-1, max-image-preview:large, max-video-preview:-1\" \/>\n<link rel=\"canonical\" href=\"https:\/\/talkpal.ai\/lv\/taizemes-gramatikas-vingrinajumi\/\" \/>\n<meta property=\"og:locale\" content=\"lv_LV\" \/>\n<meta property=\"og:type\" content=\"article\" \/>\n<meta property=\"og:title\" content=\"Taizemes gramatikas vingrin\u0101jumi\" \/>\n<meta property=\"og:description\" content=\"Taizemes gramatikas t\u0113mas Taizemes valodas apguve var b\u016bt aizraujo\u0161s ce\u013cojums. Tom\u0113r ir svar\u012bgi saprast taju gramatiku, lai piln\u012bb\u0101 izprastu valodu un\" \/>\n<meta property=\"og:url\" content=\"https:\/\/talkpal.ai\/lv\/taizemes-gramatikas-vingrinajumi\/\" \/>\n<meta property=\"og:site_name\" content=\"Talkpal\" \/>\n<meta property=\"article:publisher\" content=\"https:\/\/www.facebook.com\/profile.php?id=100090733639311\" \/>\n<meta property=\"article:modified_time\" content=\"2025-12-17T15:04:01+00:00\" \/>\n<meta property=\"og:image\" content=\"https:\/\/talkpal.ai\/wp-content\/uploads\/2023\/05\/thailand.png\" \/>\n\t<meta property=\"og:image:width\" content=\"512\" \/>\n\t<meta property=\"og:image:height\" content=\"512\" \/>\n\t<meta property=\"og:image:type\" content=\"image\/png\" \/>\n<meta name=\"twitter:card\" content=\"summary_large_image\" \/>\n<meta name=\"twitter:site\" content=\"@talkpalai\" \/>\n<meta name=\"twitter:label1\" content=\"Est. reading time\" \/>\n\t<meta name=\"twitter:data1\" content=\"3 minutes\" \/>\n<script type=\"application\/ld+json\" class=\"yoast-schema-graph\">{\"@context\":\"https:\/\/schema.org\",\"@graph\":[{\"@type\":\"WebPage\",\"@id\":\"https:\/\/talkpal.ai\/lv\/taizemes-gramatikas-vingrinajumi\/\",\"url\":\"https:\/\/talkpal.ai\/lv\/taizemes-gramatikas-vingrinajumi\/\",\"name\":\"Taizemes gramatikas vingrin\u0101jumi - Talkpal\",\"isPartOf\":{\"@id\":\"https:\/\/talkpal.ai\/lv\/#website\"},\"primaryImageOfPage\":{\"@id\":\"https:\/\/talkpal.ai\/lv\/taizemes-gramatikas-vingrinajumi\/#primaryimage\"},\"image\":{\"@id\":\"https:\/\/talkpal.ai\/lv\/taizemes-gramatikas-vingrinajumi\/#primaryimage\"},\"thumbnailUrl\":\"https:\/\/talkpal.ai\/wp-content\/uploads\/2023\/05\/thailand.png\",\"datePublished\":\"2023-07-05T10:24:06+00:00\",\"dateModified\":\"2025-12-17T15:04:01+00:00\",\"description\":\"Uzlabojiet savas taju valodas prasmes ar m\u016bsu taju valodas gramatikas vingrin\u0101jumiem un s\u0101ciet apg\u016bt valodas pamatelementus.\",\"breadcrumb\":{\"@id\":\"https:\/\/talkpal.ai\/lv\/taizemes-gramatikas-vingrinajumi\/#breadcrumb\"},\"inLanguage\":\"lv-LV\",\"potentialAction\":[{\"@type\":\"ReadAction\",\"target\":[\"https:\/\/talkpal.ai\/lv\/taizemes-gramatikas-vingrinajumi\/\"]}]},{\"@type\":\"ImageObject\",\"inLanguage\":\"lv-LV\",\"@id\":\"https:\/\/talkpal.ai\/lv\/taizemes-gramatikas-vingrinajumi\/#primaryimage\",\"url\":\"https:\/\/talkpal.ai\/wp-content\/uploads\/2023\/05\/thailand.png\",\"contentUrl\":\"https:\/\/talkpal.ai\/wp-content\/uploads\/2023\/05\/thailand.png\",\"width\":512,\"height\":512},{\"@type\":\"BreadcrumbList\",\"@id\":\"https:\/\/talkpal.ai\/lv\/taizemes-gramatikas-vingrinajumi\/#breadcrumb\",\"itemListElement\":[{\"@type\":\"ListItem\",\"position\":1,\"name\":\"Homepage\",\"item\":\"https:\/\/talkpal.ai\/lv\/\"},{\"@type\":\"ListItem\",\"position\":2,\"name\":\"Taizemes gramatikas vingrin\u0101jumi\"}]},{\"@type\":\"WebSite\",\"@id\":\"https:\/\/talkpal.ai\/lv\/#website\",\"url\":\"https:\/\/talkpal.ai\/lv\/\",\"name\":\"Talkpal\",\"description\":\"AI Language Learning\",\"publisher\":{\"@id\":\"https:\/\/talkpal.ai\/lv\/#organization\"},\"alternateName\":\"Talkpal AI\",\"potentialAction\":[{\"@type\":\"SearchAction\",\"target\":{\"@type\":\"EntryPoint\",\"urlTemplate\":\"https:\/\/talkpal.ai\/lv\/?s={search_term_string}\"},\"query-input\":{\"@type\":\"PropertyValueSpecification\",\"valueRequired\":true,\"valueName\":\"search_term_string\"}}],\"inLanguage\":\"lv-LV\"},{\"@type\":\"Organization\",\"@id\":\"https:\/\/talkpal.ai\/lv\/#organization\",\"name\":\"Talkpal, Inc.\",\"alternateName\":\"Talkpal AI\",\"url\":\"https:\/\/talkpal.ai\/lv\/\",\"logo\":{\"@type\":\"ImageObject\",\"inLanguage\":\"lv-LV\",\"@id\":\"https:\/\/talkpal.ai\/lv\/#\/schema\/logo\/image\/\",\"url\":\"https:\/\/talkpal.ai\/wp-content\/uploads\/2024\/03\/Talkpal-Logo-Icon.png\",\"contentUrl\":\"https:\/\/talkpal.ai\/wp-content\/uploads\/2024\/03\/Talkpal-Logo-Icon.png\",\"width\":2880,\"height\":2880,\"caption\":\"Talkpal, Inc.\"},\"image\":{\"@id\":\"https:\/\/talkpal.ai\/lv\/#\/schema\/logo\/image\/\"},\"sameAs\":[\"https:\/\/www.facebook.com\/profile.php?id=100090733639311\",\"https:\/\/x.com\/talkpalai\",\"https:\/\/www.linkedin.com\/company\/talkpal\/\",\"https:\/\/www.youtube.com\/@TalkPal\/\",\"https:\/\/www.tiktok.com\/@talkpal\",\"https:\/\/www.instagram.com\/talkpal_ai\/\",\"https:\/\/www.crunchbase.com\/organization\/talkpal-9cde\",\"https:\/\/www.g2.com\/products\/talkpal-for-business\/\",\"https:\/\/www.trustpilot.com\/review\/talkpal.ai\",\"https:\/\/www.capterra.com\/p\/10006800\/TalkPal\/\"],\"description\":\"Talkpal is a language learning web and mobile education app, powered by the latest AI technologies, that provides engaging experiences to its customers in many different languages to help them improve their language skills. Users can chat about unlimited amount of topics with the app and use other modes to practice their language learning.\",\"email\":\"support@talkpal.ai\",\"legalName\":\"Talkpal, Inc.\",\"foundingDate\":\"2023-04-03\",\"duns\":\"118989042\",\"numberOfEmployees\":{\"@type\":\"QuantitativeValue\",\"minValue\":\"11\",\"maxValue\":\"50\"},\"publishingPrinciples\":\"https:\/\/talkpal.ai\/publishing-principles\/\",\"actionableFeedbackPolicy\":\"https:\/\/talkpal.ai\/actionable-feedback-policy\/\",\"correctionsPolicy\":\"https:\/\/talkpal.ai\/corrections-policy\/\",\"ethicsPolicy\":\"https:\/\/talkpal.ai\/ethics-policy\/\",\"diversityPolicy\":\"https:\/\/talkpal.ai\/diversity-policy\/\",\"diversityStaffingReport\":\"https:\/\/talkpal.ai\/diversity-policy\/\"}]}<\/script>\n<!-- \/ Yoast SEO Premium plugin. -->","yoast_head_json":{"title":"Taizemes gramatikas vingrin\u0101jumi - Talkpal","description":"Uzlabojiet savas taju valodas prasmes ar m\u016bsu taju valodas gramatikas vingrin\u0101jumiem un s\u0101ciet apg\u016bt valodas pamatelementus.","robots":{"index":"index","follow":"follow","max-snippet":"max-snippet:-1","max-image-preview":"max-image-preview:large","max-video-preview":"max-video-preview:-1"},"canonical":"https:\/\/talkpal.ai\/lv\/taizemes-gramatikas-vingrinajumi\/","og_locale":"lv_LV","og_type":"article","og_title":"Taizemes gramatikas vingrin\u0101jumi","og_description":"Taizemes gramatikas t\u0113mas Taizemes valodas apguve var b\u016bt aizraujo\u0161s ce\u013cojums. Tom\u0113r ir svar\u012bgi saprast taju gramatiku, lai piln\u012bb\u0101 izprastu valodu un","og_url":"https:\/\/talkpal.ai\/lv\/taizemes-gramatikas-vingrinajumi\/","og_site_name":"Talkpal","article_publisher":"https:\/\/www.facebook.com\/profile.php?id=100090733639311","article_modified_time":"2025-12-17T15:04:01+00:00","og_image":[{"width":512,"height":512,"url":"https:\/\/talkpal.ai\/wp-content\/uploads\/2023\/05\/thailand.png","type":"image\/png"}],"twitter_card":"summary_large_image","twitter_site":"@talkpalai","twitter_misc":{"Est. reading time":"3 minutes"},"schema":{"@context":"https:\/\/schema.org","@graph":[{"@type":"WebPage","@id":"https:\/\/talkpal.ai\/lv\/taizemes-gramatikas-vingrinajumi\/","url":"https:\/\/talkpal.ai\/lv\/taizemes-gramatikas-vingrinajumi\/","name":"Taizemes gramatikas vingrin\u0101jumi - Talkpal","isPartOf":{"@id":"https:\/\/talkpal.ai\/lv\/#website"},"primaryImageOfPage":{"@id":"https:\/\/talkpal.ai\/lv\/taizemes-gramatikas-vingrinajumi\/#primaryimage"},"image":{"@id":"https:\/\/talkpal.ai\/lv\/taizemes-gramatikas-vingrinajumi\/#primaryimage"},"thumbnailUrl":"https:\/\/talkpal.ai\/wp-content\/uploads\/2023\/05\/thailand.png","datePublished":"2023-07-05T10:24:06+00:00","dateModified":"2025-12-17T15:04:01+00:00","description":"Uzlabojiet savas taju valodas prasmes ar m\u016bsu taju valodas gramatikas vingrin\u0101jumiem un s\u0101ciet apg\u016bt valodas pamatelementus.","breadcrumb":{"@id":"https:\/\/talkpal.ai\/lv\/taizemes-gramatikas-vingrinajumi\/#breadcrumb"},"inLanguage":"lv-LV","potentialAction":[{"@type":"ReadAction","target":["https:\/\/talkpal.ai\/lv\/taizemes-gramatikas-vingrinajumi\/"]}]},{"@type":"ImageObject","inLanguage":"lv-LV","@id":"https:\/\/talkpal.ai\/lv\/taizemes-gramatikas-vingrinajumi\/#primaryimage","url":"https:\/\/talkpal.ai\/wp-content\/uploads\/2023\/05\/thailand.png","contentUrl":"https:\/\/talkpal.ai\/wp-content\/uploads\/2023\/05\/thailand.png","width":512,"height":512},{"@type":"BreadcrumbList","@id":"https:\/\/talkpal.ai\/lv\/taizemes-gramatikas-vingrinajumi\/#breadcrumb","itemListElement":[{"@type":"ListItem","position":1,"name":"Homepage","item":"https:\/\/talkpal.ai\/lv\/"},{"@type":"ListItem","position":2,"name":"Taizemes gramatikas vingrin\u0101jumi"}]},{"@type":"WebSite","@id":"https:\/\/talkpal.ai\/lv\/#website","url":"https:\/\/talkpal.ai\/lv\/","name":"Talkpal","description":"AI Language Learning","publisher":{"@id":"https:\/\/talkpal.ai\/lv\/#organization"},"alternateName":"Talkpal AI","potentialAction":[{"@type":"SearchAction","target":{"@type":"EntryPoint","urlTemplate":"https:\/\/talkpal.ai\/lv\/?s={search_term_string}"},"query-input":{"@type":"PropertyValueSpecification","valueRequired":true,"valueName":"search_term_string"}}],"inLanguage":"lv-LV"},{"@type":"Organization","@id":"https:\/\/talkpal.ai\/lv\/#organization","name":"Talkpal, Inc.","alternateName":"Talkpal AI","url":"https:\/\/talkpal.ai\/lv\/","logo":{"@type":"ImageObject","inLanguage":"lv-LV","@id":"https:\/\/talkpal.ai\/lv\/#\/schema\/logo\/image\/","url":"https:\/\/talkpal.ai\/wp-content\/uploads\/2024\/03\/Talkpal-Logo-Icon.png","contentUrl":"https:\/\/talkpal.ai\/wp-content\/uploads\/2024\/03\/Talkpal-Logo-Icon.png","width":2880,"height":2880,"caption":"Talkpal, Inc."},"image":{"@id":"https:\/\/talkpal.ai\/lv\/#\/schema\/logo\/image\/"},"sameAs":["https:\/\/www.facebook.com\/profile.php?id=100090733639311","https:\/\/x.com\/talkpalai","https:\/\/www.linkedin.com\/company\/talkpal\/","https:\/\/www.youtube.com\/@TalkPal\/","https:\/\/www.tiktok.com\/@talkpal","https:\/\/www.instagram.com\/talkpal_ai\/","https:\/\/www.crunchbase.com\/organization\/talkpal-9cde","https:\/\/www.g2.com\/products\/talkpal-for-business\/","https:\/\/www.trustpilot.com\/review\/talkpal.ai","https:\/\/www.capterra.com\/p\/10006800\/TalkPal\/"],"description":"Talkpal is a language learning web and mobile education app, powered by the latest AI technologies, that provides engaging experiences to its customers in many different languages to help them improve their language skills. Users can chat about unlimited amount of topics with the app and use other modes to practice their language learning.","email":"support@talkpal.ai","legalName":"Talkpal, Inc.","foundingDate":"2023-04-03","duns":"118989042","numberOfEmployees":{"@type":"QuantitativeValue","minValue":"11","maxValue":"50"},"publishingPrinciples":"https:\/\/talkpal.ai\/publishing-principles\/","actionableFeedbackPolicy":"https:\/\/talkpal.ai\/actionable-feedback-policy\/","correctionsPolicy":"https:\/\/talkpal.ai\/corrections-policy\/","ethicsPolicy":"https:\/\/talkpal.ai\/ethics-policy\/","diversityPolicy":"https:\/\/talkpal.ai\/diversity-policy\/","diversityStaffingReport":"https:\/\/talkpal.ai\/diversity-policy\/"}]}},"_links":{"self":[{"href":"https:\/\/talkpal.ai\/lv\/wp-json\/wp\/v2\/pages\/155825","targetHints":{"allow":["GET"]}}],"collection":[{"href":"https:\/\/talkpal.ai\/lv\/wp-json\/wp\/v2\/pages"}],"about":[{"href":"https:\/\/talkpal.ai\/lv\/wp-json\/wp\/v2\/types\/page"}],"author":[{"embeddable":true,"href":"https:\/\/talkpal.ai\/lv\/wp-json\/wp\/v2\/users\/6"}],"replies":[{"embeddable":true,"href":"https:\/\/talkpal.ai\/lv\/wp-json\/wp\/v2\/comments?post=155825"}],"version-history":[{"count":0,"href":"https:\/\/talkpal.ai\/lv\/wp-json\/wp\/v2\/pages\/155825\/revisions"}],"wp:featuredmedia":[{"embeddable":true,"href":"https:\/\/talkpal.ai\/lv\/wp-json\/wp\/v2\/media\/120734"}],"wp:attachment":[{"href":"https:\/\/talkpal.ai\/lv\/wp-json\/wp\/v2\/media?parent=155825"}],"curies":[{"name":"wp","href":"https:\/\/api.w.org\/{rel}","templated":true}]}}