{"id":155222,"date":"2023-07-05T10:41:01","date_gmt":"2023-07-05T10:41:01","guid":{"rendered":"http:\/\/talkpal.ai\/urdu-gramatikas-vingrinajumi\/"},"modified":"2025-12-17T14:43:44","modified_gmt":"2025-12-17T14:43:44","slug":"urdu-gramatikas-vingrinajumi","status":"publish","type":"page","link":"https:\/\/talkpal.ai\/lv\/urdu-gramatikas-vingrinajumi\/","title":{"rendered":"Urdu gramatikas vingrin\u0101jumi"},"content":{"rendered":"\r\n\r\n\r\n<section class=\"languageChallengeSection\">\r\n    <div class=\"languageInfoWrapper\">\r\n        \r\n        <h1>Urdu gramatikas vingrin\u0101jumi<\/h1>\r\n        <p>V\u0113laties justies p\u0101rliecin\u0101t\u0101k, lietojot <a href=\"https:\/\/talkpal.ai\/learn-urdu\/\">urdu<\/a> valodu? Gramatikas vingrin\u0101jumu praktiz\u0113\u0161ana ir lielisks veids, k\u0101 apg\u016bt teikuma strukt\u016bru, darb\u012bbas v\u0101rdu formas un urdu <a href=\"https:\/\/talkpal.ai\/what-language-is-spoken-on-the-international-space-station\/\">valodas<\/a> unik\u0101l\u0101s iez\u012bmes. S\u0101ciet str\u0101d\u0101t pie savas urdu valodas gramatikas \u0161odien un skatieties, k\u0101 ar katru vingrin\u0101jumu uzlabojas j\u016bsu izpratne un pl\u016bdums!<\/p>\r\n\r\n                            <a class=\"getStartedHidden\" href=\"https:\/\/app.talkpal.ai\/lv\/signup?lng=\">S\u0101c<\/a>\r\n        \r\n    <\/div>\r\n\r\n    <figure>\r\n    <img decoding=\"async\" width=\"768\" height=\"768\" src=\"https:\/\/talkpal.ai\/wp-content\/uploads\/2023\/06\/urdu-768x768.png\" class=\"languageImage no-lazy\" alt=\"Language learning for global understanding\" fetchpriority=\"high\" sizes=\"(max-width: 768px) 150px, 768px\" srcset=\"https:\/\/talkpal.ai\/wp-content\/uploads\/2023\/06\/urdu-768x768.png 768w, https:\/\/talkpal.ai\/wp-content\/uploads\/2023\/06\/urdu-300x300.png 300w\" \/>\r\n    \r\n\r\n    <\/figure>\r\n\r\n            <a class=\"getStartedVisible\" href=\"https:\/\/app.talkpal.ai\/lv\/signup?lng=\">S\u0101c<\/a>\r\n    \r\n<\/section>\r\n\r\n\r\n<!-- <section class=\"grammarSection\">\r\n    <div class=\"grammarLinks\">\r\n            <\/div>\r\n<\/section> -->\r\n\r\n\r\n\r\n\r\n<section class=\"promotionalBanner\">\r\n    <p class=\"promotionalText\">Visefekt\u012bv\u0101kais veids, k\u0101 apg\u016bt valodu<\/p>\r\n    <a class=\"promotionalLink\" href=\"https:\/\/app.talkpal.ai\/lv\/signup?lng=\">Izm\u0113\u0123iniet Talkpal bez maksas<\/a>\r\n<\/section>\n<div class=\"wp-block-group pageContainerStyle\"><div class=\"wp-block-group__inner-container is-layout-constrained wp-block-group-is-layout-constrained\">\n<h2 class=\"wp-block-heading\" id=\"h-urdu-grammar-topics\">Urdu gramatikas t\u0113mas<\/h2>\n\n\n\n<p>Urdu, valodas, kas bag\u0101tin\u0101ta ar da\u017e\u0101d\u0101m izpausm\u0113m, dzi\u013c\u0101m noz\u012bm\u0113m un sare\u017e\u0123\u012btu gramatisko strukt\u016bru, apguve var\u0113tu b\u016bt aizraujo\u0161s ce\u013cojums. Tom\u0113r, lai apg\u016btu t\u0101s gramatiku, ir nepiecie\u0161ama sistem\u0101tiska pieeja. Zem\u0101k ir pied\u0101v\u0101ta urdu gramatikas t\u0113mu sec\u012bba un \u012bss apraksts, lai pal\u012bdz\u0113tu jums viegli un efekt\u012bvi apg\u016bt valodu.<\/p>\n\n\n\n<h3 class=\"wp-block-heading\" id=\"h-1-nouns\">1. Lietv\u0101rdi:<\/h3>\n\n\n\n<p>S\u0101ciet ar lietv\u0101rdu jeb &#8220;izmu&#8221; noteik\u0161anu urdu valod\u0101, izprotot, k\u0101 tie veido teikumu pamatu. Iem\u0101cieties identific\u0113t kop\u012bgus, pareizus, saskait\u0101mus un neskait\u0101mus lietv\u0101rdus.<\/p>\n\n\n\n<h3 class=\"wp-block-heading\" id=\"h-2-pronouns-determiners\">2. Vietniekv\u0101rdi\/noteic\u0113ji:<\/h3>\n\n\n\n<p>P\u0101rejiet pie vietniekv\u0101rdiem jeb &#8220;zaameer&#8221; un noteic\u0113jiem jeb &#8220;muarref&#8221;. Tie teikum\u0101 aizst\u0101j lietv\u0101rdus un attiec\u012bgi nor\u0101da uz pieder\u012bbu, daudzumu vai identit\u0101ti.<\/p>\n\n\n\n<h3 class=\"wp-block-heading\" id=\"h-3-articles\">3. Raksti:<\/h3>\n\n\n\n<p>Urdu valod\u0101 artikulu j\u0113dziens nav tik izteikts k\u0101 <a href=\"https:\/\/talkpal.ai\/learn-english-with-ai\/\">ang\u013cu<\/a> valod\u0101. Tom\u0113r ir svar\u012bgi izprast to smalko eksistenci noteiktu amatu veid\u0101.<\/p>\n\n\n\n<h3 class=\"wp-block-heading\" id=\"h-4-adjectives\">4. \u012apa\u0161\u012bbas v\u0101rdi:<\/h3>\n\n\n\n<p>Lietv\u0101rdi jeb &#8220;s\u0113jumi&#8221; apraksta vai p\u0101rveido lietv\u0101rdus. Uzziniet to izvietojumu teikumos un vi\u0146u piekri\u0161anu lietv\u0101rdiem, kurus vi\u0146i maina.<\/p>\n\n\n\n<h3 class=\"wp-block-heading\" id=\"h-5-verbs\">5. Darb\u012bbas v\u0101rdi:<\/h3>\n\n\n\n<p>Darb\u012bbas v\u0101rdi jeb &#8220;neizdoties&#8221; ir teikuma strukt\u016bras pamatelementi. Uzziniet da\u017e\u0101dus darb\u012bbas v\u0101rdu veidus un to konjug\u0101cijas noteikumus.<\/p>\n\n\n\n<h3 class=\"wp-block-heading\" id=\"h-6-adverbs\">6. Adverbi:<\/h3>\n\n\n\n<p>Apst\u0101k\u013ca v\u0101rdi jeb &#8220;h\u0101l&#8221; modific\u0113 darb\u012bbas v\u0101rdus, \u012bpa\u0161\u012bbas v\u0101rdus vai citus apst\u0101k\u013ca v\u0101rdus. Izprotiet to izvietojumu un da\u017e\u0101dus veidus.<\/p>\n\n\n\n<h3 class=\"wp-block-heading\" id=\"h-7-prepositions\">7. Priev\u0101rdi:<\/h3>\n\n\n\n<p>Priek\u0161locek\u013ci jeb &#8220;harf-e-jarr&#8221; savieno lietv\u0101rdus vai vietniekv\u0101rdus ar citiem v\u0101rdiem teikum\u0101. Tie izsaka da\u017e\u0101das attiec\u012bbas, piem\u0113ram, virzienu, atra\u0161an\u0101s vietu, laiku, c\u0113loni, veidu un summu.<\/p>\n\n\n\n<h3 class=\"wp-block-heading\" id=\"h-8-tenses\">8. Sasprindzin\u0101jums:<\/h3>\n\n\n\n<p>Laiki jeb &#8220;zam\u0101n&#8221; nor\u0101da, kad darb\u012bba notiek. Urdu ir tr\u012bs pamata laiki: pag\u0101tne, tagadne un n\u0101kotne, katrs ar saviem apak\u0161tipiem.<\/p>\n\n\n\n<h3 class=\"wp-block-heading\" id=\"h-9-tense-comparison\">9. Saspringts sal\u012bdzin\u0101jums:<\/h3>\n\n\n\n<p>Iem\u0101cieties sal\u012bdzin\u0101t laikus, lai saprastu smalk\u0101s noz\u012bmes at\u0161\u0137ir\u012bbas starp l\u012bdz\u012bg\u0101m teikumu strukt\u016br\u0101m da\u017e\u0101dos laikos.<\/p>\n\n\n\n<h3 class=\"wp-block-heading\" id=\"h-10-progressive\">10. Progres\u012bvs:<\/h3>\n\n\n\n<p>Progres\u012bvs sasprindzin\u0101jums nor\u0101da uz notieko\u0161aj\u0101m darb\u012bb\u0101m. \u0160is j\u0113dziens ir izteikts urdu valod\u0101, izmantojot pal\u012bgv\u0101rdus.<\/p>\n\n\n\n<h3 class=\"wp-block-heading\" id=\"h-11-perfect-progressive\">11. Ide\u0101ls progres\u012bvs:<\/h3>\n\n\n\n<p><a href=\"https:\/\/talkpal.ai\/et\/grammar\/esitlus-perfect-progressive-inglise-keele-grammatikas\/\">Perfect Progressive<\/a> sasprindzin\u0101jums izsaka darb\u012bbu, kas s\u0101k\u0101s pag\u0101tn\u0113, turpin\u0101j\u0101s k\u0101du laiku un var notikt joproj\u0101m. Urdu valod\u0101 to izsaka ar pal\u012bgdarb\u012bbas v\u0101rdu kombin\u0101ciju.<\/p>\n\n\n\n<h3 class=\"wp-block-heading\" id=\"h-12-conditionals\">12. Nosac\u012bjumi:<\/h3>\n\n\n\n<p>Nosac\u012bjumi jeb &#8220;shartia&#8221; izsaka hipot\u0113tiskas situ\u0101cijas un to iesp\u0113jamos izn\u0101kumus. \u0160ie sare\u017e\u0123\u012btie teikumi prasa labu darb\u012bbas v\u0101rdu un laiku izpratni.<\/p>\n\n\n\n<h3 class=\"wp-block-heading\" id=\"h-13-sentences\">13. Teikumi:<\/h3>\n\n\n\n<p>Visbeidzot izmantojiet visus \u0161os j\u0113dzienus, lai veidotu teikumus jeb &#8220;jumley&#8221;. Izprast da\u017e\u0101dus teikumu veidus un to strukt\u016bru Urdu.<\/p>\n<\/div><\/div>\n\r\n<section class=\"learnNavigationSection\">\r\n            \r\n        <a href=\"https:\/\/talkpal.ai\/lv\/uzziniet-urdu\/\">\r\n            <div class=\"learnNavigationWrapper\">\r\n                <div class=\"learnNavigationContent\">\r\n                    <img decoding=\"async\" src=\"https:\/\/talkpal.ai\/wp-content\/uploads\/2024\/08\/Urdu.jpg\" alt=\"Pakistani Flag\">\r\n                    <div>\r\n                        <h4>Par urdu valodas apguvi<\/h4>\r\n                        <p>Uzziniet visu par Urdu gramatiku.<\/p>\r\n                    <\/div>\r\n                <\/div>\r\n            <\/div>\r\n        <\/a>\r\n\r\n        \r\n        <a href=\"https:\/\/talkpal.ai\/lv\/urdu-gramatika\/\">\r\n            <div class=\"learnNavigationWrapper\">\r\n                <div class=\"learnNavigationContent\">\r\n                    <img decoding=\"async\" src=\"https:\/\/talkpal.ai\/wp-content\/uploads\/2024\/08\/Urdu.jpg\" alt=\"Pakistani Flag\">\r\n                    <div>\r\n                        <h4>Urdu gramatikas nodarb\u012bbas<\/h4>\r\n                        <p>Praktiz\u0113jiet Urdu gramatiku.<\/p>\r\n                    <\/div>\r\n                <\/div>\r\n            <\/div>\r\n        <\/a>\r\n\r\n        \r\n        <a href=\"https:\/\/talkpal.ai\/vocabulary_language\/urdu\/\">\r\n            <div class=\"learnNavigationWrapper\">\r\n                <div class=\"learnNavigationContent\">\r\n                    <img decoding=\"async\" src=\"https:\/\/talkpal.ai\/wp-content\/uploads\/2024\/08\/Urdu.jpg\" alt=\"Pakistani Flag\">\r\n                    <div>\r\n                        <h4>Urdu valodas v\u0101rdn\u012bca<\/h4>\r\n                        <p>Papla\u0161iniet urdu valodas v\u0101rdu kr\u0101jumu.<\/p>\r\n                    <\/div>\r\n                <\/div>\r\n            <\/div>\r\n        <\/a>\r\n\r\n            <\/section>","protected":false},"excerpt":{"rendered":"<p>Urdu gramatikas t\u0113mas Urdu, valodas, kas bag\u0101tin\u0101ta ar da\u017e\u0101d\u0101m izpausm\u0113m, dzi\u013c\u0101m noz\u012bm\u0113m un sare\u017e\u0123\u012btu gramatisko strukt\u016bru, apguve var\u0113tu b\u016bt aizraujo\u0161s ce\u013cojums. Tom\u0113r, lai apg\u016btu t\u0101s gramatiku, ir nepiecie\u0161ama sistem\u0101tiska pieeja. Zem\u0101k ir pied\u0101v\u0101ta urdu gramatikas t\u0113mu sec\u012bba un \u012bss apraksts, lai pal\u012bdz\u0113tu jums viegli un efekt\u012bvi apg\u016bt valodu. 1. Lietv\u0101rdi: S\u0101ciet ar lietv\u0101rdu jeb &#8220;izmu&#8221; [&hellip;]<\/p>\n","protected":false},"author":6,"featured_media":121180,"parent":0,"menu_order":0,"comment_status":"closed","ping_status":"closed","template":"LearningContentPage.php","meta":{"_acf_changed":false,"footnotes":""},"class_list":["post-155222","page","type-page","status-publish","has-post-thumbnail","hentry"],"acf":[],"yoast_head":"<!-- This site is optimized with the Yoast SEO Premium plugin v27.2 (Yoast SEO v27.2) - https:\/\/yoast.com\/product\/yoast-seo-premium-wordpress\/ -->\n<title>Urdu gramatikas vingrin\u0101jumi - Talkpal<\/title>\n<meta name=\"description\" content=\"Apg\u016bstiet urdu valodu ar m\u016bsu visaptvero\u0161ajiem urdu valodas gramatikas vingrin\u0101jumiem, lai uzlabotu savu izpratni par lietv\u0101rdiem, vietniekv\u0101rdiem un daudz ko citu.\" \/>\n<meta name=\"robots\" content=\"index, follow, max-snippet:-1, max-image-preview:large, max-video-preview:-1\" \/>\n<link rel=\"canonical\" href=\"https:\/\/talkpal.ai\/lv\/urdu-gramatikas-vingrinajumi\/\" \/>\n<meta property=\"og:locale\" content=\"lv_LV\" \/>\n<meta property=\"og:type\" content=\"article\" \/>\n<meta property=\"og:title\" content=\"Urdu gramatikas vingrin\u0101jumi\" \/>\n<meta property=\"og:description\" content=\"Urdu gramatikas t\u0113mas Urdu, valodas, kas bag\u0101tin\u0101ta ar da\u017e\u0101d\u0101m izpausm\u0113m, dzi\u013c\u0101m noz\u012bm\u0113m un sare\u017e\u0123\u012btu gramatisko strukt\u016bru, apguve var\u0113tu b\u016bt aizraujo\u0161s\" \/>\n<meta property=\"og:url\" content=\"https:\/\/talkpal.ai\/lv\/urdu-gramatikas-vingrinajumi\/\" \/>\n<meta property=\"og:site_name\" content=\"Talkpal\" \/>\n<meta property=\"article:publisher\" content=\"https:\/\/www.facebook.com\/profile.php?id=100090733639311\" \/>\n<meta property=\"article:modified_time\" content=\"2025-12-17T14:43:44+00:00\" \/>\n<meta property=\"og:image\" content=\"https:\/\/talkpal.ai\/wp-content\/uploads\/2023\/05\/Urdu-pakistan.png\" \/>\n\t<meta property=\"og:image:width\" content=\"512\" \/>\n\t<meta property=\"og:image:height\" content=\"512\" \/>\n\t<meta property=\"og:image:type\" content=\"image\/png\" \/>\n<meta name=\"twitter:card\" content=\"summary_large_image\" \/>\n<meta name=\"twitter:site\" content=\"@talkpalai\" \/>\n<meta name=\"twitter:label1\" content=\"Est. reading time\" \/>\n\t<meta name=\"twitter:data1\" content=\"2 minutes\" \/>\n<script type=\"application\/ld+json\" class=\"yoast-schema-graph\">{\"@context\":\"https:\/\/schema.org\",\"@graph\":[{\"@type\":\"WebPage\",\"@id\":\"https:\/\/talkpal.ai\/lv\/urdu-gramatikas-vingrinajumi\/\",\"url\":\"https:\/\/talkpal.ai\/lv\/urdu-gramatikas-vingrinajumi\/\",\"name\":\"Urdu gramatikas vingrin\u0101jumi - Talkpal\",\"isPartOf\":{\"@id\":\"https:\/\/talkpal.ai\/lv\/#website\"},\"primaryImageOfPage\":{\"@id\":\"https:\/\/talkpal.ai\/lv\/urdu-gramatikas-vingrinajumi\/#primaryimage\"},\"image\":{\"@id\":\"https:\/\/talkpal.ai\/lv\/urdu-gramatikas-vingrinajumi\/#primaryimage\"},\"thumbnailUrl\":\"https:\/\/talkpal.ai\/wp-content\/uploads\/2023\/05\/Urdu-pakistan.png\",\"datePublished\":\"2023-07-05T10:41:01+00:00\",\"dateModified\":\"2025-12-17T14:43:44+00:00\",\"description\":\"Apg\u016bstiet urdu valodu ar m\u016bsu visaptvero\u0161ajiem urdu valodas gramatikas vingrin\u0101jumiem, lai uzlabotu savu izpratni par lietv\u0101rdiem, vietniekv\u0101rdiem un daudz ko citu.\",\"breadcrumb\":{\"@id\":\"https:\/\/talkpal.ai\/lv\/urdu-gramatikas-vingrinajumi\/#breadcrumb\"},\"inLanguage\":\"lv-LV\",\"potentialAction\":[{\"@type\":\"ReadAction\",\"target\":[\"https:\/\/talkpal.ai\/lv\/urdu-gramatikas-vingrinajumi\/\"]}]},{\"@type\":\"ImageObject\",\"inLanguage\":\"lv-LV\",\"@id\":\"https:\/\/talkpal.ai\/lv\/urdu-gramatikas-vingrinajumi\/#primaryimage\",\"url\":\"https:\/\/talkpal.ai\/wp-content\/uploads\/2023\/05\/Urdu-pakistan.png\",\"contentUrl\":\"https:\/\/talkpal.ai\/wp-content\/uploads\/2023\/05\/Urdu-pakistan.png\",\"width\":512,\"height\":512},{\"@type\":\"BreadcrumbList\",\"@id\":\"https:\/\/talkpal.ai\/lv\/urdu-gramatikas-vingrinajumi\/#breadcrumb\",\"itemListElement\":[{\"@type\":\"ListItem\",\"position\":1,\"name\":\"Homepage\",\"item\":\"https:\/\/talkpal.ai\/lv\/\"},{\"@type\":\"ListItem\",\"position\":2,\"name\":\"Urdu gramatikas vingrin\u0101jumi\"}]},{\"@type\":\"WebSite\",\"@id\":\"https:\/\/talkpal.ai\/lv\/#website\",\"url\":\"https:\/\/talkpal.ai\/lv\/\",\"name\":\"Talkpal\",\"description\":\"AI Language Learning\",\"publisher\":{\"@id\":\"https:\/\/talkpal.ai\/lv\/#organization\"},\"alternateName\":\"Talkpal AI\",\"potentialAction\":[{\"@type\":\"SearchAction\",\"target\":{\"@type\":\"EntryPoint\",\"urlTemplate\":\"https:\/\/talkpal.ai\/lv\/?s={search_term_string}\"},\"query-input\":{\"@type\":\"PropertyValueSpecification\",\"valueRequired\":true,\"valueName\":\"search_term_string\"}}],\"inLanguage\":\"lv-LV\"},{\"@type\":\"Organization\",\"@id\":\"https:\/\/talkpal.ai\/lv\/#organization\",\"name\":\"Talkpal, Inc.\",\"alternateName\":\"Talkpal AI\",\"url\":\"https:\/\/talkpal.ai\/lv\/\",\"logo\":{\"@type\":\"ImageObject\",\"inLanguage\":\"lv-LV\",\"@id\":\"https:\/\/talkpal.ai\/lv\/#\/schema\/logo\/image\/\",\"url\":\"https:\/\/talkpal.ai\/wp-content\/uploads\/2024\/03\/Talkpal-Logo-Icon.png\",\"contentUrl\":\"https:\/\/talkpal.ai\/wp-content\/uploads\/2024\/03\/Talkpal-Logo-Icon.png\",\"width\":2880,\"height\":2880,\"caption\":\"Talkpal, Inc.\"},\"image\":{\"@id\":\"https:\/\/talkpal.ai\/lv\/#\/schema\/logo\/image\/\"},\"sameAs\":[\"https:\/\/www.facebook.com\/profile.php?id=100090733639311\",\"https:\/\/x.com\/talkpalai\",\"https:\/\/www.linkedin.com\/company\/talkpal\/\",\"https:\/\/www.youtube.com\/@TalkPal\/\",\"https:\/\/www.tiktok.com\/@talkpal\",\"https:\/\/www.instagram.com\/talkpal_ai\/\",\"https:\/\/www.crunchbase.com\/organization\/talkpal-9cde\",\"https:\/\/www.g2.com\/products\/talkpal-for-business\/\",\"https:\/\/www.trustpilot.com\/review\/talkpal.ai\",\"https:\/\/www.capterra.com\/p\/10006800\/TalkPal\/\"],\"description\":\"Talkpal is a language learning web and mobile education app, powered by the latest AI technologies, that provides engaging experiences to its customers in many different languages to help them improve their language skills. Users can chat about unlimited amount of topics with the app and use other modes to practice their language learning.\",\"email\":\"support@talkpal.ai\",\"legalName\":\"Talkpal, Inc.\",\"foundingDate\":\"2023-04-03\",\"duns\":\"118989042\",\"numberOfEmployees\":{\"@type\":\"QuantitativeValue\",\"minValue\":\"11\",\"maxValue\":\"50\"},\"publishingPrinciples\":\"https:\/\/talkpal.ai\/publishing-principles\/\",\"actionableFeedbackPolicy\":\"https:\/\/talkpal.ai\/actionable-feedback-policy\/\",\"correctionsPolicy\":\"https:\/\/talkpal.ai\/corrections-policy\/\",\"ethicsPolicy\":\"https:\/\/talkpal.ai\/ethics-policy\/\",\"diversityPolicy\":\"https:\/\/talkpal.ai\/diversity-policy\/\",\"diversityStaffingReport\":\"https:\/\/talkpal.ai\/diversity-policy\/\"}]}<\/script>\n<!-- \/ Yoast SEO Premium plugin. -->","yoast_head_json":{"title":"Urdu gramatikas vingrin\u0101jumi - Talkpal","description":"Apg\u016bstiet urdu valodu ar m\u016bsu visaptvero\u0161ajiem urdu valodas gramatikas vingrin\u0101jumiem, lai uzlabotu savu izpratni par lietv\u0101rdiem, vietniekv\u0101rdiem un daudz ko citu.","robots":{"index":"index","follow":"follow","max-snippet":"max-snippet:-1","max-image-preview":"max-image-preview:large","max-video-preview":"max-video-preview:-1"},"canonical":"https:\/\/talkpal.ai\/lv\/urdu-gramatikas-vingrinajumi\/","og_locale":"lv_LV","og_type":"article","og_title":"Urdu gramatikas vingrin\u0101jumi","og_description":"Urdu gramatikas t\u0113mas Urdu, valodas, kas bag\u0101tin\u0101ta ar da\u017e\u0101d\u0101m izpausm\u0113m, dzi\u013c\u0101m noz\u012bm\u0113m un sare\u017e\u0123\u012btu gramatisko strukt\u016bru, apguve var\u0113tu b\u016bt aizraujo\u0161s","og_url":"https:\/\/talkpal.ai\/lv\/urdu-gramatikas-vingrinajumi\/","og_site_name":"Talkpal","article_publisher":"https:\/\/www.facebook.com\/profile.php?id=100090733639311","article_modified_time":"2025-12-17T14:43:44+00:00","og_image":[{"width":512,"height":512,"url":"https:\/\/talkpal.ai\/wp-content\/uploads\/2023\/05\/Urdu-pakistan.png","type":"image\/png"}],"twitter_card":"summary_large_image","twitter_site":"@talkpalai","twitter_misc":{"Est. reading time":"2 minutes"},"schema":{"@context":"https:\/\/schema.org","@graph":[{"@type":"WebPage","@id":"https:\/\/talkpal.ai\/lv\/urdu-gramatikas-vingrinajumi\/","url":"https:\/\/talkpal.ai\/lv\/urdu-gramatikas-vingrinajumi\/","name":"Urdu gramatikas vingrin\u0101jumi - Talkpal","isPartOf":{"@id":"https:\/\/talkpal.ai\/lv\/#website"},"primaryImageOfPage":{"@id":"https:\/\/talkpal.ai\/lv\/urdu-gramatikas-vingrinajumi\/#primaryimage"},"image":{"@id":"https:\/\/talkpal.ai\/lv\/urdu-gramatikas-vingrinajumi\/#primaryimage"},"thumbnailUrl":"https:\/\/talkpal.ai\/wp-content\/uploads\/2023\/05\/Urdu-pakistan.png","datePublished":"2023-07-05T10:41:01+00:00","dateModified":"2025-12-17T14:43:44+00:00","description":"Apg\u016bstiet urdu valodu ar m\u016bsu visaptvero\u0161ajiem urdu valodas gramatikas vingrin\u0101jumiem, lai uzlabotu savu izpratni par lietv\u0101rdiem, vietniekv\u0101rdiem un daudz ko citu.","breadcrumb":{"@id":"https:\/\/talkpal.ai\/lv\/urdu-gramatikas-vingrinajumi\/#breadcrumb"},"inLanguage":"lv-LV","potentialAction":[{"@type":"ReadAction","target":["https:\/\/talkpal.ai\/lv\/urdu-gramatikas-vingrinajumi\/"]}]},{"@type":"ImageObject","inLanguage":"lv-LV","@id":"https:\/\/talkpal.ai\/lv\/urdu-gramatikas-vingrinajumi\/#primaryimage","url":"https:\/\/talkpal.ai\/wp-content\/uploads\/2023\/05\/Urdu-pakistan.png","contentUrl":"https:\/\/talkpal.ai\/wp-content\/uploads\/2023\/05\/Urdu-pakistan.png","width":512,"height":512},{"@type":"BreadcrumbList","@id":"https:\/\/talkpal.ai\/lv\/urdu-gramatikas-vingrinajumi\/#breadcrumb","itemListElement":[{"@type":"ListItem","position":1,"name":"Homepage","item":"https:\/\/talkpal.ai\/lv\/"},{"@type":"ListItem","position":2,"name":"Urdu gramatikas vingrin\u0101jumi"}]},{"@type":"WebSite","@id":"https:\/\/talkpal.ai\/lv\/#website","url":"https:\/\/talkpal.ai\/lv\/","name":"Talkpal","description":"AI Language Learning","publisher":{"@id":"https:\/\/talkpal.ai\/lv\/#organization"},"alternateName":"Talkpal AI","potentialAction":[{"@type":"SearchAction","target":{"@type":"EntryPoint","urlTemplate":"https:\/\/talkpal.ai\/lv\/?s={search_term_string}"},"query-input":{"@type":"PropertyValueSpecification","valueRequired":true,"valueName":"search_term_string"}}],"inLanguage":"lv-LV"},{"@type":"Organization","@id":"https:\/\/talkpal.ai\/lv\/#organization","name":"Talkpal, Inc.","alternateName":"Talkpal AI","url":"https:\/\/talkpal.ai\/lv\/","logo":{"@type":"ImageObject","inLanguage":"lv-LV","@id":"https:\/\/talkpal.ai\/lv\/#\/schema\/logo\/image\/","url":"https:\/\/talkpal.ai\/wp-content\/uploads\/2024\/03\/Talkpal-Logo-Icon.png","contentUrl":"https:\/\/talkpal.ai\/wp-content\/uploads\/2024\/03\/Talkpal-Logo-Icon.png","width":2880,"height":2880,"caption":"Talkpal, Inc."},"image":{"@id":"https:\/\/talkpal.ai\/lv\/#\/schema\/logo\/image\/"},"sameAs":["https:\/\/www.facebook.com\/profile.php?id=100090733639311","https:\/\/x.com\/talkpalai","https:\/\/www.linkedin.com\/company\/talkpal\/","https:\/\/www.youtube.com\/@TalkPal\/","https:\/\/www.tiktok.com\/@talkpal","https:\/\/www.instagram.com\/talkpal_ai\/","https:\/\/www.crunchbase.com\/organization\/talkpal-9cde","https:\/\/www.g2.com\/products\/talkpal-for-business\/","https:\/\/www.trustpilot.com\/review\/talkpal.ai","https:\/\/www.capterra.com\/p\/10006800\/TalkPal\/"],"description":"Talkpal is a language learning web and mobile education app, powered by the latest AI technologies, that provides engaging experiences to its customers in many different languages to help them improve their language skills. Users can chat about unlimited amount of topics with the app and use other modes to practice their language learning.","email":"support@talkpal.ai","legalName":"Talkpal, Inc.","foundingDate":"2023-04-03","duns":"118989042","numberOfEmployees":{"@type":"QuantitativeValue","minValue":"11","maxValue":"50"},"publishingPrinciples":"https:\/\/talkpal.ai\/publishing-principles\/","actionableFeedbackPolicy":"https:\/\/talkpal.ai\/actionable-feedback-policy\/","correctionsPolicy":"https:\/\/talkpal.ai\/corrections-policy\/","ethicsPolicy":"https:\/\/talkpal.ai\/ethics-policy\/","diversityPolicy":"https:\/\/talkpal.ai\/diversity-policy\/","diversityStaffingReport":"https:\/\/talkpal.ai\/diversity-policy\/"}]}},"_links":{"self":[{"href":"https:\/\/talkpal.ai\/lv\/wp-json\/wp\/v2\/pages\/155222","targetHints":{"allow":["GET"]}}],"collection":[{"href":"https:\/\/talkpal.ai\/lv\/wp-json\/wp\/v2\/pages"}],"about":[{"href":"https:\/\/talkpal.ai\/lv\/wp-json\/wp\/v2\/types\/page"}],"author":[{"embeddable":true,"href":"https:\/\/talkpal.ai\/lv\/wp-json\/wp\/v2\/users\/6"}],"replies":[{"embeddable":true,"href":"https:\/\/talkpal.ai\/lv\/wp-json\/wp\/v2\/comments?post=155222"}],"version-history":[{"count":0,"href":"https:\/\/talkpal.ai\/lv\/wp-json\/wp\/v2\/pages\/155222\/revisions"}],"wp:featuredmedia":[{"embeddable":true,"href":"https:\/\/talkpal.ai\/lv\/wp-json\/wp\/v2\/media\/121180"}],"wp:attachment":[{"href":"https:\/\/talkpal.ai\/lv\/wp-json\/wp\/v2\/media?parent=155222"}],"curies":[{"name":"wp","href":"https:\/\/api.w.org\/{rel}","templated":true}]}}