{"id":154936,"date":"2023-07-05T11:05:37","date_gmt":"2023-07-05T11:05:37","guid":{"rendered":"http:\/\/talkpal.ai\/vjetnamiesu-gramatikas-vingrinajumi\/"},"modified":"2025-12-17T14:56:55","modified_gmt":"2025-12-17T14:56:55","slug":"vjetnamiesu-gramatikas-vingrinajumi","status":"publish","type":"page","link":"https:\/\/talkpal.ai\/lv\/vjetnamiesu-gramatikas-vingrinajumi\/","title":{"rendered":"Vjetnamie\u0161u gramatikas vingrin\u0101jumi"},"content":{"rendered":"\r\n\r\n\r\n<section class=\"languageChallengeSection\">\r\n    <div class=\"languageInfoWrapper\">\r\n        \r\n        <h1>Vjetnamie\u0161u gramatikas vingrin\u0101jumi<\/h1>\r\n        <p>Izklaid\u0113simies ar slov\u0101ku gramatiku! \u0160ie vienk\u0101r\u0161ie vingrin\u0101jumi pal\u012bdz\u0113s jums apg\u016bt <a href=\"https:\/\/talkpal.ai\/what-language-is-spoken-on-the-international-space-station\/\">valodas<\/a> darb\u012bbu un vairos p\u0101rliec\u012bbu, k\u0101 apg\u016bt valodu. Vai esat gatavs? S\u0101ksim!<\/p>\r\n\r\n                            <a class=\"getStartedHidden\" href=\"https:\/\/app.talkpal.ai\/lv\/signup?lng=\">S\u0101c<\/a>\r\n        \r\n    <\/div>\r\n\r\n    <figure>\r\n    <img decoding=\"async\" width=\"768\" height=\"768\" src=\"https:\/\/talkpal.ai\/wp-content\/uploads\/2023\/06\/vietnamese-768x768.png\" class=\"languageImage no-lazy\" alt=\"Language learning for extensive cultural knowledge\" fetchpriority=\"high\" sizes=\"(max-width: 768px) 150px, 768px\" srcset=\"https:\/\/talkpal.ai\/wp-content\/uploads\/2023\/06\/vietnamese-768x768.png 768w, https:\/\/talkpal.ai\/wp-content\/uploads\/2023\/06\/vietnamese-300x300.png 300w\" \/>\r\n    \r\n\r\n    <\/figure>\r\n\r\n            <a class=\"getStartedVisible\" href=\"https:\/\/app.talkpal.ai\/lv\/signup?lng=\">S\u0101c<\/a>\r\n    \r\n<\/section>\r\n\r\n\r\n<!-- <section class=\"grammarSection\">\r\n    <div class=\"grammarLinks\">\r\n            <\/div>\r\n<\/section> -->\r\n\r\n\r\n\r\n\r\n<section class=\"promotionalBanner\">\r\n    <p class=\"promotionalText\">Visefekt\u012bv\u0101kais veids, k\u0101 apg\u016bt valodu<\/p>\r\n    <a class=\"promotionalLink\" href=\"https:\/\/app.talkpal.ai\/lv\/signup?lng=\">Izm\u0113\u0123iniet Talkpal bez maksas<\/a>\r\n<\/section>\n<div class=\"wp-block-group pageContainerStyle\"><div class=\"wp-block-group__inner-container is-layout-constrained wp-block-group-is-layout-constrained\">\n<h2 class=\"wp-block-heading\" id=\"h-vietnamese-grammar-topics\">Vjetnamie\u0161u gramatikas t\u0113mas<\/h2>\n\n\n\n<p>Jaunas valodas apguve var b\u016bt aizraujo\u0161s un izaicino\u0161s darbs. <a href=\"https:\/\/talkpal.ai\/learn-vietnamese\/\">Vjetnamie\u0161u<\/a> gramatikas izpratne ir atsl\u0113ga, lai atblo\u0137\u0113tu \u0161o aizraujo\u0161o valodu. \u0160eit m\u0113s apspried\u012bsim un sagrup\u0113sim svar\u012bgas t\u0113mas t\u0101d\u0101 sec\u012bb\u0101, k\u0101d\u0101 t\u0101s ide\u0101l\u0101 gad\u012bjum\u0101 b\u016btu j\u0101apg\u016bst, \u013caujot pak\u0101peniski veidot sare\u017e\u0123\u012bt\u012bbu. \u0160\u012b rokasgr\u0101mata aptvers visu, s\u0101kot no pamatelementiem, piem\u0113ram, lietv\u0101rdiem un darb\u012bbas v\u0101rdiem, l\u012bdz sare\u017e\u0123\u012bt\u0101k\u0101m strukt\u016br\u0101m, piem\u0113ram, sasprindzin\u0101jumiem un nosac\u012bjumiem.<\/p>\n\n\n\n<h3 class=\"wp-block-heading\" id=\"h-1-nouns\">1. Lietv\u0101rdi:<\/h3>\n\n\n\n<p>S\u0101ciet ar pamatiem, apg\u016bstot vjetnamie\u0161u lietv\u0101rdus. Tie ir cilv\u0113ku, vietu, lietu vai ideju v\u0101rdi. Vjetnamie\u0161u lietv\u0101rdiem nav dzimumu, padarot tos vienk\u0101r\u0161\u0101kus nek\u0101 da\u017e\u0101s cit\u0101s valod\u0101s.<\/p>\n\n\n\n<h3 class=\"wp-block-heading\" id=\"h-2-pronouns-determiners\">2. Vietniekv\u0101rdi\/noteic\u0113ji:<\/h3>\n\n\n\n<p>Kad esat apmierin\u0101ts ar lietv\u0101rdiem, p\u0101rejiet pie vietniekv\u0101rdiem un noteic\u0113jiem. \u0160ie v\u0101rdi aizst\u0101j vai maina lietv\u0101rdus, pal\u012bdzot padar\u012bt teikumus kodol\u012bg\u0101kus un izvair\u012bties no atk\u0101rto\u0161an\u0101s.<\/p>\n\n\n\n<h3 class=\"wp-block-heading\" id=\"h-3-verbs\">3. Darb\u012bbas v\u0101rdi:<\/h3>\n\n\n\n<p>Darb\u012bbas v\u0101rdi tiek izmantoti, lai aprakst\u012btu darb\u012bbas vai es\u012bbas st\u0101vok\u013cus. Vjetnamie\u0161u valod\u0101 darb\u012bbas v\u0101rdi nemaina savu formu atbilsto\u0161i priek\u0161metam vai sasprindzin\u0101jumam, kas padara tos maz\u0101k sare\u017e\u0123\u012btus nek\u0101 da\u017e\u0101s cit\u0101s valod\u0101s.<\/p>\n\n\n\n<h3 class=\"wp-block-heading\" id=\"h-4-adjectives\">4. \u012apa\u0161\u012bbas v\u0101rdi:<\/h3>\n\n\n\n<p>\u012apa\u0161\u012bbas v\u0101rdu m\u0101c\u012b\u0161an\u0101s \u013caus jums s\u012bk\u0101k aprakst\u012bt lietv\u0101rdus. Vjetnamie\u0161u valod\u0101 \u012bpa\u0161\u012bbas v\u0101rdi seko lietv\u0101rdam, ko tie p\u0101rveido, kas at\u0161\u0137iras no <a href=\"https:\/\/talkpal.ai\/learn-english-with-ai\/\">ang\u013cu<\/a> valodas.<\/p>\n\n\n\n<h3 class=\"wp-block-heading\" id=\"h-5-articles\">5. Raksti:<\/h3>\n\n\n\n<p>Vjetnamie\u0161u valod\u0101 nav rakstu t\u0101pat k\u0101 ang\u013cu valod\u0101. Tom\u0113r joproj\u0101m ir svar\u012bgi saprast, k\u0101 nor\u0101d\u012bt lietv\u0101rda noteikt\u012bbu vai nenoteikt\u012bbu.<\/p>\n\n\n\n<h3 class=\"wp-block-heading\" id=\"h-6-adverbs\">6. Adverbi:<\/h3>\n\n\n\n<p>Adverbi tiek izmantoti, lai modific\u0113tu darb\u012bbas v\u0101rdus, \u012bpa\u0161\u012bbas v\u0101rdus vai citus adverbus. Vi\u0146i var sniegt inform\u0101ciju par veidu, vietu, laiku, bie\u017eumu, pak\u0101pi un citiem.<\/p>\n\n\n\n<h3 class=\"wp-block-heading\" id=\"h-7-prepositions\">7. Priev\u0101rdi:<\/h3>\n\n\n\n<p>Tie ir v\u0101rdi, kas par\u0101da lietv\u0101rda vai vietniekv\u0101rda saist\u012bbu ar citu v\u0101rdu teikum\u0101. Tie var nor\u0101d\u012bt atra\u0161an\u0101s vietu, virzienu, laiku, c\u0113loni un citas attiec\u012bbas.<\/p>\n\n\n\n<h3 class=\"wp-block-heading\" id=\"h-8-tenses\">8. Sasprindzin\u0101jums:<\/h3>\n\n\n\n<p>Vjetnamie\u0161u valodai nav laika tradicion\u0101laj\u0101 noz\u012bm\u0113. T\u0101 viet\u0101 tas izmanto v\u0101rdus un kontekstu, lai nor\u0101d\u012btu laiku, kad notiek darb\u012bba.<\/p>\n\n\n\n<h3 class=\"wp-block-heading\" id=\"h-9-tense-comparison\">9. Saspringts sal\u012bdzin\u0101jums:<\/h3>\n\n\n\n<p>Izpratne par to, k\u0101 sal\u012bdzin\u0101t laikus vjetnamie\u0161u valod\u0101, ir iz\u0161\u0137iro\u0161a. Tas ietver konkr\u0113tu v\u0101rdu un strukt\u016bru apguvi, ko izmanto, lai nor\u0101d\u012btu uz laika izmai\u0146\u0101m.<\/p>\n\n\n\n<h3 class=\"wp-block-heading\" id=\"h-10-progressive\">10. Progres\u012bvs:<\/h3>\n\n\n\n<p>Progres\u012bvais aspekts vjetnamie\u0161u valod\u0101 tiek izmantots, lai nor\u0101d\u012btu uz notieko\u0161aj\u0101m darb\u012bb\u0101m. Tas var attiekties uz pag\u0101tni, tagadni vai n\u0101kotni.<\/p>\n\n\n\n<h3 class=\"wp-block-heading\" id=\"h-11-perfect-progressive\">11. Ide\u0101ls progres\u012bvs:<\/h3>\n\n\n\n<p>\u0160is sasprindzin\u0101jums tiek izmantots, lai izteiktu darb\u012bbas, kas notika pag\u0101tn\u0113 un kur\u0101m ir k\u0101da saist\u012bba ar tagadni.<\/p>\n\n\n\n<h3 class=\"wp-block-heading\" id=\"h-12-conditionals\">12. Nosac\u012bjumi:<\/h3>\n\n\n\n<p>Nosac\u012bjumi ir teikumi, kas izsaka hipot\u0113tiskas situ\u0101cijas un no t\u0101m izrieto\u0161\u0101s sekas.<\/p>\n\n\n\n<h3 class=\"wp-block-heading\" id=\"h-13-sentences\">13. Teikumi:<\/h3>\n\n\n\n<p>Kad esat sapratis visus \u0161os elementus, varat s\u0101kt veidot piln\u012bgus teikumus vjetnamie\u0161u valod\u0101. Tas ietver izpratni par pamata teikuma strukt\u016bru, kas parasti ir subjekts-darb\u012bbas v\u0101rds-objekts.<\/p>\n<\/div><\/div>\n\r\n<section class=\"learnNavigationSection\">\r\n            \r\n        <a href=\"https:\/\/talkpal.ai\/lv\/uzziniet-vjetnamiesu-valodu\/\">\r\n            <div class=\"learnNavigationWrapper\">\r\n                <div class=\"learnNavigationContent\">\r\n                    <img decoding=\"async\" src=\"https:\/\/talkpal.ai\/wp-content\/uploads\/2024\/08\/Vietnamese.jpg\" alt=\"Vietnamise Flag\">\r\n                    <div>\r\n                        <h4>Par vjetnamie\u0161u valodas apguvi<\/h4>\r\n                        <p>Uzziniet visu par vjetnamie\u0161u gramatiku.<\/p>\r\n                    <\/div>\r\n                <\/div>\r\n            <\/div>\r\n        <\/a>\r\n\r\n        \r\n        <a href=\"https:\/\/talkpal.ai\/lv\/vjetnamiesu-gramatika\/\">\r\n            <div class=\"learnNavigationWrapper\">\r\n                <div class=\"learnNavigationContent\">\r\n                    <img decoding=\"async\" src=\"https:\/\/talkpal.ai\/wp-content\/uploads\/2024\/08\/Vietnamese.jpg\" alt=\"Vietnamise Flag\">\r\n                    <div>\r\n                        <h4>Vjetnamie\u0161u valodas gramatikas nodarb\u012bbas<\/h4>\r\n                        <p>Praktiz\u0113jiet vjetnamie\u0161u gramatiku.<\/p>\r\n                    <\/div>\r\n                <\/div>\r\n            <\/div>\r\n        <\/a>\r\n\r\n        \r\n        <a href=\"https:\/\/talkpal.ai\/vocabulary_language\/vietnamese\/\">\r\n            <div class=\"learnNavigationWrapper\">\r\n                <div class=\"learnNavigationContent\">\r\n                    <img decoding=\"async\" src=\"https:\/\/talkpal.ai\/wp-content\/uploads\/2024\/08\/Vietnamese.jpg\" alt=\"Vietnamise Flag\">\r\n                    <div>\r\n                        <h4>Vjetnamie\u0161u valodas v\u0101rdn\u012bca<\/h4>\r\n                        <p>Papla\u0161iniet savu vjetnamie\u0161u valodas v\u0101rdu kr\u0101jumu.<\/p>\r\n                    <\/div>\r\n                <\/div>\r\n            <\/div>\r\n        <\/a>\r\n\r\n            <\/section>","protected":false},"excerpt":{"rendered":"<p>Vjetnamie\u0161u gramatikas t\u0113mas Jaunas valodas apguve var b\u016bt aizraujo\u0161s un izaicino\u0161s darbs. Vjetnamie\u0161u gramatikas izpratne ir atsl\u0113ga, lai atblo\u0137\u0113tu \u0161o aizraujo\u0161o valodu. \u0160eit m\u0113s apspried\u012bsim un sagrup\u0113sim svar\u012bgas t\u0113mas t\u0101d\u0101 sec\u012bb\u0101, k\u0101d\u0101 t\u0101s ide\u0101l\u0101 gad\u012bjum\u0101 b\u016btu j\u0101apg\u016bst, \u013caujot pak\u0101peniski veidot sare\u017e\u0123\u012bt\u012bbu. \u0160\u012b rokasgr\u0101mata aptvers visu, s\u0101kot no pamatelementiem, piem\u0113ram, lietv\u0101rdiem un darb\u012bbas v\u0101rdiem, l\u012bdz sare\u017e\u0123\u012bt\u0101k\u0101m [&hellip;]<\/p>\n","protected":false},"author":6,"featured_media":120469,"parent":0,"menu_order":0,"comment_status":"closed","ping_status":"closed","template":"LearningContentPage.php","meta":{"_acf_changed":false,"footnotes":""},"class_list":["post-154936","page","type-page","status-publish","has-post-thumbnail","hentry"],"acf":[],"yoast_head":"<!-- This site is optimized with the Yoast SEO Premium plugin v27.2 (Yoast SEO v27.2) - https:\/\/yoast.com\/product\/yoast-seo-premium-wordpress\/ -->\n<title>Vjetnamie\u0161u gramatikas vingrin\u0101jumi - Talkpal<\/title>\n<meta name=\"description\" content=\"Atkl\u0101jiet vjetnamie\u0161u valodas nosl\u0113pumus, izmantojot m\u016bsu vjetnamie\u0161u valodas gramatikas vingrin\u0101jumus, kas paredz\u0113ti pak\u0101peniskai m\u0101c\u012bb\u0101m.\" \/>\n<meta name=\"robots\" content=\"index, follow, max-snippet:-1, max-image-preview:large, max-video-preview:-1\" \/>\n<link rel=\"canonical\" href=\"https:\/\/talkpal.ai\/lv\/vjetnamiesu-gramatikas-vingrinajumi\/\" \/>\n<meta property=\"og:locale\" content=\"lv_LV\" \/>\n<meta property=\"og:type\" content=\"article\" \/>\n<meta property=\"og:title\" content=\"Vjetnamie\u0161u gramatikas vingrin\u0101jumi\" \/>\n<meta property=\"og:description\" content=\"Vjetnamie\u0161u gramatikas t\u0113mas Jaunas valodas apguve var b\u016bt aizraujo\u0161s un izaicino\u0161s darbs. Vjetnamie\u0161u gramatikas izpratne ir atsl\u0113ga, lai atblo\u0137\u0113tu \u0161o\" \/>\n<meta property=\"og:url\" content=\"https:\/\/talkpal.ai\/lv\/vjetnamiesu-gramatikas-vingrinajumi\/\" \/>\n<meta property=\"og:site_name\" content=\"Talkpal\" \/>\n<meta property=\"article:publisher\" content=\"https:\/\/www.facebook.com\/profile.php?id=100090733639311\" \/>\n<meta property=\"article:modified_time\" content=\"2025-12-17T14:56:55+00:00\" \/>\n<meta property=\"og:image\" content=\"https:\/\/talkpal.ai\/wp-content\/uploads\/2023\/05\/vietnam.png\" \/>\n\t<meta property=\"og:image:width\" content=\"512\" \/>\n\t<meta property=\"og:image:height\" content=\"512\" \/>\n\t<meta property=\"og:image:type\" content=\"image\/png\" \/>\n<meta name=\"twitter:card\" content=\"summary_large_image\" \/>\n<meta name=\"twitter:site\" content=\"@talkpalai\" \/>\n<meta name=\"twitter:label1\" content=\"Est. reading time\" \/>\n\t<meta name=\"twitter:data1\" content=\"3 minutes\" \/>\n<script type=\"application\/ld+json\" class=\"yoast-schema-graph\">{\"@context\":\"https:\/\/schema.org\",\"@graph\":[{\"@type\":\"WebPage\",\"@id\":\"https:\/\/talkpal.ai\/lv\/vjetnamiesu-gramatikas-vingrinajumi\/\",\"url\":\"https:\/\/talkpal.ai\/lv\/vjetnamiesu-gramatikas-vingrinajumi\/\",\"name\":\"Vjetnamie\u0161u gramatikas vingrin\u0101jumi - Talkpal\",\"isPartOf\":{\"@id\":\"https:\/\/talkpal.ai\/lv\/#website\"},\"primaryImageOfPage\":{\"@id\":\"https:\/\/talkpal.ai\/lv\/vjetnamiesu-gramatikas-vingrinajumi\/#primaryimage\"},\"image\":{\"@id\":\"https:\/\/talkpal.ai\/lv\/vjetnamiesu-gramatikas-vingrinajumi\/#primaryimage\"},\"thumbnailUrl\":\"https:\/\/talkpal.ai\/wp-content\/uploads\/2023\/05\/vietnam.png\",\"datePublished\":\"2023-07-05T11:05:37+00:00\",\"dateModified\":\"2025-12-17T14:56:55+00:00\",\"description\":\"Atkl\u0101jiet vjetnamie\u0161u valodas nosl\u0113pumus, izmantojot m\u016bsu vjetnamie\u0161u valodas gramatikas vingrin\u0101jumus, kas paredz\u0113ti pak\u0101peniskai m\u0101c\u012bb\u0101m.\",\"breadcrumb\":{\"@id\":\"https:\/\/talkpal.ai\/lv\/vjetnamiesu-gramatikas-vingrinajumi\/#breadcrumb\"},\"inLanguage\":\"lv-LV\",\"potentialAction\":[{\"@type\":\"ReadAction\",\"target\":[\"https:\/\/talkpal.ai\/lv\/vjetnamiesu-gramatikas-vingrinajumi\/\"]}]},{\"@type\":\"ImageObject\",\"inLanguage\":\"lv-LV\",\"@id\":\"https:\/\/talkpal.ai\/lv\/vjetnamiesu-gramatikas-vingrinajumi\/#primaryimage\",\"url\":\"https:\/\/talkpal.ai\/wp-content\/uploads\/2023\/05\/vietnam.png\",\"contentUrl\":\"https:\/\/talkpal.ai\/wp-content\/uploads\/2023\/05\/vietnam.png\",\"width\":512,\"height\":512},{\"@type\":\"BreadcrumbList\",\"@id\":\"https:\/\/talkpal.ai\/lv\/vjetnamiesu-gramatikas-vingrinajumi\/#breadcrumb\",\"itemListElement\":[{\"@type\":\"ListItem\",\"position\":1,\"name\":\"Homepage\",\"item\":\"https:\/\/talkpal.ai\/lv\/\"},{\"@type\":\"ListItem\",\"position\":2,\"name\":\"Vjetnamie\u0161u gramatikas vingrin\u0101jumi\"}]},{\"@type\":\"WebSite\",\"@id\":\"https:\/\/talkpal.ai\/lv\/#website\",\"url\":\"https:\/\/talkpal.ai\/lv\/\",\"name\":\"Talkpal\",\"description\":\"AI Language Learning\",\"publisher\":{\"@id\":\"https:\/\/talkpal.ai\/lv\/#organization\"},\"alternateName\":\"Talkpal AI\",\"potentialAction\":[{\"@type\":\"SearchAction\",\"target\":{\"@type\":\"EntryPoint\",\"urlTemplate\":\"https:\/\/talkpal.ai\/lv\/?s={search_term_string}\"},\"query-input\":{\"@type\":\"PropertyValueSpecification\",\"valueRequired\":true,\"valueName\":\"search_term_string\"}}],\"inLanguage\":\"lv-LV\"},{\"@type\":\"Organization\",\"@id\":\"https:\/\/talkpal.ai\/lv\/#organization\",\"name\":\"Talkpal, Inc.\",\"alternateName\":\"Talkpal AI\",\"url\":\"https:\/\/talkpal.ai\/lv\/\",\"logo\":{\"@type\":\"ImageObject\",\"inLanguage\":\"lv-LV\",\"@id\":\"https:\/\/talkpal.ai\/lv\/#\/schema\/logo\/image\/\",\"url\":\"https:\/\/talkpal.ai\/wp-content\/uploads\/2024\/03\/Talkpal-Logo-Icon.png\",\"contentUrl\":\"https:\/\/talkpal.ai\/wp-content\/uploads\/2024\/03\/Talkpal-Logo-Icon.png\",\"width\":2880,\"height\":2880,\"caption\":\"Talkpal, Inc.\"},\"image\":{\"@id\":\"https:\/\/talkpal.ai\/lv\/#\/schema\/logo\/image\/\"},\"sameAs\":[\"https:\/\/www.facebook.com\/profile.php?id=100090733639311\",\"https:\/\/x.com\/talkpalai\",\"https:\/\/www.linkedin.com\/company\/talkpal\/\",\"https:\/\/www.youtube.com\/@TalkPal\/\",\"https:\/\/www.tiktok.com\/@talkpal\",\"https:\/\/www.instagram.com\/talkpal_ai\/\",\"https:\/\/www.crunchbase.com\/organization\/talkpal-9cde\",\"https:\/\/www.g2.com\/products\/talkpal-for-business\/\",\"https:\/\/www.trustpilot.com\/review\/talkpal.ai\",\"https:\/\/www.capterra.com\/p\/10006800\/TalkPal\/\"],\"description\":\"Talkpal is a language learning web and mobile education app, powered by the latest AI technologies, that provides engaging experiences to its customers in many different languages to help them improve their language skills. Users can chat about unlimited amount of topics with the app and use other modes to practice their language learning.\",\"email\":\"support@talkpal.ai\",\"legalName\":\"Talkpal, Inc.\",\"foundingDate\":\"2023-04-03\",\"duns\":\"118989042\",\"numberOfEmployees\":{\"@type\":\"QuantitativeValue\",\"minValue\":\"11\",\"maxValue\":\"50\"},\"publishingPrinciples\":\"https:\/\/talkpal.ai\/publishing-principles\/\",\"actionableFeedbackPolicy\":\"https:\/\/talkpal.ai\/actionable-feedback-policy\/\",\"correctionsPolicy\":\"https:\/\/talkpal.ai\/corrections-policy\/\",\"ethicsPolicy\":\"https:\/\/talkpal.ai\/ethics-policy\/\",\"diversityPolicy\":\"https:\/\/talkpal.ai\/diversity-policy\/\",\"diversityStaffingReport\":\"https:\/\/talkpal.ai\/diversity-policy\/\"}]}<\/script>\n<!-- \/ Yoast SEO Premium plugin. -->","yoast_head_json":{"title":"Vjetnamie\u0161u gramatikas vingrin\u0101jumi - Talkpal","description":"Atkl\u0101jiet vjetnamie\u0161u valodas nosl\u0113pumus, izmantojot m\u016bsu vjetnamie\u0161u valodas gramatikas vingrin\u0101jumus, kas paredz\u0113ti pak\u0101peniskai m\u0101c\u012bb\u0101m.","robots":{"index":"index","follow":"follow","max-snippet":"max-snippet:-1","max-image-preview":"max-image-preview:large","max-video-preview":"max-video-preview:-1"},"canonical":"https:\/\/talkpal.ai\/lv\/vjetnamiesu-gramatikas-vingrinajumi\/","og_locale":"lv_LV","og_type":"article","og_title":"Vjetnamie\u0161u gramatikas vingrin\u0101jumi","og_description":"Vjetnamie\u0161u gramatikas t\u0113mas Jaunas valodas apguve var b\u016bt aizraujo\u0161s un izaicino\u0161s darbs. Vjetnamie\u0161u gramatikas izpratne ir atsl\u0113ga, lai atblo\u0137\u0113tu \u0161o","og_url":"https:\/\/talkpal.ai\/lv\/vjetnamiesu-gramatikas-vingrinajumi\/","og_site_name":"Talkpal","article_publisher":"https:\/\/www.facebook.com\/profile.php?id=100090733639311","article_modified_time":"2025-12-17T14:56:55+00:00","og_image":[{"width":512,"height":512,"url":"https:\/\/talkpal.ai\/wp-content\/uploads\/2023\/05\/vietnam.png","type":"image\/png"}],"twitter_card":"summary_large_image","twitter_site":"@talkpalai","twitter_misc":{"Est. reading time":"3 minutes"},"schema":{"@context":"https:\/\/schema.org","@graph":[{"@type":"WebPage","@id":"https:\/\/talkpal.ai\/lv\/vjetnamiesu-gramatikas-vingrinajumi\/","url":"https:\/\/talkpal.ai\/lv\/vjetnamiesu-gramatikas-vingrinajumi\/","name":"Vjetnamie\u0161u gramatikas vingrin\u0101jumi - Talkpal","isPartOf":{"@id":"https:\/\/talkpal.ai\/lv\/#website"},"primaryImageOfPage":{"@id":"https:\/\/talkpal.ai\/lv\/vjetnamiesu-gramatikas-vingrinajumi\/#primaryimage"},"image":{"@id":"https:\/\/talkpal.ai\/lv\/vjetnamiesu-gramatikas-vingrinajumi\/#primaryimage"},"thumbnailUrl":"https:\/\/talkpal.ai\/wp-content\/uploads\/2023\/05\/vietnam.png","datePublished":"2023-07-05T11:05:37+00:00","dateModified":"2025-12-17T14:56:55+00:00","description":"Atkl\u0101jiet vjetnamie\u0161u valodas nosl\u0113pumus, izmantojot m\u016bsu vjetnamie\u0161u valodas gramatikas vingrin\u0101jumus, kas paredz\u0113ti pak\u0101peniskai m\u0101c\u012bb\u0101m.","breadcrumb":{"@id":"https:\/\/talkpal.ai\/lv\/vjetnamiesu-gramatikas-vingrinajumi\/#breadcrumb"},"inLanguage":"lv-LV","potentialAction":[{"@type":"ReadAction","target":["https:\/\/talkpal.ai\/lv\/vjetnamiesu-gramatikas-vingrinajumi\/"]}]},{"@type":"ImageObject","inLanguage":"lv-LV","@id":"https:\/\/talkpal.ai\/lv\/vjetnamiesu-gramatikas-vingrinajumi\/#primaryimage","url":"https:\/\/talkpal.ai\/wp-content\/uploads\/2023\/05\/vietnam.png","contentUrl":"https:\/\/talkpal.ai\/wp-content\/uploads\/2023\/05\/vietnam.png","width":512,"height":512},{"@type":"BreadcrumbList","@id":"https:\/\/talkpal.ai\/lv\/vjetnamiesu-gramatikas-vingrinajumi\/#breadcrumb","itemListElement":[{"@type":"ListItem","position":1,"name":"Homepage","item":"https:\/\/talkpal.ai\/lv\/"},{"@type":"ListItem","position":2,"name":"Vjetnamie\u0161u gramatikas vingrin\u0101jumi"}]},{"@type":"WebSite","@id":"https:\/\/talkpal.ai\/lv\/#website","url":"https:\/\/talkpal.ai\/lv\/","name":"Talkpal","description":"AI Language Learning","publisher":{"@id":"https:\/\/talkpal.ai\/lv\/#organization"},"alternateName":"Talkpal AI","potentialAction":[{"@type":"SearchAction","target":{"@type":"EntryPoint","urlTemplate":"https:\/\/talkpal.ai\/lv\/?s={search_term_string}"},"query-input":{"@type":"PropertyValueSpecification","valueRequired":true,"valueName":"search_term_string"}}],"inLanguage":"lv-LV"},{"@type":"Organization","@id":"https:\/\/talkpal.ai\/lv\/#organization","name":"Talkpal, Inc.","alternateName":"Talkpal AI","url":"https:\/\/talkpal.ai\/lv\/","logo":{"@type":"ImageObject","inLanguage":"lv-LV","@id":"https:\/\/talkpal.ai\/lv\/#\/schema\/logo\/image\/","url":"https:\/\/talkpal.ai\/wp-content\/uploads\/2024\/03\/Talkpal-Logo-Icon.png","contentUrl":"https:\/\/talkpal.ai\/wp-content\/uploads\/2024\/03\/Talkpal-Logo-Icon.png","width":2880,"height":2880,"caption":"Talkpal, Inc."},"image":{"@id":"https:\/\/talkpal.ai\/lv\/#\/schema\/logo\/image\/"},"sameAs":["https:\/\/www.facebook.com\/profile.php?id=100090733639311","https:\/\/x.com\/talkpalai","https:\/\/www.linkedin.com\/company\/talkpal\/","https:\/\/www.youtube.com\/@TalkPal\/","https:\/\/www.tiktok.com\/@talkpal","https:\/\/www.instagram.com\/talkpal_ai\/","https:\/\/www.crunchbase.com\/organization\/talkpal-9cde","https:\/\/www.g2.com\/products\/talkpal-for-business\/","https:\/\/www.trustpilot.com\/review\/talkpal.ai","https:\/\/www.capterra.com\/p\/10006800\/TalkPal\/"],"description":"Talkpal is a language learning web and mobile education app, powered by the latest AI technologies, that provides engaging experiences to its customers in many different languages to help them improve their language skills. Users can chat about unlimited amount of topics with the app and use other modes to practice their language learning.","email":"support@talkpal.ai","legalName":"Talkpal, Inc.","foundingDate":"2023-04-03","duns":"118989042","numberOfEmployees":{"@type":"QuantitativeValue","minValue":"11","maxValue":"50"},"publishingPrinciples":"https:\/\/talkpal.ai\/publishing-principles\/","actionableFeedbackPolicy":"https:\/\/talkpal.ai\/actionable-feedback-policy\/","correctionsPolicy":"https:\/\/talkpal.ai\/corrections-policy\/","ethicsPolicy":"https:\/\/talkpal.ai\/ethics-policy\/","diversityPolicy":"https:\/\/talkpal.ai\/diversity-policy\/","diversityStaffingReport":"https:\/\/talkpal.ai\/diversity-policy\/"}]}},"_links":{"self":[{"href":"https:\/\/talkpal.ai\/lv\/wp-json\/wp\/v2\/pages\/154936","targetHints":{"allow":["GET"]}}],"collection":[{"href":"https:\/\/talkpal.ai\/lv\/wp-json\/wp\/v2\/pages"}],"about":[{"href":"https:\/\/talkpal.ai\/lv\/wp-json\/wp\/v2\/types\/page"}],"author":[{"embeddable":true,"href":"https:\/\/talkpal.ai\/lv\/wp-json\/wp\/v2\/users\/6"}],"replies":[{"embeddable":true,"href":"https:\/\/talkpal.ai\/lv\/wp-json\/wp\/v2\/comments?post=154936"}],"version-history":[{"count":0,"href":"https:\/\/talkpal.ai\/lv\/wp-json\/wp\/v2\/pages\/154936\/revisions"}],"wp:featuredmedia":[{"embeddable":true,"href":"https:\/\/talkpal.ai\/lv\/wp-json\/wp\/v2\/media\/120469"}],"wp:attachment":[{"href":"https:\/\/talkpal.ai\/lv\/wp-json\/wp\/v2\/media?parent=154936"}],"curies":[{"name":"wp","href":"https:\/\/api.w.org\/{rel}","templated":true}]}}