{"id":154607,"date":"2023-07-05T11:13:09","date_gmt":"2023-07-05T11:13:09","guid":{"rendered":"http:\/\/talkpal.ai\/velsas-gramatikas-vingrinajumi\/"},"modified":"2025-12-17T15:00:15","modified_gmt":"2025-12-17T15:00:15","slug":"velsas-gramatikas-vingrinajumi","status":"publish","type":"page","link":"https:\/\/talkpal.ai\/lv\/velsas-gramatikas-vingrinajumi\/","title":{"rendered":"Velsas gramatikas vingrin\u0101jumi"},"content":{"rendered":"\r\n\r\n\r\n<section class=\"languageChallengeSection\">\r\n    <div class=\"languageInfoWrapper\">\r\n        \r\n        <h1>Velsas gramatikas vingrin\u0101jumi<\/h1>\r\n        <p>Vai esat gatavs apg\u016bt <a href=\"https:\/\/talkpal.ai\/learn-welsh\/\">velsie\u0161u<\/a> <a href=\"https:\/\/talkpal.ai\/what-language-is-spoken-on-the-international-space-station\/\">valodas<\/a> gramatiku? Da\u017eu pamatprincipu apguve pal\u012bdz\u0113s jums \u0113rti apg\u016bt \u0161o unik\u0101lo un skaisto valodu. Izm\u0113\u0123iniet \u0161os vingrin\u0101jumus, lai vairotu pa\u0161apzi\u0146u un izklaid\u0113tos!<\/p>\r\n\r\n                            <a class=\"getStartedHidden\" href=\"https:\/\/app.talkpal.ai\/lv\/signup?lng=\">S\u0101c<\/a>\r\n        \r\n    <\/div>\r\n\r\n    <figure>\r\n    <img decoding=\"async\" width=\"768\" height=\"768\" src=\"https:\/\/talkpal.ai\/wp-content\/uploads\/2023\/06\/welsh-768x768.png\" class=\"languageImage no-lazy\" alt=\"Language learning for better cognitive abilities\" fetchpriority=\"high\" sizes=\"(max-width: 768px) 150px, 768px\" srcset=\"https:\/\/talkpal.ai\/wp-content\/uploads\/2023\/06\/welsh-768x768.png 768w, https:\/\/talkpal.ai\/wp-content\/uploads\/2023\/06\/welsh-300x300.png 300w\" \/>\r\n    \r\n\r\n    <\/figure>\r\n\r\n            <a class=\"getStartedVisible\" href=\"https:\/\/app.talkpal.ai\/lv\/signup?lng=\">S\u0101c<\/a>\r\n    \r\n<\/section>\r\n\r\n\r\n<!-- <section class=\"grammarSection\">\r\n    <div class=\"grammarLinks\">\r\n            <\/div>\r\n<\/section> -->\r\n\r\n\r\n\r\n\r\n<section class=\"promotionalBanner\">\r\n    <p class=\"promotionalText\">Visefekt\u012bv\u0101kais veids, k\u0101 apg\u016bt valodu<\/p>\r\n    <a class=\"promotionalLink\" href=\"https:\/\/app.talkpal.ai\/lv\/signup?lng=\">Izm\u0113\u0123iniet Talkpal bez maksas<\/a>\r\n<\/section>\n<div class=\"wp-block-group pageContainerStyle\"><div class=\"wp-block-group__inner-container is-layout-constrained wp-block-group-is-layout-constrained\">\n<h2 class=\"wp-block-heading\" id=\"h-welsh-grammar-topics\">Velsas gramatikas t\u0113mas<\/h2>\n\n\n\n<p>Jaunas valodas apguve var b\u016bt izaicino\u0161s, tom\u0113r atalgojo\u0161s darbs. <a href=\"https:\/\/talkpal.ai\/learn-welsh\/\">Velsie\u0161u<\/a> valoda, \u0137eltu valoda, kur\u0101 run\u0101 galvenok\u0101rt Vels\u0101, nav iz\u0146\u0113mums. Ar sav\u0101m unik\u0101laj\u0101m iez\u012bm\u0113m un strukt\u016br\u0101m velsie\u0161u valodas apguvei ir nepiecie\u0161ama sistem\u0101tiska pieeja, lai izprastu t\u0101s sare\u017e\u0123\u012bto gramatiku. \u0160aj\u0101 ce\u013cved\u012b ir izkl\u0101st\u012btas velsie\u0161u gramatikas galven\u0101s jomas lo\u0123isk\u0101 sec\u012bb\u0101 <a href=\"https:\/\/talkpal.ai\/lv\/bezmaksas-lietotne-valodu-apguvei\/\">valodu apguvei<\/a>, s\u0101kot no t\u0101diem pamatiem k\u0101 lietv\u0101rdi un raksti un virzoties uz sare\u017e\u0123\u012bt\u0101k\u0101m jom\u0101m, piem\u0113ram, sasprindzin\u0101jumu un teikumu uzb\u016bvi.<\/p>\n\n\n\n<h3 class=\"wp-block-heading\" id=\"h-1-nouns\">1. Lietv\u0101rdi:<\/h3>\n\n\n\n<p>S\u0101ciet savu velsie\u0161u valodas ce\u013cojumu, apg\u016bstot lietv\u0101rdus. Tas ietver izpratni par da\u017e\u0101d\u0101m lietv\u0101rdu kategorij\u0101m, piem\u0113ram, parastajiem un \u012bpa\u0161v\u0101rdiem, k\u0101 ar\u012b to daudzskait\u013ca form\u0101m.<\/p>\n\n\n\n<h3 class=\"wp-block-heading\" id=\"h-2-articles\">2. Raksti:<\/h3>\n\n\n\n<p>Raksti velsie\u0161u valod\u0101 tiek lietoti cit\u0101di nek\u0101 <a href=\"https:\/\/talkpal.ai\/learn-english-with-ai\/\">ang\u013cu<\/a> valod\u0101. Izpratne par to, k\u0101 pareizi lietot noteiktus un nenoteiktus rakstus, ir b\u016btiska teikuma konstrukcij\u0101.<\/p>\n\n\n\n<h3 class=\"wp-block-heading\" id=\"h-3-adjectives\">3. \u012apa\u0161\u012bbas v\u0101rdi:<\/h3>\n\n\n\n<p>\u012apa\u0161\u012bbas v\u0101rdi velsie\u0161u valod\u0101 seko vi\u0146u lietv\u0101rdiem, kas at\u0161\u0137iras no ang\u013cu valodas. Jums b\u016bs ar\u012b j\u0101zina par to mut\u0101cij\u0101m un to, k\u0101 veidot sal\u012bdzin\u0101jumus un superlat\u012bvus.<\/p>\n\n\n\n<h3 class=\"wp-block-heading\" id=\"h-4-pronouns-determiners\">4. Vietniekv\u0101rdi\/noteic\u0113ji:<\/h3>\n\n\n\n<p>Vietniekv\u0101rdi un noteic\u0113ji ir b\u016btiski velsie\u0161u valod\u0101; tie aizst\u0101j lietv\u0101rdus un sniedz inform\u0101ciju par daudzumu, vald\u012bjumu un daudz ko citu. To pareiza lieto\u0161ana ir nepiecie\u0161ama efekt\u012bvai sazi\u0146ai.<\/p>\n\n\n\n<h3 class=\"wp-block-heading\" id=\"h-5-verbs\">5. Darb\u012bbas v\u0101rdi:<\/h3>\n\n\n\n<p>Velsas darb\u012bbas v\u0101rdiem ir da\u017e\u0101das formas atkar\u012bb\u0101 no sasprindzin\u0101juma, noska\u0146ojuma un balss. S\u0101ciet ar tagadnes sasprindzin\u0101jumu un pak\u0101peniski izp\u0113tiet pag\u0101tnes un n\u0101kotnes laikus.<\/p>\n\n\n\n<h3 class=\"wp-block-heading\" id=\"h-6-tenses\">6. Sasprindzin\u0101jums:<\/h3>\n\n\n\n<p>P\u0113c darb\u012bbas v\u0101rdu formu apg\u016b\u0161anas iedzi\u013cinieties velsie\u0161u laikos. Tas ietver izpratni par at\u0161\u0137ir\u012bb\u0101m starp tagadnes, pag\u0101tnes un n\u0101kotnes laiku un to, k\u0101 t\u0101s tiek izmantotas da\u017e\u0101dos kontekstos.<\/p>\n\n\n\n<h3 class=\"wp-block-heading\" id=\"h-7-tense-comparison\">7. Saspringts sal\u012bdzin\u0101jums:<\/h3>\n\n\n\n<p>Velsie\u0161u valodas sal\u012bdzin\u0101\u0161ana pal\u012bdz izprast notikumu sec\u012bbu. Sal\u012bdzinot vienu un to pa\u0161u darb\u012bbas v\u0101rdu da\u017e\u0101dos laikos, tiks nodro\u0161in\u0101ta lab\u0101ka izpratne par velsie\u0161u valodu.<\/p>\n\n\n\n<h3 class=\"wp-block-heading\" id=\"h-8-progressive\">8. Progres\u012bvs:<\/h3>\n\n\n\n<p>Progres\u012bvais sasprindzin\u0101jums velsie\u0161u valod\u0101 tiek izmantots, lai izteiktu notieko\u0161\u0101s darb\u012bbas. To veido, izmantojot darb\u012bbas v\u0101rdu &#8216;b\u016bt&#8217;, kam seko &#8216;yn&#8217; un darb\u012bbas v\u0101rda vietniekv\u0101rds.<\/p>\n\n\n\n<h3 class=\"wp-block-heading\" id=\"h-9-perfect-progressive\">9. Ide\u0101ls progres\u012bvs:<\/h3>\n\n\n\n<p>\u0160o sasprindzin\u0101jumu izmanto, lai izteiktu darb\u012bbas, kas ir turpin\u0101ju\u0161\u0101s l\u012bdz konkr\u0113tam br\u012bdim. Velsie\u0161u valod\u0101 to veido darb\u012bbas v\u0101rds &#8216;b\u016bt&#8217;, pag\u0101tnes divdabis un darb\u012bbas v\u0101rda vietniekv\u0101rds.<\/p>\n\n\n\n<h3 class=\"wp-block-heading\" id=\"h-10-conditionals\">10. Nosac\u012bjumi:<\/h3>\n\n\n\n<p>Nosac\u012bjumi izsaka hipot\u0113tiskas situ\u0101cijas un to iesp\u0113jamos rezult\u0101tus. Tie ir svar\u012bga velsie\u0161u valodas gramatikas da\u013ca un sare\u017e\u0123\u012bs j\u016bsu valodas prasmes.<\/p>\n\n\n\n<h3 class=\"wp-block-heading\" id=\"h-11-adverbs\">11. Adverbi:<\/h3>\n\n\n\n<p>Adverbi velsie\u0161u valod\u0101 modific\u0113 darb\u012bbas v\u0101rdus, \u012bpa\u0161\u012bbas v\u0101rdus vai citus adverbus. Tie sniedz inform\u0101ciju par veidu, vietu, laiku, gr\u0101du un daudz ko citu.<\/p>\n\n\n\n<h3 class=\"wp-block-heading\" id=\"h-12-prepositions\">12. Priev\u0101rdi:<\/h3>\n\n\n\n<p>Priev\u0101rdi saista v\u0101rdus un fr\u0101zes kop\u0101. Tie izsaka laika, vietas, virziena un citas attiec\u012bbas.<\/p>\n\n\n\n<h3 class=\"wp-block-heading\" id=\"h-13-sentences\">13. Teikumi:<\/h3>\n\n\n\n<p>Visbeidzot, praktiz\u0113jiet teikumu konstru\u0113\u0161anu. Tas ietvers visu iepriek\u0161 apg\u016bto gramatikas punktu izmanto\u0161anu kontekst\u0101, t\u0101d\u0113j\u0101di nodro\u0161inot visaptvero\u0161u velsie\u0161u valodas izpratni.<\/p>\n<\/div><\/div>\n\r\n<section class=\"learnNavigationSection\">\r\n            \r\n        <a href=\"https:\/\/talkpal.ai\/lv\/uzziniet-velsiesu-valodu\/\">\r\n            <div class=\"learnNavigationWrapper\">\r\n                <div class=\"learnNavigationContent\">\r\n                    <img decoding=\"async\" src=\"https:\/\/talkpal.ai\/wp-content\/uploads\/2024\/08\/Welsh.jpg\" alt=\"Welsh Flag\">\r\n                    <div>\r\n                        <h4>Par velsie\u0161u valodas apguvi<\/h4>\r\n                        <p>Uzziniet visu par velsie\u0161u valodas gramatiku.<\/p>\r\n                    <\/div>\r\n                <\/div>\r\n            <\/div>\r\n        <\/a>\r\n\r\n        \r\n        <a href=\"https:\/\/talkpal.ai\/lv\/velsas-gramatika\/\">\r\n            <div class=\"learnNavigationWrapper\">\r\n                <div class=\"learnNavigationContent\">\r\n                    <img decoding=\"async\" src=\"https:\/\/talkpal.ai\/wp-content\/uploads\/2024\/08\/Welsh.jpg\" alt=\"Welsh Flag\">\r\n                    <div>\r\n                        <h4>Velsie\u0161u valodas gramatikas nodarb\u012bbas<\/h4>\r\n                        <p>Praktiz\u0113jiet velsie\u0161u gramatiku.<\/p>\r\n                    <\/div>\r\n                <\/div>\r\n            <\/div>\r\n        <\/a>\r\n\r\n        \r\n        <a href=\"https:\/\/talkpal.ai\/vocabulary_language\/welsh\/\">\r\n            <div class=\"learnNavigationWrapper\">\r\n                <div class=\"learnNavigationContent\">\r\n                    <img decoding=\"async\" src=\"https:\/\/talkpal.ai\/wp-content\/uploads\/2024\/08\/Welsh.jpg\" alt=\"Welsh Flag\">\r\n                    <div>\r\n                        <h4>Velsie\u0161u valodas v\u0101rdn\u012bca<\/h4>\r\n                        <p>Papla\u0161iniet savu velsie\u0161u valodas v\u0101rdu kr\u0101jumu.<\/p>\r\n                    <\/div>\r\n                <\/div>\r\n            <\/div>\r\n        <\/a>\r\n\r\n            <\/section>","protected":false},"excerpt":{"rendered":"<p>Velsas gramatikas t\u0113mas Jaunas valodas apguve var b\u016bt izaicino\u0161s, tom\u0113r atalgojo\u0161s darbs. Velsie\u0161u valoda, \u0137eltu valoda, kur\u0101 run\u0101 galvenok\u0101rt Vels\u0101, nav iz\u0146\u0113mums. Ar sav\u0101m unik\u0101laj\u0101m iez\u012bm\u0113m un strukt\u016br\u0101m velsie\u0161u valodas apguvei ir nepiecie\u0161ama sistem\u0101tiska pieeja, lai izprastu t\u0101s sare\u017e\u0123\u012bto gramatiku. \u0160aj\u0101 ce\u013cved\u012b ir izkl\u0101st\u012btas velsie\u0161u gramatikas galven\u0101s jomas lo\u0123isk\u0101 sec\u012bb\u0101 valodu apguvei, s\u0101kot no t\u0101diem [&hellip;]<\/p>\n","protected":false},"author":6,"featured_media":121468,"parent":0,"menu_order":0,"comment_status":"closed","ping_status":"closed","template":"LearningContentPage.php","meta":{"_acf_changed":false,"footnotes":""},"class_list":["post-154607","page","type-page","status-publish","has-post-thumbnail","hentry"],"acf":[],"yoast_head":"<!-- This site is optimized with the Yoast SEO Premium plugin v27.2 (Yoast SEO v27.2) - https:\/\/yoast.com\/product\/yoast-seo-premium-wordpress\/ -->\n<title>Velsas gramatikas vingrin\u0101jumi - Talkpal<\/title>\n<meta name=\"description\" content=\"Apg\u016bstiet pamatus ar velsie\u0161u valodas gramatikas vingrin\u0101jumiem, kas paredz\u0113ti, lai sistem\u0101tiski un efekt\u012bvi uzlabotu j\u016bsu valodas prasmes.\" \/>\n<meta name=\"robots\" content=\"index, follow, max-snippet:-1, max-image-preview:large, max-video-preview:-1\" \/>\n<link rel=\"canonical\" href=\"https:\/\/talkpal.ai\/lv\/velsas-gramatikas-vingrinajumi\/\" \/>\n<meta property=\"og:locale\" content=\"lv_LV\" \/>\n<meta property=\"og:type\" content=\"article\" \/>\n<meta property=\"og:title\" content=\"Velsas gramatikas vingrin\u0101jumi\" \/>\n<meta property=\"og:description\" content=\"Velsas gramatikas t\u0113mas Jaunas valodas apguve var b\u016bt izaicino\u0161s, tom\u0113r atalgojo\u0161s darbs. Velsie\u0161u valoda, \u0137eltu valoda, kur\u0101 run\u0101 galvenok\u0101rt Vels\u0101, nav\" \/>\n<meta property=\"og:url\" content=\"https:\/\/talkpal.ai\/lv\/velsas-gramatikas-vingrinajumi\/\" \/>\n<meta property=\"og:site_name\" content=\"Talkpal\" \/>\n<meta property=\"article:publisher\" content=\"https:\/\/www.facebook.com\/profile.php?id=100090733639311\" \/>\n<meta property=\"article:modified_time\" content=\"2025-12-17T15:00:15+00:00\" \/>\n<meta property=\"og:image\" content=\"https:\/\/talkpal.ai\/wp-content\/uploads\/2023\/05\/Wales.png\" \/>\n\t<meta property=\"og:image:width\" content=\"512\" \/>\n\t<meta property=\"og:image:height\" content=\"512\" \/>\n\t<meta property=\"og:image:type\" content=\"image\/png\" \/>\n<meta name=\"twitter:card\" content=\"summary_large_image\" \/>\n<meta name=\"twitter:site\" content=\"@talkpalai\" \/>\n<meta name=\"twitter:label1\" content=\"Est. reading time\" \/>\n\t<meta name=\"twitter:data1\" content=\"3 minutes\" \/>\n<script type=\"application\/ld+json\" class=\"yoast-schema-graph\">{\"@context\":\"https:\/\/schema.org\",\"@graph\":[{\"@type\":\"WebPage\",\"@id\":\"https:\/\/talkpal.ai\/lv\/velsas-gramatikas-vingrinajumi\/\",\"url\":\"https:\/\/talkpal.ai\/lv\/velsas-gramatikas-vingrinajumi\/\",\"name\":\"Velsas gramatikas vingrin\u0101jumi - Talkpal\",\"isPartOf\":{\"@id\":\"https:\/\/talkpal.ai\/lv\/#website\"},\"primaryImageOfPage\":{\"@id\":\"https:\/\/talkpal.ai\/lv\/velsas-gramatikas-vingrinajumi\/#primaryimage\"},\"image\":{\"@id\":\"https:\/\/talkpal.ai\/lv\/velsas-gramatikas-vingrinajumi\/#primaryimage\"},\"thumbnailUrl\":\"https:\/\/talkpal.ai\/wp-content\/uploads\/2023\/05\/Wales.png\",\"datePublished\":\"2023-07-05T11:13:09+00:00\",\"dateModified\":\"2025-12-17T15:00:15+00:00\",\"description\":\"Apg\u016bstiet pamatus ar velsie\u0161u valodas gramatikas vingrin\u0101jumiem, kas paredz\u0113ti, lai sistem\u0101tiski un efekt\u012bvi uzlabotu j\u016bsu valodas prasmes.\",\"breadcrumb\":{\"@id\":\"https:\/\/talkpal.ai\/lv\/velsas-gramatikas-vingrinajumi\/#breadcrumb\"},\"inLanguage\":\"lv-LV\",\"potentialAction\":[{\"@type\":\"ReadAction\",\"target\":[\"https:\/\/talkpal.ai\/lv\/velsas-gramatikas-vingrinajumi\/\"]}]},{\"@type\":\"ImageObject\",\"inLanguage\":\"lv-LV\",\"@id\":\"https:\/\/talkpal.ai\/lv\/velsas-gramatikas-vingrinajumi\/#primaryimage\",\"url\":\"https:\/\/talkpal.ai\/wp-content\/uploads\/2023\/05\/Wales.png\",\"contentUrl\":\"https:\/\/talkpal.ai\/wp-content\/uploads\/2023\/05\/Wales.png\",\"width\":512,\"height\":512},{\"@type\":\"BreadcrumbList\",\"@id\":\"https:\/\/talkpal.ai\/lv\/velsas-gramatikas-vingrinajumi\/#breadcrumb\",\"itemListElement\":[{\"@type\":\"ListItem\",\"position\":1,\"name\":\"Homepage\",\"item\":\"https:\/\/talkpal.ai\/lv\/\"},{\"@type\":\"ListItem\",\"position\":2,\"name\":\"Velsas gramatikas vingrin\u0101jumi\"}]},{\"@type\":\"WebSite\",\"@id\":\"https:\/\/talkpal.ai\/lv\/#website\",\"url\":\"https:\/\/talkpal.ai\/lv\/\",\"name\":\"Talkpal\",\"description\":\"AI Language Learning\",\"publisher\":{\"@id\":\"https:\/\/talkpal.ai\/lv\/#organization\"},\"alternateName\":\"Talkpal AI\",\"potentialAction\":[{\"@type\":\"SearchAction\",\"target\":{\"@type\":\"EntryPoint\",\"urlTemplate\":\"https:\/\/talkpal.ai\/lv\/?s={search_term_string}\"},\"query-input\":{\"@type\":\"PropertyValueSpecification\",\"valueRequired\":true,\"valueName\":\"search_term_string\"}}],\"inLanguage\":\"lv-LV\"},{\"@type\":\"Organization\",\"@id\":\"https:\/\/talkpal.ai\/lv\/#organization\",\"name\":\"Talkpal, Inc.\",\"alternateName\":\"Talkpal AI\",\"url\":\"https:\/\/talkpal.ai\/lv\/\",\"logo\":{\"@type\":\"ImageObject\",\"inLanguage\":\"lv-LV\",\"@id\":\"https:\/\/talkpal.ai\/lv\/#\/schema\/logo\/image\/\",\"url\":\"https:\/\/talkpal.ai\/wp-content\/uploads\/2024\/03\/Talkpal-Logo-Icon.png\",\"contentUrl\":\"https:\/\/talkpal.ai\/wp-content\/uploads\/2024\/03\/Talkpal-Logo-Icon.png\",\"width\":2880,\"height\":2880,\"caption\":\"Talkpal, Inc.\"},\"image\":{\"@id\":\"https:\/\/talkpal.ai\/lv\/#\/schema\/logo\/image\/\"},\"sameAs\":[\"https:\/\/www.facebook.com\/profile.php?id=100090733639311\",\"https:\/\/x.com\/talkpalai\",\"https:\/\/www.linkedin.com\/company\/talkpal\/\",\"https:\/\/www.youtube.com\/@TalkPal\/\",\"https:\/\/www.tiktok.com\/@talkpal\",\"https:\/\/www.instagram.com\/talkpal_ai\/\",\"https:\/\/www.crunchbase.com\/organization\/talkpal-9cde\",\"https:\/\/www.g2.com\/products\/talkpal-for-business\/\",\"https:\/\/www.trustpilot.com\/review\/talkpal.ai\",\"https:\/\/www.capterra.com\/p\/10006800\/TalkPal\/\"],\"description\":\"Talkpal is a language learning web and mobile education app, powered by the latest AI technologies, that provides engaging experiences to its customers in many different languages to help them improve their language skills. Users can chat about unlimited amount of topics with the app and use other modes to practice their language learning.\",\"email\":\"support@talkpal.ai\",\"legalName\":\"Talkpal, Inc.\",\"foundingDate\":\"2023-04-03\",\"duns\":\"118989042\",\"numberOfEmployees\":{\"@type\":\"QuantitativeValue\",\"minValue\":\"11\",\"maxValue\":\"50\"},\"publishingPrinciples\":\"https:\/\/talkpal.ai\/publishing-principles\/\",\"actionableFeedbackPolicy\":\"https:\/\/talkpal.ai\/actionable-feedback-policy\/\",\"correctionsPolicy\":\"https:\/\/talkpal.ai\/corrections-policy\/\",\"ethicsPolicy\":\"https:\/\/talkpal.ai\/ethics-policy\/\",\"diversityPolicy\":\"https:\/\/talkpal.ai\/diversity-policy\/\",\"diversityStaffingReport\":\"https:\/\/talkpal.ai\/diversity-policy\/\"}]}<\/script>\n<!-- \/ Yoast SEO Premium plugin. -->","yoast_head_json":{"title":"Velsas gramatikas vingrin\u0101jumi - Talkpal","description":"Apg\u016bstiet pamatus ar velsie\u0161u valodas gramatikas vingrin\u0101jumiem, kas paredz\u0113ti, lai sistem\u0101tiski un efekt\u012bvi uzlabotu j\u016bsu valodas prasmes.","robots":{"index":"index","follow":"follow","max-snippet":"max-snippet:-1","max-image-preview":"max-image-preview:large","max-video-preview":"max-video-preview:-1"},"canonical":"https:\/\/talkpal.ai\/lv\/velsas-gramatikas-vingrinajumi\/","og_locale":"lv_LV","og_type":"article","og_title":"Velsas gramatikas vingrin\u0101jumi","og_description":"Velsas gramatikas t\u0113mas Jaunas valodas apguve var b\u016bt izaicino\u0161s, tom\u0113r atalgojo\u0161s darbs. Velsie\u0161u valoda, \u0137eltu valoda, kur\u0101 run\u0101 galvenok\u0101rt Vels\u0101, nav","og_url":"https:\/\/talkpal.ai\/lv\/velsas-gramatikas-vingrinajumi\/","og_site_name":"Talkpal","article_publisher":"https:\/\/www.facebook.com\/profile.php?id=100090733639311","article_modified_time":"2025-12-17T15:00:15+00:00","og_image":[{"width":512,"height":512,"url":"https:\/\/talkpal.ai\/wp-content\/uploads\/2023\/05\/Wales.png","type":"image\/png"}],"twitter_card":"summary_large_image","twitter_site":"@talkpalai","twitter_misc":{"Est. reading time":"3 minutes"},"schema":{"@context":"https:\/\/schema.org","@graph":[{"@type":"WebPage","@id":"https:\/\/talkpal.ai\/lv\/velsas-gramatikas-vingrinajumi\/","url":"https:\/\/talkpal.ai\/lv\/velsas-gramatikas-vingrinajumi\/","name":"Velsas gramatikas vingrin\u0101jumi - Talkpal","isPartOf":{"@id":"https:\/\/talkpal.ai\/lv\/#website"},"primaryImageOfPage":{"@id":"https:\/\/talkpal.ai\/lv\/velsas-gramatikas-vingrinajumi\/#primaryimage"},"image":{"@id":"https:\/\/talkpal.ai\/lv\/velsas-gramatikas-vingrinajumi\/#primaryimage"},"thumbnailUrl":"https:\/\/talkpal.ai\/wp-content\/uploads\/2023\/05\/Wales.png","datePublished":"2023-07-05T11:13:09+00:00","dateModified":"2025-12-17T15:00:15+00:00","description":"Apg\u016bstiet pamatus ar velsie\u0161u valodas gramatikas vingrin\u0101jumiem, kas paredz\u0113ti, lai sistem\u0101tiski un efekt\u012bvi uzlabotu j\u016bsu valodas prasmes.","breadcrumb":{"@id":"https:\/\/talkpal.ai\/lv\/velsas-gramatikas-vingrinajumi\/#breadcrumb"},"inLanguage":"lv-LV","potentialAction":[{"@type":"ReadAction","target":["https:\/\/talkpal.ai\/lv\/velsas-gramatikas-vingrinajumi\/"]}]},{"@type":"ImageObject","inLanguage":"lv-LV","@id":"https:\/\/talkpal.ai\/lv\/velsas-gramatikas-vingrinajumi\/#primaryimage","url":"https:\/\/talkpal.ai\/wp-content\/uploads\/2023\/05\/Wales.png","contentUrl":"https:\/\/talkpal.ai\/wp-content\/uploads\/2023\/05\/Wales.png","width":512,"height":512},{"@type":"BreadcrumbList","@id":"https:\/\/talkpal.ai\/lv\/velsas-gramatikas-vingrinajumi\/#breadcrumb","itemListElement":[{"@type":"ListItem","position":1,"name":"Homepage","item":"https:\/\/talkpal.ai\/lv\/"},{"@type":"ListItem","position":2,"name":"Velsas gramatikas vingrin\u0101jumi"}]},{"@type":"WebSite","@id":"https:\/\/talkpal.ai\/lv\/#website","url":"https:\/\/talkpal.ai\/lv\/","name":"Talkpal","description":"AI Language Learning","publisher":{"@id":"https:\/\/talkpal.ai\/lv\/#organization"},"alternateName":"Talkpal AI","potentialAction":[{"@type":"SearchAction","target":{"@type":"EntryPoint","urlTemplate":"https:\/\/talkpal.ai\/lv\/?s={search_term_string}"},"query-input":{"@type":"PropertyValueSpecification","valueRequired":true,"valueName":"search_term_string"}}],"inLanguage":"lv-LV"},{"@type":"Organization","@id":"https:\/\/talkpal.ai\/lv\/#organization","name":"Talkpal, Inc.","alternateName":"Talkpal AI","url":"https:\/\/talkpal.ai\/lv\/","logo":{"@type":"ImageObject","inLanguage":"lv-LV","@id":"https:\/\/talkpal.ai\/lv\/#\/schema\/logo\/image\/","url":"https:\/\/talkpal.ai\/wp-content\/uploads\/2024\/03\/Talkpal-Logo-Icon.png","contentUrl":"https:\/\/talkpal.ai\/wp-content\/uploads\/2024\/03\/Talkpal-Logo-Icon.png","width":2880,"height":2880,"caption":"Talkpal, Inc."},"image":{"@id":"https:\/\/talkpal.ai\/lv\/#\/schema\/logo\/image\/"},"sameAs":["https:\/\/www.facebook.com\/profile.php?id=100090733639311","https:\/\/x.com\/talkpalai","https:\/\/www.linkedin.com\/company\/talkpal\/","https:\/\/www.youtube.com\/@TalkPal\/","https:\/\/www.tiktok.com\/@talkpal","https:\/\/www.instagram.com\/talkpal_ai\/","https:\/\/www.crunchbase.com\/organization\/talkpal-9cde","https:\/\/www.g2.com\/products\/talkpal-for-business\/","https:\/\/www.trustpilot.com\/review\/talkpal.ai","https:\/\/www.capterra.com\/p\/10006800\/TalkPal\/"],"description":"Talkpal is a language learning web and mobile education app, powered by the latest AI technologies, that provides engaging experiences to its customers in many different languages to help them improve their language skills. Users can chat about unlimited amount of topics with the app and use other modes to practice their language learning.","email":"support@talkpal.ai","legalName":"Talkpal, Inc.","foundingDate":"2023-04-03","duns":"118989042","numberOfEmployees":{"@type":"QuantitativeValue","minValue":"11","maxValue":"50"},"publishingPrinciples":"https:\/\/talkpal.ai\/publishing-principles\/","actionableFeedbackPolicy":"https:\/\/talkpal.ai\/actionable-feedback-policy\/","correctionsPolicy":"https:\/\/talkpal.ai\/corrections-policy\/","ethicsPolicy":"https:\/\/talkpal.ai\/ethics-policy\/","diversityPolicy":"https:\/\/talkpal.ai\/diversity-policy\/","diversityStaffingReport":"https:\/\/talkpal.ai\/diversity-policy\/"}]}},"_links":{"self":[{"href":"https:\/\/talkpal.ai\/lv\/wp-json\/wp\/v2\/pages\/154607","targetHints":{"allow":["GET"]}}],"collection":[{"href":"https:\/\/talkpal.ai\/lv\/wp-json\/wp\/v2\/pages"}],"about":[{"href":"https:\/\/talkpal.ai\/lv\/wp-json\/wp\/v2\/types\/page"}],"author":[{"embeddable":true,"href":"https:\/\/talkpal.ai\/lv\/wp-json\/wp\/v2\/users\/6"}],"replies":[{"embeddable":true,"href":"https:\/\/talkpal.ai\/lv\/wp-json\/wp\/v2\/comments?post=154607"}],"version-history":[{"count":0,"href":"https:\/\/talkpal.ai\/lv\/wp-json\/wp\/v2\/pages\/154607\/revisions"}],"wp:featuredmedia":[{"embeddable":true,"href":"https:\/\/talkpal.ai\/lv\/wp-json\/wp\/v2\/media\/121468"}],"wp:attachment":[{"href":"https:\/\/talkpal.ai\/lv\/wp-json\/wp\/v2\/media?parent=154607"}],"curies":[{"name":"wp","href":"https:\/\/api.w.org\/{rel}","templated":true}]}}